{"id":15343,"date":"2025-04-26T21:32:50","date_gmt":"2025-04-26T19:32:50","guid":{"rendered":"https:\/\/easyoriginal.com\/?post_type=product&#038;p=15343"},"modified":"2025-04-26T21:40:03","modified_gmt":"2025-04-26T19:40:03","slug":"la-vague-mortelle-b1-b2","status":"publish","type":"product","link":"https:\/\/easyoriginal.com\/en\/shop\/modern-worterklaerungen-franzoesisch-b1-b2\/la-vague-mortelle-b1-b2\/","title":{"rendered":"La Vague mortelle B1-B2"},"content":{"rendered":"","protected":false},"excerpt":{"rendered":"<p>In der sonnenverw\u00f6hnten Surfer-Paradies Biarritz schl\u00e4gt das Verbrechen Wellen&#8230;<br \/>\nAls der Surf-Champion Lucas Moreau w\u00e4hrend eines prestigetr\u00e4chtigen Wettbewerbs unter mysteri\u00f6sen Umst\u00e4nden stirbt, ger\u00e4t die Idylle an der baskischen K\u00fcste ins Wanken. Der ehemalige Geheimagent und jetzige Surflehrer Marc Dupont findet sich pl\u00f6tzlich im Zentrum einer gef\u00e4hrlichen Ermittlung wieder.<br \/>\nGemeinsam mit der scharfsinnigen Inspektorin Elena Etxeberria taucht Marc in die Untiefen der Surfszene und der High Society von Biarritz ein. Was sie entdecken, ist explosiver als die m\u00e4chtigsten Wellen des Atlantiks: Ein Netz aus L\u00fcgen, Doping und t\u00f6dlichen Geheimnissen, das weit \u00fcber die Grenzen des Surfsports hinausreicht.<br \/>\nIn einem Wettlauf gegen die Zeit m\u00fcssen Marc und Elena die Wahrheit ans Licht bringen, bevor der M\u00f6rder erneut zuschl\u00e4gt. Doch in einer Stadt, wo sich Tradition und Moderne, Entspannung und Gefahr wie Ebbe und Flut abwechseln, ist nichts so, wie es auf den ersten Blick scheint&#8230;<br \/>\nTauchen Sie ein in die erste packende Geschichte der &#8222;Crimes \u00e0 Biarritz&#8220; Serie und lassen Sie sich von der Brandung der Spannung mitrei\u00dfen!<\/p>","protected":false},"featured_media":15350,"comment_status":"open","ping_status":"closed","template":"","meta":{"_acf_changed":false,"_et_pb_use_builder":"off","_et_pb_old_content":"<div class=\"adapted-container\">\r\n<p class=\"Adapted\"><span class=\"Bold\">Hace mucho tiempo que ten\u00eda ganas de escribir <\/span><span class=\"Translation\">(seit langer Zeit hatte ich Lust zu schreiben; <\/span><span class=\"Translation\"><span class=\"Comment-Words\">tener<\/span><\/span><span class=\"Translation\"><span class=\"Comments\"> \u2014 haben<\/span><\/span><span class=\"Translation\">)<\/span><span class=\"Bold\"> cualquier cosa con este t\u00edtulo <\/span><span class=\"Translation\">(irgendetwas mit diesem Titel)<\/span><span class=\"Bold\">.<\/span><\/p>\r\n<p class=\"Adapted\"><span class=\"Bold\">Hoy<a id=\"_idTextAnchor001\"><\/a>, que se me ha presentado ocasi\u00f3n <\/span><span class=\"Translation\">(heute, wo sich mir \/eine\/ Gelegenheit geboten hat; <\/span><span class=\"Translation\"><span class=\"Comment-Words\">presentar<\/span><\/span><span class=\"Translation\"><span class=\"Comments\"> \u2014 zeigen; vorstellen<\/span><\/span><span class=\"Translation\">)<\/span><span class=\"Bold\">, lo he puesto con letras grandes <\/span><span class=\"Translation\">(das habe ich in gro\u00dfen Buchstaben gesetzt = habe ich es in Gro\u00dfbuchstaben gesetzt; <\/span><span class=\"Translation\"><span class=\"Comment-Words\">poner<\/span><\/span><span class=\"Translation\"><span class=\"Comments\"> \u2014 setzen; stellen; legen<\/span><\/span><span class=\"Translation\">)<\/span><span class=\"Bold\"> en la primera cuartilla de papel <\/span><span class=\"Translation\">(auf das erste Blatt: \u00abauf das erste Viertelpapier\u00bb; <\/span><span class=\"Translation\"><span class=\"Comment-Words\">cuarto<\/span><\/span><span class=\"Translation\"><span class=\"Gender _idGenCharOverride-1\">m <\/span><\/span><span class=\"Translation\"><span class=\"Comments\">\u2014 Viertel<\/span><\/span><span class=\"Translation\">)<\/span><span class=\"Bold\">, y luego he dejado a capricho volar la pluma <\/span><span class=\"Translation\">(und dann habe ich nach Belieben die Feder fliegen lassen; <\/span><span class=\"Translation\"><span class=\"Comment-Words\">dejar<\/span><\/span><span class=\"Translation\"><span class=\"Comments\"> \u2014 lassen; <\/span><\/span><span class=\"Translation\"><span class=\"Comment-Words\">capricho<\/span><\/span><span class=\"Translation\"><span class=\"Gender _idGenCharOverride-1\">m <\/span><\/span><span class=\"Translation\"><span class=\"Comments\">\u2014 Laune<\/span><\/span><span class=\"Translation\">)<\/span><span class=\"Bold\">.<\/span><\/p>\r\n\r\n<\/div>\r\n[audio mp3=\"https:\/\/easyoriginal1.s3.eu-central-1.amazonaws.com\/spanisch\/s1\/1.mp3\"][\/audio]\r\n<div class=\"original-container\">\r\n<p class=\"Original\">Hace mucho tiempo que ten\u00eda ganas de escribir cualquier cosa con este t\u00edtulo.<\/p>\r\n<p class=\"Original\">Hoy, que se me ha presentado ocasi\u00f3n, lo he puesto con letras grandes en la primera cuartilla de papel, y luego he dejado a capricho volar la pluma.<\/p>\r\n\r\n<\/div>\r\n<a class=\"weiter\" href=\"\/webreader\/los-ojos-verdes\/fragment\/1-4-2\/\">weiter lesen<\/a>","_et_gb_content_width":""},"product_brand":[],"product_cat":[274],"product_tag":[164,81],"class_list":{"0":"post-15343","1":"product","2":"type-product","3":"status-publish","4":"has-post-thumbnail","6":"product_cat-modern-worterklaerungen-franzoesisch-b1-b2","7":"product_tag-anfaenger","8":"product_tag-krimi","10":"first","11":"instock","12":"taxable","13":"shipping-taxable","14":"purchasable","15":"product-type-variable"},"acf":[],"yoast_head":"<!-- This site is optimized with the Yoast SEO plugin v27.4 - https:\/\/yoast.com\/product\/yoast-seo-wordpress\/ -->\n<title>La Vague mortelle B1-B2 - EasyOriginal.com<\/title>\n<meta name=\"robots\" content=\"index, follow, max-snippet:-1, max-image-preview:large, max-video-preview:-1\" \/>\n<link rel=\"canonical\" href=\"https:\/\/easyoriginal.com\/en\/shop\/modern-worterklaerungen-franzoesisch-b1-b2\/la-vague-mortelle-b1-b2\/\" \/>\n<meta property=\"og:locale\" content=\"en_GB\" \/>\n<meta property=\"og:type\" content=\"article\" \/>\n<meta property=\"og:title\" content=\"La Vague mortelle B1-B2 - EasyOriginal.com\" \/>\n<meta property=\"og:description\" content=\"In der sonnenverw\u00f6hnten Surfer-Paradies Biarritz schl\u00e4gt das Verbrechen Wellen... Als der Surf-Champion Lucas Moreau w\u00e4hrend eines prestigetr\u00e4chtigen Wettbewerbs unter mysteri\u00f6sen Umst\u00e4nden stirbt, ger\u00e4t die Idylle an der baskischen K\u00fcste ins Wanken. Der ehemalige Geheimagent und jetzige Surflehrer Marc Dupont findet sich pl\u00f6tzlich im Zentrum einer gef\u00e4hrlichen Ermittlung wieder. Gemeinsam mit der scharfsinnigen Inspektorin Elena Etxeberria taucht Marc in die Untiefen der Surfszene und der High Society von Biarritz ein. Was sie entdecken, ist explosiver als die m\u00e4chtigsten Wellen des Atlantiks: Ein Netz aus L\u00fcgen, Doping und t\u00f6dlichen Geheimnissen, das weit \u00fcber die Grenzen des Surfsports hinausreicht. In einem Wettlauf gegen die Zeit m\u00fcssen Marc und Elena die Wahrheit ans Licht bringen, bevor der M\u00f6rder erneut zuschl\u00e4gt. Doch in einer Stadt, wo sich Tradition und Moderne, Entspannung und Gefahr wie Ebbe und Flut abwechseln, ist nichts so, wie es auf den ersten Blick scheint... Tauchen Sie ein in die erste packende Geschichte der &quot;Crimes \u00e0 Biarritz&quot; Serie und lassen Sie sich von der Brandung der Spannung mitrei\u00dfen!\" \/>\n<meta property=\"og:url\" content=\"https:\/\/easyoriginal.com\/en\/shop\/modern-worterklaerungen-franzoesisch-b1-b2\/la-vague-mortelle-b1-b2\/\" \/>\n<meta property=\"og:site_name\" content=\"EasyOriginal.com\" \/>\n<meta property=\"article:modified_time\" content=\"2025-04-26T19:40:03+00:00\" \/>\n<meta property=\"og:image\" content=\"https:\/\/easyoriginal.com\/wp-content\/uploads\/La-Vague-Mortelle_W_printcover.jpg\" \/>\n\t<meta property=\"og:image:width\" content=\"1600\" \/>\n\t<meta property=\"og:image:height\" content=\"2400\" \/>\n\t<meta property=\"og:image:type\" content=\"image\/jpeg\" \/>\n<meta name=\"twitter:card\" content=\"summary_large_image\" \/>\n<meta name=\"twitter:label1\" content=\"Estimated reading time\" \/>\n\t<meta name=\"twitter:data1\" content=\"2 minutes\" \/>\n<script type=\"application\/ld+json\" class=\"yoast-schema-graph\">{\"@context\":\"https:\\\/\\\/schema.org\",\"@graph\":[{\"@type\":\"WebPage\",\"@id\":\"https:\\\/\\\/easyoriginal.com\\\/shop\\\/modern-worterklaerungen-franzoesisch-b1-b2\\\/la-vague-mortelle-b1-b2\\\/\",\"url\":\"https:\\\/\\\/easyoriginal.com\\\/shop\\\/modern-worterklaerungen-franzoesisch-b1-b2\\\/la-vague-mortelle-b1-b2\\\/\",\"name\":\"La Vague mortelle B1-B2 - EasyOriginal.com\",\"isPartOf\":{\"@id\":\"https:\\\/\\\/easyoriginal.com\\\/#website\"},\"primaryImageOfPage\":{\"@id\":\"https:\\\/\\\/easyoriginal.com\\\/shop\\\/modern-worterklaerungen-franzoesisch-b1-b2\\\/la-vague-mortelle-b1-b2\\\/#primaryimage\"},\"image\":{\"@id\":\"https:\\\/\\\/easyoriginal.com\\\/shop\\\/modern-worterklaerungen-franzoesisch-b1-b2\\\/la-vague-mortelle-b1-b2\\\/#primaryimage\"},\"thumbnailUrl\":\"https:\\\/\\\/easyoriginal.com\\\/wp-content\\\/uploads\\\/La-Vague-Mortelle_W_printcover.jpg\",\"datePublished\":\"2025-04-26T19:32:50+00:00\",\"dateModified\":\"2025-04-26T19:40:03+00:00\",\"breadcrumb\":{\"@id\":\"https:\\\/\\\/easyoriginal.com\\\/shop\\\/modern-worterklaerungen-franzoesisch-b1-b2\\\/la-vague-mortelle-b1-b2\\\/#breadcrumb\"},\"inLanguage\":\"en-GB\",\"potentialAction\":[{\"@type\":\"ReadAction\",\"target\":[\"https:\\\/\\\/easyoriginal.com\\\/shop\\\/modern-worterklaerungen-franzoesisch-b1-b2\\\/la-vague-mortelle-b1-b2\\\/\"]}]},{\"@type\":\"ImageObject\",\"inLanguage\":\"en-GB\",\"@id\":\"https:\\\/\\\/easyoriginal.com\\\/shop\\\/modern-worterklaerungen-franzoesisch-b1-b2\\\/la-vague-mortelle-b1-b2\\\/#primaryimage\",\"url\":\"https:\\\/\\\/easyoriginal.com\\\/wp-content\\\/uploads\\\/La-Vague-Mortelle_W_printcover.jpg\",\"contentUrl\":\"https:\\\/\\\/easyoriginal.com\\\/wp-content\\\/uploads\\\/La-Vague-Mortelle_W_printcover.jpg\",\"width\":1600,\"height\":2400},{\"@type\":\"BreadcrumbList\",\"@id\":\"https:\\\/\\\/easyoriginal.com\\\/shop\\\/modern-worterklaerungen-franzoesisch-b1-b2\\\/la-vague-mortelle-b1-b2\\\/#breadcrumb\",\"itemListElement\":[{\"@type\":\"ListItem\",\"position\":1,\"name\":\"Startseite\",\"item\":\"https:\\\/\\\/easyoriginal.com\\\/\"},{\"@type\":\"ListItem\",\"position\":2,\"name\":\"Shop\",\"item\":\"https:\\\/\\\/easyoriginal.com\\\/shop\\\/\"},{\"@type\":\"ListItem\",\"position\":3,\"name\":\"La Vague mortelle B1-B2\"}]},{\"@type\":\"WebSite\",\"@id\":\"https:\\\/\\\/easyoriginal.com\\\/#website\",\"url\":\"https:\\\/\\\/easyoriginal.com\\\/\",\"name\":\"EasyOriginal.com\",\"description\":\"Spa\u00df am Lesen im Original - Innovative Lesemethode f\u00fcr Fremdsprachen\",\"publisher\":{\"@id\":\"https:\\\/\\\/easyoriginal.com\\\/#organization\"},\"potentialAction\":[{\"@type\":\"SearchAction\",\"target\":{\"@type\":\"EntryPoint\",\"urlTemplate\":\"https:\\\/\\\/easyoriginal.com\\\/?s={search_term_string}\"},\"query-input\":{\"@type\":\"PropertyValueSpecification\",\"valueRequired\":true,\"valueName\":\"search_term_string\"}}],\"inLanguage\":\"en-GB\"},{\"@type\":\"Organization\",\"@id\":\"https:\\\/\\\/easyoriginal.com\\\/#organization\",\"name\":\"EasyOriginal Verlag\",\"url\":\"https:\\\/\\\/easyoriginal.com\\\/\",\"logo\":{\"@type\":\"ImageObject\",\"inLanguage\":\"en-GB\",\"@id\":\"https:\\\/\\\/easyoriginal.com\\\/#\\\/schema\\\/logo\\\/image\\\/\",\"url\":\"https:\\\/\\\/easyoriginal.com\\\/wp-content\\\/uploads\\\/2020\\\/08\\\/logo_main.png\",\"contentUrl\":\"https:\\\/\\\/easyoriginal.com\\\/wp-content\\\/uploads\\\/2020\\\/08\\\/logo_main.png\",\"width\":500,\"height\":103,\"caption\":\"EasyOriginal Verlag\"},\"image\":{\"@id\":\"https:\\\/\\\/easyoriginal.com\\\/#\\\/schema\\\/logo\\\/image\\\/\"}}]}<\/script>\n<!-- \/ Yoast SEO plugin. -->","yoast_head_json":{"title":"La Vague mortelle B1-B2 - EasyOriginal.com","robots":{"index":"index","follow":"follow","max-snippet":"max-snippet:-1","max-image-preview":"max-image-preview:large","max-video-preview":"max-video-preview:-1"},"canonical":"https:\/\/easyoriginal.com\/en\/shop\/modern-worterklaerungen-franzoesisch-b1-b2\/la-vague-mortelle-b1-b2\/","og_locale":"en_GB","og_type":"article","og_title":"La Vague mortelle B1-B2 - EasyOriginal.com","og_description":"In der sonnenverw\u00f6hnten Surfer-Paradies Biarritz schl\u00e4gt das Verbrechen Wellen... Als der Surf-Champion Lucas Moreau w\u00e4hrend eines prestigetr\u00e4chtigen Wettbewerbs unter mysteri\u00f6sen Umst\u00e4nden stirbt, ger\u00e4t die Idylle an der baskischen K\u00fcste ins Wanken. Der ehemalige Geheimagent und jetzige Surflehrer Marc Dupont findet sich pl\u00f6tzlich im Zentrum einer gef\u00e4hrlichen Ermittlung wieder. Gemeinsam mit der scharfsinnigen Inspektorin Elena Etxeberria taucht Marc in die Untiefen der Surfszene und der High Society von Biarritz ein. Was sie entdecken, ist explosiver als die m\u00e4chtigsten Wellen des Atlantiks: Ein Netz aus L\u00fcgen, Doping und t\u00f6dlichen Geheimnissen, das weit \u00fcber die Grenzen des Surfsports hinausreicht. In einem Wettlauf gegen die Zeit m\u00fcssen Marc und Elena die Wahrheit ans Licht bringen, bevor der M\u00f6rder erneut zuschl\u00e4gt. Doch in einer Stadt, wo sich Tradition und Moderne, Entspannung und Gefahr wie Ebbe und Flut abwechseln, ist nichts so, wie es auf den ersten Blick scheint... Tauchen Sie ein in die erste packende Geschichte der \"Crimes \u00e0 Biarritz\" Serie und lassen Sie sich von der Brandung der Spannung mitrei\u00dfen!","og_url":"https:\/\/easyoriginal.com\/en\/shop\/modern-worterklaerungen-franzoesisch-b1-b2\/la-vague-mortelle-b1-b2\/","og_site_name":"EasyOriginal.com","article_modified_time":"2025-04-26T19:40:03+00:00","og_image":[{"width":1600,"height":2400,"url":"https:\/\/easyoriginal.com\/wp-content\/uploads\/La-Vague-Mortelle_W_printcover.jpg","type":"image\/jpeg"}],"twitter_card":"summary_large_image","twitter_misc":{"Estimated reading time":"2 minutes"},"schema":{"@context":"https:\/\/schema.org","@graph":[{"@type":"WebPage","@id":"https:\/\/easyoriginal.com\/shop\/modern-worterklaerungen-franzoesisch-b1-b2\/la-vague-mortelle-b1-b2\/","url":"https:\/\/easyoriginal.com\/shop\/modern-worterklaerungen-franzoesisch-b1-b2\/la-vague-mortelle-b1-b2\/","name":"La Vague mortelle B1-B2 - EasyOriginal.com","isPartOf":{"@id":"https:\/\/easyoriginal.com\/#website"},"primaryImageOfPage":{"@id":"https:\/\/easyoriginal.com\/shop\/modern-worterklaerungen-franzoesisch-b1-b2\/la-vague-mortelle-b1-b2\/#primaryimage"},"image":{"@id":"https:\/\/easyoriginal.com\/shop\/modern-worterklaerungen-franzoesisch-b1-b2\/la-vague-mortelle-b1-b2\/#primaryimage"},"thumbnailUrl":"https:\/\/easyoriginal.com\/wp-content\/uploads\/La-Vague-Mortelle_W_printcover.jpg","datePublished":"2025-04-26T19:32:50+00:00","dateModified":"2025-04-26T19:40:03+00:00","breadcrumb":{"@id":"https:\/\/easyoriginal.com\/shop\/modern-worterklaerungen-franzoesisch-b1-b2\/la-vague-mortelle-b1-b2\/#breadcrumb"},"inLanguage":"en-GB","potentialAction":[{"@type":"ReadAction","target":["https:\/\/easyoriginal.com\/shop\/modern-worterklaerungen-franzoesisch-b1-b2\/la-vague-mortelle-b1-b2\/"]}]},{"@type":"ImageObject","inLanguage":"en-GB","@id":"https:\/\/easyoriginal.com\/shop\/modern-worterklaerungen-franzoesisch-b1-b2\/la-vague-mortelle-b1-b2\/#primaryimage","url":"https:\/\/easyoriginal.com\/wp-content\/uploads\/La-Vague-Mortelle_W_printcover.jpg","contentUrl":"https:\/\/easyoriginal.com\/wp-content\/uploads\/La-Vague-Mortelle_W_printcover.jpg","width":1600,"height":2400},{"@type":"BreadcrumbList","@id":"https:\/\/easyoriginal.com\/shop\/modern-worterklaerungen-franzoesisch-b1-b2\/la-vague-mortelle-b1-b2\/#breadcrumb","itemListElement":[{"@type":"ListItem","position":1,"name":"Startseite","item":"https:\/\/easyoriginal.com\/"},{"@type":"ListItem","position":2,"name":"Shop","item":"https:\/\/easyoriginal.com\/shop\/"},{"@type":"ListItem","position":3,"name":"La Vague mortelle B1-B2"}]},{"@type":"WebSite","@id":"https:\/\/easyoriginal.com\/#website","url":"https:\/\/easyoriginal.com\/","name":"EasyOriginal.com","description":"Spa\u00df am Lesen im Original - Innovative Lesemethode f\u00fcr Fremdsprachen","publisher":{"@id":"https:\/\/easyoriginal.com\/#organization"},"potentialAction":[{"@type":"SearchAction","target":{"@type":"EntryPoint","urlTemplate":"https:\/\/easyoriginal.com\/?s={search_term_string}"},"query-input":{"@type":"PropertyValueSpecification","valueRequired":true,"valueName":"search_term_string"}}],"inLanguage":"en-GB"},{"@type":"Organization","@id":"https:\/\/easyoriginal.com\/#organization","name":"EasyOriginal Verlag","url":"https:\/\/easyoriginal.com\/","logo":{"@type":"ImageObject","inLanguage":"en-GB","@id":"https:\/\/easyoriginal.com\/#\/schema\/logo\/image\/","url":"https:\/\/easyoriginal.com\/wp-content\/uploads\/2020\/08\/logo_main.png","contentUrl":"https:\/\/easyoriginal.com\/wp-content\/uploads\/2020\/08\/logo_main.png","width":500,"height":103,"caption":"EasyOriginal Verlag"},"image":{"@id":"https:\/\/easyoriginal.com\/#\/schema\/logo\/image\/"}}]}},"_links":{"self":[{"href":"https:\/\/easyoriginal.com\/en\/wp-json\/wp\/v2\/product\/15343","targetHints":{"allow":["GET"]}}],"collection":[{"href":"https:\/\/easyoriginal.com\/en\/wp-json\/wp\/v2\/product"}],"about":[{"href":"https:\/\/easyoriginal.com\/en\/wp-json\/wp\/v2\/types\/product"}],"replies":[{"embeddable":true,"href":"https:\/\/easyoriginal.com\/en\/wp-json\/wp\/v2\/comments?post=15343"}],"wp:featuredmedia":[{"embeddable":true,"href":"https:\/\/easyoriginal.com\/en\/wp-json\/wp\/v2\/media\/15350"}],"wp:attachment":[{"href":"https:\/\/easyoriginal.com\/en\/wp-json\/wp\/v2\/media?parent=15343"}],"wp:term":[{"taxonomy":"product_brand","embeddable":true,"href":"https:\/\/easyoriginal.com\/en\/wp-json\/wp\/v2\/product_brand?post=15343"},{"taxonomy":"product_cat","embeddable":true,"href":"https:\/\/easyoriginal.com\/en\/wp-json\/wp\/v2\/product_cat?post=15343"},{"taxonomy":"product_tag","embeddable":true,"href":"https:\/\/easyoriginal.com\/en\/wp-json\/wp\/v2\/product_tag?post=15343"}],"curies":[{"name":"wp","href":"https:\/\/api.w.org\/{rel}","templated":true}]}}