{"id":15300,"date":"2025-04-23T21:43:08","date_gmt":"2025-04-23T19:43:08","guid":{"rendered":"https:\/\/easyoriginal.com\/?post_type=product&#038;p=15300"},"modified":"2026-02-06T15:59:02","modified_gmt":"2026-02-06T14:59:02","slug":"el-susurro-de-las-olas-b1-b2","status":"publish","type":"product","link":"https:\/\/easyoriginal.com\/en\/shop\/modern-worterklaerungen-spanisch-b1-b2\/el-susurro-de-las-olas-b1-b2\/","title":{"rendered":"El Susurro de las Olas B1-B2"},"content":{"rendered":"","protected":false},"excerpt":{"rendered":"<p>An der sonnenverw\u00f6hnten Costa del Sol wollte die pensionierte Madrider Detektivin Dolores &#8222;Lola&#8220; Quintana eigentlich ihren wohlverdienten Ruhestand genie\u00dfen. Doch als an einem friedlichen Morgen die Leiche eines Meeresbiologen angesp\u00fclt wird, findet sie sich pl\u00f6tzlich inmitten eines gef\u00e4hrlichen Kriminalfalls wieder.<br \/>\nWas zun\u00e4chst wie ein tragischer Unfall aussieht, entpuppt sich als Auftakt zu einer Verschw\u00f6rung, die bis in die h\u00f6chsten Kreise der Gesellschaft reicht. Lola taucht ein in eine Welt voller Geheimnisse, in der das Schicksal einer seltenen Delfin-Art und skrupellose Gesch\u00e4ftemacher aufeinandertreffen.<br \/>\nGemeinsam mit der ehrgeizigen Polizeiinspektorin Nuria Ferrer und der Meeresbiologin Elena Kova\u010d folgt Lola einer Spur, die sie in die verborgenen Untiefen der Costa del Sol f\u00fchrt. Doch je n\u00e4her sie der Wahrheit kommen, desto gef\u00e4hrlicher wird es f\u00fcr die drei Frauen.<br \/>\nK\u00f6nnen sie das R\u00e4tsel l\u00f6sen, bevor es zu sp\u00e4t ist? Und welche Rolle spielt der geheimnisvolle Schwede Axel Bergstr\u00f6m, der mehr zu wissen scheint, als er zugibt?<br \/>\n&#8222;El Susurro de las Olas&#8220; ist ein packender Krimi voller \u00fcberraschender Wendungen, der Sie von der ersten bis zur letzten Seite in seinen Bann ziehen wird. Tauchen Sie ein in die faszinierende Welt der spanischen K\u00fcste, wo hinter der glitzernden Fassade dunkle Geheimnisse lauern und das Fl\u00fcstern der Wellen von Verbrechen und Intrigen erz\u00e4hlt.<\/p>","protected":false},"featured_media":15306,"comment_status":"open","ping_status":"closed","template":"","meta":{"_acf_changed":false,"_et_pb_use_builder":"off","_et_pb_old_content":"<div class=\"adapted-container\">\r\n<p class=\"Adapted\"><span class=\"Bold\">Hace mucho tiempo que ten\u00eda ganas de escribir <\/span><span class=\"Translation\">(seit langer Zeit hatte ich Lust zu schreiben; <\/span><span class=\"Translation\"><span class=\"Comment-Words\">tener<\/span><\/span><span class=\"Translation\"><span class=\"Comments\"> \u2014 haben<\/span><\/span><span class=\"Translation\">)<\/span><span class=\"Bold\"> cualquier cosa con este t\u00edtulo <\/span><span class=\"Translation\">(irgendetwas mit diesem Titel)<\/span><span class=\"Bold\">.<\/span><\/p>\r\n<p class=\"Adapted\"><span class=\"Bold\">Hoy<a id=\"_idTextAnchor001\"><\/a>, que se me ha presentado ocasi\u00f3n <\/span><span class=\"Translation\">(heute, wo sich mir \/eine\/ Gelegenheit geboten hat; <\/span><span class=\"Translation\"><span class=\"Comment-Words\">presentar<\/span><\/span><span class=\"Translation\"><span class=\"Comments\"> \u2014 zeigen; vorstellen<\/span><\/span><span class=\"Translation\">)<\/span><span class=\"Bold\">, lo he puesto con letras grandes <\/span><span class=\"Translation\">(das habe ich in gro\u00dfen Buchstaben gesetzt = habe ich es in Gro\u00dfbuchstaben gesetzt; <\/span><span class=\"Translation\"><span class=\"Comment-Words\">poner<\/span><\/span><span class=\"Translation\"><span class=\"Comments\"> \u2014 setzen; stellen; legen<\/span><\/span><span class=\"Translation\">)<\/span><span class=\"Bold\"> en la primera cuartilla de papel <\/span><span class=\"Translation\">(auf das erste Blatt: \u00abauf das erste Viertelpapier\u00bb; <\/span><span class=\"Translation\"><span class=\"Comment-Words\">cuarto<\/span><\/span><span class=\"Translation\"><span class=\"Gender _idGenCharOverride-1\">m <\/span><\/span><span class=\"Translation\"><span class=\"Comments\">\u2014 Viertel<\/span><\/span><span class=\"Translation\">)<\/span><span class=\"Bold\">, y luego he dejado a capricho volar la pluma <\/span><span class=\"Translation\">(und dann habe ich nach Belieben die Feder fliegen lassen; <\/span><span class=\"Translation\"><span class=\"Comment-Words\">dejar<\/span><\/span><span class=\"Translation\"><span class=\"Comments\"> \u2014 lassen; <\/span><\/span><span class=\"Translation\"><span class=\"Comment-Words\">capricho<\/span><\/span><span class=\"Translation\"><span class=\"Gender _idGenCharOverride-1\">m <\/span><\/span><span class=\"Translation\"><span class=\"Comments\">\u2014 Laune<\/span><\/span><span class=\"Translation\">)<\/span><span class=\"Bold\">.<\/span><\/p>\r\n\r\n<\/div>\r\n[audio mp3=\"https:\/\/easyoriginal1.s3.eu-central-1.amazonaws.com\/spanisch\/s1\/1.mp3\"][\/audio]\r\n<div class=\"original-container\">\r\n<p class=\"Original\">Hace mucho tiempo que ten\u00eda ganas de escribir cualquier cosa con este t\u00edtulo.<\/p>\r\n<p class=\"Original\">Hoy, que se me ha presentado ocasi\u00f3n, lo he puesto con letras grandes en la primera cuartilla de papel, y luego he dejado a capricho volar la pluma.<\/p>\r\n\r\n<\/div>\r\n<a class=\"weiter\" href=\"\/webreader\/los-ojos-verdes\/fragment\/1-4-2\/\">weiter lesen<\/a>","_et_gb_content_width":""},"product_brand":[],"product_cat":[273],"product_tag":[164,81],"class_list":{"0":"post-15300","1":"product","2":"type-product","3":"status-publish","4":"has-post-thumbnail","6":"product_cat-modern-worterklaerungen-spanisch-b1-b2","7":"product_tag-anfaenger","8":"product_tag-krimi","10":"first","11":"instock","12":"taxable","13":"shipping-taxable","14":"purchasable","15":"product-type-variable"},"acf":[],"yoast_head":"<!-- This site is optimized with the Yoast SEO plugin v27.3 - https:\/\/yoast.com\/product\/yoast-seo-wordpress\/ -->\n<title>El Susurro de las Olas B1-B2 - EasyOriginal.com<\/title>\n<meta name=\"robots\" content=\"index, follow, max-snippet:-1, max-image-preview:large, max-video-preview:-1\" \/>\n<link rel=\"canonical\" href=\"https:\/\/easyoriginal.com\/en\/shop\/modern-worterklaerungen-spanisch-b1-b2\/el-susurro-de-las-olas-b1-b2\/\" \/>\n<meta property=\"og:locale\" content=\"en_GB\" \/>\n<meta property=\"og:type\" content=\"article\" \/>\n<meta property=\"og:title\" content=\"El Susurro de las Olas B1-B2 - EasyOriginal.com\" \/>\n<meta property=\"og:description\" content=\"An der sonnenverw\u00f6hnten Costa del Sol wollte die pensionierte Madrider Detektivin Dolores &quot;Lola&quot; Quintana eigentlich ihren wohlverdienten Ruhestand genie\u00dfen. Doch als an einem friedlichen Morgen die Leiche eines Meeresbiologen angesp\u00fclt wird, findet sie sich pl\u00f6tzlich inmitten eines gef\u00e4hrlichen Kriminalfalls wieder. Was zun\u00e4chst wie ein tragischer Unfall aussieht, entpuppt sich als Auftakt zu einer Verschw\u00f6rung, die bis in die h\u00f6chsten Kreise der Gesellschaft reicht. Lola taucht ein in eine Welt voller Geheimnisse, in der das Schicksal einer seltenen Delfin-Art und skrupellose Gesch\u00e4ftemacher aufeinandertreffen. Gemeinsam mit der ehrgeizigen Polizeiinspektorin Nuria Ferrer und der Meeresbiologin Elena Kova\u010d folgt Lola einer Spur, die sie in die verborgenen Untiefen der Costa del Sol f\u00fchrt. Doch je n\u00e4her sie der Wahrheit kommen, desto gef\u00e4hrlicher wird es f\u00fcr die drei Frauen. K\u00f6nnen sie das R\u00e4tsel l\u00f6sen, bevor es zu sp\u00e4t ist? Und welche Rolle spielt der geheimnisvolle Schwede Axel Bergstr\u00f6m, der mehr zu wissen scheint, als er zugibt? &quot;El Susurro de las Olas&quot; ist ein packender Krimi voller \u00fcberraschender Wendungen, der Sie von der ersten bis zur letzten Seite in seinen Bann ziehen wird. Tauchen Sie ein in die faszinierende Welt der spanischen K\u00fcste, wo hinter der glitzernden Fassade dunkle Geheimnisse lauern und das Fl\u00fcstern der Wellen von Verbrechen und Intrigen erz\u00e4hlt.\" \/>\n<meta property=\"og:url\" content=\"https:\/\/easyoriginal.com\/en\/shop\/modern-worterklaerungen-spanisch-b1-b2\/el-susurro-de-las-olas-b1-b2\/\" \/>\n<meta property=\"og:site_name\" content=\"EasyOriginal.com\" \/>\n<meta property=\"article:modified_time\" content=\"2026-02-06T14:59:02+00:00\" \/>\n<meta property=\"og:image\" content=\"https:\/\/easyoriginal.com\/wp-content\/uploads\/El_Susurro_de_las_Olas_W_printcover.jpg\" \/>\n\t<meta property=\"og:image:width\" content=\"1600\" \/>\n\t<meta property=\"og:image:height\" content=\"2400\" \/>\n\t<meta property=\"og:image:type\" content=\"image\/jpeg\" \/>\n<meta name=\"twitter:card\" content=\"summary_large_image\" \/>\n<meta name=\"twitter:label1\" content=\"Estimated reading time\" \/>\n\t<meta name=\"twitter:data1\" content=\"1 minute\" \/>\n<script type=\"application\/ld+json\" class=\"yoast-schema-graph\">{\"@context\":\"https:\\\/\\\/schema.org\",\"@graph\":[{\"@type\":\"WebPage\",\"@id\":\"https:\\\/\\\/easyoriginal.com\\\/shop\\\/modern-worterklaerungen-spanisch-b1-b2\\\/el-susurro-de-las-olas-b1-b2\\\/\",\"url\":\"https:\\\/\\\/easyoriginal.com\\\/shop\\\/modern-worterklaerungen-spanisch-b1-b2\\\/el-susurro-de-las-olas-b1-b2\\\/\",\"name\":\"El Susurro de las Olas B1-B2 - EasyOriginal.com\",\"isPartOf\":{\"@id\":\"https:\\\/\\\/easyoriginal.com\\\/#website\"},\"primaryImageOfPage\":{\"@id\":\"https:\\\/\\\/easyoriginal.com\\\/shop\\\/modern-worterklaerungen-spanisch-b1-b2\\\/el-susurro-de-las-olas-b1-b2\\\/#primaryimage\"},\"image\":{\"@id\":\"https:\\\/\\\/easyoriginal.com\\\/shop\\\/modern-worterklaerungen-spanisch-b1-b2\\\/el-susurro-de-las-olas-b1-b2\\\/#primaryimage\"},\"thumbnailUrl\":\"https:\\\/\\\/easyoriginal.com\\\/wp-content\\\/uploads\\\/El_Susurro_de_las_Olas_W_printcover.jpg\",\"datePublished\":\"2025-04-23T19:43:08+00:00\",\"dateModified\":\"2026-02-06T14:59:02+00:00\",\"breadcrumb\":{\"@id\":\"https:\\\/\\\/easyoriginal.com\\\/shop\\\/modern-worterklaerungen-spanisch-b1-b2\\\/el-susurro-de-las-olas-b1-b2\\\/#breadcrumb\"},\"inLanguage\":\"en-GB\",\"potentialAction\":[{\"@type\":\"ReadAction\",\"target\":[\"https:\\\/\\\/easyoriginal.com\\\/shop\\\/modern-worterklaerungen-spanisch-b1-b2\\\/el-susurro-de-las-olas-b1-b2\\\/\"]}]},{\"@type\":\"ImageObject\",\"inLanguage\":\"en-GB\",\"@id\":\"https:\\\/\\\/easyoriginal.com\\\/shop\\\/modern-worterklaerungen-spanisch-b1-b2\\\/el-susurro-de-las-olas-b1-b2\\\/#primaryimage\",\"url\":\"https:\\\/\\\/easyoriginal.com\\\/wp-content\\\/uploads\\\/El_Susurro_de_las_Olas_W_printcover.jpg\",\"contentUrl\":\"https:\\\/\\\/easyoriginal.com\\\/wp-content\\\/uploads\\\/El_Susurro_de_las_Olas_W_printcover.jpg\",\"width\":1600,\"height\":2400},{\"@type\":\"BreadcrumbList\",\"@id\":\"https:\\\/\\\/easyoriginal.com\\\/shop\\\/modern-worterklaerungen-spanisch-b1-b2\\\/el-susurro-de-las-olas-b1-b2\\\/#breadcrumb\",\"itemListElement\":[{\"@type\":\"ListItem\",\"position\":1,\"name\":\"Startseite\",\"item\":\"https:\\\/\\\/easyoriginal.com\\\/\"},{\"@type\":\"ListItem\",\"position\":2,\"name\":\"Shop\",\"item\":\"https:\\\/\\\/easyoriginal.com\\\/shop\\\/\"},{\"@type\":\"ListItem\",\"position\":3,\"name\":\"El Susurro de las Olas B1-B2\"}]},{\"@type\":\"WebSite\",\"@id\":\"https:\\\/\\\/easyoriginal.com\\\/#website\",\"url\":\"https:\\\/\\\/easyoriginal.com\\\/\",\"name\":\"EasyOriginal.com\",\"description\":\"Spa\u00df am Lesen im Original - Innovative Lesemethode f\u00fcr Fremdsprachen\",\"publisher\":{\"@id\":\"https:\\\/\\\/easyoriginal.com\\\/#organization\"},\"potentialAction\":[{\"@type\":\"SearchAction\",\"target\":{\"@type\":\"EntryPoint\",\"urlTemplate\":\"https:\\\/\\\/easyoriginal.com\\\/?s={search_term_string}\"},\"query-input\":{\"@type\":\"PropertyValueSpecification\",\"valueRequired\":true,\"valueName\":\"search_term_string\"}}],\"inLanguage\":\"en-GB\"},{\"@type\":\"Organization\",\"@id\":\"https:\\\/\\\/easyoriginal.com\\\/#organization\",\"name\":\"EasyOriginal Verlag\",\"url\":\"https:\\\/\\\/easyoriginal.com\\\/\",\"logo\":{\"@type\":\"ImageObject\",\"inLanguage\":\"en-GB\",\"@id\":\"https:\\\/\\\/easyoriginal.com\\\/#\\\/schema\\\/logo\\\/image\\\/\",\"url\":\"https:\\\/\\\/easyoriginal.com\\\/wp-content\\\/uploads\\\/2020\\\/08\\\/logo_main.png\",\"contentUrl\":\"https:\\\/\\\/easyoriginal.com\\\/wp-content\\\/uploads\\\/2020\\\/08\\\/logo_main.png\",\"width\":500,\"height\":103,\"caption\":\"EasyOriginal Verlag\"},\"image\":{\"@id\":\"https:\\\/\\\/easyoriginal.com\\\/#\\\/schema\\\/logo\\\/image\\\/\"}}]}<\/script>\n<!-- \/ Yoast SEO plugin. -->","yoast_head_json":{"title":"El Susurro de las Olas B1-B2 - EasyOriginal.com","robots":{"index":"index","follow":"follow","max-snippet":"max-snippet:-1","max-image-preview":"max-image-preview:large","max-video-preview":"max-video-preview:-1"},"canonical":"https:\/\/easyoriginal.com\/en\/shop\/modern-worterklaerungen-spanisch-b1-b2\/el-susurro-de-las-olas-b1-b2\/","og_locale":"en_GB","og_type":"article","og_title":"El Susurro de las Olas B1-B2 - EasyOriginal.com","og_description":"An der sonnenverw\u00f6hnten Costa del Sol wollte die pensionierte Madrider Detektivin Dolores \"Lola\" Quintana eigentlich ihren wohlverdienten Ruhestand genie\u00dfen. Doch als an einem friedlichen Morgen die Leiche eines Meeresbiologen angesp\u00fclt wird, findet sie sich pl\u00f6tzlich inmitten eines gef\u00e4hrlichen Kriminalfalls wieder. Was zun\u00e4chst wie ein tragischer Unfall aussieht, entpuppt sich als Auftakt zu einer Verschw\u00f6rung, die bis in die h\u00f6chsten Kreise der Gesellschaft reicht. Lola taucht ein in eine Welt voller Geheimnisse, in der das Schicksal einer seltenen Delfin-Art und skrupellose Gesch\u00e4ftemacher aufeinandertreffen. Gemeinsam mit der ehrgeizigen Polizeiinspektorin Nuria Ferrer und der Meeresbiologin Elena Kova\u010d folgt Lola einer Spur, die sie in die verborgenen Untiefen der Costa del Sol f\u00fchrt. Doch je n\u00e4her sie der Wahrheit kommen, desto gef\u00e4hrlicher wird es f\u00fcr die drei Frauen. K\u00f6nnen sie das R\u00e4tsel l\u00f6sen, bevor es zu sp\u00e4t ist? Und welche Rolle spielt der geheimnisvolle Schwede Axel Bergstr\u00f6m, der mehr zu wissen scheint, als er zugibt? \"El Susurro de las Olas\" ist ein packender Krimi voller \u00fcberraschender Wendungen, der Sie von der ersten bis zur letzten Seite in seinen Bann ziehen wird. Tauchen Sie ein in die faszinierende Welt der spanischen K\u00fcste, wo hinter der glitzernden Fassade dunkle Geheimnisse lauern und das Fl\u00fcstern der Wellen von Verbrechen und Intrigen erz\u00e4hlt.","og_url":"https:\/\/easyoriginal.com\/en\/shop\/modern-worterklaerungen-spanisch-b1-b2\/el-susurro-de-las-olas-b1-b2\/","og_site_name":"EasyOriginal.com","article_modified_time":"2026-02-06T14:59:02+00:00","og_image":[{"width":1600,"height":2400,"url":"https:\/\/easyoriginal.com\/wp-content\/uploads\/El_Susurro_de_las_Olas_W_printcover.jpg","type":"image\/jpeg"}],"twitter_card":"summary_large_image","twitter_misc":{"Estimated reading time":"1 minute"},"schema":{"@context":"https:\/\/schema.org","@graph":[{"@type":"WebPage","@id":"https:\/\/easyoriginal.com\/shop\/modern-worterklaerungen-spanisch-b1-b2\/el-susurro-de-las-olas-b1-b2\/","url":"https:\/\/easyoriginal.com\/shop\/modern-worterklaerungen-spanisch-b1-b2\/el-susurro-de-las-olas-b1-b2\/","name":"El Susurro de las Olas B1-B2 - EasyOriginal.com","isPartOf":{"@id":"https:\/\/easyoriginal.com\/#website"},"primaryImageOfPage":{"@id":"https:\/\/easyoriginal.com\/shop\/modern-worterklaerungen-spanisch-b1-b2\/el-susurro-de-las-olas-b1-b2\/#primaryimage"},"image":{"@id":"https:\/\/easyoriginal.com\/shop\/modern-worterklaerungen-spanisch-b1-b2\/el-susurro-de-las-olas-b1-b2\/#primaryimage"},"thumbnailUrl":"https:\/\/easyoriginal.com\/wp-content\/uploads\/El_Susurro_de_las_Olas_W_printcover.jpg","datePublished":"2025-04-23T19:43:08+00:00","dateModified":"2026-02-06T14:59:02+00:00","breadcrumb":{"@id":"https:\/\/easyoriginal.com\/shop\/modern-worterklaerungen-spanisch-b1-b2\/el-susurro-de-las-olas-b1-b2\/#breadcrumb"},"inLanguage":"en-GB","potentialAction":[{"@type":"ReadAction","target":["https:\/\/easyoriginal.com\/shop\/modern-worterklaerungen-spanisch-b1-b2\/el-susurro-de-las-olas-b1-b2\/"]}]},{"@type":"ImageObject","inLanguage":"en-GB","@id":"https:\/\/easyoriginal.com\/shop\/modern-worterklaerungen-spanisch-b1-b2\/el-susurro-de-las-olas-b1-b2\/#primaryimage","url":"https:\/\/easyoriginal.com\/wp-content\/uploads\/El_Susurro_de_las_Olas_W_printcover.jpg","contentUrl":"https:\/\/easyoriginal.com\/wp-content\/uploads\/El_Susurro_de_las_Olas_W_printcover.jpg","width":1600,"height":2400},{"@type":"BreadcrumbList","@id":"https:\/\/easyoriginal.com\/shop\/modern-worterklaerungen-spanisch-b1-b2\/el-susurro-de-las-olas-b1-b2\/#breadcrumb","itemListElement":[{"@type":"ListItem","position":1,"name":"Startseite","item":"https:\/\/easyoriginal.com\/"},{"@type":"ListItem","position":2,"name":"Shop","item":"https:\/\/easyoriginal.com\/shop\/"},{"@type":"ListItem","position":3,"name":"El Susurro de las Olas B1-B2"}]},{"@type":"WebSite","@id":"https:\/\/easyoriginal.com\/#website","url":"https:\/\/easyoriginal.com\/","name":"EasyOriginal.com","description":"Spa\u00df am Lesen im Original - Innovative Lesemethode f\u00fcr Fremdsprachen","publisher":{"@id":"https:\/\/easyoriginal.com\/#organization"},"potentialAction":[{"@type":"SearchAction","target":{"@type":"EntryPoint","urlTemplate":"https:\/\/easyoriginal.com\/?s={search_term_string}"},"query-input":{"@type":"PropertyValueSpecification","valueRequired":true,"valueName":"search_term_string"}}],"inLanguage":"en-GB"},{"@type":"Organization","@id":"https:\/\/easyoriginal.com\/#organization","name":"EasyOriginal Verlag","url":"https:\/\/easyoriginal.com\/","logo":{"@type":"ImageObject","inLanguage":"en-GB","@id":"https:\/\/easyoriginal.com\/#\/schema\/logo\/image\/","url":"https:\/\/easyoriginal.com\/wp-content\/uploads\/2020\/08\/logo_main.png","contentUrl":"https:\/\/easyoriginal.com\/wp-content\/uploads\/2020\/08\/logo_main.png","width":500,"height":103,"caption":"EasyOriginal Verlag"},"image":{"@id":"https:\/\/easyoriginal.com\/#\/schema\/logo\/image\/"}}]}},"_links":{"self":[{"href":"https:\/\/easyoriginal.com\/en\/wp-json\/wp\/v2\/product\/15300","targetHints":{"allow":["GET"]}}],"collection":[{"href":"https:\/\/easyoriginal.com\/en\/wp-json\/wp\/v2\/product"}],"about":[{"href":"https:\/\/easyoriginal.com\/en\/wp-json\/wp\/v2\/types\/product"}],"replies":[{"embeddable":true,"href":"https:\/\/easyoriginal.com\/en\/wp-json\/wp\/v2\/comments?post=15300"}],"wp:featuredmedia":[{"embeddable":true,"href":"https:\/\/easyoriginal.com\/en\/wp-json\/wp\/v2\/media\/15306"}],"wp:attachment":[{"href":"https:\/\/easyoriginal.com\/en\/wp-json\/wp\/v2\/media?parent=15300"}],"wp:term":[{"taxonomy":"product_brand","embeddable":true,"href":"https:\/\/easyoriginal.com\/en\/wp-json\/wp\/v2\/product_brand?post=15300"},{"taxonomy":"product_cat","embeddable":true,"href":"https:\/\/easyoriginal.com\/en\/wp-json\/wp\/v2\/product_cat?post=15300"},{"taxonomy":"product_tag","embeddable":true,"href":"https:\/\/easyoriginal.com\/en\/wp-json\/wp\/v2\/product_tag?post=15300"}],"curies":[{"name":"wp","href":"https:\/\/api.w.org\/{rel}","templated":true}]}}