{"id":15229,"date":"2025-04-19T21:38:30","date_gmt":"2025-04-19T19:38:30","guid":{"rendered":"https:\/\/easyoriginal.com\/?post_type=product&#038;p=15229"},"modified":"2025-04-19T22:02:43","modified_gmt":"2025-04-19T20:02:43","slug":"the-lighthouse-shadow-b1-b2","status":"publish","type":"product","link":"https:\/\/easyoriginal.com\/en\/shop\/modern-worterklaerungen-englisch-b1-b2\/the-lighthouse-shadow-b1-b2\/","title":{"rendered":"The Lighthouse Shadow B1-B2"},"content":{"rendered":"","protected":false},"excerpt":{"rendered":"<p>Willkommen in Sunnyside, einem idyllischen K\u00fcstenst\u00e4dtchen, in dem das Eis von Rose Miller die Herzen der Einwohner und Touristen gleicherma\u00dfen erobert. Doch als seltsame Vorkommnisse am \u00f6rtlichen Leuchtturm die Sommerruhe st\u00f6ren, verwandelt sich Rose&#8216; s\u00fc\u00dfes Leben in ein spannendes Abenteuer.<br \/>\nMysteri\u00f6se Schatten, unheimliche Ger\u00e4usche und merkw\u00fcrdige Lichter auf dem Meer &#8211; was verbirgt sich hinter den Geheimnissen des Leuchtturms? Gemeinsam mit ihrem Freund Charlie taucht Rose in eine Welt voller R\u00e4tsel ein, in der nichts so ist, wie es scheint.<br \/>\nZwischen duftenden Eiskreationen und n\u00e4chtlichen Ermittlungen deckt Rose eine Wahrheit auf, die nicht nur ihr Leben, sondern das ganze St\u00e4dtchen f\u00fcr immer ver\u00e4ndern wird. Denn hinter den Kulissen des verschlafenen Sunnyside verbirgt sich ein Wunder, das die Grenzen zwischen Alltag und Magie verschwimmen l\u00e4sst.<br \/>\n&#8218;The Lighthouse Shadow&#8216; ist eine bezaubernde Geschichte \u00fcber Freundschaft, Mut und die au\u00dfergew\u00f6hnlichen Abenteuer, die manchmal direkt vor unserer Haust\u00fcr warten. Tauchen Sie ein in eine Welt, in der jeder L\u00f6ffel Eis eine neue Entdeckung verspricht und selbst der dunkelste Schatten ein Licht der Hoffnung in sich tr\u00e4gt.<br \/>\nTauchen Sie ein in die erste packende Geschichte der &#8222;Seaside Sweets and Secrets&#8220; Serie und lassen Sie sich von der Brandung der Spannung mitrei\u00dfen!<\/p>","protected":false},"featured_media":15235,"comment_status":"open","ping_status":"closed","template":"","meta":{"_acf_changed":false,"_et_pb_use_builder":"off","_et_pb_old_content":"<div class=\"adapted-container\">\r\n<p class=\"Adapted\"><span class=\"Bold\">Hace mucho tiempo que ten\u00eda ganas de escribir <\/span><span class=\"Translation\">(seit langer Zeit hatte ich Lust zu schreiben; <\/span><span class=\"Translation\"><span class=\"Comment-Words\">tener<\/span><\/span><span class=\"Translation\"><span class=\"Comments\"> \u2014 haben<\/span><\/span><span class=\"Translation\">)<\/span><span class=\"Bold\"> cualquier cosa con este t\u00edtulo <\/span><span class=\"Translation\">(irgendetwas mit diesem Titel)<\/span><span class=\"Bold\">.<\/span><\/p>\r\n<p class=\"Adapted\"><span class=\"Bold\">Hoy<a id=\"_idTextAnchor001\"><\/a>, que se me ha presentado ocasi\u00f3n <\/span><span class=\"Translation\">(heute, wo sich mir \/eine\/ Gelegenheit geboten hat; <\/span><span class=\"Translation\"><span class=\"Comment-Words\">presentar<\/span><\/span><span class=\"Translation\"><span class=\"Comments\"> \u2014 zeigen; vorstellen<\/span><\/span><span class=\"Translation\">)<\/span><span class=\"Bold\">, lo he puesto con letras grandes <\/span><span class=\"Translation\">(das habe ich in gro\u00dfen Buchstaben gesetzt = habe ich es in Gro\u00dfbuchstaben gesetzt; <\/span><span class=\"Translation\"><span class=\"Comment-Words\">poner<\/span><\/span><span class=\"Translation\"><span class=\"Comments\"> \u2014 setzen; stellen; legen<\/span><\/span><span class=\"Translation\">)<\/span><span class=\"Bold\"> en la primera cuartilla de papel <\/span><span class=\"Translation\">(auf das erste Blatt: \u00abauf das erste Viertelpapier\u00bb; <\/span><span class=\"Translation\"><span class=\"Comment-Words\">cuarto<\/span><\/span><span class=\"Translation\"><span class=\"Gender _idGenCharOverride-1\">m <\/span><\/span><span class=\"Translation\"><span class=\"Comments\">\u2014 Viertel<\/span><\/span><span class=\"Translation\">)<\/span><span class=\"Bold\">, y luego he dejado a capricho volar la pluma <\/span><span class=\"Translation\">(und dann habe ich nach Belieben die Feder fliegen lassen; <\/span><span class=\"Translation\"><span class=\"Comment-Words\">dejar<\/span><\/span><span class=\"Translation\"><span class=\"Comments\"> \u2014 lassen; <\/span><\/span><span class=\"Translation\"><span class=\"Comment-Words\">capricho<\/span><\/span><span class=\"Translation\"><span class=\"Gender _idGenCharOverride-1\">m <\/span><\/span><span class=\"Translation\"><span class=\"Comments\">\u2014 Laune<\/span><\/span><span class=\"Translation\">)<\/span><span class=\"Bold\">.<\/span><\/p>\r\n\r\n<\/div>\r\n[audio mp3=\"https:\/\/easyoriginal1.s3.eu-central-1.amazonaws.com\/spanisch\/s1\/1.mp3\"][\/audio]\r\n<div class=\"original-container\">\r\n<p class=\"Original\">Hace mucho tiempo que ten\u00eda ganas de escribir cualquier cosa con este t\u00edtulo.<\/p>\r\n<p class=\"Original\">Hoy, que se me ha presentado ocasi\u00f3n, lo he puesto con letras grandes en la primera cuartilla de papel, y luego he dejado a capricho volar la pluma.<\/p>\r\n\r\n<\/div>\r\n<a class=\"weiter\" href=\"\/webreader\/los-ojos-verdes\/fragment\/1-4-2\/\">weiter lesen<\/a>","_et_gb_content_width":""},"product_brand":[],"product_cat":[272],"product_tag":[81],"class_list":{"0":"post-15229","1":"product","2":"type-product","3":"status-publish","4":"has-post-thumbnail","6":"product_cat-modern-worterklaerungen-englisch-b1-b2","7":"product_tag-krimi","9":"first","10":"instock","11":"taxable","12":"shipping-taxable","13":"purchasable","14":"product-type-variable"},"acf":[],"yoast_head":"<!-- This site is optimized with the Yoast SEO plugin v27.3 - https:\/\/yoast.com\/product\/yoast-seo-wordpress\/ -->\n<title>The Lighthouse Shadow B1-B2 - EasyOriginal.com<\/title>\n<meta name=\"robots\" content=\"index, follow, max-snippet:-1, max-image-preview:large, max-video-preview:-1\" \/>\n<link rel=\"canonical\" href=\"https:\/\/easyoriginal.com\/en\/shop\/modern-worterklaerungen-englisch-b1-b2\/the-lighthouse-shadow-b1-b2\/\" \/>\n<meta property=\"og:locale\" content=\"en_GB\" \/>\n<meta property=\"og:type\" content=\"article\" \/>\n<meta property=\"og:title\" content=\"The Lighthouse Shadow B1-B2 - EasyOriginal.com\" \/>\n<meta property=\"og:description\" content=\"Willkommen in Sunnyside, einem idyllischen K\u00fcstenst\u00e4dtchen, in dem das Eis von Rose Miller die Herzen der Einwohner und Touristen gleicherma\u00dfen erobert. Doch als seltsame Vorkommnisse am \u00f6rtlichen Leuchtturm die Sommerruhe st\u00f6ren, verwandelt sich Rose&#039; s\u00fc\u00dfes Leben in ein spannendes Abenteuer. Mysteri\u00f6se Schatten, unheimliche Ger\u00e4usche und merkw\u00fcrdige Lichter auf dem Meer - was verbirgt sich hinter den Geheimnissen des Leuchtturms? Gemeinsam mit ihrem Freund Charlie taucht Rose in eine Welt voller R\u00e4tsel ein, in der nichts so ist, wie es scheint. Zwischen duftenden Eiskreationen und n\u00e4chtlichen Ermittlungen deckt Rose eine Wahrheit auf, die nicht nur ihr Leben, sondern das ganze St\u00e4dtchen f\u00fcr immer ver\u00e4ndern wird. Denn hinter den Kulissen des verschlafenen Sunnyside verbirgt sich ein Wunder, das die Grenzen zwischen Alltag und Magie verschwimmen l\u00e4sst. &#039;The Lighthouse Shadow&#039; ist eine bezaubernde Geschichte \u00fcber Freundschaft, Mut und die au\u00dfergew\u00f6hnlichen Abenteuer, die manchmal direkt vor unserer Haust\u00fcr warten. Tauchen Sie ein in eine Welt, in der jeder L\u00f6ffel Eis eine neue Entdeckung verspricht und selbst der dunkelste Schatten ein Licht der Hoffnung in sich tr\u00e4gt. Tauchen Sie ein in die erste packende Geschichte der &quot;Seaside Sweets and Secrets&quot; Serie und lassen Sie sich von der Brandung der Spannung mitrei\u00dfen!\" \/>\n<meta property=\"og:url\" content=\"https:\/\/easyoriginal.com\/en\/shop\/modern-worterklaerungen-englisch-b1-b2\/the-lighthouse-shadow-b1-b2\/\" \/>\n<meta property=\"og:site_name\" content=\"EasyOriginal.com\" \/>\n<meta property=\"article:modified_time\" content=\"2025-04-19T20:02:43+00:00\" \/>\n<meta property=\"og:image\" content=\"https:\/\/easyoriginal.com\/wp-content\/uploads\/The-Lighthouse-Shadow_W_printcover.jpg\" \/>\n\t<meta property=\"og:image:width\" content=\"1600\" \/>\n\t<meta property=\"og:image:height\" content=\"2400\" \/>\n\t<meta property=\"og:image:type\" content=\"image\/jpeg\" \/>\n<meta name=\"twitter:card\" content=\"summary_large_image\" \/>\n<meta name=\"twitter:label1\" content=\"Estimated reading time\" \/>\n\t<meta name=\"twitter:data1\" content=\"1 minute\" \/>\n<script type=\"application\/ld+json\" class=\"yoast-schema-graph\">{\"@context\":\"https:\\\/\\\/schema.org\",\"@graph\":[{\"@type\":\"WebPage\",\"@id\":\"https:\\\/\\\/easyoriginal.com\\\/shop\\\/modern-worterklaerungen-englisch-b1-b2\\\/the-lighthouse-shadow-b1-b2\\\/\",\"url\":\"https:\\\/\\\/easyoriginal.com\\\/shop\\\/modern-worterklaerungen-englisch-b1-b2\\\/the-lighthouse-shadow-b1-b2\\\/\",\"name\":\"The Lighthouse Shadow B1-B2 - EasyOriginal.com\",\"isPartOf\":{\"@id\":\"https:\\\/\\\/easyoriginal.com\\\/#website\"},\"primaryImageOfPage\":{\"@id\":\"https:\\\/\\\/easyoriginal.com\\\/shop\\\/modern-worterklaerungen-englisch-b1-b2\\\/the-lighthouse-shadow-b1-b2\\\/#primaryimage\"},\"image\":{\"@id\":\"https:\\\/\\\/easyoriginal.com\\\/shop\\\/modern-worterklaerungen-englisch-b1-b2\\\/the-lighthouse-shadow-b1-b2\\\/#primaryimage\"},\"thumbnailUrl\":\"https:\\\/\\\/easyoriginal.com\\\/wp-content\\\/uploads\\\/The-Lighthouse-Shadow_W_printcover.jpg\",\"datePublished\":\"2025-04-19T19:38:30+00:00\",\"dateModified\":\"2025-04-19T20:02:43+00:00\",\"breadcrumb\":{\"@id\":\"https:\\\/\\\/easyoriginal.com\\\/shop\\\/modern-worterklaerungen-englisch-b1-b2\\\/the-lighthouse-shadow-b1-b2\\\/#breadcrumb\"},\"inLanguage\":\"en-GB\",\"potentialAction\":[{\"@type\":\"ReadAction\",\"target\":[\"https:\\\/\\\/easyoriginal.com\\\/shop\\\/modern-worterklaerungen-englisch-b1-b2\\\/the-lighthouse-shadow-b1-b2\\\/\"]}]},{\"@type\":\"ImageObject\",\"inLanguage\":\"en-GB\",\"@id\":\"https:\\\/\\\/easyoriginal.com\\\/shop\\\/modern-worterklaerungen-englisch-b1-b2\\\/the-lighthouse-shadow-b1-b2\\\/#primaryimage\",\"url\":\"https:\\\/\\\/easyoriginal.com\\\/wp-content\\\/uploads\\\/The-Lighthouse-Shadow_W_printcover.jpg\",\"contentUrl\":\"https:\\\/\\\/easyoriginal.com\\\/wp-content\\\/uploads\\\/The-Lighthouse-Shadow_W_printcover.jpg\",\"width\":1600,\"height\":2400},{\"@type\":\"BreadcrumbList\",\"@id\":\"https:\\\/\\\/easyoriginal.com\\\/shop\\\/modern-worterklaerungen-englisch-b1-b2\\\/the-lighthouse-shadow-b1-b2\\\/#breadcrumb\",\"itemListElement\":[{\"@type\":\"ListItem\",\"position\":1,\"name\":\"Startseite\",\"item\":\"https:\\\/\\\/easyoriginal.com\\\/\"},{\"@type\":\"ListItem\",\"position\":2,\"name\":\"Shop\",\"item\":\"https:\\\/\\\/easyoriginal.com\\\/shop\\\/\"},{\"@type\":\"ListItem\",\"position\":3,\"name\":\"The Lighthouse Shadow B1-B2\"}]},{\"@type\":\"WebSite\",\"@id\":\"https:\\\/\\\/easyoriginal.com\\\/#website\",\"url\":\"https:\\\/\\\/easyoriginal.com\\\/\",\"name\":\"EasyOriginal.com\",\"description\":\"Spa\u00df am Lesen im Original - Innovative Lesemethode f\u00fcr Fremdsprachen\",\"publisher\":{\"@id\":\"https:\\\/\\\/easyoriginal.com\\\/#organization\"},\"potentialAction\":[{\"@type\":\"SearchAction\",\"target\":{\"@type\":\"EntryPoint\",\"urlTemplate\":\"https:\\\/\\\/easyoriginal.com\\\/?s={search_term_string}\"},\"query-input\":{\"@type\":\"PropertyValueSpecification\",\"valueRequired\":true,\"valueName\":\"search_term_string\"}}],\"inLanguage\":\"en-GB\"},{\"@type\":\"Organization\",\"@id\":\"https:\\\/\\\/easyoriginal.com\\\/#organization\",\"name\":\"EasyOriginal Verlag\",\"url\":\"https:\\\/\\\/easyoriginal.com\\\/\",\"logo\":{\"@type\":\"ImageObject\",\"inLanguage\":\"en-GB\",\"@id\":\"https:\\\/\\\/easyoriginal.com\\\/#\\\/schema\\\/logo\\\/image\\\/\",\"url\":\"https:\\\/\\\/easyoriginal.com\\\/wp-content\\\/uploads\\\/2020\\\/08\\\/logo_main.png\",\"contentUrl\":\"https:\\\/\\\/easyoriginal.com\\\/wp-content\\\/uploads\\\/2020\\\/08\\\/logo_main.png\",\"width\":500,\"height\":103,\"caption\":\"EasyOriginal Verlag\"},\"image\":{\"@id\":\"https:\\\/\\\/easyoriginal.com\\\/#\\\/schema\\\/logo\\\/image\\\/\"}}]}<\/script>\n<!-- \/ Yoast SEO plugin. -->","yoast_head_json":{"title":"The Lighthouse Shadow B1-B2 - EasyOriginal.com","robots":{"index":"index","follow":"follow","max-snippet":"max-snippet:-1","max-image-preview":"max-image-preview:large","max-video-preview":"max-video-preview:-1"},"canonical":"https:\/\/easyoriginal.com\/en\/shop\/modern-worterklaerungen-englisch-b1-b2\/the-lighthouse-shadow-b1-b2\/","og_locale":"en_GB","og_type":"article","og_title":"The Lighthouse Shadow B1-B2 - EasyOriginal.com","og_description":"Willkommen in Sunnyside, einem idyllischen K\u00fcstenst\u00e4dtchen, in dem das Eis von Rose Miller die Herzen der Einwohner und Touristen gleicherma\u00dfen erobert. Doch als seltsame Vorkommnisse am \u00f6rtlichen Leuchtturm die Sommerruhe st\u00f6ren, verwandelt sich Rose' s\u00fc\u00dfes Leben in ein spannendes Abenteuer. Mysteri\u00f6se Schatten, unheimliche Ger\u00e4usche und merkw\u00fcrdige Lichter auf dem Meer - was verbirgt sich hinter den Geheimnissen des Leuchtturms? Gemeinsam mit ihrem Freund Charlie taucht Rose in eine Welt voller R\u00e4tsel ein, in der nichts so ist, wie es scheint. Zwischen duftenden Eiskreationen und n\u00e4chtlichen Ermittlungen deckt Rose eine Wahrheit auf, die nicht nur ihr Leben, sondern das ganze St\u00e4dtchen f\u00fcr immer ver\u00e4ndern wird. Denn hinter den Kulissen des verschlafenen Sunnyside verbirgt sich ein Wunder, das die Grenzen zwischen Alltag und Magie verschwimmen l\u00e4sst. 'The Lighthouse Shadow' ist eine bezaubernde Geschichte \u00fcber Freundschaft, Mut und die au\u00dfergew\u00f6hnlichen Abenteuer, die manchmal direkt vor unserer Haust\u00fcr warten. Tauchen Sie ein in eine Welt, in der jeder L\u00f6ffel Eis eine neue Entdeckung verspricht und selbst der dunkelste Schatten ein Licht der Hoffnung in sich tr\u00e4gt. Tauchen Sie ein in die erste packende Geschichte der \"Seaside Sweets and Secrets\" Serie und lassen Sie sich von der Brandung der Spannung mitrei\u00dfen!","og_url":"https:\/\/easyoriginal.com\/en\/shop\/modern-worterklaerungen-englisch-b1-b2\/the-lighthouse-shadow-b1-b2\/","og_site_name":"EasyOriginal.com","article_modified_time":"2025-04-19T20:02:43+00:00","og_image":[{"width":1600,"height":2400,"url":"https:\/\/easyoriginal.com\/wp-content\/uploads\/The-Lighthouse-Shadow_W_printcover.jpg","type":"image\/jpeg"}],"twitter_card":"summary_large_image","twitter_misc":{"Estimated reading time":"1 minute"},"schema":{"@context":"https:\/\/schema.org","@graph":[{"@type":"WebPage","@id":"https:\/\/easyoriginal.com\/shop\/modern-worterklaerungen-englisch-b1-b2\/the-lighthouse-shadow-b1-b2\/","url":"https:\/\/easyoriginal.com\/shop\/modern-worterklaerungen-englisch-b1-b2\/the-lighthouse-shadow-b1-b2\/","name":"The Lighthouse Shadow B1-B2 - EasyOriginal.com","isPartOf":{"@id":"https:\/\/easyoriginal.com\/#website"},"primaryImageOfPage":{"@id":"https:\/\/easyoriginal.com\/shop\/modern-worterklaerungen-englisch-b1-b2\/the-lighthouse-shadow-b1-b2\/#primaryimage"},"image":{"@id":"https:\/\/easyoriginal.com\/shop\/modern-worterklaerungen-englisch-b1-b2\/the-lighthouse-shadow-b1-b2\/#primaryimage"},"thumbnailUrl":"https:\/\/easyoriginal.com\/wp-content\/uploads\/The-Lighthouse-Shadow_W_printcover.jpg","datePublished":"2025-04-19T19:38:30+00:00","dateModified":"2025-04-19T20:02:43+00:00","breadcrumb":{"@id":"https:\/\/easyoriginal.com\/shop\/modern-worterklaerungen-englisch-b1-b2\/the-lighthouse-shadow-b1-b2\/#breadcrumb"},"inLanguage":"en-GB","potentialAction":[{"@type":"ReadAction","target":["https:\/\/easyoriginal.com\/shop\/modern-worterklaerungen-englisch-b1-b2\/the-lighthouse-shadow-b1-b2\/"]}]},{"@type":"ImageObject","inLanguage":"en-GB","@id":"https:\/\/easyoriginal.com\/shop\/modern-worterklaerungen-englisch-b1-b2\/the-lighthouse-shadow-b1-b2\/#primaryimage","url":"https:\/\/easyoriginal.com\/wp-content\/uploads\/The-Lighthouse-Shadow_W_printcover.jpg","contentUrl":"https:\/\/easyoriginal.com\/wp-content\/uploads\/The-Lighthouse-Shadow_W_printcover.jpg","width":1600,"height":2400},{"@type":"BreadcrumbList","@id":"https:\/\/easyoriginal.com\/shop\/modern-worterklaerungen-englisch-b1-b2\/the-lighthouse-shadow-b1-b2\/#breadcrumb","itemListElement":[{"@type":"ListItem","position":1,"name":"Startseite","item":"https:\/\/easyoriginal.com\/"},{"@type":"ListItem","position":2,"name":"Shop","item":"https:\/\/easyoriginal.com\/shop\/"},{"@type":"ListItem","position":3,"name":"The Lighthouse Shadow B1-B2"}]},{"@type":"WebSite","@id":"https:\/\/easyoriginal.com\/#website","url":"https:\/\/easyoriginal.com\/","name":"EasyOriginal.com","description":"Spa\u00df am Lesen im Original - Innovative Lesemethode f\u00fcr Fremdsprachen","publisher":{"@id":"https:\/\/easyoriginal.com\/#organization"},"potentialAction":[{"@type":"SearchAction","target":{"@type":"EntryPoint","urlTemplate":"https:\/\/easyoriginal.com\/?s={search_term_string}"},"query-input":{"@type":"PropertyValueSpecification","valueRequired":true,"valueName":"search_term_string"}}],"inLanguage":"en-GB"},{"@type":"Organization","@id":"https:\/\/easyoriginal.com\/#organization","name":"EasyOriginal Verlag","url":"https:\/\/easyoriginal.com\/","logo":{"@type":"ImageObject","inLanguage":"en-GB","@id":"https:\/\/easyoriginal.com\/#\/schema\/logo\/image\/","url":"https:\/\/easyoriginal.com\/wp-content\/uploads\/2020\/08\/logo_main.png","contentUrl":"https:\/\/easyoriginal.com\/wp-content\/uploads\/2020\/08\/logo_main.png","width":500,"height":103,"caption":"EasyOriginal Verlag"},"image":{"@id":"https:\/\/easyoriginal.com\/#\/schema\/logo\/image\/"}}]}},"_links":{"self":[{"href":"https:\/\/easyoriginal.com\/en\/wp-json\/wp\/v2\/product\/15229","targetHints":{"allow":["GET"]}}],"collection":[{"href":"https:\/\/easyoriginal.com\/en\/wp-json\/wp\/v2\/product"}],"about":[{"href":"https:\/\/easyoriginal.com\/en\/wp-json\/wp\/v2\/types\/product"}],"replies":[{"embeddable":true,"href":"https:\/\/easyoriginal.com\/en\/wp-json\/wp\/v2\/comments?post=15229"}],"wp:featuredmedia":[{"embeddable":true,"href":"https:\/\/easyoriginal.com\/en\/wp-json\/wp\/v2\/media\/15235"}],"wp:attachment":[{"href":"https:\/\/easyoriginal.com\/en\/wp-json\/wp\/v2\/media?parent=15229"}],"wp:term":[{"taxonomy":"product_brand","embeddable":true,"href":"https:\/\/easyoriginal.com\/en\/wp-json\/wp\/v2\/product_brand?post=15229"},{"taxonomy":"product_cat","embeddable":true,"href":"https:\/\/easyoriginal.com\/en\/wp-json\/wp\/v2\/product_cat?post=15229"},{"taxonomy":"product_tag","embeddable":true,"href":"https:\/\/easyoriginal.com\/en\/wp-json\/wp\/v2\/product_tag?post=15229"}],"curies":[{"name":"wp","href":"https:\/\/api.w.org\/{rel}","templated":true}]}}