{"id":15131,"date":"2025-04-13T20:47:10","date_gmt":"2025-04-13T18:47:10","guid":{"rendered":"https:\/\/easyoriginal.com\/?post_type=product&#038;p=15131"},"modified":"2025-04-19T21:44:54","modified_gmt":"2025-04-19T19:44:54","slug":"the-sirens-shells-b1-b2","status":"publish","type":"product","link":"https:\/\/easyoriginal.com\/en\/shop\/modern-worterklaerungen-englisch-b1-b2\/the-sirens-shells-b1-b2\/","title":{"rendered":"The Siren&#8217;s Shells B1-B2"},"content":{"rendered":"","protected":false},"excerpt":{"rendered":"<p>An den goldenen Str\u00e4nden Cornwalls entdeckt die Meeresbiologin Dr. Lowenna Trewhella ein r\u00e4tselhaftes Ph\u00e4nomen: Die einst so h\u00e4ufigen Kaurischnecken sind pl\u00f6tzlich wie vom Erdboden verschluckt. Was zun\u00e4chst wie ein harmloses \u00f6kologisches R\u00e4tsel erscheint, entpuppt sich bald als Eintrittspforte in eine Welt voller Geheimnisse, Gefahren und verborgener Sch\u00e4tze.<br \/>\nGemeinsam mit ihrem ungleichen Team &#8211; dem technikbegeisterten Callum und der erfahrenen Einheimischen Meredith &#8211; begibt sich Lowenna auf eine atemberaubende Spurensuche. N\u00e4chtliche Strandbeobachtungen, r\u00e4tselhafte chemische Spuren und ein zwielichtiger Muschelsammler f\u00fchren sie immer tiefer in ein Netz aus internationalem Schmuggel, Umweltkriminalit\u00e4t und einer Legende, die sie f\u00fcr immer ver\u00e4ndern wird.<br \/>\nAls die Ermittlungen eine gef\u00e4hrliche Wendung nehmen, muss Lowenna erkennen, dass an der wilden K\u00fcste Cornwalls weit mehr auf dem Spiel steht als nur verschwundene Muscheln. In einem Wettlauf gegen die Zeit riskiert das Team alles, um die Wahrheit hinter dem Mysterium der Sirenenschalen aufzudecken.<br \/>\n&#8222;Die Geheimnisse der K\u00fcste Cornwalls&#8220; ist ein fesselnder \u00d6ko-Thriller, der Wissenschaft, Spannung und die raue Sch\u00f6nheit der cornischen Landschaft zu einem unwiderstehlichen Leseerlebnis verbindet. Tauchen Sie ein in eine Welt, in der die Grenzen zwischen Forschung und Abenteuer verschwimmen und entdecken Sie die verborgenen Wunder und Gefahren einer K\u00fcste, die ihre Geheimnisse nicht leicht preisgibt.<br \/>\nTauchen Sie ein in die erste packende Geschichte der &#8222;Cornish Sea Secrets&#8220; (&#8222;Geheimnisse der kornischen See&#8220;) Serie und lassen Sie sich von der Brandung der Spannung mitrei\u00dfen!<\/p>","protected":false},"featured_media":15200,"comment_status":"open","ping_status":"closed","template":"","meta":{"_acf_changed":false,"_et_pb_use_builder":"off","_et_pb_old_content":"<div class=\"adapted-container\">\r\n<p class=\"Adapted\"><span class=\"Bold\">Hace mucho tiempo que ten\u00eda ganas de escribir <\/span><span class=\"Translation\">(seit langer Zeit hatte ich Lust zu schreiben; <\/span><span class=\"Translation\"><span class=\"Comment-Words\">tener<\/span><\/span><span class=\"Translation\"><span class=\"Comments\"> \u2014 haben<\/span><\/span><span class=\"Translation\">)<\/span><span class=\"Bold\"> cualquier cosa con este t\u00edtulo <\/span><span class=\"Translation\">(irgendetwas mit diesem Titel)<\/span><span class=\"Bold\">.<\/span><\/p>\r\n<p class=\"Adapted\"><span class=\"Bold\">Hoy<a id=\"_idTextAnchor001\"><\/a>, que se me ha presentado ocasi\u00f3n <\/span><span class=\"Translation\">(heute, wo sich mir \/eine\/ Gelegenheit geboten hat; <\/span><span class=\"Translation\"><span class=\"Comment-Words\">presentar<\/span><\/span><span class=\"Translation\"><span class=\"Comments\"> \u2014 zeigen; vorstellen<\/span><\/span><span class=\"Translation\">)<\/span><span class=\"Bold\">, lo he puesto con letras grandes <\/span><span class=\"Translation\">(das habe ich in gro\u00dfen Buchstaben gesetzt = habe ich es in Gro\u00dfbuchstaben gesetzt; <\/span><span class=\"Translation\"><span class=\"Comment-Words\">poner<\/span><\/span><span class=\"Translation\"><span class=\"Comments\"> \u2014 setzen; stellen; legen<\/span><\/span><span class=\"Translation\">)<\/span><span class=\"Bold\"> en la primera cuartilla de papel <\/span><span class=\"Translation\">(auf das erste Blatt: \u00abauf das erste Viertelpapier\u00bb; <\/span><span class=\"Translation\"><span class=\"Comment-Words\">cuarto<\/span><\/span><span class=\"Translation\"><span class=\"Gender _idGenCharOverride-1\">m <\/span><\/span><span class=\"Translation\"><span class=\"Comments\">\u2014 Viertel<\/span><\/span><span class=\"Translation\">)<\/span><span class=\"Bold\">, y luego he dejado a capricho volar la pluma <\/span><span class=\"Translation\">(und dann habe ich nach Belieben die Feder fliegen lassen; <\/span><span class=\"Translation\"><span class=\"Comment-Words\">dejar<\/span><\/span><span class=\"Translation\"><span class=\"Comments\"> \u2014 lassen; <\/span><\/span><span class=\"Translation\"><span class=\"Comment-Words\">capricho<\/span><\/span><span class=\"Translation\"><span class=\"Gender _idGenCharOverride-1\">m <\/span><\/span><span class=\"Translation\"><span class=\"Comments\">\u2014 Laune<\/span><\/span><span class=\"Translation\">)<\/span><span class=\"Bold\">.<\/span><\/p>\r\n\r\n<\/div>\r\n[audio mp3=\"https:\/\/easyoriginal1.s3.eu-central-1.amazonaws.com\/spanisch\/s1\/1.mp3\"][\/audio]\r\n<div class=\"original-container\">\r\n<p class=\"Original\">Hace mucho tiempo que ten\u00eda ganas de escribir cualquier cosa con este t\u00edtulo.<\/p>\r\n<p class=\"Original\">Hoy, que se me ha presentado ocasi\u00f3n, lo he puesto con letras grandes en la primera cuartilla de papel, y luego he dejado a capricho volar la pluma.<\/p>\r\n\r\n<\/div>\r\n<a class=\"weiter\" href=\"\/webreader\/los-ojos-verdes\/fragment\/1-4-2\/\">weiter lesen<\/a>","_et_gb_content_width":""},"product_brand":[],"product_cat":[272],"product_tag":[164,81],"class_list":{"0":"post-15131","1":"product","2":"type-product","3":"status-publish","4":"has-post-thumbnail","6":"product_cat-modern-worterklaerungen-englisch-b1-b2","7":"product_tag-anfaenger","8":"product_tag-krimi","10":"first","11":"instock","12":"taxable","13":"shipping-taxable","14":"purchasable","15":"product-type-variable"},"acf":[],"yoast_head":"<!-- This site is optimized with the Yoast SEO plugin v27.3 - https:\/\/yoast.com\/product\/yoast-seo-wordpress\/ -->\n<title>The Siren&#039;s Shells B1-B2 - EasyOriginal.com<\/title>\n<meta name=\"robots\" content=\"index, follow, max-snippet:-1, max-image-preview:large, max-video-preview:-1\" \/>\n<link rel=\"canonical\" href=\"https:\/\/easyoriginal.com\/en\/shop\/modern-worterklaerungen-englisch-b1-b2\/the-sirens-shells-b1-b2\/\" \/>\n<meta property=\"og:locale\" content=\"en_GB\" \/>\n<meta property=\"og:type\" content=\"article\" \/>\n<meta property=\"og:title\" content=\"The Siren&#039;s Shells B1-B2 - EasyOriginal.com\" \/>\n<meta property=\"og:description\" content=\"An den goldenen Str\u00e4nden Cornwalls entdeckt die Meeresbiologin Dr. Lowenna Trewhella ein r\u00e4tselhaftes Ph\u00e4nomen: Die einst so h\u00e4ufigen Kaurischnecken sind pl\u00f6tzlich wie vom Erdboden verschluckt. Was zun\u00e4chst wie ein harmloses \u00f6kologisches R\u00e4tsel erscheint, entpuppt sich bald als Eintrittspforte in eine Welt voller Geheimnisse, Gefahren und verborgener Sch\u00e4tze. Gemeinsam mit ihrem ungleichen Team - dem technikbegeisterten Callum und der erfahrenen Einheimischen Meredith - begibt sich Lowenna auf eine atemberaubende Spurensuche. N\u00e4chtliche Strandbeobachtungen, r\u00e4tselhafte chemische Spuren und ein zwielichtiger Muschelsammler f\u00fchren sie immer tiefer in ein Netz aus internationalem Schmuggel, Umweltkriminalit\u00e4t und einer Legende, die sie f\u00fcr immer ver\u00e4ndern wird. Als die Ermittlungen eine gef\u00e4hrliche Wendung nehmen, muss Lowenna erkennen, dass an der wilden K\u00fcste Cornwalls weit mehr auf dem Spiel steht als nur verschwundene Muscheln. In einem Wettlauf gegen die Zeit riskiert das Team alles, um die Wahrheit hinter dem Mysterium der Sirenenschalen aufzudecken. &quot;Die Geheimnisse der K\u00fcste Cornwalls&quot; ist ein fesselnder \u00d6ko-Thriller, der Wissenschaft, Spannung und die raue Sch\u00f6nheit der cornischen Landschaft zu einem unwiderstehlichen Leseerlebnis verbindet. Tauchen Sie ein in eine Welt, in der die Grenzen zwischen Forschung und Abenteuer verschwimmen und entdecken Sie die verborgenen Wunder und Gefahren einer K\u00fcste, die ihre Geheimnisse nicht leicht preisgibt. Tauchen Sie ein in die erste packende Geschichte der &quot;Cornish Sea Secrets&quot; (&quot;Geheimnisse der kornischen See&quot;) Serie und lassen Sie sich von der Brandung der Spannung mitrei\u00dfen!\" \/>\n<meta property=\"og:url\" content=\"https:\/\/easyoriginal.com\/en\/shop\/modern-worterklaerungen-englisch-b1-b2\/the-sirens-shells-b1-b2\/\" \/>\n<meta property=\"og:site_name\" content=\"EasyOriginal.com\" \/>\n<meta property=\"article:modified_time\" content=\"2025-04-19T19:44:54+00:00\" \/>\n<meta property=\"og:image\" content=\"https:\/\/easyoriginal.com\/wp-content\/uploads\/The-Sirens-Shells_W_printcover.jpg\" \/>\n\t<meta property=\"og:image:width\" content=\"1600\" \/>\n\t<meta property=\"og:image:height\" content=\"2400\" \/>\n\t<meta property=\"og:image:type\" content=\"image\/jpeg\" \/>\n<meta name=\"twitter:card\" content=\"summary_large_image\" \/>\n<meta name=\"twitter:label1\" content=\"Estimated reading time\" \/>\n\t<meta name=\"twitter:data1\" content=\"1 minute\" \/>\n<script type=\"application\/ld+json\" class=\"yoast-schema-graph\">{\"@context\":\"https:\\\/\\\/schema.org\",\"@graph\":[{\"@type\":\"WebPage\",\"@id\":\"https:\\\/\\\/easyoriginal.com\\\/shop\\\/modern-worterklaerungen-englisch-b1-b2\\\/the-sirens-shells-b1-b2\\\/\",\"url\":\"https:\\\/\\\/easyoriginal.com\\\/shop\\\/modern-worterklaerungen-englisch-b1-b2\\\/the-sirens-shells-b1-b2\\\/\",\"name\":\"The Siren's Shells B1-B2 - EasyOriginal.com\",\"isPartOf\":{\"@id\":\"https:\\\/\\\/easyoriginal.com\\\/#website\"},\"primaryImageOfPage\":{\"@id\":\"https:\\\/\\\/easyoriginal.com\\\/shop\\\/modern-worterklaerungen-englisch-b1-b2\\\/the-sirens-shells-b1-b2\\\/#primaryimage\"},\"image\":{\"@id\":\"https:\\\/\\\/easyoriginal.com\\\/shop\\\/modern-worterklaerungen-englisch-b1-b2\\\/the-sirens-shells-b1-b2\\\/#primaryimage\"},\"thumbnailUrl\":\"https:\\\/\\\/easyoriginal.com\\\/wp-content\\\/uploads\\\/The-Sirens-Shells_W_printcover.jpg\",\"datePublished\":\"2025-04-13T18:47:10+00:00\",\"dateModified\":\"2025-04-19T19:44:54+00:00\",\"breadcrumb\":{\"@id\":\"https:\\\/\\\/easyoriginal.com\\\/shop\\\/modern-worterklaerungen-englisch-b1-b2\\\/the-sirens-shells-b1-b2\\\/#breadcrumb\"},\"inLanguage\":\"en-GB\",\"potentialAction\":[{\"@type\":\"ReadAction\",\"target\":[\"https:\\\/\\\/easyoriginal.com\\\/shop\\\/modern-worterklaerungen-englisch-b1-b2\\\/the-sirens-shells-b1-b2\\\/\"]}]},{\"@type\":\"ImageObject\",\"inLanguage\":\"en-GB\",\"@id\":\"https:\\\/\\\/easyoriginal.com\\\/shop\\\/modern-worterklaerungen-englisch-b1-b2\\\/the-sirens-shells-b1-b2\\\/#primaryimage\",\"url\":\"https:\\\/\\\/easyoriginal.com\\\/wp-content\\\/uploads\\\/The-Sirens-Shells_W_printcover.jpg\",\"contentUrl\":\"https:\\\/\\\/easyoriginal.com\\\/wp-content\\\/uploads\\\/The-Sirens-Shells_W_printcover.jpg\",\"width\":1600,\"height\":2400},{\"@type\":\"BreadcrumbList\",\"@id\":\"https:\\\/\\\/easyoriginal.com\\\/shop\\\/modern-worterklaerungen-englisch-b1-b2\\\/the-sirens-shells-b1-b2\\\/#breadcrumb\",\"itemListElement\":[{\"@type\":\"ListItem\",\"position\":1,\"name\":\"Startseite\",\"item\":\"https:\\\/\\\/easyoriginal.com\\\/\"},{\"@type\":\"ListItem\",\"position\":2,\"name\":\"Shop\",\"item\":\"https:\\\/\\\/easyoriginal.com\\\/shop\\\/\"},{\"@type\":\"ListItem\",\"position\":3,\"name\":\"The Siren&#8217;s Shells B1-B2\"}]},{\"@type\":\"WebSite\",\"@id\":\"https:\\\/\\\/easyoriginal.com\\\/#website\",\"url\":\"https:\\\/\\\/easyoriginal.com\\\/\",\"name\":\"EasyOriginal.com\",\"description\":\"Spa\u00df am Lesen im Original - Innovative Lesemethode f\u00fcr Fremdsprachen\",\"publisher\":{\"@id\":\"https:\\\/\\\/easyoriginal.com\\\/#organization\"},\"potentialAction\":[{\"@type\":\"SearchAction\",\"target\":{\"@type\":\"EntryPoint\",\"urlTemplate\":\"https:\\\/\\\/easyoriginal.com\\\/?s={search_term_string}\"},\"query-input\":{\"@type\":\"PropertyValueSpecification\",\"valueRequired\":true,\"valueName\":\"search_term_string\"}}],\"inLanguage\":\"en-GB\"},{\"@type\":\"Organization\",\"@id\":\"https:\\\/\\\/easyoriginal.com\\\/#organization\",\"name\":\"EasyOriginal Verlag\",\"url\":\"https:\\\/\\\/easyoriginal.com\\\/\",\"logo\":{\"@type\":\"ImageObject\",\"inLanguage\":\"en-GB\",\"@id\":\"https:\\\/\\\/easyoriginal.com\\\/#\\\/schema\\\/logo\\\/image\\\/\",\"url\":\"https:\\\/\\\/easyoriginal.com\\\/wp-content\\\/uploads\\\/2020\\\/08\\\/logo_main.png\",\"contentUrl\":\"https:\\\/\\\/easyoriginal.com\\\/wp-content\\\/uploads\\\/2020\\\/08\\\/logo_main.png\",\"width\":500,\"height\":103,\"caption\":\"EasyOriginal Verlag\"},\"image\":{\"@id\":\"https:\\\/\\\/easyoriginal.com\\\/#\\\/schema\\\/logo\\\/image\\\/\"}}]}<\/script>\n<!-- \/ Yoast SEO plugin. -->","yoast_head_json":{"title":"The Siren's Shells B1-B2 - EasyOriginal.com","robots":{"index":"index","follow":"follow","max-snippet":"max-snippet:-1","max-image-preview":"max-image-preview:large","max-video-preview":"max-video-preview:-1"},"canonical":"https:\/\/easyoriginal.com\/en\/shop\/modern-worterklaerungen-englisch-b1-b2\/the-sirens-shells-b1-b2\/","og_locale":"en_GB","og_type":"article","og_title":"The Siren's Shells B1-B2 - EasyOriginal.com","og_description":"An den goldenen Str\u00e4nden Cornwalls entdeckt die Meeresbiologin Dr. Lowenna Trewhella ein r\u00e4tselhaftes Ph\u00e4nomen: Die einst so h\u00e4ufigen Kaurischnecken sind pl\u00f6tzlich wie vom Erdboden verschluckt. Was zun\u00e4chst wie ein harmloses \u00f6kologisches R\u00e4tsel erscheint, entpuppt sich bald als Eintrittspforte in eine Welt voller Geheimnisse, Gefahren und verborgener Sch\u00e4tze. Gemeinsam mit ihrem ungleichen Team - dem technikbegeisterten Callum und der erfahrenen Einheimischen Meredith - begibt sich Lowenna auf eine atemberaubende Spurensuche. N\u00e4chtliche Strandbeobachtungen, r\u00e4tselhafte chemische Spuren und ein zwielichtiger Muschelsammler f\u00fchren sie immer tiefer in ein Netz aus internationalem Schmuggel, Umweltkriminalit\u00e4t und einer Legende, die sie f\u00fcr immer ver\u00e4ndern wird. Als die Ermittlungen eine gef\u00e4hrliche Wendung nehmen, muss Lowenna erkennen, dass an der wilden K\u00fcste Cornwalls weit mehr auf dem Spiel steht als nur verschwundene Muscheln. In einem Wettlauf gegen die Zeit riskiert das Team alles, um die Wahrheit hinter dem Mysterium der Sirenenschalen aufzudecken. \"Die Geheimnisse der K\u00fcste Cornwalls\" ist ein fesselnder \u00d6ko-Thriller, der Wissenschaft, Spannung und die raue Sch\u00f6nheit der cornischen Landschaft zu einem unwiderstehlichen Leseerlebnis verbindet. Tauchen Sie ein in eine Welt, in der die Grenzen zwischen Forschung und Abenteuer verschwimmen und entdecken Sie die verborgenen Wunder und Gefahren einer K\u00fcste, die ihre Geheimnisse nicht leicht preisgibt. Tauchen Sie ein in die erste packende Geschichte der \"Cornish Sea Secrets\" (\"Geheimnisse der kornischen See\") Serie und lassen Sie sich von der Brandung der Spannung mitrei\u00dfen!","og_url":"https:\/\/easyoriginal.com\/en\/shop\/modern-worterklaerungen-englisch-b1-b2\/the-sirens-shells-b1-b2\/","og_site_name":"EasyOriginal.com","article_modified_time":"2025-04-19T19:44:54+00:00","og_image":[{"width":1600,"height":2400,"url":"https:\/\/easyoriginal.com\/wp-content\/uploads\/The-Sirens-Shells_W_printcover.jpg","type":"image\/jpeg"}],"twitter_card":"summary_large_image","twitter_misc":{"Estimated reading time":"1 minute"},"schema":{"@context":"https:\/\/schema.org","@graph":[{"@type":"WebPage","@id":"https:\/\/easyoriginal.com\/shop\/modern-worterklaerungen-englisch-b1-b2\/the-sirens-shells-b1-b2\/","url":"https:\/\/easyoriginal.com\/shop\/modern-worterklaerungen-englisch-b1-b2\/the-sirens-shells-b1-b2\/","name":"The Siren's Shells B1-B2 - EasyOriginal.com","isPartOf":{"@id":"https:\/\/easyoriginal.com\/#website"},"primaryImageOfPage":{"@id":"https:\/\/easyoriginal.com\/shop\/modern-worterklaerungen-englisch-b1-b2\/the-sirens-shells-b1-b2\/#primaryimage"},"image":{"@id":"https:\/\/easyoriginal.com\/shop\/modern-worterklaerungen-englisch-b1-b2\/the-sirens-shells-b1-b2\/#primaryimage"},"thumbnailUrl":"https:\/\/easyoriginal.com\/wp-content\/uploads\/The-Sirens-Shells_W_printcover.jpg","datePublished":"2025-04-13T18:47:10+00:00","dateModified":"2025-04-19T19:44:54+00:00","breadcrumb":{"@id":"https:\/\/easyoriginal.com\/shop\/modern-worterklaerungen-englisch-b1-b2\/the-sirens-shells-b1-b2\/#breadcrumb"},"inLanguage":"en-GB","potentialAction":[{"@type":"ReadAction","target":["https:\/\/easyoriginal.com\/shop\/modern-worterklaerungen-englisch-b1-b2\/the-sirens-shells-b1-b2\/"]}]},{"@type":"ImageObject","inLanguage":"en-GB","@id":"https:\/\/easyoriginal.com\/shop\/modern-worterklaerungen-englisch-b1-b2\/the-sirens-shells-b1-b2\/#primaryimage","url":"https:\/\/easyoriginal.com\/wp-content\/uploads\/The-Sirens-Shells_W_printcover.jpg","contentUrl":"https:\/\/easyoriginal.com\/wp-content\/uploads\/The-Sirens-Shells_W_printcover.jpg","width":1600,"height":2400},{"@type":"BreadcrumbList","@id":"https:\/\/easyoriginal.com\/shop\/modern-worterklaerungen-englisch-b1-b2\/the-sirens-shells-b1-b2\/#breadcrumb","itemListElement":[{"@type":"ListItem","position":1,"name":"Startseite","item":"https:\/\/easyoriginal.com\/"},{"@type":"ListItem","position":2,"name":"Shop","item":"https:\/\/easyoriginal.com\/shop\/"},{"@type":"ListItem","position":3,"name":"The Siren&#8217;s Shells B1-B2"}]},{"@type":"WebSite","@id":"https:\/\/easyoriginal.com\/#website","url":"https:\/\/easyoriginal.com\/","name":"EasyOriginal.com","description":"Spa\u00df am Lesen im Original - Innovative Lesemethode f\u00fcr Fremdsprachen","publisher":{"@id":"https:\/\/easyoriginal.com\/#organization"},"potentialAction":[{"@type":"SearchAction","target":{"@type":"EntryPoint","urlTemplate":"https:\/\/easyoriginal.com\/?s={search_term_string}"},"query-input":{"@type":"PropertyValueSpecification","valueRequired":true,"valueName":"search_term_string"}}],"inLanguage":"en-GB"},{"@type":"Organization","@id":"https:\/\/easyoriginal.com\/#organization","name":"EasyOriginal Verlag","url":"https:\/\/easyoriginal.com\/","logo":{"@type":"ImageObject","inLanguage":"en-GB","@id":"https:\/\/easyoriginal.com\/#\/schema\/logo\/image\/","url":"https:\/\/easyoriginal.com\/wp-content\/uploads\/2020\/08\/logo_main.png","contentUrl":"https:\/\/easyoriginal.com\/wp-content\/uploads\/2020\/08\/logo_main.png","width":500,"height":103,"caption":"EasyOriginal Verlag"},"image":{"@id":"https:\/\/easyoriginal.com\/#\/schema\/logo\/image\/"}}]}},"_links":{"self":[{"href":"https:\/\/easyoriginal.com\/en\/wp-json\/wp\/v2\/product\/15131","targetHints":{"allow":["GET"]}}],"collection":[{"href":"https:\/\/easyoriginal.com\/en\/wp-json\/wp\/v2\/product"}],"about":[{"href":"https:\/\/easyoriginal.com\/en\/wp-json\/wp\/v2\/types\/product"}],"replies":[{"embeddable":true,"href":"https:\/\/easyoriginal.com\/en\/wp-json\/wp\/v2\/comments?post=15131"}],"wp:featuredmedia":[{"embeddable":true,"href":"https:\/\/easyoriginal.com\/en\/wp-json\/wp\/v2\/media\/15200"}],"wp:attachment":[{"href":"https:\/\/easyoriginal.com\/en\/wp-json\/wp\/v2\/media?parent=15131"}],"wp:term":[{"taxonomy":"product_brand","embeddable":true,"href":"https:\/\/easyoriginal.com\/en\/wp-json\/wp\/v2\/product_brand?post=15131"},{"taxonomy":"product_cat","embeddable":true,"href":"https:\/\/easyoriginal.com\/en\/wp-json\/wp\/v2\/product_cat?post=15131"},{"taxonomy":"product_tag","embeddable":true,"href":"https:\/\/easyoriginal.com\/en\/wp-json\/wp\/v2\/product_tag?post=15131"}],"curies":[{"name":"wp","href":"https:\/\/api.w.org\/{rel}","templated":true}]}}