{"id":15095,"date":"2025-04-08T21:03:19","date_gmt":"2025-04-08T19:03:19","guid":{"rendered":"https:\/\/easyoriginal.com\/?post_type=product&#038;p=15095"},"modified":"2025-04-13T21:27:19","modified_gmt":"2025-04-13T19:27:19","slug":"a-scandal-in-bohemia-modernisierte-klassiker-a2-b1","status":"publish","type":"product","link":"https:\/\/easyoriginal.com\/en\/shop\/english-modernisierte-klassiker-frank-a2-b1\/a-scandal-in-bohemia-modernisierte-klassiker-a2-b1\/","title":{"rendered":"A Scandal in Bohemia &#8211; Modernisierte Klassiker A2-B1"},"content":{"rendered":"<div class=\"adapted-container\">\n<p class=\"Adapted\"><span lang=\"en-US\">To Sherlock Holmes <\/span><span class=\"Translation CharOverride-1\" lang=\"en-US\">(f\u00fcr Sherlock Holmes)<\/span><span lang=\"en-US\">, she is always the woman <\/span><span class=\"Translation CharOverride-1\" lang=\"en-US\">(ist sie immer die Frau)<\/span><span lang=\"en-US\">. I have rarely heard him talk about her using any other name <\/span><span class=\"Translation CharOverride-1\" lang=\"en-US\">(ich habe ihn selten \u00fcber sie unter einem anderen Namen sprechen h\u00f6re<\/span><span class=\"Translation\"><span class=\"No-Break CharOverride-1\" lang=\"en-US\">n;<\/span><\/span><span class=\"Translation\"><span class=\"Comments\"> <\/span><\/span><span class=\"Translation\"><span class=\"Comment-Words\" lang=\"en-US\">to talk<\/span><\/span><span class=\"Translation\"><span class=\"No-Break\"><span class=\"Comments\"> \u2014<\/span><\/span><\/span><span class=\"Translation\"><span class=\"Comments\"> sprechen, reden<\/span><\/span><span class=\"Translation CharOverride-1\" lang=\"en-US\">)<\/span><span lang=\"en-US\">. In his eyes <\/span><span class=\"Translation CharOverride-1\" lang=\"en-US\">(in seinen Augen)<\/span><span lang=\"en-US\">, she is more important <\/span><span class=\"Translation CharOverride-1\" lang=\"en-US\">(ist sie wichtige)<\/span><span class=\"CharOverride-1\" lang=\"en-US\"> <\/span><span lang=\"en-US\">than all other women <\/span><span class=\"Translation CharOverride-1\" lang=\"en-US\">(als alle anderen Frauen)<\/span><span lang=\"en-US\">. It was not <\/span><span class=\"Translation CharOverride-1\" lang=\"en-US\">(es war nicht)<\/span><span class=\"CharOverride-1\" lang=\"en-US\"> <\/span><span lang=\"en-US\">that he felt any emotion close to love for Irene Adler <\/span><span class=\"Translation CharOverride-1\" lang=\"en-US\">(dass er irgendeine Emotion nahe der Liebe f\u00fcr Irene Adler empfan<\/span><span class=\"Translation\"><span class=\"No-Break CharOverride-1\" lang=\"en-US\">d;<\/span><\/span><span class=\"Translation\"><span class=\"Comments\"> <\/span><\/span><span class=\"Translation\"><span class=\"Comment-Words\" lang=\"en-US\">to feel<\/span><\/span><span class=\"Translation\"><span class=\"No-Break\"><span class=\"Comments\"> \u2014<\/span><\/span><\/span><span class=\"Translation\"><span class=\"Comments\"> f\u00fchlen, empfinde<\/span><\/span><span class=\"Translation\"><span class=\"No-Break\"><span class=\"Comments\">n;<\/span><\/span><\/span><span class=\"Translation\"><span class=\"Comments\"> <\/span><\/span><span class=\"Translation\"><span class=\"Comment-Words\" lang=\"en-US\">close<\/span><\/span><span class=\"Translation\"><span class=\"No-Break\"><span class=\"Comments\"> \u2014<\/span><\/span><\/span><span class=\"Translation\"><span class=\"Comments\"> nah, eng<\/span><\/span><span class=\"Translation CharOverride-1\" lang=\"en-US\">)<\/span><span lang=\"en-US\">.<\/span><\/p>\n<\/div>\n<audio class=\"wp-audio-shortcode\" id=\"audio-15095-1\" preload=\"none\" style=\"width: 100%;\" controls=\"controls\"><source type=\"audio\/mpeg\" src=\"https:\/\/easyoriginal1.s3.eu-central-1.amazonaws.com\/englisch\/e79\/001.mp3?_=1\" \/><a href=\"https:\/\/easyoriginal1.s3.eu-central-1.amazonaws.com\/englisch\/e79\/001.mp3\">https:\/\/easyoriginal1.s3.eu-central-1.amazonaws.com\/englisch\/e79\/001.mp3<\/a><\/audio>\n<div class=\"original-container\">\n<p class=\"Original\" lang=\"en-GB\">To Sherlock Holmes, she is always the woman. I have rarely heard him talk about her using any other name. In his eyes, she is more important than all other women. It was not that he felt any emotion close to love for Irene Adler.<\/p>\n<\/div>","protected":false},"excerpt":{"rendered":"<p>Modernisierte Klassiker + Frank-Lesemethode<br \/>\nVergessen Sie alles, was Sie \u00fcber Sherlock Holmes zu wissen glauben.<br \/>\nIn A Scandal in Bohemia bekommt der ber\u00fchmteste Detektiv der Welt es mit einer Gegnerin zu tun, die ihm nicht nur intellektuell die Stirn bietet \u2013 sondern ihn aus dem Gleichgewicht bringt wie keine andere zuvor. Ein k\u00f6niglicher Auftrag. Ein streng geh\u00fctetes Geheimnis. Und eine Frau, die Holmes&#8216; k\u00fchle Logik geh\u00f6rig ins Wanken bringt.<br \/>\nDiese Story ist mehr als nur ein klassischer Kriminalfall \u2013 sie ist ein Duell der K\u00f6pfe, eine Lektion in T\u00e4uschung, und der Grund, warum eine bestimmte Frau f\u00fcr Holmes f\u00fcr immer unvergessen bleibt.<br \/>\nRaffiniert. \u00dcberraschend. Und einfach kultig.<br \/>\nDer perfekte Einstieg in die Welt von Sherlock Holmes \u2013 f\u00fcr alle, die Stil, Spannung und starke Charaktere lieben.<br \/>\nZweisprachiges Buch Englisch-Deutsch.<\/p>","protected":false},"featured_media":15100,"comment_status":"open","ping_status":"closed","template":"","meta":{"_acf_changed":false,"_et_pb_use_builder":"off","_et_pb_old_content":"<div class=\"adapted-container\">\r\n<p class=\"Adapted\"><span class=\"Bold\">Hace mucho tiempo que ten\u00eda ganas de escribir <\/span><span class=\"Translation\">(seit langer Zeit hatte ich Lust zu schreiben; <\/span><span class=\"Translation\"><span class=\"Comment-Words\">tener<\/span><\/span><span class=\"Translation\"><span class=\"Comments\"> \u2014 haben<\/span><\/span><span class=\"Translation\">)<\/span><span class=\"Bold\"> cualquier cosa con este t\u00edtulo <\/span><span class=\"Translation\">(irgendetwas mit diesem Titel)<\/span><span class=\"Bold\">.<\/span><\/p>\r\n<p class=\"Adapted\"><span class=\"Bold\">Hoy<a id=\"_idTextAnchor001\"><\/a>, que se me ha presentado ocasi\u00f3n <\/span><span class=\"Translation\">(heute, wo sich mir \/eine\/ Gelegenheit geboten hat; <\/span><span class=\"Translation\"><span class=\"Comment-Words\">presentar<\/span><\/span><span class=\"Translation\"><span class=\"Comments\"> \u2014 zeigen; vorstellen<\/span><\/span><span class=\"Translation\">)<\/span><span class=\"Bold\">, lo he puesto con letras grandes <\/span><span class=\"Translation\">(das habe ich in gro\u00dfen Buchstaben gesetzt = habe ich es in Gro\u00dfbuchstaben gesetzt; <\/span><span class=\"Translation\"><span class=\"Comment-Words\">poner<\/span><\/span><span class=\"Translation\"><span class=\"Comments\"> \u2014 setzen; stellen; legen<\/span><\/span><span class=\"Translation\">)<\/span><span class=\"Bold\"> en la primera cuartilla de papel <\/span><span class=\"Translation\">(auf das erste Blatt: \u00abauf das erste Viertelpapier\u00bb; <\/span><span class=\"Translation\"><span class=\"Comment-Words\">cuarto<\/span><\/span><span class=\"Translation\"><span class=\"Gender _idGenCharOverride-1\">m <\/span><\/span><span class=\"Translation\"><span class=\"Comments\">\u2014 Viertel<\/span><\/span><span class=\"Translation\">)<\/span><span class=\"Bold\">, y luego he dejado a capricho volar la pluma <\/span><span class=\"Translation\">(und dann habe ich nach Belieben die Feder fliegen lassen; <\/span><span class=\"Translation\"><span class=\"Comment-Words\">dejar<\/span><\/span><span class=\"Translation\"><span class=\"Comments\"> \u2014 lassen; <\/span><\/span><span class=\"Translation\"><span class=\"Comment-Words\">capricho<\/span><\/span><span class=\"Translation\"><span class=\"Gender _idGenCharOverride-1\">m <\/span><\/span><span class=\"Translation\"><span class=\"Comments\">\u2014 Laune<\/span><\/span><span class=\"Translation\">)<\/span><span class=\"Bold\">.<\/span><\/p>\r\n\r\n<\/div>\r\n[audio mp3=\"https:\/\/easyoriginal1.s3.eu-central-1.amazonaws.com\/spanisch\/s1\/1.mp3\"][\/audio]\r\n<div class=\"original-container\">\r\n<p class=\"Original\">Hace mucho tiempo que ten\u00eda ganas de escribir cualquier cosa con este t\u00edtulo.<\/p>\r\n<p class=\"Original\">Hoy, que se me ha presentado ocasi\u00f3n, lo he puesto con letras grandes en la primera cuartilla de papel, y luego he dejado a capricho volar la pluma.<\/p>\r\n\r\n<\/div>\r\n<a class=\"weiter\" href=\"\/webreader\/los-ojos-verdes\/fragment\/1-4-2\/\">weiter lesen<\/a>","_et_gb_content_width":""},"product_brand":[],"product_cat":[271],"product_tag":[164,81],"class_list":{"0":"post-15095","1":"product","2":"type-product","3":"status-publish","4":"has-post-thumbnail","6":"product_cat-english-modernisierte-klassiker-frank-a2-b1","7":"product_tag-anfaenger","8":"product_tag-krimi","10":"first","11":"instock","12":"taxable","13":"shipping-taxable","14":"purchasable","15":"product-type-variable"},"acf":[],"yoast_head":"<!-- This site is optimized with the Yoast SEO plugin v27.3 - https:\/\/yoast.com\/product\/yoast-seo-wordpress\/ -->\n<title>A Scandal in Bohemia - Modernisierte Klassiker A2-B1 - EasyOriginal.com<\/title>\n<meta name=\"robots\" content=\"index, follow, max-snippet:-1, max-image-preview:large, max-video-preview:-1\" \/>\n<link rel=\"canonical\" href=\"https:\/\/easyoriginal.com\/en\/shop\/english-modernisierte-klassiker-frank-a2-b1\/a-scandal-in-bohemia-modernisierte-klassiker-a2-b1\/\" \/>\n<meta property=\"og:locale\" content=\"en_GB\" \/>\n<meta property=\"og:type\" content=\"article\" \/>\n<meta property=\"og:title\" content=\"A Scandal in Bohemia - Modernisierte Klassiker A2-B1 - EasyOriginal.com\" \/>\n<meta property=\"og:description\" content=\"Modernisierte Klassiker + Frank-Lesemethode Vergessen Sie alles, was Sie \u00fcber Sherlock Holmes zu wissen glauben. In A Scandal in Bohemia bekommt der ber\u00fchmteste Detektiv der Welt es mit einer Gegnerin zu tun, die ihm nicht nur intellektuell die Stirn bietet \u2013 sondern ihn aus dem Gleichgewicht bringt wie keine andere zuvor. Ein k\u00f6niglicher Auftrag. Ein streng geh\u00fctetes Geheimnis. Und eine Frau, die Holmes&#039; k\u00fchle Logik geh\u00f6rig ins Wanken bringt. Diese Story ist mehr als nur ein klassischer Kriminalfall \u2013 sie ist ein Duell der K\u00f6pfe, eine Lektion in T\u00e4uschung, und der Grund, warum eine bestimmte Frau f\u00fcr Holmes f\u00fcr immer unvergessen bleibt. Raffiniert. \u00dcberraschend. Und einfach kultig. Der perfekte Einstieg in die Welt von Sherlock Holmes \u2013 f\u00fcr alle, die Stil, Spannung und starke Charaktere lieben. Zweisprachiges Buch Englisch-Deutsch.\" \/>\n<meta property=\"og:url\" content=\"https:\/\/easyoriginal.com\/en\/shop\/english-modernisierte-klassiker-frank-a2-b1\/a-scandal-in-bohemia-modernisierte-klassiker-a2-b1\/\" \/>\n<meta property=\"og:site_name\" content=\"EasyOriginal.com\" \/>\n<meta property=\"article:modified_time\" content=\"2025-04-13T19:27:19+00:00\" \/>\n<meta property=\"og:image\" content=\"https:\/\/easyoriginal.com\/wp-content\/uploads\/A_Scandal_in_Bohemia_M_printcover.jpg\" \/>\n\t<meta property=\"og:image:width\" content=\"1600\" \/>\n\t<meta property=\"og:image:height\" content=\"2400\" \/>\n\t<meta property=\"og:image:type\" content=\"image\/jpeg\" \/>\n<meta name=\"twitter:card\" content=\"summary_large_image\" \/>\n<meta name=\"twitter:label1\" content=\"Estimated reading time\" \/>\n\t<meta name=\"twitter:data1\" content=\"2 minutes\" \/>\n<script type=\"application\/ld+json\" class=\"yoast-schema-graph\">{\"@context\":\"https:\\\/\\\/schema.org\",\"@graph\":[{\"@type\":\"WebPage\",\"@id\":\"https:\\\/\\\/easyoriginal.com\\\/shop\\\/english-modernisierte-klassiker-frank-a2-b1\\\/a-scandal-in-bohemia-modernisierte-klassiker-a2-b1\\\/\",\"url\":\"https:\\\/\\\/easyoriginal.com\\\/shop\\\/english-modernisierte-klassiker-frank-a2-b1\\\/a-scandal-in-bohemia-modernisierte-klassiker-a2-b1\\\/\",\"name\":\"A Scandal in Bohemia - Modernisierte Klassiker A2-B1 - EasyOriginal.com\",\"isPartOf\":{\"@id\":\"https:\\\/\\\/easyoriginal.com\\\/#website\"},\"primaryImageOfPage\":{\"@id\":\"https:\\\/\\\/easyoriginal.com\\\/shop\\\/english-modernisierte-klassiker-frank-a2-b1\\\/a-scandal-in-bohemia-modernisierte-klassiker-a2-b1\\\/#primaryimage\"},\"image\":{\"@id\":\"https:\\\/\\\/easyoriginal.com\\\/shop\\\/english-modernisierte-klassiker-frank-a2-b1\\\/a-scandal-in-bohemia-modernisierte-klassiker-a2-b1\\\/#primaryimage\"},\"thumbnailUrl\":\"https:\\\/\\\/easyoriginal.com\\\/wp-content\\\/uploads\\\/A_Scandal_in_Bohemia_M_printcover.jpg\",\"datePublished\":\"2025-04-08T19:03:19+00:00\",\"dateModified\":\"2025-04-13T19:27:19+00:00\",\"breadcrumb\":{\"@id\":\"https:\\\/\\\/easyoriginal.com\\\/shop\\\/english-modernisierte-klassiker-frank-a2-b1\\\/a-scandal-in-bohemia-modernisierte-klassiker-a2-b1\\\/#breadcrumb\"},\"inLanguage\":\"en-GB\",\"potentialAction\":[{\"@type\":\"ReadAction\",\"target\":[\"https:\\\/\\\/easyoriginal.com\\\/shop\\\/english-modernisierte-klassiker-frank-a2-b1\\\/a-scandal-in-bohemia-modernisierte-klassiker-a2-b1\\\/\"]}]},{\"@type\":\"ImageObject\",\"inLanguage\":\"en-GB\",\"@id\":\"https:\\\/\\\/easyoriginal.com\\\/shop\\\/english-modernisierte-klassiker-frank-a2-b1\\\/a-scandal-in-bohemia-modernisierte-klassiker-a2-b1\\\/#primaryimage\",\"url\":\"https:\\\/\\\/easyoriginal.com\\\/wp-content\\\/uploads\\\/A_Scandal_in_Bohemia_M_printcover.jpg\",\"contentUrl\":\"https:\\\/\\\/easyoriginal.com\\\/wp-content\\\/uploads\\\/A_Scandal_in_Bohemia_M_printcover.jpg\",\"width\":1600,\"height\":2400},{\"@type\":\"BreadcrumbList\",\"@id\":\"https:\\\/\\\/easyoriginal.com\\\/shop\\\/english-modernisierte-klassiker-frank-a2-b1\\\/a-scandal-in-bohemia-modernisierte-klassiker-a2-b1\\\/#breadcrumb\",\"itemListElement\":[{\"@type\":\"ListItem\",\"position\":1,\"name\":\"Startseite\",\"item\":\"https:\\\/\\\/easyoriginal.com\\\/\"},{\"@type\":\"ListItem\",\"position\":2,\"name\":\"Shop\",\"item\":\"https:\\\/\\\/easyoriginal.com\\\/shop\\\/\"},{\"@type\":\"ListItem\",\"position\":3,\"name\":\"A Scandal in Bohemia &#8211; Modernisierte Klassiker A2-B1\"}]},{\"@type\":\"WebSite\",\"@id\":\"https:\\\/\\\/easyoriginal.com\\\/#website\",\"url\":\"https:\\\/\\\/easyoriginal.com\\\/\",\"name\":\"EasyOriginal.com\",\"description\":\"Spa\u00df am Lesen im Original - Innovative Lesemethode f\u00fcr Fremdsprachen\",\"publisher\":{\"@id\":\"https:\\\/\\\/easyoriginal.com\\\/#organization\"},\"potentialAction\":[{\"@type\":\"SearchAction\",\"target\":{\"@type\":\"EntryPoint\",\"urlTemplate\":\"https:\\\/\\\/easyoriginal.com\\\/?s={search_term_string}\"},\"query-input\":{\"@type\":\"PropertyValueSpecification\",\"valueRequired\":true,\"valueName\":\"search_term_string\"}}],\"inLanguage\":\"en-GB\"},{\"@type\":\"Organization\",\"@id\":\"https:\\\/\\\/easyoriginal.com\\\/#organization\",\"name\":\"EasyOriginal Verlag\",\"url\":\"https:\\\/\\\/easyoriginal.com\\\/\",\"logo\":{\"@type\":\"ImageObject\",\"inLanguage\":\"en-GB\",\"@id\":\"https:\\\/\\\/easyoriginal.com\\\/#\\\/schema\\\/logo\\\/image\\\/\",\"url\":\"https:\\\/\\\/easyoriginal.com\\\/wp-content\\\/uploads\\\/2020\\\/08\\\/logo_main.png\",\"contentUrl\":\"https:\\\/\\\/easyoriginal.com\\\/wp-content\\\/uploads\\\/2020\\\/08\\\/logo_main.png\",\"width\":500,\"height\":103,\"caption\":\"EasyOriginal Verlag\"},\"image\":{\"@id\":\"https:\\\/\\\/easyoriginal.com\\\/#\\\/schema\\\/logo\\\/image\\\/\"}}]}<\/script>\n<!-- \/ Yoast SEO plugin. -->","yoast_head_json":{"title":"A Scandal in Bohemia - Modernisierte Klassiker A2-B1 - EasyOriginal.com","robots":{"index":"index","follow":"follow","max-snippet":"max-snippet:-1","max-image-preview":"max-image-preview:large","max-video-preview":"max-video-preview:-1"},"canonical":"https:\/\/easyoriginal.com\/en\/shop\/english-modernisierte-klassiker-frank-a2-b1\/a-scandal-in-bohemia-modernisierte-klassiker-a2-b1\/","og_locale":"en_GB","og_type":"article","og_title":"A Scandal in Bohemia - Modernisierte Klassiker A2-B1 - EasyOriginal.com","og_description":"Modernisierte Klassiker + Frank-Lesemethode Vergessen Sie alles, was Sie \u00fcber Sherlock Holmes zu wissen glauben. In A Scandal in Bohemia bekommt der ber\u00fchmteste Detektiv der Welt es mit einer Gegnerin zu tun, die ihm nicht nur intellektuell die Stirn bietet \u2013 sondern ihn aus dem Gleichgewicht bringt wie keine andere zuvor. Ein k\u00f6niglicher Auftrag. Ein streng geh\u00fctetes Geheimnis. Und eine Frau, die Holmes' k\u00fchle Logik geh\u00f6rig ins Wanken bringt. Diese Story ist mehr als nur ein klassischer Kriminalfall \u2013 sie ist ein Duell der K\u00f6pfe, eine Lektion in T\u00e4uschung, und der Grund, warum eine bestimmte Frau f\u00fcr Holmes f\u00fcr immer unvergessen bleibt. Raffiniert. \u00dcberraschend. Und einfach kultig. Der perfekte Einstieg in die Welt von Sherlock Holmes \u2013 f\u00fcr alle, die Stil, Spannung und starke Charaktere lieben. Zweisprachiges Buch Englisch-Deutsch.","og_url":"https:\/\/easyoriginal.com\/en\/shop\/english-modernisierte-klassiker-frank-a2-b1\/a-scandal-in-bohemia-modernisierte-klassiker-a2-b1\/","og_site_name":"EasyOriginal.com","article_modified_time":"2025-04-13T19:27:19+00:00","og_image":[{"width":1600,"height":2400,"url":"https:\/\/easyoriginal.com\/wp-content\/uploads\/A_Scandal_in_Bohemia_M_printcover.jpg","type":"image\/jpeg"}],"twitter_card":"summary_large_image","twitter_misc":{"Estimated reading time":"2 minutes"},"schema":{"@context":"https:\/\/schema.org","@graph":[{"@type":"WebPage","@id":"https:\/\/easyoriginal.com\/shop\/english-modernisierte-klassiker-frank-a2-b1\/a-scandal-in-bohemia-modernisierte-klassiker-a2-b1\/","url":"https:\/\/easyoriginal.com\/shop\/english-modernisierte-klassiker-frank-a2-b1\/a-scandal-in-bohemia-modernisierte-klassiker-a2-b1\/","name":"A Scandal in Bohemia - Modernisierte Klassiker A2-B1 - EasyOriginal.com","isPartOf":{"@id":"https:\/\/easyoriginal.com\/#website"},"primaryImageOfPage":{"@id":"https:\/\/easyoriginal.com\/shop\/english-modernisierte-klassiker-frank-a2-b1\/a-scandal-in-bohemia-modernisierte-klassiker-a2-b1\/#primaryimage"},"image":{"@id":"https:\/\/easyoriginal.com\/shop\/english-modernisierte-klassiker-frank-a2-b1\/a-scandal-in-bohemia-modernisierte-klassiker-a2-b1\/#primaryimage"},"thumbnailUrl":"https:\/\/easyoriginal.com\/wp-content\/uploads\/A_Scandal_in_Bohemia_M_printcover.jpg","datePublished":"2025-04-08T19:03:19+00:00","dateModified":"2025-04-13T19:27:19+00:00","breadcrumb":{"@id":"https:\/\/easyoriginal.com\/shop\/english-modernisierte-klassiker-frank-a2-b1\/a-scandal-in-bohemia-modernisierte-klassiker-a2-b1\/#breadcrumb"},"inLanguage":"en-GB","potentialAction":[{"@type":"ReadAction","target":["https:\/\/easyoriginal.com\/shop\/english-modernisierte-klassiker-frank-a2-b1\/a-scandal-in-bohemia-modernisierte-klassiker-a2-b1\/"]}]},{"@type":"ImageObject","inLanguage":"en-GB","@id":"https:\/\/easyoriginal.com\/shop\/english-modernisierte-klassiker-frank-a2-b1\/a-scandal-in-bohemia-modernisierte-klassiker-a2-b1\/#primaryimage","url":"https:\/\/easyoriginal.com\/wp-content\/uploads\/A_Scandal_in_Bohemia_M_printcover.jpg","contentUrl":"https:\/\/easyoriginal.com\/wp-content\/uploads\/A_Scandal_in_Bohemia_M_printcover.jpg","width":1600,"height":2400},{"@type":"BreadcrumbList","@id":"https:\/\/easyoriginal.com\/shop\/english-modernisierte-klassiker-frank-a2-b1\/a-scandal-in-bohemia-modernisierte-klassiker-a2-b1\/#breadcrumb","itemListElement":[{"@type":"ListItem","position":1,"name":"Startseite","item":"https:\/\/easyoriginal.com\/"},{"@type":"ListItem","position":2,"name":"Shop","item":"https:\/\/easyoriginal.com\/shop\/"},{"@type":"ListItem","position":3,"name":"A Scandal in Bohemia &#8211; Modernisierte Klassiker A2-B1"}]},{"@type":"WebSite","@id":"https:\/\/easyoriginal.com\/#website","url":"https:\/\/easyoriginal.com\/","name":"EasyOriginal.com","description":"Spa\u00df am Lesen im Original - Innovative Lesemethode f\u00fcr Fremdsprachen","publisher":{"@id":"https:\/\/easyoriginal.com\/#organization"},"potentialAction":[{"@type":"SearchAction","target":{"@type":"EntryPoint","urlTemplate":"https:\/\/easyoriginal.com\/?s={search_term_string}"},"query-input":{"@type":"PropertyValueSpecification","valueRequired":true,"valueName":"search_term_string"}}],"inLanguage":"en-GB"},{"@type":"Organization","@id":"https:\/\/easyoriginal.com\/#organization","name":"EasyOriginal Verlag","url":"https:\/\/easyoriginal.com\/","logo":{"@type":"ImageObject","inLanguage":"en-GB","@id":"https:\/\/easyoriginal.com\/#\/schema\/logo\/image\/","url":"https:\/\/easyoriginal.com\/wp-content\/uploads\/2020\/08\/logo_main.png","contentUrl":"https:\/\/easyoriginal.com\/wp-content\/uploads\/2020\/08\/logo_main.png","width":500,"height":103,"caption":"EasyOriginal Verlag"},"image":{"@id":"https:\/\/easyoriginal.com\/#\/schema\/logo\/image\/"}}]}},"_links":{"self":[{"href":"https:\/\/easyoriginal.com\/en\/wp-json\/wp\/v2\/product\/15095","targetHints":{"allow":["GET"]}}],"collection":[{"href":"https:\/\/easyoriginal.com\/en\/wp-json\/wp\/v2\/product"}],"about":[{"href":"https:\/\/easyoriginal.com\/en\/wp-json\/wp\/v2\/types\/product"}],"replies":[{"embeddable":true,"href":"https:\/\/easyoriginal.com\/en\/wp-json\/wp\/v2\/comments?post=15095"}],"wp:featuredmedia":[{"embeddable":true,"href":"https:\/\/easyoriginal.com\/en\/wp-json\/wp\/v2\/media\/15100"}],"wp:attachment":[{"href":"https:\/\/easyoriginal.com\/en\/wp-json\/wp\/v2\/media?parent=15095"}],"wp:term":[{"taxonomy":"product_brand","embeddable":true,"href":"https:\/\/easyoriginal.com\/en\/wp-json\/wp\/v2\/product_brand?post=15095"},{"taxonomy":"product_cat","embeddable":true,"href":"https:\/\/easyoriginal.com\/en\/wp-json\/wp\/v2\/product_cat?post=15095"},{"taxonomy":"product_tag","embeddable":true,"href":"https:\/\/easyoriginal.com\/en\/wp-json\/wp\/v2\/product_tag?post=15095"}],"curies":[{"name":"wp","href":"https:\/\/api.w.org\/{rel}","templated":true}]}}