{"id":15085,"date":"2025-04-08T20:51:04","date_gmt":"2025-04-08T18:51:04","guid":{"rendered":"https:\/\/easyoriginal.com\/?post_type=product&#038;p=15085"},"modified":"2026-01-17T11:25:08","modified_gmt":"2026-01-17T10:25:08","slug":"the-midnight-moonflower-die-mitternachts-mondblume","status":"publish","type":"product","link":"https:\/\/easyoriginal.com\/en\/shop\/modern-englisch-frank-a1-a2\/the-midnight-moonflower-die-mitternachts-mondblume\/","title":{"rendered":"The Midnight Moonflower \u2014 Die Mitternachts-Mondblume"},"content":{"rendered":"<div class=\"adapted-container\">\n<p class=\"Adapted\"><span lang=\"en-US\">Evening Blooms <\/span><span class=\"Translation CharOverride-1\" lang=\"en-US\">(Abendbl\u00fcte<\/span><span class=\"Translation\"><span class=\"No-Break CharOverride-1\" lang=\"en-US\">n;<\/span><\/span><span class=\"Translation\"><span class=\"Comments\"> <\/span><\/span><span class=\"Translation\"><span class=\"Comment-Words\" lang=\"en-US\">bloom<\/span><\/span><span class=\"Translation\"><span class=\"No-Break\"><span class=\"Comments CharOverride-2\"> \u2014<\/span><\/span><\/span><span class=\"Translation\"><span class=\"Comments CharOverride-2\"> <\/span><\/span><span class=\"Translation\"><span class=\"Comments\">Bl\u00fcte, Blume<\/span><\/span><span class=\"Translation CharOverride-1\" lang=\"en-US\">)<\/span><\/p>\n<p class=\"Adapted\"><span lang=\"en-US\">It was a warm August evening in Rosethorne <\/span><span class=\"Translation CharOverride-1\" lang=\"en-US\">(es war ein warmer Augustabend in Rosethorn<\/span><span class=\"Translation\"><span class=\"No-Break CharOverride-1\" lang=\"en-US\">e;<\/span><\/span><span class=\"Translation\"><span class=\"Comments\"> <\/span><\/span><span class=\"Translation\"><span class=\"Comment-Words\" lang=\"en-US\">warm<\/span><\/span><span class=\"Translation\"><span class=\"No-Break\"><span class=\"Comments\"> \u2014<\/span><\/span><\/span><span class=\"Translation\"><span class=\"Comments\"> warm, mild<\/span><\/span><span class=\"Translation CharOverride-1\" lang=\"en-US\">)<\/span><span lang=\"en-US\">. <\/span><span>The sun was setting <\/span><span class=\"Translation CharOverride-1\">(die Sonne ging unte<\/span><span class=\"Translation\"><span class=\"No-Break CharOverride-1\">r;<\/span><\/span><span class=\"Translation\"><span class=\"Comments\"> <\/span><\/span><span class=\"Translation\"><span class=\"Comment-Words\">to set<\/span><\/span><span class=\"Translation\"><span class=\"No-Break\"><span class=\"Comments\"> \u2014<\/span><\/span><\/span><span class=\"Translation\"><span class=\"Comments\"> untergehen, versinken<\/span><\/span><span class=\"Translation CharOverride-1\">)<\/span><span>, painting the sky with shades of orange and pink <\/span><span class=\"Translation CharOverride-1\">(den Himmel mit Schattierungen von Orange und Rosa f\u00e4rben<\/span><span class=\"Translation\"><span class=\"No-Break CharOverride-1\">d;<\/span><\/span><span class=\"Translation\"><span class=\"Comments\"> <\/span><\/span><span class=\"Translation\"><span class=\"Comment-Words\">to paint<\/span><\/span><span class=\"Translation\"><span class=\"No-Break\"><span class=\"Comments\"> \u2014<\/span><\/span><\/span><span class=\"Translation\"><span class=\"Comments\"> malen, anstreichen, f\u00e4rbe<\/span><\/span><span class=\"Translation\"><span class=\"No-Break\"><span class=\"Comments\">n;<\/span><\/span><\/span><span class=\"Translation\"><span class=\"Comments\"> <\/span><\/span><span class=\"Translation\"><span class=\"Comment-Words\">shade<\/span><\/span><span class=\"Translation\"><span class=\"No-Break\"><span class=\"Comments\"> \u2014<\/span><\/span><\/span><span class=\"Translation\"><span class=\"Comments\"> Schatten, Schattierung, Nuance<\/span><\/span><span class=\"Translation CharOverride-1\">)<\/span><span>. In her flower shop &quot;Petal &amp; Thorn,&quot; <\/span><span class=\"Translation CharOverride-1\">(in ihrem Blumenladen &quot;Bl\u00fctenblatt &amp; Dorn<\/span><span class=\"Translation\"><span class=\"No-Break CharOverride-1\">&quot;;<\/span><\/span><span class=\"Translation\"><span class=\"Comments\"> <\/span><\/span><span class=\"Translation\"><span class=\"Comment-Words\">petal<\/span><\/span><span class=\"Translation\"><span class=\"No-Break\"><span class=\"Comments CharOverride-2\"> \u2014<\/span><\/span><\/span><span class=\"Translation\"><span class=\"Comments CharOverride-2\"> <\/span><\/span><span class=\"Translation\"><span class=\"Comments\">Bl\u00fctenblat<\/span><\/span><span class=\"Translation\"><span class=\"No-Break\"><span class=\"Comments\">t;<\/span><\/span><\/span><span class=\"Translation\"><span class=\"Comments\"> <\/span><\/span><span class=\"Translation\"><span class=\"Comment-Words\">thorn<\/span><\/span><span class=\"Translation\"><span class=\"No-Break\"><span class=\"Comments\"> \u2014<\/span><\/span><\/span><span class=\"Translation\"><span class=\"Comments\"> Dorn, Stachel<\/span><\/span><span class=\"Translation CharOverride-1\">)<\/span><span> Flora Bloom was arranging a special bouquet <\/span><span class=\"Translation CharOverride-1\">(arrangierte Flora Bloom einen besonderen Blumenstrau<\/span><span class=\"Translation\"><span class=\"No-Break CharOverride-1\">\u00df;<\/span><\/span><span class=\"Translation\"><span class=\"Comments\"> <\/span><\/span><span class=\"Translation\"><span class=\"Comment-Words\">to arrange<\/span><\/span><span class=\"Translation\"><span class=\"No-Break\"><span class=\"Comments\"> \u2014<\/span><\/span><\/span><span class=\"Translation\"><span class=\"Comments\"> anordnen, arrangieren<\/span><\/span><span class=\"Translation CharOverride-1\">)<\/span><span>. Her nimble fingers moved with purpose <\/span><span class=\"Translation CharOverride-1\">(ihre flinken Finger bewegten sich zielgerichte<\/span><span class=\"Translation\"><span class=\"No-Break CharOverride-1\">t;<\/span><\/span><span class=\"Translation\"><span class=\"Comments\"> <\/span><\/span><span class=\"Translation\"><span class=\"Comment-Words\">nimble<\/span><\/span><span class=\"Translation\"><span class=\"No-Break\"><span class=\"Comments\"> \u2014<\/span><\/span><\/span><span class=\"Translation\"><span class=\"Comments\"> flink, beweglich, gewand<\/span><\/span><span class=\"Translation\"><span class=\"No-Break\"><span class=\"Comments\">t;<\/span><\/span><\/span><span class=\"Translation\"><span class=\"Comments\"> <\/span><\/span><span class=\"Translation\"><span class=\"Comment-Words\">purpose<\/span><\/span><span class=\"Translation\"><span class=\"No-Break\"><span class=\"Comments\"> \u2014<\/span><\/span><\/span><span class=\"Translation\"><span class=\"Comments\"> Zweck, Absicht, Ziel<\/span><\/span><span class=\"Translation CharOverride-1\">)<\/span><span>, selecting and placing each flower with care <\/span><span class=\"Translation CharOverride-1\">(jede Blume sorgf\u00e4ltig ausw\u00e4hlend und platzieren<\/span><span class=\"Translation\"><span class=\"No-Break CharOverride-1\">d;<\/span><\/span><span class=\"Translation\"><span class=\"Comments\"> <\/span><\/span><span class=\"Translation\"><span class=\"Comment-Words\">to select<\/span><\/span><span class=\"Translation\"><span class=\"No-Break\"><span class=\"Comments\"> \u2014<\/span><\/span><\/span><span class=\"Translation\"><span class=\"Comments\"> ausw\u00e4hlen, aussuche<\/span><\/span><span class=\"Translation\"><span class=\"No-Break\"><span class=\"Comments\">n;<\/span><\/span><\/span><span class=\"Translation\"><span class=\"Comments\"> <\/span><\/span><span class=\"Translation\"><span class=\"Comment-Words\">to place<\/span><\/span><span class=\"Translation\"><span class=\"No-Break\"><span class=\"Comments\"> \u2014<\/span><\/span><\/span><span class=\"Translation\"><span class=\"Comments\"> platzieren, stellen<\/span><\/span><span class=\"Translation CharOverride-1\">)<\/span><span>.<\/span><\/p>\n<\/div>\n<audio class=\"wp-audio-shortcode\" id=\"audio-15085-1\" preload=\"none\" style=\"width: 100%;\" controls=\"controls\"><source type=\"audio\/mpeg\" src=\"https:\/\/easyoriginal1.s3.eu-central-1.amazonaws.com\/englisch\/e81\/001.mp3?_=1\" \/><a href=\"https:\/\/easyoriginal1.s3.eu-central-1.amazonaws.com\/englisch\/e81\/001.mp3\">https:\/\/easyoriginal1.s3.eu-central-1.amazonaws.com\/englisch\/e81\/001.mp3<\/a><\/audio>\n<div class=\"original-container\">\n<p class=\"Original\" lang=\"en-GB\">Evening Blooms<\/p>\n<p class=\"Original\" lang=\"en-GB\">It was a warm August evening in Rosethorne. The sun was setting, painting the sky with shades of orange and pink. In her flower shop &quot;Petal &amp; Thorn,&quot; Flora Bloom was arranging a special bouquet. Her nimble fingers moved with purpose, selecting and placing each flower with care.<\/p>\n<\/div>","protected":false},"excerpt":{"rendered":"<p>Verlockend geheimnisvoll \u2013 ein botanisches Cozy-Mystery-Abenteuer!<br \/>\nIm idyllischen englischen Dorf Rosethorne betreibt Flora Bloom den charmanten Blumenladen Petal &#038; Thorn. Doch als n\u00e4chtliche Lichter auf dem alten Kirchhof erscheinen und ein bet\u00f6render, fremder Duft durch das Dorf zieht, wird aus dem beschaulichen Alltag eine fesselnde Suche nach der Wahrheit. Was haben seltene Mondblumen mit alten Klostergeheimnissen, unerkl\u00e4rlichen Schlafkrankheiten und der Wissenschaft von gestern zu tun?<br \/>\nThe Midnight Moonflower entfaltet eine atmosph\u00e4rische Geschichte voller duftender Blumen, verborgener G\u00e4rten, historischer R\u00e4tsel und unerwarteter Allianzen. Mit viel Herz, einem Hauch Spannung und einer Prise britischem Charme w\u00e4chst hier nicht nur eine Pflanze, sondern auch die Hoffnung auf Heilung \u2013 und vielleicht sogar auf neue Liebe.<br \/>\nEin Buch zum Wohlf\u00fchlen, Mitr\u00e4tseln und Staunen \u2013 warmherzig, klug und einfach zauberhaft.<br \/>\nZweisprachiges Buch Englisch-Deutsch.<\/p>","protected":false},"featured_media":15090,"comment_status":"open","ping_status":"closed","template":"","meta":{"_acf_changed":false,"_et_pb_use_builder":"off","_et_pb_old_content":"<div class=\"adapted-container\">\r\n<p class=\"Adapted\"><span class=\"Bold\">Hace mucho tiempo que ten\u00eda ganas de escribir <\/span><span class=\"Translation\">(seit langer Zeit hatte ich Lust zu schreiben; <\/span><span class=\"Translation\"><span class=\"Comment-Words\">tener<\/span><\/span><span class=\"Translation\"><span class=\"Comments\"> \u2014 haben<\/span><\/span><span class=\"Translation\">)<\/span><span class=\"Bold\"> cualquier cosa con este t\u00edtulo <\/span><span class=\"Translation\">(irgendetwas mit diesem Titel)<\/span><span class=\"Bold\">.<\/span><\/p>\r\n<p class=\"Adapted\"><span class=\"Bold\">Hoy<a id=\"_idTextAnchor001\"><\/a>, que se me ha presentado ocasi\u00f3n <\/span><span class=\"Translation\">(heute, wo sich mir \/eine\/ Gelegenheit geboten hat; <\/span><span class=\"Translation\"><span class=\"Comment-Words\">presentar<\/span><\/span><span class=\"Translation\"><span class=\"Comments\"> \u2014 zeigen; vorstellen<\/span><\/span><span class=\"Translation\">)<\/span><span class=\"Bold\">, lo he puesto con letras grandes <\/span><span class=\"Translation\">(das habe ich in gro\u00dfen Buchstaben gesetzt = habe ich es in Gro\u00dfbuchstaben gesetzt; <\/span><span class=\"Translation\"><span class=\"Comment-Words\">poner<\/span><\/span><span class=\"Translation\"><span class=\"Comments\"> \u2014 setzen; stellen; legen<\/span><\/span><span class=\"Translation\">)<\/span><span class=\"Bold\"> en la primera cuartilla de papel <\/span><span class=\"Translation\">(auf das erste Blatt: \u00abauf das erste Viertelpapier\u00bb; <\/span><span class=\"Translation\"><span class=\"Comment-Words\">cuarto<\/span><\/span><span class=\"Translation\"><span class=\"Gender _idGenCharOverride-1\">m <\/span><\/span><span class=\"Translation\"><span class=\"Comments\">\u2014 Viertel<\/span><\/span><span class=\"Translation\">)<\/span><span class=\"Bold\">, y luego he dejado a capricho volar la pluma <\/span><span class=\"Translation\">(und dann habe ich nach Belieben die Feder fliegen lassen; <\/span><span class=\"Translation\"><span class=\"Comment-Words\">dejar<\/span><\/span><span class=\"Translation\"><span class=\"Comments\"> \u2014 lassen; <\/span><\/span><span class=\"Translation\"><span class=\"Comment-Words\">capricho<\/span><\/span><span class=\"Translation\"><span class=\"Gender _idGenCharOverride-1\">m <\/span><\/span><span class=\"Translation\"><span class=\"Comments\">\u2014 Laune<\/span><\/span><span class=\"Translation\">)<\/span><span class=\"Bold\">.<\/span><\/p>\r\n\r\n<\/div>\r\n[audio mp3=\"https:\/\/easyoriginal1.s3.eu-central-1.amazonaws.com\/spanisch\/s1\/1.mp3\"][\/audio]\r\n<div class=\"original-container\">\r\n<p class=\"Original\">Hace mucho tiempo que ten\u00eda ganas de escribir cualquier cosa con este t\u00edtulo.<\/p>\r\n<p class=\"Original\">Hoy, que se me ha presentado ocasi\u00f3n, lo he puesto con letras grandes en la primera cuartilla de papel, y luego he dejado a capricho volar la pluma.<\/p>\r\n\r\n<\/div>\r\n<a class=\"weiter\" href=\"\/webreader\/los-ojos-verdes\/fragment\/1-4-2\/\">weiter lesen<\/a>","_et_gb_content_width":""},"product_brand":[],"product_cat":[270],"product_tag":[164,81],"class_list":{"0":"post-15085","1":"product","2":"type-product","3":"status-publish","4":"has-post-thumbnail","6":"product_cat-modern-englisch-frank-a1-a2","7":"product_tag-anfaenger","8":"product_tag-krimi","10":"first","11":"instock","12":"taxable","13":"shipping-taxable","14":"purchasable","15":"product-type-variable"},"acf":[],"yoast_head":"<!-- This site is optimized with the Yoast SEO plugin v27.3 - https:\/\/yoast.com\/product\/yoast-seo-wordpress\/ -->\n<title>The Midnight Moonflower \u2014 Die Mitternachts-Mondblume - EasyOriginal.com<\/title>\n<meta name=\"robots\" content=\"index, follow, max-snippet:-1, max-image-preview:large, max-video-preview:-1\" \/>\n<link rel=\"canonical\" href=\"https:\/\/easyoriginal.com\/en\/shop\/modern-englisch-frank-a1-a2\/the-midnight-moonflower-die-mitternachts-mondblume\/\" \/>\n<meta property=\"og:locale\" content=\"en_GB\" \/>\n<meta property=\"og:type\" content=\"article\" \/>\n<meta property=\"og:title\" content=\"The Midnight Moonflower \u2014 Die Mitternachts-Mondblume - EasyOriginal.com\" \/>\n<meta property=\"og:description\" content=\"Verlockend geheimnisvoll \u2013 ein botanisches Cozy-Mystery-Abenteuer! Im idyllischen englischen Dorf Rosethorne betreibt Flora Bloom den charmanten Blumenladen Petal &amp; Thorn. Doch als n\u00e4chtliche Lichter auf dem alten Kirchhof erscheinen und ein bet\u00f6render, fremder Duft durch das Dorf zieht, wird aus dem beschaulichen Alltag eine fesselnde Suche nach der Wahrheit. Was haben seltene Mondblumen mit alten Klostergeheimnissen, unerkl\u00e4rlichen Schlafkrankheiten und der Wissenschaft von gestern zu tun? The Midnight Moonflower entfaltet eine atmosph\u00e4rische Geschichte voller duftender Blumen, verborgener G\u00e4rten, historischer R\u00e4tsel und unerwarteter Allianzen. Mit viel Herz, einem Hauch Spannung und einer Prise britischem Charme w\u00e4chst hier nicht nur eine Pflanze, sondern auch die Hoffnung auf Heilung \u2013 und vielleicht sogar auf neue Liebe. Ein Buch zum Wohlf\u00fchlen, Mitr\u00e4tseln und Staunen \u2013 warmherzig, klug und einfach zauberhaft. Zweisprachiges Buch Englisch-Deutsch.\" \/>\n<meta property=\"og:url\" content=\"https:\/\/easyoriginal.com\/en\/shop\/modern-englisch-frank-a1-a2\/the-midnight-moonflower-die-mitternachts-mondblume\/\" \/>\n<meta property=\"og:site_name\" content=\"EasyOriginal.com\" \/>\n<meta property=\"article:modified_time\" content=\"2026-01-17T10:25:08+00:00\" \/>\n<meta property=\"og:image\" content=\"https:\/\/easyoriginal.com\/wp-content\/uploads\/The_Midnight_Moonflower_printcover.jpg\" \/>\n\t<meta property=\"og:image:width\" content=\"1600\" \/>\n\t<meta property=\"og:image:height\" content=\"2400\" \/>\n\t<meta property=\"og:image:type\" content=\"image\/jpeg\" \/>\n<meta name=\"twitter:card\" content=\"summary_large_image\" \/>\n<meta name=\"twitter:label1\" content=\"Estimated reading time\" \/>\n\t<meta name=\"twitter:data1\" content=\"2 minutes\" \/>\n<script type=\"application\/ld+json\" class=\"yoast-schema-graph\">{\"@context\":\"https:\\\/\\\/schema.org\",\"@graph\":[{\"@type\":\"WebPage\",\"@id\":\"https:\\\/\\\/easyoriginal.com\\\/shop\\\/modern-englisch-frank-a1-a2\\\/the-midnight-moonflower-die-mitternachts-mondblume\\\/\",\"url\":\"https:\\\/\\\/easyoriginal.com\\\/shop\\\/modern-englisch-frank-a1-a2\\\/the-midnight-moonflower-die-mitternachts-mondblume\\\/\",\"name\":\"The Midnight Moonflower \u2014 Die Mitternachts-Mondblume - EasyOriginal.com\",\"isPartOf\":{\"@id\":\"https:\\\/\\\/easyoriginal.com\\\/#website\"},\"primaryImageOfPage\":{\"@id\":\"https:\\\/\\\/easyoriginal.com\\\/shop\\\/modern-englisch-frank-a1-a2\\\/the-midnight-moonflower-die-mitternachts-mondblume\\\/#primaryimage\"},\"image\":{\"@id\":\"https:\\\/\\\/easyoriginal.com\\\/shop\\\/modern-englisch-frank-a1-a2\\\/the-midnight-moonflower-die-mitternachts-mondblume\\\/#primaryimage\"},\"thumbnailUrl\":\"https:\\\/\\\/easyoriginal.com\\\/wp-content\\\/uploads\\\/The_Midnight_Moonflower_printcover.jpg\",\"datePublished\":\"2025-04-08T18:51:04+00:00\",\"dateModified\":\"2026-01-17T10:25:08+00:00\",\"breadcrumb\":{\"@id\":\"https:\\\/\\\/easyoriginal.com\\\/shop\\\/modern-englisch-frank-a1-a2\\\/the-midnight-moonflower-die-mitternachts-mondblume\\\/#breadcrumb\"},\"inLanguage\":\"en-GB\",\"potentialAction\":[{\"@type\":\"ReadAction\",\"target\":[\"https:\\\/\\\/easyoriginal.com\\\/shop\\\/modern-englisch-frank-a1-a2\\\/the-midnight-moonflower-die-mitternachts-mondblume\\\/\"]}]},{\"@type\":\"ImageObject\",\"inLanguage\":\"en-GB\",\"@id\":\"https:\\\/\\\/easyoriginal.com\\\/shop\\\/modern-englisch-frank-a1-a2\\\/the-midnight-moonflower-die-mitternachts-mondblume\\\/#primaryimage\",\"url\":\"https:\\\/\\\/easyoriginal.com\\\/wp-content\\\/uploads\\\/The_Midnight_Moonflower_printcover.jpg\",\"contentUrl\":\"https:\\\/\\\/easyoriginal.com\\\/wp-content\\\/uploads\\\/The_Midnight_Moonflower_printcover.jpg\",\"width\":1600,\"height\":2400},{\"@type\":\"BreadcrumbList\",\"@id\":\"https:\\\/\\\/easyoriginal.com\\\/shop\\\/modern-englisch-frank-a1-a2\\\/the-midnight-moonflower-die-mitternachts-mondblume\\\/#breadcrumb\",\"itemListElement\":[{\"@type\":\"ListItem\",\"position\":1,\"name\":\"Startseite\",\"item\":\"https:\\\/\\\/easyoriginal.com\\\/\"},{\"@type\":\"ListItem\",\"position\":2,\"name\":\"Shop\",\"item\":\"https:\\\/\\\/easyoriginal.com\\\/shop\\\/\"},{\"@type\":\"ListItem\",\"position\":3,\"name\":\"The Midnight Moonflower \u2014 Die Mitternachts-Mondblume\"}]},{\"@type\":\"WebSite\",\"@id\":\"https:\\\/\\\/easyoriginal.com\\\/#website\",\"url\":\"https:\\\/\\\/easyoriginal.com\\\/\",\"name\":\"EasyOriginal.com\",\"description\":\"Spa\u00df am Lesen im Original - Innovative Lesemethode f\u00fcr Fremdsprachen\",\"publisher\":{\"@id\":\"https:\\\/\\\/easyoriginal.com\\\/#organization\"},\"potentialAction\":[{\"@type\":\"SearchAction\",\"target\":{\"@type\":\"EntryPoint\",\"urlTemplate\":\"https:\\\/\\\/easyoriginal.com\\\/?s={search_term_string}\"},\"query-input\":{\"@type\":\"PropertyValueSpecification\",\"valueRequired\":true,\"valueName\":\"search_term_string\"}}],\"inLanguage\":\"en-GB\"},{\"@type\":\"Organization\",\"@id\":\"https:\\\/\\\/easyoriginal.com\\\/#organization\",\"name\":\"EasyOriginal Verlag\",\"url\":\"https:\\\/\\\/easyoriginal.com\\\/\",\"logo\":{\"@type\":\"ImageObject\",\"inLanguage\":\"en-GB\",\"@id\":\"https:\\\/\\\/easyoriginal.com\\\/#\\\/schema\\\/logo\\\/image\\\/\",\"url\":\"https:\\\/\\\/easyoriginal.com\\\/wp-content\\\/uploads\\\/2020\\\/08\\\/logo_main.png\",\"contentUrl\":\"https:\\\/\\\/easyoriginal.com\\\/wp-content\\\/uploads\\\/2020\\\/08\\\/logo_main.png\",\"width\":500,\"height\":103,\"caption\":\"EasyOriginal Verlag\"},\"image\":{\"@id\":\"https:\\\/\\\/easyoriginal.com\\\/#\\\/schema\\\/logo\\\/image\\\/\"}}]}<\/script>\n<!-- \/ Yoast SEO plugin. -->","yoast_head_json":{"title":"The Midnight Moonflower \u2014 Die Mitternachts-Mondblume - EasyOriginal.com","robots":{"index":"index","follow":"follow","max-snippet":"max-snippet:-1","max-image-preview":"max-image-preview:large","max-video-preview":"max-video-preview:-1"},"canonical":"https:\/\/easyoriginal.com\/en\/shop\/modern-englisch-frank-a1-a2\/the-midnight-moonflower-die-mitternachts-mondblume\/","og_locale":"en_GB","og_type":"article","og_title":"The Midnight Moonflower \u2014 Die Mitternachts-Mondblume - EasyOriginal.com","og_description":"Verlockend geheimnisvoll \u2013 ein botanisches Cozy-Mystery-Abenteuer! Im idyllischen englischen Dorf Rosethorne betreibt Flora Bloom den charmanten Blumenladen Petal & Thorn. Doch als n\u00e4chtliche Lichter auf dem alten Kirchhof erscheinen und ein bet\u00f6render, fremder Duft durch das Dorf zieht, wird aus dem beschaulichen Alltag eine fesselnde Suche nach der Wahrheit. Was haben seltene Mondblumen mit alten Klostergeheimnissen, unerkl\u00e4rlichen Schlafkrankheiten und der Wissenschaft von gestern zu tun? The Midnight Moonflower entfaltet eine atmosph\u00e4rische Geschichte voller duftender Blumen, verborgener G\u00e4rten, historischer R\u00e4tsel und unerwarteter Allianzen. Mit viel Herz, einem Hauch Spannung und einer Prise britischem Charme w\u00e4chst hier nicht nur eine Pflanze, sondern auch die Hoffnung auf Heilung \u2013 und vielleicht sogar auf neue Liebe. Ein Buch zum Wohlf\u00fchlen, Mitr\u00e4tseln und Staunen \u2013 warmherzig, klug und einfach zauberhaft. Zweisprachiges Buch Englisch-Deutsch.","og_url":"https:\/\/easyoriginal.com\/en\/shop\/modern-englisch-frank-a1-a2\/the-midnight-moonflower-die-mitternachts-mondblume\/","og_site_name":"EasyOriginal.com","article_modified_time":"2026-01-17T10:25:08+00:00","og_image":[{"width":1600,"height":2400,"url":"https:\/\/easyoriginal.com\/wp-content\/uploads\/The_Midnight_Moonflower_printcover.jpg","type":"image\/jpeg"}],"twitter_card":"summary_large_image","twitter_misc":{"Estimated reading time":"2 minutes"},"schema":{"@context":"https:\/\/schema.org","@graph":[{"@type":"WebPage","@id":"https:\/\/easyoriginal.com\/shop\/modern-englisch-frank-a1-a2\/the-midnight-moonflower-die-mitternachts-mondblume\/","url":"https:\/\/easyoriginal.com\/shop\/modern-englisch-frank-a1-a2\/the-midnight-moonflower-die-mitternachts-mondblume\/","name":"The Midnight Moonflower \u2014 Die Mitternachts-Mondblume - EasyOriginal.com","isPartOf":{"@id":"https:\/\/easyoriginal.com\/#website"},"primaryImageOfPage":{"@id":"https:\/\/easyoriginal.com\/shop\/modern-englisch-frank-a1-a2\/the-midnight-moonflower-die-mitternachts-mondblume\/#primaryimage"},"image":{"@id":"https:\/\/easyoriginal.com\/shop\/modern-englisch-frank-a1-a2\/the-midnight-moonflower-die-mitternachts-mondblume\/#primaryimage"},"thumbnailUrl":"https:\/\/easyoriginal.com\/wp-content\/uploads\/The_Midnight_Moonflower_printcover.jpg","datePublished":"2025-04-08T18:51:04+00:00","dateModified":"2026-01-17T10:25:08+00:00","breadcrumb":{"@id":"https:\/\/easyoriginal.com\/shop\/modern-englisch-frank-a1-a2\/the-midnight-moonflower-die-mitternachts-mondblume\/#breadcrumb"},"inLanguage":"en-GB","potentialAction":[{"@type":"ReadAction","target":["https:\/\/easyoriginal.com\/shop\/modern-englisch-frank-a1-a2\/the-midnight-moonflower-die-mitternachts-mondblume\/"]}]},{"@type":"ImageObject","inLanguage":"en-GB","@id":"https:\/\/easyoriginal.com\/shop\/modern-englisch-frank-a1-a2\/the-midnight-moonflower-die-mitternachts-mondblume\/#primaryimage","url":"https:\/\/easyoriginal.com\/wp-content\/uploads\/The_Midnight_Moonflower_printcover.jpg","contentUrl":"https:\/\/easyoriginal.com\/wp-content\/uploads\/The_Midnight_Moonflower_printcover.jpg","width":1600,"height":2400},{"@type":"BreadcrumbList","@id":"https:\/\/easyoriginal.com\/shop\/modern-englisch-frank-a1-a2\/the-midnight-moonflower-die-mitternachts-mondblume\/#breadcrumb","itemListElement":[{"@type":"ListItem","position":1,"name":"Startseite","item":"https:\/\/easyoriginal.com\/"},{"@type":"ListItem","position":2,"name":"Shop","item":"https:\/\/easyoriginal.com\/shop\/"},{"@type":"ListItem","position":3,"name":"The Midnight Moonflower \u2014 Die Mitternachts-Mondblume"}]},{"@type":"WebSite","@id":"https:\/\/easyoriginal.com\/#website","url":"https:\/\/easyoriginal.com\/","name":"EasyOriginal.com","description":"Spa\u00df am Lesen im Original - Innovative Lesemethode f\u00fcr Fremdsprachen","publisher":{"@id":"https:\/\/easyoriginal.com\/#organization"},"potentialAction":[{"@type":"SearchAction","target":{"@type":"EntryPoint","urlTemplate":"https:\/\/easyoriginal.com\/?s={search_term_string}"},"query-input":{"@type":"PropertyValueSpecification","valueRequired":true,"valueName":"search_term_string"}}],"inLanguage":"en-GB"},{"@type":"Organization","@id":"https:\/\/easyoriginal.com\/#organization","name":"EasyOriginal Verlag","url":"https:\/\/easyoriginal.com\/","logo":{"@type":"ImageObject","inLanguage":"en-GB","@id":"https:\/\/easyoriginal.com\/#\/schema\/logo\/image\/","url":"https:\/\/easyoriginal.com\/wp-content\/uploads\/2020\/08\/logo_main.png","contentUrl":"https:\/\/easyoriginal.com\/wp-content\/uploads\/2020\/08\/logo_main.png","width":500,"height":103,"caption":"EasyOriginal Verlag"},"image":{"@id":"https:\/\/easyoriginal.com\/#\/schema\/logo\/image\/"}}]}},"_links":{"self":[{"href":"https:\/\/easyoriginal.com\/en\/wp-json\/wp\/v2\/product\/15085","targetHints":{"allow":["GET"]}}],"collection":[{"href":"https:\/\/easyoriginal.com\/en\/wp-json\/wp\/v2\/product"}],"about":[{"href":"https:\/\/easyoriginal.com\/en\/wp-json\/wp\/v2\/types\/product"}],"replies":[{"embeddable":true,"href":"https:\/\/easyoriginal.com\/en\/wp-json\/wp\/v2\/comments?post=15085"}],"wp:featuredmedia":[{"embeddable":true,"href":"https:\/\/easyoriginal.com\/en\/wp-json\/wp\/v2\/media\/15090"}],"wp:attachment":[{"href":"https:\/\/easyoriginal.com\/en\/wp-json\/wp\/v2\/media?parent=15085"}],"wp:term":[{"taxonomy":"product_brand","embeddable":true,"href":"https:\/\/easyoriginal.com\/en\/wp-json\/wp\/v2\/product_brand?post=15085"},{"taxonomy":"product_cat","embeddable":true,"href":"https:\/\/easyoriginal.com\/en\/wp-json\/wp\/v2\/product_cat?post=15085"},{"taxonomy":"product_tag","embeddable":true,"href":"https:\/\/easyoriginal.com\/en\/wp-json\/wp\/v2\/product_tag?post=15085"}],"curies":[{"name":"wp","href":"https:\/\/api.w.org\/{rel}","templated":true}]}}