{"id":15073,"date":"2025-04-08T20:17:31","date_gmt":"2025-04-08T18:17:31","guid":{"rendered":"https:\/\/easyoriginal.com\/?post_type=product&#038;p=15073"},"modified":"2026-03-05T11:49:41","modified_gmt":"2026-03-05T10:49:41","slug":"the-disappearing-honey-bees-die-verschwundenen-honigbienen","status":"publish","type":"product","link":"https:\/\/easyoriginal.com\/en\/shop\/modern-englisch-frank-a1-a2\/the-disappearing-honey-bees-die-verschwundenen-honigbienen\/","title":{"rendered":"The Disappearing Honey Bees \u2014 Die verschwundenen Honigbienen"},"content":{"rendered":"<div class=\"adapted-container\">\n<p class=\"Adapted\"><span lang=\"en-US\">Morning on the Farm <\/span><span class=\"Translation CharOverride-1\" lang=\"en-US\">(Morgen auf dem Bauernhof)<\/span><\/p>\n<p class=\"Adapted\"><span>The sun was just rising <\/span><span class=\"Translation CharOverride-1\">(die sonne ging gerade au<\/span><span class=\"Translation\"><span class=\"No-Break CharOverride-1\">f;<\/span><\/span><span class=\"Translation\"><span class=\"Comments\"> <\/span><\/span><span class=\"Translation\"><span class=\"Comment-Words\">to rise<\/span><\/span><span class=\"Translation\"><span class=\"No-Break\"><span class=\"Comments\"> \u2014<\/span><\/span><\/span><span class=\"Translation\"><span class=\"Comments\"> aufgehen, aufsteigen<\/span><\/span><span class=\"Translation CharOverride-1\">)<\/span><span> over the green hills of Wales <\/span><span class=\"Translation CharOverride-1\">(\u00fcber den gr\u00fcnen H\u00fcgeln von Wales)<\/span><span>. Soft light touched the fields and trees of Grange Farm <\/span><span class=\"Translation CharOverride-1\">(weiches Licht ber\u00fchrte die Felder und B\u00e4ume von Grange Far<\/span><span class=\"Translation\"><span class=\"No-Break CharOverride-1\">m;<\/span><\/span><span class=\"Translation\"><span class=\"Comments\"> <\/span><\/span><span class=\"Translation\"><span class=\"Comment-Words\">to touch<\/span><\/span><span class=\"Translation\"><span class=\"No-Break\"><span class=\"Comments\"> \u2014<\/span><\/span><\/span><span class=\"Translation\"><span class=\"Comments\"> ber\u00fchren, anfasse<\/span><\/span><span class=\"Translation\"><span class=\"No-Break\"><span class=\"Comments\">n;<\/span><\/span><\/span><span class=\"Translation\"><span class=\"Comments\"> <\/span><\/span><span class=\"Translation\"><span class=\"Comment-Words\">Grange Farm<\/span><\/span><span class=\"Translation\"><span class=\"No-Break\"><span class=\"Comments\"> \u2014<\/span><\/span><\/span><span class=\"Translation\"><span class=\"Comments\"> ein fiktiver Bauernhof, &quot;Grange&quot; bezeichnet traditionell einen Gutshof<\/span><\/span><span class=\"Translation CharOverride-1\">)<\/span><span>. In the farmhouse kitchen <\/span><span class=\"Translation CharOverride-1\">(in der K\u00fcche des Bauernhause<\/span><span class=\"Translation\"><span class=\"No-Break CharOverride-1\">s;<\/span><\/span><span class=\"Translation\"><span class=\"Comments\"> <\/span><\/span><span class=\"Translation\"><span class=\"Comment-Words\">farmhouse<\/span><\/span><span class=\"Translation\"><span class=\"No-Break\"><span class=\"Comments\"> \u2014<\/span><\/span><\/span><span class=\"Translation\"><span class=\"Comments\"> Bauernhaus, Hauptgeb\u00e4ude eines Hofes<\/span><\/span><span class=\"Translation CharOverride-1\">)<\/span><span>, Bethan Lloyd opened her eyes and looked at her clock <\/span><span class=\"Translation CharOverride-1\">(\u00f6ffnete Bethan Lloyd ihre Augen und schaute auf ihre Uh<\/span><span class=\"Translation\"><span class=\"No-Break CharOverride-1\">r;<\/span><\/span><span class=\"Translation\"><span class=\"Comments\"> <\/span><\/span><span class=\"Translation\"><span class=\"Comment-Words\">to open<\/span><\/span><span class=\"Translation\"><span class=\"No-Break\"><span class=\"Comments\"> \u2014<\/span><\/span><\/span><span class=\"Translation\"><span class=\"Comments\"> \u00f6ffnen, aufmache<\/span><\/span><span class=\"Translation\"><span class=\"No-Break\"><span class=\"Comments\">n;<\/span><\/span><\/span><span class=\"Translation\"><span class=\"Comments\"> <\/span><\/span><span class=\"Translation\"><span class=\"Comment-Words\">to look<\/span><\/span><span class=\"Translation\"><span class=\"No-Break\"><span class=\"Comments\"> \u2014<\/span><\/span><\/span><span class=\"Translation\"><span class=\"Comments\"> schauen, blicken<\/span><\/span><span class=\"Translation CharOverride-1\">)<\/span><span>. It was 6:00 AM <\/span><span class=\"Translation CharOverride-1\">(es war 6:00 Uhr morgens)<\/span><span>.<\/span><\/p>\n<p class=\"Adapted\"><span>&quot;Time to start the day <\/span><span class=\"Translation CharOverride-1\">(Zeit, den Tag zu beginnen)<\/span><span>,&quot; she said to herself <\/span><span class=\"Translation CharOverride-1\">(sagte sie zu sich selbst)<\/span><span>.<\/span><\/p>\n<\/div>\n<audio class=\"wp-audio-shortcode\" id=\"audio-15073-1\" preload=\"none\" style=\"width: 100%;\" controls=\"controls\"><source type=\"audio\/mpeg\" src=\"https:\/\/easyoriginal1.s3.eu-central-1.amazonaws.com\/englisch\/e80\/001.mp3?_=1\" \/><a href=\"https:\/\/easyoriginal1.s3.eu-central-1.amazonaws.com\/englisch\/e80\/001.mp3\">https:\/\/easyoriginal1.s3.eu-central-1.amazonaws.com\/englisch\/e80\/001.mp3<\/a><\/audio>\n<div class=\"original-container\">\n<p class=\"Original\" lang=\"en-GB\"><span>Morning on the Farm<\/span><\/p>\n<p class=\"Original\" lang=\"en-GB\"><span lang=\"en-US\">The sun was just rising over the green hills of Wales. Soft light touched the fields and trees of Grange Farm. In the farmhouse kitchen, Bethan Lloyd opened her eyes and looked at her clock. It was 6:00 AM.<\/span><\/p>\n<p class=\"Original\" lang=\"en-GB\"><span lang=\"en-US\">&quot;Time to start the day,&quot; she said to herself.<\/span><\/p>\n<\/div>","protected":false},"excerpt":{"rendered":"<p>Auf Grange Farm in den gr\u00fcnen H\u00fcgeln von Wales beginnt der Fr\u00fchling \u2013 doch etwas ist anders: Die Bienen sind pl\u00f6tzlich verschwunden. F\u00fcr die 17-j\u00e4hrige Bethan Lloyd beginnt ein spannendes Abenteuer voller R\u00e4tsel, Naturbeobachtungen und mutiger Entscheidungen.<br \/>\nMit klarem Blick, einem Notizbuch und viel Herz begibt sie sich auf Spurensuche \u2013 und entdeckt dabei mehr als nur das Geheimnis der Bienen.<br \/>\nThe Disappearing Honey Bees ist ein modernes Farm-Mystery mit Tiefgang \u2013 \u00fcber Familie, Verantwortung, Umweltschutz und den Mut, f\u00fcr das Richtige einzustehen.<br \/>\nIdeal f\u00fcr junge Leser*innen, die Natur lieben, starke Charaktere suchen \u2013 und sich von einer guten Geschichte mitrei\u00dfen lassen wollen.<br \/>\nZweisprachiges Buch Englisch-Deutsch.<\/p>","protected":false},"featured_media":15078,"comment_status":"open","ping_status":"closed","template":"","meta":{"_acf_changed":false,"_et_pb_use_builder":"off","_et_pb_old_content":"<div class=\"adapted-container\">\r\n<p class=\"Adapted\"><span class=\"Bold\">Hace mucho tiempo que ten\u00eda ganas de escribir <\/span><span class=\"Translation\">(seit langer Zeit hatte ich Lust zu schreiben; <\/span><span class=\"Translation\"><span class=\"Comment-Words\">tener<\/span><\/span><span class=\"Translation\"><span class=\"Comments\"> \u2014 haben<\/span><\/span><span class=\"Translation\">)<\/span><span class=\"Bold\"> cualquier cosa con este t\u00edtulo <\/span><span class=\"Translation\">(irgendetwas mit diesem Titel)<\/span><span class=\"Bold\">.<\/span><\/p>\r\n<p class=\"Adapted\"><span class=\"Bold\">Hoy<a id=\"_idTextAnchor001\"><\/a>, que se me ha presentado ocasi\u00f3n <\/span><span class=\"Translation\">(heute, wo sich mir \/eine\/ Gelegenheit geboten hat; <\/span><span class=\"Translation\"><span class=\"Comment-Words\">presentar<\/span><\/span><span class=\"Translation\"><span class=\"Comments\"> \u2014 zeigen; vorstellen<\/span><\/span><span class=\"Translation\">)<\/span><span class=\"Bold\">, lo he puesto con letras grandes <\/span><span class=\"Translation\">(das habe ich in gro\u00dfen Buchstaben gesetzt = habe ich es in Gro\u00dfbuchstaben gesetzt; <\/span><span class=\"Translation\"><span class=\"Comment-Words\">poner<\/span><\/span><span class=\"Translation\"><span class=\"Comments\"> \u2014 setzen; stellen; legen<\/span><\/span><span class=\"Translation\">)<\/span><span class=\"Bold\"> en la primera cuartilla de papel <\/span><span class=\"Translation\">(auf das erste Blatt: \u00abauf das erste Viertelpapier\u00bb; <\/span><span class=\"Translation\"><span class=\"Comment-Words\">cuarto<\/span><\/span><span class=\"Translation\"><span class=\"Gender _idGenCharOverride-1\">m <\/span><\/span><span class=\"Translation\"><span class=\"Comments\">\u2014 Viertel<\/span><\/span><span class=\"Translation\">)<\/span><span class=\"Bold\">, y luego he dejado a capricho volar la pluma <\/span><span class=\"Translation\">(und dann habe ich nach Belieben die Feder fliegen lassen; <\/span><span class=\"Translation\"><span class=\"Comment-Words\">dejar<\/span><\/span><span class=\"Translation\"><span class=\"Comments\"> \u2014 lassen; <\/span><\/span><span class=\"Translation\"><span class=\"Comment-Words\">capricho<\/span><\/span><span class=\"Translation\"><span class=\"Gender _idGenCharOverride-1\">m <\/span><\/span><span class=\"Translation\"><span class=\"Comments\">\u2014 Laune<\/span><\/span><span class=\"Translation\">)<\/span><span class=\"Bold\">.<\/span><\/p>\r\n\r\n<\/div>\r\n[audio mp3=\"https:\/\/easyoriginal1.s3.eu-central-1.amazonaws.com\/spanisch\/s1\/1.mp3\"][\/audio]\r\n<div class=\"original-container\">\r\n<p class=\"Original\">Hace mucho tiempo que ten\u00eda ganas de escribir cualquier cosa con este t\u00edtulo.<\/p>\r\n<p class=\"Original\">Hoy, que se me ha presentado ocasi\u00f3n, lo he puesto con letras grandes en la primera cuartilla de papel, y luego he dejado a capricho volar la pluma.<\/p>\r\n\r\n<\/div>\r\n<a class=\"weiter\" href=\"\/webreader\/los-ojos-verdes\/fragment\/1-4-2\/\">weiter lesen<\/a>","_et_gb_content_width":""},"product_brand":[],"product_cat":[270],"product_tag":[164,81],"class_list":{"0":"post-15073","1":"product","2":"type-product","3":"status-publish","4":"has-post-thumbnail","6":"product_cat-modern-englisch-frank-a1-a2","7":"product_tag-anfaenger","8":"product_tag-krimi","10":"first","11":"instock","12":"taxable","13":"shipping-taxable","14":"purchasable","15":"product-type-variable"},"acf":[],"yoast_head":"<!-- This site is optimized with the Yoast SEO plugin v27.3 - https:\/\/yoast.com\/product\/yoast-seo-wordpress\/ -->\n<title>The Disappearing Honey Bees \u2014 Die verschwundenen Honigbienen - EasyOriginal.com<\/title>\n<meta name=\"robots\" content=\"index, follow, max-snippet:-1, max-image-preview:large, max-video-preview:-1\" \/>\n<link rel=\"canonical\" href=\"https:\/\/easyoriginal.com\/en\/shop\/modern-englisch-frank-a1-a2\/the-disappearing-honey-bees-die-verschwundenen-honigbienen\/\" \/>\n<meta property=\"og:locale\" content=\"en_GB\" \/>\n<meta property=\"og:type\" content=\"article\" \/>\n<meta property=\"og:title\" content=\"The Disappearing Honey Bees \u2014 Die verschwundenen Honigbienen - EasyOriginal.com\" \/>\n<meta property=\"og:description\" content=\"Auf Grange Farm in den gr\u00fcnen H\u00fcgeln von Wales beginnt der Fr\u00fchling \u2013 doch etwas ist anders: Die Bienen sind pl\u00f6tzlich verschwunden. F\u00fcr die 17-j\u00e4hrige Bethan Lloyd beginnt ein spannendes Abenteuer voller R\u00e4tsel, Naturbeobachtungen und mutiger Entscheidungen. Mit klarem Blick, einem Notizbuch und viel Herz begibt sie sich auf Spurensuche \u2013 und entdeckt dabei mehr als nur das Geheimnis der Bienen. The Disappearing Honey Bees ist ein modernes Farm-Mystery mit Tiefgang \u2013 \u00fcber Familie, Verantwortung, Umweltschutz und den Mut, f\u00fcr das Richtige einzustehen. Ideal f\u00fcr junge Leser*innen, die Natur lieben, starke Charaktere suchen \u2013 und sich von einer guten Geschichte mitrei\u00dfen lassen wollen. Zweisprachiges Buch Englisch-Deutsch.\" \/>\n<meta property=\"og:url\" content=\"https:\/\/easyoriginal.com\/en\/shop\/modern-englisch-frank-a1-a2\/the-disappearing-honey-bees-die-verschwundenen-honigbienen\/\" \/>\n<meta property=\"og:site_name\" content=\"EasyOriginal.com\" \/>\n<meta property=\"article:modified_time\" content=\"2026-03-05T10:49:41+00:00\" \/>\n<meta property=\"og:image\" content=\"https:\/\/easyoriginal.com\/wp-content\/uploads\/The_Disappearing_Honey_Bees_printcover.jpg\" \/>\n\t<meta property=\"og:image:width\" content=\"1600\" \/>\n\t<meta property=\"og:image:height\" content=\"2400\" \/>\n\t<meta property=\"og:image:type\" content=\"image\/jpeg\" \/>\n<meta name=\"twitter:card\" content=\"summary_large_image\" \/>\n<meta name=\"twitter:label1\" content=\"Estimated reading time\" \/>\n\t<meta name=\"twitter:data1\" content=\"2 minutes\" \/>\n<script type=\"application\/ld+json\" class=\"yoast-schema-graph\">{\"@context\":\"https:\\\/\\\/schema.org\",\"@graph\":[{\"@type\":\"WebPage\",\"@id\":\"https:\\\/\\\/easyoriginal.com\\\/shop\\\/modern-englisch-frank-a1-a2\\\/the-disappearing-honey-bees-die-verschwundenen-honigbienen\\\/\",\"url\":\"https:\\\/\\\/easyoriginal.com\\\/shop\\\/modern-englisch-frank-a1-a2\\\/the-disappearing-honey-bees-die-verschwundenen-honigbienen\\\/\",\"name\":\"The Disappearing Honey Bees \u2014 Die verschwundenen Honigbienen - EasyOriginal.com\",\"isPartOf\":{\"@id\":\"https:\\\/\\\/easyoriginal.com\\\/#website\"},\"primaryImageOfPage\":{\"@id\":\"https:\\\/\\\/easyoriginal.com\\\/shop\\\/modern-englisch-frank-a1-a2\\\/the-disappearing-honey-bees-die-verschwundenen-honigbienen\\\/#primaryimage\"},\"image\":{\"@id\":\"https:\\\/\\\/easyoriginal.com\\\/shop\\\/modern-englisch-frank-a1-a2\\\/the-disappearing-honey-bees-die-verschwundenen-honigbienen\\\/#primaryimage\"},\"thumbnailUrl\":\"https:\\\/\\\/easyoriginal.com\\\/wp-content\\\/uploads\\\/The_Disappearing_Honey_Bees_printcover.jpg\",\"datePublished\":\"2025-04-08T18:17:31+00:00\",\"dateModified\":\"2026-03-05T10:49:41+00:00\",\"breadcrumb\":{\"@id\":\"https:\\\/\\\/easyoriginal.com\\\/shop\\\/modern-englisch-frank-a1-a2\\\/the-disappearing-honey-bees-die-verschwundenen-honigbienen\\\/#breadcrumb\"},\"inLanguage\":\"en-GB\",\"potentialAction\":[{\"@type\":\"ReadAction\",\"target\":[\"https:\\\/\\\/easyoriginal.com\\\/shop\\\/modern-englisch-frank-a1-a2\\\/the-disappearing-honey-bees-die-verschwundenen-honigbienen\\\/\"]}]},{\"@type\":\"ImageObject\",\"inLanguage\":\"en-GB\",\"@id\":\"https:\\\/\\\/easyoriginal.com\\\/shop\\\/modern-englisch-frank-a1-a2\\\/the-disappearing-honey-bees-die-verschwundenen-honigbienen\\\/#primaryimage\",\"url\":\"https:\\\/\\\/easyoriginal.com\\\/wp-content\\\/uploads\\\/The_Disappearing_Honey_Bees_printcover.jpg\",\"contentUrl\":\"https:\\\/\\\/easyoriginal.com\\\/wp-content\\\/uploads\\\/The_Disappearing_Honey_Bees_printcover.jpg\",\"width\":1600,\"height\":2400},{\"@type\":\"BreadcrumbList\",\"@id\":\"https:\\\/\\\/easyoriginal.com\\\/shop\\\/modern-englisch-frank-a1-a2\\\/the-disappearing-honey-bees-die-verschwundenen-honigbienen\\\/#breadcrumb\",\"itemListElement\":[{\"@type\":\"ListItem\",\"position\":1,\"name\":\"Startseite\",\"item\":\"https:\\\/\\\/easyoriginal.com\\\/\"},{\"@type\":\"ListItem\",\"position\":2,\"name\":\"Shop\",\"item\":\"https:\\\/\\\/easyoriginal.com\\\/shop\\\/\"},{\"@type\":\"ListItem\",\"position\":3,\"name\":\"The Disappearing Honey Bees \u2014 Die verschwundenen Honigbienen\"}]},{\"@type\":\"WebSite\",\"@id\":\"https:\\\/\\\/easyoriginal.com\\\/#website\",\"url\":\"https:\\\/\\\/easyoriginal.com\\\/\",\"name\":\"EasyOriginal.com\",\"description\":\"Spa\u00df am Lesen im Original - Innovative Lesemethode f\u00fcr Fremdsprachen\",\"publisher\":{\"@id\":\"https:\\\/\\\/easyoriginal.com\\\/#organization\"},\"potentialAction\":[{\"@type\":\"SearchAction\",\"target\":{\"@type\":\"EntryPoint\",\"urlTemplate\":\"https:\\\/\\\/easyoriginal.com\\\/?s={search_term_string}\"},\"query-input\":{\"@type\":\"PropertyValueSpecification\",\"valueRequired\":true,\"valueName\":\"search_term_string\"}}],\"inLanguage\":\"en-GB\"},{\"@type\":\"Organization\",\"@id\":\"https:\\\/\\\/easyoriginal.com\\\/#organization\",\"name\":\"EasyOriginal Verlag\",\"url\":\"https:\\\/\\\/easyoriginal.com\\\/\",\"logo\":{\"@type\":\"ImageObject\",\"inLanguage\":\"en-GB\",\"@id\":\"https:\\\/\\\/easyoriginal.com\\\/#\\\/schema\\\/logo\\\/image\\\/\",\"url\":\"https:\\\/\\\/easyoriginal.com\\\/wp-content\\\/uploads\\\/2020\\\/08\\\/logo_main.png\",\"contentUrl\":\"https:\\\/\\\/easyoriginal.com\\\/wp-content\\\/uploads\\\/2020\\\/08\\\/logo_main.png\",\"width\":500,\"height\":103,\"caption\":\"EasyOriginal Verlag\"},\"image\":{\"@id\":\"https:\\\/\\\/easyoriginal.com\\\/#\\\/schema\\\/logo\\\/image\\\/\"}}]}<\/script>\n<!-- \/ Yoast SEO plugin. -->","yoast_head_json":{"title":"The Disappearing Honey Bees \u2014 Die verschwundenen Honigbienen - EasyOriginal.com","robots":{"index":"index","follow":"follow","max-snippet":"max-snippet:-1","max-image-preview":"max-image-preview:large","max-video-preview":"max-video-preview:-1"},"canonical":"https:\/\/easyoriginal.com\/en\/shop\/modern-englisch-frank-a1-a2\/the-disappearing-honey-bees-die-verschwundenen-honigbienen\/","og_locale":"en_GB","og_type":"article","og_title":"The Disappearing Honey Bees \u2014 Die verschwundenen Honigbienen - EasyOriginal.com","og_description":"Auf Grange Farm in den gr\u00fcnen H\u00fcgeln von Wales beginnt der Fr\u00fchling \u2013 doch etwas ist anders: Die Bienen sind pl\u00f6tzlich verschwunden. F\u00fcr die 17-j\u00e4hrige Bethan Lloyd beginnt ein spannendes Abenteuer voller R\u00e4tsel, Naturbeobachtungen und mutiger Entscheidungen. Mit klarem Blick, einem Notizbuch und viel Herz begibt sie sich auf Spurensuche \u2013 und entdeckt dabei mehr als nur das Geheimnis der Bienen. The Disappearing Honey Bees ist ein modernes Farm-Mystery mit Tiefgang \u2013 \u00fcber Familie, Verantwortung, Umweltschutz und den Mut, f\u00fcr das Richtige einzustehen. Ideal f\u00fcr junge Leser*innen, die Natur lieben, starke Charaktere suchen \u2013 und sich von einer guten Geschichte mitrei\u00dfen lassen wollen. Zweisprachiges Buch Englisch-Deutsch.","og_url":"https:\/\/easyoriginal.com\/en\/shop\/modern-englisch-frank-a1-a2\/the-disappearing-honey-bees-die-verschwundenen-honigbienen\/","og_site_name":"EasyOriginal.com","article_modified_time":"2026-03-05T10:49:41+00:00","og_image":[{"width":1600,"height":2400,"url":"https:\/\/easyoriginal.com\/wp-content\/uploads\/The_Disappearing_Honey_Bees_printcover.jpg","type":"image\/jpeg"}],"twitter_card":"summary_large_image","twitter_misc":{"Estimated reading time":"2 minutes"},"schema":{"@context":"https:\/\/schema.org","@graph":[{"@type":"WebPage","@id":"https:\/\/easyoriginal.com\/shop\/modern-englisch-frank-a1-a2\/the-disappearing-honey-bees-die-verschwundenen-honigbienen\/","url":"https:\/\/easyoriginal.com\/shop\/modern-englisch-frank-a1-a2\/the-disappearing-honey-bees-die-verschwundenen-honigbienen\/","name":"The Disappearing Honey Bees \u2014 Die verschwundenen Honigbienen - EasyOriginal.com","isPartOf":{"@id":"https:\/\/easyoriginal.com\/#website"},"primaryImageOfPage":{"@id":"https:\/\/easyoriginal.com\/shop\/modern-englisch-frank-a1-a2\/the-disappearing-honey-bees-die-verschwundenen-honigbienen\/#primaryimage"},"image":{"@id":"https:\/\/easyoriginal.com\/shop\/modern-englisch-frank-a1-a2\/the-disappearing-honey-bees-die-verschwundenen-honigbienen\/#primaryimage"},"thumbnailUrl":"https:\/\/easyoriginal.com\/wp-content\/uploads\/The_Disappearing_Honey_Bees_printcover.jpg","datePublished":"2025-04-08T18:17:31+00:00","dateModified":"2026-03-05T10:49:41+00:00","breadcrumb":{"@id":"https:\/\/easyoriginal.com\/shop\/modern-englisch-frank-a1-a2\/the-disappearing-honey-bees-die-verschwundenen-honigbienen\/#breadcrumb"},"inLanguage":"en-GB","potentialAction":[{"@type":"ReadAction","target":["https:\/\/easyoriginal.com\/shop\/modern-englisch-frank-a1-a2\/the-disappearing-honey-bees-die-verschwundenen-honigbienen\/"]}]},{"@type":"ImageObject","inLanguage":"en-GB","@id":"https:\/\/easyoriginal.com\/shop\/modern-englisch-frank-a1-a2\/the-disappearing-honey-bees-die-verschwundenen-honigbienen\/#primaryimage","url":"https:\/\/easyoriginal.com\/wp-content\/uploads\/The_Disappearing_Honey_Bees_printcover.jpg","contentUrl":"https:\/\/easyoriginal.com\/wp-content\/uploads\/The_Disappearing_Honey_Bees_printcover.jpg","width":1600,"height":2400},{"@type":"BreadcrumbList","@id":"https:\/\/easyoriginal.com\/shop\/modern-englisch-frank-a1-a2\/the-disappearing-honey-bees-die-verschwundenen-honigbienen\/#breadcrumb","itemListElement":[{"@type":"ListItem","position":1,"name":"Startseite","item":"https:\/\/easyoriginal.com\/"},{"@type":"ListItem","position":2,"name":"Shop","item":"https:\/\/easyoriginal.com\/shop\/"},{"@type":"ListItem","position":3,"name":"The Disappearing Honey Bees \u2014 Die verschwundenen Honigbienen"}]},{"@type":"WebSite","@id":"https:\/\/easyoriginal.com\/#website","url":"https:\/\/easyoriginal.com\/","name":"EasyOriginal.com","description":"Spa\u00df am Lesen im Original - Innovative Lesemethode f\u00fcr Fremdsprachen","publisher":{"@id":"https:\/\/easyoriginal.com\/#organization"},"potentialAction":[{"@type":"SearchAction","target":{"@type":"EntryPoint","urlTemplate":"https:\/\/easyoriginal.com\/?s={search_term_string}"},"query-input":{"@type":"PropertyValueSpecification","valueRequired":true,"valueName":"search_term_string"}}],"inLanguage":"en-GB"},{"@type":"Organization","@id":"https:\/\/easyoriginal.com\/#organization","name":"EasyOriginal Verlag","url":"https:\/\/easyoriginal.com\/","logo":{"@type":"ImageObject","inLanguage":"en-GB","@id":"https:\/\/easyoriginal.com\/#\/schema\/logo\/image\/","url":"https:\/\/easyoriginal.com\/wp-content\/uploads\/2020\/08\/logo_main.png","contentUrl":"https:\/\/easyoriginal.com\/wp-content\/uploads\/2020\/08\/logo_main.png","width":500,"height":103,"caption":"EasyOriginal Verlag"},"image":{"@id":"https:\/\/easyoriginal.com\/#\/schema\/logo\/image\/"}}]}},"_links":{"self":[{"href":"https:\/\/easyoriginal.com\/en\/wp-json\/wp\/v2\/product\/15073","targetHints":{"allow":["GET"]}}],"collection":[{"href":"https:\/\/easyoriginal.com\/en\/wp-json\/wp\/v2\/product"}],"about":[{"href":"https:\/\/easyoriginal.com\/en\/wp-json\/wp\/v2\/types\/product"}],"replies":[{"embeddable":true,"href":"https:\/\/easyoriginal.com\/en\/wp-json\/wp\/v2\/comments?post=15073"}],"wp:featuredmedia":[{"embeddable":true,"href":"https:\/\/easyoriginal.com\/en\/wp-json\/wp\/v2\/media\/15078"}],"wp:attachment":[{"href":"https:\/\/easyoriginal.com\/en\/wp-json\/wp\/v2\/media?parent=15073"}],"wp:term":[{"taxonomy":"product_brand","embeddable":true,"href":"https:\/\/easyoriginal.com\/en\/wp-json\/wp\/v2\/product_brand?post=15073"},{"taxonomy":"product_cat","embeddable":true,"href":"https:\/\/easyoriginal.com\/en\/wp-json\/wp\/v2\/product_cat?post=15073"},{"taxonomy":"product_tag","embeddable":true,"href":"https:\/\/easyoriginal.com\/en\/wp-json\/wp\/v2\/product_tag?post=15073"}],"curies":[{"name":"wp","href":"https:\/\/api.w.org\/{rel}","templated":true}]}}