{"id":15015,"date":"2025-03-23T09:10:26","date_gmt":"2025-03-23T08:10:26","guid":{"rendered":"https:\/\/easyoriginal.com\/?post_type=product&#038;p=15015"},"modified":"2026-03-25T21:41:14","modified_gmt":"2026-03-25T20:41:14","slug":"los-diamantes-desaparecidos-die-verschwundenen-diamanten","status":"publish","type":"product","link":"https:\/\/easyoriginal.com\/en\/shop\/modern-spanisch-frank-a1-a2\/los-diamantes-desaparecidos-die-verschwundenen-diamanten\/","title":{"rendered":"Los Diamantes Desaparecidos \u2014 Die verschwundenen Diamanten"},"content":{"rendered":"<div class=\"adapted-container\">\n<p class=\"Adapted\"><span>La ma\u00f1ana en el Hotel Luna <\/span><span class=\"Translation CharOverride-1\">(der Morgen im Hotel Luna)<\/span><\/p>\n<p class=\"Adapted\"><span>Son las cinco y media de la ma\u00f1ana en Barcelona <\/span><span class=\"Translation CharOverride-1\">(es ist halb sechs morgens in Barcelona)<\/span><span>. El cielo est\u00e1 oscuro <\/span><span class=\"Translation CharOverride-1\">(der Himmel ist dunke<\/span><span class=\"Translation\"><span class=\"No-Break CharOverride-1\">l;<\/span><\/span><span class=\"Translation\"><span class=\"Comments\"> <\/span><\/span><span class=\"Translation\"><span class=\"Comment-Words\">oscuro<\/span><\/span><span class=\"Translation\"><span class=\"No-Break\"><span class=\"Comments\"> \u2014<\/span><\/span><\/span><span class=\"Translation\"><span class=\"Comments\"> dunke<\/span><\/span><span class=\"Translation\"><span class=\"No-Break\"><span class=\"Comments\">l;<\/span><\/span><\/span><span class=\"Translation\"><span class=\"Comments\"> finster<\/span><\/span><span class=\"Translation CharOverride-1\">)<\/span><span>. La ciudad est\u00e1 tranquila <\/span><span class=\"Translation CharOverride-1\">(die Stadt ist ruhi<\/span><span class=\"Translation\"><span class=\"No-Break CharOverride-1\">g;<\/span><\/span><span class=\"Translation\"><span class=\"Comments\"> <\/span><\/span><span class=\"Translation\"><span class=\"Comment-Words\">tranquilo<\/span><\/span><span class=\"Translation\"><span class=\"No-Break\"><span class=\"Comments\"> \u2014<\/span><\/span><\/span><span class=\"Translation\"><span class=\"Comments\"> ruhig, still<\/span><\/span><span class=\"Translation CharOverride-1\">)<\/span><span>.<\/span><\/p>\n<\/div>\n<audio class=\"wp-audio-shortcode\" id=\"audio-15015-1\" preload=\"none\" style=\"width: 100%;\" controls=\"controls\"><source type=\"audio\/mpeg\" src=\"https:\/\/easyoriginal1.s3.eu-central-1.amazonaws.com\/spanisch\/s30\/001.mp3?_=1\" \/><a href=\"https:\/\/easyoriginal1.s3.eu-central-1.amazonaws.com\/spanisch\/s30\/001.mp3\">https:\/\/easyoriginal1.s3.eu-central-1.amazonaws.com\/spanisch\/s30\/001.mp3<\/a><\/audio>\n<div class=\"original-container\">\n<p class=\"Original\" lang=\"es-ES\"><span>La ma\u00f1ana en el Hotel Luna<\/span><\/p>\n<p class=\"Original\" lang=\"es-ES\"><span lang=\"en-US\">Son las cinco y media de la ma\u00f1ana en Barcelona. El cielo est\u00e1 oscuro. La ciudad est\u00e1 tranquila.<\/span><\/p>\n<\/div>","protected":false},"excerpt":{"rendered":"<p>Willkommen im luxuri\u00f6sen Hotel Luna in Barcelona \u2013 einem Ort voller Eleganz, Geheimnisse und Intrigen. Als die ber\u00fchmte Schauspielerin Ana L\u00f3pez mit einem wertvollen Diamantcollier eincheckt, ahnt niemand, dass dieser Aufenthalt in einem spektakul\u00e4ren Verbrechen enden wird. Doch als der Schmuck pl\u00f6tzlich verschwindet, beginnt eine packende Jagd nach der Wahrheit.<br \/>\nZwischen schillernden Filmstars, diskreten Hotelangestellten und dunklen Schatten aus der Vergangenheit entfaltet sich ein R\u00e4tsel, das tief in die Geschichte eines legend\u00e4ren Juwels f\u00fchrt. Wem kann man trauen? Wer spielt ein doppeltes Spiel? Und vor allem \u2013 wird das verschwundene Collier jemals wieder auftauchen?<br \/>\nEin fesselnder Krimi voller Eleganz, Spannung und unerwarteter Wendungen \u2013 perfekt f\u00fcr alle, die das Flair Barcelonas und raffinierte Detektivgeschichten lieben.<br \/>\nZweisprachiges Buch Spanisch-Deutsch.<\/p>","protected":false},"featured_media":15021,"comment_status":"open","ping_status":"closed","template":"","meta":{"_acf_changed":false,"_et_pb_use_builder":"off","_et_pb_old_content":"<div class=\"adapted-container\">\r\n<p class=\"Adapted\"><span class=\"Bold\">Hace mucho tiempo que ten\u00eda ganas de escribir <\/span><span class=\"Translation\">(seit langer Zeit hatte ich Lust zu schreiben; <\/span><span class=\"Translation\"><span class=\"Comment-Words\">tener<\/span><\/span><span class=\"Translation\"><span class=\"Comments\"> \u2014 haben<\/span><\/span><span class=\"Translation\">)<\/span><span class=\"Bold\"> cualquier cosa con este t\u00edtulo <\/span><span class=\"Translation\">(irgendetwas mit diesem Titel)<\/span><span class=\"Bold\">.<\/span><\/p>\r\n<p class=\"Adapted\"><span class=\"Bold\">Hoy<a id=\"_idTextAnchor001\"><\/a>, que se me ha presentado ocasi\u00f3n <\/span><span class=\"Translation\">(heute, wo sich mir \/eine\/ Gelegenheit geboten hat; <\/span><span class=\"Translation\"><span class=\"Comment-Words\">presentar<\/span><\/span><span class=\"Translation\"><span class=\"Comments\"> \u2014 zeigen; vorstellen<\/span><\/span><span class=\"Translation\">)<\/span><span class=\"Bold\">, lo he puesto con letras grandes <\/span><span class=\"Translation\">(das habe ich in gro\u00dfen Buchstaben gesetzt = habe ich es in Gro\u00dfbuchstaben gesetzt; <\/span><span class=\"Translation\"><span class=\"Comment-Words\">poner<\/span><\/span><span class=\"Translation\"><span class=\"Comments\"> \u2014 setzen; stellen; legen<\/span><\/span><span class=\"Translation\">)<\/span><span class=\"Bold\"> en la primera cuartilla de papel <\/span><span class=\"Translation\">(auf das erste Blatt: \u00abauf das erste Viertelpapier\u00bb; <\/span><span class=\"Translation\"><span class=\"Comment-Words\">cuarto<\/span><\/span><span class=\"Translation\"><span class=\"Gender _idGenCharOverride-1\">m <\/span><\/span><span class=\"Translation\"><span class=\"Comments\">\u2014 Viertel<\/span><\/span><span class=\"Translation\">)<\/span><span class=\"Bold\">, y luego he dejado a capricho volar la pluma <\/span><span class=\"Translation\">(und dann habe ich nach Belieben die Feder fliegen lassen; <\/span><span class=\"Translation\"><span class=\"Comment-Words\">dejar<\/span><\/span><span class=\"Translation\"><span class=\"Comments\"> \u2014 lassen; <\/span><\/span><span class=\"Translation\"><span class=\"Comment-Words\">capricho<\/span><\/span><span class=\"Translation\"><span class=\"Gender _idGenCharOverride-1\">m <\/span><\/span><span class=\"Translation\"><span class=\"Comments\">\u2014 Laune<\/span><\/span><span class=\"Translation\">)<\/span><span class=\"Bold\">.<\/span><\/p>\r\n\r\n<\/div>\r\n[audio mp3=\"https:\/\/easyoriginal1.s3.eu-central-1.amazonaws.com\/spanisch\/s1\/1.mp3\"][\/audio]\r\n<div class=\"original-container\">\r\n<p class=\"Original\">Hace mucho tiempo que ten\u00eda ganas de escribir cualquier cosa con este t\u00edtulo.<\/p>\r\n<p class=\"Original\">Hoy, que se me ha presentado ocasi\u00f3n, lo he puesto con letras grandes en la primera cuartilla de papel, y luego he dejado a capricho volar la pluma.<\/p>\r\n\r\n<\/div>\r\n<a class=\"weiter\" href=\"\/webreader\/los-ojos-verdes\/fragment\/1-4-2\/\">weiter lesen<\/a>","_et_gb_content_width":""},"product_brand":[],"product_cat":[269],"product_tag":[164,81],"class_list":{"0":"post-15015","1":"product","2":"type-product","3":"status-publish","4":"has-post-thumbnail","6":"product_cat-modern-spanisch-frank-a1-a2","7":"product_tag-anfaenger","8":"product_tag-krimi","10":"first","11":"instock","12":"taxable","13":"shipping-taxable","14":"purchasable","15":"product-type-variable"},"acf":[],"yoast_head":"<!-- This site is optimized with the Yoast SEO plugin v27.3 - https:\/\/yoast.com\/product\/yoast-seo-wordpress\/ -->\n<title>Los Diamantes Desaparecidos \u2014 Die verschwundenen Diamanten - EasyOriginal.com<\/title>\n<meta name=\"robots\" content=\"index, follow, max-snippet:-1, max-image-preview:large, max-video-preview:-1\" \/>\n<link rel=\"canonical\" href=\"https:\/\/easyoriginal.com\/en\/shop\/modern-spanisch-frank-a1-a2\/los-diamantes-desaparecidos-die-verschwundenen-diamanten\/\" \/>\n<meta property=\"og:locale\" content=\"en_GB\" \/>\n<meta property=\"og:type\" content=\"article\" \/>\n<meta property=\"og:title\" content=\"Los Diamantes Desaparecidos \u2014 Die verschwundenen Diamanten - EasyOriginal.com\" \/>\n<meta property=\"og:description\" content=\"Willkommen im luxuri\u00f6sen Hotel Luna in Barcelona \u2013 einem Ort voller Eleganz, Geheimnisse und Intrigen. Als die ber\u00fchmte Schauspielerin Ana L\u00f3pez mit einem wertvollen Diamantcollier eincheckt, ahnt niemand, dass dieser Aufenthalt in einem spektakul\u00e4ren Verbrechen enden wird. Doch als der Schmuck pl\u00f6tzlich verschwindet, beginnt eine packende Jagd nach der Wahrheit. Zwischen schillernden Filmstars, diskreten Hotelangestellten und dunklen Schatten aus der Vergangenheit entfaltet sich ein R\u00e4tsel, das tief in die Geschichte eines legend\u00e4ren Juwels f\u00fchrt. Wem kann man trauen? Wer spielt ein doppeltes Spiel? Und vor allem \u2013 wird das verschwundene Collier jemals wieder auftauchen? Ein fesselnder Krimi voller Eleganz, Spannung und unerwarteter Wendungen \u2013 perfekt f\u00fcr alle, die das Flair Barcelonas und raffinierte Detektivgeschichten lieben. Zweisprachiges Buch Spanisch-Deutsch.\" \/>\n<meta property=\"og:url\" content=\"https:\/\/easyoriginal.com\/en\/shop\/modern-spanisch-frank-a1-a2\/los-diamantes-desaparecidos-die-verschwundenen-diamanten\/\" \/>\n<meta property=\"og:site_name\" content=\"EasyOriginal.com\" \/>\n<meta property=\"article:modified_time\" content=\"2026-03-25T20:41:14+00:00\" \/>\n<meta property=\"og:image\" content=\"https:\/\/easyoriginal.com\/wp-content\/uploads\/Los-Diamantes-Desaparecidos_printcover.jpg\" \/>\n\t<meta property=\"og:image:width\" content=\"1600\" \/>\n\t<meta property=\"og:image:height\" content=\"2400\" \/>\n\t<meta property=\"og:image:type\" content=\"image\/jpeg\" \/>\n<meta name=\"twitter:card\" content=\"summary_large_image\" \/>\n<meta name=\"twitter:label1\" content=\"Estimated reading time\" \/>\n\t<meta name=\"twitter:data1\" content=\"1 minute\" \/>\n<script type=\"application\/ld+json\" class=\"yoast-schema-graph\">{\"@context\":\"https:\\\/\\\/schema.org\",\"@graph\":[{\"@type\":\"WebPage\",\"@id\":\"https:\\\/\\\/easyoriginal.com\\\/shop\\\/modern-spanisch-frank-a1-a2\\\/los-diamantes-desaparecidos-die-verschwundenen-diamanten\\\/\",\"url\":\"https:\\\/\\\/easyoriginal.com\\\/shop\\\/modern-spanisch-frank-a1-a2\\\/los-diamantes-desaparecidos-die-verschwundenen-diamanten\\\/\",\"name\":\"Los Diamantes Desaparecidos \u2014 Die verschwundenen Diamanten - EasyOriginal.com\",\"isPartOf\":{\"@id\":\"https:\\\/\\\/easyoriginal.com\\\/#website\"},\"primaryImageOfPage\":{\"@id\":\"https:\\\/\\\/easyoriginal.com\\\/shop\\\/modern-spanisch-frank-a1-a2\\\/los-diamantes-desaparecidos-die-verschwundenen-diamanten\\\/#primaryimage\"},\"image\":{\"@id\":\"https:\\\/\\\/easyoriginal.com\\\/shop\\\/modern-spanisch-frank-a1-a2\\\/los-diamantes-desaparecidos-die-verschwundenen-diamanten\\\/#primaryimage\"},\"thumbnailUrl\":\"https:\\\/\\\/easyoriginal.com\\\/wp-content\\\/uploads\\\/Los-Diamantes-Desaparecidos_printcover.jpg\",\"datePublished\":\"2025-03-23T08:10:26+00:00\",\"dateModified\":\"2026-03-25T20:41:14+00:00\",\"breadcrumb\":{\"@id\":\"https:\\\/\\\/easyoriginal.com\\\/shop\\\/modern-spanisch-frank-a1-a2\\\/los-diamantes-desaparecidos-die-verschwundenen-diamanten\\\/#breadcrumb\"},\"inLanguage\":\"en-GB\",\"potentialAction\":[{\"@type\":\"ReadAction\",\"target\":[\"https:\\\/\\\/easyoriginal.com\\\/shop\\\/modern-spanisch-frank-a1-a2\\\/los-diamantes-desaparecidos-die-verschwundenen-diamanten\\\/\"]}]},{\"@type\":\"ImageObject\",\"inLanguage\":\"en-GB\",\"@id\":\"https:\\\/\\\/easyoriginal.com\\\/shop\\\/modern-spanisch-frank-a1-a2\\\/los-diamantes-desaparecidos-die-verschwundenen-diamanten\\\/#primaryimage\",\"url\":\"https:\\\/\\\/easyoriginal.com\\\/wp-content\\\/uploads\\\/Los-Diamantes-Desaparecidos_printcover.jpg\",\"contentUrl\":\"https:\\\/\\\/easyoriginal.com\\\/wp-content\\\/uploads\\\/Los-Diamantes-Desaparecidos_printcover.jpg\",\"width\":1600,\"height\":2400},{\"@type\":\"BreadcrumbList\",\"@id\":\"https:\\\/\\\/easyoriginal.com\\\/shop\\\/modern-spanisch-frank-a1-a2\\\/los-diamantes-desaparecidos-die-verschwundenen-diamanten\\\/#breadcrumb\",\"itemListElement\":[{\"@type\":\"ListItem\",\"position\":1,\"name\":\"Startseite\",\"item\":\"https:\\\/\\\/easyoriginal.com\\\/\"},{\"@type\":\"ListItem\",\"position\":2,\"name\":\"Shop\",\"item\":\"https:\\\/\\\/easyoriginal.com\\\/shop\\\/\"},{\"@type\":\"ListItem\",\"position\":3,\"name\":\"Los Diamantes Desaparecidos \u2014 Die verschwundenen Diamanten\"}]},{\"@type\":\"WebSite\",\"@id\":\"https:\\\/\\\/easyoriginal.com\\\/#website\",\"url\":\"https:\\\/\\\/easyoriginal.com\\\/\",\"name\":\"EasyOriginal.com\",\"description\":\"Spa\u00df am Lesen im Original - Innovative Lesemethode f\u00fcr Fremdsprachen\",\"publisher\":{\"@id\":\"https:\\\/\\\/easyoriginal.com\\\/#organization\"},\"potentialAction\":[{\"@type\":\"SearchAction\",\"target\":{\"@type\":\"EntryPoint\",\"urlTemplate\":\"https:\\\/\\\/easyoriginal.com\\\/?s={search_term_string}\"},\"query-input\":{\"@type\":\"PropertyValueSpecification\",\"valueRequired\":true,\"valueName\":\"search_term_string\"}}],\"inLanguage\":\"en-GB\"},{\"@type\":\"Organization\",\"@id\":\"https:\\\/\\\/easyoriginal.com\\\/#organization\",\"name\":\"EasyOriginal Verlag\",\"url\":\"https:\\\/\\\/easyoriginal.com\\\/\",\"logo\":{\"@type\":\"ImageObject\",\"inLanguage\":\"en-GB\",\"@id\":\"https:\\\/\\\/easyoriginal.com\\\/#\\\/schema\\\/logo\\\/image\\\/\",\"url\":\"https:\\\/\\\/easyoriginal.com\\\/wp-content\\\/uploads\\\/2020\\\/08\\\/logo_main.png\",\"contentUrl\":\"https:\\\/\\\/easyoriginal.com\\\/wp-content\\\/uploads\\\/2020\\\/08\\\/logo_main.png\",\"width\":500,\"height\":103,\"caption\":\"EasyOriginal Verlag\"},\"image\":{\"@id\":\"https:\\\/\\\/easyoriginal.com\\\/#\\\/schema\\\/logo\\\/image\\\/\"}}]}<\/script>\n<!-- \/ Yoast SEO plugin. -->","yoast_head_json":{"title":"Los Diamantes Desaparecidos \u2014 Die verschwundenen Diamanten - EasyOriginal.com","robots":{"index":"index","follow":"follow","max-snippet":"max-snippet:-1","max-image-preview":"max-image-preview:large","max-video-preview":"max-video-preview:-1"},"canonical":"https:\/\/easyoriginal.com\/en\/shop\/modern-spanisch-frank-a1-a2\/los-diamantes-desaparecidos-die-verschwundenen-diamanten\/","og_locale":"en_GB","og_type":"article","og_title":"Los Diamantes Desaparecidos \u2014 Die verschwundenen Diamanten - EasyOriginal.com","og_description":"Willkommen im luxuri\u00f6sen Hotel Luna in Barcelona \u2013 einem Ort voller Eleganz, Geheimnisse und Intrigen. Als die ber\u00fchmte Schauspielerin Ana L\u00f3pez mit einem wertvollen Diamantcollier eincheckt, ahnt niemand, dass dieser Aufenthalt in einem spektakul\u00e4ren Verbrechen enden wird. Doch als der Schmuck pl\u00f6tzlich verschwindet, beginnt eine packende Jagd nach der Wahrheit. Zwischen schillernden Filmstars, diskreten Hotelangestellten und dunklen Schatten aus der Vergangenheit entfaltet sich ein R\u00e4tsel, das tief in die Geschichte eines legend\u00e4ren Juwels f\u00fchrt. Wem kann man trauen? Wer spielt ein doppeltes Spiel? Und vor allem \u2013 wird das verschwundene Collier jemals wieder auftauchen? Ein fesselnder Krimi voller Eleganz, Spannung und unerwarteter Wendungen \u2013 perfekt f\u00fcr alle, die das Flair Barcelonas und raffinierte Detektivgeschichten lieben. Zweisprachiges Buch Spanisch-Deutsch.","og_url":"https:\/\/easyoriginal.com\/en\/shop\/modern-spanisch-frank-a1-a2\/los-diamantes-desaparecidos-die-verschwundenen-diamanten\/","og_site_name":"EasyOriginal.com","article_modified_time":"2026-03-25T20:41:14+00:00","og_image":[{"width":1600,"height":2400,"url":"https:\/\/easyoriginal.com\/wp-content\/uploads\/Los-Diamantes-Desaparecidos_printcover.jpg","type":"image\/jpeg"}],"twitter_card":"summary_large_image","twitter_misc":{"Estimated reading time":"1 minute"},"schema":{"@context":"https:\/\/schema.org","@graph":[{"@type":"WebPage","@id":"https:\/\/easyoriginal.com\/shop\/modern-spanisch-frank-a1-a2\/los-diamantes-desaparecidos-die-verschwundenen-diamanten\/","url":"https:\/\/easyoriginal.com\/shop\/modern-spanisch-frank-a1-a2\/los-diamantes-desaparecidos-die-verschwundenen-diamanten\/","name":"Los Diamantes Desaparecidos \u2014 Die verschwundenen Diamanten - EasyOriginal.com","isPartOf":{"@id":"https:\/\/easyoriginal.com\/#website"},"primaryImageOfPage":{"@id":"https:\/\/easyoriginal.com\/shop\/modern-spanisch-frank-a1-a2\/los-diamantes-desaparecidos-die-verschwundenen-diamanten\/#primaryimage"},"image":{"@id":"https:\/\/easyoriginal.com\/shop\/modern-spanisch-frank-a1-a2\/los-diamantes-desaparecidos-die-verschwundenen-diamanten\/#primaryimage"},"thumbnailUrl":"https:\/\/easyoriginal.com\/wp-content\/uploads\/Los-Diamantes-Desaparecidos_printcover.jpg","datePublished":"2025-03-23T08:10:26+00:00","dateModified":"2026-03-25T20:41:14+00:00","breadcrumb":{"@id":"https:\/\/easyoriginal.com\/shop\/modern-spanisch-frank-a1-a2\/los-diamantes-desaparecidos-die-verschwundenen-diamanten\/#breadcrumb"},"inLanguage":"en-GB","potentialAction":[{"@type":"ReadAction","target":["https:\/\/easyoriginal.com\/shop\/modern-spanisch-frank-a1-a2\/los-diamantes-desaparecidos-die-verschwundenen-diamanten\/"]}]},{"@type":"ImageObject","inLanguage":"en-GB","@id":"https:\/\/easyoriginal.com\/shop\/modern-spanisch-frank-a1-a2\/los-diamantes-desaparecidos-die-verschwundenen-diamanten\/#primaryimage","url":"https:\/\/easyoriginal.com\/wp-content\/uploads\/Los-Diamantes-Desaparecidos_printcover.jpg","contentUrl":"https:\/\/easyoriginal.com\/wp-content\/uploads\/Los-Diamantes-Desaparecidos_printcover.jpg","width":1600,"height":2400},{"@type":"BreadcrumbList","@id":"https:\/\/easyoriginal.com\/shop\/modern-spanisch-frank-a1-a2\/los-diamantes-desaparecidos-die-verschwundenen-diamanten\/#breadcrumb","itemListElement":[{"@type":"ListItem","position":1,"name":"Startseite","item":"https:\/\/easyoriginal.com\/"},{"@type":"ListItem","position":2,"name":"Shop","item":"https:\/\/easyoriginal.com\/shop\/"},{"@type":"ListItem","position":3,"name":"Los Diamantes Desaparecidos \u2014 Die verschwundenen Diamanten"}]},{"@type":"WebSite","@id":"https:\/\/easyoriginal.com\/#website","url":"https:\/\/easyoriginal.com\/","name":"EasyOriginal.com","description":"Spa\u00df am Lesen im Original - Innovative Lesemethode f\u00fcr Fremdsprachen","publisher":{"@id":"https:\/\/easyoriginal.com\/#organization"},"potentialAction":[{"@type":"SearchAction","target":{"@type":"EntryPoint","urlTemplate":"https:\/\/easyoriginal.com\/?s={search_term_string}"},"query-input":{"@type":"PropertyValueSpecification","valueRequired":true,"valueName":"search_term_string"}}],"inLanguage":"en-GB"},{"@type":"Organization","@id":"https:\/\/easyoriginal.com\/#organization","name":"EasyOriginal Verlag","url":"https:\/\/easyoriginal.com\/","logo":{"@type":"ImageObject","inLanguage":"en-GB","@id":"https:\/\/easyoriginal.com\/#\/schema\/logo\/image\/","url":"https:\/\/easyoriginal.com\/wp-content\/uploads\/2020\/08\/logo_main.png","contentUrl":"https:\/\/easyoriginal.com\/wp-content\/uploads\/2020\/08\/logo_main.png","width":500,"height":103,"caption":"EasyOriginal Verlag"},"image":{"@id":"https:\/\/easyoriginal.com\/#\/schema\/logo\/image\/"}}]}},"_links":{"self":[{"href":"https:\/\/easyoriginal.com\/en\/wp-json\/wp\/v2\/product\/15015","targetHints":{"allow":["GET"]}}],"collection":[{"href":"https:\/\/easyoriginal.com\/en\/wp-json\/wp\/v2\/product"}],"about":[{"href":"https:\/\/easyoriginal.com\/en\/wp-json\/wp\/v2\/types\/product"}],"replies":[{"embeddable":true,"href":"https:\/\/easyoriginal.com\/en\/wp-json\/wp\/v2\/comments?post=15015"}],"wp:featuredmedia":[{"embeddable":true,"href":"https:\/\/easyoriginal.com\/en\/wp-json\/wp\/v2\/media\/15021"}],"wp:attachment":[{"href":"https:\/\/easyoriginal.com\/en\/wp-json\/wp\/v2\/media?parent=15015"}],"wp:term":[{"taxonomy":"product_brand","embeddable":true,"href":"https:\/\/easyoriginal.com\/en\/wp-json\/wp\/v2\/product_brand?post=15015"},{"taxonomy":"product_cat","embeddable":true,"href":"https:\/\/easyoriginal.com\/en\/wp-json\/wp\/v2\/product_cat?post=15015"},{"taxonomy":"product_tag","embeddable":true,"href":"https:\/\/easyoriginal.com\/en\/wp-json\/wp\/v2\/product_tag?post=15015"}],"curies":[{"name":"wp","href":"https:\/\/api.w.org\/{rel}","templated":true}]}}