{"id":14989,"date":"2025-03-22T23:07:09","date_gmt":"2025-03-22T22:07:09","guid":{"rendered":"https:\/\/easyoriginal.com\/?post_type=product&#038;p=14989"},"modified":"2026-03-25T21:40:40","modified_gmt":"2026-03-25T20:40:40","slug":"el-fantasma-del-arrecife-de-coral-das-geheimnis-des-korallenriffs","status":"publish","type":"product","link":"https:\/\/easyoriginal.com\/en\/shop\/modern-spanisch-frank-a1-a2\/el-fantasma-del-arrecife-de-coral-das-geheimnis-des-korallenriffs\/","title":{"rendered":"El Fantasma del Arrecife de Coral \u2014 Das Geheimnis des Korallenriffs"},"content":{"rendered":"<div class=\"adapted-container\">\n<p class=\"Adapted\"><span>Un d\u00eda normal en Cala Cristal <\/span><span class=\"Translation CharOverride-1\">(ein normaler Tag in Cala Crista<\/span><span class=\"Translation\"><span class=\"No-Break CharOverride-1\">l;<\/span><\/span><span class=\"Translation\"><span class=\"Comments\"> <\/span><\/span><span class=\"Translation\"><span class=\"Comment-Words\">cala<\/span><\/span><span class=\"Translation\"><span class=\"Sub CharOverride-2\">f<\/span><\/span><span class=\"Translation\"><span class=\"No-Break\"><span class=\"Comments\"> \u2014<\/span><\/span><\/span><span class=\"Translation\"><span class=\"Comments\"> Buch<\/span><\/span><span class=\"Translation\"><span class=\"No-Break\"><span class=\"Comments\">t;<\/span><\/span><\/span><span class=\"Translation\"><span class=\"Comments\"> eine kleine, von Felsen umgebene Bucht<\/span><\/span><span class=\"Translation CharOverride-1\">)<\/span><\/p>\n<p class=\"Adapted\"><span>Era una ma\u00f1ana soleada en Cala Cristal <\/span><span class=\"Translation CharOverride-1\">(es war ein sonniger Morgen in Cala Crista<\/span><span class=\"Translation\"><span class=\"No-Break CharOverride-1\">l;<\/span><\/span><span class=\"Translation\"><span class=\"Comments\"> <\/span><\/span><span class=\"Translation\"><span class=\"Comment-Words\">soleado<\/span><\/span><span class=\"Translation\"><span class=\"No-Break\"><span class=\"Comments\"> \u2014<\/span><\/span><\/span><span class=\"Translation\"><span class=\"Comments\"> sonni<\/span><\/span><span class=\"Translation\"><span class=\"No-Break\"><span class=\"Comments\">g;<\/span><\/span><\/span><span class=\"Translation\"><span class=\"Comments\"> <\/span><\/span><span class=\"Translation\"><span class=\"Comment-Words\">sol<\/span><\/span><span class=\"Translation\"><span class=\"Sub CharOverride-2\">m<\/span><\/span><span class=\"Translation\"><span class=\"No-Break\"><span class=\"Comments\"> \u2014<\/span><\/span><\/span><span class=\"Translation\"><span class=\"Comments\"> Sonne<\/span><\/span><span class=\"Translation CharOverride-1\">)<\/span><span>. Marina L\u00f3pez se despert\u00f3 temprano <\/span><span class=\"Translation CharOverride-1\">(Marina L\u00f3pez wachte fr\u00fch au<\/span><span class=\"Translation\"><span class=\"No-Break CharOverride-1\">f;<\/span><\/span><span class=\"Translation\"><span class=\"Comments\"> <\/span><\/span><span class=\"Translation\"><span class=\"Comment-Words\">despertarse<\/span><\/span><span class=\"Translation\"><span class=\"No-Break\"><span class=\"Comments\"> \u2014<\/span><\/span><\/span><span class=\"Translation\"><span class=\"Comments\"> aufwachen<\/span><\/span><span class=\"Translation CharOverride-1\">)<\/span><span>, como siempre <\/span><span class=\"Translation CharOverride-1\">(wie immer)<\/span><span>. Ella amaba nadar en el mar por la ma\u00f1ana <\/span><span class=\"Translation CharOverride-1\">(sie liebte es, am Morgen im Meer zu schwimme<\/span><span class=\"Translation\"><span class=\"No-Break CharOverride-1\">n;<\/span><\/span><span class=\"Translation\"><span class=\"Comments\"> <\/span><\/span><span class=\"Translation\"><span class=\"Comment-Words\">amar<\/span><\/span><span class=\"Translation\"><span class=\"No-Break\"><span class=\"Comments\"> \u2014<\/span><\/span><\/span><span class=\"Translation\"><span class=\"Comments\"> lieben<\/span><\/span><span class=\"Translation CharOverride-1\">)<\/span><span>.<\/span><\/p>\n<\/div>\n<audio class=\"wp-audio-shortcode\" id=\"audio-14989-1\" preload=\"none\" style=\"width: 100%;\" controls=\"controls\"><source type=\"audio\/mpeg\" src=\"https:\/\/easyoriginal1.s3.eu-central-1.amazonaws.com\/spanisch\/s28\/001.mp3?_=1\" \/><a href=\"https:\/\/easyoriginal1.s3.eu-central-1.amazonaws.com\/spanisch\/s28\/001.mp3\">https:\/\/easyoriginal1.s3.eu-central-1.amazonaws.com\/spanisch\/s28\/001.mp3<\/a><\/audio>\n<div class=\"original-container\">\n<p class=\"Original\" lang=\"es-ES\"><span lang=\"en-US\">Un d\u00eda normal en Cala Cristal<\/span><\/p>\n<p class=\"Original\" lang=\"es-ES\"><span lang=\"en-US\">Era una ma\u00f1ana soleada en Cala Cristal. Marina L\u00f3pez se despert\u00f3 temprano, como siempre. <\/span><span>Ella amaba nadar en el mar por la ma\u00f1ana.<\/span><\/p>\n<\/div>","protected":false},"excerpt":{"rendered":"<p>Ein idyllisches K\u00fcstendorf, ein geheimnisvolles Leuchten im Meer und ein besch\u00e4digtes Korallenriff \u2013 was steckt hinter diesen r\u00e4tselhaften Ereignissen?<br \/>\nMarina, Hugo und Clara lieben das Meer und verbringen jede freie Minute mit Tauchen und Erforschen der Unterwasserwelt. Doch als sie eines Tages merkw\u00fcrdige Ver\u00e4nderungen am Korallenriff entdecken, ahnen sie nicht, dass sie einem gef\u00e4hrlichen Geheimnis auf die Spur kommen. Ein mysteri\u00f6ses Wesen taucht in den dunklen Fluten auf \u2013 ist es wirklich ein Geist oder steckt mehr dahinter?<br \/>\nMit Mut, cleveren Ideen und einem unersch\u00fctterlichen Entdeckergeist machen sich die drei Freunde auf, das R\u00e4tsel zu l\u00f6sen. Doch die Zeit dr\u00e4ngt, denn das Riff schwebt in gro\u00dfer Gefahr!<br \/>\nEin spannendes Unterwasser-Abenteuer voller R\u00e4tsel, Freundschaft und Mut \u2013 perfekt f\u00fcr alle jungen Detektive und Meeresliebhaber!<br \/>\nZweisprachiges Buch Spanisch-Deutsch.<\/p>","protected":false},"featured_media":14997,"comment_status":"open","ping_status":"closed","template":"","meta":{"_acf_changed":false,"_et_pb_use_builder":"off","_et_pb_old_content":"<div class=\"adapted-container\">\r\n<p class=\"Adapted\"><span class=\"Bold\">Hace mucho tiempo que ten\u00eda ganas de escribir <\/span><span class=\"Translation\">(seit langer Zeit hatte ich Lust zu schreiben; <\/span><span class=\"Translation\"><span class=\"Comment-Words\">tener<\/span><\/span><span class=\"Translation\"><span class=\"Comments\"> \u2014 haben<\/span><\/span><span class=\"Translation\">)<\/span><span class=\"Bold\"> cualquier cosa con este t\u00edtulo <\/span><span class=\"Translation\">(irgendetwas mit diesem Titel)<\/span><span class=\"Bold\">.<\/span><\/p>\r\n<p class=\"Adapted\"><span class=\"Bold\">Hoy<a id=\"_idTextAnchor001\"><\/a>, que se me ha presentado ocasi\u00f3n <\/span><span class=\"Translation\">(heute, wo sich mir \/eine\/ Gelegenheit geboten hat; <\/span><span class=\"Translation\"><span class=\"Comment-Words\">presentar<\/span><\/span><span class=\"Translation\"><span class=\"Comments\"> \u2014 zeigen; vorstellen<\/span><\/span><span class=\"Translation\">)<\/span><span class=\"Bold\">, lo he puesto con letras grandes <\/span><span class=\"Translation\">(das habe ich in gro\u00dfen Buchstaben gesetzt = habe ich es in Gro\u00dfbuchstaben gesetzt; <\/span><span class=\"Translation\"><span class=\"Comment-Words\">poner<\/span><\/span><span class=\"Translation\"><span class=\"Comments\"> \u2014 setzen; stellen; legen<\/span><\/span><span class=\"Translation\">)<\/span><span class=\"Bold\"> en la primera cuartilla de papel <\/span><span class=\"Translation\">(auf das erste Blatt: \u00abauf das erste Viertelpapier\u00bb; <\/span><span class=\"Translation\"><span class=\"Comment-Words\">cuarto<\/span><\/span><span class=\"Translation\"><span class=\"Gender _idGenCharOverride-1\">m <\/span><\/span><span class=\"Translation\"><span class=\"Comments\">\u2014 Viertel<\/span><\/span><span class=\"Translation\">)<\/span><span class=\"Bold\">, y luego he dejado a capricho volar la pluma <\/span><span class=\"Translation\">(und dann habe ich nach Belieben die Feder fliegen lassen; <\/span><span class=\"Translation\"><span class=\"Comment-Words\">dejar<\/span><\/span><span class=\"Translation\"><span class=\"Comments\"> \u2014 lassen; <\/span><\/span><span class=\"Translation\"><span class=\"Comment-Words\">capricho<\/span><\/span><span class=\"Translation\"><span class=\"Gender _idGenCharOverride-1\">m <\/span><\/span><span class=\"Translation\"><span class=\"Comments\">\u2014 Laune<\/span><\/span><span class=\"Translation\">)<\/span><span class=\"Bold\">.<\/span><\/p>\r\n\r\n<\/div>\r\n[audio mp3=\"https:\/\/easyoriginal1.s3.eu-central-1.amazonaws.com\/spanisch\/s1\/1.mp3\"][\/audio]\r\n<div class=\"original-container\">\r\n<p class=\"Original\">Hace mucho tiempo que ten\u00eda ganas de escribir cualquier cosa con este t\u00edtulo.<\/p>\r\n<p class=\"Original\">Hoy, que se me ha presentado ocasi\u00f3n, lo he puesto con letras grandes en la primera cuartilla de papel, y luego he dejado a capricho volar la pluma.<\/p>\r\n\r\n<\/div>\r\n<a class=\"weiter\" href=\"\/webreader\/los-ojos-verdes\/fragment\/1-4-2\/\">weiter lesen<\/a>","_et_gb_content_width":""},"product_brand":[],"product_cat":[269],"product_tag":[164,81],"class_list":{"0":"post-14989","1":"product","2":"type-product","3":"status-publish","4":"has-post-thumbnail","6":"product_cat-modern-spanisch-frank-a1-a2","7":"product_tag-anfaenger","8":"product_tag-krimi","10":"first","11":"instock","12":"taxable","13":"shipping-taxable","14":"purchasable","15":"product-type-variable"},"acf":[],"yoast_head":"<!-- This site is optimized with the Yoast SEO plugin v27.3 - https:\/\/yoast.com\/product\/yoast-seo-wordpress\/ -->\n<title>El Fantasma del Arrecife de Coral \u2014 Das Geheimnis des Korallenriffs - EasyOriginal.com<\/title>\n<meta name=\"robots\" content=\"index, follow, max-snippet:-1, max-image-preview:large, max-video-preview:-1\" \/>\n<link rel=\"canonical\" href=\"https:\/\/easyoriginal.com\/en\/shop\/modern-spanisch-frank-a1-a2\/el-fantasma-del-arrecife-de-coral-das-geheimnis-des-korallenriffs\/\" \/>\n<meta property=\"og:locale\" content=\"en_GB\" \/>\n<meta property=\"og:type\" content=\"article\" \/>\n<meta property=\"og:title\" content=\"El Fantasma del Arrecife de Coral \u2014 Das Geheimnis des Korallenriffs - EasyOriginal.com\" \/>\n<meta property=\"og:description\" content=\"Ein idyllisches K\u00fcstendorf, ein geheimnisvolles Leuchten im Meer und ein besch\u00e4digtes Korallenriff \u2013 was steckt hinter diesen r\u00e4tselhaften Ereignissen? Marina, Hugo und Clara lieben das Meer und verbringen jede freie Minute mit Tauchen und Erforschen der Unterwasserwelt. Doch als sie eines Tages merkw\u00fcrdige Ver\u00e4nderungen am Korallenriff entdecken, ahnen sie nicht, dass sie einem gef\u00e4hrlichen Geheimnis auf die Spur kommen. Ein mysteri\u00f6ses Wesen taucht in den dunklen Fluten auf \u2013 ist es wirklich ein Geist oder steckt mehr dahinter? Mit Mut, cleveren Ideen und einem unersch\u00fctterlichen Entdeckergeist machen sich die drei Freunde auf, das R\u00e4tsel zu l\u00f6sen. Doch die Zeit dr\u00e4ngt, denn das Riff schwebt in gro\u00dfer Gefahr! Ein spannendes Unterwasser-Abenteuer voller R\u00e4tsel, Freundschaft und Mut \u2013 perfekt f\u00fcr alle jungen Detektive und Meeresliebhaber! Zweisprachiges Buch Spanisch-Deutsch.\" \/>\n<meta property=\"og:url\" content=\"https:\/\/easyoriginal.com\/en\/shop\/modern-spanisch-frank-a1-a2\/el-fantasma-del-arrecife-de-coral-das-geheimnis-des-korallenriffs\/\" \/>\n<meta property=\"og:site_name\" content=\"EasyOriginal.com\" \/>\n<meta property=\"article:modified_time\" content=\"2026-03-25T20:40:40+00:00\" \/>\n<meta property=\"og:image\" content=\"https:\/\/easyoriginal.com\/wp-content\/uploads\/El-Fantasma-del-Arrecife-de-Coral_printcover.jpg\" \/>\n\t<meta property=\"og:image:width\" content=\"1600\" \/>\n\t<meta property=\"og:image:height\" content=\"2400\" \/>\n\t<meta property=\"og:image:type\" content=\"image\/jpeg\" \/>\n<meta name=\"twitter:card\" content=\"summary_large_image\" \/>\n<meta name=\"twitter:label1\" content=\"Estimated reading time\" \/>\n\t<meta name=\"twitter:data1\" content=\"1 minute\" \/>\n<script type=\"application\/ld+json\" class=\"yoast-schema-graph\">{\"@context\":\"https:\\\/\\\/schema.org\",\"@graph\":[{\"@type\":\"WebPage\",\"@id\":\"https:\\\/\\\/easyoriginal.com\\\/shop\\\/modern-spanisch-frank-a1-a2\\\/el-fantasma-del-arrecife-de-coral-das-geheimnis-des-korallenriffs\\\/\",\"url\":\"https:\\\/\\\/easyoriginal.com\\\/shop\\\/modern-spanisch-frank-a1-a2\\\/el-fantasma-del-arrecife-de-coral-das-geheimnis-des-korallenriffs\\\/\",\"name\":\"El Fantasma del Arrecife de Coral \u2014 Das Geheimnis des Korallenriffs - EasyOriginal.com\",\"isPartOf\":{\"@id\":\"https:\\\/\\\/easyoriginal.com\\\/#website\"},\"primaryImageOfPage\":{\"@id\":\"https:\\\/\\\/easyoriginal.com\\\/shop\\\/modern-spanisch-frank-a1-a2\\\/el-fantasma-del-arrecife-de-coral-das-geheimnis-des-korallenriffs\\\/#primaryimage\"},\"image\":{\"@id\":\"https:\\\/\\\/easyoriginal.com\\\/shop\\\/modern-spanisch-frank-a1-a2\\\/el-fantasma-del-arrecife-de-coral-das-geheimnis-des-korallenriffs\\\/#primaryimage\"},\"thumbnailUrl\":\"https:\\\/\\\/easyoriginal.com\\\/wp-content\\\/uploads\\\/El-Fantasma-del-Arrecife-de-Coral_printcover.jpg\",\"datePublished\":\"2025-03-22T22:07:09+00:00\",\"dateModified\":\"2026-03-25T20:40:40+00:00\",\"breadcrumb\":{\"@id\":\"https:\\\/\\\/easyoriginal.com\\\/shop\\\/modern-spanisch-frank-a1-a2\\\/el-fantasma-del-arrecife-de-coral-das-geheimnis-des-korallenriffs\\\/#breadcrumb\"},\"inLanguage\":\"en-GB\",\"potentialAction\":[{\"@type\":\"ReadAction\",\"target\":[\"https:\\\/\\\/easyoriginal.com\\\/shop\\\/modern-spanisch-frank-a1-a2\\\/el-fantasma-del-arrecife-de-coral-das-geheimnis-des-korallenriffs\\\/\"]}]},{\"@type\":\"ImageObject\",\"inLanguage\":\"en-GB\",\"@id\":\"https:\\\/\\\/easyoriginal.com\\\/shop\\\/modern-spanisch-frank-a1-a2\\\/el-fantasma-del-arrecife-de-coral-das-geheimnis-des-korallenriffs\\\/#primaryimage\",\"url\":\"https:\\\/\\\/easyoriginal.com\\\/wp-content\\\/uploads\\\/El-Fantasma-del-Arrecife-de-Coral_printcover.jpg\",\"contentUrl\":\"https:\\\/\\\/easyoriginal.com\\\/wp-content\\\/uploads\\\/El-Fantasma-del-Arrecife-de-Coral_printcover.jpg\",\"width\":1600,\"height\":2400},{\"@type\":\"BreadcrumbList\",\"@id\":\"https:\\\/\\\/easyoriginal.com\\\/shop\\\/modern-spanisch-frank-a1-a2\\\/el-fantasma-del-arrecife-de-coral-das-geheimnis-des-korallenriffs\\\/#breadcrumb\",\"itemListElement\":[{\"@type\":\"ListItem\",\"position\":1,\"name\":\"Startseite\",\"item\":\"https:\\\/\\\/easyoriginal.com\\\/\"},{\"@type\":\"ListItem\",\"position\":2,\"name\":\"Shop\",\"item\":\"https:\\\/\\\/easyoriginal.com\\\/shop\\\/\"},{\"@type\":\"ListItem\",\"position\":3,\"name\":\"El Fantasma del Arrecife de Coral \u2014 Das Geheimnis des Korallenriffs\"}]},{\"@type\":\"WebSite\",\"@id\":\"https:\\\/\\\/easyoriginal.com\\\/#website\",\"url\":\"https:\\\/\\\/easyoriginal.com\\\/\",\"name\":\"EasyOriginal.com\",\"description\":\"Spa\u00df am Lesen im Original - Innovative Lesemethode f\u00fcr Fremdsprachen\",\"publisher\":{\"@id\":\"https:\\\/\\\/easyoriginal.com\\\/#organization\"},\"potentialAction\":[{\"@type\":\"SearchAction\",\"target\":{\"@type\":\"EntryPoint\",\"urlTemplate\":\"https:\\\/\\\/easyoriginal.com\\\/?s={search_term_string}\"},\"query-input\":{\"@type\":\"PropertyValueSpecification\",\"valueRequired\":true,\"valueName\":\"search_term_string\"}}],\"inLanguage\":\"en-GB\"},{\"@type\":\"Organization\",\"@id\":\"https:\\\/\\\/easyoriginal.com\\\/#organization\",\"name\":\"EasyOriginal Verlag\",\"url\":\"https:\\\/\\\/easyoriginal.com\\\/\",\"logo\":{\"@type\":\"ImageObject\",\"inLanguage\":\"en-GB\",\"@id\":\"https:\\\/\\\/easyoriginal.com\\\/#\\\/schema\\\/logo\\\/image\\\/\",\"url\":\"https:\\\/\\\/easyoriginal.com\\\/wp-content\\\/uploads\\\/2020\\\/08\\\/logo_main.png\",\"contentUrl\":\"https:\\\/\\\/easyoriginal.com\\\/wp-content\\\/uploads\\\/2020\\\/08\\\/logo_main.png\",\"width\":500,\"height\":103,\"caption\":\"EasyOriginal Verlag\"},\"image\":{\"@id\":\"https:\\\/\\\/easyoriginal.com\\\/#\\\/schema\\\/logo\\\/image\\\/\"}}]}<\/script>\n<!-- \/ Yoast SEO plugin. -->","yoast_head_json":{"title":"El Fantasma del Arrecife de Coral \u2014 Das Geheimnis des Korallenriffs - EasyOriginal.com","robots":{"index":"index","follow":"follow","max-snippet":"max-snippet:-1","max-image-preview":"max-image-preview:large","max-video-preview":"max-video-preview:-1"},"canonical":"https:\/\/easyoriginal.com\/en\/shop\/modern-spanisch-frank-a1-a2\/el-fantasma-del-arrecife-de-coral-das-geheimnis-des-korallenriffs\/","og_locale":"en_GB","og_type":"article","og_title":"El Fantasma del Arrecife de Coral \u2014 Das Geheimnis des Korallenriffs - EasyOriginal.com","og_description":"Ein idyllisches K\u00fcstendorf, ein geheimnisvolles Leuchten im Meer und ein besch\u00e4digtes Korallenriff \u2013 was steckt hinter diesen r\u00e4tselhaften Ereignissen? Marina, Hugo und Clara lieben das Meer und verbringen jede freie Minute mit Tauchen und Erforschen der Unterwasserwelt. Doch als sie eines Tages merkw\u00fcrdige Ver\u00e4nderungen am Korallenriff entdecken, ahnen sie nicht, dass sie einem gef\u00e4hrlichen Geheimnis auf die Spur kommen. Ein mysteri\u00f6ses Wesen taucht in den dunklen Fluten auf \u2013 ist es wirklich ein Geist oder steckt mehr dahinter? Mit Mut, cleveren Ideen und einem unersch\u00fctterlichen Entdeckergeist machen sich die drei Freunde auf, das R\u00e4tsel zu l\u00f6sen. Doch die Zeit dr\u00e4ngt, denn das Riff schwebt in gro\u00dfer Gefahr! Ein spannendes Unterwasser-Abenteuer voller R\u00e4tsel, Freundschaft und Mut \u2013 perfekt f\u00fcr alle jungen Detektive und Meeresliebhaber! Zweisprachiges Buch Spanisch-Deutsch.","og_url":"https:\/\/easyoriginal.com\/en\/shop\/modern-spanisch-frank-a1-a2\/el-fantasma-del-arrecife-de-coral-das-geheimnis-des-korallenriffs\/","og_site_name":"EasyOriginal.com","article_modified_time":"2026-03-25T20:40:40+00:00","og_image":[{"width":1600,"height":2400,"url":"https:\/\/easyoriginal.com\/wp-content\/uploads\/El-Fantasma-del-Arrecife-de-Coral_printcover.jpg","type":"image\/jpeg"}],"twitter_card":"summary_large_image","twitter_misc":{"Estimated reading time":"1 minute"},"schema":{"@context":"https:\/\/schema.org","@graph":[{"@type":"WebPage","@id":"https:\/\/easyoriginal.com\/shop\/modern-spanisch-frank-a1-a2\/el-fantasma-del-arrecife-de-coral-das-geheimnis-des-korallenriffs\/","url":"https:\/\/easyoriginal.com\/shop\/modern-spanisch-frank-a1-a2\/el-fantasma-del-arrecife-de-coral-das-geheimnis-des-korallenriffs\/","name":"El Fantasma del Arrecife de Coral \u2014 Das Geheimnis des Korallenriffs - EasyOriginal.com","isPartOf":{"@id":"https:\/\/easyoriginal.com\/#website"},"primaryImageOfPage":{"@id":"https:\/\/easyoriginal.com\/shop\/modern-spanisch-frank-a1-a2\/el-fantasma-del-arrecife-de-coral-das-geheimnis-des-korallenriffs\/#primaryimage"},"image":{"@id":"https:\/\/easyoriginal.com\/shop\/modern-spanisch-frank-a1-a2\/el-fantasma-del-arrecife-de-coral-das-geheimnis-des-korallenriffs\/#primaryimage"},"thumbnailUrl":"https:\/\/easyoriginal.com\/wp-content\/uploads\/El-Fantasma-del-Arrecife-de-Coral_printcover.jpg","datePublished":"2025-03-22T22:07:09+00:00","dateModified":"2026-03-25T20:40:40+00:00","breadcrumb":{"@id":"https:\/\/easyoriginal.com\/shop\/modern-spanisch-frank-a1-a2\/el-fantasma-del-arrecife-de-coral-das-geheimnis-des-korallenriffs\/#breadcrumb"},"inLanguage":"en-GB","potentialAction":[{"@type":"ReadAction","target":["https:\/\/easyoriginal.com\/shop\/modern-spanisch-frank-a1-a2\/el-fantasma-del-arrecife-de-coral-das-geheimnis-des-korallenriffs\/"]}]},{"@type":"ImageObject","inLanguage":"en-GB","@id":"https:\/\/easyoriginal.com\/shop\/modern-spanisch-frank-a1-a2\/el-fantasma-del-arrecife-de-coral-das-geheimnis-des-korallenriffs\/#primaryimage","url":"https:\/\/easyoriginal.com\/wp-content\/uploads\/El-Fantasma-del-Arrecife-de-Coral_printcover.jpg","contentUrl":"https:\/\/easyoriginal.com\/wp-content\/uploads\/El-Fantasma-del-Arrecife-de-Coral_printcover.jpg","width":1600,"height":2400},{"@type":"BreadcrumbList","@id":"https:\/\/easyoriginal.com\/shop\/modern-spanisch-frank-a1-a2\/el-fantasma-del-arrecife-de-coral-das-geheimnis-des-korallenriffs\/#breadcrumb","itemListElement":[{"@type":"ListItem","position":1,"name":"Startseite","item":"https:\/\/easyoriginal.com\/"},{"@type":"ListItem","position":2,"name":"Shop","item":"https:\/\/easyoriginal.com\/shop\/"},{"@type":"ListItem","position":3,"name":"El Fantasma del Arrecife de Coral \u2014 Das Geheimnis des Korallenriffs"}]},{"@type":"WebSite","@id":"https:\/\/easyoriginal.com\/#website","url":"https:\/\/easyoriginal.com\/","name":"EasyOriginal.com","description":"Spa\u00df am Lesen im Original - Innovative Lesemethode f\u00fcr Fremdsprachen","publisher":{"@id":"https:\/\/easyoriginal.com\/#organization"},"potentialAction":[{"@type":"SearchAction","target":{"@type":"EntryPoint","urlTemplate":"https:\/\/easyoriginal.com\/?s={search_term_string}"},"query-input":{"@type":"PropertyValueSpecification","valueRequired":true,"valueName":"search_term_string"}}],"inLanguage":"en-GB"},{"@type":"Organization","@id":"https:\/\/easyoriginal.com\/#organization","name":"EasyOriginal Verlag","url":"https:\/\/easyoriginal.com\/","logo":{"@type":"ImageObject","inLanguage":"en-GB","@id":"https:\/\/easyoriginal.com\/#\/schema\/logo\/image\/","url":"https:\/\/easyoriginal.com\/wp-content\/uploads\/2020\/08\/logo_main.png","contentUrl":"https:\/\/easyoriginal.com\/wp-content\/uploads\/2020\/08\/logo_main.png","width":500,"height":103,"caption":"EasyOriginal Verlag"},"image":{"@id":"https:\/\/easyoriginal.com\/#\/schema\/logo\/image\/"}}]}},"_links":{"self":[{"href":"https:\/\/easyoriginal.com\/en\/wp-json\/wp\/v2\/product\/14989","targetHints":{"allow":["GET"]}}],"collection":[{"href":"https:\/\/easyoriginal.com\/en\/wp-json\/wp\/v2\/product"}],"about":[{"href":"https:\/\/easyoriginal.com\/en\/wp-json\/wp\/v2\/types\/product"}],"replies":[{"embeddable":true,"href":"https:\/\/easyoriginal.com\/en\/wp-json\/wp\/v2\/comments?post=14989"}],"wp:featuredmedia":[{"embeddable":true,"href":"https:\/\/easyoriginal.com\/en\/wp-json\/wp\/v2\/media\/14997"}],"wp:attachment":[{"href":"https:\/\/easyoriginal.com\/en\/wp-json\/wp\/v2\/media?parent=14989"}],"wp:term":[{"taxonomy":"product_brand","embeddable":true,"href":"https:\/\/easyoriginal.com\/en\/wp-json\/wp\/v2\/product_brand?post=14989"},{"taxonomy":"product_cat","embeddable":true,"href":"https:\/\/easyoriginal.com\/en\/wp-json\/wp\/v2\/product_cat?post=14989"},{"taxonomy":"product_tag","embeddable":true,"href":"https:\/\/easyoriginal.com\/en\/wp-json\/wp\/v2\/product_tag?post=14989"}],"curies":[{"name":"wp","href":"https:\/\/api.w.org\/{rel}","templated":true}]}}