{"id":14967,"date":"2025-03-22T22:44:26","date_gmt":"2025-03-22T21:44:26","guid":{"rendered":"https:\/\/easyoriginal.com\/?post_type=product&#038;p=14967"},"modified":"2025-12-06T13:39:37","modified_gmt":"2025-12-06T12:39:37","slug":"la-regata-invertida-die-rueckwaerts-regatta","status":"publish","type":"product","link":"https:\/\/easyoriginal.com\/en\/shop\/modern-spanisch-frank-a1-a2\/la-regata-invertida-die-rueckwaerts-regatta\/","title":{"rendered":"La Regata Invertida \u2014 Die R\u00fcckw\u00e4rts-Regatta"},"content":{"rendered":"<div class=\"adapted-container\">\n<p class=\"Adapted\"><span>Un d\u00eda especial en Marina Azul <\/span><span class=\"Translation CharOverride-1\">(ein besonderer Tag in Marina Azu<\/span><span class=\"Translation\"><span class=\"No-Break CharOverride-1\">l;<\/span><\/span><span class=\"Translation CharOverride-1\"> <\/span><span class=\"Translation CharOverride-2\">marina<\/span><span class=\"Translation\"><span class=\"Sub CharOverride-3\">f<\/span><\/span><span class=\"Translation\"><span class=\"No-Break CharOverride-4\"> \u2014<\/span><\/span><span class=\"Translation CharOverride-4\"> Yachthafen, Hafe<\/span><span class=\"Translation\"><span class=\"No-Break CharOverride-4\">n;<\/span><\/span><span class=\"Translation\"><span class=\"Comments\"> <\/span><\/span><span class=\"Translation\"><span class=\"Comment-Words\">azul<\/span><\/span><span class=\"Translation\"><span class=\"No-Break\"><span class=\"Comments\"> \u2014<\/span><\/span><\/span><span class=\"Translation\"><span class=\"Comments\"> blau<\/span><\/span><span class=\"Translation CharOverride-1\">)<\/span><\/p>\n<p class=\"Adapted\"><span>El sol brillaba en el cielo azul de Marina Azul <\/span><span class=\"Translation CharOverride-1\">(die Sonne schien am blauen Himmel von Marina Azu<\/span><span class=\"Translation\"><span class=\"No-Break CharOverride-1\">l;<\/span><\/span><span class=\"Translation\"><span class=\"Comments\"> <\/span><\/span><span class=\"Translation\"><span class=\"Comment-Words\">brillar<\/span><\/span><span class=\"Translation\"><span class=\"No-Break\"><span class=\"Comments\"> \u2014<\/span><\/span><\/span><span class=\"Translation\"><span class=\"Comments\"> scheinen, gl\u00e4nzen<\/span><\/span><span class=\"Translation CharOverride-1\">)<\/span><span>. Era un d\u00eda perfecto para la gran regata <\/span><span class=\"Translation CharOverride-1\">(es war ein perfekter Tag f\u00fcr die gro\u00dfe Regatta)<\/span><span>. Vicky Egu\u00edluz se levant\u00f3 temprano <\/span><span class=\"Translation CharOverride-1\">(Vicky Egu\u00edluz stand fr\u00fch au<\/span><span class=\"Translation\"><span class=\"No-Break CharOverride-1\">f;<\/span><\/span><span class=\"Translation\"><span class=\"Comments\"> levantarse<\/span><\/span><span class=\"Translation CharOverride-1\">)<\/span><span>, emocionada <\/span><span class=\"Translation CharOverride-1\">(aufgereg<\/span><span class=\"Translation\"><span class=\"No-Break CharOverride-1\">t;<\/span><\/span><span class=\"Translation\"><span class=\"Comments\"> <\/span><\/span><span class=\"Translation\"><span class=\"Comment-Words\">emocionarse<\/span><\/span><span class=\"Translation\"><span class=\"No-Break\"><span class=\"Comments\"> \u2014<\/span><\/span><\/span><span class=\"Translation\"><span class=\"Comments\"> sich aufregen, bewegt sein<\/span><\/span><span class=\"Translation CharOverride-1\">)<\/span><span>. Hoy era el d\u00eda de la Costa Brava Challenge <\/span><span class=\"Translation CharOverride-1\">(heute war der Tag der Costa Brava Challenge)<\/span><span>.<\/span><\/p>\n<\/div>\n<audio class=\"wp-audio-shortcode\" id=\"audio-14967-1\" preload=\"none\" style=\"width: 100%;\" controls=\"controls\"><source type=\"audio\/mpeg\" src=\"https:\/\/easyoriginal1.s3.eu-central-1.amazonaws.com\/spanisch\/s26\/001.mp3?_=1\" \/><a href=\"https:\/\/easyoriginal1.s3.eu-central-1.amazonaws.com\/spanisch\/s26\/001.mp3\">https:\/\/easyoriginal1.s3.eu-central-1.amazonaws.com\/spanisch\/s26\/001.mp3<\/a><\/audio>\n<div class=\"original-container\">\n<p class=\"Original\" lang=\"es-ES\"><span>Un d\u00eda especial en Marina Azul<\/span><\/p>\n<p class=\"Original\" lang=\"es-ES\"><span lang=\"en-US\">El sol brillaba en el cielo azul de Marina Azul. Era un d\u00eda perfecto para la gran regata. Vicky Egu\u00edluz se levant\u00f3 temprano, emocionada. Hoy era el d\u00eda de la Costa Brava Challenge.<\/span><\/p>\n<\/div>","protected":false},"excerpt":{"rendered":"<p>In Marina Azul herrscht gro\u00dfe Aufregung: Die besten Segler der Welt treten bei der Costa Brava Challenge an! Vicky und ihre Freunde k\u00f6nnen es kaum erwarten, das Rennen zu verfolgen. Doch dann passiert etwas v\u00f6llig Unm\u00f6gliches \u2013 die Boote segeln pl\u00f6tzlich r\u00fcckw\u00e4rts!<br \/>\nWas steckt hinter diesem verr\u00fcckten Ph\u00e4nomen? Gemeinsam machen sich Vicky, Lucas und Alba auf die Spur eines geheimnisvollen R\u00e4tsels. Ein verd\u00e4chtiger Ex-Champion, seltsame Blasen im Wasser und eine geheime Maschine auf dem Meeresgrund \u2013 die Freunde m\u00fcssen all ihren Mut und ihre K\u00f6pfchen einsetzen, um das Geheimnis zu l\u00fcften!<br \/>\nEin spannendes Kinderabenteuer voller \u00dcberraschungen, Segel-Action und Detektivgeist \u2013 perfekt f\u00fcr junge Leserinnen und Leser, die R\u00e4tsel lieben!<br \/>\nZweisprachiges Buch Spanisch-Deutsch.<\/p>","protected":false},"featured_media":14974,"comment_status":"open","ping_status":"closed","template":"","meta":{"_acf_changed":false,"_et_pb_use_builder":"off","_et_pb_old_content":"<div class=\"adapted-container\">\r\n<p class=\"Adapted\"><span class=\"Bold\">Hace mucho tiempo que ten\u00eda ganas de escribir <\/span><span class=\"Translation\">(seit langer Zeit hatte ich Lust zu schreiben; <\/span><span class=\"Translation\"><span class=\"Comment-Words\">tener<\/span><\/span><span class=\"Translation\"><span class=\"Comments\"> \u2014 haben<\/span><\/span><span class=\"Translation\">)<\/span><span class=\"Bold\"> cualquier cosa con este t\u00edtulo <\/span><span class=\"Translation\">(irgendetwas mit diesem Titel)<\/span><span class=\"Bold\">.<\/span><\/p>\r\n<p class=\"Adapted\"><span class=\"Bold\">Hoy<a id=\"_idTextAnchor001\"><\/a>, que se me ha presentado ocasi\u00f3n <\/span><span class=\"Translation\">(heute, wo sich mir \/eine\/ Gelegenheit geboten hat; <\/span><span class=\"Translation\"><span class=\"Comment-Words\">presentar<\/span><\/span><span class=\"Translation\"><span class=\"Comments\"> \u2014 zeigen; vorstellen<\/span><\/span><span class=\"Translation\">)<\/span><span class=\"Bold\">, lo he puesto con letras grandes <\/span><span class=\"Translation\">(das habe ich in gro\u00dfen Buchstaben gesetzt = habe ich es in Gro\u00dfbuchstaben gesetzt; <\/span><span class=\"Translation\"><span class=\"Comment-Words\">poner<\/span><\/span><span class=\"Translation\"><span class=\"Comments\"> \u2014 setzen; stellen; legen<\/span><\/span><span class=\"Translation\">)<\/span><span class=\"Bold\"> en la primera cuartilla de papel <\/span><span class=\"Translation\">(auf das erste Blatt: \u00abauf das erste Viertelpapier\u00bb; <\/span><span class=\"Translation\"><span class=\"Comment-Words\">cuarto<\/span><\/span><span class=\"Translation\"><span class=\"Gender _idGenCharOverride-1\">m <\/span><\/span><span class=\"Translation\"><span class=\"Comments\">\u2014 Viertel<\/span><\/span><span class=\"Translation\">)<\/span><span class=\"Bold\">, y luego he dejado a capricho volar la pluma <\/span><span class=\"Translation\">(und dann habe ich nach Belieben die Feder fliegen lassen; <\/span><span class=\"Translation\"><span class=\"Comment-Words\">dejar<\/span><\/span><span class=\"Translation\"><span class=\"Comments\"> \u2014 lassen; <\/span><\/span><span class=\"Translation\"><span class=\"Comment-Words\">capricho<\/span><\/span><span class=\"Translation\"><span class=\"Gender _idGenCharOverride-1\">m <\/span><\/span><span class=\"Translation\"><span class=\"Comments\">\u2014 Laune<\/span><\/span><span class=\"Translation\">)<\/span><span class=\"Bold\">.<\/span><\/p>\r\n\r\n<\/div>\r\n[audio mp3=\"https:\/\/easyoriginal1.s3.eu-central-1.amazonaws.com\/spanisch\/s1\/1.mp3\"][\/audio]\r\n<div class=\"original-container\">\r\n<p class=\"Original\">Hace mucho tiempo que ten\u00eda ganas de escribir cualquier cosa con este t\u00edtulo.<\/p>\r\n<p class=\"Original\">Hoy, que se me ha presentado ocasi\u00f3n, lo he puesto con letras grandes en la primera cuartilla de papel, y luego he dejado a capricho volar la pluma.<\/p>\r\n\r\n<\/div>\r\n<a class=\"weiter\" href=\"\/webreader\/los-ojos-verdes\/fragment\/1-4-2\/\">weiter lesen<\/a>","_et_gb_content_width":""},"product_brand":[],"product_cat":[269],"product_tag":[164,81],"class_list":{"0":"post-14967","1":"product","2":"type-product","3":"status-publish","4":"has-post-thumbnail","6":"product_cat-modern-spanisch-frank-a1-a2","7":"product_tag-anfaenger","8":"product_tag-krimi","10":"first","11":"instock","12":"taxable","13":"shipping-taxable","14":"purchasable","15":"product-type-variable"},"acf":[],"yoast_head":"<!-- This site is optimized with the Yoast SEO plugin v27.3 - https:\/\/yoast.com\/product\/yoast-seo-wordpress\/ -->\n<title>La Regata Invertida \u2014 Die R\u00fcckw\u00e4rts-Regatta - EasyOriginal.com<\/title>\n<meta name=\"robots\" content=\"index, follow, max-snippet:-1, max-image-preview:large, max-video-preview:-1\" \/>\n<link rel=\"canonical\" href=\"https:\/\/easyoriginal.com\/en\/shop\/modern-spanisch-frank-a1-a2\/la-regata-invertida-die-rueckwaerts-regatta\/\" \/>\n<meta property=\"og:locale\" content=\"en_GB\" \/>\n<meta property=\"og:type\" content=\"article\" \/>\n<meta property=\"og:title\" content=\"La Regata Invertida \u2014 Die R\u00fcckw\u00e4rts-Regatta - EasyOriginal.com\" \/>\n<meta property=\"og:description\" content=\"In Marina Azul herrscht gro\u00dfe Aufregung: Die besten Segler der Welt treten bei der Costa Brava Challenge an! Vicky und ihre Freunde k\u00f6nnen es kaum erwarten, das Rennen zu verfolgen. Doch dann passiert etwas v\u00f6llig Unm\u00f6gliches \u2013 die Boote segeln pl\u00f6tzlich r\u00fcckw\u00e4rts! Was steckt hinter diesem verr\u00fcckten Ph\u00e4nomen? Gemeinsam machen sich Vicky, Lucas und Alba auf die Spur eines geheimnisvollen R\u00e4tsels. Ein verd\u00e4chtiger Ex-Champion, seltsame Blasen im Wasser und eine geheime Maschine auf dem Meeresgrund \u2013 die Freunde m\u00fcssen all ihren Mut und ihre K\u00f6pfchen einsetzen, um das Geheimnis zu l\u00fcften! Ein spannendes Kinderabenteuer voller \u00dcberraschungen, Segel-Action und Detektivgeist \u2013 perfekt f\u00fcr junge Leserinnen und Leser, die R\u00e4tsel lieben! Zweisprachiges Buch Spanisch-Deutsch.\" \/>\n<meta property=\"og:url\" content=\"https:\/\/easyoriginal.com\/en\/shop\/modern-spanisch-frank-a1-a2\/la-regata-invertida-die-rueckwaerts-regatta\/\" \/>\n<meta property=\"og:site_name\" content=\"EasyOriginal.com\" \/>\n<meta property=\"article:modified_time\" content=\"2025-12-06T12:39:37+00:00\" \/>\n<meta property=\"og:image\" content=\"https:\/\/easyoriginal.com\/wp-content\/uploads\/La-Regata-Invertida_printcover.jpg\" \/>\n\t<meta property=\"og:image:width\" content=\"1600\" \/>\n\t<meta property=\"og:image:height\" content=\"2400\" \/>\n\t<meta property=\"og:image:type\" content=\"image\/jpeg\" \/>\n<meta name=\"twitter:card\" content=\"summary_large_image\" \/>\n<meta name=\"twitter:label1\" content=\"Estimated reading time\" \/>\n\t<meta name=\"twitter:data1\" content=\"1 minute\" \/>\n<script type=\"application\/ld+json\" class=\"yoast-schema-graph\">{\"@context\":\"https:\\\/\\\/schema.org\",\"@graph\":[{\"@type\":\"WebPage\",\"@id\":\"https:\\\/\\\/easyoriginal.com\\\/shop\\\/modern-spanisch-frank-a1-a2\\\/la-regata-invertida-die-rueckwaerts-regatta\\\/\",\"url\":\"https:\\\/\\\/easyoriginal.com\\\/shop\\\/modern-spanisch-frank-a1-a2\\\/la-regata-invertida-die-rueckwaerts-regatta\\\/\",\"name\":\"La Regata Invertida \u2014 Die R\u00fcckw\u00e4rts-Regatta - EasyOriginal.com\",\"isPartOf\":{\"@id\":\"https:\\\/\\\/easyoriginal.com\\\/#website\"},\"primaryImageOfPage\":{\"@id\":\"https:\\\/\\\/easyoriginal.com\\\/shop\\\/modern-spanisch-frank-a1-a2\\\/la-regata-invertida-die-rueckwaerts-regatta\\\/#primaryimage\"},\"image\":{\"@id\":\"https:\\\/\\\/easyoriginal.com\\\/shop\\\/modern-spanisch-frank-a1-a2\\\/la-regata-invertida-die-rueckwaerts-regatta\\\/#primaryimage\"},\"thumbnailUrl\":\"https:\\\/\\\/easyoriginal.com\\\/wp-content\\\/uploads\\\/La-Regata-Invertida_printcover.jpg\",\"datePublished\":\"2025-03-22T21:44:26+00:00\",\"dateModified\":\"2025-12-06T12:39:37+00:00\",\"breadcrumb\":{\"@id\":\"https:\\\/\\\/easyoriginal.com\\\/shop\\\/modern-spanisch-frank-a1-a2\\\/la-regata-invertida-die-rueckwaerts-regatta\\\/#breadcrumb\"},\"inLanguage\":\"en-GB\",\"potentialAction\":[{\"@type\":\"ReadAction\",\"target\":[\"https:\\\/\\\/easyoriginal.com\\\/shop\\\/modern-spanisch-frank-a1-a2\\\/la-regata-invertida-die-rueckwaerts-regatta\\\/\"]}]},{\"@type\":\"ImageObject\",\"inLanguage\":\"en-GB\",\"@id\":\"https:\\\/\\\/easyoriginal.com\\\/shop\\\/modern-spanisch-frank-a1-a2\\\/la-regata-invertida-die-rueckwaerts-regatta\\\/#primaryimage\",\"url\":\"https:\\\/\\\/easyoriginal.com\\\/wp-content\\\/uploads\\\/La-Regata-Invertida_printcover.jpg\",\"contentUrl\":\"https:\\\/\\\/easyoriginal.com\\\/wp-content\\\/uploads\\\/La-Regata-Invertida_printcover.jpg\",\"width\":1600,\"height\":2400},{\"@type\":\"BreadcrumbList\",\"@id\":\"https:\\\/\\\/easyoriginal.com\\\/shop\\\/modern-spanisch-frank-a1-a2\\\/la-regata-invertida-die-rueckwaerts-regatta\\\/#breadcrumb\",\"itemListElement\":[{\"@type\":\"ListItem\",\"position\":1,\"name\":\"Startseite\",\"item\":\"https:\\\/\\\/easyoriginal.com\\\/\"},{\"@type\":\"ListItem\",\"position\":2,\"name\":\"Shop\",\"item\":\"https:\\\/\\\/easyoriginal.com\\\/shop\\\/\"},{\"@type\":\"ListItem\",\"position\":3,\"name\":\"La Regata Invertida \u2014 Die R\u00fcckw\u00e4rts-Regatta\"}]},{\"@type\":\"WebSite\",\"@id\":\"https:\\\/\\\/easyoriginal.com\\\/#website\",\"url\":\"https:\\\/\\\/easyoriginal.com\\\/\",\"name\":\"EasyOriginal.com\",\"description\":\"Spa\u00df am Lesen im Original - Innovative Lesemethode f\u00fcr Fremdsprachen\",\"publisher\":{\"@id\":\"https:\\\/\\\/easyoriginal.com\\\/#organization\"},\"potentialAction\":[{\"@type\":\"SearchAction\",\"target\":{\"@type\":\"EntryPoint\",\"urlTemplate\":\"https:\\\/\\\/easyoriginal.com\\\/?s={search_term_string}\"},\"query-input\":{\"@type\":\"PropertyValueSpecification\",\"valueRequired\":true,\"valueName\":\"search_term_string\"}}],\"inLanguage\":\"en-GB\"},{\"@type\":\"Organization\",\"@id\":\"https:\\\/\\\/easyoriginal.com\\\/#organization\",\"name\":\"EasyOriginal Verlag\",\"url\":\"https:\\\/\\\/easyoriginal.com\\\/\",\"logo\":{\"@type\":\"ImageObject\",\"inLanguage\":\"en-GB\",\"@id\":\"https:\\\/\\\/easyoriginal.com\\\/#\\\/schema\\\/logo\\\/image\\\/\",\"url\":\"https:\\\/\\\/easyoriginal.com\\\/wp-content\\\/uploads\\\/2020\\\/08\\\/logo_main.png\",\"contentUrl\":\"https:\\\/\\\/easyoriginal.com\\\/wp-content\\\/uploads\\\/2020\\\/08\\\/logo_main.png\",\"width\":500,\"height\":103,\"caption\":\"EasyOriginal Verlag\"},\"image\":{\"@id\":\"https:\\\/\\\/easyoriginal.com\\\/#\\\/schema\\\/logo\\\/image\\\/\"}}]}<\/script>\n<!-- \/ Yoast SEO plugin. -->","yoast_head_json":{"title":"La Regata Invertida \u2014 Die R\u00fcckw\u00e4rts-Regatta - EasyOriginal.com","robots":{"index":"index","follow":"follow","max-snippet":"max-snippet:-1","max-image-preview":"max-image-preview:large","max-video-preview":"max-video-preview:-1"},"canonical":"https:\/\/easyoriginal.com\/en\/shop\/modern-spanisch-frank-a1-a2\/la-regata-invertida-die-rueckwaerts-regatta\/","og_locale":"en_GB","og_type":"article","og_title":"La Regata Invertida \u2014 Die R\u00fcckw\u00e4rts-Regatta - EasyOriginal.com","og_description":"In Marina Azul herrscht gro\u00dfe Aufregung: Die besten Segler der Welt treten bei der Costa Brava Challenge an! Vicky und ihre Freunde k\u00f6nnen es kaum erwarten, das Rennen zu verfolgen. Doch dann passiert etwas v\u00f6llig Unm\u00f6gliches \u2013 die Boote segeln pl\u00f6tzlich r\u00fcckw\u00e4rts! Was steckt hinter diesem verr\u00fcckten Ph\u00e4nomen? Gemeinsam machen sich Vicky, Lucas und Alba auf die Spur eines geheimnisvollen R\u00e4tsels. Ein verd\u00e4chtiger Ex-Champion, seltsame Blasen im Wasser und eine geheime Maschine auf dem Meeresgrund \u2013 die Freunde m\u00fcssen all ihren Mut und ihre K\u00f6pfchen einsetzen, um das Geheimnis zu l\u00fcften! Ein spannendes Kinderabenteuer voller \u00dcberraschungen, Segel-Action und Detektivgeist \u2013 perfekt f\u00fcr junge Leserinnen und Leser, die R\u00e4tsel lieben! Zweisprachiges Buch Spanisch-Deutsch.","og_url":"https:\/\/easyoriginal.com\/en\/shop\/modern-spanisch-frank-a1-a2\/la-regata-invertida-die-rueckwaerts-regatta\/","og_site_name":"EasyOriginal.com","article_modified_time":"2025-12-06T12:39:37+00:00","og_image":[{"width":1600,"height":2400,"url":"https:\/\/easyoriginal.com\/wp-content\/uploads\/La-Regata-Invertida_printcover.jpg","type":"image\/jpeg"}],"twitter_card":"summary_large_image","twitter_misc":{"Estimated reading time":"1 minute"},"schema":{"@context":"https:\/\/schema.org","@graph":[{"@type":"WebPage","@id":"https:\/\/easyoriginal.com\/shop\/modern-spanisch-frank-a1-a2\/la-regata-invertida-die-rueckwaerts-regatta\/","url":"https:\/\/easyoriginal.com\/shop\/modern-spanisch-frank-a1-a2\/la-regata-invertida-die-rueckwaerts-regatta\/","name":"La Regata Invertida \u2014 Die R\u00fcckw\u00e4rts-Regatta - EasyOriginal.com","isPartOf":{"@id":"https:\/\/easyoriginal.com\/#website"},"primaryImageOfPage":{"@id":"https:\/\/easyoriginal.com\/shop\/modern-spanisch-frank-a1-a2\/la-regata-invertida-die-rueckwaerts-regatta\/#primaryimage"},"image":{"@id":"https:\/\/easyoriginal.com\/shop\/modern-spanisch-frank-a1-a2\/la-regata-invertida-die-rueckwaerts-regatta\/#primaryimage"},"thumbnailUrl":"https:\/\/easyoriginal.com\/wp-content\/uploads\/La-Regata-Invertida_printcover.jpg","datePublished":"2025-03-22T21:44:26+00:00","dateModified":"2025-12-06T12:39:37+00:00","breadcrumb":{"@id":"https:\/\/easyoriginal.com\/shop\/modern-spanisch-frank-a1-a2\/la-regata-invertida-die-rueckwaerts-regatta\/#breadcrumb"},"inLanguage":"en-GB","potentialAction":[{"@type":"ReadAction","target":["https:\/\/easyoriginal.com\/shop\/modern-spanisch-frank-a1-a2\/la-regata-invertida-die-rueckwaerts-regatta\/"]}]},{"@type":"ImageObject","inLanguage":"en-GB","@id":"https:\/\/easyoriginal.com\/shop\/modern-spanisch-frank-a1-a2\/la-regata-invertida-die-rueckwaerts-regatta\/#primaryimage","url":"https:\/\/easyoriginal.com\/wp-content\/uploads\/La-Regata-Invertida_printcover.jpg","contentUrl":"https:\/\/easyoriginal.com\/wp-content\/uploads\/La-Regata-Invertida_printcover.jpg","width":1600,"height":2400},{"@type":"BreadcrumbList","@id":"https:\/\/easyoriginal.com\/shop\/modern-spanisch-frank-a1-a2\/la-regata-invertida-die-rueckwaerts-regatta\/#breadcrumb","itemListElement":[{"@type":"ListItem","position":1,"name":"Startseite","item":"https:\/\/easyoriginal.com\/"},{"@type":"ListItem","position":2,"name":"Shop","item":"https:\/\/easyoriginal.com\/shop\/"},{"@type":"ListItem","position":3,"name":"La Regata Invertida \u2014 Die R\u00fcckw\u00e4rts-Regatta"}]},{"@type":"WebSite","@id":"https:\/\/easyoriginal.com\/#website","url":"https:\/\/easyoriginal.com\/","name":"EasyOriginal.com","description":"Spa\u00df am Lesen im Original - Innovative Lesemethode f\u00fcr Fremdsprachen","publisher":{"@id":"https:\/\/easyoriginal.com\/#organization"},"potentialAction":[{"@type":"SearchAction","target":{"@type":"EntryPoint","urlTemplate":"https:\/\/easyoriginal.com\/?s={search_term_string}"},"query-input":{"@type":"PropertyValueSpecification","valueRequired":true,"valueName":"search_term_string"}}],"inLanguage":"en-GB"},{"@type":"Organization","@id":"https:\/\/easyoriginal.com\/#organization","name":"EasyOriginal Verlag","url":"https:\/\/easyoriginal.com\/","logo":{"@type":"ImageObject","inLanguage":"en-GB","@id":"https:\/\/easyoriginal.com\/#\/schema\/logo\/image\/","url":"https:\/\/easyoriginal.com\/wp-content\/uploads\/2020\/08\/logo_main.png","contentUrl":"https:\/\/easyoriginal.com\/wp-content\/uploads\/2020\/08\/logo_main.png","width":500,"height":103,"caption":"EasyOriginal Verlag"},"image":{"@id":"https:\/\/easyoriginal.com\/#\/schema\/logo\/image\/"}}]}},"_links":{"self":[{"href":"https:\/\/easyoriginal.com\/en\/wp-json\/wp\/v2\/product\/14967","targetHints":{"allow":["GET"]}}],"collection":[{"href":"https:\/\/easyoriginal.com\/en\/wp-json\/wp\/v2\/product"}],"about":[{"href":"https:\/\/easyoriginal.com\/en\/wp-json\/wp\/v2\/types\/product"}],"replies":[{"embeddable":true,"href":"https:\/\/easyoriginal.com\/en\/wp-json\/wp\/v2\/comments?post=14967"}],"wp:featuredmedia":[{"embeddable":true,"href":"https:\/\/easyoriginal.com\/en\/wp-json\/wp\/v2\/media\/14974"}],"wp:attachment":[{"href":"https:\/\/easyoriginal.com\/en\/wp-json\/wp\/v2\/media?parent=14967"}],"wp:term":[{"taxonomy":"product_brand","embeddable":true,"href":"https:\/\/easyoriginal.com\/en\/wp-json\/wp\/v2\/product_brand?post=14967"},{"taxonomy":"product_cat","embeddable":true,"href":"https:\/\/easyoriginal.com\/en\/wp-json\/wp\/v2\/product_cat?post=14967"},{"taxonomy":"product_tag","embeddable":true,"href":"https:\/\/easyoriginal.com\/en\/wp-json\/wp\/v2\/product_tag?post=14967"}],"curies":[{"name":"wp","href":"https:\/\/api.w.org\/{rel}","templated":true}]}}