{"id":14944,"date":"2025-03-22T22:22:05","date_gmt":"2025-03-22T21:22:05","guid":{"rendered":"https:\/\/easyoriginal.com\/?post_type=product&#038;p=14944"},"modified":"2026-03-31T16:45:15","modified_gmt":"2026-03-31T14:45:15","slug":"the-midnight-rose-die-mitternachtsrose","status":"publish","type":"product","link":"https:\/\/easyoriginal.com\/en\/shop\/modern-englisch-frank\/the-midnight-rose-die-mitternachtsrose\/","title":{"rendered":"The Midnight Rose &#8211; Die Mitternachtsrose"},"content":{"rendered":"<div class=\"adapted-container\">\n<p class=\"Adapted\"><span lang=\"en-US\">The night sky over London was unusually clear <\/span><span class=\"Translation CharOverride-1\" lang=\"en-US\">(der Nachthimmel \u00fcber London war ungew\u00f6hnlich klar)<\/span><span lang=\"en-US\">, a perfect canvas for the celestial show <\/span><span class=\"Translation CharOverride-1\" lang=\"en-US\">(eine perfekte Leinwand f\u00fcr die himmlische Vorstellung)<\/span><span class=\"CharOverride-1\" lang=\"en-US\"> <\/span><span lang=\"en-US\">about to unfold <\/span><span class=\"Translation CharOverride-1\" lang=\"en-US\">(die sich gleich entfalten w\u00fcrde)<\/span><span lang=\"en-US\">. <\/span><span>At the historic Greenwich Observatory <\/span><span class=\"Translation CharOverride-1\">(am historischen Greenwich-Observatorium)<\/span><span>, excited chatter filled the air <\/span><span class=\"Translation CharOverride-1\">(erf\u00fcllte aufgeregtes Geplauder die Luft)<\/span><span> as crowds gathered on the grassy slopes <\/span><span class=\"Translation CharOverride-1\">(als sich Menschenmengen auf den grasigen H\u00e4ngen versammelte<\/span><span class=\"Translation\"><span class=\"No-Break CharOverride-1\">n;<\/span><\/span><span class=\"Translation\"><span class=\"Comments\"> <\/span><\/span><span class=\"Translation\"><span class=\"Comment-Words\">to gather<\/span><\/span><span class=\"Translation\"><span class=\"No-Break\"><span class=\"Comments\"> \u2014<\/span><\/span><\/span><span class=\"Translation\"><span class=\"Comments\"> sich versammeln, zusammenkomme<\/span><\/span><span class=\"Translation\"><span class=\"No-Break\"><span class=\"Comments\">n;<\/span><\/span><\/span><span class=\"Translation\"><span class=\"Comments\"> <\/span><\/span><span class=\"Translation\"><span class=\"Comment-Words\">slope<\/span><\/span><span class=\"Translation\"><span class=\"No-Break\"><span class=\"Comments\"> \u2014<\/span><\/span><\/span><span class=\"Translation\"><span class=\"Comments\"> Gef\u00e4lle, Hang, B\u00f6schung<\/span><\/span><span class=\"Translation CharOverride-1\">)<\/span><span>. Children pointed at the stars <\/span><span class=\"Translation CharOverride-1\">(Kinder zeigten auf die Sterne)<\/span><span> while adults set up cameras and telescopes <\/span><span class=\"Translation CharOverride-1\">(w\u00e4hrend Erwachsene Kameras und Teleskope aufbaute<\/span><span class=\"Translation\"><span class=\"No-Break CharOverride-1\">n;<\/span><\/span><span class=\"Translation\"><span class=\"Comments\"> <\/span><\/span><span class=\"Translation\"><span class=\"Comment-Words\">to set up<\/span><\/span><span class=\"Translation\"><span class=\"No-Break\"><span class=\"Comments\"> \u2014<\/span><\/span><\/span><span class=\"Translation\"><span class=\"Comments\"> aufstellen, aufbauen<\/span><\/span><span class=\"Translation CharOverride-1\">)<\/span><span>.<\/span><\/p>\n<\/div>\n<audio class=\"wp-audio-shortcode\" id=\"audio-14944-1\" preload=\"none\" style=\"width: 100%;\" controls=\"controls\"><source type=\"audio\/mpeg\" src=\"https:\/\/easyoriginal1.s3.eu-central-1.amazonaws.com\/englisch\/e78\/001.mp3?_=1\" \/><a href=\"https:\/\/easyoriginal1.s3.eu-central-1.amazonaws.com\/englisch\/e78\/001.mp3\">https:\/\/easyoriginal1.s3.eu-central-1.amazonaws.com\/englisch\/e78\/001.mp3<\/a><\/audio>\n<div class=\"original-container\">\n<p class=\"Original\" lang=\"en-GB\">The night sky over London was unusually clear, a perfect canvas for the celestial show about to unfold. At the historic Greenwich Observatory, excited chatter filled the air as crowds gathered on the grassy slopes. Children pointed at the stars while adults set up cameras and telescopes.<\/p>\n<\/div>","protected":false},"excerpt":{"rendered":"<p>In einer klaren Londoner Nacht versammelt sich eine erwartungsvolle Menge im Greenwich-Observatorium, um ein spektakul\u00e4res Naturschauspiel zu erleben: eine totale Mondfinsternis. Doch als Professor Orion Celeste mitten in seinem Vortrag abrupt verschwindet, nimmt das Ereignis eine mysteri\u00f6se Wendung.<br \/>\nProfessor Eleanor Hart, eine brillante Astronomin mit einem untr\u00fcglichen Gesp\u00fcr f\u00fcr R\u00e4tsel, Detective Sergeant Robert Blake und der junge, begeisterte Assistent Charlie Webb geraten in ein Netz aus Geheimnissen, das sie durch jahrhundertealte Sternenkarten, verschl\u00fcsselte Botschaften und die Schatten einer vergessenen Bruderschaft f\u00fchrt. W\u00e4hrend sie versuchen, die Wahrheit hinter dem Verschwinden von Celeste und dessen verschl\u00fcsselten Hinweisen zu entschl\u00fcsseln, sto\u00dfen sie auf die Spur der legend\u00e4ren Midnight Rose Society \u2013 einer geheimen astronomischen Gemeinschaft, die ein Wissen bewahrte, das die Welt ver\u00e4ndern k\u00f6nnte.<br \/>\nDoch sie sind nicht die Einzigen, die nach der Wahrheit suchen. Gef\u00e4hrliche M\u00e4chte sind ihnen dicht auf den Fersen, und die Zeit l\u00e4uft ab. Als sich ein seltenes astronomisches Ph\u00e4nomen ank\u00fcndigt, m\u00fcssen Eleanor und ihr Team das letzte fehlende Puzzlest\u00fcck finden \u2013 bevor das Licht der Wahrheit f\u00fcr immer erlischt.<br \/>\nEin fesselnder Mystery-Thriller voller R\u00e4tsel, Wissenschaft und historischer Geheimnisse.<br \/>\nZweisprachiges Buch Englisch-Deutsch.<\/p>","protected":false},"featured_media":14950,"comment_status":"open","ping_status":"closed","template":"","meta":{"_acf_changed":false,"_et_pb_use_builder":"off","_et_pb_old_content":"<div class=\"adapted-container\">\r\n<p class=\"Adapted\"><span class=\"Bold\">Hace mucho tiempo que ten\u00eda ganas de escribir <\/span><span class=\"Translation\">(seit langer Zeit hatte ich Lust zu schreiben; <\/span><span class=\"Translation\"><span class=\"Comment-Words\">tener<\/span><\/span><span class=\"Translation\"><span class=\"Comments\"> \u2014 haben<\/span><\/span><span class=\"Translation\">)<\/span><span class=\"Bold\"> cualquier cosa con este t\u00edtulo <\/span><span class=\"Translation\">(irgendetwas mit diesem Titel)<\/span><span class=\"Bold\">.<\/span><\/p>\r\n<p class=\"Adapted\"><span class=\"Bold\">Hoy<a id=\"_idTextAnchor001\"><\/a>, que se me ha presentado ocasi\u00f3n <\/span><span class=\"Translation\">(heute, wo sich mir \/eine\/ Gelegenheit geboten hat; <\/span><span class=\"Translation\"><span class=\"Comment-Words\">presentar<\/span><\/span><span class=\"Translation\"><span class=\"Comments\"> \u2014 zeigen; vorstellen<\/span><\/span><span class=\"Translation\">)<\/span><span class=\"Bold\">, lo he puesto con letras grandes <\/span><span class=\"Translation\">(das habe ich in gro\u00dfen Buchstaben gesetzt = habe ich es in Gro\u00dfbuchstaben gesetzt; <\/span><span class=\"Translation\"><span class=\"Comment-Words\">poner<\/span><\/span><span class=\"Translation\"><span class=\"Comments\"> \u2014 setzen; stellen; legen<\/span><\/span><span class=\"Translation\">)<\/span><span class=\"Bold\"> en la primera cuartilla de papel <\/span><span class=\"Translation\">(auf das erste Blatt: \u00abauf das erste Viertelpapier\u00bb; <\/span><span class=\"Translation\"><span class=\"Comment-Words\">cuarto<\/span><\/span><span class=\"Translation\"><span class=\"Gender _idGenCharOverride-1\">m <\/span><\/span><span class=\"Translation\"><span class=\"Comments\">\u2014 Viertel<\/span><\/span><span class=\"Translation\">)<\/span><span class=\"Bold\">, y luego he dejado a capricho volar la pluma <\/span><span class=\"Translation\">(und dann habe ich nach Belieben die Feder fliegen lassen; <\/span><span class=\"Translation\"><span class=\"Comment-Words\">dejar<\/span><\/span><span class=\"Translation\"><span class=\"Comments\"> \u2014 lassen; <\/span><\/span><span class=\"Translation\"><span class=\"Comment-Words\">capricho<\/span><\/span><span class=\"Translation\"><span class=\"Gender _idGenCharOverride-1\">m <\/span><\/span><span class=\"Translation\"><span class=\"Comments\">\u2014 Laune<\/span><\/span><span class=\"Translation\">)<\/span><span class=\"Bold\">.<\/span><\/p>\r\n\r\n<\/div>\r\n[audio mp3=\"https:\/\/easyoriginal1.s3.eu-central-1.amazonaws.com\/spanisch\/s1\/1.mp3\"][\/audio]\r\n<div class=\"original-container\">\r\n<p class=\"Original\">Hace mucho tiempo que ten\u00eda ganas de escribir cualquier cosa con este t\u00edtulo.<\/p>\r\n<p class=\"Original\">Hoy, que se me ha presentado ocasi\u00f3n, lo he puesto con letras grandes en la primera cuartilla de papel, y luego he dejado a capricho volar la pluma.<\/p>\r\n\r\n<\/div>\r\n<a class=\"weiter\" href=\"\/webreader\/los-ojos-verdes\/fragment\/1-4-2\/\">weiter lesen<\/a>","_et_gb_content_width":""},"product_brand":[],"product_cat":[267],"product_tag":[164,81],"class_list":{"0":"post-14944","1":"product","2":"type-product","3":"status-publish","4":"has-post-thumbnail","6":"product_cat-modern-englisch-frank","7":"product_tag-anfaenger","8":"product_tag-krimi","10":"first","11":"instock","12":"taxable","13":"shipping-taxable","14":"purchasable","15":"product-type-variable"},"acf":[],"yoast_head":"<!-- This site is optimized with the Yoast SEO plugin v27.3 - https:\/\/yoast.com\/product\/yoast-seo-wordpress\/ -->\n<title>The Midnight Rose - Die Mitternachtsrose - EasyOriginal.com<\/title>\n<meta name=\"robots\" content=\"index, follow, max-snippet:-1, max-image-preview:large, max-video-preview:-1\" \/>\n<link rel=\"canonical\" href=\"https:\/\/easyoriginal.com\/en\/shop\/modern-englisch-frank\/the-midnight-rose-die-mitternachtsrose\/\" \/>\n<meta property=\"og:locale\" content=\"en_GB\" \/>\n<meta property=\"og:type\" content=\"article\" \/>\n<meta property=\"og:title\" content=\"The Midnight Rose - Die Mitternachtsrose - EasyOriginal.com\" \/>\n<meta property=\"og:description\" content=\"In einer klaren Londoner Nacht versammelt sich eine erwartungsvolle Menge im Greenwich-Observatorium, um ein spektakul\u00e4res Naturschauspiel zu erleben: eine totale Mondfinsternis. Doch als Professor Orion Celeste mitten in seinem Vortrag abrupt verschwindet, nimmt das Ereignis eine mysteri\u00f6se Wendung. Professor Eleanor Hart, eine brillante Astronomin mit einem untr\u00fcglichen Gesp\u00fcr f\u00fcr R\u00e4tsel, Detective Sergeant Robert Blake und der junge, begeisterte Assistent Charlie Webb geraten in ein Netz aus Geheimnissen, das sie durch jahrhundertealte Sternenkarten, verschl\u00fcsselte Botschaften und die Schatten einer vergessenen Bruderschaft f\u00fchrt. W\u00e4hrend sie versuchen, die Wahrheit hinter dem Verschwinden von Celeste und dessen verschl\u00fcsselten Hinweisen zu entschl\u00fcsseln, sto\u00dfen sie auf die Spur der legend\u00e4ren Midnight Rose Society \u2013 einer geheimen astronomischen Gemeinschaft, die ein Wissen bewahrte, das die Welt ver\u00e4ndern k\u00f6nnte. Doch sie sind nicht die Einzigen, die nach der Wahrheit suchen. Gef\u00e4hrliche M\u00e4chte sind ihnen dicht auf den Fersen, und die Zeit l\u00e4uft ab. Als sich ein seltenes astronomisches Ph\u00e4nomen ank\u00fcndigt, m\u00fcssen Eleanor und ihr Team das letzte fehlende Puzzlest\u00fcck finden \u2013 bevor das Licht der Wahrheit f\u00fcr immer erlischt. Ein fesselnder Mystery-Thriller voller R\u00e4tsel, Wissenschaft und historischer Geheimnisse.  Zweisprachiges Buch Englisch-Deutsch.\" \/>\n<meta property=\"og:url\" content=\"https:\/\/easyoriginal.com\/en\/shop\/modern-englisch-frank\/the-midnight-rose-die-mitternachtsrose\/\" \/>\n<meta property=\"og:site_name\" content=\"EasyOriginal.com\" \/>\n<meta property=\"article:modified_time\" content=\"2026-03-31T14:45:15+00:00\" \/>\n<meta property=\"og:image\" content=\"https:\/\/easyoriginal.com\/wp-content\/uploads\/The-Midnight-Rose_printcover.jpg\" \/>\n\t<meta property=\"og:image:width\" content=\"1600\" \/>\n\t<meta property=\"og:image:height\" content=\"2400\" \/>\n\t<meta property=\"og:image:type\" content=\"image\/jpeg\" \/>\n<meta name=\"twitter:card\" content=\"summary_large_image\" \/>\n<meta name=\"twitter:label1\" content=\"Estimated reading time\" \/>\n\t<meta name=\"twitter:data1\" content=\"2 minutes\" \/>\n<script type=\"application\/ld+json\" class=\"yoast-schema-graph\">{\"@context\":\"https:\\\/\\\/schema.org\",\"@graph\":[{\"@type\":\"WebPage\",\"@id\":\"https:\\\/\\\/easyoriginal.com\\\/shop\\\/modern-englisch-frank\\\/the-midnight-rose-die-mitternachtsrose\\\/\",\"url\":\"https:\\\/\\\/easyoriginal.com\\\/shop\\\/modern-englisch-frank\\\/the-midnight-rose-die-mitternachtsrose\\\/\",\"name\":\"The Midnight Rose - Die Mitternachtsrose - EasyOriginal.com\",\"isPartOf\":{\"@id\":\"https:\\\/\\\/easyoriginal.com\\\/#website\"},\"primaryImageOfPage\":{\"@id\":\"https:\\\/\\\/easyoriginal.com\\\/shop\\\/modern-englisch-frank\\\/the-midnight-rose-die-mitternachtsrose\\\/#primaryimage\"},\"image\":{\"@id\":\"https:\\\/\\\/easyoriginal.com\\\/shop\\\/modern-englisch-frank\\\/the-midnight-rose-die-mitternachtsrose\\\/#primaryimage\"},\"thumbnailUrl\":\"https:\\\/\\\/easyoriginal.com\\\/wp-content\\\/uploads\\\/The-Midnight-Rose_printcover.jpg\",\"datePublished\":\"2025-03-22T21:22:05+00:00\",\"dateModified\":\"2026-03-31T14:45:15+00:00\",\"breadcrumb\":{\"@id\":\"https:\\\/\\\/easyoriginal.com\\\/shop\\\/modern-englisch-frank\\\/the-midnight-rose-die-mitternachtsrose\\\/#breadcrumb\"},\"inLanguage\":\"en-GB\",\"potentialAction\":[{\"@type\":\"ReadAction\",\"target\":[\"https:\\\/\\\/easyoriginal.com\\\/shop\\\/modern-englisch-frank\\\/the-midnight-rose-die-mitternachtsrose\\\/\"]}]},{\"@type\":\"ImageObject\",\"inLanguage\":\"en-GB\",\"@id\":\"https:\\\/\\\/easyoriginal.com\\\/shop\\\/modern-englisch-frank\\\/the-midnight-rose-die-mitternachtsrose\\\/#primaryimage\",\"url\":\"https:\\\/\\\/easyoriginal.com\\\/wp-content\\\/uploads\\\/The-Midnight-Rose_printcover.jpg\",\"contentUrl\":\"https:\\\/\\\/easyoriginal.com\\\/wp-content\\\/uploads\\\/The-Midnight-Rose_printcover.jpg\",\"width\":1600,\"height\":2400},{\"@type\":\"BreadcrumbList\",\"@id\":\"https:\\\/\\\/easyoriginal.com\\\/shop\\\/modern-englisch-frank\\\/the-midnight-rose-die-mitternachtsrose\\\/#breadcrumb\",\"itemListElement\":[{\"@type\":\"ListItem\",\"position\":1,\"name\":\"Startseite\",\"item\":\"https:\\\/\\\/easyoriginal.com\\\/\"},{\"@type\":\"ListItem\",\"position\":2,\"name\":\"Shop\",\"item\":\"https:\\\/\\\/easyoriginal.com\\\/shop\\\/\"},{\"@type\":\"ListItem\",\"position\":3,\"name\":\"The Midnight Rose &#8211; Die Mitternachtsrose\"}]},{\"@type\":\"WebSite\",\"@id\":\"https:\\\/\\\/easyoriginal.com\\\/#website\",\"url\":\"https:\\\/\\\/easyoriginal.com\\\/\",\"name\":\"EasyOriginal.com\",\"description\":\"Spa\u00df am Lesen im Original - Innovative Lesemethode f\u00fcr Fremdsprachen\",\"publisher\":{\"@id\":\"https:\\\/\\\/easyoriginal.com\\\/#organization\"},\"potentialAction\":[{\"@type\":\"SearchAction\",\"target\":{\"@type\":\"EntryPoint\",\"urlTemplate\":\"https:\\\/\\\/easyoriginal.com\\\/?s={search_term_string}\"},\"query-input\":{\"@type\":\"PropertyValueSpecification\",\"valueRequired\":true,\"valueName\":\"search_term_string\"}}],\"inLanguage\":\"en-GB\"},{\"@type\":\"Organization\",\"@id\":\"https:\\\/\\\/easyoriginal.com\\\/#organization\",\"name\":\"EasyOriginal Verlag\",\"url\":\"https:\\\/\\\/easyoriginal.com\\\/\",\"logo\":{\"@type\":\"ImageObject\",\"inLanguage\":\"en-GB\",\"@id\":\"https:\\\/\\\/easyoriginal.com\\\/#\\\/schema\\\/logo\\\/image\\\/\",\"url\":\"https:\\\/\\\/easyoriginal.com\\\/wp-content\\\/uploads\\\/2020\\\/08\\\/logo_main.png\",\"contentUrl\":\"https:\\\/\\\/easyoriginal.com\\\/wp-content\\\/uploads\\\/2020\\\/08\\\/logo_main.png\",\"width\":500,\"height\":103,\"caption\":\"EasyOriginal Verlag\"},\"image\":{\"@id\":\"https:\\\/\\\/easyoriginal.com\\\/#\\\/schema\\\/logo\\\/image\\\/\"}}]}<\/script>\n<!-- \/ Yoast SEO plugin. -->","yoast_head_json":{"title":"The Midnight Rose - Die Mitternachtsrose - EasyOriginal.com","robots":{"index":"index","follow":"follow","max-snippet":"max-snippet:-1","max-image-preview":"max-image-preview:large","max-video-preview":"max-video-preview:-1"},"canonical":"https:\/\/easyoriginal.com\/en\/shop\/modern-englisch-frank\/the-midnight-rose-die-mitternachtsrose\/","og_locale":"en_GB","og_type":"article","og_title":"The Midnight Rose - Die Mitternachtsrose - EasyOriginal.com","og_description":"In einer klaren Londoner Nacht versammelt sich eine erwartungsvolle Menge im Greenwich-Observatorium, um ein spektakul\u00e4res Naturschauspiel zu erleben: eine totale Mondfinsternis. Doch als Professor Orion Celeste mitten in seinem Vortrag abrupt verschwindet, nimmt das Ereignis eine mysteri\u00f6se Wendung. Professor Eleanor Hart, eine brillante Astronomin mit einem untr\u00fcglichen Gesp\u00fcr f\u00fcr R\u00e4tsel, Detective Sergeant Robert Blake und der junge, begeisterte Assistent Charlie Webb geraten in ein Netz aus Geheimnissen, das sie durch jahrhundertealte Sternenkarten, verschl\u00fcsselte Botschaften und die Schatten einer vergessenen Bruderschaft f\u00fchrt. W\u00e4hrend sie versuchen, die Wahrheit hinter dem Verschwinden von Celeste und dessen verschl\u00fcsselten Hinweisen zu entschl\u00fcsseln, sto\u00dfen sie auf die Spur der legend\u00e4ren Midnight Rose Society \u2013 einer geheimen astronomischen Gemeinschaft, die ein Wissen bewahrte, das die Welt ver\u00e4ndern k\u00f6nnte. Doch sie sind nicht die Einzigen, die nach der Wahrheit suchen. Gef\u00e4hrliche M\u00e4chte sind ihnen dicht auf den Fersen, und die Zeit l\u00e4uft ab. Als sich ein seltenes astronomisches Ph\u00e4nomen ank\u00fcndigt, m\u00fcssen Eleanor und ihr Team das letzte fehlende Puzzlest\u00fcck finden \u2013 bevor das Licht der Wahrheit f\u00fcr immer erlischt. Ein fesselnder Mystery-Thriller voller R\u00e4tsel, Wissenschaft und historischer Geheimnisse.  Zweisprachiges Buch Englisch-Deutsch.","og_url":"https:\/\/easyoriginal.com\/en\/shop\/modern-englisch-frank\/the-midnight-rose-die-mitternachtsrose\/","og_site_name":"EasyOriginal.com","article_modified_time":"2026-03-31T14:45:15+00:00","og_image":[{"width":1600,"height":2400,"url":"https:\/\/easyoriginal.com\/wp-content\/uploads\/The-Midnight-Rose_printcover.jpg","type":"image\/jpeg"}],"twitter_card":"summary_large_image","twitter_misc":{"Estimated reading time":"2 minutes"},"schema":{"@context":"https:\/\/schema.org","@graph":[{"@type":"WebPage","@id":"https:\/\/easyoriginal.com\/shop\/modern-englisch-frank\/the-midnight-rose-die-mitternachtsrose\/","url":"https:\/\/easyoriginal.com\/shop\/modern-englisch-frank\/the-midnight-rose-die-mitternachtsrose\/","name":"The Midnight Rose - Die Mitternachtsrose - EasyOriginal.com","isPartOf":{"@id":"https:\/\/easyoriginal.com\/#website"},"primaryImageOfPage":{"@id":"https:\/\/easyoriginal.com\/shop\/modern-englisch-frank\/the-midnight-rose-die-mitternachtsrose\/#primaryimage"},"image":{"@id":"https:\/\/easyoriginal.com\/shop\/modern-englisch-frank\/the-midnight-rose-die-mitternachtsrose\/#primaryimage"},"thumbnailUrl":"https:\/\/easyoriginal.com\/wp-content\/uploads\/The-Midnight-Rose_printcover.jpg","datePublished":"2025-03-22T21:22:05+00:00","dateModified":"2026-03-31T14:45:15+00:00","breadcrumb":{"@id":"https:\/\/easyoriginal.com\/shop\/modern-englisch-frank\/the-midnight-rose-die-mitternachtsrose\/#breadcrumb"},"inLanguage":"en-GB","potentialAction":[{"@type":"ReadAction","target":["https:\/\/easyoriginal.com\/shop\/modern-englisch-frank\/the-midnight-rose-die-mitternachtsrose\/"]}]},{"@type":"ImageObject","inLanguage":"en-GB","@id":"https:\/\/easyoriginal.com\/shop\/modern-englisch-frank\/the-midnight-rose-die-mitternachtsrose\/#primaryimage","url":"https:\/\/easyoriginal.com\/wp-content\/uploads\/The-Midnight-Rose_printcover.jpg","contentUrl":"https:\/\/easyoriginal.com\/wp-content\/uploads\/The-Midnight-Rose_printcover.jpg","width":1600,"height":2400},{"@type":"BreadcrumbList","@id":"https:\/\/easyoriginal.com\/shop\/modern-englisch-frank\/the-midnight-rose-die-mitternachtsrose\/#breadcrumb","itemListElement":[{"@type":"ListItem","position":1,"name":"Startseite","item":"https:\/\/easyoriginal.com\/"},{"@type":"ListItem","position":2,"name":"Shop","item":"https:\/\/easyoriginal.com\/shop\/"},{"@type":"ListItem","position":3,"name":"The Midnight Rose &#8211; Die Mitternachtsrose"}]},{"@type":"WebSite","@id":"https:\/\/easyoriginal.com\/#website","url":"https:\/\/easyoriginal.com\/","name":"EasyOriginal.com","description":"Spa\u00df am Lesen im Original - Innovative Lesemethode f\u00fcr Fremdsprachen","publisher":{"@id":"https:\/\/easyoriginal.com\/#organization"},"potentialAction":[{"@type":"SearchAction","target":{"@type":"EntryPoint","urlTemplate":"https:\/\/easyoriginal.com\/?s={search_term_string}"},"query-input":{"@type":"PropertyValueSpecification","valueRequired":true,"valueName":"search_term_string"}}],"inLanguage":"en-GB"},{"@type":"Organization","@id":"https:\/\/easyoriginal.com\/#organization","name":"EasyOriginal Verlag","url":"https:\/\/easyoriginal.com\/","logo":{"@type":"ImageObject","inLanguage":"en-GB","@id":"https:\/\/easyoriginal.com\/#\/schema\/logo\/image\/","url":"https:\/\/easyoriginal.com\/wp-content\/uploads\/2020\/08\/logo_main.png","contentUrl":"https:\/\/easyoriginal.com\/wp-content\/uploads\/2020\/08\/logo_main.png","width":500,"height":103,"caption":"EasyOriginal Verlag"},"image":{"@id":"https:\/\/easyoriginal.com\/#\/schema\/logo\/image\/"}}]}},"_links":{"self":[{"href":"https:\/\/easyoriginal.com\/en\/wp-json\/wp\/v2\/product\/14944","targetHints":{"allow":["GET"]}}],"collection":[{"href":"https:\/\/easyoriginal.com\/en\/wp-json\/wp\/v2\/product"}],"about":[{"href":"https:\/\/easyoriginal.com\/en\/wp-json\/wp\/v2\/types\/product"}],"replies":[{"embeddable":true,"href":"https:\/\/easyoriginal.com\/en\/wp-json\/wp\/v2\/comments?post=14944"}],"wp:featuredmedia":[{"embeddable":true,"href":"https:\/\/easyoriginal.com\/en\/wp-json\/wp\/v2\/media\/14950"}],"wp:attachment":[{"href":"https:\/\/easyoriginal.com\/en\/wp-json\/wp\/v2\/media?parent=14944"}],"wp:term":[{"taxonomy":"product_brand","embeddable":true,"href":"https:\/\/easyoriginal.com\/en\/wp-json\/wp\/v2\/product_brand?post=14944"},{"taxonomy":"product_cat","embeddable":true,"href":"https:\/\/easyoriginal.com\/en\/wp-json\/wp\/v2\/product_cat?post=14944"},{"taxonomy":"product_tag","embeddable":true,"href":"https:\/\/easyoriginal.com\/en\/wp-json\/wp\/v2\/product_tag?post=14944"}],"curies":[{"name":"wp","href":"https:\/\/api.w.org\/{rel}","templated":true}]}}