{"id":14929,"date":"2025-03-22T21:53:50","date_gmt":"2025-03-22T20:53:50","guid":{"rendered":"https:\/\/easyoriginal.com\/?post_type=product&#038;p=14929"},"modified":"2026-03-24T11:19:38","modified_gmt":"2026-03-24T10:19:38","slug":"la-cosecha-del-engano-die-ernte-des-betrugs","status":"publish","type":"product","link":"https:\/\/easyoriginal.com\/en\/shop\/modern-spanisch-frank\/la-cosecha-del-engano-die-ernte-des-betrugs\/","title":{"rendered":"La Cosecha del Enga\u00f1o \u2014 Die Ernte des Betrugs"},"content":{"rendered":"<div class=\"adapted-container\">\n<p class=\"Adapted\"><span>Una Copa de Sospecha <\/span><span class=\"Translation CharOverride-1\">(ein Glas des Verdachts)<\/span><\/p>\n<p class=\"Adapted\"><span>El sol de la tarde se filtraba por las ventanas de La Vinoteca Divina <\/span><span class=\"Translation CharOverride-1\">(die Nachmittagssonne sickerte durch die Fenster der G\u00f6ttlichen Weinhandlun<\/span><span class=\"Translation\"><span class=\"No-Break CharOverride-1\">g;<\/span><\/span><span class=\"Translation\"><span class=\"Comments\"> filtrarse<\/span><\/span><span class=\"Translation CharOverride-1\">)<\/span><span>, ba\u00f1ando la sala de cata con una luz dorada <\/span><span class=\"Translation CharOverride-1\">(den Verkostungsraum mit einem goldenen Licht baden<\/span><span class=\"Translation\"><span class=\"No-Break CharOverride-1\">d;<\/span><\/span><span class=\"Translation\"><span class=\"Comments\"> <\/span><\/span><span class=\"Translation\"><span class=\"Comment-Words\">ba\u00f1ar<\/span><\/span><span class=\"Translation\"><span class=\"No-Break\"><span class=\"Comments\"> \u2014<\/span><\/span><\/span><span class=\"Translation\"><span class=\"Comments\"> baden<\/span><\/span><span class=\"Translation CharOverride-1\">)<\/span><span>. Esteban Vega sosten\u00eda una copa de cristal fino <\/span><span class=\"Translation CharOverride-1\">(Esteban Vega hielt ein Glas aus feinem Kristal<\/span><span class=\"Translation\"><span class=\"No-Break CharOverride-1\">l;<\/span><\/span><span class=\"Translation\"><span class=\"Comments\"> sostener<\/span><\/span><span class=\"Translation CharOverride-1\">)<\/span><span>, estudiando el l\u00edquido p\u00e1lido en su interior <\/span><span class=\"Translation CharOverride-1\">(die blasse Fl\u00fcssigkeit in seinem Inneren studieren<\/span><span class=\"Translation\"><span class=\"No-Break CharOverride-1\">d;<\/span><\/span><span class=\"Translation CharOverride-1\"> <\/span><span class=\"Translation\"><span class=\"Comment-Words\"> estudiar<\/span><\/span><span class=\"Translation\"><span class=\"No-Break\"><span class=\"Comment-Words\"> <\/span><\/span><\/span><span class=\"Translation\"><span class=\"No-Break\"><span class=\"Comments\">\u2014<\/span><\/span><\/span><span class=\"Translation\"><span class=\"Comments\"> studieren<\/span><\/span><span class=\"Translation CharOverride-1\">)<\/span><span>. Sus ojos color avellana brillaban con intensidad <\/span><span class=\"Translation CharOverride-1\">(seine haselnussfarbenen Augen leuchteten intensi<\/span><span class=\"Translation\"><span class=\"No-Break CharOverride-1\">v;<\/span><\/span><span class=\"Translation\"><span class=\"Comments\"> <\/span><\/span><span class=\"Translation\"><span class=\"Comment-Words\">avellana<\/span><\/span><span class=\"Translation\"><span class=\"Sub CharOverride-2\">f<\/span><\/span><span class=\"Translation\"><span class=\"No-Break\"><span class=\"Comments\"> \u2014<\/span><\/span><\/span><span class=\"Translation\"><span class=\"Comments\"> Haselnuss<\/span><\/span><span class=\"Translation CharOverride-1\">)<\/span><span> mientras giraba suavemente la copa <\/span><span class=\"Translation CharOverride-1\">(w\u00e4hrend er sanft das Glas dreht<\/span><span class=\"Translation\"><span class=\"No-Break CharOverride-1\">e;<\/span><\/span><span class=\"Translation\"><span class=\"Comments\"> girar<\/span><\/span><span class=\"Translation CharOverride-1\">)<\/span><span>, liberando los aromas del vino <\/span><span class=\"Translation CharOverride-1\">(die Aromen des Weins freisetzen<\/span><span class=\"Translation\"><span class=\"No-Break CharOverride-1\">d;<\/span><\/span><span class=\"Translation\"><span class=\"Comments\"> <\/span><\/span><span class=\"Translation\"><span class=\"Comment-Words\">liberar<\/span><\/span><span class=\"Translation\"><span class=\"No-Break\"><span class=\"Comments\"> \u2014<\/span><\/span><\/span><span class=\"Translation\"><span class=\"Comments\"> freisetzen<\/span><\/span><span class=\"Translation CharOverride-1\">)<\/span><span>.<\/span><\/p>\n<\/div>\n<audio class=\"wp-audio-shortcode\" id=\"audio-14929-1\" preload=\"none\" style=\"width: 100%;\" controls=\"controls\"><source type=\"audio\/mpeg\" src=\"https:\/\/easyoriginal1.s3.eu-central-1.amazonaws.com\/spanisch\/s24\/001.mp3?_=1\" \/><a href=\"https:\/\/easyoriginal1.s3.eu-central-1.amazonaws.com\/spanisch\/s24\/001.mp3\">https:\/\/easyoriginal1.s3.eu-central-1.amazonaws.com\/spanisch\/s24\/001.mp3<\/a><\/audio>\n<div class=\"original-container\">\n<p class=\"Original\" lang=\"es-ES\">Una Copa de Sospecha<\/p>\n<p class=\"Original\" lang=\"es-ES\">El sol de la tarde se filtraba por las ventanas de La Vinoteca Divina, ba\u00f1ando la sala de cata con una luz dorada. Esteban Vega sosten\u00eda una copa de cristal fino, estudiando el l\u00edquido p\u00e1lido en su interior. Sus ojos color avellana brillaban con intensidad mientras giraba suavemente la copa, liberando los aromas del vino.<\/p>\n<\/div>","protected":false},"excerpt":{"rendered":"<p>Zwischen edlen Weinen und dunklen Geheimnissen: La Cosecha del Enga\u00f1o entf\u00fchrt dich in die faszinierende Welt der Weinherstellung \u2013 doch hinter den goldenen Reben lauert ein Netz aus Betrug und T\u00e4uschung.<br \/>\nAls der renommierte Sommelier Esteban Vega eine harmlose Verkostung in einer angesehenen Bodega leitet, ahnt er nicht, dass jeder Schluck ihn tiefer in eine gef\u00e4hrliche Intrige zieht. Was als Genuss beginnt, wird zur Jagd nach der Wahrheit. Wem kann er trauen, wenn selbst der edelste Tropfen einen bitteren Nachgeschmack hinterl\u00e4sst?<br \/>\nEin fesselnder Thriller voller Spannung, Sinnlichkeit und der Liebe zum Wein \u2013 ideal f\u00fcr alle, die raffinierte Geheimnisse lieben und den Nervenkitzel zwischen Weinreben sp\u00fcren wollen.<br \/>\nF\u00fcr Fans von spannungsgeladenen Krimis und atmosph\u00e4rischen Geschichten, die den Geschmack von Wahrheit und L\u00fcge in einem einzigen Glas vereinen.<br \/>\nZweisprachiges Buch Spanisch-Deutsch.<\/p>","protected":false},"featured_media":14937,"comment_status":"open","ping_status":"closed","template":"","meta":{"_acf_changed":false,"_et_pb_use_builder":"off","_et_pb_old_content":"<div class=\"adapted-container\">\r\n<p class=\"Adapted\"><span class=\"Bold\">Hace mucho tiempo que ten\u00eda ganas de escribir <\/span><span class=\"Translation\">(seit langer Zeit hatte ich Lust zu schreiben; <\/span><span class=\"Translation\"><span class=\"Comment-Words\">tener<\/span><\/span><span class=\"Translation\"><span class=\"Comments\"> \u2014 haben<\/span><\/span><span class=\"Translation\">)<\/span><span class=\"Bold\"> cualquier cosa con este t\u00edtulo <\/span><span class=\"Translation\">(irgendetwas mit diesem Titel)<\/span><span class=\"Bold\">.<\/span><\/p>\r\n<p class=\"Adapted\"><span class=\"Bold\">Hoy<a id=\"_idTextAnchor001\"><\/a>, que se me ha presentado ocasi\u00f3n <\/span><span class=\"Translation\">(heute, wo sich mir \/eine\/ Gelegenheit geboten hat; <\/span><span class=\"Translation\"><span class=\"Comment-Words\">presentar<\/span><\/span><span class=\"Translation\"><span class=\"Comments\"> \u2014 zeigen; vorstellen<\/span><\/span><span class=\"Translation\">)<\/span><span class=\"Bold\">, lo he puesto con letras grandes <\/span><span class=\"Translation\">(das habe ich in gro\u00dfen Buchstaben gesetzt = habe ich es in Gro\u00dfbuchstaben gesetzt; <\/span><span class=\"Translation\"><span class=\"Comment-Words\">poner<\/span><\/span><span class=\"Translation\"><span class=\"Comments\"> \u2014 setzen; stellen; legen<\/span><\/span><span class=\"Translation\">)<\/span><span class=\"Bold\"> en la primera cuartilla de papel <\/span><span class=\"Translation\">(auf das erste Blatt: \u00abauf das erste Viertelpapier\u00bb; <\/span><span class=\"Translation\"><span class=\"Comment-Words\">cuarto<\/span><\/span><span class=\"Translation\"><span class=\"Gender _idGenCharOverride-1\">m <\/span><\/span><span class=\"Translation\"><span class=\"Comments\">\u2014 Viertel<\/span><\/span><span class=\"Translation\">)<\/span><span class=\"Bold\">, y luego he dejado a capricho volar la pluma <\/span><span class=\"Translation\">(und dann habe ich nach Belieben die Feder fliegen lassen; <\/span><span class=\"Translation\"><span class=\"Comment-Words\">dejar<\/span><\/span><span class=\"Translation\"><span class=\"Comments\"> \u2014 lassen; <\/span><\/span><span class=\"Translation\"><span class=\"Comment-Words\">capricho<\/span><\/span><span class=\"Translation\"><span class=\"Gender _idGenCharOverride-1\">m <\/span><\/span><span class=\"Translation\"><span class=\"Comments\">\u2014 Laune<\/span><\/span><span class=\"Translation\">)<\/span><span class=\"Bold\">.<\/span><\/p>\r\n\r\n<\/div>\r\n[audio mp3=\"https:\/\/easyoriginal1.s3.eu-central-1.amazonaws.com\/spanisch\/s1\/1.mp3\"][\/audio]\r\n<div class=\"original-container\">\r\n<p class=\"Original\">Hace mucho tiempo que ten\u00eda ganas de escribir cualquier cosa con este t\u00edtulo.<\/p>\r\n<p class=\"Original\">Hoy, que se me ha presentado ocasi\u00f3n, lo he puesto con letras grandes en la primera cuartilla de papel, y luego he dejado a capricho volar la pluma.<\/p>\r\n\r\n<\/div>\r\n<a class=\"weiter\" href=\"\/webreader\/los-ojos-verdes\/fragment\/1-4-2\/\">weiter lesen<\/a>","_et_gb_content_width":""},"product_brand":[],"product_cat":[265],"product_tag":[164,81],"class_list":{"0":"post-14929","1":"product","2":"type-product","3":"status-publish","4":"has-post-thumbnail","6":"product_cat-modern-spanisch-frank","7":"product_tag-anfaenger","8":"product_tag-krimi","10":"first","11":"instock","12":"taxable","13":"shipping-taxable","14":"purchasable","15":"product-type-variable"},"acf":[],"yoast_head":"<!-- This site is optimized with the Yoast SEO plugin v27.3 - https:\/\/yoast.com\/product\/yoast-seo-wordpress\/ -->\n<title>La Cosecha del Enga\u00f1o \u2014 Die Ernte des Betrugs - EasyOriginal.com<\/title>\n<meta name=\"robots\" content=\"index, follow, max-snippet:-1, max-image-preview:large, max-video-preview:-1\" \/>\n<link rel=\"canonical\" href=\"https:\/\/easyoriginal.com\/en\/shop\/modern-spanisch-frank\/la-cosecha-del-engano-die-ernte-des-betrugs\/\" \/>\n<meta property=\"og:locale\" content=\"en_GB\" \/>\n<meta property=\"og:type\" content=\"article\" \/>\n<meta property=\"og:title\" content=\"La Cosecha del Enga\u00f1o \u2014 Die Ernte des Betrugs - EasyOriginal.com\" \/>\n<meta property=\"og:description\" content=\"Zwischen edlen Weinen und dunklen Geheimnissen: La Cosecha del Enga\u00f1o entf\u00fchrt dich in die faszinierende Welt der Weinherstellung \u2013 doch hinter den goldenen Reben lauert ein Netz aus Betrug und T\u00e4uschung. Als der renommierte Sommelier Esteban Vega eine harmlose Verkostung in einer angesehenen Bodega leitet, ahnt er nicht, dass jeder Schluck ihn tiefer in eine gef\u00e4hrliche Intrige zieht. Was als Genuss beginnt, wird zur Jagd nach der Wahrheit. Wem kann er trauen, wenn selbst der edelste Tropfen einen bitteren Nachgeschmack hinterl\u00e4sst? Ein fesselnder Thriller voller Spannung, Sinnlichkeit und der Liebe zum Wein \u2013 ideal f\u00fcr alle, die raffinierte Geheimnisse lieben und den Nervenkitzel zwischen Weinreben sp\u00fcren wollen. F\u00fcr Fans von spannungsgeladenen Krimis und atmosph\u00e4rischen Geschichten, die den Geschmack von Wahrheit und L\u00fcge in einem einzigen Glas vereinen.  Zweisprachiges Buch Spanisch-Deutsch.\" \/>\n<meta property=\"og:url\" content=\"https:\/\/easyoriginal.com\/en\/shop\/modern-spanisch-frank\/la-cosecha-del-engano-die-ernte-des-betrugs\/\" \/>\n<meta property=\"og:site_name\" content=\"EasyOriginal.com\" \/>\n<meta property=\"article:modified_time\" content=\"2026-03-24T10:19:38+00:00\" \/>\n<meta property=\"og:image\" content=\"https:\/\/easyoriginal.com\/wp-content\/uploads\/La-Cosecha-del-Engano_printcover.jpg\" \/>\n\t<meta property=\"og:image:width\" content=\"1600\" \/>\n\t<meta property=\"og:image:height\" content=\"2400\" \/>\n\t<meta property=\"og:image:type\" content=\"image\/jpeg\" \/>\n<meta name=\"twitter:card\" content=\"summary_large_image\" \/>\n<meta name=\"twitter:label1\" content=\"Estimated reading time\" \/>\n\t<meta name=\"twitter:data1\" content=\"2 minutes\" \/>\n<script type=\"application\/ld+json\" class=\"yoast-schema-graph\">{\"@context\":\"https:\\\/\\\/schema.org\",\"@graph\":[{\"@type\":\"WebPage\",\"@id\":\"https:\\\/\\\/easyoriginal.com\\\/shop\\\/modern-spanisch-frank\\\/la-cosecha-del-engano-die-ernte-des-betrugs\\\/\",\"url\":\"https:\\\/\\\/easyoriginal.com\\\/shop\\\/modern-spanisch-frank\\\/la-cosecha-del-engano-die-ernte-des-betrugs\\\/\",\"name\":\"La Cosecha del Enga\u00f1o \u2014 Die Ernte des Betrugs - EasyOriginal.com\",\"isPartOf\":{\"@id\":\"https:\\\/\\\/easyoriginal.com\\\/#website\"},\"primaryImageOfPage\":{\"@id\":\"https:\\\/\\\/easyoriginal.com\\\/shop\\\/modern-spanisch-frank\\\/la-cosecha-del-engano-die-ernte-des-betrugs\\\/#primaryimage\"},\"image\":{\"@id\":\"https:\\\/\\\/easyoriginal.com\\\/shop\\\/modern-spanisch-frank\\\/la-cosecha-del-engano-die-ernte-des-betrugs\\\/#primaryimage\"},\"thumbnailUrl\":\"https:\\\/\\\/easyoriginal.com\\\/wp-content\\\/uploads\\\/La-Cosecha-del-Engano_printcover.jpg\",\"datePublished\":\"2025-03-22T20:53:50+00:00\",\"dateModified\":\"2026-03-24T10:19:38+00:00\",\"breadcrumb\":{\"@id\":\"https:\\\/\\\/easyoriginal.com\\\/shop\\\/modern-spanisch-frank\\\/la-cosecha-del-engano-die-ernte-des-betrugs\\\/#breadcrumb\"},\"inLanguage\":\"en-GB\",\"potentialAction\":[{\"@type\":\"ReadAction\",\"target\":[\"https:\\\/\\\/easyoriginal.com\\\/shop\\\/modern-spanisch-frank\\\/la-cosecha-del-engano-die-ernte-des-betrugs\\\/\"]}]},{\"@type\":\"ImageObject\",\"inLanguage\":\"en-GB\",\"@id\":\"https:\\\/\\\/easyoriginal.com\\\/shop\\\/modern-spanisch-frank\\\/la-cosecha-del-engano-die-ernte-des-betrugs\\\/#primaryimage\",\"url\":\"https:\\\/\\\/easyoriginal.com\\\/wp-content\\\/uploads\\\/La-Cosecha-del-Engano_printcover.jpg\",\"contentUrl\":\"https:\\\/\\\/easyoriginal.com\\\/wp-content\\\/uploads\\\/La-Cosecha-del-Engano_printcover.jpg\",\"width\":1600,\"height\":2400},{\"@type\":\"BreadcrumbList\",\"@id\":\"https:\\\/\\\/easyoriginal.com\\\/shop\\\/modern-spanisch-frank\\\/la-cosecha-del-engano-die-ernte-des-betrugs\\\/#breadcrumb\",\"itemListElement\":[{\"@type\":\"ListItem\",\"position\":1,\"name\":\"Startseite\",\"item\":\"https:\\\/\\\/easyoriginal.com\\\/\"},{\"@type\":\"ListItem\",\"position\":2,\"name\":\"Shop\",\"item\":\"https:\\\/\\\/easyoriginal.com\\\/shop\\\/\"},{\"@type\":\"ListItem\",\"position\":3,\"name\":\"La Cosecha del Enga\u00f1o \u2014 Die Ernte des Betrugs\"}]},{\"@type\":\"WebSite\",\"@id\":\"https:\\\/\\\/easyoriginal.com\\\/#website\",\"url\":\"https:\\\/\\\/easyoriginal.com\\\/\",\"name\":\"EasyOriginal.com\",\"description\":\"Spa\u00df am Lesen im Original - Innovative Lesemethode f\u00fcr Fremdsprachen\",\"publisher\":{\"@id\":\"https:\\\/\\\/easyoriginal.com\\\/#organization\"},\"potentialAction\":[{\"@type\":\"SearchAction\",\"target\":{\"@type\":\"EntryPoint\",\"urlTemplate\":\"https:\\\/\\\/easyoriginal.com\\\/?s={search_term_string}\"},\"query-input\":{\"@type\":\"PropertyValueSpecification\",\"valueRequired\":true,\"valueName\":\"search_term_string\"}}],\"inLanguage\":\"en-GB\"},{\"@type\":\"Organization\",\"@id\":\"https:\\\/\\\/easyoriginal.com\\\/#organization\",\"name\":\"EasyOriginal Verlag\",\"url\":\"https:\\\/\\\/easyoriginal.com\\\/\",\"logo\":{\"@type\":\"ImageObject\",\"inLanguage\":\"en-GB\",\"@id\":\"https:\\\/\\\/easyoriginal.com\\\/#\\\/schema\\\/logo\\\/image\\\/\",\"url\":\"https:\\\/\\\/easyoriginal.com\\\/wp-content\\\/uploads\\\/2020\\\/08\\\/logo_main.png\",\"contentUrl\":\"https:\\\/\\\/easyoriginal.com\\\/wp-content\\\/uploads\\\/2020\\\/08\\\/logo_main.png\",\"width\":500,\"height\":103,\"caption\":\"EasyOriginal Verlag\"},\"image\":{\"@id\":\"https:\\\/\\\/easyoriginal.com\\\/#\\\/schema\\\/logo\\\/image\\\/\"}}]}<\/script>\n<!-- \/ Yoast SEO plugin. -->","yoast_head_json":{"title":"La Cosecha del Enga\u00f1o \u2014 Die Ernte des Betrugs - EasyOriginal.com","robots":{"index":"index","follow":"follow","max-snippet":"max-snippet:-1","max-image-preview":"max-image-preview:large","max-video-preview":"max-video-preview:-1"},"canonical":"https:\/\/easyoriginal.com\/en\/shop\/modern-spanisch-frank\/la-cosecha-del-engano-die-ernte-des-betrugs\/","og_locale":"en_GB","og_type":"article","og_title":"La Cosecha del Enga\u00f1o \u2014 Die Ernte des Betrugs - EasyOriginal.com","og_description":"Zwischen edlen Weinen und dunklen Geheimnissen: La Cosecha del Enga\u00f1o entf\u00fchrt dich in die faszinierende Welt der Weinherstellung \u2013 doch hinter den goldenen Reben lauert ein Netz aus Betrug und T\u00e4uschung. Als der renommierte Sommelier Esteban Vega eine harmlose Verkostung in einer angesehenen Bodega leitet, ahnt er nicht, dass jeder Schluck ihn tiefer in eine gef\u00e4hrliche Intrige zieht. Was als Genuss beginnt, wird zur Jagd nach der Wahrheit. Wem kann er trauen, wenn selbst der edelste Tropfen einen bitteren Nachgeschmack hinterl\u00e4sst? Ein fesselnder Thriller voller Spannung, Sinnlichkeit und der Liebe zum Wein \u2013 ideal f\u00fcr alle, die raffinierte Geheimnisse lieben und den Nervenkitzel zwischen Weinreben sp\u00fcren wollen. F\u00fcr Fans von spannungsgeladenen Krimis und atmosph\u00e4rischen Geschichten, die den Geschmack von Wahrheit und L\u00fcge in einem einzigen Glas vereinen.  Zweisprachiges Buch Spanisch-Deutsch.","og_url":"https:\/\/easyoriginal.com\/en\/shop\/modern-spanisch-frank\/la-cosecha-del-engano-die-ernte-des-betrugs\/","og_site_name":"EasyOriginal.com","article_modified_time":"2026-03-24T10:19:38+00:00","og_image":[{"width":1600,"height":2400,"url":"https:\/\/easyoriginal.com\/wp-content\/uploads\/La-Cosecha-del-Engano_printcover.jpg","type":"image\/jpeg"}],"twitter_card":"summary_large_image","twitter_misc":{"Estimated reading time":"2 minutes"},"schema":{"@context":"https:\/\/schema.org","@graph":[{"@type":"WebPage","@id":"https:\/\/easyoriginal.com\/shop\/modern-spanisch-frank\/la-cosecha-del-engano-die-ernte-des-betrugs\/","url":"https:\/\/easyoriginal.com\/shop\/modern-spanisch-frank\/la-cosecha-del-engano-die-ernte-des-betrugs\/","name":"La Cosecha del Enga\u00f1o \u2014 Die Ernte des Betrugs - EasyOriginal.com","isPartOf":{"@id":"https:\/\/easyoriginal.com\/#website"},"primaryImageOfPage":{"@id":"https:\/\/easyoriginal.com\/shop\/modern-spanisch-frank\/la-cosecha-del-engano-die-ernte-des-betrugs\/#primaryimage"},"image":{"@id":"https:\/\/easyoriginal.com\/shop\/modern-spanisch-frank\/la-cosecha-del-engano-die-ernte-des-betrugs\/#primaryimage"},"thumbnailUrl":"https:\/\/easyoriginal.com\/wp-content\/uploads\/La-Cosecha-del-Engano_printcover.jpg","datePublished":"2025-03-22T20:53:50+00:00","dateModified":"2026-03-24T10:19:38+00:00","breadcrumb":{"@id":"https:\/\/easyoriginal.com\/shop\/modern-spanisch-frank\/la-cosecha-del-engano-die-ernte-des-betrugs\/#breadcrumb"},"inLanguage":"en-GB","potentialAction":[{"@type":"ReadAction","target":["https:\/\/easyoriginal.com\/shop\/modern-spanisch-frank\/la-cosecha-del-engano-die-ernte-des-betrugs\/"]}]},{"@type":"ImageObject","inLanguage":"en-GB","@id":"https:\/\/easyoriginal.com\/shop\/modern-spanisch-frank\/la-cosecha-del-engano-die-ernte-des-betrugs\/#primaryimage","url":"https:\/\/easyoriginal.com\/wp-content\/uploads\/La-Cosecha-del-Engano_printcover.jpg","contentUrl":"https:\/\/easyoriginal.com\/wp-content\/uploads\/La-Cosecha-del-Engano_printcover.jpg","width":1600,"height":2400},{"@type":"BreadcrumbList","@id":"https:\/\/easyoriginal.com\/shop\/modern-spanisch-frank\/la-cosecha-del-engano-die-ernte-des-betrugs\/#breadcrumb","itemListElement":[{"@type":"ListItem","position":1,"name":"Startseite","item":"https:\/\/easyoriginal.com\/"},{"@type":"ListItem","position":2,"name":"Shop","item":"https:\/\/easyoriginal.com\/shop\/"},{"@type":"ListItem","position":3,"name":"La Cosecha del Enga\u00f1o \u2014 Die Ernte des Betrugs"}]},{"@type":"WebSite","@id":"https:\/\/easyoriginal.com\/#website","url":"https:\/\/easyoriginal.com\/","name":"EasyOriginal.com","description":"Spa\u00df am Lesen im Original - Innovative Lesemethode f\u00fcr Fremdsprachen","publisher":{"@id":"https:\/\/easyoriginal.com\/#organization"},"potentialAction":[{"@type":"SearchAction","target":{"@type":"EntryPoint","urlTemplate":"https:\/\/easyoriginal.com\/?s={search_term_string}"},"query-input":{"@type":"PropertyValueSpecification","valueRequired":true,"valueName":"search_term_string"}}],"inLanguage":"en-GB"},{"@type":"Organization","@id":"https:\/\/easyoriginal.com\/#organization","name":"EasyOriginal Verlag","url":"https:\/\/easyoriginal.com\/","logo":{"@type":"ImageObject","inLanguage":"en-GB","@id":"https:\/\/easyoriginal.com\/#\/schema\/logo\/image\/","url":"https:\/\/easyoriginal.com\/wp-content\/uploads\/2020\/08\/logo_main.png","contentUrl":"https:\/\/easyoriginal.com\/wp-content\/uploads\/2020\/08\/logo_main.png","width":500,"height":103,"caption":"EasyOriginal Verlag"},"image":{"@id":"https:\/\/easyoriginal.com\/#\/schema\/logo\/image\/"}}]}},"_links":{"self":[{"href":"https:\/\/easyoriginal.com\/en\/wp-json\/wp\/v2\/product\/14929","targetHints":{"allow":["GET"]}}],"collection":[{"href":"https:\/\/easyoriginal.com\/en\/wp-json\/wp\/v2\/product"}],"about":[{"href":"https:\/\/easyoriginal.com\/en\/wp-json\/wp\/v2\/types\/product"}],"replies":[{"embeddable":true,"href":"https:\/\/easyoriginal.com\/en\/wp-json\/wp\/v2\/comments?post=14929"}],"wp:featuredmedia":[{"embeddable":true,"href":"https:\/\/easyoriginal.com\/en\/wp-json\/wp\/v2\/media\/14937"}],"wp:attachment":[{"href":"https:\/\/easyoriginal.com\/en\/wp-json\/wp\/v2\/media?parent=14929"}],"wp:term":[{"taxonomy":"product_brand","embeddable":true,"href":"https:\/\/easyoriginal.com\/en\/wp-json\/wp\/v2\/product_brand?post=14929"},{"taxonomy":"product_cat","embeddable":true,"href":"https:\/\/easyoriginal.com\/en\/wp-json\/wp\/v2\/product_cat?post=14929"},{"taxonomy":"product_tag","embeddable":true,"href":"https:\/\/easyoriginal.com\/en\/wp-json\/wp\/v2\/product_tag?post=14929"}],"curies":[{"name":"wp","href":"https:\/\/api.w.org\/{rel}","templated":true}]}}