{"id":14661,"date":"2024-12-20T13:53:42","date_gmt":"2024-12-20T12:53:42","guid":{"rendered":"https:\/\/easyoriginal.com\/?post_type=product&#038;p=14661"},"modified":"2026-03-31T16:45:15","modified_gmt":"2026-03-31T14:45:15","slug":"the-silenced-stitch-die-verstummte-naht","status":"publish","type":"product","link":"https:\/\/easyoriginal.com\/en\/shop\/modern-englisch-frank\/the-silenced-stitch-die-verstummte-naht\/","title":{"rendered":"The Silenced Stitch &#8211; Die verstummte Naht"},"content":{"rendered":"<div class=\"adapted-container\">\n<p class=\"Adapted\" lang=\"de-DE\">A Stitch in Time <span class=\"Translation\">(ein Stich zur rechten Zeit)<\/span><\/p>\n<p class=\"Adapted\" lang=\"de-DE\">The sun was setting over London&apos;s Hackney Wick <span class=\"Translation\">(die Sonne ging \u00fcber Londons Hackney Wick unte<\/span><span class=\"Translation\"><span class=\"No-Break\">r;<\/span><\/span><span class=\"Translation\"><span class=\"Comments\"> <\/span><\/span><span class=\"Translation\"><span class=\"Comment-Words\">to set<\/span><\/span><span class=\"Translation\"><span class=\"No-Break\"><span class=\"Comments\"> \u2014<\/span><\/span><\/span><span class=\"Translation\"><span class=\"Comments\"> untergehen, sinken<\/span><\/span><span class=\"Translation\">)<\/span>, casting long shadows across the old brick buildings <span class=\"Translation\">(lange Schatten \u00fcber die alten Backsteingeb\u00e4ude werfen<\/span><span class=\"Translation\"><span class=\"No-Break\">d;<\/span><\/span><span class=\"Translation\"><span class=\"Comments\"> <\/span><\/span><span class=\"Translation\"><span class=\"Comment-Words\">to cast<\/span><\/span><span class=\"Translation\"><span class=\"No-Break\"><span class=\"Comments\"> \u2014<\/span><\/span><\/span><span class=\"Translation\"><span class=\"Comments\"> werfen, schleudern<\/span><\/span><span class=\"Translation\">)<\/span>. Emma Parker hurried along the canal path <span class=\"Translation\">(Emma Parker eilte den Kanalweg entlan<\/span><span class=\"Translation\"><span class=\"No-Break\">g;<\/span><\/span><span class=\"Translation\"><span class=\"Comments\"> <\/span><\/span><span class=\"Translation\"><span class=\"Comment-Words\">to hurry<\/span><\/span><span class=\"Translation\"><span class=\"No-Break\"><span class=\"Comments\"> \u2014<\/span><\/span><\/span><span class=\"Translation\"><span class=\"Comments\"> sich beeilen, hasten<\/span><\/span><span class=\"Translation\">)<\/span>, her copper curls bouncing with each step <span class=\"Translation\">(ihre kupferfarbenen Locken h\u00fcpften bei jedem Schrit<\/span><span class=\"Translation\"><span class=\"No-Break\">t;<\/span><\/span><span class=\"Translation\"><span class=\"Comments\"> <\/span><\/span><span class=\"Translation\"><span class=\"Comment-Words\">copper<\/span><\/span><span class=\"Translation\"><span class=\"No-Break\"><span class=\"Comments\"> \u2014<\/span><\/span><\/span><span class=\"Translation\"><span class=\"Comments\"> Kupfe<\/span><\/span><span class=\"Translation\"><span class=\"No-Break\"><span class=\"Comments\">r;<\/span><\/span><\/span><span class=\"Translation\"><span class=\"Comments\"> <\/span><\/span><span class=\"Translation\"><span class=\"Comment-Words\">to bounce<\/span><\/span><span class=\"Translation\"><span class=\"No-Break\"><span class=\"Comments\"> \u2014<\/span><\/span><\/span><span class=\"Translation\"><span class=\"Comments\"> h\u00fcpfen, springen<\/span><\/span><span class=\"Translation\">)<\/span>. She clutched her battered leather satchel close <span class=\"Translation\">(sie dr\u00fcckte ihre abgewetzte Ledertasche fest an sic<\/span><span class=\"Translation\"><span class=\"No-Break\">h;<\/span><\/span><span class=\"Translation\"><span class=\"Comments\"> <\/span><\/span><span class=\"Translation\"><span class=\"Comment-Words\">to clutch<\/span><\/span><span class=\"Translation\"><span class=\"No-Break\"><span class=\"Comments\"> \u2014<\/span><\/span><\/span><span class=\"Translation\"><span class=\"Comments\"> packen, festhalte<\/span><\/span><span class=\"Translation\"><span class=\"No-Break\"><span class=\"Comments\">n;<\/span><\/span><\/span><span class=\"Translation\"><span class=\"Comments\"> <\/span><\/span><span class=\"Translation\"><span class=\"Comment-Words\">battered<\/span><\/span><span class=\"Translation\"><span class=\"No-Break\"><span class=\"Comments\"> \u2014<\/span><\/span><\/span><span class=\"Translation\"><span class=\"Comments\"> abgenutzt, ramponier<\/span><\/span><span class=\"Translation\"><span class=\"No-Break\"><span class=\"Comments\">t;<\/span><\/span><\/span><span class=\"Translation\"><span class=\"Comments\"> <\/span><\/span><span class=\"Translation\"><span class=\"Comment-Words\">satchel<\/span><\/span><span class=\"Translation\"><span class=\"No-Break\"><span class=\"Comments\"> \u2014<\/span><\/span><\/span><span class=\"Translation\"><span class=\"Comments\"> Schultasche, Umh\u00e4ngetasche<\/span><\/span><span class=\"Translation\">)<\/span>, feeling the familiar weight of her notebook and camera inside <span class=\"Translation\">(das vertraute Gewicht ihres Notizbuchs und ihrer Kamera darin sp\u00fcrend)<\/span>.<\/p>\n<\/div>\n<audio class=\"wp-audio-shortcode\" id=\"audio-14661-1\" preload=\"none\" style=\"width: 100%;\" controls=\"controls\"><source type=\"audio\/mpeg\" src=\"https:\/\/easyoriginal1.s3.eu-central-1.amazonaws.com\/englisch\/e76\/001.mp3?_=1\" \/><a href=\"https:\/\/easyoriginal1.s3.eu-central-1.amazonaws.com\/englisch\/e76\/001.mp3\">https:\/\/easyoriginal1.s3.eu-central-1.amazonaws.com\/englisch\/e76\/001.mp3<\/a><\/audio>\n<div class=\"original-container\">\n<p class=\"Original---keep\">The sun was setting over London\u2019s Hackney Wick, casting long shadows across the old brick buildings. Emma Parker hurried along the canal path, her copper curls bouncing with each step. She clutched her battered leather satchel close, feeling the familiar weight of her notebook and camera inside.<\/p>\n<\/div>","protected":false},"excerpt":{"rendered":"<p>Ein fesselnder Thriller aus der Welt der Haute Couture<br \/>\nIm Herzen der schillernden Londoner Modewelt wird ein bahnbrechendes Geheimnis geh\u00fctet &#8211; eines, f\u00fcr das manche bereit sind, \u00fcber Leichen zu gehen.<br \/>\nAls die vielversprechende Designerin Olivia Green tot in ihrem Atelier aufgefunden wird, wittert die ehrgeizige Journalistin Emma Parker mehr als nur einen tragischen Unfall. Ihre Nachforschungen f\u00fchren sie in die Abgr\u00fcnde einer Branche, in der der sch\u00f6ne Schein oft tr\u00fcgt.<br \/>\nEmma enth\u00fcllt ein Netzwerk aus L\u00fcgen, Verrat und Industriespionage. Im Mittelpunkt steht eine revolution\u00e4re Erfindung, die die Modewelt von Grund auf ver\u00e4ndern k\u00f6nnte. Doch einflussreiche Gegenspieler setzen alles daran, die Wahrheit im Verborgenen zu halten.<br \/>\nIn einem Wettlauf gegen die Zeit muss Emma Verb\u00fcndete finden, Verr\u00e4ter entlarven und ein t\u00f6dliches R\u00e4tsel l\u00f6sen. Dabei setzt sie nicht nur ihre Karriere, sondern auch ihr Leben aufs Spiel.<br \/>\nTauchen Sie ein in die erste packende Geschichte der &#8222;Threads of Deception&#8220; (&#8222;F\u00e4den der T\u00e4uschung&#8220;) Serie und lassen Sie sich von der Brandung der Spannung mitrei\u00dfen!<br \/>\nZweisprachiges Buch Englisch-Deutsch.<\/p>","protected":false},"featured_media":14689,"comment_status":"open","ping_status":"closed","template":"","meta":{"_acf_changed":false,"_et_pb_use_builder":"off","_et_pb_old_content":"<div class=\"adapted-container\">\r\n<p class=\"Adapted\"><span class=\"Bold\">Hace mucho tiempo que ten\u00eda ganas de escribir <\/span><span class=\"Translation\">(seit langer Zeit hatte ich Lust zu schreiben; <\/span><span class=\"Translation\"><span class=\"Comment-Words\">tener<\/span><\/span><span class=\"Translation\"><span class=\"Comments\"> \u2014 haben<\/span><\/span><span class=\"Translation\">)<\/span><span class=\"Bold\"> cualquier cosa con este t\u00edtulo <\/span><span class=\"Translation\">(irgendetwas mit diesem Titel)<\/span><span class=\"Bold\">.<\/span><\/p>\r\n<p class=\"Adapted\"><span class=\"Bold\">Hoy<a id=\"_idTextAnchor001\"><\/a>, que se me ha presentado ocasi\u00f3n <\/span><span class=\"Translation\">(heute, wo sich mir \/eine\/ Gelegenheit geboten hat; <\/span><span class=\"Translation\"><span class=\"Comment-Words\">presentar<\/span><\/span><span class=\"Translation\"><span class=\"Comments\"> \u2014 zeigen; vorstellen<\/span><\/span><span class=\"Translation\">)<\/span><span class=\"Bold\">, lo he puesto con letras grandes <\/span><span class=\"Translation\">(das habe ich in gro\u00dfen Buchstaben gesetzt = habe ich es in Gro\u00dfbuchstaben gesetzt; <\/span><span class=\"Translation\"><span class=\"Comment-Words\">poner<\/span><\/span><span class=\"Translation\"><span class=\"Comments\"> \u2014 setzen; stellen; legen<\/span><\/span><span class=\"Translation\">)<\/span><span class=\"Bold\"> en la primera cuartilla de papel <\/span><span class=\"Translation\">(auf das erste Blatt: \u00abauf das erste Viertelpapier\u00bb; <\/span><span class=\"Translation\"><span class=\"Comment-Words\">cuarto<\/span><\/span><span class=\"Translation\"><span class=\"Gender _idGenCharOverride-1\">m <\/span><\/span><span class=\"Translation\"><span class=\"Comments\">\u2014 Viertel<\/span><\/span><span class=\"Translation\">)<\/span><span class=\"Bold\">, y luego he dejado a capricho volar la pluma <\/span><span class=\"Translation\">(und dann habe ich nach Belieben die Feder fliegen lassen; <\/span><span class=\"Translation\"><span class=\"Comment-Words\">dejar<\/span><\/span><span class=\"Translation\"><span class=\"Comments\"> \u2014 lassen; <\/span><\/span><span class=\"Translation\"><span class=\"Comment-Words\">capricho<\/span><\/span><span class=\"Translation\"><span class=\"Gender _idGenCharOverride-1\">m <\/span><\/span><span class=\"Translation\"><span class=\"Comments\">\u2014 Laune<\/span><\/span><span class=\"Translation\">)<\/span><span class=\"Bold\">.<\/span><\/p>\r\n\r\n<\/div>\r\n[audio mp3=\"https:\/\/easyoriginal1.s3.eu-central-1.amazonaws.com\/spanisch\/s1\/1.mp3\"][\/audio]\r\n<div class=\"original-container\">\r\n<p class=\"Original\">Hace mucho tiempo que ten\u00eda ganas de escribir cualquier cosa con este t\u00edtulo.<\/p>\r\n<p class=\"Original\">Hoy, que se me ha presentado ocasi\u00f3n, lo he puesto con letras grandes en la primera cuartilla de papel, y luego he dejado a capricho volar la pluma.<\/p>\r\n\r\n<\/div>\r\n<a class=\"weiter\" href=\"\/webreader\/los-ojos-verdes\/fragment\/1-4-2\/\">weiter lesen<\/a>","_et_gb_content_width":""},"product_brand":[],"product_cat":[267],"product_tag":[164,81],"class_list":{"0":"post-14661","1":"product","2":"type-product","3":"status-publish","4":"has-post-thumbnail","6":"product_cat-modern-englisch-frank","7":"product_tag-anfaenger","8":"product_tag-krimi","10":"first","11":"instock","12":"taxable","13":"shipping-taxable","14":"purchasable","15":"product-type-variable"},"acf":[],"yoast_head":"<!-- This site is optimized with the Yoast SEO plugin v27.4 - https:\/\/yoast.com\/product\/yoast-seo-wordpress\/ -->\n<title>The Silenced Stitch - Die verstummte Naht - EasyOriginal.com<\/title>\n<meta name=\"robots\" content=\"index, follow, max-snippet:-1, max-image-preview:large, max-video-preview:-1\" \/>\n<link rel=\"canonical\" href=\"https:\/\/easyoriginal.com\/en\/shop\/modern-englisch-frank\/the-silenced-stitch-die-verstummte-naht\/\" \/>\n<meta property=\"og:locale\" content=\"en_GB\" \/>\n<meta property=\"og:type\" content=\"article\" \/>\n<meta property=\"og:title\" content=\"The Silenced Stitch - Die verstummte Naht - EasyOriginal.com\" \/>\n<meta property=\"og:description\" content=\"Ein fesselnder Thriller aus der Welt der Haute Couture Im Herzen der schillernden Londoner Modewelt wird ein bahnbrechendes Geheimnis geh\u00fctet - eines, f\u00fcr das manche bereit sind, \u00fcber Leichen zu gehen. Als die vielversprechende Designerin Olivia Green tot in ihrem Atelier aufgefunden wird, wittert die ehrgeizige Journalistin Emma Parker mehr als nur einen tragischen Unfall. Ihre Nachforschungen f\u00fchren sie in die Abgr\u00fcnde einer Branche, in der der sch\u00f6ne Schein oft tr\u00fcgt. Emma enth\u00fcllt ein Netzwerk aus L\u00fcgen, Verrat und Industriespionage. Im Mittelpunkt steht eine revolution\u00e4re Erfindung, die die Modewelt von Grund auf ver\u00e4ndern k\u00f6nnte. Doch einflussreiche Gegenspieler setzen alles daran, die Wahrheit im Verborgenen zu halten. In einem Wettlauf gegen die Zeit muss Emma Verb\u00fcndete finden, Verr\u00e4ter entlarven und ein t\u00f6dliches R\u00e4tsel l\u00f6sen. Dabei setzt sie nicht nur ihre Karriere, sondern auch ihr Leben aufs Spiel. Tauchen Sie ein in die erste packende Geschichte der &quot;Threads of Deception&quot; (&quot;F\u00e4den der T\u00e4uschung&quot;) Serie und lassen Sie sich von der Brandung der Spannung mitrei\u00dfen! Zweisprachiges Buch Englisch-Deutsch.\" \/>\n<meta property=\"og:url\" content=\"https:\/\/easyoriginal.com\/en\/shop\/modern-englisch-frank\/the-silenced-stitch-die-verstummte-naht\/\" \/>\n<meta property=\"og:site_name\" content=\"EasyOriginal.com\" \/>\n<meta property=\"article:modified_time\" content=\"2026-03-31T14:45:15+00:00\" \/>\n<meta property=\"og:image\" content=\"https:\/\/easyoriginal.com\/wp-content\/uploads\/The-Silenced-Stitch_printcover.jpg\" \/>\n\t<meta property=\"og:image:width\" content=\"1600\" \/>\n\t<meta property=\"og:image:height\" content=\"2400\" \/>\n\t<meta property=\"og:image:type\" content=\"image\/jpeg\" \/>\n<meta name=\"twitter:card\" content=\"summary_large_image\" \/>\n<meta name=\"twitter:label1\" content=\"Estimated reading time\" \/>\n\t<meta name=\"twitter:data1\" content=\"2 minutes\" \/>\n<script type=\"application\/ld+json\" class=\"yoast-schema-graph\">{\"@context\":\"https:\\\/\\\/schema.org\",\"@graph\":[{\"@type\":\"WebPage\",\"@id\":\"https:\\\/\\\/easyoriginal.com\\\/shop\\\/modern-englisch-frank\\\/the-silenced-stitch-die-verstummte-naht\\\/\",\"url\":\"https:\\\/\\\/easyoriginal.com\\\/shop\\\/modern-englisch-frank\\\/the-silenced-stitch-die-verstummte-naht\\\/\",\"name\":\"The Silenced Stitch - Die verstummte Naht - EasyOriginal.com\",\"isPartOf\":{\"@id\":\"https:\\\/\\\/easyoriginal.com\\\/#website\"},\"primaryImageOfPage\":{\"@id\":\"https:\\\/\\\/easyoriginal.com\\\/shop\\\/modern-englisch-frank\\\/the-silenced-stitch-die-verstummte-naht\\\/#primaryimage\"},\"image\":{\"@id\":\"https:\\\/\\\/easyoriginal.com\\\/shop\\\/modern-englisch-frank\\\/the-silenced-stitch-die-verstummte-naht\\\/#primaryimage\"},\"thumbnailUrl\":\"https:\\\/\\\/easyoriginal.com\\\/wp-content\\\/uploads\\\/The-Silenced-Stitch_printcover.jpg\",\"datePublished\":\"2024-12-20T12:53:42+00:00\",\"dateModified\":\"2026-03-31T14:45:15+00:00\",\"breadcrumb\":{\"@id\":\"https:\\\/\\\/easyoriginal.com\\\/shop\\\/modern-englisch-frank\\\/the-silenced-stitch-die-verstummte-naht\\\/#breadcrumb\"},\"inLanguage\":\"en-GB\",\"potentialAction\":[{\"@type\":\"ReadAction\",\"target\":[\"https:\\\/\\\/easyoriginal.com\\\/shop\\\/modern-englisch-frank\\\/the-silenced-stitch-die-verstummte-naht\\\/\"]}]},{\"@type\":\"ImageObject\",\"inLanguage\":\"en-GB\",\"@id\":\"https:\\\/\\\/easyoriginal.com\\\/shop\\\/modern-englisch-frank\\\/the-silenced-stitch-die-verstummte-naht\\\/#primaryimage\",\"url\":\"https:\\\/\\\/easyoriginal.com\\\/wp-content\\\/uploads\\\/The-Silenced-Stitch_printcover.jpg\",\"contentUrl\":\"https:\\\/\\\/easyoriginal.com\\\/wp-content\\\/uploads\\\/The-Silenced-Stitch_printcover.jpg\",\"width\":1600,\"height\":2400},{\"@type\":\"BreadcrumbList\",\"@id\":\"https:\\\/\\\/easyoriginal.com\\\/shop\\\/modern-englisch-frank\\\/the-silenced-stitch-die-verstummte-naht\\\/#breadcrumb\",\"itemListElement\":[{\"@type\":\"ListItem\",\"position\":1,\"name\":\"Startseite\",\"item\":\"https:\\\/\\\/easyoriginal.com\\\/\"},{\"@type\":\"ListItem\",\"position\":2,\"name\":\"Shop\",\"item\":\"https:\\\/\\\/easyoriginal.com\\\/shop\\\/\"},{\"@type\":\"ListItem\",\"position\":3,\"name\":\"The Silenced Stitch &#8211; Die verstummte Naht\"}]},{\"@type\":\"WebSite\",\"@id\":\"https:\\\/\\\/easyoriginal.com\\\/#website\",\"url\":\"https:\\\/\\\/easyoriginal.com\\\/\",\"name\":\"EasyOriginal.com\",\"description\":\"Spa\u00df am Lesen im Original - Innovative Lesemethode f\u00fcr Fremdsprachen\",\"publisher\":{\"@id\":\"https:\\\/\\\/easyoriginal.com\\\/#organization\"},\"potentialAction\":[{\"@type\":\"SearchAction\",\"target\":{\"@type\":\"EntryPoint\",\"urlTemplate\":\"https:\\\/\\\/easyoriginal.com\\\/?s={search_term_string}\"},\"query-input\":{\"@type\":\"PropertyValueSpecification\",\"valueRequired\":true,\"valueName\":\"search_term_string\"}}],\"inLanguage\":\"en-GB\"},{\"@type\":\"Organization\",\"@id\":\"https:\\\/\\\/easyoriginal.com\\\/#organization\",\"name\":\"EasyOriginal Verlag\",\"url\":\"https:\\\/\\\/easyoriginal.com\\\/\",\"logo\":{\"@type\":\"ImageObject\",\"inLanguage\":\"en-GB\",\"@id\":\"https:\\\/\\\/easyoriginal.com\\\/#\\\/schema\\\/logo\\\/image\\\/\",\"url\":\"https:\\\/\\\/easyoriginal.com\\\/wp-content\\\/uploads\\\/2020\\\/08\\\/logo_main.png\",\"contentUrl\":\"https:\\\/\\\/easyoriginal.com\\\/wp-content\\\/uploads\\\/2020\\\/08\\\/logo_main.png\",\"width\":500,\"height\":103,\"caption\":\"EasyOriginal Verlag\"},\"image\":{\"@id\":\"https:\\\/\\\/easyoriginal.com\\\/#\\\/schema\\\/logo\\\/image\\\/\"}}]}<\/script>\n<!-- \/ Yoast SEO plugin. -->","yoast_head_json":{"title":"The Silenced Stitch - Die verstummte Naht - EasyOriginal.com","robots":{"index":"index","follow":"follow","max-snippet":"max-snippet:-1","max-image-preview":"max-image-preview:large","max-video-preview":"max-video-preview:-1"},"canonical":"https:\/\/easyoriginal.com\/en\/shop\/modern-englisch-frank\/the-silenced-stitch-die-verstummte-naht\/","og_locale":"en_GB","og_type":"article","og_title":"The Silenced Stitch - Die verstummte Naht - EasyOriginal.com","og_description":"Ein fesselnder Thriller aus der Welt der Haute Couture Im Herzen der schillernden Londoner Modewelt wird ein bahnbrechendes Geheimnis geh\u00fctet - eines, f\u00fcr das manche bereit sind, \u00fcber Leichen zu gehen. Als die vielversprechende Designerin Olivia Green tot in ihrem Atelier aufgefunden wird, wittert die ehrgeizige Journalistin Emma Parker mehr als nur einen tragischen Unfall. Ihre Nachforschungen f\u00fchren sie in die Abgr\u00fcnde einer Branche, in der der sch\u00f6ne Schein oft tr\u00fcgt. Emma enth\u00fcllt ein Netzwerk aus L\u00fcgen, Verrat und Industriespionage. Im Mittelpunkt steht eine revolution\u00e4re Erfindung, die die Modewelt von Grund auf ver\u00e4ndern k\u00f6nnte. Doch einflussreiche Gegenspieler setzen alles daran, die Wahrheit im Verborgenen zu halten. In einem Wettlauf gegen die Zeit muss Emma Verb\u00fcndete finden, Verr\u00e4ter entlarven und ein t\u00f6dliches R\u00e4tsel l\u00f6sen. Dabei setzt sie nicht nur ihre Karriere, sondern auch ihr Leben aufs Spiel. Tauchen Sie ein in die erste packende Geschichte der \"Threads of Deception\" (\"F\u00e4den der T\u00e4uschung\") Serie und lassen Sie sich von der Brandung der Spannung mitrei\u00dfen! Zweisprachiges Buch Englisch-Deutsch.","og_url":"https:\/\/easyoriginal.com\/en\/shop\/modern-englisch-frank\/the-silenced-stitch-die-verstummte-naht\/","og_site_name":"EasyOriginal.com","article_modified_time":"2026-03-31T14:45:15+00:00","og_image":[{"width":1600,"height":2400,"url":"https:\/\/easyoriginal.com\/wp-content\/uploads\/The-Silenced-Stitch_printcover.jpg","type":"image\/jpeg"}],"twitter_card":"summary_large_image","twitter_misc":{"Estimated reading time":"2 minutes"},"schema":{"@context":"https:\/\/schema.org","@graph":[{"@type":"WebPage","@id":"https:\/\/easyoriginal.com\/shop\/modern-englisch-frank\/the-silenced-stitch-die-verstummte-naht\/","url":"https:\/\/easyoriginal.com\/shop\/modern-englisch-frank\/the-silenced-stitch-die-verstummte-naht\/","name":"The Silenced Stitch - Die verstummte Naht - EasyOriginal.com","isPartOf":{"@id":"https:\/\/easyoriginal.com\/#website"},"primaryImageOfPage":{"@id":"https:\/\/easyoriginal.com\/shop\/modern-englisch-frank\/the-silenced-stitch-die-verstummte-naht\/#primaryimage"},"image":{"@id":"https:\/\/easyoriginal.com\/shop\/modern-englisch-frank\/the-silenced-stitch-die-verstummte-naht\/#primaryimage"},"thumbnailUrl":"https:\/\/easyoriginal.com\/wp-content\/uploads\/The-Silenced-Stitch_printcover.jpg","datePublished":"2024-12-20T12:53:42+00:00","dateModified":"2026-03-31T14:45:15+00:00","breadcrumb":{"@id":"https:\/\/easyoriginal.com\/shop\/modern-englisch-frank\/the-silenced-stitch-die-verstummte-naht\/#breadcrumb"},"inLanguage":"en-GB","potentialAction":[{"@type":"ReadAction","target":["https:\/\/easyoriginal.com\/shop\/modern-englisch-frank\/the-silenced-stitch-die-verstummte-naht\/"]}]},{"@type":"ImageObject","inLanguage":"en-GB","@id":"https:\/\/easyoriginal.com\/shop\/modern-englisch-frank\/the-silenced-stitch-die-verstummte-naht\/#primaryimage","url":"https:\/\/easyoriginal.com\/wp-content\/uploads\/The-Silenced-Stitch_printcover.jpg","contentUrl":"https:\/\/easyoriginal.com\/wp-content\/uploads\/The-Silenced-Stitch_printcover.jpg","width":1600,"height":2400},{"@type":"BreadcrumbList","@id":"https:\/\/easyoriginal.com\/shop\/modern-englisch-frank\/the-silenced-stitch-die-verstummte-naht\/#breadcrumb","itemListElement":[{"@type":"ListItem","position":1,"name":"Startseite","item":"https:\/\/easyoriginal.com\/"},{"@type":"ListItem","position":2,"name":"Shop","item":"https:\/\/easyoriginal.com\/shop\/"},{"@type":"ListItem","position":3,"name":"The Silenced Stitch &#8211; Die verstummte Naht"}]},{"@type":"WebSite","@id":"https:\/\/easyoriginal.com\/#website","url":"https:\/\/easyoriginal.com\/","name":"EasyOriginal.com","description":"Spa\u00df am Lesen im Original - Innovative Lesemethode f\u00fcr Fremdsprachen","publisher":{"@id":"https:\/\/easyoriginal.com\/#organization"},"potentialAction":[{"@type":"SearchAction","target":{"@type":"EntryPoint","urlTemplate":"https:\/\/easyoriginal.com\/?s={search_term_string}"},"query-input":{"@type":"PropertyValueSpecification","valueRequired":true,"valueName":"search_term_string"}}],"inLanguage":"en-GB"},{"@type":"Organization","@id":"https:\/\/easyoriginal.com\/#organization","name":"EasyOriginal Verlag","url":"https:\/\/easyoriginal.com\/","logo":{"@type":"ImageObject","inLanguage":"en-GB","@id":"https:\/\/easyoriginal.com\/#\/schema\/logo\/image\/","url":"https:\/\/easyoriginal.com\/wp-content\/uploads\/2020\/08\/logo_main.png","contentUrl":"https:\/\/easyoriginal.com\/wp-content\/uploads\/2020\/08\/logo_main.png","width":500,"height":103,"caption":"EasyOriginal Verlag"},"image":{"@id":"https:\/\/easyoriginal.com\/#\/schema\/logo\/image\/"}}]}},"_links":{"self":[{"href":"https:\/\/easyoriginal.com\/en\/wp-json\/wp\/v2\/product\/14661","targetHints":{"allow":["GET"]}}],"collection":[{"href":"https:\/\/easyoriginal.com\/en\/wp-json\/wp\/v2\/product"}],"about":[{"href":"https:\/\/easyoriginal.com\/en\/wp-json\/wp\/v2\/types\/product"}],"replies":[{"embeddable":true,"href":"https:\/\/easyoriginal.com\/en\/wp-json\/wp\/v2\/comments?post=14661"}],"wp:featuredmedia":[{"embeddable":true,"href":"https:\/\/easyoriginal.com\/en\/wp-json\/wp\/v2\/media\/14689"}],"wp:attachment":[{"href":"https:\/\/easyoriginal.com\/en\/wp-json\/wp\/v2\/media?parent=14661"}],"wp:term":[{"taxonomy":"product_brand","embeddable":true,"href":"https:\/\/easyoriginal.com\/en\/wp-json\/wp\/v2\/product_brand?post=14661"},{"taxonomy":"product_cat","embeddable":true,"href":"https:\/\/easyoriginal.com\/en\/wp-json\/wp\/v2\/product_cat?post=14661"},{"taxonomy":"product_tag","embeddable":true,"href":"https:\/\/easyoriginal.com\/en\/wp-json\/wp\/v2\/product_tag?post=14661"}],"curies":[{"name":"wp","href":"https:\/\/api.w.org\/{rel}","templated":true}]}}