{"id":14650,"date":"2024-12-20T13:44:51","date_gmt":"2024-12-20T12:44:51","guid":{"rendered":"https:\/\/easyoriginal.com\/?post_type=product&#038;p=14650"},"modified":"2026-01-14T09:53:56","modified_gmt":"2026-01-14T08:53:56","slug":"the-whispering-petals-die-fluesternden-bluetenblaetter","status":"publish","type":"product","link":"https:\/\/easyoriginal.com\/en\/shop\/modern-englisch-frank\/the-whispering-petals-die-fluesternden-bluetenblaetter\/","title":{"rendered":"The Whispering Petals &#8211; Die Fl\u00fcsternden Bl\u00fctenbl\u00e4tter"},"content":{"rendered":"<div class=\"adapted-container\">\n<p class=\"Adapted\" lang=\"de-DE\">A Peculiar Discovery <span class=\"Translation\">(eine eigenartige Entdeckung)<\/span><\/p>\n<p class=\"Adapted\" lang=\"de-DE\">The crisp autumn air carried the sweet scent of late-blooming roses <span class=\"Translation\">(die knackige Herbstluft trug den s\u00fc\u00dfen Duft sp\u00e4tbl\u00fchender Rose<\/span><span class=\"Translation\"><span class=\"No-Break\">n;<\/span><\/span><span class=\"Translation\"><span class=\"Comments\"> <\/span><\/span><span class=\"Translation\"><span class=\"Comment-Words\">crisp<\/span><\/span><span class=\"Translation\"><span class=\"No-Break\"><span class=\"Comments\"> \u2014<\/span><\/span><\/span><span class=\"Translation\"><span class=\"Comments\"> knackig, knuspri<\/span><\/span><span class=\"Translation\"><span class=\"No-Break\"><span class=\"Comments\">g;<\/span><\/span><\/span><span class=\"Translation\"><span class=\"Comments\"> <\/span><\/span><span class=\"Translation\"><span class=\"Comment-Words\">to carry<\/span><\/span><span class=\"Translation\"><span class=\"No-Break\"><span class=\"Comments\"> \u2014<\/span><\/span><\/span><span class=\"Translation\"><span class=\"Comments\"> tragen, bef\u00f6rder<\/span><\/span><span class=\"Translation\"><span class=\"No-Break\"><span class=\"Comments\">n;<\/span><\/span><\/span><span class=\"Translation\"><span class=\"Comments\"> <\/span><\/span><span class=\"Translation\"><span class=\"Comment-Words\">scent<\/span><\/span><span class=\"Translation\"><span class=\"No-Break\"><span class=\"Comments\"> \u2014<\/span><\/span><\/span><span class=\"Translation\"><span class=\"Comments\"> Geruch, Duf<\/span><\/span><span class=\"Translation\"><span class=\"No-Break\"><span class=\"Comments\">t;<\/span><\/span><\/span><span class=\"Translation\"><span class=\"Comments\"> <\/span><\/span><span class=\"Translation\"><span class=\"Comment-Words\">late-blooming<\/span><\/span><span class=\"Translation\"><span class=\"No-Break\"><span class=\"Comments\"> \u2014<\/span><\/span><\/span><span class=\"Translation\"><span class=\"Comments\"> sp\u00e4tbl\u00fchend<\/span><\/span><span class=\"Translation\">)<\/span> as Dr. Barnaby Thorne made his way through the sprawling gardens of Hampton Court Palace <span class=\"Translation\">(als Dr. Barnaby Thorne sich seinen Weg durch die weitl\u00e4ufigen G\u00e4rten des Hampton Court Palastes bahnt<\/span><span class=\"Translation\"><span class=\"No-Break\">e;<\/span><\/span><span class=\"Translation\"><span class=\"Comments\"> <\/span><\/span><span class=\"Translation\"><span class=\"Comment-Words\">to make one&apos;s way<\/span><\/span><span class=\"Translation\"><span class=\"No-Break\"><span class=\"Comments\"> \u2014<\/span><\/span><\/span><span class=\"Translation\"><span class=\"Comments\"> sich einen Weg bahne<\/span><\/span><span class=\"Translation\"><span class=\"No-Break\"><span class=\"Comments\">n;<\/span><\/span><\/span><span class=\"Translation\"><span class=\"Comments\"> <\/span><\/span><span class=\"Translation\"><span class=\"Comment-Words\">sprawling<\/span><\/span><span class=\"Translation\"><span class=\"No-Break\"><span class=\"Comments\"> \u2014<\/span><\/span><\/span><span class=\"Translation\"><span class=\"Comments\"> weitl\u00e4ufig, ausgedehnt<\/span><\/span><span class=\"Translation\">)<\/span>. The year was 1585 <span class=\"Translation\">(das Jahr war 1585)<\/span>, and the grand Tudor residence bustled with activity <span class=\"Translation\">(und die pr\u00e4chtige Tudorresidenz summte vor Aktivit\u00e4<\/span><span class=\"Translation\"><span class=\"No-Break\">t;<\/span><\/span><span class=\"Translation\"><span class=\"Comments\"> <\/span><\/span><span class=\"Translation\"><span class=\"Comment-Words\">to bustle<\/span><\/span><span class=\"Translation\"><span class=\"No-Break\"><span class=\"Comments\"> \u2014<\/span><\/span><\/span><span class=\"Translation\"><span class=\"Comments\"> wimmeln, summe<\/span><\/span><span class=\"Translation\"><span class=\"No-Break\"><span class=\"Comments\">n;<\/span><\/span><\/span><span class=\"Translation\"><span class=\"Comments\"> <\/span><\/span><span class=\"Translation\"><span class=\"Comment-Words\">residence<\/span><\/span><span class=\"Translation\"><span class=\"No-Break\"><span class=\"Comments\"> \u2014<\/span><\/span><\/span><span class=\"Translation\"><span class=\"Comments\"> Wohnsitz, Residenz<\/span><\/span><span class=\"Translation\">)<\/span> as courtiers and servants alike prepared for another day in the court of Queen Elizabeth I <span class=\"Translation\">(als H\u00f6flinge und Diener sich gleicherma\u00dfen auf einen weiteren Tag am Hofe von K\u00f6nigin Elisabeth I. vorbereiteten<\/span><span class=\"Translation\"><span class=\"Comment-Words\">alike<\/span><\/span><span class=\"Translation\"><span class=\"No-Break\"><span class=\"Comments\"> \u2014<\/span><\/span><\/span><span class=\"Translation\"><span class=\"Comments\"> gleich, \u00e4hnlich<\/span><\/span><span class=\"Translation\">)<\/span>.<\/p>\n<\/div>\n<audio class=\"wp-audio-shortcode\" id=\"audio-14650-1\" preload=\"none\" style=\"width: 100%;\" controls=\"controls\"><source type=\"audio\/mpeg\" src=\"https:\/\/easyoriginal1.s3.eu-central-1.amazonaws.com\/englisch\/e75\/001.mp3?_=1\" \/><a href=\"https:\/\/easyoriginal1.s3.eu-central-1.amazonaws.com\/englisch\/e75\/001.mp3\">https:\/\/easyoriginal1.s3.eu-central-1.amazonaws.com\/englisch\/e75\/001.mp3<\/a><\/audio>\n<div class=\"original-container\">\n<p class=\"Original\">The crisp autumn air carried the sweet scent of late-blooming roses as Dr. Barnaby Thorne made his way through the sprawling gardens of Hampton Court Palace. The year was 1585, and the grand Tudor residence bustled with activity as courtiers and servants alike prepared for another day in the court of Queen Elizabeth I.<\/p>\n<\/div>","protected":false},"excerpt":{"rendered":"<p>Ein faszinierender historischer Thriller aus der Tudor-Zeit<br \/>\nHampton Court Palace, 1585: Dr. Barnaby Thorne macht eine unheimliche Entdeckung im Rosengarten der K\u00f6nigin Elizabeth I. &#8211; eine verschl\u00fcsselte Botschaft aus Rosenbl\u00e4ttern. Gemeinsam mit der klugen Lady Cecily Knollys ger\u00e4t er in ein gef\u00e4hrliches Netz aus Intrigen, das die Krone bedroht.<br \/>\nAls eine Hofdame vergiftet wird, \u00fcberschlagen sich die Ereignisse. Barnaby und Cecily m\u00fcssen einen t\u00f6dlichen Plan vereiteln, bevor es zu sp\u00e4t ist. Doch wem k\u00f6nnen sie in der tr\u00fcgerischen Welt des Tudor-Hofes noch trauen?<br \/>\nTauchen Sie ein in eine Welt voller Geheimnisse, Verrat und verbotener Leidenschaften. Folgen Sie Barnaby und Cecily bei ihrer gef\u00e4hrlichen Suche nach der Wahrheit durch die prunkvollen Hallen und verborgenen G\u00e4nge von Hampton Court.<br \/>\nEin packender historischer Thriller, der Sie bis zur letzten Seite in Atem halten wird. K\u00f6nnen Barnaby und Cecily das Leben der K\u00f6nigin retten und die Verschw\u00f6rung aufdecken? Das spannende Finale wird Sie \u00fcberraschen!<br \/>\nTauchen Sie ein in die erste packende Geschichte der &#8222;The Tudor Rose Riddles&#8220; Serie und lassen Sie sich von der Brandung der Spannung mitrei\u00dfen!<br \/>\nZweisprachiges Buch Englisch-Deutsch.<\/p>","protected":false},"featured_media":14657,"comment_status":"open","ping_status":"closed","template":"","meta":{"_acf_changed":false,"_et_pb_use_builder":"off","_et_pb_old_content":"<div class=\"adapted-container\">\r\n<p class=\"Adapted\"><span class=\"Bold\">Hace mucho tiempo que ten\u00eda ganas de escribir <\/span><span class=\"Translation\">(seit langer Zeit hatte ich Lust zu schreiben; <\/span><span class=\"Translation\"><span class=\"Comment-Words\">tener<\/span><\/span><span class=\"Translation\"><span class=\"Comments\"> \u2014 haben<\/span><\/span><span class=\"Translation\">)<\/span><span class=\"Bold\"> cualquier cosa con este t\u00edtulo <\/span><span class=\"Translation\">(irgendetwas mit diesem Titel)<\/span><span class=\"Bold\">.<\/span><\/p>\r\n<p class=\"Adapted\"><span class=\"Bold\">Hoy<a id=\"_idTextAnchor001\"><\/a>, que se me ha presentado ocasi\u00f3n <\/span><span class=\"Translation\">(heute, wo sich mir \/eine\/ Gelegenheit geboten hat; <\/span><span class=\"Translation\"><span class=\"Comment-Words\">presentar<\/span><\/span><span class=\"Translation\"><span class=\"Comments\"> \u2014 zeigen; vorstellen<\/span><\/span><span class=\"Translation\">)<\/span><span class=\"Bold\">, lo he puesto con letras grandes <\/span><span class=\"Translation\">(das habe ich in gro\u00dfen Buchstaben gesetzt = habe ich es in Gro\u00dfbuchstaben gesetzt; <\/span><span class=\"Translation\"><span class=\"Comment-Words\">poner<\/span><\/span><span class=\"Translation\"><span class=\"Comments\"> \u2014 setzen; stellen; legen<\/span><\/span><span class=\"Translation\">)<\/span><span class=\"Bold\"> en la primera cuartilla de papel <\/span><span class=\"Translation\">(auf das erste Blatt: \u00abauf das erste Viertelpapier\u00bb; <\/span><span class=\"Translation\"><span class=\"Comment-Words\">cuarto<\/span><\/span><span class=\"Translation\"><span class=\"Gender _idGenCharOverride-1\">m <\/span><\/span><span class=\"Translation\"><span class=\"Comments\">\u2014 Viertel<\/span><\/span><span class=\"Translation\">)<\/span><span class=\"Bold\">, y luego he dejado a capricho volar la pluma <\/span><span class=\"Translation\">(und dann habe ich nach Belieben die Feder fliegen lassen; <\/span><span class=\"Translation\"><span class=\"Comment-Words\">dejar<\/span><\/span><span class=\"Translation\"><span class=\"Comments\"> \u2014 lassen; <\/span><\/span><span class=\"Translation\"><span class=\"Comment-Words\">capricho<\/span><\/span><span class=\"Translation\"><span class=\"Gender _idGenCharOverride-1\">m <\/span><\/span><span class=\"Translation\"><span class=\"Comments\">\u2014 Laune<\/span><\/span><span class=\"Translation\">)<\/span><span class=\"Bold\">.<\/span><\/p>\r\n\r\n<\/div>\r\n[audio mp3=\"https:\/\/easyoriginal1.s3.eu-central-1.amazonaws.com\/spanisch\/s1\/1.mp3\"][\/audio]\r\n<div class=\"original-container\">\r\n<p class=\"Original\">Hace mucho tiempo que ten\u00eda ganas de escribir cualquier cosa con este t\u00edtulo.<\/p>\r\n<p class=\"Original\">Hoy, que se me ha presentado ocasi\u00f3n, lo he puesto con letras grandes en la primera cuartilla de papel, y luego he dejado a capricho volar la pluma.<\/p>\r\n\r\n<\/div>\r\n<a class=\"weiter\" href=\"\/webreader\/los-ojos-verdes\/fragment\/1-4-2\/\">weiter lesen<\/a>","_et_gb_content_width":""},"product_brand":[],"product_cat":[267],"product_tag":[164,81],"class_list":{"0":"post-14650","1":"product","2":"type-product","3":"status-publish","4":"has-post-thumbnail","6":"product_cat-modern-englisch-frank","7":"product_tag-anfaenger","8":"product_tag-krimi","10":"first","11":"instock","12":"taxable","13":"shipping-taxable","14":"purchasable","15":"product-type-variable"},"acf":[],"yoast_head":"<!-- This site is optimized with the Yoast SEO plugin v27.3 - https:\/\/yoast.com\/product\/yoast-seo-wordpress\/ -->\n<title>The Whispering Petals - Die Fl\u00fcsternden Bl\u00fctenbl\u00e4tter - EasyOriginal.com<\/title>\n<meta name=\"robots\" content=\"index, follow, max-snippet:-1, max-image-preview:large, max-video-preview:-1\" \/>\n<link rel=\"canonical\" href=\"https:\/\/easyoriginal.com\/en\/shop\/modern-englisch-frank\/the-whispering-petals-die-fluesternden-bluetenblaetter\/\" \/>\n<meta property=\"og:locale\" content=\"en_GB\" \/>\n<meta property=\"og:type\" content=\"article\" \/>\n<meta property=\"og:title\" content=\"The Whispering Petals - Die Fl\u00fcsternden Bl\u00fctenbl\u00e4tter - EasyOriginal.com\" \/>\n<meta property=\"og:description\" content=\"Ein faszinierender historischer Thriller aus der Tudor-Zeit Hampton Court Palace, 1585: Dr. Barnaby Thorne macht eine unheimliche Entdeckung im Rosengarten der K\u00f6nigin Elizabeth I. - eine verschl\u00fcsselte Botschaft aus Rosenbl\u00e4ttern. Gemeinsam mit der klugen Lady Cecily Knollys ger\u00e4t er in ein gef\u00e4hrliches Netz aus Intrigen, das die Krone bedroht. Als eine Hofdame vergiftet wird, \u00fcberschlagen sich die Ereignisse. Barnaby und Cecily m\u00fcssen einen t\u00f6dlichen Plan vereiteln, bevor es zu sp\u00e4t ist. Doch wem k\u00f6nnen sie in der tr\u00fcgerischen Welt des Tudor-Hofes noch trauen? Tauchen Sie ein in eine Welt voller Geheimnisse, Verrat und verbotener Leidenschaften. Folgen Sie Barnaby und Cecily bei ihrer gef\u00e4hrlichen Suche nach der Wahrheit durch die prunkvollen Hallen und verborgenen G\u00e4nge von Hampton Court. Ein packender historischer Thriller, der Sie bis zur letzten Seite in Atem halten wird. K\u00f6nnen Barnaby und Cecily das Leben der K\u00f6nigin retten und die Verschw\u00f6rung aufdecken? Das spannende Finale wird Sie \u00fcberraschen! Tauchen Sie ein in die erste packende Geschichte der &quot;The Tudor Rose Riddles&quot; Serie und lassen Sie sich von der Brandung der Spannung mitrei\u00dfen! Zweisprachiges Buch Englisch-Deutsch.\" \/>\n<meta property=\"og:url\" content=\"https:\/\/easyoriginal.com\/en\/shop\/modern-englisch-frank\/the-whispering-petals-die-fluesternden-bluetenblaetter\/\" \/>\n<meta property=\"og:site_name\" content=\"EasyOriginal.com\" \/>\n<meta property=\"article:modified_time\" content=\"2026-01-14T08:53:56+00:00\" \/>\n<meta property=\"og:image\" content=\"https:\/\/easyoriginal.com\/wp-content\/uploads\/The-Whispering-Petals_printcover.jpg\" \/>\n\t<meta property=\"og:image:width\" content=\"1600\" \/>\n\t<meta property=\"og:image:height\" content=\"2400\" \/>\n\t<meta property=\"og:image:type\" content=\"image\/jpeg\" \/>\n<meta name=\"twitter:card\" content=\"summary_large_image\" \/>\n<meta name=\"twitter:label1\" content=\"Estimated reading time\" \/>\n\t<meta name=\"twitter:data1\" content=\"2 minutes\" \/>\n<script type=\"application\/ld+json\" class=\"yoast-schema-graph\">{\"@context\":\"https:\\\/\\\/schema.org\",\"@graph\":[{\"@type\":\"WebPage\",\"@id\":\"https:\\\/\\\/easyoriginal.com\\\/shop\\\/modern-englisch-frank\\\/the-whispering-petals-die-fluesternden-bluetenblaetter\\\/\",\"url\":\"https:\\\/\\\/easyoriginal.com\\\/shop\\\/modern-englisch-frank\\\/the-whispering-petals-die-fluesternden-bluetenblaetter\\\/\",\"name\":\"The Whispering Petals - Die Fl\u00fcsternden Bl\u00fctenbl\u00e4tter - EasyOriginal.com\",\"isPartOf\":{\"@id\":\"https:\\\/\\\/easyoriginal.com\\\/#website\"},\"primaryImageOfPage\":{\"@id\":\"https:\\\/\\\/easyoriginal.com\\\/shop\\\/modern-englisch-frank\\\/the-whispering-petals-die-fluesternden-bluetenblaetter\\\/#primaryimage\"},\"image\":{\"@id\":\"https:\\\/\\\/easyoriginal.com\\\/shop\\\/modern-englisch-frank\\\/the-whispering-petals-die-fluesternden-bluetenblaetter\\\/#primaryimage\"},\"thumbnailUrl\":\"https:\\\/\\\/easyoriginal.com\\\/wp-content\\\/uploads\\\/The-Whispering-Petals_printcover.jpg\",\"datePublished\":\"2024-12-20T12:44:51+00:00\",\"dateModified\":\"2026-01-14T08:53:56+00:00\",\"breadcrumb\":{\"@id\":\"https:\\\/\\\/easyoriginal.com\\\/shop\\\/modern-englisch-frank\\\/the-whispering-petals-die-fluesternden-bluetenblaetter\\\/#breadcrumb\"},\"inLanguage\":\"en-GB\",\"potentialAction\":[{\"@type\":\"ReadAction\",\"target\":[\"https:\\\/\\\/easyoriginal.com\\\/shop\\\/modern-englisch-frank\\\/the-whispering-petals-die-fluesternden-bluetenblaetter\\\/\"]}]},{\"@type\":\"ImageObject\",\"inLanguage\":\"en-GB\",\"@id\":\"https:\\\/\\\/easyoriginal.com\\\/shop\\\/modern-englisch-frank\\\/the-whispering-petals-die-fluesternden-bluetenblaetter\\\/#primaryimage\",\"url\":\"https:\\\/\\\/easyoriginal.com\\\/wp-content\\\/uploads\\\/The-Whispering-Petals_printcover.jpg\",\"contentUrl\":\"https:\\\/\\\/easyoriginal.com\\\/wp-content\\\/uploads\\\/The-Whispering-Petals_printcover.jpg\",\"width\":1600,\"height\":2400},{\"@type\":\"BreadcrumbList\",\"@id\":\"https:\\\/\\\/easyoriginal.com\\\/shop\\\/modern-englisch-frank\\\/the-whispering-petals-die-fluesternden-bluetenblaetter\\\/#breadcrumb\",\"itemListElement\":[{\"@type\":\"ListItem\",\"position\":1,\"name\":\"Startseite\",\"item\":\"https:\\\/\\\/easyoriginal.com\\\/\"},{\"@type\":\"ListItem\",\"position\":2,\"name\":\"Shop\",\"item\":\"https:\\\/\\\/easyoriginal.com\\\/shop\\\/\"},{\"@type\":\"ListItem\",\"position\":3,\"name\":\"The Whispering Petals &#8211; Die Fl\u00fcsternden Bl\u00fctenbl\u00e4tter\"}]},{\"@type\":\"WebSite\",\"@id\":\"https:\\\/\\\/easyoriginal.com\\\/#website\",\"url\":\"https:\\\/\\\/easyoriginal.com\\\/\",\"name\":\"EasyOriginal.com\",\"description\":\"Spa\u00df am Lesen im Original - Innovative Lesemethode f\u00fcr Fremdsprachen\",\"publisher\":{\"@id\":\"https:\\\/\\\/easyoriginal.com\\\/#organization\"},\"potentialAction\":[{\"@type\":\"SearchAction\",\"target\":{\"@type\":\"EntryPoint\",\"urlTemplate\":\"https:\\\/\\\/easyoriginal.com\\\/?s={search_term_string}\"},\"query-input\":{\"@type\":\"PropertyValueSpecification\",\"valueRequired\":true,\"valueName\":\"search_term_string\"}}],\"inLanguage\":\"en-GB\"},{\"@type\":\"Organization\",\"@id\":\"https:\\\/\\\/easyoriginal.com\\\/#organization\",\"name\":\"EasyOriginal Verlag\",\"url\":\"https:\\\/\\\/easyoriginal.com\\\/\",\"logo\":{\"@type\":\"ImageObject\",\"inLanguage\":\"en-GB\",\"@id\":\"https:\\\/\\\/easyoriginal.com\\\/#\\\/schema\\\/logo\\\/image\\\/\",\"url\":\"https:\\\/\\\/easyoriginal.com\\\/wp-content\\\/uploads\\\/2020\\\/08\\\/logo_main.png\",\"contentUrl\":\"https:\\\/\\\/easyoriginal.com\\\/wp-content\\\/uploads\\\/2020\\\/08\\\/logo_main.png\",\"width\":500,\"height\":103,\"caption\":\"EasyOriginal Verlag\"},\"image\":{\"@id\":\"https:\\\/\\\/easyoriginal.com\\\/#\\\/schema\\\/logo\\\/image\\\/\"}}]}<\/script>\n<!-- \/ Yoast SEO plugin. -->","yoast_head_json":{"title":"The Whispering Petals - Die Fl\u00fcsternden Bl\u00fctenbl\u00e4tter - EasyOriginal.com","robots":{"index":"index","follow":"follow","max-snippet":"max-snippet:-1","max-image-preview":"max-image-preview:large","max-video-preview":"max-video-preview:-1"},"canonical":"https:\/\/easyoriginal.com\/en\/shop\/modern-englisch-frank\/the-whispering-petals-die-fluesternden-bluetenblaetter\/","og_locale":"en_GB","og_type":"article","og_title":"The Whispering Petals - Die Fl\u00fcsternden Bl\u00fctenbl\u00e4tter - EasyOriginal.com","og_description":"Ein faszinierender historischer Thriller aus der Tudor-Zeit Hampton Court Palace, 1585: Dr. Barnaby Thorne macht eine unheimliche Entdeckung im Rosengarten der K\u00f6nigin Elizabeth I. - eine verschl\u00fcsselte Botschaft aus Rosenbl\u00e4ttern. Gemeinsam mit der klugen Lady Cecily Knollys ger\u00e4t er in ein gef\u00e4hrliches Netz aus Intrigen, das die Krone bedroht. Als eine Hofdame vergiftet wird, \u00fcberschlagen sich die Ereignisse. Barnaby und Cecily m\u00fcssen einen t\u00f6dlichen Plan vereiteln, bevor es zu sp\u00e4t ist. Doch wem k\u00f6nnen sie in der tr\u00fcgerischen Welt des Tudor-Hofes noch trauen? Tauchen Sie ein in eine Welt voller Geheimnisse, Verrat und verbotener Leidenschaften. Folgen Sie Barnaby und Cecily bei ihrer gef\u00e4hrlichen Suche nach der Wahrheit durch die prunkvollen Hallen und verborgenen G\u00e4nge von Hampton Court. Ein packender historischer Thriller, der Sie bis zur letzten Seite in Atem halten wird. K\u00f6nnen Barnaby und Cecily das Leben der K\u00f6nigin retten und die Verschw\u00f6rung aufdecken? Das spannende Finale wird Sie \u00fcberraschen! Tauchen Sie ein in die erste packende Geschichte der \"The Tudor Rose Riddles\" Serie und lassen Sie sich von der Brandung der Spannung mitrei\u00dfen! Zweisprachiges Buch Englisch-Deutsch.","og_url":"https:\/\/easyoriginal.com\/en\/shop\/modern-englisch-frank\/the-whispering-petals-die-fluesternden-bluetenblaetter\/","og_site_name":"EasyOriginal.com","article_modified_time":"2026-01-14T08:53:56+00:00","og_image":[{"width":1600,"height":2400,"url":"https:\/\/easyoriginal.com\/wp-content\/uploads\/The-Whispering-Petals_printcover.jpg","type":"image\/jpeg"}],"twitter_card":"summary_large_image","twitter_misc":{"Estimated reading time":"2 minutes"},"schema":{"@context":"https:\/\/schema.org","@graph":[{"@type":"WebPage","@id":"https:\/\/easyoriginal.com\/shop\/modern-englisch-frank\/the-whispering-petals-die-fluesternden-bluetenblaetter\/","url":"https:\/\/easyoriginal.com\/shop\/modern-englisch-frank\/the-whispering-petals-die-fluesternden-bluetenblaetter\/","name":"The Whispering Petals - Die Fl\u00fcsternden Bl\u00fctenbl\u00e4tter - EasyOriginal.com","isPartOf":{"@id":"https:\/\/easyoriginal.com\/#website"},"primaryImageOfPage":{"@id":"https:\/\/easyoriginal.com\/shop\/modern-englisch-frank\/the-whispering-petals-die-fluesternden-bluetenblaetter\/#primaryimage"},"image":{"@id":"https:\/\/easyoriginal.com\/shop\/modern-englisch-frank\/the-whispering-petals-die-fluesternden-bluetenblaetter\/#primaryimage"},"thumbnailUrl":"https:\/\/easyoriginal.com\/wp-content\/uploads\/The-Whispering-Petals_printcover.jpg","datePublished":"2024-12-20T12:44:51+00:00","dateModified":"2026-01-14T08:53:56+00:00","breadcrumb":{"@id":"https:\/\/easyoriginal.com\/shop\/modern-englisch-frank\/the-whispering-petals-die-fluesternden-bluetenblaetter\/#breadcrumb"},"inLanguage":"en-GB","potentialAction":[{"@type":"ReadAction","target":["https:\/\/easyoriginal.com\/shop\/modern-englisch-frank\/the-whispering-petals-die-fluesternden-bluetenblaetter\/"]}]},{"@type":"ImageObject","inLanguage":"en-GB","@id":"https:\/\/easyoriginal.com\/shop\/modern-englisch-frank\/the-whispering-petals-die-fluesternden-bluetenblaetter\/#primaryimage","url":"https:\/\/easyoriginal.com\/wp-content\/uploads\/The-Whispering-Petals_printcover.jpg","contentUrl":"https:\/\/easyoriginal.com\/wp-content\/uploads\/The-Whispering-Petals_printcover.jpg","width":1600,"height":2400},{"@type":"BreadcrumbList","@id":"https:\/\/easyoriginal.com\/shop\/modern-englisch-frank\/the-whispering-petals-die-fluesternden-bluetenblaetter\/#breadcrumb","itemListElement":[{"@type":"ListItem","position":1,"name":"Startseite","item":"https:\/\/easyoriginal.com\/"},{"@type":"ListItem","position":2,"name":"Shop","item":"https:\/\/easyoriginal.com\/shop\/"},{"@type":"ListItem","position":3,"name":"The Whispering Petals &#8211; Die Fl\u00fcsternden Bl\u00fctenbl\u00e4tter"}]},{"@type":"WebSite","@id":"https:\/\/easyoriginal.com\/#website","url":"https:\/\/easyoriginal.com\/","name":"EasyOriginal.com","description":"Spa\u00df am Lesen im Original - Innovative Lesemethode f\u00fcr Fremdsprachen","publisher":{"@id":"https:\/\/easyoriginal.com\/#organization"},"potentialAction":[{"@type":"SearchAction","target":{"@type":"EntryPoint","urlTemplate":"https:\/\/easyoriginal.com\/?s={search_term_string}"},"query-input":{"@type":"PropertyValueSpecification","valueRequired":true,"valueName":"search_term_string"}}],"inLanguage":"en-GB"},{"@type":"Organization","@id":"https:\/\/easyoriginal.com\/#organization","name":"EasyOriginal Verlag","url":"https:\/\/easyoriginal.com\/","logo":{"@type":"ImageObject","inLanguage":"en-GB","@id":"https:\/\/easyoriginal.com\/#\/schema\/logo\/image\/","url":"https:\/\/easyoriginal.com\/wp-content\/uploads\/2020\/08\/logo_main.png","contentUrl":"https:\/\/easyoriginal.com\/wp-content\/uploads\/2020\/08\/logo_main.png","width":500,"height":103,"caption":"EasyOriginal Verlag"},"image":{"@id":"https:\/\/easyoriginal.com\/#\/schema\/logo\/image\/"}}]}},"_links":{"self":[{"href":"https:\/\/easyoriginal.com\/en\/wp-json\/wp\/v2\/product\/14650","targetHints":{"allow":["GET"]}}],"collection":[{"href":"https:\/\/easyoriginal.com\/en\/wp-json\/wp\/v2\/product"}],"about":[{"href":"https:\/\/easyoriginal.com\/en\/wp-json\/wp\/v2\/types\/product"}],"replies":[{"embeddable":true,"href":"https:\/\/easyoriginal.com\/en\/wp-json\/wp\/v2\/comments?post=14650"}],"wp:featuredmedia":[{"embeddable":true,"href":"https:\/\/easyoriginal.com\/en\/wp-json\/wp\/v2\/media\/14657"}],"wp:attachment":[{"href":"https:\/\/easyoriginal.com\/en\/wp-json\/wp\/v2\/media?parent=14650"}],"wp:term":[{"taxonomy":"product_brand","embeddable":true,"href":"https:\/\/easyoriginal.com\/en\/wp-json\/wp\/v2\/product_brand?post=14650"},{"taxonomy":"product_cat","embeddable":true,"href":"https:\/\/easyoriginal.com\/en\/wp-json\/wp\/v2\/product_cat?post=14650"},{"taxonomy":"product_tag","embeddable":true,"href":"https:\/\/easyoriginal.com\/en\/wp-json\/wp\/v2\/product_tag?post=14650"}],"curies":[{"name":"wp","href":"https:\/\/api.w.org\/{rel}","templated":true}]}}