{"id":14638,"date":"2024-12-20T13:36:13","date_gmt":"2024-12-20T12:36:13","guid":{"rendered":"https:\/\/easyoriginal.com\/?post_type=product&#038;p=14638"},"modified":"2026-04-05T11:46:47","modified_gmt":"2026-04-05T09:46:47","slug":"the-missing-roman-coin-die-verschwundene-roemische-muenze","status":"publish","type":"product","link":"https:\/\/easyoriginal.com\/en\/shop\/modern-englisch-frank\/the-missing-roman-coin-die-verschwundene-roemische-muenze\/","title":{"rendered":"The Missing Roman Coin &#8211; Die verschwundene r\u00f6mische M\u00fcnze"},"content":{"rendered":"<div class=\"adapted-container\">\n<p class=\"Adapted\" lang=\"de-DE\">A Day at the Baths <span class=\"Translation\">(ein Tag in den B\u00e4dern)<\/span><\/p>\n<p class=\"Adapted _idGenParaOverride-1\" lang=\"de-DE\">The Roman Baths Museum buzzed with excitement <span class=\"Translation\">(das r\u00f6mische B\u00e4dermuseum summte vor Aufregun<\/span><span class=\"Translation\"><span class=\"No-Break\">g;<\/span><\/span><span class=\"Translation\"><span class=\"Comments\"> <\/span><\/span><span class=\"Translation\"><span class=\"Comment-Words\">to buzz<\/span><\/span><span class=\"Translation\"><span class=\"No-Break\"><span class=\"Comments\"> \u2014<\/span><\/span><\/span><span class=\"Translation\"><span class=\"Comments\"> summen, brumme<\/span><\/span><span class=\"Translation\"><span class=\"No-Break\"><span class=\"Comments\">n;<\/span><\/span><\/span><span class=\"Translation\"><span class=\"Comments\"> <\/span><\/span><span class=\"Translation\"><span class=\"Comment-Words\">excitement<\/span><\/span><span class=\"Translation\"><span class=\"No-Break\"><span class=\"Comments\"> \u2014<\/span><\/span><\/span><span class=\"Translation\"><span class=\"Comments\"> Erregung, Begeisterung, Aufregung<\/span><\/span><span class=\"Translation\">)<\/span>. Sunlight streamed through the high windows <span class=\"Translation\">(Sonnenlicht str\u00f6mte durch die hohen Fenste<\/span><span class=\"Translation\"><span class=\"No-Break\">r;<\/span><\/span><span class=\"Translation\"><span class=\"Comments\"> <\/span><\/span><span class=\"Translation\"><span class=\"Comment-Words\">to stream<\/span><\/span><span class=\"Translation\"><span class=\"No-Break\"><span class=\"Comments\"> \u2014<\/span><\/span><\/span><span class=\"Translation\"><span class=\"Comments\"> str\u00f6men, flie\u00dfen<\/span><\/span><span class=\"Translation\">)<\/span>, illuminating the ancient stones and steaming waters below <span class=\"Translation\">(die alten Steine und dampfenden Gew\u00e4sser darunter beleuchten<\/span><span class=\"Translation\"><span class=\"No-Break\">d;<\/span><\/span><span class=\"Translation\"><span class=\"Comments\"> <\/span><\/span><span class=\"Translation\"><span class=\"Comment-Words\">to illuminate<\/span><\/span><span class=\"Translation\"><span class=\"No-Break\"><span class=\"Comments\"> \u2014<\/span><\/span><\/span><span class=\"Translation\"><span class=\"Comments\"> anstrahlen, beleuchte<\/span><\/span><span class=\"Translation\"><span class=\"No-Break\"><span class=\"Comments\">n;<\/span><\/span><\/span><span class=\"Translation\"><span class=\"Comments\"> <\/span><\/span><span class=\"Translation\"><span class=\"Comment-Words\">ancient<\/span><\/span><span class=\"Translation\"><span class=\"No-Break\"><span class=\"Comments\"> \u2014<\/span><\/span><\/span><span class=\"Translation\"><span class=\"Comments\"> alt, antik, ural<\/span><\/span><span class=\"Translation\"><span class=\"No-Break\"><span class=\"Comments\">t;<\/span><\/span><\/span><span class=\"Translation\"><span class=\"Comments\"> <\/span><\/span><span class=\"Translation\"><span class=\"Comment-Words\">to steam<\/span><\/span><span class=\"Translation\"><span class=\"No-Break\"><span class=\"Comments\"> \u2014<\/span><\/span><\/span><span class=\"Translation\"><span class=\"Comments\"> dampfen, dunsten<\/span><\/span><span class=\"Translation\">)<\/span>. A group of schoolchildren <span class=\"Translation\">(eine Gruppe Schulkinder)<\/span>, eyes wide with wonder <span class=\"Translation\">(die Augen weit ge\u00f6ffnet vor Staune<\/span><span class=\"Translation\"><span class=\"No-Break\">n;<\/span><\/span><span class=\"Translation\"><span class=\"Comments\"> <\/span><\/span><span class=\"Translation\"><span class=\"Comment-Words\">wonder<\/span><\/span><span class=\"Translation\"><span class=\"No-Break\"><span class=\"Comments\"> \u2014<\/span><\/span><\/span><span class=\"Translation\"><span class=\"Comments\"> Wunder, Verwunderung<\/span><\/span><span class=\"Translation\">)<\/span>, huddled around their teacher near the edge of the Great Bath <span class=\"Translation\">(dr\u00e4ngten sich um ihre Lehrerin nahe dem Rand des Gro\u00dfen Bade<\/span><span class=\"Translation\"><span class=\"No-Break\">s;<\/span><\/span><span class=\"Translation\"><span class=\"Comments\"> <\/span><\/span><span class=\"Translation\"><span class=\"Comment-Words\">to huddle<\/span><\/span><span class=\"Translation\"><span class=\"No-Break\"><span class=\"Comments\"> \u2014<\/span><\/span><\/span><span class=\"Translation\"><span class=\"Comments\"> sich zusammendr\u00e4ngen, sich aneinanderschmiegen<\/span><\/span><span class=\"Translation\">)<\/span>.<\/p>\n<\/div>\n<audio class=\"wp-audio-shortcode\" id=\"audio-14638-1\" preload=\"none\" style=\"width: 100%;\" controls=\"controls\"><source type=\"audio\/mpeg\" src=\"https:\/\/easyoriginal1.s3.eu-central-1.amazonaws.com\/englisch\/e74\/001.mp3?_=1\" \/><a href=\"https:\/\/easyoriginal1.s3.eu-central-1.amazonaws.com\/englisch\/e74\/001.mp3\">https:\/\/easyoriginal1.s3.eu-central-1.amazonaws.com\/englisch\/e74\/001.mp3<\/a><\/audio>\n<div class=\"original-container\">\n<p class=\"Original\">The Roman Baths Museum buzzed with excitement. Sunlight streamed through the high windows, illuminating the ancient stones and steaming waters below. A group of schoolchildren, eyes wide with wonder, huddled around their teacher near the edge of the Great Bath.<\/p>\n<\/div>","protected":false},"excerpt":{"rendered":"<p>Tief unter den Stra\u00dfen von Bath schlummert ein uraltes Geheimnis. Als eine seltene r\u00f6mische Goldm\u00fcnze aus dem Museum verschwindet, ahnt niemand, dass dies erst der Anfang einer atemberaubenden Entdeckung ist.<br \/>\nCordelia Blackwood und ihr Team von der Bath Detective Agency nehmen die Ermittlungen auf. Was zun\u00e4chst wie ein einfacher Diebstahl erscheint, entpuppt sich bald als Schl\u00fcssel zu einem jahrhundertealten R\u00e4tsel.<br \/>\nIn einem Wettlauf gegen die Zeit tauchen die Detektive ein in die verborgene Geschichte der Stadt. Sie folgen verschl\u00fcsselten Hinweisen, entr\u00e4tseln uralte Legenden und sto\u00dfen auf eine geheime Kammer tief unter den r\u00f6mischen B\u00e4dern.<br \/>\nDoch sie sind nicht die Einzigen auf der Suche nach der Wahrheit. Je tiefer sie in das Mysterium eintauchen, desto gef\u00e4hrlicher wird ihre Mission. K\u00f6nnen sie das Geheimnis l\u00fcften, bevor es f\u00fcr immer im Dunkel der Geschichte verschwindet?<br \/>\n&#8222;The Missing Roman Coin&#8220; ist ein packender Krimi, der Geschichte zum Leben erweckt. Tauchen Sie ein in die faszinierende Welt des r\u00f6mischen Bath und lassen Sie sich von einem R\u00e4tsel fesseln, das die Jahrhunderte \u00fcberdauert hat.<br \/>\nEine brillante Mischung aus historischem Mystery und modernem Thriller.<br \/>\nTauchen Sie ein in die erste packende Geschichte der &#8222;The Bath Detective Agency&#8220; Serie und lassen Sie sich von der Brandung der Spannung mitrei\u00dfen!<br \/>\nZweisprachiges Buch Englisch-Deutsch.<\/p>","protected":false},"featured_media":14645,"comment_status":"open","ping_status":"closed","template":"","meta":{"_acf_changed":false,"_et_pb_use_builder":"off","_et_pb_old_content":"<div class=\"adapted-container\">\r\n<p class=\"Adapted\"><span class=\"Bold\">Hace mucho tiempo que ten\u00eda ganas de escribir <\/span><span class=\"Translation\">(seit langer Zeit hatte ich Lust zu schreiben; <\/span><span class=\"Translation\"><span class=\"Comment-Words\">tener<\/span><\/span><span class=\"Translation\"><span class=\"Comments\"> \u2014 haben<\/span><\/span><span class=\"Translation\">)<\/span><span class=\"Bold\"> cualquier cosa con este t\u00edtulo <\/span><span class=\"Translation\">(irgendetwas mit diesem Titel)<\/span><span class=\"Bold\">.<\/span><\/p>\r\n<p class=\"Adapted\"><span class=\"Bold\">Hoy<a id=\"_idTextAnchor001\"><\/a>, que se me ha presentado ocasi\u00f3n <\/span><span class=\"Translation\">(heute, wo sich mir \/eine\/ Gelegenheit geboten hat; <\/span><span class=\"Translation\"><span class=\"Comment-Words\">presentar<\/span><\/span><span class=\"Translation\"><span class=\"Comments\"> \u2014 zeigen; vorstellen<\/span><\/span><span class=\"Translation\">)<\/span><span class=\"Bold\">, lo he puesto con letras grandes <\/span><span class=\"Translation\">(das habe ich in gro\u00dfen Buchstaben gesetzt = habe ich es in Gro\u00dfbuchstaben gesetzt; <\/span><span class=\"Translation\"><span class=\"Comment-Words\">poner<\/span><\/span><span class=\"Translation\"><span class=\"Comments\"> \u2014 setzen; stellen; legen<\/span><\/span><span class=\"Translation\">)<\/span><span class=\"Bold\"> en la primera cuartilla de papel <\/span><span class=\"Translation\">(auf das erste Blatt: \u00abauf das erste Viertelpapier\u00bb; <\/span><span class=\"Translation\"><span class=\"Comment-Words\">cuarto<\/span><\/span><span class=\"Translation\"><span class=\"Gender _idGenCharOverride-1\">m <\/span><\/span><span class=\"Translation\"><span class=\"Comments\">\u2014 Viertel<\/span><\/span><span class=\"Translation\">)<\/span><span class=\"Bold\">, y luego he dejado a capricho volar la pluma <\/span><span class=\"Translation\">(und dann habe ich nach Belieben die Feder fliegen lassen; <\/span><span class=\"Translation\"><span class=\"Comment-Words\">dejar<\/span><\/span><span class=\"Translation\"><span class=\"Comments\"> \u2014 lassen; <\/span><\/span><span class=\"Translation\"><span class=\"Comment-Words\">capricho<\/span><\/span><span class=\"Translation\"><span class=\"Gender _idGenCharOverride-1\">m <\/span><\/span><span class=\"Translation\"><span class=\"Comments\">\u2014 Laune<\/span><\/span><span class=\"Translation\">)<\/span><span class=\"Bold\">.<\/span><\/p>\r\n\r\n<\/div>\r\n[audio mp3=\"https:\/\/easyoriginal1.s3.eu-central-1.amazonaws.com\/spanisch\/s1\/1.mp3\"][\/audio]\r\n<div class=\"original-container\">\r\n<p class=\"Original\">Hace mucho tiempo que ten\u00eda ganas de escribir cualquier cosa con este t\u00edtulo.<\/p>\r\n<p class=\"Original\">Hoy, que se me ha presentado ocasi\u00f3n, lo he puesto con letras grandes en la primera cuartilla de papel, y luego he dejado a capricho volar la pluma.<\/p>\r\n\r\n<\/div>\r\n<a class=\"weiter\" href=\"\/webreader\/los-ojos-verdes\/fragment\/1-4-2\/\">weiter lesen<\/a>","_et_gb_content_width":""},"product_brand":[],"product_cat":[267],"product_tag":[164,81],"class_list":{"0":"post-14638","1":"product","2":"type-product","3":"status-publish","4":"has-post-thumbnail","6":"product_cat-modern-englisch-frank","7":"product_tag-anfaenger","8":"product_tag-krimi","10":"first","11":"instock","12":"taxable","13":"shipping-taxable","14":"purchasable","15":"product-type-variable"},"acf":[],"yoast_head":"<!-- This site is optimized with the Yoast SEO plugin v27.3 - https:\/\/yoast.com\/product\/yoast-seo-wordpress\/ -->\n<title>The Missing Roman Coin - Die verschwundene r\u00f6mische M\u00fcnze - EasyOriginal.com<\/title>\n<meta name=\"robots\" content=\"index, follow, max-snippet:-1, max-image-preview:large, max-video-preview:-1\" \/>\n<link rel=\"canonical\" href=\"https:\/\/easyoriginal.com\/en\/shop\/modern-englisch-frank\/the-missing-roman-coin-die-verschwundene-roemische-muenze\/\" \/>\n<meta property=\"og:locale\" content=\"en_GB\" \/>\n<meta property=\"og:type\" content=\"article\" \/>\n<meta property=\"og:title\" content=\"The Missing Roman Coin - Die verschwundene r\u00f6mische M\u00fcnze - EasyOriginal.com\" \/>\n<meta property=\"og:description\" content=\"Tief unter den Stra\u00dfen von Bath schlummert ein uraltes Geheimnis. Als eine seltene r\u00f6mische Goldm\u00fcnze aus dem Museum verschwindet, ahnt niemand, dass dies erst der Anfang einer atemberaubenden Entdeckung ist. Cordelia Blackwood und ihr Team von der Bath Detective Agency nehmen die Ermittlungen auf. Was zun\u00e4chst wie ein einfacher Diebstahl erscheint, entpuppt sich bald als Schl\u00fcssel zu einem jahrhundertealten R\u00e4tsel. In einem Wettlauf gegen die Zeit tauchen die Detektive ein in die verborgene Geschichte der Stadt. Sie folgen verschl\u00fcsselten Hinweisen, entr\u00e4tseln uralte Legenden und sto\u00dfen auf eine geheime Kammer tief unter den r\u00f6mischen B\u00e4dern. Doch sie sind nicht die Einzigen auf der Suche nach der Wahrheit. Je tiefer sie in das Mysterium eintauchen, desto gef\u00e4hrlicher wird ihre Mission. K\u00f6nnen sie das Geheimnis l\u00fcften, bevor es f\u00fcr immer im Dunkel der Geschichte verschwindet? &quot;The Missing Roman Coin&quot; ist ein packender Krimi, der Geschichte zum Leben erweckt. Tauchen Sie ein in die faszinierende Welt des r\u00f6mischen Bath und lassen Sie sich von einem R\u00e4tsel fesseln, das die Jahrhunderte \u00fcberdauert hat. Eine brillante Mischung aus historischem Mystery und modernem Thriller. Tauchen Sie ein in die erste packende Geschichte der &quot;The Bath Detective Agency&quot; Serie und lassen Sie sich von der Brandung der Spannung mitrei\u00dfen! Zweisprachiges Buch Englisch-Deutsch.\" \/>\n<meta property=\"og:url\" content=\"https:\/\/easyoriginal.com\/en\/shop\/modern-englisch-frank\/the-missing-roman-coin-die-verschwundene-roemische-muenze\/\" \/>\n<meta property=\"og:site_name\" content=\"EasyOriginal.com\" \/>\n<meta property=\"article:modified_time\" content=\"2026-04-05T09:46:47+00:00\" \/>\n<meta property=\"og:image\" content=\"https:\/\/easyoriginal.com\/wp-content\/uploads\/The-Missing-Roman-Coin_printcover.jpg\" \/>\n\t<meta property=\"og:image:width\" content=\"1600\" \/>\n\t<meta property=\"og:image:height\" content=\"2400\" \/>\n\t<meta property=\"og:image:type\" content=\"image\/jpeg\" \/>\n<meta name=\"twitter:card\" content=\"summary_large_image\" \/>\n<meta name=\"twitter:label1\" content=\"Estimated reading time\" \/>\n\t<meta name=\"twitter:data1\" content=\"2 minutes\" \/>\n<script type=\"application\/ld+json\" class=\"yoast-schema-graph\">{\"@context\":\"https:\\\/\\\/schema.org\",\"@graph\":[{\"@type\":\"WebPage\",\"@id\":\"https:\\\/\\\/easyoriginal.com\\\/shop\\\/modern-englisch-frank\\\/the-missing-roman-coin-die-verschwundene-roemische-muenze\\\/\",\"url\":\"https:\\\/\\\/easyoriginal.com\\\/shop\\\/modern-englisch-frank\\\/the-missing-roman-coin-die-verschwundene-roemische-muenze\\\/\",\"name\":\"The Missing Roman Coin - Die verschwundene r\u00f6mische M\u00fcnze - EasyOriginal.com\",\"isPartOf\":{\"@id\":\"https:\\\/\\\/easyoriginal.com\\\/#website\"},\"primaryImageOfPage\":{\"@id\":\"https:\\\/\\\/easyoriginal.com\\\/shop\\\/modern-englisch-frank\\\/the-missing-roman-coin-die-verschwundene-roemische-muenze\\\/#primaryimage\"},\"image\":{\"@id\":\"https:\\\/\\\/easyoriginal.com\\\/shop\\\/modern-englisch-frank\\\/the-missing-roman-coin-die-verschwundene-roemische-muenze\\\/#primaryimage\"},\"thumbnailUrl\":\"https:\\\/\\\/easyoriginal.com\\\/wp-content\\\/uploads\\\/The-Missing-Roman-Coin_printcover.jpg\",\"datePublished\":\"2024-12-20T12:36:13+00:00\",\"dateModified\":\"2026-04-05T09:46:47+00:00\",\"breadcrumb\":{\"@id\":\"https:\\\/\\\/easyoriginal.com\\\/shop\\\/modern-englisch-frank\\\/the-missing-roman-coin-die-verschwundene-roemische-muenze\\\/#breadcrumb\"},\"inLanguage\":\"en-GB\",\"potentialAction\":[{\"@type\":\"ReadAction\",\"target\":[\"https:\\\/\\\/easyoriginal.com\\\/shop\\\/modern-englisch-frank\\\/the-missing-roman-coin-die-verschwundene-roemische-muenze\\\/\"]}]},{\"@type\":\"ImageObject\",\"inLanguage\":\"en-GB\",\"@id\":\"https:\\\/\\\/easyoriginal.com\\\/shop\\\/modern-englisch-frank\\\/the-missing-roman-coin-die-verschwundene-roemische-muenze\\\/#primaryimage\",\"url\":\"https:\\\/\\\/easyoriginal.com\\\/wp-content\\\/uploads\\\/The-Missing-Roman-Coin_printcover.jpg\",\"contentUrl\":\"https:\\\/\\\/easyoriginal.com\\\/wp-content\\\/uploads\\\/The-Missing-Roman-Coin_printcover.jpg\",\"width\":1600,\"height\":2400},{\"@type\":\"BreadcrumbList\",\"@id\":\"https:\\\/\\\/easyoriginal.com\\\/shop\\\/modern-englisch-frank\\\/the-missing-roman-coin-die-verschwundene-roemische-muenze\\\/#breadcrumb\",\"itemListElement\":[{\"@type\":\"ListItem\",\"position\":1,\"name\":\"Startseite\",\"item\":\"https:\\\/\\\/easyoriginal.com\\\/\"},{\"@type\":\"ListItem\",\"position\":2,\"name\":\"Shop\",\"item\":\"https:\\\/\\\/easyoriginal.com\\\/shop\\\/\"},{\"@type\":\"ListItem\",\"position\":3,\"name\":\"The Missing Roman Coin &#8211; Die verschwundene r\u00f6mische M\u00fcnze\"}]},{\"@type\":\"WebSite\",\"@id\":\"https:\\\/\\\/easyoriginal.com\\\/#website\",\"url\":\"https:\\\/\\\/easyoriginal.com\\\/\",\"name\":\"EasyOriginal.com\",\"description\":\"Spa\u00df am Lesen im Original - Innovative Lesemethode f\u00fcr Fremdsprachen\",\"publisher\":{\"@id\":\"https:\\\/\\\/easyoriginal.com\\\/#organization\"},\"potentialAction\":[{\"@type\":\"SearchAction\",\"target\":{\"@type\":\"EntryPoint\",\"urlTemplate\":\"https:\\\/\\\/easyoriginal.com\\\/?s={search_term_string}\"},\"query-input\":{\"@type\":\"PropertyValueSpecification\",\"valueRequired\":true,\"valueName\":\"search_term_string\"}}],\"inLanguage\":\"en-GB\"},{\"@type\":\"Organization\",\"@id\":\"https:\\\/\\\/easyoriginal.com\\\/#organization\",\"name\":\"EasyOriginal Verlag\",\"url\":\"https:\\\/\\\/easyoriginal.com\\\/\",\"logo\":{\"@type\":\"ImageObject\",\"inLanguage\":\"en-GB\",\"@id\":\"https:\\\/\\\/easyoriginal.com\\\/#\\\/schema\\\/logo\\\/image\\\/\",\"url\":\"https:\\\/\\\/easyoriginal.com\\\/wp-content\\\/uploads\\\/2020\\\/08\\\/logo_main.png\",\"contentUrl\":\"https:\\\/\\\/easyoriginal.com\\\/wp-content\\\/uploads\\\/2020\\\/08\\\/logo_main.png\",\"width\":500,\"height\":103,\"caption\":\"EasyOriginal Verlag\"},\"image\":{\"@id\":\"https:\\\/\\\/easyoriginal.com\\\/#\\\/schema\\\/logo\\\/image\\\/\"}}]}<\/script>\n<!-- \/ Yoast SEO plugin. -->","yoast_head_json":{"title":"The Missing Roman Coin - Die verschwundene r\u00f6mische M\u00fcnze - EasyOriginal.com","robots":{"index":"index","follow":"follow","max-snippet":"max-snippet:-1","max-image-preview":"max-image-preview:large","max-video-preview":"max-video-preview:-1"},"canonical":"https:\/\/easyoriginal.com\/en\/shop\/modern-englisch-frank\/the-missing-roman-coin-die-verschwundene-roemische-muenze\/","og_locale":"en_GB","og_type":"article","og_title":"The Missing Roman Coin - Die verschwundene r\u00f6mische M\u00fcnze - EasyOriginal.com","og_description":"Tief unter den Stra\u00dfen von Bath schlummert ein uraltes Geheimnis. Als eine seltene r\u00f6mische Goldm\u00fcnze aus dem Museum verschwindet, ahnt niemand, dass dies erst der Anfang einer atemberaubenden Entdeckung ist. Cordelia Blackwood und ihr Team von der Bath Detective Agency nehmen die Ermittlungen auf. Was zun\u00e4chst wie ein einfacher Diebstahl erscheint, entpuppt sich bald als Schl\u00fcssel zu einem jahrhundertealten R\u00e4tsel. In einem Wettlauf gegen die Zeit tauchen die Detektive ein in die verborgene Geschichte der Stadt. Sie folgen verschl\u00fcsselten Hinweisen, entr\u00e4tseln uralte Legenden und sto\u00dfen auf eine geheime Kammer tief unter den r\u00f6mischen B\u00e4dern. Doch sie sind nicht die Einzigen auf der Suche nach der Wahrheit. Je tiefer sie in das Mysterium eintauchen, desto gef\u00e4hrlicher wird ihre Mission. K\u00f6nnen sie das Geheimnis l\u00fcften, bevor es f\u00fcr immer im Dunkel der Geschichte verschwindet? \"The Missing Roman Coin\" ist ein packender Krimi, der Geschichte zum Leben erweckt. Tauchen Sie ein in die faszinierende Welt des r\u00f6mischen Bath und lassen Sie sich von einem R\u00e4tsel fesseln, das die Jahrhunderte \u00fcberdauert hat. Eine brillante Mischung aus historischem Mystery und modernem Thriller. Tauchen Sie ein in die erste packende Geschichte der \"The Bath Detective Agency\" Serie und lassen Sie sich von der Brandung der Spannung mitrei\u00dfen! Zweisprachiges Buch Englisch-Deutsch.","og_url":"https:\/\/easyoriginal.com\/en\/shop\/modern-englisch-frank\/the-missing-roman-coin-die-verschwundene-roemische-muenze\/","og_site_name":"EasyOriginal.com","article_modified_time":"2026-04-05T09:46:47+00:00","og_image":[{"width":1600,"height":2400,"url":"https:\/\/easyoriginal.com\/wp-content\/uploads\/The-Missing-Roman-Coin_printcover.jpg","type":"image\/jpeg"}],"twitter_card":"summary_large_image","twitter_misc":{"Estimated reading time":"2 minutes"},"schema":{"@context":"https:\/\/schema.org","@graph":[{"@type":"WebPage","@id":"https:\/\/easyoriginal.com\/shop\/modern-englisch-frank\/the-missing-roman-coin-die-verschwundene-roemische-muenze\/","url":"https:\/\/easyoriginal.com\/shop\/modern-englisch-frank\/the-missing-roman-coin-die-verschwundene-roemische-muenze\/","name":"The Missing Roman Coin - Die verschwundene r\u00f6mische M\u00fcnze - EasyOriginal.com","isPartOf":{"@id":"https:\/\/easyoriginal.com\/#website"},"primaryImageOfPage":{"@id":"https:\/\/easyoriginal.com\/shop\/modern-englisch-frank\/the-missing-roman-coin-die-verschwundene-roemische-muenze\/#primaryimage"},"image":{"@id":"https:\/\/easyoriginal.com\/shop\/modern-englisch-frank\/the-missing-roman-coin-die-verschwundene-roemische-muenze\/#primaryimage"},"thumbnailUrl":"https:\/\/easyoriginal.com\/wp-content\/uploads\/The-Missing-Roman-Coin_printcover.jpg","datePublished":"2024-12-20T12:36:13+00:00","dateModified":"2026-04-05T09:46:47+00:00","breadcrumb":{"@id":"https:\/\/easyoriginal.com\/shop\/modern-englisch-frank\/the-missing-roman-coin-die-verschwundene-roemische-muenze\/#breadcrumb"},"inLanguage":"en-GB","potentialAction":[{"@type":"ReadAction","target":["https:\/\/easyoriginal.com\/shop\/modern-englisch-frank\/the-missing-roman-coin-die-verschwundene-roemische-muenze\/"]}]},{"@type":"ImageObject","inLanguage":"en-GB","@id":"https:\/\/easyoriginal.com\/shop\/modern-englisch-frank\/the-missing-roman-coin-die-verschwundene-roemische-muenze\/#primaryimage","url":"https:\/\/easyoriginal.com\/wp-content\/uploads\/The-Missing-Roman-Coin_printcover.jpg","contentUrl":"https:\/\/easyoriginal.com\/wp-content\/uploads\/The-Missing-Roman-Coin_printcover.jpg","width":1600,"height":2400},{"@type":"BreadcrumbList","@id":"https:\/\/easyoriginal.com\/shop\/modern-englisch-frank\/the-missing-roman-coin-die-verschwundene-roemische-muenze\/#breadcrumb","itemListElement":[{"@type":"ListItem","position":1,"name":"Startseite","item":"https:\/\/easyoriginal.com\/"},{"@type":"ListItem","position":2,"name":"Shop","item":"https:\/\/easyoriginal.com\/shop\/"},{"@type":"ListItem","position":3,"name":"The Missing Roman Coin &#8211; Die verschwundene r\u00f6mische M\u00fcnze"}]},{"@type":"WebSite","@id":"https:\/\/easyoriginal.com\/#website","url":"https:\/\/easyoriginal.com\/","name":"EasyOriginal.com","description":"Spa\u00df am Lesen im Original - Innovative Lesemethode f\u00fcr Fremdsprachen","publisher":{"@id":"https:\/\/easyoriginal.com\/#organization"},"potentialAction":[{"@type":"SearchAction","target":{"@type":"EntryPoint","urlTemplate":"https:\/\/easyoriginal.com\/?s={search_term_string}"},"query-input":{"@type":"PropertyValueSpecification","valueRequired":true,"valueName":"search_term_string"}}],"inLanguage":"en-GB"},{"@type":"Organization","@id":"https:\/\/easyoriginal.com\/#organization","name":"EasyOriginal Verlag","url":"https:\/\/easyoriginal.com\/","logo":{"@type":"ImageObject","inLanguage":"en-GB","@id":"https:\/\/easyoriginal.com\/#\/schema\/logo\/image\/","url":"https:\/\/easyoriginal.com\/wp-content\/uploads\/2020\/08\/logo_main.png","contentUrl":"https:\/\/easyoriginal.com\/wp-content\/uploads\/2020\/08\/logo_main.png","width":500,"height":103,"caption":"EasyOriginal Verlag"},"image":{"@id":"https:\/\/easyoriginal.com\/#\/schema\/logo\/image\/"}}]}},"_links":{"self":[{"href":"https:\/\/easyoriginal.com\/en\/wp-json\/wp\/v2\/product\/14638","targetHints":{"allow":["GET"]}}],"collection":[{"href":"https:\/\/easyoriginal.com\/en\/wp-json\/wp\/v2\/product"}],"about":[{"href":"https:\/\/easyoriginal.com\/en\/wp-json\/wp\/v2\/types\/product"}],"replies":[{"embeddable":true,"href":"https:\/\/easyoriginal.com\/en\/wp-json\/wp\/v2\/comments?post=14638"}],"wp:featuredmedia":[{"embeddable":true,"href":"https:\/\/easyoriginal.com\/en\/wp-json\/wp\/v2\/media\/14645"}],"wp:attachment":[{"href":"https:\/\/easyoriginal.com\/en\/wp-json\/wp\/v2\/media?parent=14638"}],"wp:term":[{"taxonomy":"product_brand","embeddable":true,"href":"https:\/\/easyoriginal.com\/en\/wp-json\/wp\/v2\/product_brand?post=14638"},{"taxonomy":"product_cat","embeddable":true,"href":"https:\/\/easyoriginal.com\/en\/wp-json\/wp\/v2\/product_cat?post=14638"},{"taxonomy":"product_tag","embeddable":true,"href":"https:\/\/easyoriginal.com\/en\/wp-json\/wp\/v2\/product_tag?post=14638"}],"curies":[{"name":"wp","href":"https:\/\/api.w.org\/{rel}","templated":true}]}}