{"id":14600,"date":"2024-12-20T13:05:09","date_gmt":"2024-12-20T12:05:09","guid":{"rendered":"https:\/\/easyoriginal.com\/?post_type=product&#038;p=14600"},"modified":"2026-03-22T19:40:39","modified_gmt":"2026-03-22T18:40:39","slug":"the-sirens-shells-die-muscheln-der-sirene","status":"publish","type":"product","link":"https:\/\/easyoriginal.com\/en\/shop\/modern-englisch-frank\/the-sirens-shells-die-muscheln-der-sirene\/","title":{"rendered":"The Siren&#8217;s Shells &#8211; Die Muscheln der Sirene"},"content":{"rendered":"<div class=\"adapted-container\">\n<p class=\"Adapted\" lang=\"de-DE\">The golden sands of Perranporth Beach stretched out before Dr. Lowenna Trewhella <span class=\"Translation\">(die goldenen Sande von Perranporth Beach erstreckten sich vor Dr. Lowenna Trewhell<\/span><span class=\"Translation\"><span class=\"No-Break\">a;<\/span><\/span><span class=\"Translation\"><span class=\"Comments\"> <\/span><\/span><span class=\"Translation\"><span class=\"Comment-Words\">to stretch out<\/span><\/span><span class=\"Translation\"><span class=\"No-Break\"><span class=\"Comments\"> \u2014<\/span><\/span><\/span><span class=\"Translation\"><span class=\"Comments\"> sich erstrecken, sich ausdehnen<\/span><\/span><span class=\"Translation\">)<\/span>, gleaming under the early morning sun <span class=\"Translation\">(gl\u00e4nzend unter der fr\u00fchen Morgensonn<\/span><span class=\"Translation\"><span class=\"No-Break\">e;<\/span><\/span><span class=\"Translation\"><span class=\"Comments\"> <\/span><\/span><span class=\"Translation\"><span class=\"Comment-Words\">to gleam<\/span><\/span><span class=\"Translation\"><span class=\"No-Break\"><span class=\"Comments\"> \u2014<\/span><\/span><\/span><span class=\"Translation\"><span class=\"Comments\"> gl\u00e4nzen, schimmern<\/span><\/span><span class=\"Translation\">)<\/span>. She took a deep breath <span class=\"Translation\">(sie atmete tief ei<\/span><span class=\"Translation\"><span class=\"No-Break\">n;<\/span><\/span><span class=\"Translation\"><span class=\"Comments\"> <\/span><\/span><span class=\"Translation\"><span class=\"Comment-Words\">to take a breath<\/span><\/span><span class=\"Translation\"><span class=\"No-Break\"><span class=\"Comments\"> \u2014<\/span><\/span><\/span><span class=\"Translation\"><span class=\"Comments\"> Luft holen, einatmen<\/span><\/span><span class=\"Translation\">)<\/span>, filling her lungs with the salty air <span class=\"Translation\">(ihre Lungen mit der salzigen Luft f\u00fcllend)<\/span>. Today was the start of their routine survey <span class=\"Translation\">(heute war der Beginn ihrer routinem\u00e4\u00dfigen Untersuchun<\/span><span class=\"Translation\"><span class=\"No-Break\">g;<\/span><\/span><span class=\"Translation\"><span class=\"Comments\"> <\/span><\/span><span class=\"Translation\"><span class=\"Comment-Words\">survey<\/span><\/span><span class=\"Translation\"><span class=\"No-Break\"><span class=\"Comments\"> \u2014<\/span><\/span><\/span><span class=\"Translation\"><span class=\"Comments\"> \u00dcberblick, Umfrage, Untersuchung<\/span><\/span><span class=\"Translation\">)<\/span>, and despite years of experience <span class=\"Translation\">(und trotz jahrelanger Erfahrun<\/span><span class=\"Translation\"><span class=\"No-Break\">g;<\/span><\/span><span class=\"Translation\"><span class=\"Comments\"> <\/span><\/span><span class=\"Translation\"><span class=\"Comment-Words\">experience<\/span><\/span><span class=\"Translation\"><span class=\"No-Break\"><span class=\"Comments\"> \u2014<\/span><\/span><\/span><span class=\"Translation\"><span class=\"Comments\"> Erfahrung, Erlebnis<\/span><\/span><span class=\"Translation\">)<\/span>, she still felt a tingle of excitement <span class=\"Translation\">(sp\u00fcrte sie immer noch ein Kribbeln der Aufregun<\/span><span class=\"Translation\"><span class=\"No-Break\">g;<\/span><\/span><span class=\"Translation\"><span class=\"Comments\"> <\/span><\/span><span class=\"Translation\"><span class=\"Comment-Words\">to feel<\/span><\/span><span class=\"Translation\"><span class=\"No-Break\"><span class=\"Comments\"> \u2014<\/span><\/span><\/span><span class=\"Translation\"><span class=\"Comments\"> f\u00fchlen, sp\u00fcre<\/span><\/span><span class=\"Translation\"><span class=\"No-Break\"><span class=\"Comments\">n;<\/span><\/span><\/span><span class=\"Translation\"><span class=\"Comments\"> <\/span><\/span><span class=\"Translation\"><span class=\"Comment-Words\">tingle<\/span><\/span><span class=\"Translation\"><span class=\"No-Break\"><span class=\"Comments\"> \u2014<\/span><\/span><\/span><span class=\"Translation\"><span class=\"Comments\"> Prickeln, Kribbeln<\/span><\/span><span class=\"Translation\">)<\/span>.<\/p>\n<\/div>\n<audio class=\"wp-audio-shortcode\" id=\"audio-14600-1\" preload=\"none\" style=\"width: 100%;\" controls=\"controls\"><source type=\"audio\/mpeg\" src=\"https:\/\/easyoriginal1.s3.eu-central-1.amazonaws.com\/englisch\/e71\/001.mp3?_=1\" \/><a href=\"https:\/\/easyoriginal1.s3.eu-central-1.amazonaws.com\/englisch\/e71\/001.mp3\">https:\/\/easyoriginal1.s3.eu-central-1.amazonaws.com\/englisch\/e71\/001.mp3<\/a><\/audio>\n<div class=\"original-container\">\n<p class=\"Original\">The golden sands of Perranporth Beach stretched out before Dr. Lowenna Trewhella, gleaming under the early morning sun. She took a deep breath, filling her lungs with the salty air. Today was the start of their routine survey, and despite years of experience, she still felt a tingle of excitement.<\/p>\n<\/div>","protected":false},"excerpt":{"rendered":"<p>An den goldenen Str\u00e4nden Cornwalls entdeckt die Meeresbiologin Dr. Lowenna Trewhella ein r\u00e4tselhaftes Ph\u00e4nomen: Die einst so h\u00e4ufigen Kaurischnecken sind pl\u00f6tzlich wie vom Erdboden verschluckt. Was zun\u00e4chst wie ein harmloses \u00f6kologisches R\u00e4tsel erscheint, entpuppt sich bald als Eintrittspforte in eine Welt voller Geheimnisse, Gefahren und verborgener Sch\u00e4tze.<br \/>\nGemeinsam mit ihrem ungleichen Team &#8211; dem technikbegeisterten Callum und der erfahrenen Einheimischen Meredith &#8211; begibt sich Lowenna auf eine atemberaubende Spurensuche. N\u00e4chtliche Strandbeobachtungen, r\u00e4tselhafte chemische Spuren und ein zwielichtiger Muschelsammler f\u00fchren sie immer tiefer in ein Netz aus internationalem Schmuggel, Umweltkriminalit\u00e4t und einer Legende, die sie f\u00fcr immer ver\u00e4ndern wird.<br \/>\nAls die Ermittlungen eine gef\u00e4hrliche Wendung nehmen, muss Lowenna erkennen, dass an der wilden K\u00fcste Cornwalls weit mehr auf dem Spiel steht als nur verschwundene Muscheln. In einem Wettlauf gegen die Zeit riskiert das Team alles, um die Wahrheit hinter dem Mysterium der Sirenenschalen aufzudecken.<br \/>\n&#8222;Die Geheimnisse der K\u00fcste Cornwalls&#8220; ist ein fesselnder \u00d6ko-Thriller, der Wissenschaft, Spannung und die raue Sch\u00f6nheit der cornischen Landschaft zu einem unwiderstehlichen Leseerlebnis verbindet. Tauchen Sie ein in eine Welt, in der die Grenzen zwischen Forschung und Abenteuer verschwimmen und entdecken Sie die verborgenen Wunder und Gefahren einer K\u00fcste, die ihre Geheimnisse nicht leicht preisgibt.<br \/>\nTauchen Sie ein in die erste packende Geschichte der &#8222;Cornish Sea Secrets&#8220; (&#8222;Geheimnisse der kornischen See&#8220;) Serie und lassen Sie sich von der Brandung der Spannung mitrei\u00dfen!<br \/>\nZweisprachiges Buch Englisch-Deutsch.<\/p>","protected":false},"featured_media":14607,"comment_status":"open","ping_status":"closed","template":"","meta":{"_acf_changed":false,"_et_pb_use_builder":"off","_et_pb_old_content":"<div class=\"adapted-container\">\r\n<p class=\"Adapted\"><span class=\"Bold\">Hace mucho tiempo que ten\u00eda ganas de escribir <\/span><span class=\"Translation\">(seit langer Zeit hatte ich Lust zu schreiben; <\/span><span class=\"Translation\"><span class=\"Comment-Words\">tener<\/span><\/span><span class=\"Translation\"><span class=\"Comments\"> \u2014 haben<\/span><\/span><span class=\"Translation\">)<\/span><span class=\"Bold\"> cualquier cosa con este t\u00edtulo <\/span><span class=\"Translation\">(irgendetwas mit diesem Titel)<\/span><span class=\"Bold\">.<\/span><\/p>\r\n<p class=\"Adapted\"><span class=\"Bold\">Hoy<a id=\"_idTextAnchor001\"><\/a>, que se me ha presentado ocasi\u00f3n <\/span><span class=\"Translation\">(heute, wo sich mir \/eine\/ Gelegenheit geboten hat; <\/span><span class=\"Translation\"><span class=\"Comment-Words\">presentar<\/span><\/span><span class=\"Translation\"><span class=\"Comments\"> \u2014 zeigen; vorstellen<\/span><\/span><span class=\"Translation\">)<\/span><span class=\"Bold\">, lo he puesto con letras grandes <\/span><span class=\"Translation\">(das habe ich in gro\u00dfen Buchstaben gesetzt = habe ich es in Gro\u00dfbuchstaben gesetzt; <\/span><span class=\"Translation\"><span class=\"Comment-Words\">poner<\/span><\/span><span class=\"Translation\"><span class=\"Comments\"> \u2014 setzen; stellen; legen<\/span><\/span><span class=\"Translation\">)<\/span><span class=\"Bold\"> en la primera cuartilla de papel <\/span><span class=\"Translation\">(auf das erste Blatt: \u00abauf das erste Viertelpapier\u00bb; <\/span><span class=\"Translation\"><span class=\"Comment-Words\">cuarto<\/span><\/span><span class=\"Translation\"><span class=\"Gender _idGenCharOverride-1\">m <\/span><\/span><span class=\"Translation\"><span class=\"Comments\">\u2014 Viertel<\/span><\/span><span class=\"Translation\">)<\/span><span class=\"Bold\">, y luego he dejado a capricho volar la pluma <\/span><span class=\"Translation\">(und dann habe ich nach Belieben die Feder fliegen lassen; <\/span><span class=\"Translation\"><span class=\"Comment-Words\">dejar<\/span><\/span><span class=\"Translation\"><span class=\"Comments\"> \u2014 lassen; <\/span><\/span><span class=\"Translation\"><span class=\"Comment-Words\">capricho<\/span><\/span><span class=\"Translation\"><span class=\"Gender _idGenCharOverride-1\">m <\/span><\/span><span class=\"Translation\"><span class=\"Comments\">\u2014 Laune<\/span><\/span><span class=\"Translation\">)<\/span><span class=\"Bold\">.<\/span><\/p>\r\n\r\n<\/div>\r\n[audio mp3=\"https:\/\/easyoriginal1.s3.eu-central-1.amazonaws.com\/spanisch\/s1\/1.mp3\"][\/audio]\r\n<div class=\"original-container\">\r\n<p class=\"Original\">Hace mucho tiempo que ten\u00eda ganas de escribir cualquier cosa con este t\u00edtulo.<\/p>\r\n<p class=\"Original\">Hoy, que se me ha presentado ocasi\u00f3n, lo he puesto con letras grandes en la primera cuartilla de papel, y luego he dejado a capricho volar la pluma.<\/p>\r\n\r\n<\/div>\r\n<a class=\"weiter\" href=\"\/webreader\/los-ojos-verdes\/fragment\/1-4-2\/\">weiter lesen<\/a>","_et_gb_content_width":""},"product_brand":[],"product_cat":[267],"product_tag":[164,81],"class_list":{"0":"post-14600","1":"product","2":"type-product","3":"status-publish","4":"has-post-thumbnail","6":"product_cat-modern-englisch-frank","7":"product_tag-anfaenger","8":"product_tag-krimi","10":"first","11":"instock","12":"taxable","13":"shipping-taxable","14":"purchasable","15":"product-type-variable"},"acf":[],"yoast_head":"<!-- This site is optimized with the Yoast SEO plugin v27.3 - https:\/\/yoast.com\/product\/yoast-seo-wordpress\/ -->\n<title>The Siren&#039;s Shells - Die Muscheln der Sirene - EasyOriginal.com<\/title>\n<meta name=\"robots\" content=\"index, follow, max-snippet:-1, max-image-preview:large, max-video-preview:-1\" \/>\n<link rel=\"canonical\" href=\"https:\/\/easyoriginal.com\/en\/shop\/modern-englisch-frank\/the-sirens-shells-die-muscheln-der-sirene\/\" \/>\n<meta property=\"og:locale\" content=\"en_GB\" \/>\n<meta property=\"og:type\" content=\"article\" \/>\n<meta property=\"og:title\" content=\"The Siren&#039;s Shells - Die Muscheln der Sirene - EasyOriginal.com\" \/>\n<meta property=\"og:description\" content=\"An den goldenen Str\u00e4nden Cornwalls entdeckt die Meeresbiologin Dr. Lowenna Trewhella ein r\u00e4tselhaftes Ph\u00e4nomen: Die einst so h\u00e4ufigen Kaurischnecken sind pl\u00f6tzlich wie vom Erdboden verschluckt. Was zun\u00e4chst wie ein harmloses \u00f6kologisches R\u00e4tsel erscheint, entpuppt sich bald als Eintrittspforte in eine Welt voller Geheimnisse, Gefahren und verborgener Sch\u00e4tze. Gemeinsam mit ihrem ungleichen Team - dem technikbegeisterten Callum und der erfahrenen Einheimischen Meredith - begibt sich Lowenna auf eine atemberaubende Spurensuche. N\u00e4chtliche Strandbeobachtungen, r\u00e4tselhafte chemische Spuren und ein zwielichtiger Muschelsammler f\u00fchren sie immer tiefer in ein Netz aus internationalem Schmuggel, Umweltkriminalit\u00e4t und einer Legende, die sie f\u00fcr immer ver\u00e4ndern wird. Als die Ermittlungen eine gef\u00e4hrliche Wendung nehmen, muss Lowenna erkennen, dass an der wilden K\u00fcste Cornwalls weit mehr auf dem Spiel steht als nur verschwundene Muscheln. In einem Wettlauf gegen die Zeit riskiert das Team alles, um die Wahrheit hinter dem Mysterium der Sirenenschalen aufzudecken. &quot;Die Geheimnisse der K\u00fcste Cornwalls&quot; ist ein fesselnder \u00d6ko-Thriller, der Wissenschaft, Spannung und die raue Sch\u00f6nheit der cornischen Landschaft zu einem unwiderstehlichen Leseerlebnis verbindet. Tauchen Sie ein in eine Welt, in der die Grenzen zwischen Forschung und Abenteuer verschwimmen und entdecken Sie die verborgenen Wunder und Gefahren einer K\u00fcste, die ihre Geheimnisse nicht leicht preisgibt. Tauchen Sie ein in die erste packende Geschichte der &quot;Cornish Sea Secrets&quot; (&quot;Geheimnisse der kornischen See&quot;) Serie und lassen Sie sich von der Brandung der Spannung mitrei\u00dfen! Zweisprachiges Buch Englisch-Deutsch.\" \/>\n<meta property=\"og:url\" content=\"https:\/\/easyoriginal.com\/en\/shop\/modern-englisch-frank\/the-sirens-shells-die-muscheln-der-sirene\/\" \/>\n<meta property=\"og:site_name\" content=\"EasyOriginal.com\" \/>\n<meta property=\"article:modified_time\" content=\"2026-03-22T18:40:39+00:00\" \/>\n<meta property=\"og:image\" content=\"https:\/\/easyoriginal.com\/wp-content\/uploads\/The-Sirens-Shells_printcover.jpg\" \/>\n\t<meta property=\"og:image:width\" content=\"1600\" \/>\n\t<meta property=\"og:image:height\" content=\"2400\" \/>\n\t<meta property=\"og:image:type\" content=\"image\/jpeg\" \/>\n<meta name=\"twitter:card\" content=\"summary_large_image\" \/>\n<meta name=\"twitter:label1\" content=\"Estimated reading time\" \/>\n\t<meta name=\"twitter:data1\" content=\"2 minutes\" \/>\n<script type=\"application\/ld+json\" class=\"yoast-schema-graph\">{\"@context\":\"https:\\\/\\\/schema.org\",\"@graph\":[{\"@type\":\"WebPage\",\"@id\":\"https:\\\/\\\/easyoriginal.com\\\/shop\\\/modern-englisch-frank\\\/the-sirens-shells-die-muscheln-der-sirene\\\/\",\"url\":\"https:\\\/\\\/easyoriginal.com\\\/shop\\\/modern-englisch-frank\\\/the-sirens-shells-die-muscheln-der-sirene\\\/\",\"name\":\"The Siren's Shells - Die Muscheln der Sirene - EasyOriginal.com\",\"isPartOf\":{\"@id\":\"https:\\\/\\\/easyoriginal.com\\\/#website\"},\"primaryImageOfPage\":{\"@id\":\"https:\\\/\\\/easyoriginal.com\\\/shop\\\/modern-englisch-frank\\\/the-sirens-shells-die-muscheln-der-sirene\\\/#primaryimage\"},\"image\":{\"@id\":\"https:\\\/\\\/easyoriginal.com\\\/shop\\\/modern-englisch-frank\\\/the-sirens-shells-die-muscheln-der-sirene\\\/#primaryimage\"},\"thumbnailUrl\":\"https:\\\/\\\/easyoriginal.com\\\/wp-content\\\/uploads\\\/The-Sirens-Shells_printcover.jpg\",\"datePublished\":\"2024-12-20T12:05:09+00:00\",\"dateModified\":\"2026-03-22T18:40:39+00:00\",\"breadcrumb\":{\"@id\":\"https:\\\/\\\/easyoriginal.com\\\/shop\\\/modern-englisch-frank\\\/the-sirens-shells-die-muscheln-der-sirene\\\/#breadcrumb\"},\"inLanguage\":\"en-GB\",\"potentialAction\":[{\"@type\":\"ReadAction\",\"target\":[\"https:\\\/\\\/easyoriginal.com\\\/shop\\\/modern-englisch-frank\\\/the-sirens-shells-die-muscheln-der-sirene\\\/\"]}]},{\"@type\":\"ImageObject\",\"inLanguage\":\"en-GB\",\"@id\":\"https:\\\/\\\/easyoriginal.com\\\/shop\\\/modern-englisch-frank\\\/the-sirens-shells-die-muscheln-der-sirene\\\/#primaryimage\",\"url\":\"https:\\\/\\\/easyoriginal.com\\\/wp-content\\\/uploads\\\/The-Sirens-Shells_printcover.jpg\",\"contentUrl\":\"https:\\\/\\\/easyoriginal.com\\\/wp-content\\\/uploads\\\/The-Sirens-Shells_printcover.jpg\",\"width\":1600,\"height\":2400},{\"@type\":\"BreadcrumbList\",\"@id\":\"https:\\\/\\\/easyoriginal.com\\\/shop\\\/modern-englisch-frank\\\/the-sirens-shells-die-muscheln-der-sirene\\\/#breadcrumb\",\"itemListElement\":[{\"@type\":\"ListItem\",\"position\":1,\"name\":\"Startseite\",\"item\":\"https:\\\/\\\/easyoriginal.com\\\/\"},{\"@type\":\"ListItem\",\"position\":2,\"name\":\"Shop\",\"item\":\"https:\\\/\\\/easyoriginal.com\\\/shop\\\/\"},{\"@type\":\"ListItem\",\"position\":3,\"name\":\"The Siren&#8217;s Shells &#8211; Die Muscheln der Sirene\"}]},{\"@type\":\"WebSite\",\"@id\":\"https:\\\/\\\/easyoriginal.com\\\/#website\",\"url\":\"https:\\\/\\\/easyoriginal.com\\\/\",\"name\":\"EasyOriginal.com\",\"description\":\"Spa\u00df am Lesen im Original - Innovative Lesemethode f\u00fcr Fremdsprachen\",\"publisher\":{\"@id\":\"https:\\\/\\\/easyoriginal.com\\\/#organization\"},\"potentialAction\":[{\"@type\":\"SearchAction\",\"target\":{\"@type\":\"EntryPoint\",\"urlTemplate\":\"https:\\\/\\\/easyoriginal.com\\\/?s={search_term_string}\"},\"query-input\":{\"@type\":\"PropertyValueSpecification\",\"valueRequired\":true,\"valueName\":\"search_term_string\"}}],\"inLanguage\":\"en-GB\"},{\"@type\":\"Organization\",\"@id\":\"https:\\\/\\\/easyoriginal.com\\\/#organization\",\"name\":\"EasyOriginal Verlag\",\"url\":\"https:\\\/\\\/easyoriginal.com\\\/\",\"logo\":{\"@type\":\"ImageObject\",\"inLanguage\":\"en-GB\",\"@id\":\"https:\\\/\\\/easyoriginal.com\\\/#\\\/schema\\\/logo\\\/image\\\/\",\"url\":\"https:\\\/\\\/easyoriginal.com\\\/wp-content\\\/uploads\\\/2020\\\/08\\\/logo_main.png\",\"contentUrl\":\"https:\\\/\\\/easyoriginal.com\\\/wp-content\\\/uploads\\\/2020\\\/08\\\/logo_main.png\",\"width\":500,\"height\":103,\"caption\":\"EasyOriginal Verlag\"},\"image\":{\"@id\":\"https:\\\/\\\/easyoriginal.com\\\/#\\\/schema\\\/logo\\\/image\\\/\"}}]}<\/script>\n<!-- \/ Yoast SEO plugin. -->","yoast_head_json":{"title":"The Siren's Shells - Die Muscheln der Sirene - EasyOriginal.com","robots":{"index":"index","follow":"follow","max-snippet":"max-snippet:-1","max-image-preview":"max-image-preview:large","max-video-preview":"max-video-preview:-1"},"canonical":"https:\/\/easyoriginal.com\/en\/shop\/modern-englisch-frank\/the-sirens-shells-die-muscheln-der-sirene\/","og_locale":"en_GB","og_type":"article","og_title":"The Siren's Shells - Die Muscheln der Sirene - EasyOriginal.com","og_description":"An den goldenen Str\u00e4nden Cornwalls entdeckt die Meeresbiologin Dr. Lowenna Trewhella ein r\u00e4tselhaftes Ph\u00e4nomen: Die einst so h\u00e4ufigen Kaurischnecken sind pl\u00f6tzlich wie vom Erdboden verschluckt. Was zun\u00e4chst wie ein harmloses \u00f6kologisches R\u00e4tsel erscheint, entpuppt sich bald als Eintrittspforte in eine Welt voller Geheimnisse, Gefahren und verborgener Sch\u00e4tze. Gemeinsam mit ihrem ungleichen Team - dem technikbegeisterten Callum und der erfahrenen Einheimischen Meredith - begibt sich Lowenna auf eine atemberaubende Spurensuche. N\u00e4chtliche Strandbeobachtungen, r\u00e4tselhafte chemische Spuren und ein zwielichtiger Muschelsammler f\u00fchren sie immer tiefer in ein Netz aus internationalem Schmuggel, Umweltkriminalit\u00e4t und einer Legende, die sie f\u00fcr immer ver\u00e4ndern wird. Als die Ermittlungen eine gef\u00e4hrliche Wendung nehmen, muss Lowenna erkennen, dass an der wilden K\u00fcste Cornwalls weit mehr auf dem Spiel steht als nur verschwundene Muscheln. In einem Wettlauf gegen die Zeit riskiert das Team alles, um die Wahrheit hinter dem Mysterium der Sirenenschalen aufzudecken. \"Die Geheimnisse der K\u00fcste Cornwalls\" ist ein fesselnder \u00d6ko-Thriller, der Wissenschaft, Spannung und die raue Sch\u00f6nheit der cornischen Landschaft zu einem unwiderstehlichen Leseerlebnis verbindet. Tauchen Sie ein in eine Welt, in der die Grenzen zwischen Forschung und Abenteuer verschwimmen und entdecken Sie die verborgenen Wunder und Gefahren einer K\u00fcste, die ihre Geheimnisse nicht leicht preisgibt. Tauchen Sie ein in die erste packende Geschichte der \"Cornish Sea Secrets\" (\"Geheimnisse der kornischen See\") Serie und lassen Sie sich von der Brandung der Spannung mitrei\u00dfen! Zweisprachiges Buch Englisch-Deutsch.","og_url":"https:\/\/easyoriginal.com\/en\/shop\/modern-englisch-frank\/the-sirens-shells-die-muscheln-der-sirene\/","og_site_name":"EasyOriginal.com","article_modified_time":"2026-03-22T18:40:39+00:00","og_image":[{"width":1600,"height":2400,"url":"https:\/\/easyoriginal.com\/wp-content\/uploads\/The-Sirens-Shells_printcover.jpg","type":"image\/jpeg"}],"twitter_card":"summary_large_image","twitter_misc":{"Estimated reading time":"2 minutes"},"schema":{"@context":"https:\/\/schema.org","@graph":[{"@type":"WebPage","@id":"https:\/\/easyoriginal.com\/shop\/modern-englisch-frank\/the-sirens-shells-die-muscheln-der-sirene\/","url":"https:\/\/easyoriginal.com\/shop\/modern-englisch-frank\/the-sirens-shells-die-muscheln-der-sirene\/","name":"The Siren's Shells - Die Muscheln der Sirene - EasyOriginal.com","isPartOf":{"@id":"https:\/\/easyoriginal.com\/#website"},"primaryImageOfPage":{"@id":"https:\/\/easyoriginal.com\/shop\/modern-englisch-frank\/the-sirens-shells-die-muscheln-der-sirene\/#primaryimage"},"image":{"@id":"https:\/\/easyoriginal.com\/shop\/modern-englisch-frank\/the-sirens-shells-die-muscheln-der-sirene\/#primaryimage"},"thumbnailUrl":"https:\/\/easyoriginal.com\/wp-content\/uploads\/The-Sirens-Shells_printcover.jpg","datePublished":"2024-12-20T12:05:09+00:00","dateModified":"2026-03-22T18:40:39+00:00","breadcrumb":{"@id":"https:\/\/easyoriginal.com\/shop\/modern-englisch-frank\/the-sirens-shells-die-muscheln-der-sirene\/#breadcrumb"},"inLanguage":"en-GB","potentialAction":[{"@type":"ReadAction","target":["https:\/\/easyoriginal.com\/shop\/modern-englisch-frank\/the-sirens-shells-die-muscheln-der-sirene\/"]}]},{"@type":"ImageObject","inLanguage":"en-GB","@id":"https:\/\/easyoriginal.com\/shop\/modern-englisch-frank\/the-sirens-shells-die-muscheln-der-sirene\/#primaryimage","url":"https:\/\/easyoriginal.com\/wp-content\/uploads\/The-Sirens-Shells_printcover.jpg","contentUrl":"https:\/\/easyoriginal.com\/wp-content\/uploads\/The-Sirens-Shells_printcover.jpg","width":1600,"height":2400},{"@type":"BreadcrumbList","@id":"https:\/\/easyoriginal.com\/shop\/modern-englisch-frank\/the-sirens-shells-die-muscheln-der-sirene\/#breadcrumb","itemListElement":[{"@type":"ListItem","position":1,"name":"Startseite","item":"https:\/\/easyoriginal.com\/"},{"@type":"ListItem","position":2,"name":"Shop","item":"https:\/\/easyoriginal.com\/shop\/"},{"@type":"ListItem","position":3,"name":"The Siren&#8217;s Shells &#8211; Die Muscheln der Sirene"}]},{"@type":"WebSite","@id":"https:\/\/easyoriginal.com\/#website","url":"https:\/\/easyoriginal.com\/","name":"EasyOriginal.com","description":"Spa\u00df am Lesen im Original - Innovative Lesemethode f\u00fcr Fremdsprachen","publisher":{"@id":"https:\/\/easyoriginal.com\/#organization"},"potentialAction":[{"@type":"SearchAction","target":{"@type":"EntryPoint","urlTemplate":"https:\/\/easyoriginal.com\/?s={search_term_string}"},"query-input":{"@type":"PropertyValueSpecification","valueRequired":true,"valueName":"search_term_string"}}],"inLanguage":"en-GB"},{"@type":"Organization","@id":"https:\/\/easyoriginal.com\/#organization","name":"EasyOriginal Verlag","url":"https:\/\/easyoriginal.com\/","logo":{"@type":"ImageObject","inLanguage":"en-GB","@id":"https:\/\/easyoriginal.com\/#\/schema\/logo\/image\/","url":"https:\/\/easyoriginal.com\/wp-content\/uploads\/2020\/08\/logo_main.png","contentUrl":"https:\/\/easyoriginal.com\/wp-content\/uploads\/2020\/08\/logo_main.png","width":500,"height":103,"caption":"EasyOriginal Verlag"},"image":{"@id":"https:\/\/easyoriginal.com\/#\/schema\/logo\/image\/"}}]}},"_links":{"self":[{"href":"https:\/\/easyoriginal.com\/en\/wp-json\/wp\/v2\/product\/14600","targetHints":{"allow":["GET"]}}],"collection":[{"href":"https:\/\/easyoriginal.com\/en\/wp-json\/wp\/v2\/product"}],"about":[{"href":"https:\/\/easyoriginal.com\/en\/wp-json\/wp\/v2\/types\/product"}],"replies":[{"embeddable":true,"href":"https:\/\/easyoriginal.com\/en\/wp-json\/wp\/v2\/comments?post=14600"}],"wp:featuredmedia":[{"embeddable":true,"href":"https:\/\/easyoriginal.com\/en\/wp-json\/wp\/v2\/media\/14607"}],"wp:attachment":[{"href":"https:\/\/easyoriginal.com\/en\/wp-json\/wp\/v2\/media?parent=14600"}],"wp:term":[{"taxonomy":"product_brand","embeddable":true,"href":"https:\/\/easyoriginal.com\/en\/wp-json\/wp\/v2\/product_brand?post=14600"},{"taxonomy":"product_cat","embeddable":true,"href":"https:\/\/easyoriginal.com\/en\/wp-json\/wp\/v2\/product_cat?post=14600"},{"taxonomy":"product_tag","embeddable":true,"href":"https:\/\/easyoriginal.com\/en\/wp-json\/wp\/v2\/product_tag?post=14600"}],"curies":[{"name":"wp","href":"https:\/\/api.w.org\/{rel}","templated":true}]}}