{"id":14577,"date":"2024-12-14T16:13:07","date_gmt":"2024-12-14T15:13:07","guid":{"rendered":"https:\/\/easyoriginal.com\/?post_type=product&#038;p=14577"},"modified":"2025-04-13T21:45:03","modified_gmt":"2025-04-13T19:45:03","slug":"le-mystere-du-vin-empoisonne-das-geheimnis-des-vergifteten-weins","status":"publish","type":"product","link":"https:\/\/easyoriginal.com\/en\/shop\/modern-franzoesisch-frank\/le-mystere-du-vin-empoisonne-das-geheimnis-des-vergifteten-weins\/","title":{"rendered":"Le Myst\u00e8re du vin empoisonn\u00e9 &#8211; Das Geheimnis des vergifteten Weins"},"content":{"rendered":"<div class=\"adapted-container\">\n<p class=\"Adapted\" lang=\"de-DE\">Le soleil se couchait doucement sur les collines verdoyantes de la C\u00f4te d&apos;Or <span class=\"Translation\">(die Sonne ging sanft \u00fcber den gr\u00fcnen H\u00fcgeln der C\u00f4te d&apos;Or unte<\/span><span class=\"Translation\"><span class=\"No-Break\">r;<\/span><\/span><span class=\"Translation\"><span class=\"Comments\"> se couche<\/span><\/span><span class=\"Translation\"><span class=\"No-Break\"><span class=\"Comments\">r;<\/span><\/span><\/span><span class=\"Translation\"><span class=\"Comments\"> colline<\/span><\/span><span class=\"Translation\"><span class=\"No-Break\"><span class=\"Sub _idGenCharOverride-1\">f<\/span><\/span><\/span><span class=\"Translation\"><span class=\"No-Break\"><span class=\"Comments\">;<\/span><\/span><\/span><span class=\"Translation\"><span class=\"Comments\"> <\/span><\/span><span class=\"Translation\"><span class=\"Comment-Words\">verdoyant<\/span><\/span><span class=\"Translation\"><span class=\"No-Break\"><span class=\"Comments\"> \u2014<\/span><\/span><\/span><span class=\"Translation\"><span class=\"Comments\"> gr\u00fc<\/span><\/span><span class=\"Translation\"><span class=\"No-Break\"><span class=\"Comments\">n;<\/span><\/span><\/span><span class=\"Translation\"><span class=\"Comments\"> gr\u00fcnend<\/span><\/span><span class=\"Translation\">)<\/span>, baignant les vignobles de Beaune d&apos;une lueur dor\u00e9e <span class=\"Translation\">(die Weinberge von Beaune in goldenes Licht tauchen<\/span><span class=\"Translation\"><span class=\"No-Break\">d;<\/span><\/span><span class=\"Translation\"><span class=\"Comments\"> <\/span><\/span><span class=\"Translation\"><span class=\"Comment-Words\">baigner<\/span><\/span><span class=\"Translation\"><span class=\"No-Break\"><span class=\"Comments\"> \u2014<\/span><\/span><\/span><span class=\"Translation\"><span class=\"Comments\"> bade<\/span><\/span><span class=\"Translation\"><span class=\"No-Break\"><span class=\"Comments\">n;<\/span><\/span><\/span><span class=\"Translation\"><span class=\"Comments\"> eintauche<\/span><\/span><span class=\"Translation\"><span class=\"No-Break\"><span class=\"Comments\">n;<\/span><\/span><\/span><span class=\"Translation\"><span class=\"Comments\"> vignoble<\/span><\/span><span class=\"Translation\"><span class=\"No-Break\"><span class=\"Sub _idGenCharOverride-1\">m<\/span><\/span><\/span><span class=\"Translation\"><span class=\"No-Break\"><span class=\"Comments\">;<\/span><\/span><\/span><span class=\"Translation\"><span class=\"Comments\"> <\/span><\/span><span class=\"Translation\"><span class=\"Comment-Words\">lueur<\/span><\/span><span class=\"Translation\"><span class=\"Sub _idGenCharOverride-1\">f<\/span><\/span><span class=\"Translation\"><span class=\"No-Break\"><span class=\"Comments\"> \u2014<\/span><\/span><\/span><span class=\"Translation\"><span class=\"Comments\"> Schimme<\/span><\/span><span class=\"Translation\"><span class=\"No-Break\"><span class=\"Comments\">r;<\/span><\/span><\/span><span class=\"Translation\"><span class=\"Comments\"> Leuchte<\/span><\/span><span class=\"Translation\"><span class=\"No-Break\"><span class=\"Comments\">n;<\/span><\/span><\/span><span class=\"Translation\"><span class=\"Comments\"> <\/span><\/span><span class=\"Translation\"><span class=\"Comment-Words\">or<\/span><\/span><span class=\"Translation\"><span class=\"Sub _idGenCharOverride-1\">m<\/span><\/span><span class=\"Translation\"><span class=\"No-Break\"><span class=\"Comments\"> \u2014<\/span><\/span><\/span><span class=\"Translation\"><span class=\"Comments\"> Gol<\/span><\/span><span class=\"Translation\"><span class=\"No-Break\"><span class=\"Comments\">d;<\/span><\/span><\/span><span class=\"Translation\"><span class=\"Comments\"> <\/span><\/span><span class=\"Translation\"><span class=\"Comment-Words\">dor\u00e9<\/span><\/span><span class=\"Translation\"><span class=\"No-Break\"><span class=\"Comments\"> \u2014<\/span><\/span><\/span><span class=\"Translation\"><span class=\"Comments\"> golde<\/span><\/span><span class=\"Translation\"><span class=\"No-Break\"><span class=\"Comments\">n;<\/span><\/span><\/span><span class=\"Translation\"><span class=\"Comments\"> vergoldet<\/span><\/span><span class=\"Translation\">)<\/span>. L&apos;air \u00e9tait charg\u00e9 des parfums de la terre et du raisin m\u00fbr <span class=\"Translation\">(die Luft war erf\u00fcllt von den D\u00fcften der Erde und der reifen Traube<\/span><span class=\"Translation\"><span class=\"No-Break\">n;<\/span><\/span><span class=\"Translation\"><span class=\"Comments\"> <\/span><\/span><span class=\"Translation\"><span class=\"Comment-Words\">charger<\/span><\/span><span class=\"Translation\"><span class=\"No-Break\"><span class=\"Comments\"> \u2014<\/span><\/span><\/span><span class=\"Translation\"><span class=\"Comments\"> lade<\/span><\/span><span class=\"Translation\"><span class=\"No-Break\"><span class=\"Comments\">n;<\/span><\/span><\/span><span class=\"Translation\"><span class=\"Comments\"> belade<\/span><\/span><span class=\"Translation\"><span class=\"No-Break\"><span class=\"Comments\">n;<\/span><\/span><\/span><span class=\"Translation\"><span class=\"Comments\"> parfum<\/span><\/span><span class=\"Translation\"><span class=\"Sub _idGenCharOverride-1\">m<\/span><\/span><span class=\"Translation\">)<\/span>, annon\u00e7ant une soir\u00e9e parfaite pour la d\u00e9gustation annuelle <span class=\"Translation\">(einen perfekten Abend f\u00fcr die j\u00e4hrliche Weinprobe ank\u00fcndigen<\/span><span class=\"Translation\"><span class=\"No-Break\">d;<\/span><\/span><span class=\"Translation\"><span class=\"Comments\"> <\/span><\/span><span class=\"Translation\"><span class=\"Comment-Words\">annoncer<\/span><\/span><span class=\"Translation\"><span class=\"No-Break\"><span class=\"Comments\"> \u2014<\/span><\/span><\/span><span class=\"Translation\"><span class=\"Comments\"> ank\u00fcndigen<\/span><\/span><span class=\"Translation\">)<\/span> qui allait bient\u00f4t commencer <span class=\"Translation\">(die bald beginnen sollt<\/span><span class=\"Translation\"><span class=\"No-Break\">e;<\/span><\/span><span class=\"Translation\"><span class=\"Comments\"> <\/span><\/span><span class=\"Translation\"><span class=\"Comment-Words\">aller + Infinitiv<\/span><\/span><span class=\"Translation\"><span class=\"No-Break\"><span class=\"Comments\"> \u2014<\/span><\/span><\/span><span class=\"Translation\"><span class=\"Comments\"> im Begriff sein, etw. zu tun<\/span><\/span><span class=\"Translation\">)<\/span>.<\/p>\n<\/div>\n<audio class=\"wp-audio-shortcode\" id=\"audio-14577-1\" preload=\"none\" style=\"width: 100%;\" controls=\"controls\"><source type=\"audio\/mpeg\" src=\"https:\/\/easyoriginal1.s3.eu-central-1.amazonaws.com\/franzoesisch\/f40\/001.mp3?_=1\" \/><a href=\"https:\/\/easyoriginal1.s3.eu-central-1.amazonaws.com\/franzoesisch\/f40\/001.mp3\">https:\/\/easyoriginal1.s3.eu-central-1.amazonaws.com\/franzoesisch\/f40\/001.mp3<\/a><\/audio>\n<div class=\"original-container\">\n<p class=\"Original\">Le soleil se couchait doucement sur les collines verdoyantes de la C\u00f4te d\u2019Or, baignant les vignobles de Beaune d\u2019une lueur dor\u00e9e. L\u2019air \u00e9tait charg\u00e9 des parfums de la terre et du raisin m\u00fbr, annon\u00e7ant une soir\u00e9e parfaite pour la d\u00e9gustation annuelle qui allait bient\u00f4t commencer.<\/p>\n<\/div>","protected":false},"excerpt":{"rendered":"<p>Bei einer exklusiven Weinprobe in Beaune brechen mehrere G\u00e4ste zusammen: Der edle Tropfen wurde vergiftet. Inspektorin Laurence Blanchard ermittelt in der verschworenen Welt der burgundischen Winzer.<br \/>\nWer steckt hinter dem Anschlag? Der traditionelle Winzer Lefort, der umstrittene Investor Mercier oder der geheimnisvolle Zur\u00fcckkehrer Durand?<br \/>\nZwischen sonnenverw\u00f6hnten Rebst\u00f6cken und k\u00fchlen Weinkellern deckt Blanchard ein Netz aus alten Fehden und dunklen Geheimnissen auf.<br \/>\nEin spannender Krimi, der Sie in die Welt des Burgunders entf\u00fchrt \u2013 wo hinter jedem Korken ein Geheimnis lauern kann.<br \/>\nFesselnd f\u00fcr Krimifans und Weinliebhaber!<br \/>\nTauchen Sie ein in die erste packende Geschichte der &#8222;Vins et Crimes&#8220; Serie und lassen Sie sich von der Brandung der Spannung mitrei\u00dfen!<br \/>\nZweisprachiges Buch Franz\u00f6sisch-Deutsch.<\/p>","protected":false},"featured_media":14586,"comment_status":"open","ping_status":"closed","template":"","meta":{"_acf_changed":false,"_et_pb_use_builder":"off","_et_pb_old_content":"<div class=\"adapted-container\">\r\n<p class=\"Adapted\"><span class=\"Bold\">Hace mucho tiempo que ten\u00eda ganas de escribir <\/span><span class=\"Translation\">(seit langer Zeit hatte ich Lust zu schreiben; <\/span><span class=\"Translation\"><span class=\"Comment-Words\">tener<\/span><\/span><span class=\"Translation\"><span class=\"Comments\"> \u2014 haben<\/span><\/span><span class=\"Translation\">)<\/span><span class=\"Bold\"> cualquier cosa con este t\u00edtulo <\/span><span class=\"Translation\">(irgendetwas mit diesem Titel)<\/span><span class=\"Bold\">.<\/span><\/p>\r\n<p class=\"Adapted\"><span class=\"Bold\">Hoy<a id=\"_idTextAnchor001\"><\/a>, que se me ha presentado ocasi\u00f3n <\/span><span class=\"Translation\">(heute, wo sich mir \/eine\/ Gelegenheit geboten hat; <\/span><span class=\"Translation\"><span class=\"Comment-Words\">presentar<\/span><\/span><span class=\"Translation\"><span class=\"Comments\"> \u2014 zeigen; vorstellen<\/span><\/span><span class=\"Translation\">)<\/span><span class=\"Bold\">, lo he puesto con letras grandes <\/span><span class=\"Translation\">(das habe ich in gro\u00dfen Buchstaben gesetzt = habe ich es in Gro\u00dfbuchstaben gesetzt; <\/span><span class=\"Translation\"><span class=\"Comment-Words\">poner<\/span><\/span><span class=\"Translation\"><span class=\"Comments\"> \u2014 setzen; stellen; legen<\/span><\/span><span class=\"Translation\">)<\/span><span class=\"Bold\"> en la primera cuartilla de papel <\/span><span class=\"Translation\">(auf das erste Blatt: \u00abauf das erste Viertelpapier\u00bb; <\/span><span class=\"Translation\"><span class=\"Comment-Words\">cuarto<\/span><\/span><span class=\"Translation\"><span class=\"Gender _idGenCharOverride-1\">m <\/span><\/span><span class=\"Translation\"><span class=\"Comments\">\u2014 Viertel<\/span><\/span><span class=\"Translation\">)<\/span><span class=\"Bold\">, y luego he dejado a capricho volar la pluma <\/span><span class=\"Translation\">(und dann habe ich nach Belieben die Feder fliegen lassen; <\/span><span class=\"Translation\"><span class=\"Comment-Words\">dejar<\/span><\/span><span class=\"Translation\"><span class=\"Comments\"> \u2014 lassen; <\/span><\/span><span class=\"Translation\"><span class=\"Comment-Words\">capricho<\/span><\/span><span class=\"Translation\"><span class=\"Gender _idGenCharOverride-1\">m <\/span><\/span><span class=\"Translation\"><span class=\"Comments\">\u2014 Laune<\/span><\/span><span class=\"Translation\">)<\/span><span class=\"Bold\">.<\/span><\/p>\r\n\r\n<\/div>\r\n[audio mp3=\"https:\/\/easyoriginal1.s3.eu-central-1.amazonaws.com\/spanisch\/s1\/1.mp3\"][\/audio]\r\n<div class=\"original-container\">\r\n<p class=\"Original\">Hace mucho tiempo que ten\u00eda ganas de escribir cualquier cosa con este t\u00edtulo.<\/p>\r\n<p class=\"Original\">Hoy, que se me ha presentado ocasi\u00f3n, lo he puesto con letras grandes en la primera cuartilla de papel, y luego he dejado a capricho volar la pluma.<\/p>\r\n\r\n<\/div>\r\n<a class=\"weiter\" href=\"\/webreader\/los-ojos-verdes\/fragment\/1-4-2\/\">weiter lesen<\/a>","_et_gb_content_width":""},"product_brand":[],"product_cat":[266],"product_tag":[164,81],"class_list":{"0":"post-14577","1":"product","2":"type-product","3":"status-publish","4":"has-post-thumbnail","6":"product_cat-modern-franzoesisch-frank","7":"product_tag-anfaenger","8":"product_tag-krimi","10":"first","11":"instock","12":"taxable","13":"shipping-taxable","14":"purchasable","15":"product-type-variable"},"acf":[],"yoast_head":"<!-- This site is optimized with the Yoast SEO plugin v27.4 - https:\/\/yoast.com\/product\/yoast-seo-wordpress\/ -->\n<title>Le Myst\u00e8re du vin empoisonn\u00e9 - Das Geheimnis des vergifteten Weins - EasyOriginal.com<\/title>\n<meta name=\"robots\" content=\"index, follow, max-snippet:-1, max-image-preview:large, max-video-preview:-1\" \/>\n<link rel=\"canonical\" href=\"https:\/\/easyoriginal.com\/en\/shop\/modern-franzoesisch-frank\/le-mystere-du-vin-empoisonne-das-geheimnis-des-vergifteten-weins\/\" \/>\n<meta property=\"og:locale\" content=\"en_GB\" \/>\n<meta property=\"og:type\" content=\"article\" \/>\n<meta property=\"og:title\" content=\"Le Myst\u00e8re du vin empoisonn\u00e9 - Das Geheimnis des vergifteten Weins - EasyOriginal.com\" \/>\n<meta property=\"og:description\" content=\"Bei einer exklusiven Weinprobe in Beaune brechen mehrere G\u00e4ste zusammen: Der edle Tropfen wurde vergiftet. Inspektorin Laurence Blanchard ermittelt in der verschworenen Welt der burgundischen Winzer. Wer steckt hinter dem Anschlag? Der traditionelle Winzer Lefort, der umstrittene Investor Mercier oder der geheimnisvolle Zur\u00fcckkehrer Durand? Zwischen sonnenverw\u00f6hnten Rebst\u00f6cken und k\u00fchlen Weinkellern deckt Blanchard ein Netz aus alten Fehden und dunklen Geheimnissen auf. Ein spannender Krimi, der Sie in die Welt des Burgunders entf\u00fchrt \u2013 wo hinter jedem Korken ein Geheimnis lauern kann. Fesselnd f\u00fcr Krimifans und Weinliebhaber! Tauchen Sie ein in die erste packende Geschichte der &quot;Vins et Crimes&quot; Serie und lassen Sie sich von der Brandung der Spannung mitrei\u00dfen! Zweisprachiges Buch Franz\u00f6sisch-Deutsch.\" \/>\n<meta property=\"og:url\" content=\"https:\/\/easyoriginal.com\/en\/shop\/modern-franzoesisch-frank\/le-mystere-du-vin-empoisonne-das-geheimnis-des-vergifteten-weins\/\" \/>\n<meta property=\"og:site_name\" content=\"EasyOriginal.com\" \/>\n<meta property=\"article:modified_time\" content=\"2025-04-13T19:45:03+00:00\" \/>\n<meta property=\"og:image\" content=\"https:\/\/easyoriginal.com\/wp-content\/uploads\/Le-Mystere-du-Vin-Empoisonne_printcover.jpg\" \/>\n\t<meta property=\"og:image:width\" content=\"1600\" \/>\n\t<meta property=\"og:image:height\" content=\"2400\" \/>\n\t<meta property=\"og:image:type\" content=\"image\/jpeg\" \/>\n<meta name=\"twitter:card\" content=\"summary_large_image\" \/>\n<meta name=\"twitter:label1\" content=\"Estimated reading time\" \/>\n\t<meta name=\"twitter:data1\" content=\"2 minutes\" \/>\n<script type=\"application\/ld+json\" class=\"yoast-schema-graph\">{\"@context\":\"https:\\\/\\\/schema.org\",\"@graph\":[{\"@type\":\"WebPage\",\"@id\":\"https:\\\/\\\/easyoriginal.com\\\/shop\\\/modern-franzoesisch-frank\\\/le-mystere-du-vin-empoisonne-das-geheimnis-des-vergifteten-weins\\\/\",\"url\":\"https:\\\/\\\/easyoriginal.com\\\/shop\\\/modern-franzoesisch-frank\\\/le-mystere-du-vin-empoisonne-das-geheimnis-des-vergifteten-weins\\\/\",\"name\":\"Le Myst\u00e8re du vin empoisonn\u00e9 - Das Geheimnis des vergifteten Weins - EasyOriginal.com\",\"isPartOf\":{\"@id\":\"https:\\\/\\\/easyoriginal.com\\\/#website\"},\"primaryImageOfPage\":{\"@id\":\"https:\\\/\\\/easyoriginal.com\\\/shop\\\/modern-franzoesisch-frank\\\/le-mystere-du-vin-empoisonne-das-geheimnis-des-vergifteten-weins\\\/#primaryimage\"},\"image\":{\"@id\":\"https:\\\/\\\/easyoriginal.com\\\/shop\\\/modern-franzoesisch-frank\\\/le-mystere-du-vin-empoisonne-das-geheimnis-des-vergifteten-weins\\\/#primaryimage\"},\"thumbnailUrl\":\"https:\\\/\\\/easyoriginal.com\\\/wp-content\\\/uploads\\\/Le-Mystere-du-Vin-Empoisonne_printcover.jpg\",\"datePublished\":\"2024-12-14T15:13:07+00:00\",\"dateModified\":\"2025-04-13T19:45:03+00:00\",\"breadcrumb\":{\"@id\":\"https:\\\/\\\/easyoriginal.com\\\/shop\\\/modern-franzoesisch-frank\\\/le-mystere-du-vin-empoisonne-das-geheimnis-des-vergifteten-weins\\\/#breadcrumb\"},\"inLanguage\":\"en-GB\",\"potentialAction\":[{\"@type\":\"ReadAction\",\"target\":[\"https:\\\/\\\/easyoriginal.com\\\/shop\\\/modern-franzoesisch-frank\\\/le-mystere-du-vin-empoisonne-das-geheimnis-des-vergifteten-weins\\\/\"]}]},{\"@type\":\"ImageObject\",\"inLanguage\":\"en-GB\",\"@id\":\"https:\\\/\\\/easyoriginal.com\\\/shop\\\/modern-franzoesisch-frank\\\/le-mystere-du-vin-empoisonne-das-geheimnis-des-vergifteten-weins\\\/#primaryimage\",\"url\":\"https:\\\/\\\/easyoriginal.com\\\/wp-content\\\/uploads\\\/Le-Mystere-du-Vin-Empoisonne_printcover.jpg\",\"contentUrl\":\"https:\\\/\\\/easyoriginal.com\\\/wp-content\\\/uploads\\\/Le-Mystere-du-Vin-Empoisonne_printcover.jpg\",\"width\":1600,\"height\":2400},{\"@type\":\"BreadcrumbList\",\"@id\":\"https:\\\/\\\/easyoriginal.com\\\/shop\\\/modern-franzoesisch-frank\\\/le-mystere-du-vin-empoisonne-das-geheimnis-des-vergifteten-weins\\\/#breadcrumb\",\"itemListElement\":[{\"@type\":\"ListItem\",\"position\":1,\"name\":\"Startseite\",\"item\":\"https:\\\/\\\/easyoriginal.com\\\/\"},{\"@type\":\"ListItem\",\"position\":2,\"name\":\"Shop\",\"item\":\"https:\\\/\\\/easyoriginal.com\\\/shop\\\/\"},{\"@type\":\"ListItem\",\"position\":3,\"name\":\"Le Myst\u00e8re du vin empoisonn\u00e9 &#8211; Das Geheimnis des vergifteten Weins\"}]},{\"@type\":\"WebSite\",\"@id\":\"https:\\\/\\\/easyoriginal.com\\\/#website\",\"url\":\"https:\\\/\\\/easyoriginal.com\\\/\",\"name\":\"EasyOriginal.com\",\"description\":\"Spa\u00df am Lesen im Original - Innovative Lesemethode f\u00fcr Fremdsprachen\",\"publisher\":{\"@id\":\"https:\\\/\\\/easyoriginal.com\\\/#organization\"},\"potentialAction\":[{\"@type\":\"SearchAction\",\"target\":{\"@type\":\"EntryPoint\",\"urlTemplate\":\"https:\\\/\\\/easyoriginal.com\\\/?s={search_term_string}\"},\"query-input\":{\"@type\":\"PropertyValueSpecification\",\"valueRequired\":true,\"valueName\":\"search_term_string\"}}],\"inLanguage\":\"en-GB\"},{\"@type\":\"Organization\",\"@id\":\"https:\\\/\\\/easyoriginal.com\\\/#organization\",\"name\":\"EasyOriginal Verlag\",\"url\":\"https:\\\/\\\/easyoriginal.com\\\/\",\"logo\":{\"@type\":\"ImageObject\",\"inLanguage\":\"en-GB\",\"@id\":\"https:\\\/\\\/easyoriginal.com\\\/#\\\/schema\\\/logo\\\/image\\\/\",\"url\":\"https:\\\/\\\/easyoriginal.com\\\/wp-content\\\/uploads\\\/2020\\\/08\\\/logo_main.png\",\"contentUrl\":\"https:\\\/\\\/easyoriginal.com\\\/wp-content\\\/uploads\\\/2020\\\/08\\\/logo_main.png\",\"width\":500,\"height\":103,\"caption\":\"EasyOriginal Verlag\"},\"image\":{\"@id\":\"https:\\\/\\\/easyoriginal.com\\\/#\\\/schema\\\/logo\\\/image\\\/\"}}]}<\/script>\n<!-- \/ Yoast SEO plugin. -->","yoast_head_json":{"title":"Le Myst\u00e8re du vin empoisonn\u00e9 - Das Geheimnis des vergifteten Weins - EasyOriginal.com","robots":{"index":"index","follow":"follow","max-snippet":"max-snippet:-1","max-image-preview":"max-image-preview:large","max-video-preview":"max-video-preview:-1"},"canonical":"https:\/\/easyoriginal.com\/en\/shop\/modern-franzoesisch-frank\/le-mystere-du-vin-empoisonne-das-geheimnis-des-vergifteten-weins\/","og_locale":"en_GB","og_type":"article","og_title":"Le Myst\u00e8re du vin empoisonn\u00e9 - Das Geheimnis des vergifteten Weins - EasyOriginal.com","og_description":"Bei einer exklusiven Weinprobe in Beaune brechen mehrere G\u00e4ste zusammen: Der edle Tropfen wurde vergiftet. Inspektorin Laurence Blanchard ermittelt in der verschworenen Welt der burgundischen Winzer. Wer steckt hinter dem Anschlag? Der traditionelle Winzer Lefort, der umstrittene Investor Mercier oder der geheimnisvolle Zur\u00fcckkehrer Durand? Zwischen sonnenverw\u00f6hnten Rebst\u00f6cken und k\u00fchlen Weinkellern deckt Blanchard ein Netz aus alten Fehden und dunklen Geheimnissen auf. Ein spannender Krimi, der Sie in die Welt des Burgunders entf\u00fchrt \u2013 wo hinter jedem Korken ein Geheimnis lauern kann. Fesselnd f\u00fcr Krimifans und Weinliebhaber! Tauchen Sie ein in die erste packende Geschichte der \"Vins et Crimes\" Serie und lassen Sie sich von der Brandung der Spannung mitrei\u00dfen! Zweisprachiges Buch Franz\u00f6sisch-Deutsch.","og_url":"https:\/\/easyoriginal.com\/en\/shop\/modern-franzoesisch-frank\/le-mystere-du-vin-empoisonne-das-geheimnis-des-vergifteten-weins\/","og_site_name":"EasyOriginal.com","article_modified_time":"2025-04-13T19:45:03+00:00","og_image":[{"width":1600,"height":2400,"url":"https:\/\/easyoriginal.com\/wp-content\/uploads\/Le-Mystere-du-Vin-Empoisonne_printcover.jpg","type":"image\/jpeg"}],"twitter_card":"summary_large_image","twitter_misc":{"Estimated reading time":"2 minutes"},"schema":{"@context":"https:\/\/schema.org","@graph":[{"@type":"WebPage","@id":"https:\/\/easyoriginal.com\/shop\/modern-franzoesisch-frank\/le-mystere-du-vin-empoisonne-das-geheimnis-des-vergifteten-weins\/","url":"https:\/\/easyoriginal.com\/shop\/modern-franzoesisch-frank\/le-mystere-du-vin-empoisonne-das-geheimnis-des-vergifteten-weins\/","name":"Le Myst\u00e8re du vin empoisonn\u00e9 - Das Geheimnis des vergifteten Weins - EasyOriginal.com","isPartOf":{"@id":"https:\/\/easyoriginal.com\/#website"},"primaryImageOfPage":{"@id":"https:\/\/easyoriginal.com\/shop\/modern-franzoesisch-frank\/le-mystere-du-vin-empoisonne-das-geheimnis-des-vergifteten-weins\/#primaryimage"},"image":{"@id":"https:\/\/easyoriginal.com\/shop\/modern-franzoesisch-frank\/le-mystere-du-vin-empoisonne-das-geheimnis-des-vergifteten-weins\/#primaryimage"},"thumbnailUrl":"https:\/\/easyoriginal.com\/wp-content\/uploads\/Le-Mystere-du-Vin-Empoisonne_printcover.jpg","datePublished":"2024-12-14T15:13:07+00:00","dateModified":"2025-04-13T19:45:03+00:00","breadcrumb":{"@id":"https:\/\/easyoriginal.com\/shop\/modern-franzoesisch-frank\/le-mystere-du-vin-empoisonne-das-geheimnis-des-vergifteten-weins\/#breadcrumb"},"inLanguage":"en-GB","potentialAction":[{"@type":"ReadAction","target":["https:\/\/easyoriginal.com\/shop\/modern-franzoesisch-frank\/le-mystere-du-vin-empoisonne-das-geheimnis-des-vergifteten-weins\/"]}]},{"@type":"ImageObject","inLanguage":"en-GB","@id":"https:\/\/easyoriginal.com\/shop\/modern-franzoesisch-frank\/le-mystere-du-vin-empoisonne-das-geheimnis-des-vergifteten-weins\/#primaryimage","url":"https:\/\/easyoriginal.com\/wp-content\/uploads\/Le-Mystere-du-Vin-Empoisonne_printcover.jpg","contentUrl":"https:\/\/easyoriginal.com\/wp-content\/uploads\/Le-Mystere-du-Vin-Empoisonne_printcover.jpg","width":1600,"height":2400},{"@type":"BreadcrumbList","@id":"https:\/\/easyoriginal.com\/shop\/modern-franzoesisch-frank\/le-mystere-du-vin-empoisonne-das-geheimnis-des-vergifteten-weins\/#breadcrumb","itemListElement":[{"@type":"ListItem","position":1,"name":"Startseite","item":"https:\/\/easyoriginal.com\/"},{"@type":"ListItem","position":2,"name":"Shop","item":"https:\/\/easyoriginal.com\/shop\/"},{"@type":"ListItem","position":3,"name":"Le Myst\u00e8re du vin empoisonn\u00e9 &#8211; Das Geheimnis des vergifteten Weins"}]},{"@type":"WebSite","@id":"https:\/\/easyoriginal.com\/#website","url":"https:\/\/easyoriginal.com\/","name":"EasyOriginal.com","description":"Spa\u00df am Lesen im Original - Innovative Lesemethode f\u00fcr Fremdsprachen","publisher":{"@id":"https:\/\/easyoriginal.com\/#organization"},"potentialAction":[{"@type":"SearchAction","target":{"@type":"EntryPoint","urlTemplate":"https:\/\/easyoriginal.com\/?s={search_term_string}"},"query-input":{"@type":"PropertyValueSpecification","valueRequired":true,"valueName":"search_term_string"}}],"inLanguage":"en-GB"},{"@type":"Organization","@id":"https:\/\/easyoriginal.com\/#organization","name":"EasyOriginal Verlag","url":"https:\/\/easyoriginal.com\/","logo":{"@type":"ImageObject","inLanguage":"en-GB","@id":"https:\/\/easyoriginal.com\/#\/schema\/logo\/image\/","url":"https:\/\/easyoriginal.com\/wp-content\/uploads\/2020\/08\/logo_main.png","contentUrl":"https:\/\/easyoriginal.com\/wp-content\/uploads\/2020\/08\/logo_main.png","width":500,"height":103,"caption":"EasyOriginal Verlag"},"image":{"@id":"https:\/\/easyoriginal.com\/#\/schema\/logo\/image\/"}}]}},"_links":{"self":[{"href":"https:\/\/easyoriginal.com\/en\/wp-json\/wp\/v2\/product\/14577","targetHints":{"allow":["GET"]}}],"collection":[{"href":"https:\/\/easyoriginal.com\/en\/wp-json\/wp\/v2\/product"}],"about":[{"href":"https:\/\/easyoriginal.com\/en\/wp-json\/wp\/v2\/types\/product"}],"replies":[{"embeddable":true,"href":"https:\/\/easyoriginal.com\/en\/wp-json\/wp\/v2\/comments?post=14577"}],"wp:featuredmedia":[{"embeddable":true,"href":"https:\/\/easyoriginal.com\/en\/wp-json\/wp\/v2\/media\/14586"}],"wp:attachment":[{"href":"https:\/\/easyoriginal.com\/en\/wp-json\/wp\/v2\/media?parent=14577"}],"wp:term":[{"taxonomy":"product_brand","embeddable":true,"href":"https:\/\/easyoriginal.com\/en\/wp-json\/wp\/v2\/product_brand?post=14577"},{"taxonomy":"product_cat","embeddable":true,"href":"https:\/\/easyoriginal.com\/en\/wp-json\/wp\/v2\/product_cat?post=14577"},{"taxonomy":"product_tag","embeddable":true,"href":"https:\/\/easyoriginal.com\/en\/wp-json\/wp\/v2\/product_tag?post=14577"}],"curies":[{"name":"wp","href":"https:\/\/api.w.org\/{rel}","templated":true}]}}