{"id":14541,"date":"2024-12-14T15:46:18","date_gmt":"2024-12-14T14:46:18","guid":{"rendered":"https:\/\/easyoriginal.com\/?post_type=product&#038;p=14541"},"modified":"2025-10-29T16:58:27","modified_gmt":"2025-10-29T15:58:27","slug":"le-silence-du-projecteur-das-schweigen-des-projektors","status":"publish","type":"product","link":"https:\/\/easyoriginal.com\/en\/shop\/modern-franzoesisch-frank\/le-silence-du-projecteur-das-schweigen-des-projektors\/","title":{"rendered":"Le Silence du projecteur &#8211; Das Schweigen des Projektors"},"content":{"rendered":"<div class=\"adapted-container\">\n<p class=\"Adapted\">Une soir\u00e9e de gala <span class=\"Translation\">(ein Galaabend)<\/span><\/p>\n<p class=\"Adapted\">Les lumi\u00e8res de la Croisette scintillaient <span class=\"Translation\">(die Lichter der Croisette <\/span><span class=\"Translation\"><span class=\"No-Break\">\/S<\/span><\/span><span class=\"Translation\">trandpromenade in Cannes<\/span><span class=\"Translation\"><span class=\"No-Break\">\/ <\/span><\/span><span class=\"Translation\">funkelte<\/span><span class=\"Translation\"><span class=\"No-Break\">n;<\/span><\/span><span class=\"Translation\"><span class=\"Comments\"> <\/span><\/span><span class=\"Translation\"><span class=\"Comment-Words\">scintiller<\/span><\/span><span class=\"Translation\"><span class=\"No-Break\"><span class=\"Comments\"> \u2014<\/span><\/span><\/span><span class=\"Translation\"><span class=\"Comments\"> funkel<\/span><\/span><span class=\"Translation\"><span class=\"No-Break\"><span class=\"Comments\">n;<\/span><\/span><\/span><span class=\"Translation\"><span class=\"Comments\"> schimmern<\/span><\/span><span class=\"Translation\">)<\/span> comme des milliers d&apos;\u00e9toiles <span class=\"Translation\">(wie tausend Stern<\/span><span class=\"Translation\"><span class=\"No-Break\">e;<\/span><\/span><span class=\"Translation\"> <\/span><span class=\"Translation\"><span class=\"Comments\">etoile<\/span><\/span><span class=\"Translation\"><span class=\"Sub _idGenCharOverride-1\">f<\/span><\/span><span class=\"Translation\">)<\/span> tomb\u00e9es du ciel <span class=\"Translation\">(die vom Himmel gefallen ware<\/span><span class=\"Translation\"><span class=\"No-Break\">n;<\/span><\/span><span class=\"Translation\"><span class=\"Comments\"> <\/span><\/span><span class=\"Translation\"><span class=\"Comment-Words\">tomber<\/span><\/span><span class=\"Translation\"><span class=\"No-Break\"><span class=\"Comments\"> \u2014<\/span><\/span><\/span><span class=\"Translation\"><span class=\"Comments\"> fallen<\/span><\/span><span class=\"Translation\">)<\/span>. La nuit de mai \u00e9tait douce <span class=\"Translation\">(die Mainacht war mild)<\/span>, embaum\u00e9e par le parfum des fleurs d&apos;oranger <span class=\"Translation\">(von dem Duft der Orangenbl\u00fcten erf\u00fcll<\/span><span class=\"Translation\"><span class=\"No-Break\">t;<\/span><\/span><span class=\"Translation\"><span class=\"Comments\"> <\/span><\/span><span class=\"Translation\"><span class=\"Comment-Words\">embaumer<\/span><\/span><span class=\"Translation\"><span class=\"No-Break\"><span class=\"Comments\"> \u2014<\/span><\/span><\/span><span class=\"Translation\"><span class=\"Comments\"> mit Duft erf\u00fclle<\/span><\/span><span class=\"Translation\"><span class=\"No-Break\"><span class=\"Comments\">n;<\/span><\/span><\/span><span class=\"Translation\"><span class=\"Comments\"> fleur<\/span><\/span><span class=\"Translation\"><span class=\"No-Break\"><span class=\"Sub _idGenCharOverride-1\">f<\/span><\/span><\/span><span class=\"Translation\"><span class=\"No-Break\"><span class=\"Comments\">;<\/span><\/span><\/span><span class=\"Translation\"><span class=\"Comments\"> <\/span><\/span><span class=\"Translation\"><span class=\"Comment-Words\">oranger<\/span><\/span><span class=\"Translation\"><span class=\"Sub _idGenCharOverride-1\">m<\/span><\/span><span class=\"Translation\"><span class=\"No-Break\"><span class=\"Comments\"> \u2014<\/span><\/span><\/span><span class=\"Translation\"><span class=\"Comments\"> Orangenbaum<\/span><\/span><span class=\"Translation\">)<\/span> et l&apos;excitation palpable <span class=\"Translation\">(und der sp\u00fcrbaren Aufregun<\/span><span class=\"Translation\"><span class=\"No-Break\">g;<\/span><\/span><span class=\"Translation\"><span class=\"Comments\"> <\/span><\/span><span class=\"Translation\"><span class=\"Comment-Words\">palpable<\/span><\/span><span class=\"Translation\"><span class=\"No-Break\"><span class=\"Comments\"> \u2014<\/span><\/span><\/span><span class=\"Translation\"><span class=\"Comments\"> sp\u00fcrba<\/span><\/span><span class=\"Translation\"><span class=\"No-Break\"><span class=\"Comments\">r;<\/span><\/span><\/span><span class=\"Translation\"><span class=\"Comments\"> greifbar<\/span><\/span><span class=\"Translation\">)<\/span> qui flottait dans l&apos;air <span class=\"Translation\">(die in der Luft la<\/span><span class=\"Translation\"><span class=\"No-Break\">g;<\/span><\/span><span class=\"Translation\"><span class=\"Comments\"> <\/span><\/span><span class=\"Translation\"><span class=\"Comment-Words\">flotter<\/span><\/span><span class=\"Translation\"><span class=\"No-Break\"><span class=\"Comments\"> \u2014<\/span><\/span><\/span><span class=\"Translation\"><span class=\"Comments\"> schweben<\/span><\/span><span class=\"Translation\">)<\/span>. Le 77e Festival de Cannes battait son plein <span class=\"Translation\">(das 77. Filmfestival von Cannes war in vollem Gang<\/span><span class=\"Translation\"><span class=\"No-Break\">e;<\/span><\/span><span class=\"Translation\"><span class=\"Comments\"> <\/span><\/span><span class=\"Translation\"><span class=\"Comment-Words\">battre son plein<\/span><\/span><span class=\"Translation\"><span class=\"No-Break\"><span class=\"Comments\"> \u2014<\/span><\/span><\/span><span class=\"Translation\"><span class=\"Comments\"> in vollem Gange sein<\/span><\/span><span class=\"Translation\">)<\/span>, attirant comme chaque ann\u00e9e son lot de stars <span class=\"Translation\">(wie jedes Jahr seine Reihe von Stars anlocken<\/span><span class=\"Translation\"><span class=\"No-Break\">d;<\/span><\/span><span class=\"Translation\"><span class=\"Comments\"> <\/span><\/span><span class=\"Translation\"><span class=\"Comment-Words\">attirer<\/span><\/span><span class=\"Translation\"><span class=\"No-Break\"><span class=\"Comments\"> \u2014<\/span><\/span><\/span><span class=\"Translation\"><span class=\"Comments\"> anziehe<\/span><\/span><span class=\"Translation\"><span class=\"No-Break\"><span class=\"Comments\">n;<\/span><\/span><\/span><span class=\"Translation\"><span class=\"Comments\"> anlocke<\/span><\/span><span class=\"Translation\"><span class=\"No-Break\"><span class=\"Comments\">n<\/span><\/span><\/span><span class=\"Translation\"><span class=\"No-Break\">;<\/span><\/span><span class=\"Translation\"><span class=\"Comments\"> <\/span><\/span><span class=\"Translation\"><span class=\"Comment-Words\">lot<\/span><\/span><span class=\"Translation\"><span class=\"Sub _idGenCharOverride-1\">m<\/span><\/span><span class=\"Translation\"><span class=\"No-Break\"><span class=\"Comments\"> \u2014<\/span><\/span><\/span><span class=\"Translation\"><span class=\"Comments\"> Anteil<\/span><\/span><span class=\"Translation\">)<\/span>, de paparazzis et de cin\u00e9philes du monde entier <span class=\"Translation\">(Paparazzi und Filmfans aus der ganzen Welt)<\/span>.<\/p>\n<\/div>\n<audio class=\"wp-audio-shortcode\" id=\"audio-14541-1\" preload=\"none\" style=\"width: 100%;\" controls=\"controls\"><source type=\"audio\/mpeg\" src=\"https:\/\/easyoriginal1.s3.eu-central-1.amazonaws.com\/franzoesisch\/f37\/001.mp3?_=1\" \/><a href=\"https:\/\/easyoriginal1.s3.eu-central-1.amazonaws.com\/franzoesisch\/f37\/001.mp3\">https:\/\/easyoriginal1.s3.eu-central-1.amazonaws.com\/franzoesisch\/f37\/001.mp3<\/a><\/audio>\n<div class=\"original-container\">\n<p class=\"Original\" lang=\"fr-FR\">Les lumi\u00e8res de la Croisette scintillaient comme des milliers d\u2019\u00e9toiles tomb\u00e9es du ciel. La nuit de mai \u00e9tait douce, embaum\u00e9e par le parfum des fleurs d\u2019oranger et l\u2019excitation palpable qui flottait dans l\u2019air. Le 77e Festival de Cannes battait son plein, attirant comme chaque ann\u00e9e son lot de stars, de paparazzis et de cin\u00e9philes du monde entier.<\/p>\n<\/div>","protected":false},"excerpt":{"rendered":"<p>Ein atemberaubender Thriller vom Filmfestival in Cannes<br \/>\nTauchen Sie ein in die schillernde Welt des Cannes Filmfestivals, wo Glamour und dunkle Geheimnisse Hand in Hand gehen. Als der renommierte Regisseur Victor Lefort tot aufgefunden wird, steht das Festival Kopf. Inspektor Flavien Delorme und die ehrgeizige Journalistin Margot Pelletier werden in einen Strudel aus Intrigen, Leidenschaft und Verrat gezogen.<br \/>\nWas verbirgt Leforts letzter Film? Warum musste der Regisseur sterben? Und wem kann man in einer Welt trauen, in der jeder eine Rolle spielt?<br \/>\nFolgen Sie Delorme und Pelletier auf ihrer rasanten Jagd nach der Wahrheit durch die Kulissen des ber\u00fchmtesten Filmfestivals der Welt. Jede Entdeckung bringt sie der schockierenden Wahrheit n\u00e4her &#8211; und in gr\u00f6\u00dfere Gefahr.<br \/>\nEin fesselnder Kriminalroman, der die Grenzen zwischen Realit\u00e4t und Fiktion verwischt und Sie bis zur letzten Seite in Atem h\u00e4lt. &#8222;Le Silence du projecteur&#8220; ist ein Must-Read f\u00fcr alle Fans von atmosph\u00e4rischen Thrillern und Liebhaber des franz\u00f6sischen Kinos.<br \/>\nLassen Sie sich von der Magie und den Abgr\u00fcnden der Filmwelt verzaubern &#8211; aber Vorsicht: Nichts ist, wie es auf den ersten Blick scheint!<br \/>\nTauchen Sie ein in die erste packende Geschichte der &#8222;Les Myst\u00e8res cin\u00e9matographique&#8220; Serie und lassen Sie sich von der Brandung der Spannung mitrei\u00dfen!<br \/>\nZweisprachiges Buch Franz\u00f6sisch-Deutsch.<\/p>","protected":false},"featured_media":14549,"comment_status":"open","ping_status":"closed","template":"","meta":{"_acf_changed":false,"_et_pb_use_builder":"off","_et_pb_old_content":"<div class=\"adapted-container\">\r\n<p class=\"Adapted\"><span class=\"Bold\">Hace mucho tiempo que ten\u00eda ganas de escribir <\/span><span class=\"Translation\">(seit langer Zeit hatte ich Lust zu schreiben; <\/span><span class=\"Translation\"><span class=\"Comment-Words\">tener<\/span><\/span><span class=\"Translation\"><span class=\"Comments\"> \u2014 haben<\/span><\/span><span class=\"Translation\">)<\/span><span class=\"Bold\"> cualquier cosa con este t\u00edtulo <\/span><span class=\"Translation\">(irgendetwas mit diesem Titel)<\/span><span class=\"Bold\">.<\/span><\/p>\r\n<p class=\"Adapted\"><span class=\"Bold\">Hoy<a id=\"_idTextAnchor001\"><\/a>, que se me ha presentado ocasi\u00f3n <\/span><span class=\"Translation\">(heute, wo sich mir \/eine\/ Gelegenheit geboten hat; <\/span><span class=\"Translation\"><span class=\"Comment-Words\">presentar<\/span><\/span><span class=\"Translation\"><span class=\"Comments\"> \u2014 zeigen; vorstellen<\/span><\/span><span class=\"Translation\">)<\/span><span class=\"Bold\">, lo he puesto con letras grandes <\/span><span class=\"Translation\">(das habe ich in gro\u00dfen Buchstaben gesetzt = habe ich es in Gro\u00dfbuchstaben gesetzt; <\/span><span class=\"Translation\"><span class=\"Comment-Words\">poner<\/span><\/span><span class=\"Translation\"><span class=\"Comments\"> \u2014 setzen; stellen; legen<\/span><\/span><span class=\"Translation\">)<\/span><span class=\"Bold\"> en la primera cuartilla de papel <\/span><span class=\"Translation\">(auf das erste Blatt: \u00abauf das erste Viertelpapier\u00bb; <\/span><span class=\"Translation\"><span class=\"Comment-Words\">cuarto<\/span><\/span><span class=\"Translation\"><span class=\"Gender _idGenCharOverride-1\">m <\/span><\/span><span class=\"Translation\"><span class=\"Comments\">\u2014 Viertel<\/span><\/span><span class=\"Translation\">)<\/span><span class=\"Bold\">, y luego he dejado a capricho volar la pluma <\/span><span class=\"Translation\">(und dann habe ich nach Belieben die Feder fliegen lassen; <\/span><span class=\"Translation\"><span class=\"Comment-Words\">dejar<\/span><\/span><span class=\"Translation\"><span class=\"Comments\"> \u2014 lassen; <\/span><\/span><span class=\"Translation\"><span class=\"Comment-Words\">capricho<\/span><\/span><span class=\"Translation\"><span class=\"Gender _idGenCharOverride-1\">m <\/span><\/span><span class=\"Translation\"><span class=\"Comments\">\u2014 Laune<\/span><\/span><span class=\"Translation\">)<\/span><span class=\"Bold\">.<\/span><\/p>\r\n\r\n<\/div>\r\n[audio mp3=\"https:\/\/easyoriginal1.s3.eu-central-1.amazonaws.com\/spanisch\/s1\/1.mp3\"][\/audio]\r\n<div class=\"original-container\">\r\n<p class=\"Original\">Hace mucho tiempo que ten\u00eda ganas de escribir cualquier cosa con este t\u00edtulo.<\/p>\r\n<p class=\"Original\">Hoy, que se me ha presentado ocasi\u00f3n, lo he puesto con letras grandes en la primera cuartilla de papel, y luego he dejado a capricho volar la pluma.<\/p>\r\n\r\n<\/div>\r\n<a class=\"weiter\" href=\"\/webreader\/los-ojos-verdes\/fragment\/1-4-2\/\">weiter lesen<\/a>","_et_gb_content_width":""},"product_brand":[],"product_cat":[266],"product_tag":[164,81],"class_list":{"0":"post-14541","1":"product","2":"type-product","3":"status-publish","4":"has-post-thumbnail","6":"product_cat-modern-franzoesisch-frank","7":"product_tag-anfaenger","8":"product_tag-krimi","10":"first","11":"instock","12":"taxable","13":"shipping-taxable","14":"purchasable","15":"product-type-variable"},"acf":[],"yoast_head":"<!-- This site is optimized with the Yoast SEO plugin v27.4 - https:\/\/yoast.com\/product\/yoast-seo-wordpress\/ -->\n<title>Le Silence du projecteur - Das Schweigen des Projektors - EasyOriginal.com<\/title>\n<meta name=\"robots\" content=\"index, follow, max-snippet:-1, max-image-preview:large, max-video-preview:-1\" \/>\n<link rel=\"canonical\" href=\"https:\/\/easyoriginal.com\/en\/shop\/modern-franzoesisch-frank\/le-silence-du-projecteur-das-schweigen-des-projektors\/\" \/>\n<meta property=\"og:locale\" content=\"en_GB\" \/>\n<meta property=\"og:type\" content=\"article\" \/>\n<meta property=\"og:title\" content=\"Le Silence du projecteur - Das Schweigen des Projektors - EasyOriginal.com\" \/>\n<meta property=\"og:description\" content=\"Ein atemberaubender Thriller vom Filmfestival in Cannes Tauchen Sie ein in die schillernde Welt des Cannes Filmfestivals, wo Glamour und dunkle Geheimnisse Hand in Hand gehen. Als der renommierte Regisseur Victor Lefort tot aufgefunden wird, steht das Festival Kopf. Inspektor Flavien Delorme und die ehrgeizige Journalistin Margot Pelletier werden in einen Strudel aus Intrigen, Leidenschaft und Verrat gezogen. Was verbirgt Leforts letzter Film? Warum musste der Regisseur sterben? Und wem kann man in einer Welt trauen, in der jeder eine Rolle spielt? Folgen Sie Delorme und Pelletier auf ihrer rasanten Jagd nach der Wahrheit durch die Kulissen des ber\u00fchmtesten Filmfestivals der Welt. Jede Entdeckung bringt sie der schockierenden Wahrheit n\u00e4her - und in gr\u00f6\u00dfere Gefahr. Ein fesselnder Kriminalroman, der die Grenzen zwischen Realit\u00e4t und Fiktion verwischt und Sie bis zur letzten Seite in Atem h\u00e4lt. &quot;Le Silence du projecteur&quot; ist ein Must-Read f\u00fcr alle Fans von atmosph\u00e4rischen Thrillern und Liebhaber des franz\u00f6sischen Kinos. Lassen Sie sich von der Magie und den Abgr\u00fcnden der Filmwelt verzaubern - aber Vorsicht: Nichts ist, wie es auf den ersten Blick scheint! Tauchen Sie ein in die erste packende Geschichte der &quot;Les Myst\u00e8res cin\u00e9matographique&quot; Serie und lassen Sie sich von der Brandung der Spannung mitrei\u00dfen! Zweisprachiges Buch Franz\u00f6sisch-Deutsch.\" \/>\n<meta property=\"og:url\" content=\"https:\/\/easyoriginal.com\/en\/shop\/modern-franzoesisch-frank\/le-silence-du-projecteur-das-schweigen-des-projektors\/\" \/>\n<meta property=\"og:site_name\" content=\"EasyOriginal.com\" \/>\n<meta property=\"article:modified_time\" content=\"2025-10-29T15:58:27+00:00\" \/>\n<meta property=\"og:image\" content=\"https:\/\/easyoriginal.com\/wp-content\/uploads\/Le-Silence-du-Projecteur_printcover.jpg\" \/>\n\t<meta property=\"og:image:width\" content=\"1600\" \/>\n\t<meta property=\"og:image:height\" content=\"2400\" \/>\n\t<meta property=\"og:image:type\" content=\"image\/jpeg\" \/>\n<meta name=\"twitter:card\" content=\"summary_large_image\" \/>\n<meta name=\"twitter:label1\" content=\"Estimated reading time\" \/>\n\t<meta name=\"twitter:data1\" content=\"2 minutes\" \/>\n<script type=\"application\/ld+json\" class=\"yoast-schema-graph\">{\"@context\":\"https:\\\/\\\/schema.org\",\"@graph\":[{\"@type\":\"WebPage\",\"@id\":\"https:\\\/\\\/easyoriginal.com\\\/shop\\\/modern-franzoesisch-frank\\\/le-silence-du-projecteur-das-schweigen-des-projektors\\\/\",\"url\":\"https:\\\/\\\/easyoriginal.com\\\/shop\\\/modern-franzoesisch-frank\\\/le-silence-du-projecteur-das-schweigen-des-projektors\\\/\",\"name\":\"Le Silence du projecteur - Das Schweigen des Projektors - EasyOriginal.com\",\"isPartOf\":{\"@id\":\"https:\\\/\\\/easyoriginal.com\\\/#website\"},\"primaryImageOfPage\":{\"@id\":\"https:\\\/\\\/easyoriginal.com\\\/shop\\\/modern-franzoesisch-frank\\\/le-silence-du-projecteur-das-schweigen-des-projektors\\\/#primaryimage\"},\"image\":{\"@id\":\"https:\\\/\\\/easyoriginal.com\\\/shop\\\/modern-franzoesisch-frank\\\/le-silence-du-projecteur-das-schweigen-des-projektors\\\/#primaryimage\"},\"thumbnailUrl\":\"https:\\\/\\\/easyoriginal.com\\\/wp-content\\\/uploads\\\/Le-Silence-du-Projecteur_printcover.jpg\",\"datePublished\":\"2024-12-14T14:46:18+00:00\",\"dateModified\":\"2025-10-29T15:58:27+00:00\",\"breadcrumb\":{\"@id\":\"https:\\\/\\\/easyoriginal.com\\\/shop\\\/modern-franzoesisch-frank\\\/le-silence-du-projecteur-das-schweigen-des-projektors\\\/#breadcrumb\"},\"inLanguage\":\"en-GB\",\"potentialAction\":[{\"@type\":\"ReadAction\",\"target\":[\"https:\\\/\\\/easyoriginal.com\\\/shop\\\/modern-franzoesisch-frank\\\/le-silence-du-projecteur-das-schweigen-des-projektors\\\/\"]}]},{\"@type\":\"ImageObject\",\"inLanguage\":\"en-GB\",\"@id\":\"https:\\\/\\\/easyoriginal.com\\\/shop\\\/modern-franzoesisch-frank\\\/le-silence-du-projecteur-das-schweigen-des-projektors\\\/#primaryimage\",\"url\":\"https:\\\/\\\/easyoriginal.com\\\/wp-content\\\/uploads\\\/Le-Silence-du-Projecteur_printcover.jpg\",\"contentUrl\":\"https:\\\/\\\/easyoriginal.com\\\/wp-content\\\/uploads\\\/Le-Silence-du-Projecteur_printcover.jpg\",\"width\":1600,\"height\":2400},{\"@type\":\"BreadcrumbList\",\"@id\":\"https:\\\/\\\/easyoriginal.com\\\/shop\\\/modern-franzoesisch-frank\\\/le-silence-du-projecteur-das-schweigen-des-projektors\\\/#breadcrumb\",\"itemListElement\":[{\"@type\":\"ListItem\",\"position\":1,\"name\":\"Startseite\",\"item\":\"https:\\\/\\\/easyoriginal.com\\\/\"},{\"@type\":\"ListItem\",\"position\":2,\"name\":\"Shop\",\"item\":\"https:\\\/\\\/easyoriginal.com\\\/shop\\\/\"},{\"@type\":\"ListItem\",\"position\":3,\"name\":\"Le Silence du projecteur &#8211; Das Schweigen des Projektors\"}]},{\"@type\":\"WebSite\",\"@id\":\"https:\\\/\\\/easyoriginal.com\\\/#website\",\"url\":\"https:\\\/\\\/easyoriginal.com\\\/\",\"name\":\"EasyOriginal.com\",\"description\":\"Spa\u00df am Lesen im Original - Innovative Lesemethode f\u00fcr Fremdsprachen\",\"publisher\":{\"@id\":\"https:\\\/\\\/easyoriginal.com\\\/#organization\"},\"potentialAction\":[{\"@type\":\"SearchAction\",\"target\":{\"@type\":\"EntryPoint\",\"urlTemplate\":\"https:\\\/\\\/easyoriginal.com\\\/?s={search_term_string}\"},\"query-input\":{\"@type\":\"PropertyValueSpecification\",\"valueRequired\":true,\"valueName\":\"search_term_string\"}}],\"inLanguage\":\"en-GB\"},{\"@type\":\"Organization\",\"@id\":\"https:\\\/\\\/easyoriginal.com\\\/#organization\",\"name\":\"EasyOriginal Verlag\",\"url\":\"https:\\\/\\\/easyoriginal.com\\\/\",\"logo\":{\"@type\":\"ImageObject\",\"inLanguage\":\"en-GB\",\"@id\":\"https:\\\/\\\/easyoriginal.com\\\/#\\\/schema\\\/logo\\\/image\\\/\",\"url\":\"https:\\\/\\\/easyoriginal.com\\\/wp-content\\\/uploads\\\/2020\\\/08\\\/logo_main.png\",\"contentUrl\":\"https:\\\/\\\/easyoriginal.com\\\/wp-content\\\/uploads\\\/2020\\\/08\\\/logo_main.png\",\"width\":500,\"height\":103,\"caption\":\"EasyOriginal Verlag\"},\"image\":{\"@id\":\"https:\\\/\\\/easyoriginal.com\\\/#\\\/schema\\\/logo\\\/image\\\/\"}}]}<\/script>\n<!-- \/ Yoast SEO plugin. -->","yoast_head_json":{"title":"Le Silence du projecteur - Das Schweigen des Projektors - EasyOriginal.com","robots":{"index":"index","follow":"follow","max-snippet":"max-snippet:-1","max-image-preview":"max-image-preview:large","max-video-preview":"max-video-preview:-1"},"canonical":"https:\/\/easyoriginal.com\/en\/shop\/modern-franzoesisch-frank\/le-silence-du-projecteur-das-schweigen-des-projektors\/","og_locale":"en_GB","og_type":"article","og_title":"Le Silence du projecteur - Das Schweigen des Projektors - EasyOriginal.com","og_description":"Ein atemberaubender Thriller vom Filmfestival in Cannes Tauchen Sie ein in die schillernde Welt des Cannes Filmfestivals, wo Glamour und dunkle Geheimnisse Hand in Hand gehen. Als der renommierte Regisseur Victor Lefort tot aufgefunden wird, steht das Festival Kopf. Inspektor Flavien Delorme und die ehrgeizige Journalistin Margot Pelletier werden in einen Strudel aus Intrigen, Leidenschaft und Verrat gezogen. Was verbirgt Leforts letzter Film? Warum musste der Regisseur sterben? Und wem kann man in einer Welt trauen, in der jeder eine Rolle spielt? Folgen Sie Delorme und Pelletier auf ihrer rasanten Jagd nach der Wahrheit durch die Kulissen des ber\u00fchmtesten Filmfestivals der Welt. Jede Entdeckung bringt sie der schockierenden Wahrheit n\u00e4her - und in gr\u00f6\u00dfere Gefahr. Ein fesselnder Kriminalroman, der die Grenzen zwischen Realit\u00e4t und Fiktion verwischt und Sie bis zur letzten Seite in Atem h\u00e4lt. \"Le Silence du projecteur\" ist ein Must-Read f\u00fcr alle Fans von atmosph\u00e4rischen Thrillern und Liebhaber des franz\u00f6sischen Kinos. Lassen Sie sich von der Magie und den Abgr\u00fcnden der Filmwelt verzaubern - aber Vorsicht: Nichts ist, wie es auf den ersten Blick scheint! Tauchen Sie ein in die erste packende Geschichte der \"Les Myst\u00e8res cin\u00e9matographique\" Serie und lassen Sie sich von der Brandung der Spannung mitrei\u00dfen! Zweisprachiges Buch Franz\u00f6sisch-Deutsch.","og_url":"https:\/\/easyoriginal.com\/en\/shop\/modern-franzoesisch-frank\/le-silence-du-projecteur-das-schweigen-des-projektors\/","og_site_name":"EasyOriginal.com","article_modified_time":"2025-10-29T15:58:27+00:00","og_image":[{"width":1600,"height":2400,"url":"https:\/\/easyoriginal.com\/wp-content\/uploads\/Le-Silence-du-Projecteur_printcover.jpg","type":"image\/jpeg"}],"twitter_card":"summary_large_image","twitter_misc":{"Estimated reading time":"2 minutes"},"schema":{"@context":"https:\/\/schema.org","@graph":[{"@type":"WebPage","@id":"https:\/\/easyoriginal.com\/shop\/modern-franzoesisch-frank\/le-silence-du-projecteur-das-schweigen-des-projektors\/","url":"https:\/\/easyoriginal.com\/shop\/modern-franzoesisch-frank\/le-silence-du-projecteur-das-schweigen-des-projektors\/","name":"Le Silence du projecteur - Das Schweigen des Projektors - EasyOriginal.com","isPartOf":{"@id":"https:\/\/easyoriginal.com\/#website"},"primaryImageOfPage":{"@id":"https:\/\/easyoriginal.com\/shop\/modern-franzoesisch-frank\/le-silence-du-projecteur-das-schweigen-des-projektors\/#primaryimage"},"image":{"@id":"https:\/\/easyoriginal.com\/shop\/modern-franzoesisch-frank\/le-silence-du-projecteur-das-schweigen-des-projektors\/#primaryimage"},"thumbnailUrl":"https:\/\/easyoriginal.com\/wp-content\/uploads\/Le-Silence-du-Projecteur_printcover.jpg","datePublished":"2024-12-14T14:46:18+00:00","dateModified":"2025-10-29T15:58:27+00:00","breadcrumb":{"@id":"https:\/\/easyoriginal.com\/shop\/modern-franzoesisch-frank\/le-silence-du-projecteur-das-schweigen-des-projektors\/#breadcrumb"},"inLanguage":"en-GB","potentialAction":[{"@type":"ReadAction","target":["https:\/\/easyoriginal.com\/shop\/modern-franzoesisch-frank\/le-silence-du-projecteur-das-schweigen-des-projektors\/"]}]},{"@type":"ImageObject","inLanguage":"en-GB","@id":"https:\/\/easyoriginal.com\/shop\/modern-franzoesisch-frank\/le-silence-du-projecteur-das-schweigen-des-projektors\/#primaryimage","url":"https:\/\/easyoriginal.com\/wp-content\/uploads\/Le-Silence-du-Projecteur_printcover.jpg","contentUrl":"https:\/\/easyoriginal.com\/wp-content\/uploads\/Le-Silence-du-Projecteur_printcover.jpg","width":1600,"height":2400},{"@type":"BreadcrumbList","@id":"https:\/\/easyoriginal.com\/shop\/modern-franzoesisch-frank\/le-silence-du-projecteur-das-schweigen-des-projektors\/#breadcrumb","itemListElement":[{"@type":"ListItem","position":1,"name":"Startseite","item":"https:\/\/easyoriginal.com\/"},{"@type":"ListItem","position":2,"name":"Shop","item":"https:\/\/easyoriginal.com\/shop\/"},{"@type":"ListItem","position":3,"name":"Le Silence du projecteur &#8211; Das Schweigen des Projektors"}]},{"@type":"WebSite","@id":"https:\/\/easyoriginal.com\/#website","url":"https:\/\/easyoriginal.com\/","name":"EasyOriginal.com","description":"Spa\u00df am Lesen im Original - Innovative Lesemethode f\u00fcr Fremdsprachen","publisher":{"@id":"https:\/\/easyoriginal.com\/#organization"},"potentialAction":[{"@type":"SearchAction","target":{"@type":"EntryPoint","urlTemplate":"https:\/\/easyoriginal.com\/?s={search_term_string}"},"query-input":{"@type":"PropertyValueSpecification","valueRequired":true,"valueName":"search_term_string"}}],"inLanguage":"en-GB"},{"@type":"Organization","@id":"https:\/\/easyoriginal.com\/#organization","name":"EasyOriginal Verlag","url":"https:\/\/easyoriginal.com\/","logo":{"@type":"ImageObject","inLanguage":"en-GB","@id":"https:\/\/easyoriginal.com\/#\/schema\/logo\/image\/","url":"https:\/\/easyoriginal.com\/wp-content\/uploads\/2020\/08\/logo_main.png","contentUrl":"https:\/\/easyoriginal.com\/wp-content\/uploads\/2020\/08\/logo_main.png","width":500,"height":103,"caption":"EasyOriginal Verlag"},"image":{"@id":"https:\/\/easyoriginal.com\/#\/schema\/logo\/image\/"}}]}},"_links":{"self":[{"href":"https:\/\/easyoriginal.com\/en\/wp-json\/wp\/v2\/product\/14541","targetHints":{"allow":["GET"]}}],"collection":[{"href":"https:\/\/easyoriginal.com\/en\/wp-json\/wp\/v2\/product"}],"about":[{"href":"https:\/\/easyoriginal.com\/en\/wp-json\/wp\/v2\/types\/product"}],"replies":[{"embeddable":true,"href":"https:\/\/easyoriginal.com\/en\/wp-json\/wp\/v2\/comments?post=14541"}],"wp:featuredmedia":[{"embeddable":true,"href":"https:\/\/easyoriginal.com\/en\/wp-json\/wp\/v2\/media\/14549"}],"wp:attachment":[{"href":"https:\/\/easyoriginal.com\/en\/wp-json\/wp\/v2\/media?parent=14541"}],"wp:term":[{"taxonomy":"product_brand","embeddable":true,"href":"https:\/\/easyoriginal.com\/en\/wp-json\/wp\/v2\/product_brand?post=14541"},{"taxonomy":"product_cat","embeddable":true,"href":"https:\/\/easyoriginal.com\/en\/wp-json\/wp\/v2\/product_cat?post=14541"},{"taxonomy":"product_tag","embeddable":true,"href":"https:\/\/easyoriginal.com\/en\/wp-json\/wp\/v2\/product_tag?post=14541"}],"curies":[{"name":"wp","href":"https:\/\/api.w.org\/{rel}","templated":true}]}}