{"id":14527,"date":"2024-12-14T15:16:06","date_gmt":"2024-12-14T14:16:06","guid":{"rendered":"https:\/\/easyoriginal.com\/?post_type=product&#038;p=14527"},"modified":"2025-07-29T11:22:37","modified_gmt":"2025-07-29T09:22:37","slug":"le-mystere-du-sable-bleu-das-geheimnis-des-blauen-sandes","status":"publish","type":"product","link":"https:\/\/easyoriginal.com\/en\/shop\/modern-franzoesisch-frank\/le-mystere-du-sable-bleu-das-geheimnis-des-blauen-sandes\/","title":{"rendered":"Le Myst\u00e8re du sable bleu &#8211; Das Geheimnis des blauen Sandes"},"content":{"rendered":"<div class=\"adapted-container\">\n<p class=\"Adapted\">Une d\u00e9couverte \u00e9tonnante <span class=\"Translation\">(eine erstaunliche Entdeckung)<\/span><\/p>\n<p class=\"Adapted _idGenParaOverride-1\">Le soleil se levait \u00e0 peine sur Saint-Cyprien-les-Flots <span class=\"Translation\">(die Sonne ging kaum \u00fcber Saint-Cyprien-les-Flots au<\/span><span class=\"Translation\"><span class=\"No-Break\">f;<\/span><\/span><span class=\"Translation\"><span class=\"Comments\"> <\/span><\/span><span class=\"Translation\"><span class=\"Comment-Words\">se lever<\/span><\/span><span class=\"Translation\"><span class=\"No-Break\"><span class=\"Comments\"> \u2014<\/span><\/span><\/span><span class=\"Translation\"><span class=\"Comments\"> aufgehe<\/span><\/span><span class=\"Translation\"><span class=\"No-Break\"><span class=\"Comments\">n;<\/span><\/span><\/span><span class=\"Translation\"><span class=\"Comments\"> aufstehen<\/span><\/span><span class=\"Translation\">)<\/span>, baignant la C\u00f4te d&apos;Azur d&apos;une lumi\u00e8re dor\u00e9e <span class=\"Translation\">(und badete die C\u00f4te d&apos;Azur in goldenem Lich<\/span><span class=\"Translation\"><span class=\"No-Break\">t;<\/span><\/span><span class=\"Translation\"><span class=\"Comments\"> <\/span><\/span><span class=\"Translation\"><span class=\"Comment-Words\">baigner<\/span><\/span><span class=\"Translation\"><span class=\"No-Break\"><span class=\"Comments\"> \u2014<\/span><\/span><\/span><span class=\"Translation\"><span class=\"Comments\"> bade<\/span><\/span><span class=\"Translation\"><span class=\"No-Break\"><span class=\"Comments\">n;<\/span><\/span><\/span><span class=\"Translation\"><span class=\"Comments\"> <\/span><\/span><span class=\"Translation\"><span class=\"Comment-Words\">dorer<\/span><\/span><span class=\"Translation\"><span class=\"No-Break\"><span class=\"Comments\"> \u2014<\/span><\/span><\/span><span class=\"Translation\"><span class=\"Comments\"> vergolde<\/span><\/span><span class=\"Translation\"><span class=\"No-Break\"><span class=\"Comments\">n;<\/span><\/span><\/span><span class=\"Translation\"><span class=\"Comments\"> <\/span><\/span><span class=\"Translation\"><span class=\"Comment-Words\">or<\/span><\/span><span class=\"Translation\"><span class=\"Sub _idGenCharOverride-1\">m<\/span><\/span><span class=\"Translation\"><span class=\"No-Break\"><span class=\"Comment-Words\"> <\/span><\/span><\/span><span class=\"Translation\"><span class=\"No-Break\"><span class=\"Comments\">\u2014<\/span><\/span><\/span><span class=\"Translation\"><span class=\"Comments\"> Gold<\/span><\/span><span class=\"Translation\">)<\/span>. Madame Rosalie Cl\u00e9ment, connue de tous comme Madame Rose <span class=\"Translation\">(Madame Rosalie Cl\u00e9ment, allen bekannt als Madame Ros<\/span><span class=\"Translation\"><span class=\"No-Break\">e;<\/span><\/span><span class=\"Translation\"><span class=\"Comments\"> <\/span><\/span><span class=\"Translation\"><span class=\"Comment-Words\">conna\u00eetre<\/span><\/span><span class=\"Translation\"><span class=\"No-Break\"><span class=\"Comments\"> \u2014<\/span><\/span><\/span><span class=\"Translation\"><span class=\"Comments\"> kennen<\/span><\/span><span class=\"Translation\">)<\/span>, marchait d&apos;un pas l\u00e9ger vers le club de plage &quot;Les Dauphins Bleus&quot; <span class=\"Translation\">(ging mit leichtem Schritt zum Strandclub &quot;Les Dauphins Bleus <\/span><span class=\"Translation\"><span class=\"No-Break\">\/D<\/span><\/span><span class=\"Translation\">ie Blauen Delphine<\/span><span class=\"Translation\"><span class=\"No-Break\">\/<\/span><\/span><span class=\"Translation\"><span class=\"No-Break\">&quot;<\/span><\/span><span class=\"Translation\"><span class=\"No-Break\">;<\/span><\/span><span class=\"Translation\"><span class=\"Comments\"> marcher<\/span><\/span><span class=\"Translation\">)<\/span>. Ses cheveux gris coup\u00e9s court \u00e9taient d\u00e9j\u00e0 orn\u00e9s d&apos;une petite fleur rose <span class=\"Translation\">(ihre kurz geschnittenen grauen Haare waren bereits mit einer kleinen rosa Blume geschm\u00fcck<\/span><span class=\"Translation\"><span class=\"No-Break\">t;<\/span><\/span><span class=\"Translation\"> <\/span><span class=\"Translation\"><span class=\"Comments\">cheveu<\/span><\/span><span class=\"Translation\"><span class=\"No-Break\"><span class=\"Sub _idGenCharOverride-1\">m<\/span><\/span><\/span><span class=\"Translation\"><span class=\"No-Break\"><span class=\"Comment-Words\">;<\/span><\/span><\/span><span class=\"Translation\"><span class=\"Comment-Words\"> couper<\/span><\/span><span class=\"Translation\"><span class=\"No-Break\"><span class=\"Comments\"> \u2014<\/span><\/span><\/span><span class=\"Translation\"><span class=\"Comments\"> schneide<\/span><\/span><span class=\"Translation\"><span class=\"No-Break\"><span class=\"Comments\">n;<\/span><\/span><\/span><span class=\"Translation\"><span class=\"Comments\"> <\/span><\/span><span class=\"Translation\"><span class=\"Comment-Words\">orner<\/span><\/span><span class=\"Translation\"><span class=\"No-Break\"><span class=\"Comments\"> \u2014<\/span><\/span><\/span><span class=\"Translation\"><span class=\"Comments\"> schm\u00fccke<\/span><\/span><span class=\"Translation\"><span class=\"No-Break\"><span class=\"Comments\">n;<\/span><\/span><\/span><span class=\"Translation\"><span class=\"Comments\"> verzieren<\/span><\/span><span class=\"Translation\">)<\/span>, comme chaque matin depuis trente ans <span class=\"Translation\">(wie jeden Morgen seit drei\u00dfig Jahre<\/span><span class=\"Translation\"><span class=\"No-Break\">n;<\/span><\/span><span class=\"Translation\"><span class=\"Comments\"> an<\/span><\/span><span class=\"Translation\"><span class=\"Sub _idGenCharOverride-1\">m<\/span><\/span><span class=\"Translation\">)<\/span>.<\/p>\n<\/div>\n<audio class=\"wp-audio-shortcode\" id=\"audio-14527-1\" preload=\"none\" style=\"width: 100%;\" controls=\"controls\"><source type=\"audio\/mpeg\" src=\"https:\/\/easyoriginal1.s3.eu-central-1.amazonaws.com\/franzoesisch\/f36\/001.mp3?_=1\" \/><a href=\"https:\/\/easyoriginal1.s3.eu-central-1.amazonaws.com\/franzoesisch\/f36\/001.mp3\">https:\/\/easyoriginal1.s3.eu-central-1.amazonaws.com\/franzoesisch\/f36\/001.mp3<\/a><\/audio>\n<div class=\"original-container\">\n<p class=\"Original\" lang=\"fr-FR\">Le soleil se levait \u00e0 peine sur Saint-Cyprien-les-Flots, baignant la C\u00f4te d\u2019Azur d\u2019une lumi\u00e8re dor\u00e9e. Madame Rosalie Cl\u00e9ment, connue de tous comme Madame Rose, marchait d\u2019un pas l\u00e9ger vers le club de plage &quot;Les Dauphins Bleus&quot;. Ses cheveux gris coup\u00e9s court \u00e9taient d\u00e9j\u00e0 orn\u00e9s d\u2019une petite fleur rose, comme chaque matin depuis trente ans.<\/p>\n<\/div>","protected":false},"excerpt":{"rendered":"<p>Mysteri\u00f6ses Leuchten an der C\u00f4te d&#8217;Azur<br \/>\nEin r\u00e4tselhaftes Ph\u00e4nomen versetzt den idyllischen Badeort Saint-Cyprien-les-Flots in Aufruhr: \u00dcber Nacht tauchen pl\u00f6tzlich leuchtend blaue Flecken im goldenen Sand auf!<br \/>\nW\u00e4hrend die Erwachsenen ratlos sind, wittern die drei Freunde L\u00e9o, Chlo\u00e9 und Hugo ein spannendes Abenteuer. Entschlossen machen sie sich daran, das Geheimnis des blauen Sandes zu l\u00fcften. Doch je tiefer sie in den Fall eintauchen, desto mehr R\u00e4tsel tun sich auf:<br \/>\nWarum verschwindet das Leuchten tags\u00fcber? Was hat es mit dem geheimnisvollen Fremden auf sich, der nachts am Strand herumschleicht? Und wieso scheint das Meer pl\u00f6tzlich von innen zu gl\u00fchen?<br \/>\nDie jungen Detektive riskieren alles, um der Wahrheit auf die Spur zu kommen &#8211; und entdecken dabei nicht nur ein faszinierendes Naturph\u00e4nomen, sondern auch die Kraft von Freundschaft, Neugier und Mut.<br \/>\nTauchen Sie ein in eine magische Geschichte voller Spannung, Humor und mediterranem Flair. &#8222;Le Myst\u00e8re du sable bleu&#8220; ist ein mitrei\u00dfendes Abenteuer f\u00fcr Jung und Alt, das Sie bis zur letzten Seite in seinen Bann ziehen wird.<br \/>\nTauchen Sie ein in die erste packende Geschichte der &#8222;Les Enqu\u00eates du club de plage&#8220; (&#8222;Die Ermittlungen des Strandclubs&#8220;) Serie und lassen Sie sich von der Brandung der Spannung mitrei\u00dfen!<br \/>\nZweisprachiges Buch Franz\u00f6sisch-Deutsch.<\/p>","protected":false},"featured_media":14537,"comment_status":"open","ping_status":"closed","template":"","meta":{"_acf_changed":false,"_et_pb_use_builder":"off","_et_pb_old_content":"<div class=\"adapted-container\">\r\n<p class=\"Adapted\"><span class=\"Bold\">Hace mucho tiempo que ten\u00eda ganas de escribir <\/span><span class=\"Translation\">(seit langer Zeit hatte ich Lust zu schreiben; <\/span><span class=\"Translation\"><span class=\"Comment-Words\">tener<\/span><\/span><span class=\"Translation\"><span class=\"Comments\"> \u2014 haben<\/span><\/span><span class=\"Translation\">)<\/span><span class=\"Bold\"> cualquier cosa con este t\u00edtulo <\/span><span class=\"Translation\">(irgendetwas mit diesem Titel)<\/span><span class=\"Bold\">.<\/span><\/p>\r\n<p class=\"Adapted\"><span class=\"Bold\">Hoy<a id=\"_idTextAnchor001\"><\/a>, que se me ha presentado ocasi\u00f3n <\/span><span class=\"Translation\">(heute, wo sich mir \/eine\/ Gelegenheit geboten hat; <\/span><span class=\"Translation\"><span class=\"Comment-Words\">presentar<\/span><\/span><span class=\"Translation\"><span class=\"Comments\"> \u2014 zeigen; vorstellen<\/span><\/span><span class=\"Translation\">)<\/span><span class=\"Bold\">, lo he puesto con letras grandes <\/span><span class=\"Translation\">(das habe ich in gro\u00dfen Buchstaben gesetzt = habe ich es in Gro\u00dfbuchstaben gesetzt; <\/span><span class=\"Translation\"><span class=\"Comment-Words\">poner<\/span><\/span><span class=\"Translation\"><span class=\"Comments\"> \u2014 setzen; stellen; legen<\/span><\/span><span class=\"Translation\">)<\/span><span class=\"Bold\"> en la primera cuartilla de papel <\/span><span class=\"Translation\">(auf das erste Blatt: \u00abauf das erste Viertelpapier\u00bb; <\/span><span class=\"Translation\"><span class=\"Comment-Words\">cuarto<\/span><\/span><span class=\"Translation\"><span class=\"Gender _idGenCharOverride-1\">m <\/span><\/span><span class=\"Translation\"><span class=\"Comments\">\u2014 Viertel<\/span><\/span><span class=\"Translation\">)<\/span><span class=\"Bold\">, y luego he dejado a capricho volar la pluma <\/span><span class=\"Translation\">(und dann habe ich nach Belieben die Feder fliegen lassen; <\/span><span class=\"Translation\"><span class=\"Comment-Words\">dejar<\/span><\/span><span class=\"Translation\"><span class=\"Comments\"> \u2014 lassen; <\/span><\/span><span class=\"Translation\"><span class=\"Comment-Words\">capricho<\/span><\/span><span class=\"Translation\"><span class=\"Gender _idGenCharOverride-1\">m <\/span><\/span><span class=\"Translation\"><span class=\"Comments\">\u2014 Laune<\/span><\/span><span class=\"Translation\">)<\/span><span class=\"Bold\">.<\/span><\/p>\r\n\r\n<\/div>\r\n[audio mp3=\"https:\/\/easyoriginal1.s3.eu-central-1.amazonaws.com\/spanisch\/s1\/1.mp3\"][\/audio]\r\n<div class=\"original-container\">\r\n<p class=\"Original\">Hace mucho tiempo que ten\u00eda ganas de escribir cualquier cosa con este t\u00edtulo.<\/p>\r\n<p class=\"Original\">Hoy, que se me ha presentado ocasi\u00f3n, lo he puesto con letras grandes en la primera cuartilla de papel, y luego he dejado a capricho volar la pluma.<\/p>\r\n\r\n<\/div>\r\n<a class=\"weiter\" href=\"\/webreader\/los-ojos-verdes\/fragment\/1-4-2\/\">weiter lesen<\/a>","_et_gb_content_width":""},"product_brand":[],"product_cat":[266],"product_tag":[164,81],"class_list":{"0":"post-14527","1":"product","2":"type-product","3":"status-publish","4":"has-post-thumbnail","6":"product_cat-modern-franzoesisch-frank","7":"product_tag-anfaenger","8":"product_tag-krimi","10":"first","11":"instock","12":"taxable","13":"shipping-taxable","14":"purchasable","15":"product-type-variable"},"acf":[],"yoast_head":"<!-- This site is optimized with the Yoast SEO plugin v27.3 - https:\/\/yoast.com\/product\/yoast-seo-wordpress\/ -->\n<title>Le Myst\u00e8re du sable bleu - Das Geheimnis des blauen Sandes - EasyOriginal.com<\/title>\n<meta name=\"robots\" content=\"index, follow, max-snippet:-1, max-image-preview:large, max-video-preview:-1\" \/>\n<link rel=\"canonical\" href=\"https:\/\/easyoriginal.com\/en\/shop\/modern-franzoesisch-frank\/le-mystere-du-sable-bleu-das-geheimnis-des-blauen-sandes\/\" \/>\n<meta property=\"og:locale\" content=\"en_GB\" \/>\n<meta property=\"og:type\" content=\"article\" \/>\n<meta property=\"og:title\" content=\"Le Myst\u00e8re du sable bleu - Das Geheimnis des blauen Sandes - EasyOriginal.com\" \/>\n<meta property=\"og:description\" content=\"Mysteri\u00f6ses Leuchten an der C\u00f4te d&#039;Azur Ein r\u00e4tselhaftes Ph\u00e4nomen versetzt den idyllischen Badeort Saint-Cyprien-les-Flots in Aufruhr: \u00dcber Nacht tauchen pl\u00f6tzlich leuchtend blaue Flecken im goldenen Sand auf! W\u00e4hrend die Erwachsenen ratlos sind, wittern die drei Freunde L\u00e9o, Chlo\u00e9 und Hugo ein spannendes Abenteuer. Entschlossen machen sie sich daran, das Geheimnis des blauen Sandes zu l\u00fcften. Doch je tiefer sie in den Fall eintauchen, desto mehr R\u00e4tsel tun sich auf: Warum verschwindet das Leuchten tags\u00fcber? Was hat es mit dem geheimnisvollen Fremden auf sich, der nachts am Strand herumschleicht? Und wieso scheint das Meer pl\u00f6tzlich von innen zu gl\u00fchen? Die jungen Detektive riskieren alles, um der Wahrheit auf die Spur zu kommen - und entdecken dabei nicht nur ein faszinierendes Naturph\u00e4nomen, sondern auch die Kraft von Freundschaft, Neugier und Mut. Tauchen Sie ein in eine magische Geschichte voller Spannung, Humor und mediterranem Flair. &quot;Le Myst\u00e8re du sable bleu&quot; ist ein mitrei\u00dfendes Abenteuer f\u00fcr Jung und Alt, das Sie bis zur letzten Seite in seinen Bann ziehen wird. Tauchen Sie ein in die erste packende Geschichte der &quot;Les Enqu\u00eates du club de plage&quot; (&quot;Die Ermittlungen des Strandclubs&quot;) Serie und lassen Sie sich von der Brandung der Spannung mitrei\u00dfen! Zweisprachiges Buch Franz\u00f6sisch-Deutsch.\" \/>\n<meta property=\"og:url\" content=\"https:\/\/easyoriginal.com\/en\/shop\/modern-franzoesisch-frank\/le-mystere-du-sable-bleu-das-geheimnis-des-blauen-sandes\/\" \/>\n<meta property=\"og:site_name\" content=\"EasyOriginal.com\" \/>\n<meta property=\"article:modified_time\" content=\"2025-07-29T09:22:37+00:00\" \/>\n<meta property=\"og:image\" content=\"https:\/\/easyoriginal.com\/wp-content\/uploads\/Le-Mystere-du-Sable-Bleu_printcover.jpg\" \/>\n\t<meta property=\"og:image:width\" content=\"1600\" \/>\n\t<meta property=\"og:image:height\" content=\"2400\" \/>\n\t<meta property=\"og:image:type\" content=\"image\/jpeg\" \/>\n<meta name=\"twitter:card\" content=\"summary_large_image\" \/>\n<meta name=\"twitter:label1\" content=\"Estimated reading time\" \/>\n\t<meta name=\"twitter:data1\" content=\"2 minutes\" \/>\n<script type=\"application\/ld+json\" class=\"yoast-schema-graph\">{\"@context\":\"https:\\\/\\\/schema.org\",\"@graph\":[{\"@type\":\"WebPage\",\"@id\":\"https:\\\/\\\/easyoriginal.com\\\/shop\\\/modern-franzoesisch-frank\\\/le-mystere-du-sable-bleu-das-geheimnis-des-blauen-sandes\\\/\",\"url\":\"https:\\\/\\\/easyoriginal.com\\\/shop\\\/modern-franzoesisch-frank\\\/le-mystere-du-sable-bleu-das-geheimnis-des-blauen-sandes\\\/\",\"name\":\"Le Myst\u00e8re du sable bleu - Das Geheimnis des blauen Sandes - EasyOriginal.com\",\"isPartOf\":{\"@id\":\"https:\\\/\\\/easyoriginal.com\\\/#website\"},\"primaryImageOfPage\":{\"@id\":\"https:\\\/\\\/easyoriginal.com\\\/shop\\\/modern-franzoesisch-frank\\\/le-mystere-du-sable-bleu-das-geheimnis-des-blauen-sandes\\\/#primaryimage\"},\"image\":{\"@id\":\"https:\\\/\\\/easyoriginal.com\\\/shop\\\/modern-franzoesisch-frank\\\/le-mystere-du-sable-bleu-das-geheimnis-des-blauen-sandes\\\/#primaryimage\"},\"thumbnailUrl\":\"https:\\\/\\\/easyoriginal.com\\\/wp-content\\\/uploads\\\/Le-Mystere-du-Sable-Bleu_printcover.jpg\",\"datePublished\":\"2024-12-14T14:16:06+00:00\",\"dateModified\":\"2025-07-29T09:22:37+00:00\",\"breadcrumb\":{\"@id\":\"https:\\\/\\\/easyoriginal.com\\\/shop\\\/modern-franzoesisch-frank\\\/le-mystere-du-sable-bleu-das-geheimnis-des-blauen-sandes\\\/#breadcrumb\"},\"inLanguage\":\"en-GB\",\"potentialAction\":[{\"@type\":\"ReadAction\",\"target\":[\"https:\\\/\\\/easyoriginal.com\\\/shop\\\/modern-franzoesisch-frank\\\/le-mystere-du-sable-bleu-das-geheimnis-des-blauen-sandes\\\/\"]}]},{\"@type\":\"ImageObject\",\"inLanguage\":\"en-GB\",\"@id\":\"https:\\\/\\\/easyoriginal.com\\\/shop\\\/modern-franzoesisch-frank\\\/le-mystere-du-sable-bleu-das-geheimnis-des-blauen-sandes\\\/#primaryimage\",\"url\":\"https:\\\/\\\/easyoriginal.com\\\/wp-content\\\/uploads\\\/Le-Mystere-du-Sable-Bleu_printcover.jpg\",\"contentUrl\":\"https:\\\/\\\/easyoriginal.com\\\/wp-content\\\/uploads\\\/Le-Mystere-du-Sable-Bleu_printcover.jpg\",\"width\":1600,\"height\":2400},{\"@type\":\"BreadcrumbList\",\"@id\":\"https:\\\/\\\/easyoriginal.com\\\/shop\\\/modern-franzoesisch-frank\\\/le-mystere-du-sable-bleu-das-geheimnis-des-blauen-sandes\\\/#breadcrumb\",\"itemListElement\":[{\"@type\":\"ListItem\",\"position\":1,\"name\":\"Startseite\",\"item\":\"https:\\\/\\\/easyoriginal.com\\\/\"},{\"@type\":\"ListItem\",\"position\":2,\"name\":\"Shop\",\"item\":\"https:\\\/\\\/easyoriginal.com\\\/shop\\\/\"},{\"@type\":\"ListItem\",\"position\":3,\"name\":\"Le Myst\u00e8re du sable bleu &#8211; Das Geheimnis des blauen Sandes\"}]},{\"@type\":\"WebSite\",\"@id\":\"https:\\\/\\\/easyoriginal.com\\\/#website\",\"url\":\"https:\\\/\\\/easyoriginal.com\\\/\",\"name\":\"EasyOriginal.com\",\"description\":\"Spa\u00df am Lesen im Original - Innovative Lesemethode f\u00fcr Fremdsprachen\",\"publisher\":{\"@id\":\"https:\\\/\\\/easyoriginal.com\\\/#organization\"},\"potentialAction\":[{\"@type\":\"SearchAction\",\"target\":{\"@type\":\"EntryPoint\",\"urlTemplate\":\"https:\\\/\\\/easyoriginal.com\\\/?s={search_term_string}\"},\"query-input\":{\"@type\":\"PropertyValueSpecification\",\"valueRequired\":true,\"valueName\":\"search_term_string\"}}],\"inLanguage\":\"en-GB\"},{\"@type\":\"Organization\",\"@id\":\"https:\\\/\\\/easyoriginal.com\\\/#organization\",\"name\":\"EasyOriginal Verlag\",\"url\":\"https:\\\/\\\/easyoriginal.com\\\/\",\"logo\":{\"@type\":\"ImageObject\",\"inLanguage\":\"en-GB\",\"@id\":\"https:\\\/\\\/easyoriginal.com\\\/#\\\/schema\\\/logo\\\/image\\\/\",\"url\":\"https:\\\/\\\/easyoriginal.com\\\/wp-content\\\/uploads\\\/2020\\\/08\\\/logo_main.png\",\"contentUrl\":\"https:\\\/\\\/easyoriginal.com\\\/wp-content\\\/uploads\\\/2020\\\/08\\\/logo_main.png\",\"width\":500,\"height\":103,\"caption\":\"EasyOriginal Verlag\"},\"image\":{\"@id\":\"https:\\\/\\\/easyoriginal.com\\\/#\\\/schema\\\/logo\\\/image\\\/\"}}]}<\/script>\n<!-- \/ Yoast SEO plugin. -->","yoast_head_json":{"title":"Le Myst\u00e8re du sable bleu - Das Geheimnis des blauen Sandes - EasyOriginal.com","robots":{"index":"index","follow":"follow","max-snippet":"max-snippet:-1","max-image-preview":"max-image-preview:large","max-video-preview":"max-video-preview:-1"},"canonical":"https:\/\/easyoriginal.com\/en\/shop\/modern-franzoesisch-frank\/le-mystere-du-sable-bleu-das-geheimnis-des-blauen-sandes\/","og_locale":"en_GB","og_type":"article","og_title":"Le Myst\u00e8re du sable bleu - Das Geheimnis des blauen Sandes - EasyOriginal.com","og_description":"Mysteri\u00f6ses Leuchten an der C\u00f4te d'Azur Ein r\u00e4tselhaftes Ph\u00e4nomen versetzt den idyllischen Badeort Saint-Cyprien-les-Flots in Aufruhr: \u00dcber Nacht tauchen pl\u00f6tzlich leuchtend blaue Flecken im goldenen Sand auf! W\u00e4hrend die Erwachsenen ratlos sind, wittern die drei Freunde L\u00e9o, Chlo\u00e9 und Hugo ein spannendes Abenteuer. Entschlossen machen sie sich daran, das Geheimnis des blauen Sandes zu l\u00fcften. Doch je tiefer sie in den Fall eintauchen, desto mehr R\u00e4tsel tun sich auf: Warum verschwindet das Leuchten tags\u00fcber? Was hat es mit dem geheimnisvollen Fremden auf sich, der nachts am Strand herumschleicht? Und wieso scheint das Meer pl\u00f6tzlich von innen zu gl\u00fchen? Die jungen Detektive riskieren alles, um der Wahrheit auf die Spur zu kommen - und entdecken dabei nicht nur ein faszinierendes Naturph\u00e4nomen, sondern auch die Kraft von Freundschaft, Neugier und Mut. Tauchen Sie ein in eine magische Geschichte voller Spannung, Humor und mediterranem Flair. \"Le Myst\u00e8re du sable bleu\" ist ein mitrei\u00dfendes Abenteuer f\u00fcr Jung und Alt, das Sie bis zur letzten Seite in seinen Bann ziehen wird. Tauchen Sie ein in die erste packende Geschichte der \"Les Enqu\u00eates du club de plage\" (\"Die Ermittlungen des Strandclubs\") Serie und lassen Sie sich von der Brandung der Spannung mitrei\u00dfen! Zweisprachiges Buch Franz\u00f6sisch-Deutsch.","og_url":"https:\/\/easyoriginal.com\/en\/shop\/modern-franzoesisch-frank\/le-mystere-du-sable-bleu-das-geheimnis-des-blauen-sandes\/","og_site_name":"EasyOriginal.com","article_modified_time":"2025-07-29T09:22:37+00:00","og_image":[{"width":1600,"height":2400,"url":"https:\/\/easyoriginal.com\/wp-content\/uploads\/Le-Mystere-du-Sable-Bleu_printcover.jpg","type":"image\/jpeg"}],"twitter_card":"summary_large_image","twitter_misc":{"Estimated reading time":"2 minutes"},"schema":{"@context":"https:\/\/schema.org","@graph":[{"@type":"WebPage","@id":"https:\/\/easyoriginal.com\/shop\/modern-franzoesisch-frank\/le-mystere-du-sable-bleu-das-geheimnis-des-blauen-sandes\/","url":"https:\/\/easyoriginal.com\/shop\/modern-franzoesisch-frank\/le-mystere-du-sable-bleu-das-geheimnis-des-blauen-sandes\/","name":"Le Myst\u00e8re du sable bleu - Das Geheimnis des blauen Sandes - EasyOriginal.com","isPartOf":{"@id":"https:\/\/easyoriginal.com\/#website"},"primaryImageOfPage":{"@id":"https:\/\/easyoriginal.com\/shop\/modern-franzoesisch-frank\/le-mystere-du-sable-bleu-das-geheimnis-des-blauen-sandes\/#primaryimage"},"image":{"@id":"https:\/\/easyoriginal.com\/shop\/modern-franzoesisch-frank\/le-mystere-du-sable-bleu-das-geheimnis-des-blauen-sandes\/#primaryimage"},"thumbnailUrl":"https:\/\/easyoriginal.com\/wp-content\/uploads\/Le-Mystere-du-Sable-Bleu_printcover.jpg","datePublished":"2024-12-14T14:16:06+00:00","dateModified":"2025-07-29T09:22:37+00:00","breadcrumb":{"@id":"https:\/\/easyoriginal.com\/shop\/modern-franzoesisch-frank\/le-mystere-du-sable-bleu-das-geheimnis-des-blauen-sandes\/#breadcrumb"},"inLanguage":"en-GB","potentialAction":[{"@type":"ReadAction","target":["https:\/\/easyoriginal.com\/shop\/modern-franzoesisch-frank\/le-mystere-du-sable-bleu-das-geheimnis-des-blauen-sandes\/"]}]},{"@type":"ImageObject","inLanguage":"en-GB","@id":"https:\/\/easyoriginal.com\/shop\/modern-franzoesisch-frank\/le-mystere-du-sable-bleu-das-geheimnis-des-blauen-sandes\/#primaryimage","url":"https:\/\/easyoriginal.com\/wp-content\/uploads\/Le-Mystere-du-Sable-Bleu_printcover.jpg","contentUrl":"https:\/\/easyoriginal.com\/wp-content\/uploads\/Le-Mystere-du-Sable-Bleu_printcover.jpg","width":1600,"height":2400},{"@type":"BreadcrumbList","@id":"https:\/\/easyoriginal.com\/shop\/modern-franzoesisch-frank\/le-mystere-du-sable-bleu-das-geheimnis-des-blauen-sandes\/#breadcrumb","itemListElement":[{"@type":"ListItem","position":1,"name":"Startseite","item":"https:\/\/easyoriginal.com\/"},{"@type":"ListItem","position":2,"name":"Shop","item":"https:\/\/easyoriginal.com\/shop\/"},{"@type":"ListItem","position":3,"name":"Le Myst\u00e8re du sable bleu &#8211; Das Geheimnis des blauen Sandes"}]},{"@type":"WebSite","@id":"https:\/\/easyoriginal.com\/#website","url":"https:\/\/easyoriginal.com\/","name":"EasyOriginal.com","description":"Spa\u00df am Lesen im Original - Innovative Lesemethode f\u00fcr Fremdsprachen","publisher":{"@id":"https:\/\/easyoriginal.com\/#organization"},"potentialAction":[{"@type":"SearchAction","target":{"@type":"EntryPoint","urlTemplate":"https:\/\/easyoriginal.com\/?s={search_term_string}"},"query-input":{"@type":"PropertyValueSpecification","valueRequired":true,"valueName":"search_term_string"}}],"inLanguage":"en-GB"},{"@type":"Organization","@id":"https:\/\/easyoriginal.com\/#organization","name":"EasyOriginal Verlag","url":"https:\/\/easyoriginal.com\/","logo":{"@type":"ImageObject","inLanguage":"en-GB","@id":"https:\/\/easyoriginal.com\/#\/schema\/logo\/image\/","url":"https:\/\/easyoriginal.com\/wp-content\/uploads\/2020\/08\/logo_main.png","contentUrl":"https:\/\/easyoriginal.com\/wp-content\/uploads\/2020\/08\/logo_main.png","width":500,"height":103,"caption":"EasyOriginal Verlag"},"image":{"@id":"https:\/\/easyoriginal.com\/#\/schema\/logo\/image\/"}}]}},"_links":{"self":[{"href":"https:\/\/easyoriginal.com\/en\/wp-json\/wp\/v2\/product\/14527","targetHints":{"allow":["GET"]}}],"collection":[{"href":"https:\/\/easyoriginal.com\/en\/wp-json\/wp\/v2\/product"}],"about":[{"href":"https:\/\/easyoriginal.com\/en\/wp-json\/wp\/v2\/types\/product"}],"replies":[{"embeddable":true,"href":"https:\/\/easyoriginal.com\/en\/wp-json\/wp\/v2\/comments?post=14527"}],"wp:featuredmedia":[{"embeddable":true,"href":"https:\/\/easyoriginal.com\/en\/wp-json\/wp\/v2\/media\/14537"}],"wp:attachment":[{"href":"https:\/\/easyoriginal.com\/en\/wp-json\/wp\/v2\/media?parent=14527"}],"wp:term":[{"taxonomy":"product_brand","embeddable":true,"href":"https:\/\/easyoriginal.com\/en\/wp-json\/wp\/v2\/product_brand?post=14527"},{"taxonomy":"product_cat","embeddable":true,"href":"https:\/\/easyoriginal.com\/en\/wp-json\/wp\/v2\/product_cat?post=14527"},{"taxonomy":"product_tag","embeddable":true,"href":"https:\/\/easyoriginal.com\/en\/wp-json\/wp\/v2\/product_tag?post=14527"}],"curies":[{"name":"wp","href":"https:\/\/api.w.org\/{rel}","templated":true}]}}