{"id":14465,"date":"2024-12-14T12:23:25","date_gmt":"2024-12-14T11:23:25","guid":{"rendered":"https:\/\/easyoriginal.com\/?post_type=product&#038;p=14465"},"modified":"2026-03-14T19:01:15","modified_gmt":"2026-03-14T18:01:15","slug":"le-mystere-de-la-lavande-bleue-das-geheimnis-der-blauen-lavendel","status":"publish","type":"product","link":"https:\/\/easyoriginal.com\/en\/shop\/modern-franzoesisch-frank\/le-mystere-de-la-lavande-bleue-das-geheimnis-der-blauen-lavendel\/","title":{"rendered":"Le Myst\u00e8re de la Lavande Bleue &#8211; Das Geheimnis der blauen Lavendel"},"content":{"rendered":"<div class=\"adapted-container\">\n<p class=\"Adapted\">Le soleil se levait doucement sur les collines de Valensole, en Provence <span class=\"Translation\">(die Sonne ging sanft \u00fcber den H\u00fcgeln von Valensole in der Provence au<\/span><span class=\"Translation\"><span class=\"No-Break\">f;<\/span><\/span><span class=\"Translation\"><span class=\"Comments\"> <\/span><\/span><span class=\"Translation\"><span class=\"Comment-Words\">se lever<\/span><\/span><span class=\"Translation\"><span class=\"No-Break\"><span class=\"Comments\"> \u2014<\/span><\/span><\/span><span class=\"Translation\"><span class=\"Comments\"> aufgehe<\/span><\/span><span class=\"Translation\"><span class=\"No-Break\"><span class=\"Comments\">n;<\/span><\/span><\/span><span class=\"Translation\"><span class=\"Comments\"> aufstehen<\/span><\/span><span class=\"Translation\">)<\/span>. L&apos;air frais du matin \u00e9tait d\u00e9j\u00e0 impr\u00e9gn\u00e9 du parfum doux et envo\u00fbtant de la lavande <span class=\"Translation\">(die frische Morgenluft war bereits vom sanften und bet\u00f6renden Duft des Lavendels erf\u00fcll<\/span><span class=\"Translation\"><span class=\"No-Break\">t;<\/span><\/span><span class=\"Translation\"><span class=\"Comments\"> <\/span><\/span><span class=\"Translation\"><span class=\"Comment-Words\">impr\u00e9gner<\/span><\/span><span class=\"Translation\"><span class=\"No-Break\"><span class=\"Comments\"> \u2014<\/span><\/span><\/span><span class=\"Translation\"><span class=\"Comments\"> durchtr\u00e4nke<\/span><\/span><span class=\"Translation\"><span class=\"No-Break\"><span class=\"Comments\">n;<\/span><\/span><\/span><span class=\"Translation\"><span class=\"Comments\"> <\/span><\/span><span class=\"Translation\"><span class=\"Comment-Words\">envo\u00fbtant<\/span><\/span><span class=\"Translation\"><span class=\"No-Break\"><span class=\"Comments\"> \u2014<\/span><\/span><\/span><span class=\"Translation\"><span class=\"Comments\"> verzaubern<\/span><\/span><span class=\"Translation\"><span class=\"No-Break\"><span class=\"Comments\">d;<\/span><\/span><\/span><span class=\"Translation\"><span class=\"Comments\"> bezaubern<\/span><\/span><span class=\"Translation\"><span class=\"No-Break\"><span class=\"Comments\">d;<\/span><\/span><\/span><span class=\"Translation\"><span class=\"Comments\"> <\/span><\/span><span class=\"Translation\"><span class=\"Comment-Words\">envo\u00fbter<\/span><\/span><span class=\"Translation\"><span class=\"No-Break\"><span class=\"Comments\"> \u2014<\/span><\/span><\/span><span class=\"Translation\"><span class=\"Comments\"> verzauber<\/span><\/span><span class=\"Translation\"><span class=\"No-Break\"><span class=\"Comments\">n;<\/span><\/span><\/span><span class=\"Translation\"><span class=\"Comments\"> bet\u00f6ren<\/span><\/span><span class=\"Translation\">)<\/span>. Marie Lavande, une agricultrice de 45 ans aux cheveux bruns et au visage bronz\u00e9 par le soleil <span class=\"Translation\">(Marie Lavande, eine 45-j\u00e4hrige Landwirtin mit braunen Haaren und einem von der Sonne gebr\u00e4unten Gesich<\/span><span class=\"Translation\"><span class=\"No-Break\">t;<\/span><\/span><span class=\"Translation\"><span class=\"Comments\"> <\/span><\/span><span class=\"Translation\"><span class=\"Comment-Words\">bronzer<\/span><\/span><span class=\"Translation\"><span class=\"No-Break\"><span class=\"Comments\"> \u2014<\/span><\/span><\/span><span class=\"Translation\"><span class=\"Comments\"> br\u00e4unen<\/span><\/span><span class=\"Translation\">)<\/span>, sortit de sa petite maison en pierre <span class=\"Translation\">(trat aus ihrem kleinen Steinhau<\/span><span class=\"Translation\"><span class=\"No-Break\">s;<\/span><\/span><span class=\"Translation\"><span class=\"Comments\"> <\/span><\/span><span class=\"Translation\"><span class=\"Comment-Words\">sortir<\/span><\/span><span class=\"Translation\"><span class=\"No-Break\"><span class=\"Comments\"> \u2014<\/span><\/span><\/span><span class=\"Translation\"><span class=\"Comments\"> hinausgehen<\/span><\/span><span class=\"Translation\">)<\/span>. Elle s&apos;\u00e9tira et respira profond\u00e9ment <span class=\"Translation\">(sie streckte sich und atmete tief ei<\/span><span class=\"Translation\"><span class=\"No-Break\">n;<\/span><\/span><span class=\"Translation\"><span class=\"Comments\"> <\/span><\/span><span class=\"Translation\"><span class=\"Comment-Words\">s&apos;\u00e9tirer<\/span><\/span><span class=\"Translation\"><span class=\"No-Break\"><span class=\"Comments\"> \u2014<\/span><\/span><\/span><span class=\"Translation\"><span class=\"Comments\"> sich strecke<\/span><\/span><span class=\"Translation\"><span class=\"No-Break\"><span class=\"Comments\">n;<\/span><\/span><\/span><span class=\"Translation\"><span class=\"Comments\"> <\/span><\/span><span class=\"Translation\"><span class=\"Comment-Words\">respirer<\/span><\/span><span class=\"Translation\"><span class=\"No-Break\"><span class=\"Comments\"> \u2014<\/span><\/span><\/span><span class=\"Translation\"><span class=\"Comments\"> atme<\/span><\/span><span class=\"Translation\"><span class=\"No-Break\"><span class=\"Comments\">n;<\/span><\/span><\/span><span class=\"Translation\"><span class=\"Comments\"> ein-<\/span><\/span><span class=\"Translation\"><span class=\"No-Break\"><span class=\"Comments\">\/a<\/span><\/span><\/span><span class=\"Translation\"><span class=\"Comments\">usatmen<\/span><\/span><span class=\"Translation\">)<\/span>, savourant l&apos;odeur famili\u00e8re de ses champs <span class=\"Translation\">(und genoss den vertrauten Geruch ihrer Felde<\/span><span class=\"Translation\"><span class=\"No-Break\">r;<\/span><\/span><span class=\"Translation\"><span class=\"Comments\"> <\/span><\/span><span class=\"Translation\"><span class=\"Comment-Words\">saveur<\/span><\/span><span class=\"Translation\"><span class=\"Sub _idGenCharOverride-1\">f<\/span><\/span><span class=\"Translation\"><span class=\"No-Break\"><span class=\"Comments\"> \u2014<\/span><\/span><\/span><span class=\"Translation\"><span class=\"Comments\"> Geschmac<\/span><\/span><span class=\"Translation\"><span class=\"No-Break\"><span class=\"Comments\">k;<\/span><\/span><\/span><span class=\"Translation\"><span class=\"Comments\"> <\/span><\/span><span class=\"Translation\"><span class=\"Comment-Words\">savourer<\/span><\/span><span class=\"Translation\"><span class=\"No-Break\"><span class=\"Comments\"> \u2014<\/span><\/span><\/span><span class=\"Translation\"><span class=\"Comments\"> genie\u00dfe<\/span><\/span><span class=\"Translation\"><span class=\"No-Break\"><span class=\"Comments\">n;<\/span><\/span><\/span><span class=\"Translation\"><span class=\"Comments\"> schmecken<\/span><\/span><span class=\"Translation\">)<\/span>.<\/p>\n<\/div>\n<audio class=\"wp-audio-shortcode\" id=\"audio-14465-1\" preload=\"none\" style=\"width: 100%;\" controls=\"controls\"><source type=\"audio\/mpeg\" src=\"https:\/\/easyoriginal1.s3.eu-central-1.amazonaws.com\/franzoesisch\/f32\/001.mp3?_=1\" \/><a href=\"https:\/\/easyoriginal1.s3.eu-central-1.amazonaws.com\/franzoesisch\/f32\/001.mp3\">https:\/\/easyoriginal1.s3.eu-central-1.amazonaws.com\/franzoesisch\/f32\/001.mp3<\/a><\/audio>\n<div class=\"original-container\">\n<p class=\"Original\" lang=\"fr-FR\">Le soleil se levait doucement sur les collines de Valensole, en Provence. L\u2019air frais du matin \u00e9tait d\u00e9j\u00e0 impr\u00e9gn\u00e9 du parfum doux et envo\u00fbtant de la lavande. Marie Lavande, une agricultrice de 45 ans aux cheveux bruns et au visage bronz\u00e9 par le soleil, sortit de sa petite maison en pierre. Elle s\u2019\u00e9tira et respira profond\u00e9ment, savourant l\u2019odeur famili\u00e8re de ses champs.<\/p>\n<\/div>","protected":false},"excerpt":{"rendered":"<p>Tauchen Sie ein in die duftende Welt der Provence und ein faszinierendes wissenschaftliches R\u00e4tsel!<br \/>\nAls die Lavendelfelder von Valensole \u00fcber Nacht pl\u00f6tzlich in strahlendem Blau erbl\u00fchen, steht das idyllische Dorf Kopf. Was steckt hinter diesem unglaublichen Ph\u00e4nomen? Die brillante Duftexpertin Dr. \u00c9milie Santal und ihr Team von &#8222;Ar\u00f4mes et Enqu\u00eates&#8220; machen sich an die Arbeit.<br \/>\nFolgen Sie ihnen auf einer spannenden Ermittlung voller \u00fcberraschender Wendungen. Zwischen duftenden Feldern und versteckten Laboratorien enth\u00fcllt sich Schritt f\u00fcr Schritt eine faszinierende Geschichte \u00fcber Wissenschaft, Innovation und unerwartete Zusammenarbeit.<br \/>\nWerden \u00c9milie und ihre Gef\u00e4hrten das R\u00e4tsel l\u00f6sen k\u00f6nnen? Und welche ungeahnten Chancen verbergen sich hinter dieser mysteri\u00f6sen Verwandlung?<br \/>\nErleben Sie ein packendes Abenteuer, das Krimispannung mit fundiertem Wissen \u00fcber Parf\u00fcmerie und Landwirtschaft verbindet. &#8222;Das Geheimnis der blauen Lavendel&#8220; ist der perfekte Schm\u00f6ker f\u00fcr alle, die clever konstruierte R\u00e4tsel und den Duft der Provence lieben.<br \/>\nTauchen Sie ein in die erste packende Geschichte der &#8222;Ar\u00f4mes et Enqu\u00eates&#8220; (&#8222;D\u00fcfte und Ermittlungen&#8220;) Serie und lassen Sie sich von der Brandung der Spannung mitrei\u00dfen!<br \/>\nZweisprachiges Buch Franz\u00f6sisch-Deutsch.<\/p>","protected":false},"featured_media":14472,"comment_status":"open","ping_status":"closed","template":"","meta":{"_acf_changed":false,"_et_pb_use_builder":"off","_et_pb_old_content":"<div class=\"adapted-container\">\r\n<p class=\"Adapted\"><span class=\"Bold\">Hace mucho tiempo que ten\u00eda ganas de escribir <\/span><span class=\"Translation\">(seit langer Zeit hatte ich Lust zu schreiben; <\/span><span class=\"Translation\"><span class=\"Comment-Words\">tener<\/span><\/span><span class=\"Translation\"><span class=\"Comments\"> \u2014 haben<\/span><\/span><span class=\"Translation\">)<\/span><span class=\"Bold\"> cualquier cosa con este t\u00edtulo <\/span><span class=\"Translation\">(irgendetwas mit diesem Titel)<\/span><span class=\"Bold\">.<\/span><\/p>\r\n<p class=\"Adapted\"><span class=\"Bold\">Hoy<a id=\"_idTextAnchor001\"><\/a>, que se me ha presentado ocasi\u00f3n <\/span><span class=\"Translation\">(heute, wo sich mir \/eine\/ Gelegenheit geboten hat; <\/span><span class=\"Translation\"><span class=\"Comment-Words\">presentar<\/span><\/span><span class=\"Translation\"><span class=\"Comments\"> \u2014 zeigen; vorstellen<\/span><\/span><span class=\"Translation\">)<\/span><span class=\"Bold\">, lo he puesto con letras grandes <\/span><span class=\"Translation\">(das habe ich in gro\u00dfen Buchstaben gesetzt = habe ich es in Gro\u00dfbuchstaben gesetzt; <\/span><span class=\"Translation\"><span class=\"Comment-Words\">poner<\/span><\/span><span class=\"Translation\"><span class=\"Comments\"> \u2014 setzen; stellen; legen<\/span><\/span><span class=\"Translation\">)<\/span><span class=\"Bold\"> en la primera cuartilla de papel <\/span><span class=\"Translation\">(auf das erste Blatt: \u00abauf das erste Viertelpapier\u00bb; <\/span><span class=\"Translation\"><span class=\"Comment-Words\">cuarto<\/span><\/span><span class=\"Translation\"><span class=\"Gender _idGenCharOverride-1\">m <\/span><\/span><span class=\"Translation\"><span class=\"Comments\">\u2014 Viertel<\/span><\/span><span class=\"Translation\">)<\/span><span class=\"Bold\">, y luego he dejado a capricho volar la pluma <\/span><span class=\"Translation\">(und dann habe ich nach Belieben die Feder fliegen lassen; <\/span><span class=\"Translation\"><span class=\"Comment-Words\">dejar<\/span><\/span><span class=\"Translation\"><span class=\"Comments\"> \u2014 lassen; <\/span><\/span><span class=\"Translation\"><span class=\"Comment-Words\">capricho<\/span><\/span><span class=\"Translation\"><span class=\"Gender _idGenCharOverride-1\">m <\/span><\/span><span class=\"Translation\"><span class=\"Comments\">\u2014 Laune<\/span><\/span><span class=\"Translation\">)<\/span><span class=\"Bold\">.<\/span><\/p>\r\n\r\n<\/div>\r\n[audio mp3=\"https:\/\/easyoriginal1.s3.eu-central-1.amazonaws.com\/spanisch\/s1\/1.mp3\"][\/audio]\r\n<div class=\"original-container\">\r\n<p class=\"Original\">Hace mucho tiempo que ten\u00eda ganas de escribir cualquier cosa con este t\u00edtulo.<\/p>\r\n<p class=\"Original\">Hoy, que se me ha presentado ocasi\u00f3n, lo he puesto con letras grandes en la primera cuartilla de papel, y luego he dejado a capricho volar la pluma.<\/p>\r\n\r\n<\/div>\r\n<a class=\"weiter\" href=\"\/webreader\/los-ojos-verdes\/fragment\/1-4-2\/\">weiter lesen<\/a>","_et_gb_content_width":""},"product_brand":[],"product_cat":[266],"product_tag":[164,81],"class_list":{"0":"post-14465","1":"product","2":"type-product","3":"status-publish","4":"has-post-thumbnail","6":"product_cat-modern-franzoesisch-frank","7":"product_tag-anfaenger","8":"product_tag-krimi","10":"first","11":"instock","12":"taxable","13":"shipping-taxable","14":"purchasable","15":"product-type-variable"},"acf":[],"yoast_head":"<!-- This site is optimized with the Yoast SEO plugin v27.4 - https:\/\/yoast.com\/product\/yoast-seo-wordpress\/ -->\n<title>Le Myst\u00e8re de la Lavande Bleue - Das Geheimnis der blauen Lavendel - EasyOriginal.com<\/title>\n<meta name=\"robots\" content=\"index, follow, max-snippet:-1, max-image-preview:large, max-video-preview:-1\" \/>\n<link rel=\"canonical\" href=\"https:\/\/easyoriginal.com\/en\/shop\/modern-franzoesisch-frank\/le-mystere-de-la-lavande-bleue-das-geheimnis-der-blauen-lavendel\/\" \/>\n<meta property=\"og:locale\" content=\"en_GB\" \/>\n<meta property=\"og:type\" content=\"article\" \/>\n<meta property=\"og:title\" content=\"Le Myst\u00e8re de la Lavande Bleue - Das Geheimnis der blauen Lavendel - EasyOriginal.com\" \/>\n<meta property=\"og:description\" content=\"Tauchen Sie ein in die duftende Welt der Provence und ein faszinierendes wissenschaftliches R\u00e4tsel! Als die Lavendelfelder von Valensole \u00fcber Nacht pl\u00f6tzlich in strahlendem Blau erbl\u00fchen, steht das idyllische Dorf Kopf. Was steckt hinter diesem unglaublichen Ph\u00e4nomen? Die brillante Duftexpertin Dr. \u00c9milie Santal und ihr Team von &quot;Ar\u00f4mes et Enqu\u00eates&quot; machen sich an die Arbeit. Folgen Sie ihnen auf einer spannenden Ermittlung voller \u00fcberraschender Wendungen. Zwischen duftenden Feldern und versteckten Laboratorien enth\u00fcllt sich Schritt f\u00fcr Schritt eine faszinierende Geschichte \u00fcber Wissenschaft, Innovation und unerwartete Zusammenarbeit. Werden \u00c9milie und ihre Gef\u00e4hrten das R\u00e4tsel l\u00f6sen k\u00f6nnen? Und welche ungeahnten Chancen verbergen sich hinter dieser mysteri\u00f6sen Verwandlung? Erleben Sie ein packendes Abenteuer, das Krimispannung mit fundiertem Wissen \u00fcber Parf\u00fcmerie und Landwirtschaft verbindet. &quot;Das Geheimnis der blauen Lavendel&quot; ist der perfekte Schm\u00f6ker f\u00fcr alle, die clever konstruierte R\u00e4tsel und den Duft der Provence lieben. Tauchen Sie ein in die erste packende Geschichte der &quot;Ar\u00f4mes et Enqu\u00eates&quot; (&quot;D\u00fcfte und Ermittlungen&quot;) Serie und lassen Sie sich von der Brandung der Spannung mitrei\u00dfen! Zweisprachiges Buch Franz\u00f6sisch-Deutsch.\" \/>\n<meta property=\"og:url\" content=\"https:\/\/easyoriginal.com\/en\/shop\/modern-franzoesisch-frank\/le-mystere-de-la-lavande-bleue-das-geheimnis-der-blauen-lavendel\/\" \/>\n<meta property=\"og:site_name\" content=\"EasyOriginal.com\" \/>\n<meta property=\"article:modified_time\" content=\"2026-03-14T18:01:15+00:00\" \/>\n<meta property=\"og:image\" content=\"https:\/\/easyoriginal.com\/wp-content\/uploads\/Le-Mystere-de-la-Lavande-Bleue_printcover.jpg\" \/>\n\t<meta property=\"og:image:width\" content=\"1600\" \/>\n\t<meta property=\"og:image:height\" content=\"2400\" \/>\n\t<meta property=\"og:image:type\" content=\"image\/jpeg\" \/>\n<meta name=\"twitter:card\" content=\"summary_large_image\" \/>\n<meta name=\"twitter:label1\" content=\"Estimated reading time\" \/>\n\t<meta name=\"twitter:data1\" content=\"2 minutes\" \/>\n<script type=\"application\/ld+json\" class=\"yoast-schema-graph\">{\"@context\":\"https:\\\/\\\/schema.org\",\"@graph\":[{\"@type\":\"WebPage\",\"@id\":\"https:\\\/\\\/easyoriginal.com\\\/shop\\\/modern-franzoesisch-frank\\\/le-mystere-de-la-lavande-bleue-das-geheimnis-der-blauen-lavendel\\\/\",\"url\":\"https:\\\/\\\/easyoriginal.com\\\/shop\\\/modern-franzoesisch-frank\\\/le-mystere-de-la-lavande-bleue-das-geheimnis-der-blauen-lavendel\\\/\",\"name\":\"Le Myst\u00e8re de la Lavande Bleue - Das Geheimnis der blauen Lavendel - EasyOriginal.com\",\"isPartOf\":{\"@id\":\"https:\\\/\\\/easyoriginal.com\\\/#website\"},\"primaryImageOfPage\":{\"@id\":\"https:\\\/\\\/easyoriginal.com\\\/shop\\\/modern-franzoesisch-frank\\\/le-mystere-de-la-lavande-bleue-das-geheimnis-der-blauen-lavendel\\\/#primaryimage\"},\"image\":{\"@id\":\"https:\\\/\\\/easyoriginal.com\\\/shop\\\/modern-franzoesisch-frank\\\/le-mystere-de-la-lavande-bleue-das-geheimnis-der-blauen-lavendel\\\/#primaryimage\"},\"thumbnailUrl\":\"https:\\\/\\\/easyoriginal.com\\\/wp-content\\\/uploads\\\/Le-Mystere-de-la-Lavande-Bleue_printcover.jpg\",\"datePublished\":\"2024-12-14T11:23:25+00:00\",\"dateModified\":\"2026-03-14T18:01:15+00:00\",\"breadcrumb\":{\"@id\":\"https:\\\/\\\/easyoriginal.com\\\/shop\\\/modern-franzoesisch-frank\\\/le-mystere-de-la-lavande-bleue-das-geheimnis-der-blauen-lavendel\\\/#breadcrumb\"},\"inLanguage\":\"en-GB\",\"potentialAction\":[{\"@type\":\"ReadAction\",\"target\":[\"https:\\\/\\\/easyoriginal.com\\\/shop\\\/modern-franzoesisch-frank\\\/le-mystere-de-la-lavande-bleue-das-geheimnis-der-blauen-lavendel\\\/\"]}]},{\"@type\":\"ImageObject\",\"inLanguage\":\"en-GB\",\"@id\":\"https:\\\/\\\/easyoriginal.com\\\/shop\\\/modern-franzoesisch-frank\\\/le-mystere-de-la-lavande-bleue-das-geheimnis-der-blauen-lavendel\\\/#primaryimage\",\"url\":\"https:\\\/\\\/easyoriginal.com\\\/wp-content\\\/uploads\\\/Le-Mystere-de-la-Lavande-Bleue_printcover.jpg\",\"contentUrl\":\"https:\\\/\\\/easyoriginal.com\\\/wp-content\\\/uploads\\\/Le-Mystere-de-la-Lavande-Bleue_printcover.jpg\",\"width\":1600,\"height\":2400},{\"@type\":\"BreadcrumbList\",\"@id\":\"https:\\\/\\\/easyoriginal.com\\\/shop\\\/modern-franzoesisch-frank\\\/le-mystere-de-la-lavande-bleue-das-geheimnis-der-blauen-lavendel\\\/#breadcrumb\",\"itemListElement\":[{\"@type\":\"ListItem\",\"position\":1,\"name\":\"Startseite\",\"item\":\"https:\\\/\\\/easyoriginal.com\\\/\"},{\"@type\":\"ListItem\",\"position\":2,\"name\":\"Shop\",\"item\":\"https:\\\/\\\/easyoriginal.com\\\/shop\\\/\"},{\"@type\":\"ListItem\",\"position\":3,\"name\":\"Le Myst\u00e8re de la Lavande Bleue &#8211; Das Geheimnis der blauen Lavendel\"}]},{\"@type\":\"WebSite\",\"@id\":\"https:\\\/\\\/easyoriginal.com\\\/#website\",\"url\":\"https:\\\/\\\/easyoriginal.com\\\/\",\"name\":\"EasyOriginal.com\",\"description\":\"Spa\u00df am Lesen im Original - Innovative Lesemethode f\u00fcr Fremdsprachen\",\"publisher\":{\"@id\":\"https:\\\/\\\/easyoriginal.com\\\/#organization\"},\"potentialAction\":[{\"@type\":\"SearchAction\",\"target\":{\"@type\":\"EntryPoint\",\"urlTemplate\":\"https:\\\/\\\/easyoriginal.com\\\/?s={search_term_string}\"},\"query-input\":{\"@type\":\"PropertyValueSpecification\",\"valueRequired\":true,\"valueName\":\"search_term_string\"}}],\"inLanguage\":\"en-GB\"},{\"@type\":\"Organization\",\"@id\":\"https:\\\/\\\/easyoriginal.com\\\/#organization\",\"name\":\"EasyOriginal Verlag\",\"url\":\"https:\\\/\\\/easyoriginal.com\\\/\",\"logo\":{\"@type\":\"ImageObject\",\"inLanguage\":\"en-GB\",\"@id\":\"https:\\\/\\\/easyoriginal.com\\\/#\\\/schema\\\/logo\\\/image\\\/\",\"url\":\"https:\\\/\\\/easyoriginal.com\\\/wp-content\\\/uploads\\\/2020\\\/08\\\/logo_main.png\",\"contentUrl\":\"https:\\\/\\\/easyoriginal.com\\\/wp-content\\\/uploads\\\/2020\\\/08\\\/logo_main.png\",\"width\":500,\"height\":103,\"caption\":\"EasyOriginal Verlag\"},\"image\":{\"@id\":\"https:\\\/\\\/easyoriginal.com\\\/#\\\/schema\\\/logo\\\/image\\\/\"}}]}<\/script>\n<!-- \/ Yoast SEO plugin. -->","yoast_head_json":{"title":"Le Myst\u00e8re de la Lavande Bleue - Das Geheimnis der blauen Lavendel - EasyOriginal.com","robots":{"index":"index","follow":"follow","max-snippet":"max-snippet:-1","max-image-preview":"max-image-preview:large","max-video-preview":"max-video-preview:-1"},"canonical":"https:\/\/easyoriginal.com\/en\/shop\/modern-franzoesisch-frank\/le-mystere-de-la-lavande-bleue-das-geheimnis-der-blauen-lavendel\/","og_locale":"en_GB","og_type":"article","og_title":"Le Myst\u00e8re de la Lavande Bleue - Das Geheimnis der blauen Lavendel - EasyOriginal.com","og_description":"Tauchen Sie ein in die duftende Welt der Provence und ein faszinierendes wissenschaftliches R\u00e4tsel! Als die Lavendelfelder von Valensole \u00fcber Nacht pl\u00f6tzlich in strahlendem Blau erbl\u00fchen, steht das idyllische Dorf Kopf. Was steckt hinter diesem unglaublichen Ph\u00e4nomen? Die brillante Duftexpertin Dr. \u00c9milie Santal und ihr Team von \"Ar\u00f4mes et Enqu\u00eates\" machen sich an die Arbeit. Folgen Sie ihnen auf einer spannenden Ermittlung voller \u00fcberraschender Wendungen. Zwischen duftenden Feldern und versteckten Laboratorien enth\u00fcllt sich Schritt f\u00fcr Schritt eine faszinierende Geschichte \u00fcber Wissenschaft, Innovation und unerwartete Zusammenarbeit. Werden \u00c9milie und ihre Gef\u00e4hrten das R\u00e4tsel l\u00f6sen k\u00f6nnen? Und welche ungeahnten Chancen verbergen sich hinter dieser mysteri\u00f6sen Verwandlung? Erleben Sie ein packendes Abenteuer, das Krimispannung mit fundiertem Wissen \u00fcber Parf\u00fcmerie und Landwirtschaft verbindet. \"Das Geheimnis der blauen Lavendel\" ist der perfekte Schm\u00f6ker f\u00fcr alle, die clever konstruierte R\u00e4tsel und den Duft der Provence lieben. Tauchen Sie ein in die erste packende Geschichte der \"Ar\u00f4mes et Enqu\u00eates\" (\"D\u00fcfte und Ermittlungen\") Serie und lassen Sie sich von der Brandung der Spannung mitrei\u00dfen! Zweisprachiges Buch Franz\u00f6sisch-Deutsch.","og_url":"https:\/\/easyoriginal.com\/en\/shop\/modern-franzoesisch-frank\/le-mystere-de-la-lavande-bleue-das-geheimnis-der-blauen-lavendel\/","og_site_name":"EasyOriginal.com","article_modified_time":"2026-03-14T18:01:15+00:00","og_image":[{"width":1600,"height":2400,"url":"https:\/\/easyoriginal.com\/wp-content\/uploads\/Le-Mystere-de-la-Lavande-Bleue_printcover.jpg","type":"image\/jpeg"}],"twitter_card":"summary_large_image","twitter_misc":{"Estimated reading time":"2 minutes"},"schema":{"@context":"https:\/\/schema.org","@graph":[{"@type":"WebPage","@id":"https:\/\/easyoriginal.com\/shop\/modern-franzoesisch-frank\/le-mystere-de-la-lavande-bleue-das-geheimnis-der-blauen-lavendel\/","url":"https:\/\/easyoriginal.com\/shop\/modern-franzoesisch-frank\/le-mystere-de-la-lavande-bleue-das-geheimnis-der-blauen-lavendel\/","name":"Le Myst\u00e8re de la Lavande Bleue - Das Geheimnis der blauen Lavendel - EasyOriginal.com","isPartOf":{"@id":"https:\/\/easyoriginal.com\/#website"},"primaryImageOfPage":{"@id":"https:\/\/easyoriginal.com\/shop\/modern-franzoesisch-frank\/le-mystere-de-la-lavande-bleue-das-geheimnis-der-blauen-lavendel\/#primaryimage"},"image":{"@id":"https:\/\/easyoriginal.com\/shop\/modern-franzoesisch-frank\/le-mystere-de-la-lavande-bleue-das-geheimnis-der-blauen-lavendel\/#primaryimage"},"thumbnailUrl":"https:\/\/easyoriginal.com\/wp-content\/uploads\/Le-Mystere-de-la-Lavande-Bleue_printcover.jpg","datePublished":"2024-12-14T11:23:25+00:00","dateModified":"2026-03-14T18:01:15+00:00","breadcrumb":{"@id":"https:\/\/easyoriginal.com\/shop\/modern-franzoesisch-frank\/le-mystere-de-la-lavande-bleue-das-geheimnis-der-blauen-lavendel\/#breadcrumb"},"inLanguage":"en-GB","potentialAction":[{"@type":"ReadAction","target":["https:\/\/easyoriginal.com\/shop\/modern-franzoesisch-frank\/le-mystere-de-la-lavande-bleue-das-geheimnis-der-blauen-lavendel\/"]}]},{"@type":"ImageObject","inLanguage":"en-GB","@id":"https:\/\/easyoriginal.com\/shop\/modern-franzoesisch-frank\/le-mystere-de-la-lavande-bleue-das-geheimnis-der-blauen-lavendel\/#primaryimage","url":"https:\/\/easyoriginal.com\/wp-content\/uploads\/Le-Mystere-de-la-Lavande-Bleue_printcover.jpg","contentUrl":"https:\/\/easyoriginal.com\/wp-content\/uploads\/Le-Mystere-de-la-Lavande-Bleue_printcover.jpg","width":1600,"height":2400},{"@type":"BreadcrumbList","@id":"https:\/\/easyoriginal.com\/shop\/modern-franzoesisch-frank\/le-mystere-de-la-lavande-bleue-das-geheimnis-der-blauen-lavendel\/#breadcrumb","itemListElement":[{"@type":"ListItem","position":1,"name":"Startseite","item":"https:\/\/easyoriginal.com\/"},{"@type":"ListItem","position":2,"name":"Shop","item":"https:\/\/easyoriginal.com\/shop\/"},{"@type":"ListItem","position":3,"name":"Le Myst\u00e8re de la Lavande Bleue &#8211; Das Geheimnis der blauen Lavendel"}]},{"@type":"WebSite","@id":"https:\/\/easyoriginal.com\/#website","url":"https:\/\/easyoriginal.com\/","name":"EasyOriginal.com","description":"Spa\u00df am Lesen im Original - Innovative Lesemethode f\u00fcr Fremdsprachen","publisher":{"@id":"https:\/\/easyoriginal.com\/#organization"},"potentialAction":[{"@type":"SearchAction","target":{"@type":"EntryPoint","urlTemplate":"https:\/\/easyoriginal.com\/?s={search_term_string}"},"query-input":{"@type":"PropertyValueSpecification","valueRequired":true,"valueName":"search_term_string"}}],"inLanguage":"en-GB"},{"@type":"Organization","@id":"https:\/\/easyoriginal.com\/#organization","name":"EasyOriginal Verlag","url":"https:\/\/easyoriginal.com\/","logo":{"@type":"ImageObject","inLanguage":"en-GB","@id":"https:\/\/easyoriginal.com\/#\/schema\/logo\/image\/","url":"https:\/\/easyoriginal.com\/wp-content\/uploads\/2020\/08\/logo_main.png","contentUrl":"https:\/\/easyoriginal.com\/wp-content\/uploads\/2020\/08\/logo_main.png","width":500,"height":103,"caption":"EasyOriginal Verlag"},"image":{"@id":"https:\/\/easyoriginal.com\/#\/schema\/logo\/image\/"}}]}},"_links":{"self":[{"href":"https:\/\/easyoriginal.com\/en\/wp-json\/wp\/v2\/product\/14465","targetHints":{"allow":["GET"]}}],"collection":[{"href":"https:\/\/easyoriginal.com\/en\/wp-json\/wp\/v2\/product"}],"about":[{"href":"https:\/\/easyoriginal.com\/en\/wp-json\/wp\/v2\/types\/product"}],"replies":[{"embeddable":true,"href":"https:\/\/easyoriginal.com\/en\/wp-json\/wp\/v2\/comments?post=14465"}],"wp:featuredmedia":[{"embeddable":true,"href":"https:\/\/easyoriginal.com\/en\/wp-json\/wp\/v2\/media\/14472"}],"wp:attachment":[{"href":"https:\/\/easyoriginal.com\/en\/wp-json\/wp\/v2\/media?parent=14465"}],"wp:term":[{"taxonomy":"product_brand","embeddable":true,"href":"https:\/\/easyoriginal.com\/en\/wp-json\/wp\/v2\/product_brand?post=14465"},{"taxonomy":"product_cat","embeddable":true,"href":"https:\/\/easyoriginal.com\/en\/wp-json\/wp\/v2\/product_cat?post=14465"},{"taxonomy":"product_tag","embeddable":true,"href":"https:\/\/easyoriginal.com\/en\/wp-json\/wp\/v2\/product_tag?post=14465"}],"curies":[{"name":"wp","href":"https:\/\/api.w.org\/{rel}","templated":true}]}}