{"id":14418,"date":"2024-12-08T13:37:42","date_gmt":"2024-12-08T12:37:42","guid":{"rendered":"https:\/\/easyoriginal.com\/?post_type=product&#038;p=14418"},"modified":"2026-03-25T13:37:57","modified_gmt":"2026-03-25T12:37:57","slug":"el-sabor-del-silencio-der-geschmack-des-schweigens","status":"publish","type":"product","link":"https:\/\/easyoriginal.com\/en\/shop\/modern-spanisch-frank\/el-sabor-del-silencio-der-geschmack-des-schweigens\/","title":{"rendered":"El Sabor del Silencio &#8211; Der Geschmack des Schweigens"},"content":{"rendered":"<div class=\"adapted-container\">\n<p class=\"Adapted\">Una Ma\u00f1ana Agitada <span class=\"Translation\">(ein hektischer Morgen)<\/span><\/p>\n<p class=\"Adapted\">El sol de la ma\u00f1ana se filtraba por los grandes ventanales de La Dulce Enigma <span class=\"Translation\">(die Morgensonne sickerte durch die gro\u00dfen Fenster von La Dulce Enigma <\/span><span class=\"Translation\"><span class=\"No-Break\">\/d<\/span><\/span><span class=\"Translation\">ie S\u00fc\u00dfe R\u00e4tselhaftigkeit<\/span><span class=\"Translation\"><span class=\"No-Break\">\/;<\/span><\/span><span class=\"Translation\"><span class=\"Comments\"> <\/span><\/span><span class=\"Translation\"><span class=\"Comment-Words\">filtrarse<\/span><\/span><span class=\"Translation\"><span class=\"No-Break\"><span class=\"Comments\"> \u2014<\/span><\/span><\/span><span class=\"Translation\"><span class=\"Comments\"> durchsicker<\/span><\/span><span class=\"Translation\"><span class=\"No-Break\"><span class=\"Comments\">n;<\/span><\/span><\/span><span class=\"Translation\"><span class=\"Comments\"> <\/span><\/span><span class=\"Translation\"><span class=\"Comment-Words\">ventanal<\/span><\/span><span class=\"Translation\"><span class=\"Sub _idGenCharOverride-1\">m<\/span><\/span><span class=\"Translation\"><span class=\"No-Break\"><span class=\"Comments\"> \u2014<\/span><\/span><\/span><span class=\"Translation\"><span class=\"Comments\"> gro\u00dfes Fenster<\/span><\/span><span class=\"Translation\">)<\/span>, iluminando las vitrinas de cristal <span class=\"Translation\">(die Glasvitrinen erleuchten<\/span><span class=\"Translation\"><span class=\"No-Break\">d;<\/span><\/span><span class=\"Translation\"><span class=\"Comments\"> <\/span><\/span><span class=\"Translation\"><span class=\"Comment-Words\">iluminar<\/span><\/span><span class=\"Translation\"><span class=\"No-Break\"><span class=\"Comments\"> \u2014<\/span><\/span><\/span><span class=\"Translation\"><span class=\"Comments\"> beleuchten<\/span><\/span><span class=\"Translation\">)<\/span> que exhib\u00edan una colorida variedad de pasteles y dulces <span class=\"Translation\">(die eine bunte Vielfalt an Kuchen und S\u00fc\u00dfigkeiten ausstellte<\/span><span class=\"Translation\"><span class=\"No-Break\">n;<\/span><\/span><span class=\"Translation\"><span class=\"Comments\"> exhibir<\/span><\/span><span class=\"Translation\">)<\/span>. Isabel Navarro, con su cabello oscuro recogido en un mo\u00f1o desordenado <span class=\"Translation\">(Isabel Navarro, mit ihrem dunklen Haar zu einem unordentlichen Dutt hochgesteck<\/span><span class=\"Translation\"><span class=\"No-Break\">t;<\/span><\/span><span class=\"Translation\"><span class=\"Comments\"> <\/span><\/span><span class=\"Translation\"><span class=\"Comment-Words\">recoger<\/span><\/span><span class=\"Translation\"><span class=\"No-Break\"><span class=\"Comments\"> \u2014<\/span><\/span><\/span><span class=\"Translation\"><span class=\"Comments\"> hochstecken<\/span><\/span><span class=\"Translation\">)<\/span>, se mov\u00eda con gracia por la cocina <span class=\"Translation\">(bewegte sich anmutig durch die K\u00fcch<\/span><span class=\"Translation\"><span class=\"No-Break\">e;<\/span><\/span><span class=\"Translation\"><span class=\"Comments\"> movers<\/span><\/span><span class=\"Translation\"><span class=\"No-Break\"><span class=\"Comments\">e;<\/span><\/span><\/span><span class=\"Translation\"><span class=\"Comments\"> <\/span><\/span><span class=\"Translation\"><span class=\"Comment-Words\">con gracia<\/span><\/span><span class=\"Translation\"><span class=\"No-Break\"><span class=\"Comment-Words\"> <\/span><\/span><\/span><span class=\"Translation\"><span class=\"No-Break\"><span class=\"Comments\">\u2014<\/span><\/span><\/span><span class=\"Translation\"><span class=\"Comments\"> anmutig<\/span><\/span><span class=\"Translation\">)<\/span>, sus manos expertas dando los toques finales a una creaci\u00f3n especial <span class=\"Translation\">(ihre erfahrenen H\u00e4nde gaben einer besonderen Kreation den letzten Schlif<\/span><span class=\"Translation\"><span class=\"No-Break\">f;<\/span><\/span><span class=\"Translation\"> <\/span><span class=\"Translation\"><span class=\"Comments\">da<\/span><\/span><span class=\"Translation\"><span class=\"No-Break\"><span class=\"Comments\">r;<\/span><\/span><\/span><span class=\"Translation\"><span class=\"Comments\"> <\/span><\/span><span class=\"Translation\"><span class=\"Comment-Words\">toque<\/span><\/span><span class=\"Translation\"><span class=\"Sub _idGenCharOverride-1\">m<\/span><\/span><span class=\"Translation\"><span class=\"No-Break\"><span class=\"Comments\"> \u2014<\/span><\/span><\/span><span class=\"Translation\"><span class=\"Comments\"> Schliff, Feinschliff<\/span><\/span><span class=\"Translation\">)<\/span>.<\/p>\n<\/div>\n<audio class=\"wp-audio-shortcode\" id=\"audio-14418-1\" preload=\"none\" style=\"width: 100%;\" controls=\"controls\"><source type=\"audio\/mpeg\" src=\"https:\/\/easyoriginal1.s3.eu-central-1.amazonaws.com\/spanisch\/s23\/001.mp3?_=1\" \/><a href=\"https:\/\/easyoriginal1.s3.eu-central-1.amazonaws.com\/spanisch\/s23\/001.mp3\">https:\/\/easyoriginal1.s3.eu-central-1.amazonaws.com\/spanisch\/s23\/001.mp3<\/a><\/audio>\n<div class=\"original-container\">\n<p class=\"Original\" lang=\"es-ES\">Una Ma\u00f1ana Agitada<\/p>\n<p class=\"Original\" lang=\"es-ES\">El sol de la ma\u00f1ana se filtraba por los grandes ventanales de La Dulce Enigma, iluminando las vitrinas de cristal que exhib\u00edan una colorida variedad de pasteles y dulces. Isabel Navarro, con su cabello oscuro recogido en un mo\u00f1o desordenado, se mov\u00eda con gracia por la cocina, sus manos expertas dando los toques finales a una creaci\u00f3n especial.<\/p>\n<\/div>","protected":false},"excerpt":{"rendered":"<p>Isabel Navarro, Meisterpatissi\u00e8re und Besitzerin der renommierten Konditorei &#8222;La Dulce Enigma&#8220;, steht vor der Herausforderung ihres Lebens. Als ein ber\u00fcchtigter Restaurantkritiker nach dem Verzehr einer ihrer Kreationen tot aufgefunden wird, ger\u00e4t Isabel unter Verdacht.<br \/>\nIn einem Wettlauf gegen die Zeit muss sie ihre Unschuld beweisen und taucht dabei tief in die Schattenwelt der Madrider Gastronomieszene ein. Je tiefer sie gr\u00e4bt, desto mehr Geheimnisse und Intrigen kommen ans Licht. Kann Isabel die Wahrheit aufdecken, bevor ihr geliebtes Gesch\u00e4ft und ihr Ruf f\u00fcr immer zerst\u00f6rt werden?<br \/>\nZwischen duftenden T\u00f6rtchen und bitteren Enth\u00fcllungen entspinnt sich eine Geschichte voller unerwarteter Wendungen, gef\u00e4hrlicher Verstrickungen und s\u00fc\u00dfer Versuchungen. &#8222;Der Geschmack des Schweigens&#8220; ist ein fesselnder Krimi, der die Leser in die verf\u00fchrerische Welt der Haute Cuisine entf\u00fchrt &#8211; wo manchmal mehr als nur Zucker und Gew\u00fcrze die Zutaten f\u00fcr den perfekten Genuss sind.<br \/>\nTauchen Sie ein in diesen k\u00f6stlichen Pageturner und finden Sie heraus, welche Geheimnisse sich hinter der gl\u00e4nzenden Fassade von Madrids Gourmet-Szene verbergen!<br \/>\nZweisprachiges Buch Spanisch-Deutsch.<\/p>","protected":false},"featured_media":14424,"comment_status":"open","ping_status":"closed","template":"","meta":{"_acf_changed":false,"_et_pb_use_builder":"off","_et_pb_old_content":"<div class=\"adapted-container\">\r\n<p class=\"Adapted\"><span class=\"Bold\">Hace mucho tiempo que ten\u00eda ganas de escribir <\/span><span class=\"Translation\">(seit langer Zeit hatte ich Lust zu schreiben; <\/span><span class=\"Translation\"><span class=\"Comment-Words\">tener<\/span><\/span><span class=\"Translation\"><span class=\"Comments\"> \u2014 haben<\/span><\/span><span class=\"Translation\">)<\/span><span class=\"Bold\"> cualquier cosa con este t\u00edtulo <\/span><span class=\"Translation\">(irgendetwas mit diesem Titel)<\/span><span class=\"Bold\">.<\/span><\/p>\r\n<p class=\"Adapted\"><span class=\"Bold\">Hoy<a id=\"_idTextAnchor001\"><\/a>, que se me ha presentado ocasi\u00f3n <\/span><span class=\"Translation\">(heute, wo sich mir \/eine\/ Gelegenheit geboten hat; <\/span><span class=\"Translation\"><span class=\"Comment-Words\">presentar<\/span><\/span><span class=\"Translation\"><span class=\"Comments\"> \u2014 zeigen; vorstellen<\/span><\/span><span class=\"Translation\">)<\/span><span class=\"Bold\">, lo he puesto con letras grandes <\/span><span class=\"Translation\">(das habe ich in gro\u00dfen Buchstaben gesetzt = habe ich es in Gro\u00dfbuchstaben gesetzt; <\/span><span class=\"Translation\"><span class=\"Comment-Words\">poner<\/span><\/span><span class=\"Translation\"><span class=\"Comments\"> \u2014 setzen; stellen; legen<\/span><\/span><span class=\"Translation\">)<\/span><span class=\"Bold\"> en la primera cuartilla de papel <\/span><span class=\"Translation\">(auf das erste Blatt: \u00abauf das erste Viertelpapier\u00bb; <\/span><span class=\"Translation\"><span class=\"Comment-Words\">cuarto<\/span><\/span><span class=\"Translation\"><span class=\"Gender _idGenCharOverride-1\">m <\/span><\/span><span class=\"Translation\"><span class=\"Comments\">\u2014 Viertel<\/span><\/span><span class=\"Translation\">)<\/span><span class=\"Bold\">, y luego he dejado a capricho volar la pluma <\/span><span class=\"Translation\">(und dann habe ich nach Belieben die Feder fliegen lassen; <\/span><span class=\"Translation\"><span class=\"Comment-Words\">dejar<\/span><\/span><span class=\"Translation\"><span class=\"Comments\"> \u2014 lassen; <\/span><\/span><span class=\"Translation\"><span class=\"Comment-Words\">capricho<\/span><\/span><span class=\"Translation\"><span class=\"Gender _idGenCharOverride-1\">m <\/span><\/span><span class=\"Translation\"><span class=\"Comments\">\u2014 Laune<\/span><\/span><span class=\"Translation\">)<\/span><span class=\"Bold\">.<\/span><\/p>\r\n\r\n<\/div>\r\n[audio mp3=\"https:\/\/easyoriginal1.s3.eu-central-1.amazonaws.com\/spanisch\/s1\/1.mp3\"][\/audio]\r\n<div class=\"original-container\">\r\n<p class=\"Original\">Hace mucho tiempo que ten\u00eda ganas de escribir cualquier cosa con este t\u00edtulo.<\/p>\r\n<p class=\"Original\">Hoy, que se me ha presentado ocasi\u00f3n, lo he puesto con letras grandes en la primera cuartilla de papel, y luego he dejado a capricho volar la pluma.<\/p>\r\n\r\n<\/div>\r\n<a class=\"weiter\" href=\"\/webreader\/los-ojos-verdes\/fragment\/1-4-2\/\">weiter lesen<\/a>","_et_gb_content_width":""},"product_brand":[],"product_cat":[265],"product_tag":[164,81],"class_list":{"0":"post-14418","1":"product","2":"type-product","3":"status-publish","4":"has-post-thumbnail","6":"product_cat-modern-spanisch-frank","7":"product_tag-anfaenger","8":"product_tag-krimi","10":"first","11":"instock","12":"taxable","13":"shipping-taxable","14":"purchasable","15":"product-type-variable"},"acf":[],"yoast_head":"<!-- This site is optimized with the Yoast SEO plugin v27.3 - https:\/\/yoast.com\/product\/yoast-seo-wordpress\/ -->\n<title>El Sabor del Silencio - Der Geschmack des Schweigens - EasyOriginal.com<\/title>\n<meta name=\"robots\" content=\"index, follow, max-snippet:-1, max-image-preview:large, max-video-preview:-1\" \/>\n<link rel=\"canonical\" href=\"https:\/\/easyoriginal.com\/en\/shop\/modern-spanisch-frank\/el-sabor-del-silencio-der-geschmack-des-schweigens\/\" \/>\n<meta property=\"og:locale\" content=\"en_GB\" \/>\n<meta property=\"og:type\" content=\"article\" \/>\n<meta property=\"og:title\" content=\"El Sabor del Silencio - Der Geschmack des Schweigens - EasyOriginal.com\" \/>\n<meta property=\"og:description\" content=\"Isabel Navarro, Meisterpatissi\u00e8re und Besitzerin der renommierten Konditorei &quot;La Dulce Enigma&quot;, steht vor der Herausforderung ihres Lebens. Als ein ber\u00fcchtigter Restaurantkritiker nach dem Verzehr einer ihrer Kreationen tot aufgefunden wird, ger\u00e4t Isabel unter Verdacht. In einem Wettlauf gegen die Zeit muss sie ihre Unschuld beweisen und taucht dabei tief in die Schattenwelt der Madrider Gastronomieszene ein. Je tiefer sie gr\u00e4bt, desto mehr Geheimnisse und Intrigen kommen ans Licht. Kann Isabel die Wahrheit aufdecken, bevor ihr geliebtes Gesch\u00e4ft und ihr Ruf f\u00fcr immer zerst\u00f6rt werden? Zwischen duftenden T\u00f6rtchen und bitteren Enth\u00fcllungen entspinnt sich eine Geschichte voller unerwarteter Wendungen, gef\u00e4hrlicher Verstrickungen und s\u00fc\u00dfer Versuchungen. &quot;Der Geschmack des Schweigens&quot; ist ein fesselnder Krimi, der die Leser in die verf\u00fchrerische Welt der Haute Cuisine entf\u00fchrt - wo manchmal mehr als nur Zucker und Gew\u00fcrze die Zutaten f\u00fcr den perfekten Genuss sind. Tauchen Sie ein in diesen k\u00f6stlichen Pageturner und finden Sie heraus, welche Geheimnisse sich hinter der gl\u00e4nzenden Fassade von Madrids Gourmet-Szene verbergen! Zweisprachiges Buch Spanisch-Deutsch.\" \/>\n<meta property=\"og:url\" content=\"https:\/\/easyoriginal.com\/en\/shop\/modern-spanisch-frank\/el-sabor-del-silencio-der-geschmack-des-schweigens\/\" \/>\n<meta property=\"og:site_name\" content=\"EasyOriginal.com\" \/>\n<meta property=\"article:modified_time\" content=\"2026-03-25T12:37:57+00:00\" \/>\n<meta property=\"og:image\" content=\"https:\/\/easyoriginal.com\/wp-content\/uploads\/El_Sabor_del_Silencio_printcover.jpg\" \/>\n\t<meta property=\"og:image:width\" content=\"1600\" \/>\n\t<meta property=\"og:image:height\" content=\"2400\" \/>\n\t<meta property=\"og:image:type\" content=\"image\/jpeg\" \/>\n<meta name=\"twitter:card\" content=\"summary_large_image\" \/>\n<meta name=\"twitter:label1\" content=\"Estimated reading time\" \/>\n\t<meta name=\"twitter:data1\" content=\"2 minutes\" \/>\n<script type=\"application\/ld+json\" class=\"yoast-schema-graph\">{\"@context\":\"https:\\\/\\\/schema.org\",\"@graph\":[{\"@type\":\"WebPage\",\"@id\":\"https:\\\/\\\/easyoriginal.com\\\/shop\\\/modern-spanisch-frank\\\/el-sabor-del-silencio-der-geschmack-des-schweigens\\\/\",\"url\":\"https:\\\/\\\/easyoriginal.com\\\/shop\\\/modern-spanisch-frank\\\/el-sabor-del-silencio-der-geschmack-des-schweigens\\\/\",\"name\":\"El Sabor del Silencio - Der Geschmack des Schweigens - EasyOriginal.com\",\"isPartOf\":{\"@id\":\"https:\\\/\\\/easyoriginal.com\\\/#website\"},\"primaryImageOfPage\":{\"@id\":\"https:\\\/\\\/easyoriginal.com\\\/shop\\\/modern-spanisch-frank\\\/el-sabor-del-silencio-der-geschmack-des-schweigens\\\/#primaryimage\"},\"image\":{\"@id\":\"https:\\\/\\\/easyoriginal.com\\\/shop\\\/modern-spanisch-frank\\\/el-sabor-del-silencio-der-geschmack-des-schweigens\\\/#primaryimage\"},\"thumbnailUrl\":\"https:\\\/\\\/easyoriginal.com\\\/wp-content\\\/uploads\\\/El_Sabor_del_Silencio_printcover.jpg\",\"datePublished\":\"2024-12-08T12:37:42+00:00\",\"dateModified\":\"2026-03-25T12:37:57+00:00\",\"breadcrumb\":{\"@id\":\"https:\\\/\\\/easyoriginal.com\\\/shop\\\/modern-spanisch-frank\\\/el-sabor-del-silencio-der-geschmack-des-schweigens\\\/#breadcrumb\"},\"inLanguage\":\"en-GB\",\"potentialAction\":[{\"@type\":\"ReadAction\",\"target\":[\"https:\\\/\\\/easyoriginal.com\\\/shop\\\/modern-spanisch-frank\\\/el-sabor-del-silencio-der-geschmack-des-schweigens\\\/\"]}]},{\"@type\":\"ImageObject\",\"inLanguage\":\"en-GB\",\"@id\":\"https:\\\/\\\/easyoriginal.com\\\/shop\\\/modern-spanisch-frank\\\/el-sabor-del-silencio-der-geschmack-des-schweigens\\\/#primaryimage\",\"url\":\"https:\\\/\\\/easyoriginal.com\\\/wp-content\\\/uploads\\\/El_Sabor_del_Silencio_printcover.jpg\",\"contentUrl\":\"https:\\\/\\\/easyoriginal.com\\\/wp-content\\\/uploads\\\/El_Sabor_del_Silencio_printcover.jpg\",\"width\":1600,\"height\":2400},{\"@type\":\"BreadcrumbList\",\"@id\":\"https:\\\/\\\/easyoriginal.com\\\/shop\\\/modern-spanisch-frank\\\/el-sabor-del-silencio-der-geschmack-des-schweigens\\\/#breadcrumb\",\"itemListElement\":[{\"@type\":\"ListItem\",\"position\":1,\"name\":\"Startseite\",\"item\":\"https:\\\/\\\/easyoriginal.com\\\/\"},{\"@type\":\"ListItem\",\"position\":2,\"name\":\"Shop\",\"item\":\"https:\\\/\\\/easyoriginal.com\\\/shop\\\/\"},{\"@type\":\"ListItem\",\"position\":3,\"name\":\"El Sabor del Silencio &#8211; Der Geschmack des Schweigens\"}]},{\"@type\":\"WebSite\",\"@id\":\"https:\\\/\\\/easyoriginal.com\\\/#website\",\"url\":\"https:\\\/\\\/easyoriginal.com\\\/\",\"name\":\"EasyOriginal.com\",\"description\":\"Spa\u00df am Lesen im Original - Innovative Lesemethode f\u00fcr Fremdsprachen\",\"publisher\":{\"@id\":\"https:\\\/\\\/easyoriginal.com\\\/#organization\"},\"potentialAction\":[{\"@type\":\"SearchAction\",\"target\":{\"@type\":\"EntryPoint\",\"urlTemplate\":\"https:\\\/\\\/easyoriginal.com\\\/?s={search_term_string}\"},\"query-input\":{\"@type\":\"PropertyValueSpecification\",\"valueRequired\":true,\"valueName\":\"search_term_string\"}}],\"inLanguage\":\"en-GB\"},{\"@type\":\"Organization\",\"@id\":\"https:\\\/\\\/easyoriginal.com\\\/#organization\",\"name\":\"EasyOriginal Verlag\",\"url\":\"https:\\\/\\\/easyoriginal.com\\\/\",\"logo\":{\"@type\":\"ImageObject\",\"inLanguage\":\"en-GB\",\"@id\":\"https:\\\/\\\/easyoriginal.com\\\/#\\\/schema\\\/logo\\\/image\\\/\",\"url\":\"https:\\\/\\\/easyoriginal.com\\\/wp-content\\\/uploads\\\/2020\\\/08\\\/logo_main.png\",\"contentUrl\":\"https:\\\/\\\/easyoriginal.com\\\/wp-content\\\/uploads\\\/2020\\\/08\\\/logo_main.png\",\"width\":500,\"height\":103,\"caption\":\"EasyOriginal Verlag\"},\"image\":{\"@id\":\"https:\\\/\\\/easyoriginal.com\\\/#\\\/schema\\\/logo\\\/image\\\/\"}}]}<\/script>\n<!-- \/ Yoast SEO plugin. -->","yoast_head_json":{"title":"El Sabor del Silencio - Der Geschmack des Schweigens - EasyOriginal.com","robots":{"index":"index","follow":"follow","max-snippet":"max-snippet:-1","max-image-preview":"max-image-preview:large","max-video-preview":"max-video-preview:-1"},"canonical":"https:\/\/easyoriginal.com\/en\/shop\/modern-spanisch-frank\/el-sabor-del-silencio-der-geschmack-des-schweigens\/","og_locale":"en_GB","og_type":"article","og_title":"El Sabor del Silencio - Der Geschmack des Schweigens - EasyOriginal.com","og_description":"Isabel Navarro, Meisterpatissi\u00e8re und Besitzerin der renommierten Konditorei \"La Dulce Enigma\", steht vor der Herausforderung ihres Lebens. Als ein ber\u00fcchtigter Restaurantkritiker nach dem Verzehr einer ihrer Kreationen tot aufgefunden wird, ger\u00e4t Isabel unter Verdacht. In einem Wettlauf gegen die Zeit muss sie ihre Unschuld beweisen und taucht dabei tief in die Schattenwelt der Madrider Gastronomieszene ein. Je tiefer sie gr\u00e4bt, desto mehr Geheimnisse und Intrigen kommen ans Licht. Kann Isabel die Wahrheit aufdecken, bevor ihr geliebtes Gesch\u00e4ft und ihr Ruf f\u00fcr immer zerst\u00f6rt werden? Zwischen duftenden T\u00f6rtchen und bitteren Enth\u00fcllungen entspinnt sich eine Geschichte voller unerwarteter Wendungen, gef\u00e4hrlicher Verstrickungen und s\u00fc\u00dfer Versuchungen. \"Der Geschmack des Schweigens\" ist ein fesselnder Krimi, der die Leser in die verf\u00fchrerische Welt der Haute Cuisine entf\u00fchrt - wo manchmal mehr als nur Zucker und Gew\u00fcrze die Zutaten f\u00fcr den perfekten Genuss sind. Tauchen Sie ein in diesen k\u00f6stlichen Pageturner und finden Sie heraus, welche Geheimnisse sich hinter der gl\u00e4nzenden Fassade von Madrids Gourmet-Szene verbergen! Zweisprachiges Buch Spanisch-Deutsch.","og_url":"https:\/\/easyoriginal.com\/en\/shop\/modern-spanisch-frank\/el-sabor-del-silencio-der-geschmack-des-schweigens\/","og_site_name":"EasyOriginal.com","article_modified_time":"2026-03-25T12:37:57+00:00","og_image":[{"width":1600,"height":2400,"url":"https:\/\/easyoriginal.com\/wp-content\/uploads\/El_Sabor_del_Silencio_printcover.jpg","type":"image\/jpeg"}],"twitter_card":"summary_large_image","twitter_misc":{"Estimated reading time":"2 minutes"},"schema":{"@context":"https:\/\/schema.org","@graph":[{"@type":"WebPage","@id":"https:\/\/easyoriginal.com\/shop\/modern-spanisch-frank\/el-sabor-del-silencio-der-geschmack-des-schweigens\/","url":"https:\/\/easyoriginal.com\/shop\/modern-spanisch-frank\/el-sabor-del-silencio-der-geschmack-des-schweigens\/","name":"El Sabor del Silencio - Der Geschmack des Schweigens - EasyOriginal.com","isPartOf":{"@id":"https:\/\/easyoriginal.com\/#website"},"primaryImageOfPage":{"@id":"https:\/\/easyoriginal.com\/shop\/modern-spanisch-frank\/el-sabor-del-silencio-der-geschmack-des-schweigens\/#primaryimage"},"image":{"@id":"https:\/\/easyoriginal.com\/shop\/modern-spanisch-frank\/el-sabor-del-silencio-der-geschmack-des-schweigens\/#primaryimage"},"thumbnailUrl":"https:\/\/easyoriginal.com\/wp-content\/uploads\/El_Sabor_del_Silencio_printcover.jpg","datePublished":"2024-12-08T12:37:42+00:00","dateModified":"2026-03-25T12:37:57+00:00","breadcrumb":{"@id":"https:\/\/easyoriginal.com\/shop\/modern-spanisch-frank\/el-sabor-del-silencio-der-geschmack-des-schweigens\/#breadcrumb"},"inLanguage":"en-GB","potentialAction":[{"@type":"ReadAction","target":["https:\/\/easyoriginal.com\/shop\/modern-spanisch-frank\/el-sabor-del-silencio-der-geschmack-des-schweigens\/"]}]},{"@type":"ImageObject","inLanguage":"en-GB","@id":"https:\/\/easyoriginal.com\/shop\/modern-spanisch-frank\/el-sabor-del-silencio-der-geschmack-des-schweigens\/#primaryimage","url":"https:\/\/easyoriginal.com\/wp-content\/uploads\/El_Sabor_del_Silencio_printcover.jpg","contentUrl":"https:\/\/easyoriginal.com\/wp-content\/uploads\/El_Sabor_del_Silencio_printcover.jpg","width":1600,"height":2400},{"@type":"BreadcrumbList","@id":"https:\/\/easyoriginal.com\/shop\/modern-spanisch-frank\/el-sabor-del-silencio-der-geschmack-des-schweigens\/#breadcrumb","itemListElement":[{"@type":"ListItem","position":1,"name":"Startseite","item":"https:\/\/easyoriginal.com\/"},{"@type":"ListItem","position":2,"name":"Shop","item":"https:\/\/easyoriginal.com\/shop\/"},{"@type":"ListItem","position":3,"name":"El Sabor del Silencio &#8211; Der Geschmack des Schweigens"}]},{"@type":"WebSite","@id":"https:\/\/easyoriginal.com\/#website","url":"https:\/\/easyoriginal.com\/","name":"EasyOriginal.com","description":"Spa\u00df am Lesen im Original - Innovative Lesemethode f\u00fcr Fremdsprachen","publisher":{"@id":"https:\/\/easyoriginal.com\/#organization"},"potentialAction":[{"@type":"SearchAction","target":{"@type":"EntryPoint","urlTemplate":"https:\/\/easyoriginal.com\/?s={search_term_string}"},"query-input":{"@type":"PropertyValueSpecification","valueRequired":true,"valueName":"search_term_string"}}],"inLanguage":"en-GB"},{"@type":"Organization","@id":"https:\/\/easyoriginal.com\/#organization","name":"EasyOriginal Verlag","url":"https:\/\/easyoriginal.com\/","logo":{"@type":"ImageObject","inLanguage":"en-GB","@id":"https:\/\/easyoriginal.com\/#\/schema\/logo\/image\/","url":"https:\/\/easyoriginal.com\/wp-content\/uploads\/2020\/08\/logo_main.png","contentUrl":"https:\/\/easyoriginal.com\/wp-content\/uploads\/2020\/08\/logo_main.png","width":500,"height":103,"caption":"EasyOriginal Verlag"},"image":{"@id":"https:\/\/easyoriginal.com\/#\/schema\/logo\/image\/"}}]}},"_links":{"self":[{"href":"https:\/\/easyoriginal.com\/en\/wp-json\/wp\/v2\/product\/14418","targetHints":{"allow":["GET"]}}],"collection":[{"href":"https:\/\/easyoriginal.com\/en\/wp-json\/wp\/v2\/product"}],"about":[{"href":"https:\/\/easyoriginal.com\/en\/wp-json\/wp\/v2\/types\/product"}],"replies":[{"embeddable":true,"href":"https:\/\/easyoriginal.com\/en\/wp-json\/wp\/v2\/comments?post=14418"}],"wp:featuredmedia":[{"embeddable":true,"href":"https:\/\/easyoriginal.com\/en\/wp-json\/wp\/v2\/media\/14424"}],"wp:attachment":[{"href":"https:\/\/easyoriginal.com\/en\/wp-json\/wp\/v2\/media?parent=14418"}],"wp:term":[{"taxonomy":"product_brand","embeddable":true,"href":"https:\/\/easyoriginal.com\/en\/wp-json\/wp\/v2\/product_brand?post=14418"},{"taxonomy":"product_cat","embeddable":true,"href":"https:\/\/easyoriginal.com\/en\/wp-json\/wp\/v2\/product_cat?post=14418"},{"taxonomy":"product_tag","embeddable":true,"href":"https:\/\/easyoriginal.com\/en\/wp-json\/wp\/v2\/product_tag?post=14418"}],"curies":[{"name":"wp","href":"https:\/\/api.w.org\/{rel}","templated":true}]}}