{"id":14408,"date":"2024-12-08T13:19:07","date_gmt":"2024-12-08T12:19:07","guid":{"rendered":"https:\/\/easyoriginal.com\/?post_type=product&#038;p=14408"},"modified":"2025-08-19T14:17:05","modified_gmt":"2025-08-19T12:17:05","slug":"burbujas-fantasma-geisterblasen","status":"publish","type":"product","link":"https:\/\/easyoriginal.com\/en\/shop\/modern-spanisch-frank\/burbujas-fantasma-geisterblasen\/","title":{"rendered":"Burbujas Fantasma &#8211; Geisterblasen"},"content":{"rendered":"<div class=\"adapted-container\">\n<p class=\"Adapted\">Una Urgencia Efervescente <span class=\"Translation\">(eine sprudelnde Dringlichkeit)<\/span><\/p>\n<p class=\"Adapted\">El sol de la tarde brillaba sobre las ventanas del imponente rascacielos de Torres Global Cava <span class=\"Translation\">(die Nachmittagssonne schien auf die Fenster des imposanten Wolkenkratzers von Torres Global Cav<\/span><span class=\"Translation\"><span class=\"No-Break\">a;<\/span><\/span><span class=\"Translation\"><span class=\"Comments\"> <\/span><\/span><span class=\"Translation\"><span class=\"Comment-Words\">brillar<\/span><\/span><span class=\"Translation\"><span class=\"No-Break\"><span class=\"Comments\"> \u2014<\/span><\/span><\/span><span class=\"Translation\"><span class=\"Comments\"> gl\u00e4nzen, scheine<\/span><\/span><span class=\"Translation\"><span class=\"No-Break\"><span class=\"Comments\">n;<\/span><\/span><\/span><span class=\"Translation\"><span class=\"Comments\"> <\/span><\/span><span class=\"Translation\"><span class=\"Comment-Words\">imponente<\/span><\/span><span class=\"Translation\"><span class=\"No-Break\"><span class=\"Comments\"> \u2014<\/span><\/span><\/span><span class=\"Translation\"><span class=\"Comments\"> imposant, beeindrucken<\/span><\/span><span class=\"Translation\"><span class=\"No-Break\"><span class=\"Comments\">d;<\/span><\/span><\/span><span class=\"Translation\"><span class=\"Comments\"> <\/span><\/span><span class=\"Translation\"><span class=\"Comment-Words\">rascacielos<\/span><\/span><span class=\"Translation\"><span class=\"Sub _idGenCharOverride-1\">m<\/span><\/span><span class=\"Translation\"><span class=\"No-Break\"><span class=\"Comments\"> \u2014<\/span><\/span><\/span><span class=\"Translation\"><span class=\"Comments\"> Wolkenkratzer<\/span><\/span><span class=\"Translation\">)<\/span> en el coraz\u00f3n de Barcelona <span class=\"Translation\">(im Herzen von Barcelona)<\/span>. En el piso 40 <span class=\"Translation\">(im 40. Stock)<\/span>, Sof\u00eda Torres miraba por la ventana de su oficina <span class=\"Translation\">(schaute Sof\u00eda Torres aus dem Fenster ihres B\u00fcro<\/span><span class=\"Translation\"><span class=\"No-Break\">s;<\/span><\/span><span class=\"Translation\"><span class=\"Comments\"> <\/span><\/span><span class=\"Translation\"><span class=\"Comment-Words\">mirar<\/span><\/span><span class=\"Translation\"><span class=\"No-Break\"><span class=\"Comments\"> \u2014<\/span><\/span><\/span><span class=\"Translation\"><span class=\"Comments\"> schauen, blicken<\/span><\/span><span class=\"Translation\">)<\/span>, admirando la vista del Mediterr\u00e1neo <span class=\"Translation\">(die Aussicht auf das Mittelmeer bewundern<\/span><span class=\"Translation\"><span class=\"No-Break\">d;<\/span><\/span><span class=\"Translation\"><span class=\"Comments\"> <\/span><\/span><span class=\"Translation\"><span class=\"Comment-Words\">admirar<\/span><\/span><span class=\"Translation\"><span class=\"No-Break\"><span class=\"Comments\"> \u2014<\/span><\/span><\/span><span class=\"Translation\"><span class=\"Comments\"> bewundern<\/span><\/span><span class=\"Translation\">)<\/span>. Su reflejo en el cristal le devolvi\u00f3 la imagen de una mujer elegante y poderosa <span class=\"Translation\">(ihr Spiegelbild im Glas zeigte ihr das Bild einer eleganten und m\u00e4chtigen Fra<\/span><span class=\"Translation\"><span class=\"No-Break\">u;<\/span><\/span><span class=\"Translation\"><span class=\"Comments\"> <\/span><\/span><span class=\"Translation\"><span class=\"Comment-Words\">devolver<\/span><\/span><span class=\"Translation\"><span class=\"No-Break\"><span class=\"Comments\"> \u2014<\/span><\/span><\/span><span class=\"Translation\"><span class=\"Comments\"> zur\u00fcckgebe<\/span><\/span><span class=\"Translation\"><span class=\"No-Break\"><span class=\"Comments\">n;<\/span><\/span><\/span><span class=\"Translation\"><span class=\"Comments\"> <\/span><\/span><span class=\"Translation\"><span class=\"Comment-Words\">poderoso<\/span><\/span><span class=\"Translation\"><span class=\"No-Break\"><span class=\"Comments\"> \u2014<\/span><\/span><\/span><span class=\"Translation\"><span class=\"Comments\"> m\u00e4chtig, einflussreich<\/span><\/span><span class=\"Translation\">)<\/span>, con su cabello rubio platino perfectamente peinado <span class=\"Translation\">(mit ihrem perfekt frisierten platinblonden Haa<\/span><span class=\"Translation\"><span class=\"No-Break\">r;<\/span><\/span><span class=\"Translation\"><span class=\"Comments\"> <\/span><\/span><span class=\"Translation\"><span class=\"Comment-Words\">peinar<\/span><\/span><span class=\"Translation\"><span class=\"No-Break\"><span class=\"Comments\"> \u2014<\/span><\/span><\/span><span class=\"Translation\"><span class=\"Comments\"> k\u00e4mmen, frisieren<\/span><\/span><span class=\"Translation\">)<\/span> y su traje de dise\u00f1ador impecable <span class=\"Translation\">(und ihrem makellosen Designeranzu<\/span><span class=\"Translation\"><span class=\"No-Break\">g;<\/span><\/span><span class=\"Translation\"><span class=\"Comments\"> <\/span><\/span><span class=\"Translation\"><span class=\"Comment-Words\">impecable<\/span><\/span><span class=\"Translation\"><span class=\"No-Break\"><span class=\"Comments\"> \u2014<\/span><\/span><\/span><span class=\"Translation\"><span class=\"Comments\"> makellos, tadellos<\/span><\/span><span class=\"Translation\">)<\/span>.<\/p>\n<\/div>\n<audio class=\"wp-audio-shortcode\" id=\"audio-14408-1\" preload=\"none\" style=\"width: 100%;\" controls=\"controls\"><source type=\"audio\/mpeg\" src=\"https:\/\/easyoriginal1.s3.eu-central-1.amazonaws.com\/spanisch\/s20\/001.mp3?_=1\" \/><a href=\"https:\/\/easyoriginal1.s3.eu-central-1.amazonaws.com\/spanisch\/s20\/001.mp3\">https:\/\/easyoriginal1.s3.eu-central-1.amazonaws.com\/spanisch\/s20\/001.mp3<\/a><\/audio>\n<div class=\"original-container\">\n<p class=\"Original\" lang=\"es-ES\">Una Urgencia Efervescente<\/p>\n<p class=\"Original\" lang=\"es-ES\">El sol de la tarde brillaba sobre las ventanas del imponente rascacielos de Torres Global Cava en el coraz\u00f3n de Barcelona. En el piso 40, Sof\u00eda Torres miraba por la ventana de su oficina, admirando la vista del Mediterr\u00e1neo. Su reflejo en el cristal le devolvi\u00f3 la imagen de una mujer elegante y poderosa, con su cabello rubio platino perfectamente peinado y su traje de dise\u00f1ador impecable.<\/p>\n<\/div>","protected":false},"excerpt":{"rendered":"<p>Geisterhafte Bl\u00e4schen und ein Wettlauf gegen die Zeit<br \/>\nIn der schillernden Welt des spanischen Cavas steht Sof\u00eda Torres, die m\u00e4chtige CEO von Torres Global Cava, vor einer Katastrophe: Am Vorabend der glamour\u00f6sen Markteinf\u00fchrung ihres neuen Premium-Cavas &#8222;Torres Celestial&#8220; sind die Bl\u00e4schen auf mysteri\u00f6se Weise verschwunden. In ihrer Verzweiflung wendet sie sich an eine unerwartete Verb\u00fcndete &#8211; Marta Puig, eine traditionsbewusste Winzerin und ihre gr\u00f6\u00dfte Konkurrentin.<br \/>\nGemeinsam mit dem brillanten \u00d6nologie-Professor Dr. Javier Ib\u00e1\u00f1ez tauchen die ungleichen Frauen in die Tiefen der Torres-Weinkeller ein. Was sie dort entdecken, k\u00f6nnte nicht nur das Schicksal der Markteinf\u00fchrung, sondern die Zukunft der gesamten Cava-Produktion ver\u00e4ndern.<br \/>\nDoch die Zeit rennt ihnen davon. Werden Marta und ihre ungew\u00f6hnlichen Verb\u00fcndeten das R\u00e4tsel der Geisterbl\u00e4schen rechtzeitig l\u00f6sen k\u00f6nnen? Und zu welchem Preis?<br \/>\n&#8222;Burbujas Fantasma&#8220; ist der spannende Auftakt der Serie &#8222;Burbujas y Misterios&#8220; &#8211; ein prickelnder Wissenschaftsthriller, der Sie in die faszinierende Welt des Cavas entf\u00fchrt. Tauchen Sie ein in dieses sprudelnde Abenteuer, wo Tradition auf Innovation trifft und die Magie der Wissenschaft hinter den kleinen Bl\u00e4schen enth\u00fcllt wird.<br \/>\nZweisprachiges Buch Spanisch-Deutsch.<\/p>","protected":false},"featured_media":14414,"comment_status":"open","ping_status":"closed","template":"","meta":{"_acf_changed":false,"_et_pb_use_builder":"off","_et_pb_old_content":"<div class=\"adapted-container\">\r\n<p class=\"Adapted\"><span class=\"Bold\">Hace mucho tiempo que ten\u00eda ganas de escribir <\/span><span class=\"Translation\">(seit langer Zeit hatte ich Lust zu schreiben; <\/span><span class=\"Translation\"><span class=\"Comment-Words\">tener<\/span><\/span><span class=\"Translation\"><span class=\"Comments\"> \u2014 haben<\/span><\/span><span class=\"Translation\">)<\/span><span class=\"Bold\"> cualquier cosa con este t\u00edtulo <\/span><span class=\"Translation\">(irgendetwas mit diesem Titel)<\/span><span class=\"Bold\">.<\/span><\/p>\r\n<p class=\"Adapted\"><span class=\"Bold\">Hoy<a id=\"_idTextAnchor001\"><\/a>, que se me ha presentado ocasi\u00f3n <\/span><span class=\"Translation\">(heute, wo sich mir \/eine\/ Gelegenheit geboten hat; <\/span><span class=\"Translation\"><span class=\"Comment-Words\">presentar<\/span><\/span><span class=\"Translation\"><span class=\"Comments\"> \u2014 zeigen; vorstellen<\/span><\/span><span class=\"Translation\">)<\/span><span class=\"Bold\">, lo he puesto con letras grandes <\/span><span class=\"Translation\">(das habe ich in gro\u00dfen Buchstaben gesetzt = habe ich es in Gro\u00dfbuchstaben gesetzt; <\/span><span class=\"Translation\"><span class=\"Comment-Words\">poner<\/span><\/span><span class=\"Translation\"><span class=\"Comments\"> \u2014 setzen; stellen; legen<\/span><\/span><span class=\"Translation\">)<\/span><span class=\"Bold\"> en la primera cuartilla de papel <\/span><span class=\"Translation\">(auf das erste Blatt: \u00abauf das erste Viertelpapier\u00bb; <\/span><span class=\"Translation\"><span class=\"Comment-Words\">cuarto<\/span><\/span><span class=\"Translation\"><span class=\"Gender _idGenCharOverride-1\">m <\/span><\/span><span class=\"Translation\"><span class=\"Comments\">\u2014 Viertel<\/span><\/span><span class=\"Translation\">)<\/span><span class=\"Bold\">, y luego he dejado a capricho volar la pluma <\/span><span class=\"Translation\">(und dann habe ich nach Belieben die Feder fliegen lassen; <\/span><span class=\"Translation\"><span class=\"Comment-Words\">dejar<\/span><\/span><span class=\"Translation\"><span class=\"Comments\"> \u2014 lassen; <\/span><\/span><span class=\"Translation\"><span class=\"Comment-Words\">capricho<\/span><\/span><span class=\"Translation\"><span class=\"Gender _idGenCharOverride-1\">m <\/span><\/span><span class=\"Translation\"><span class=\"Comments\">\u2014 Laune<\/span><\/span><span class=\"Translation\">)<\/span><span class=\"Bold\">.<\/span><\/p>\r\n\r\n<\/div>\r\n[audio mp3=\"https:\/\/easyoriginal1.s3.eu-central-1.amazonaws.com\/spanisch\/s1\/1.mp3\"][\/audio]\r\n<div class=\"original-container\">\r\n<p class=\"Original\">Hace mucho tiempo que ten\u00eda ganas de escribir cualquier cosa con este t\u00edtulo.<\/p>\r\n<p class=\"Original\">Hoy, que se me ha presentado ocasi\u00f3n, lo he puesto con letras grandes en la primera cuartilla de papel, y luego he dejado a capricho volar la pluma.<\/p>\r\n\r\n<\/div>\r\n<a class=\"weiter\" href=\"\/webreader\/los-ojos-verdes\/fragment\/1-4-2\/\">weiter lesen<\/a>","_et_gb_content_width":""},"product_brand":[],"product_cat":[265],"product_tag":[164,81],"class_list":{"0":"post-14408","1":"product","2":"type-product","3":"status-publish","4":"has-post-thumbnail","6":"product_cat-modern-spanisch-frank","7":"product_tag-anfaenger","8":"product_tag-krimi","10":"first","11":"instock","12":"taxable","13":"shipping-taxable","14":"purchasable","15":"product-type-variable"},"acf":[],"yoast_head":"<!-- This site is optimized with the Yoast SEO plugin v27.3 - https:\/\/yoast.com\/product\/yoast-seo-wordpress\/ -->\n<title>Burbujas Fantasma - Geisterblasen - EasyOriginal.com<\/title>\n<meta name=\"robots\" content=\"index, follow, max-snippet:-1, max-image-preview:large, max-video-preview:-1\" \/>\n<link rel=\"canonical\" href=\"https:\/\/easyoriginal.com\/en\/shop\/modern-spanisch-frank\/burbujas-fantasma-geisterblasen\/\" \/>\n<meta property=\"og:locale\" content=\"en_GB\" \/>\n<meta property=\"og:type\" content=\"article\" \/>\n<meta property=\"og:title\" content=\"Burbujas Fantasma - Geisterblasen - EasyOriginal.com\" \/>\n<meta property=\"og:description\" content=\"Geisterhafte Bl\u00e4schen und ein Wettlauf gegen die Zeit In der schillernden Welt des spanischen Cavas steht Sof\u00eda Torres, die m\u00e4chtige CEO von Torres Global Cava, vor einer Katastrophe: Am Vorabend der glamour\u00f6sen Markteinf\u00fchrung ihres neuen Premium-Cavas &quot;Torres Celestial&quot; sind die Bl\u00e4schen auf mysteri\u00f6se Weise verschwunden. In ihrer Verzweiflung wendet sie sich an eine unerwartete Verb\u00fcndete - Marta Puig, eine traditionsbewusste Winzerin und ihre gr\u00f6\u00dfte Konkurrentin. Gemeinsam mit dem brillanten \u00d6nologie-Professor Dr. Javier Ib\u00e1\u00f1ez tauchen die ungleichen Frauen in die Tiefen der Torres-Weinkeller ein. Was sie dort entdecken, k\u00f6nnte nicht nur das Schicksal der Markteinf\u00fchrung, sondern die Zukunft der gesamten Cava-Produktion ver\u00e4ndern. Doch die Zeit rennt ihnen davon. Werden Marta und ihre ungew\u00f6hnlichen Verb\u00fcndeten das R\u00e4tsel der Geisterbl\u00e4schen rechtzeitig l\u00f6sen k\u00f6nnen? Und zu welchem Preis? &quot;Burbujas Fantasma&quot; ist der spannende Auftakt der Serie &quot;Burbujas y Misterios&quot; - ein prickelnder Wissenschaftsthriller, der Sie in die faszinierende Welt des Cavas entf\u00fchrt. Tauchen Sie ein in dieses sprudelnde Abenteuer, wo Tradition auf Innovation trifft und die Magie der Wissenschaft hinter den kleinen Bl\u00e4schen enth\u00fcllt wird. Zweisprachiges Buch Spanisch-Deutsch.\" \/>\n<meta property=\"og:url\" content=\"https:\/\/easyoriginal.com\/en\/shop\/modern-spanisch-frank\/burbujas-fantasma-geisterblasen\/\" \/>\n<meta property=\"og:site_name\" content=\"EasyOriginal.com\" \/>\n<meta property=\"article:modified_time\" content=\"2025-08-19T12:17:05+00:00\" \/>\n<meta property=\"og:image\" content=\"https:\/\/easyoriginal.com\/wp-content\/uploads\/Burbujas_Fantasma_printcover.jpg\" \/>\n\t<meta property=\"og:image:width\" content=\"1600\" \/>\n\t<meta property=\"og:image:height\" content=\"2400\" \/>\n\t<meta property=\"og:image:type\" content=\"image\/jpeg\" \/>\n<meta name=\"twitter:card\" content=\"summary_large_image\" \/>\n<meta name=\"twitter:label1\" content=\"Estimated reading time\" \/>\n\t<meta name=\"twitter:data1\" content=\"2 minutes\" \/>\n<script type=\"application\/ld+json\" class=\"yoast-schema-graph\">{\"@context\":\"https:\\\/\\\/schema.org\",\"@graph\":[{\"@type\":\"WebPage\",\"@id\":\"https:\\\/\\\/easyoriginal.com\\\/shop\\\/modern-spanisch-frank\\\/burbujas-fantasma-geisterblasen\\\/\",\"url\":\"https:\\\/\\\/easyoriginal.com\\\/shop\\\/modern-spanisch-frank\\\/burbujas-fantasma-geisterblasen\\\/\",\"name\":\"Burbujas Fantasma - Geisterblasen - EasyOriginal.com\",\"isPartOf\":{\"@id\":\"https:\\\/\\\/easyoriginal.com\\\/#website\"},\"primaryImageOfPage\":{\"@id\":\"https:\\\/\\\/easyoriginal.com\\\/shop\\\/modern-spanisch-frank\\\/burbujas-fantasma-geisterblasen\\\/#primaryimage\"},\"image\":{\"@id\":\"https:\\\/\\\/easyoriginal.com\\\/shop\\\/modern-spanisch-frank\\\/burbujas-fantasma-geisterblasen\\\/#primaryimage\"},\"thumbnailUrl\":\"https:\\\/\\\/easyoriginal.com\\\/wp-content\\\/uploads\\\/Burbujas_Fantasma_printcover.jpg\",\"datePublished\":\"2024-12-08T12:19:07+00:00\",\"dateModified\":\"2025-08-19T12:17:05+00:00\",\"breadcrumb\":{\"@id\":\"https:\\\/\\\/easyoriginal.com\\\/shop\\\/modern-spanisch-frank\\\/burbujas-fantasma-geisterblasen\\\/#breadcrumb\"},\"inLanguage\":\"en-GB\",\"potentialAction\":[{\"@type\":\"ReadAction\",\"target\":[\"https:\\\/\\\/easyoriginal.com\\\/shop\\\/modern-spanisch-frank\\\/burbujas-fantasma-geisterblasen\\\/\"]}]},{\"@type\":\"ImageObject\",\"inLanguage\":\"en-GB\",\"@id\":\"https:\\\/\\\/easyoriginal.com\\\/shop\\\/modern-spanisch-frank\\\/burbujas-fantasma-geisterblasen\\\/#primaryimage\",\"url\":\"https:\\\/\\\/easyoriginal.com\\\/wp-content\\\/uploads\\\/Burbujas_Fantasma_printcover.jpg\",\"contentUrl\":\"https:\\\/\\\/easyoriginal.com\\\/wp-content\\\/uploads\\\/Burbujas_Fantasma_printcover.jpg\",\"width\":1600,\"height\":2400},{\"@type\":\"BreadcrumbList\",\"@id\":\"https:\\\/\\\/easyoriginal.com\\\/shop\\\/modern-spanisch-frank\\\/burbujas-fantasma-geisterblasen\\\/#breadcrumb\",\"itemListElement\":[{\"@type\":\"ListItem\",\"position\":1,\"name\":\"Startseite\",\"item\":\"https:\\\/\\\/easyoriginal.com\\\/\"},{\"@type\":\"ListItem\",\"position\":2,\"name\":\"Shop\",\"item\":\"https:\\\/\\\/easyoriginal.com\\\/shop\\\/\"},{\"@type\":\"ListItem\",\"position\":3,\"name\":\"Burbujas Fantasma &#8211; Geisterblasen\"}]},{\"@type\":\"WebSite\",\"@id\":\"https:\\\/\\\/easyoriginal.com\\\/#website\",\"url\":\"https:\\\/\\\/easyoriginal.com\\\/\",\"name\":\"EasyOriginal.com\",\"description\":\"Spa\u00df am Lesen im Original - Innovative Lesemethode f\u00fcr Fremdsprachen\",\"publisher\":{\"@id\":\"https:\\\/\\\/easyoriginal.com\\\/#organization\"},\"potentialAction\":[{\"@type\":\"SearchAction\",\"target\":{\"@type\":\"EntryPoint\",\"urlTemplate\":\"https:\\\/\\\/easyoriginal.com\\\/?s={search_term_string}\"},\"query-input\":{\"@type\":\"PropertyValueSpecification\",\"valueRequired\":true,\"valueName\":\"search_term_string\"}}],\"inLanguage\":\"en-GB\"},{\"@type\":\"Organization\",\"@id\":\"https:\\\/\\\/easyoriginal.com\\\/#organization\",\"name\":\"EasyOriginal Verlag\",\"url\":\"https:\\\/\\\/easyoriginal.com\\\/\",\"logo\":{\"@type\":\"ImageObject\",\"inLanguage\":\"en-GB\",\"@id\":\"https:\\\/\\\/easyoriginal.com\\\/#\\\/schema\\\/logo\\\/image\\\/\",\"url\":\"https:\\\/\\\/easyoriginal.com\\\/wp-content\\\/uploads\\\/2020\\\/08\\\/logo_main.png\",\"contentUrl\":\"https:\\\/\\\/easyoriginal.com\\\/wp-content\\\/uploads\\\/2020\\\/08\\\/logo_main.png\",\"width\":500,\"height\":103,\"caption\":\"EasyOriginal Verlag\"},\"image\":{\"@id\":\"https:\\\/\\\/easyoriginal.com\\\/#\\\/schema\\\/logo\\\/image\\\/\"}}]}<\/script>\n<!-- \/ Yoast SEO plugin. -->","yoast_head_json":{"title":"Burbujas Fantasma - Geisterblasen - EasyOriginal.com","robots":{"index":"index","follow":"follow","max-snippet":"max-snippet:-1","max-image-preview":"max-image-preview:large","max-video-preview":"max-video-preview:-1"},"canonical":"https:\/\/easyoriginal.com\/en\/shop\/modern-spanisch-frank\/burbujas-fantasma-geisterblasen\/","og_locale":"en_GB","og_type":"article","og_title":"Burbujas Fantasma - Geisterblasen - EasyOriginal.com","og_description":"Geisterhafte Bl\u00e4schen und ein Wettlauf gegen die Zeit In der schillernden Welt des spanischen Cavas steht Sof\u00eda Torres, die m\u00e4chtige CEO von Torres Global Cava, vor einer Katastrophe: Am Vorabend der glamour\u00f6sen Markteinf\u00fchrung ihres neuen Premium-Cavas \"Torres Celestial\" sind die Bl\u00e4schen auf mysteri\u00f6se Weise verschwunden. In ihrer Verzweiflung wendet sie sich an eine unerwartete Verb\u00fcndete - Marta Puig, eine traditionsbewusste Winzerin und ihre gr\u00f6\u00dfte Konkurrentin. Gemeinsam mit dem brillanten \u00d6nologie-Professor Dr. Javier Ib\u00e1\u00f1ez tauchen die ungleichen Frauen in die Tiefen der Torres-Weinkeller ein. Was sie dort entdecken, k\u00f6nnte nicht nur das Schicksal der Markteinf\u00fchrung, sondern die Zukunft der gesamten Cava-Produktion ver\u00e4ndern. Doch die Zeit rennt ihnen davon. Werden Marta und ihre ungew\u00f6hnlichen Verb\u00fcndeten das R\u00e4tsel der Geisterbl\u00e4schen rechtzeitig l\u00f6sen k\u00f6nnen? Und zu welchem Preis? \"Burbujas Fantasma\" ist der spannende Auftakt der Serie \"Burbujas y Misterios\" - ein prickelnder Wissenschaftsthriller, der Sie in die faszinierende Welt des Cavas entf\u00fchrt. Tauchen Sie ein in dieses sprudelnde Abenteuer, wo Tradition auf Innovation trifft und die Magie der Wissenschaft hinter den kleinen Bl\u00e4schen enth\u00fcllt wird. Zweisprachiges Buch Spanisch-Deutsch.","og_url":"https:\/\/easyoriginal.com\/en\/shop\/modern-spanisch-frank\/burbujas-fantasma-geisterblasen\/","og_site_name":"EasyOriginal.com","article_modified_time":"2025-08-19T12:17:05+00:00","og_image":[{"width":1600,"height":2400,"url":"https:\/\/easyoriginal.com\/wp-content\/uploads\/Burbujas_Fantasma_printcover.jpg","type":"image\/jpeg"}],"twitter_card":"summary_large_image","twitter_misc":{"Estimated reading time":"2 minutes"},"schema":{"@context":"https:\/\/schema.org","@graph":[{"@type":"WebPage","@id":"https:\/\/easyoriginal.com\/shop\/modern-spanisch-frank\/burbujas-fantasma-geisterblasen\/","url":"https:\/\/easyoriginal.com\/shop\/modern-spanisch-frank\/burbujas-fantasma-geisterblasen\/","name":"Burbujas Fantasma - Geisterblasen - EasyOriginal.com","isPartOf":{"@id":"https:\/\/easyoriginal.com\/#website"},"primaryImageOfPage":{"@id":"https:\/\/easyoriginal.com\/shop\/modern-spanisch-frank\/burbujas-fantasma-geisterblasen\/#primaryimage"},"image":{"@id":"https:\/\/easyoriginal.com\/shop\/modern-spanisch-frank\/burbujas-fantasma-geisterblasen\/#primaryimage"},"thumbnailUrl":"https:\/\/easyoriginal.com\/wp-content\/uploads\/Burbujas_Fantasma_printcover.jpg","datePublished":"2024-12-08T12:19:07+00:00","dateModified":"2025-08-19T12:17:05+00:00","breadcrumb":{"@id":"https:\/\/easyoriginal.com\/shop\/modern-spanisch-frank\/burbujas-fantasma-geisterblasen\/#breadcrumb"},"inLanguage":"en-GB","potentialAction":[{"@type":"ReadAction","target":["https:\/\/easyoriginal.com\/shop\/modern-spanisch-frank\/burbujas-fantasma-geisterblasen\/"]}]},{"@type":"ImageObject","inLanguage":"en-GB","@id":"https:\/\/easyoriginal.com\/shop\/modern-spanisch-frank\/burbujas-fantasma-geisterblasen\/#primaryimage","url":"https:\/\/easyoriginal.com\/wp-content\/uploads\/Burbujas_Fantasma_printcover.jpg","contentUrl":"https:\/\/easyoriginal.com\/wp-content\/uploads\/Burbujas_Fantasma_printcover.jpg","width":1600,"height":2400},{"@type":"BreadcrumbList","@id":"https:\/\/easyoriginal.com\/shop\/modern-spanisch-frank\/burbujas-fantasma-geisterblasen\/#breadcrumb","itemListElement":[{"@type":"ListItem","position":1,"name":"Startseite","item":"https:\/\/easyoriginal.com\/"},{"@type":"ListItem","position":2,"name":"Shop","item":"https:\/\/easyoriginal.com\/shop\/"},{"@type":"ListItem","position":3,"name":"Burbujas Fantasma &#8211; Geisterblasen"}]},{"@type":"WebSite","@id":"https:\/\/easyoriginal.com\/#website","url":"https:\/\/easyoriginal.com\/","name":"EasyOriginal.com","description":"Spa\u00df am Lesen im Original - Innovative Lesemethode f\u00fcr Fremdsprachen","publisher":{"@id":"https:\/\/easyoriginal.com\/#organization"},"potentialAction":[{"@type":"SearchAction","target":{"@type":"EntryPoint","urlTemplate":"https:\/\/easyoriginal.com\/?s={search_term_string}"},"query-input":{"@type":"PropertyValueSpecification","valueRequired":true,"valueName":"search_term_string"}}],"inLanguage":"en-GB"},{"@type":"Organization","@id":"https:\/\/easyoriginal.com\/#organization","name":"EasyOriginal Verlag","url":"https:\/\/easyoriginal.com\/","logo":{"@type":"ImageObject","inLanguage":"en-GB","@id":"https:\/\/easyoriginal.com\/#\/schema\/logo\/image\/","url":"https:\/\/easyoriginal.com\/wp-content\/uploads\/2020\/08\/logo_main.png","contentUrl":"https:\/\/easyoriginal.com\/wp-content\/uploads\/2020\/08\/logo_main.png","width":500,"height":103,"caption":"EasyOriginal Verlag"},"image":{"@id":"https:\/\/easyoriginal.com\/#\/schema\/logo\/image\/"}}]}},"_links":{"self":[{"href":"https:\/\/easyoriginal.com\/en\/wp-json\/wp\/v2\/product\/14408","targetHints":{"allow":["GET"]}}],"collection":[{"href":"https:\/\/easyoriginal.com\/en\/wp-json\/wp\/v2\/product"}],"about":[{"href":"https:\/\/easyoriginal.com\/en\/wp-json\/wp\/v2\/types\/product"}],"replies":[{"embeddable":true,"href":"https:\/\/easyoriginal.com\/en\/wp-json\/wp\/v2\/comments?post=14408"}],"wp:featuredmedia":[{"embeddable":true,"href":"https:\/\/easyoriginal.com\/en\/wp-json\/wp\/v2\/media\/14414"}],"wp:attachment":[{"href":"https:\/\/easyoriginal.com\/en\/wp-json\/wp\/v2\/media?parent=14408"}],"wp:term":[{"taxonomy":"product_brand","embeddable":true,"href":"https:\/\/easyoriginal.com\/en\/wp-json\/wp\/v2\/product_brand?post=14408"},{"taxonomy":"product_cat","embeddable":true,"href":"https:\/\/easyoriginal.com\/en\/wp-json\/wp\/v2\/product_cat?post=14408"},{"taxonomy":"product_tag","embeddable":true,"href":"https:\/\/easyoriginal.com\/en\/wp-json\/wp\/v2\/product_tag?post=14408"}],"curies":[{"name":"wp","href":"https:\/\/api.w.org\/{rel}","templated":true}]}}