{"id":13954,"date":"2024-07-27T16:46:22","date_gmt":"2024-07-27T14:46:22","guid":{"rendered":"https:\/\/easyoriginal.com\/?post_type=product&#038;p=13954"},"modified":"2024-07-27T16:52:11","modified_gmt":"2024-07-27T14:52:11","slug":"el-pajaro-verde-der-gruene-vogel","status":"publish","type":"product","link":"https:\/\/easyoriginal.com\/en\/shop\/spanisch-deutsch\/el-pajaro-verde-der-gruene-vogel\/","title":{"rendered":"El p\u00e1jaro verde \/ Der gr\u00fcne Vogel"},"content":{"rendered":"<div class=\"adapted-container\">\n<p class=\"Adapted\">Hubo, en \u00e9poca muy remota de esta <span class=\"Translation\">(es gab in einer sehr fernen Epoche von dieser)<\/span><span class=\"Translation\"> <\/span>en que vivimos <span class=\"Translation\">(in der wir leben)<\/span>, un poderoso rey <span class=\"Translation\">(einen m\u00e4chtigen K\u00f6nig)<\/span>, amado con extremo de sus vasallos <span class=\"Translation\">(der von seinen Vasallen aufs \u00c4u\u00dferste geliebt wurd<\/span><span class=\"No-Break\"><span class=\"Translation\">e;<\/span><\/span><span class=\"Translation\"><span class=\"Comments\"> <\/span><\/span><span class=\"Translation\"><span class=\"Comment-Words\">amar<\/span><\/span><span class=\"Translation\"><span class=\"No-Break\"><span class=\"Comments\"> \u2014<\/span><\/span><\/span><span class=\"Translation\"><span class=\"Comments\"> liebe<\/span><\/span><span class=\"Translation\"><span class=\"No-Break\"><span class=\"Comments\">n;<\/span><\/span><\/span><span class=\"Translation\"><span class=\"Comments\"> <\/span><\/span><span class=\"Translation\"><span class=\"Comment-Words\">vasallo<\/span><\/span><span class=\"Translation\"><span class=\"Sub _idGenCharOverride-1\">m<\/span><\/span><span class=\"Translation\"><span class=\"No-Break\"><span class=\"Comments\"> \u2014<\/span><\/span><\/span><span class=\"Translation\"><span class=\"Comments\"> Vasall, Untertan<\/span><\/span><span class=\"Translation\">)<\/span> y poseedor de un fertil\u00edsimo, dilatado y populoso reino <span class=\"Translation\">(und Besitzer eines sehr fruchtbaren, ausgedehnten und bev\u00f6lkerungsreichen K\u00f6nigreich<\/span><span class=\"No-Break\"><span class=\"Translation\">s;<\/span><\/span><span class=\"Translation\"><span class=\"Comments\"> <\/span><\/span><span class=\"Translation\"><span class=\"Comment-Words\">poseer<\/span><\/span><span class=\"Translation\"><span class=\"No-Break\"><span class=\"Comments\"> \u2014<\/span><\/span><\/span><span class=\"Translation\"><span class=\"Comments\"> besitze<\/span><\/span><span class=\"Translation\"><span class=\"No-Break\"><span class=\"Comments\">n;<\/span><\/span><\/span><span class=\"Translation\"><span class=\"Comments\"> <\/span><\/span><span class=\"Translation\"><span class=\"Comment-Words\">f\u00e9rtil<\/span><\/span><span class=\"Translation\"><span class=\"No-Break\"><span class=\"Comments\"> \u2014<\/span><\/span><\/span><span class=\"Translation\"><span class=\"Comments\"> fruchtba<\/span><\/span><span class=\"Translation\"><span class=\"No-Break\"><span class=\"Comments\">r;<\/span><\/span><\/span><span class=\"Translation\"><span class=\"Comments\"> <\/span><\/span><span class=\"Translation\"><span class=\"Comment-Words\">dilatar<\/span><\/span><span class=\"Translation\"><span class=\"No-Break\"><span class=\"Comments\"> \u2014<\/span><\/span><\/span><span class=\"Translation\"><span class=\"Comments\"> ausdehnen, erweiter<\/span><\/span><span class=\"Translation\"><span class=\"No-Break\"><span class=\"Comments\">n;<\/span><\/span><\/span><span class=\"Translation\"><span class=\"Comments\"> <\/span><\/span><span class=\"Translation\"><span class=\"Comment-Words\">populoso<\/span><\/span><span class=\"Translation\"><span class=\"No-Break\"><span class=\"Comments\"> \u2014<\/span><\/span><\/span><span class=\"Translation\"><span class=\"Comments\"> bev\u00f6lkerungsreich, volkreich<\/span><\/span><span class=\"Translation\">)<\/span> all\u00e1 en las regiones de Oriente <span class=\"Translation\">(dort in den Regionen des Orients)<\/span>. Ten\u00eda este rey inmensos tesoros <span class=\"Translation\">(dieser K\u00f6nig hatte unermessliche Sch\u00e4tz<\/span><span class=\"No-Break\"><span class=\"Translation\">e;<\/span><\/span><span class=\"Translation\"><span class=\"Comments\"> tene<\/span><\/span><span class=\"Translation\"><span class=\"No-Break\"><span class=\"Comments\">r;<\/span><\/span><\/span><span class=\"Translation\"><span class=\"Comments\"> tesoro<\/span><\/span><span class=\"Translation\"><span class=\"Sub _idGenCharOverride-1\">m<\/span><\/span><span class=\"Translation\">)<\/span> y daba fiestas espl\u00e9ndidas <span class=\"Translation\">(und gab pr\u00e4chtige Fest<\/span><span class=\"No-Break\"><span class=\"Translation\">e;<\/span><\/span><span class=\"Translation\"><span class=\"Comments\"> da<\/span><\/span><span class=\"Translation\"><span class=\"No-Break\"><span class=\"Comments\">r;<\/span><\/span><\/span><span class=\"Translation\"><span class=\"Comments\"> <\/span><\/span><span class=\"Translation\"><span class=\"Comment-Words\">espl\u00e9ndido<\/span><\/span><span class=\"Translation\"><span class=\"No-Break\"><span class=\"Comments\"> \u2014<\/span><\/span><\/span><span class=\"Translation\"><span class=\"Comments\"> pr\u00e4chtig, prunkvoll<\/span><\/span><span class=\"Translation\">)<\/span>. Asist\u00edan en su corte las m\u00e1s gentiles damas <span class=\"Translation\">(an seinem Hof nahmen die vornehmsten Damen tei<\/span><span class=\"No-Break\"><span class=\"Translation\">l;<\/span><\/span><span class=\"Translation\"><span class=\"Comments\"> <\/span><\/span><span class=\"Translation\"><span class=\"Comment-Words\">asistir<\/span><\/span><span class=\"Translation\"><span class=\"No-Break\"><span class=\"Comments\"> \u2014<\/span><\/span><\/span><span class=\"Translation\"><span class=\"Comments\"> teilnehme<\/span><\/span><span class=\"Translation\"><span class=\"No-Break\"><span class=\"Comments\">n;<\/span><\/span><\/span><span class=\"Translation\"><span class=\"Comments\"> <\/span><\/span><span class=\"Translation\"><span class=\"Comment-Words\">gentil<\/span><\/span><span class=\"Translation\"><span class=\"No-Break\"><span class=\"Comments\"> \u2014<\/span><\/span><\/span><span class=\"Translation\"><span class=\"Comments\"> vornehm, edel<\/span><\/span><span class=\"Translation\">)<\/span> y los m\u00e1s discretos y valientes caballeros <span class=\"Translation\">(und die kl\u00fcgsten und tapfersten Ritte<\/span><span class=\"No-Break\"><span class=\"Translation\">r;<\/span><\/span><span class=\"Translation\"><span class=\"Comments\"> <\/span><\/span><span class=\"Translation\"><span class=\"Comment-Words\">discreto<\/span><\/span><span class=\"Translation\"><span class=\"No-Break\"><span class=\"Comments\"> \u2014<\/span><\/span><\/span><span class=\"Translation\"><span class=\"Comments\"> klug, umsichti<\/span><\/span><span class=\"Translation\"><span class=\"No-Break\"><span class=\"Comments\">g;<\/span><\/span><\/span><span class=\"Translation\"><span class=\"Comments\"> <\/span><\/span><span class=\"Translation\"><span class=\"Comment-Words\">valiente<\/span><\/span><span class=\"Translation\"><span class=\"No-Break\"><span class=\"Comments\"> \u2014<\/span><\/span><\/span><span class=\"Translation\"><span class=\"Comments\"> tapfer, mutig<\/span><\/span><span class=\"Translation\">)<\/span> que entonces hab\u00eda en el mundo <span class=\"Translation\">(die es damals auf der Welt gab)<\/span>.<\/p>\n<\/div>\n<audio class=\"wp-audio-shortcode\" id=\"audio-13954-1\" preload=\"none\" style=\"width: 100%;\" controls=\"controls\"><source type=\"audio\/mpeg\" src=\"https:\/\/easyoriginal1.s3.eu-central-1.amazonaws.com\/spanisch\/s19\/01.mp3?_=1\" \/><a href=\"https:\/\/easyoriginal1.s3.eu-central-1.amazonaws.com\/spanisch\/s19\/01.mp3\">https:\/\/easyoriginal1.s3.eu-central-1.amazonaws.com\/spanisch\/s19\/01.mp3<\/a><\/audio>\n<div class=\"original-container\">\n<p class=\"Original\" lang=\"es-ES\">Hubo, en \u00e9poca muy remota de esta en que vivimos, un poderoso rey, amado con extremo de sus vasallos y poseedor de un fertil\u00edsimo, dilatado y populoso reino all\u00e1 en las regiones de Oriente. Ten\u00eda este rey inmensos tesoros y daba fiestas espl\u00e9ndidas. Asist\u00edan en su corte las m\u00e1s gentiles damas y los m\u00e1s discretos y valientes caballeros que entonces hab\u00eda en el mundo.<\/p>\n<\/div>","protected":false},"excerpt":{"rendered":"<p>&#8222;El p\u00e1jaro verde&#8220; von Juan Valera ist ein zauberhaftes M\u00e4rchen, das in einer fernen Vergangenheit im mystischen Orient spielt. Die Geschichte beginnt mit einem m\u00e4chtigen und wohlhabenden K\u00f6nig, dessen Reich in Wohlstand und Gl\u00fcck gedeiht, jedoch von einem schmerzlichen Verlust \u00fcberschattet wird. Als die k\u00f6nigliche Familie schlie\u00dflich eine wundersch\u00f6ne Prinzessin zur Welt bringt, scheint das Gl\u00fcck zur\u00fcckgekehrt zu sein. Doch bald wird die Prinzessin von einem seltsamen gr\u00fcnen Vogel verzaubert, der ihr Herz und ihre Gedanken gefangen nimmt.<\/p>\n<p>Dieser Vogel, so sch\u00f6n und r\u00e4tselhaft wie das Schicksal selbst, f\u00fchrt sie in eine Welt voller Wunder, Herausforderungen und unerwarteter Wendungen. Begleitet von ihren treuen Freundinnen, begibt sich die Prinzessin auf eine abenteuerliche Reise, um das Geheimnis des gr\u00fcnen Vogels zu l\u00fcften und ihr eigenes Gl\u00fcck zu finden. Diese bezaubernde Erz\u00e4hlung, reich an Fantasie und tiefer Menschlichkeit, l\u00e4sst die Leser in eine magische Welt eintauchen, die von Liebe, Mut und Weisheit gepr\u00e4gt ist.<\/p>\n<p>Tauchen Sie ein in die fesselnde Geschichte von &#8222;El p\u00e1jaro verde&#8220; und erleben Sie ein M\u00e4rchen, das Generationen \u00fcberdauert und die Seele ber\u00fchrt. Ein unverzichtbares Werk f\u00fcr alle Liebhaber von klassischer Literatur und zeitlosen Geschichten.<br \/>\nUngek\u00fcrzter Originaltext. Zweisprachiges Buch Spanisch-Deutsch.<\/p>","protected":false},"featured_media":13961,"comment_status":"open","ping_status":"closed","template":"","meta":{"_acf_changed":false,"_et_pb_use_builder":"off","_et_pb_old_content":"<div class=\"adapted-container\">\r\n<p class=\"Adapted\"><span class=\"Bold\">Hace mucho tiempo que ten\u00eda ganas de escribir <\/span><span class=\"Translation\">(seit langer Zeit hatte ich Lust zu schreiben; <\/span><span class=\"Translation\"><span class=\"Comment-Words\">tener<\/span><\/span><span class=\"Translation\"><span class=\"Comments\"> \u2014 haben<\/span><\/span><span class=\"Translation\">)<\/span><span class=\"Bold\"> cualquier cosa con este t\u00edtulo <\/span><span class=\"Translation\">(irgendetwas mit diesem Titel)<\/span><span class=\"Bold\">.<\/span><\/p>\r\n<p class=\"Adapted\"><span class=\"Bold\">Hoy<a id=\"_idTextAnchor001\"><\/a>, que se me ha presentado ocasi\u00f3n <\/span><span class=\"Translation\">(heute, wo sich mir \/eine\/ Gelegenheit geboten hat; <\/span><span class=\"Translation\"><span class=\"Comment-Words\">presentar<\/span><\/span><span class=\"Translation\"><span class=\"Comments\"> \u2014 zeigen; vorstellen<\/span><\/span><span class=\"Translation\">)<\/span><span class=\"Bold\">, lo he puesto con letras grandes <\/span><span class=\"Translation\">(das habe ich in gro\u00dfen Buchstaben gesetzt = habe ich es in Gro\u00dfbuchstaben gesetzt; <\/span><span class=\"Translation\"><span class=\"Comment-Words\">poner<\/span><\/span><span class=\"Translation\"><span class=\"Comments\"> \u2014 setzen; stellen; legen<\/span><\/span><span class=\"Translation\">)<\/span><span class=\"Bold\"> en la primera cuartilla de papel <\/span><span class=\"Translation\">(auf das erste Blatt: \u00abauf das erste Viertelpapier\u00bb; <\/span><span class=\"Translation\"><span class=\"Comment-Words\">cuarto<\/span><\/span><span class=\"Translation\"><span class=\"Gender _idGenCharOverride-1\">m <\/span><\/span><span class=\"Translation\"><span class=\"Comments\">\u2014 Viertel<\/span><\/span><span class=\"Translation\">)<\/span><span class=\"Bold\">, y luego he dejado a capricho volar la pluma <\/span><span class=\"Translation\">(und dann habe ich nach Belieben die Feder fliegen lassen; <\/span><span class=\"Translation\"><span class=\"Comment-Words\">dejar<\/span><\/span><span class=\"Translation\"><span class=\"Comments\"> \u2014 lassen; <\/span><\/span><span class=\"Translation\"><span class=\"Comment-Words\">capricho<\/span><\/span><span class=\"Translation\"><span class=\"Gender _idGenCharOverride-1\">m <\/span><\/span><span class=\"Translation\"><span class=\"Comments\">\u2014 Laune<\/span><\/span><span class=\"Translation\">)<\/span><span class=\"Bold\">.<\/span><\/p>\r\n\r\n<\/div>\r\n[audio mp3=\"https:\/\/easyoriginal1.s3.eu-central-1.amazonaws.com\/spanisch\/s1\/1.mp3\"][\/audio]\r\n<div class=\"original-container\">\r\n<p class=\"Original\">Hace mucho tiempo que ten\u00eda ganas de escribir cualquier cosa con este t\u00edtulo.<\/p>\r\n<p class=\"Original\">Hoy, que se me ha presentado ocasi\u00f3n, lo he puesto con letras grandes en la primera cuartilla de papel, y luego he dejado a capricho volar la pluma.<\/p>\r\n\r\n<\/div>\r\n<a class=\"weiter\" href=\"\/webreader\/los-ojos-verdes\/fragment\/1-4-2\/\">weiter lesen<\/a>","_et_gb_content_width":""},"product_brand":[],"product_cat":[44],"product_tag":[164,163],"class_list":{"0":"post-13954","1":"product","2":"type-product","3":"status-publish","4":"has-post-thumbnail","6":"product_cat-spanisch-deutsch","7":"product_tag-anfaenger","8":"product_tag-maerchen","10":"first","11":"instock","12":"taxable","13":"shipping-taxable","14":"purchasable","15":"product-type-variable"},"acf":[],"yoast_head":"<!-- This site is optimized with the Yoast SEO plugin v27.3 - https:\/\/yoast.com\/product\/yoast-seo-wordpress\/ -->\n<title>El p\u00e1jaro verde \/ Der gr\u00fcne Vogel - EasyOriginal.com<\/title>\n<meta name=\"robots\" content=\"index, follow, max-snippet:-1, max-image-preview:large, max-video-preview:-1\" \/>\n<link rel=\"canonical\" href=\"https:\/\/easyoriginal.com\/en\/shop\/spanisch-deutsch\/el-pajaro-verde-der-gruene-vogel\/\" \/>\n<meta property=\"og:locale\" content=\"en_GB\" \/>\n<meta property=\"og:type\" content=\"article\" \/>\n<meta property=\"og:title\" content=\"El p\u00e1jaro verde \/ Der gr\u00fcne Vogel - EasyOriginal.com\" \/>\n<meta property=\"og:description\" content=\"&quot;El p\u00e1jaro verde&quot; von Juan Valera ist ein zauberhaftes M\u00e4rchen, das in einer fernen Vergangenheit im mystischen Orient spielt. Die Geschichte beginnt mit einem m\u00e4chtigen und wohlhabenden K\u00f6nig, dessen Reich in Wohlstand und Gl\u00fcck gedeiht, jedoch von einem schmerzlichen Verlust \u00fcberschattet wird. Als die k\u00f6nigliche Familie schlie\u00dflich eine wundersch\u00f6ne Prinzessin zur Welt bringt, scheint das Gl\u00fcck zur\u00fcckgekehrt zu sein. Doch bald wird die Prinzessin von einem seltsamen gr\u00fcnen Vogel verzaubert, der ihr Herz und ihre Gedanken gefangen nimmt.  Dieser Vogel, so sch\u00f6n und r\u00e4tselhaft wie das Schicksal selbst, f\u00fchrt sie in eine Welt voller Wunder, Herausforderungen und unerwarteter Wendungen. Begleitet von ihren treuen Freundinnen, begibt sich die Prinzessin auf eine abenteuerliche Reise, um das Geheimnis des gr\u00fcnen Vogels zu l\u00fcften und ihr eigenes Gl\u00fcck zu finden. Diese bezaubernde Erz\u00e4hlung, reich an Fantasie und tiefer Menschlichkeit, l\u00e4sst die Leser in eine magische Welt eintauchen, die von Liebe, Mut und Weisheit gepr\u00e4gt ist.  Tauchen Sie ein in die fesselnde Geschichte von &quot;El p\u00e1jaro verde&quot; und erleben Sie ein M\u00e4rchen, das Generationen \u00fcberdauert und die Seele ber\u00fchrt. Ein unverzichtbares Werk f\u00fcr alle Liebhaber von klassischer Literatur und zeitlosen Geschichten. Ungek\u00fcrzter Originaltext. Zweisprachiges Buch Spanisch-Deutsch.\" \/>\n<meta property=\"og:url\" content=\"https:\/\/easyoriginal.com\/en\/shop\/spanisch-deutsch\/el-pajaro-verde-der-gruene-vogel\/\" \/>\n<meta property=\"og:site_name\" content=\"EasyOriginal.com\" \/>\n<meta property=\"article:modified_time\" content=\"2024-07-27T14:52:11+00:00\" \/>\n<meta property=\"og:image\" content=\"https:\/\/easyoriginal.com\/wp-content\/uploads\/valera_el_pajaro_verde_printcover-1.jpg\" \/>\n\t<meta property=\"og:image:width\" content=\"1600\" \/>\n\t<meta property=\"og:image:height\" content=\"2400\" \/>\n\t<meta property=\"og:image:type\" content=\"image\/jpeg\" \/>\n<meta name=\"twitter:card\" content=\"summary_large_image\" \/>\n<meta name=\"twitter:label1\" content=\"Estimated reading time\" \/>\n\t<meta name=\"twitter:data1\" content=\"2 minutes\" \/>\n<script type=\"application\/ld+json\" class=\"yoast-schema-graph\">{\"@context\":\"https:\\\/\\\/schema.org\",\"@graph\":[{\"@type\":\"WebPage\",\"@id\":\"https:\\\/\\\/easyoriginal.com\\\/shop\\\/spanisch-deutsch\\\/el-pajaro-verde-der-gruene-vogel\\\/\",\"url\":\"https:\\\/\\\/easyoriginal.com\\\/shop\\\/spanisch-deutsch\\\/el-pajaro-verde-der-gruene-vogel\\\/\",\"name\":\"El p\u00e1jaro verde \\\/ Der gr\u00fcne Vogel - EasyOriginal.com\",\"isPartOf\":{\"@id\":\"https:\\\/\\\/easyoriginal.com\\\/#website\"},\"primaryImageOfPage\":{\"@id\":\"https:\\\/\\\/easyoriginal.com\\\/shop\\\/spanisch-deutsch\\\/el-pajaro-verde-der-gruene-vogel\\\/#primaryimage\"},\"image\":{\"@id\":\"https:\\\/\\\/easyoriginal.com\\\/shop\\\/spanisch-deutsch\\\/el-pajaro-verde-der-gruene-vogel\\\/#primaryimage\"},\"thumbnailUrl\":\"https:\\\/\\\/easyoriginal.com\\\/wp-content\\\/uploads\\\/valera_el_pajaro_verde_printcover-1.jpg\",\"datePublished\":\"2024-07-27T14:46:22+00:00\",\"dateModified\":\"2024-07-27T14:52:11+00:00\",\"breadcrumb\":{\"@id\":\"https:\\\/\\\/easyoriginal.com\\\/shop\\\/spanisch-deutsch\\\/el-pajaro-verde-der-gruene-vogel\\\/#breadcrumb\"},\"inLanguage\":\"en-GB\",\"potentialAction\":[{\"@type\":\"ReadAction\",\"target\":[\"https:\\\/\\\/easyoriginal.com\\\/shop\\\/spanisch-deutsch\\\/el-pajaro-verde-der-gruene-vogel\\\/\"]}]},{\"@type\":\"ImageObject\",\"inLanguage\":\"en-GB\",\"@id\":\"https:\\\/\\\/easyoriginal.com\\\/shop\\\/spanisch-deutsch\\\/el-pajaro-verde-der-gruene-vogel\\\/#primaryimage\",\"url\":\"https:\\\/\\\/easyoriginal.com\\\/wp-content\\\/uploads\\\/valera_el_pajaro_verde_printcover-1.jpg\",\"contentUrl\":\"https:\\\/\\\/easyoriginal.com\\\/wp-content\\\/uploads\\\/valera_el_pajaro_verde_printcover-1.jpg\",\"width\":1600,\"height\":2400},{\"@type\":\"BreadcrumbList\",\"@id\":\"https:\\\/\\\/easyoriginal.com\\\/shop\\\/spanisch-deutsch\\\/el-pajaro-verde-der-gruene-vogel\\\/#breadcrumb\",\"itemListElement\":[{\"@type\":\"ListItem\",\"position\":1,\"name\":\"Startseite\",\"item\":\"https:\\\/\\\/easyoriginal.com\\\/\"},{\"@type\":\"ListItem\",\"position\":2,\"name\":\"Shop\",\"item\":\"https:\\\/\\\/easyoriginal.com\\\/shop\\\/\"},{\"@type\":\"ListItem\",\"position\":3,\"name\":\"El p\u00e1jaro verde \\\/ Der gr\u00fcne Vogel\"}]},{\"@type\":\"WebSite\",\"@id\":\"https:\\\/\\\/easyoriginal.com\\\/#website\",\"url\":\"https:\\\/\\\/easyoriginal.com\\\/\",\"name\":\"EasyOriginal.com\",\"description\":\"Spa\u00df am Lesen im Original - Innovative Lesemethode f\u00fcr Fremdsprachen\",\"publisher\":{\"@id\":\"https:\\\/\\\/easyoriginal.com\\\/#organization\"},\"potentialAction\":[{\"@type\":\"SearchAction\",\"target\":{\"@type\":\"EntryPoint\",\"urlTemplate\":\"https:\\\/\\\/easyoriginal.com\\\/?s={search_term_string}\"},\"query-input\":{\"@type\":\"PropertyValueSpecification\",\"valueRequired\":true,\"valueName\":\"search_term_string\"}}],\"inLanguage\":\"en-GB\"},{\"@type\":\"Organization\",\"@id\":\"https:\\\/\\\/easyoriginal.com\\\/#organization\",\"name\":\"EasyOriginal Verlag\",\"url\":\"https:\\\/\\\/easyoriginal.com\\\/\",\"logo\":{\"@type\":\"ImageObject\",\"inLanguage\":\"en-GB\",\"@id\":\"https:\\\/\\\/easyoriginal.com\\\/#\\\/schema\\\/logo\\\/image\\\/\",\"url\":\"https:\\\/\\\/easyoriginal.com\\\/wp-content\\\/uploads\\\/2020\\\/08\\\/logo_main.png\",\"contentUrl\":\"https:\\\/\\\/easyoriginal.com\\\/wp-content\\\/uploads\\\/2020\\\/08\\\/logo_main.png\",\"width\":500,\"height\":103,\"caption\":\"EasyOriginal Verlag\"},\"image\":{\"@id\":\"https:\\\/\\\/easyoriginal.com\\\/#\\\/schema\\\/logo\\\/image\\\/\"}}]}<\/script>\n<!-- \/ Yoast SEO plugin. -->","yoast_head_json":{"title":"El p\u00e1jaro verde \/ Der gr\u00fcne Vogel - EasyOriginal.com","robots":{"index":"index","follow":"follow","max-snippet":"max-snippet:-1","max-image-preview":"max-image-preview:large","max-video-preview":"max-video-preview:-1"},"canonical":"https:\/\/easyoriginal.com\/en\/shop\/spanisch-deutsch\/el-pajaro-verde-der-gruene-vogel\/","og_locale":"en_GB","og_type":"article","og_title":"El p\u00e1jaro verde \/ Der gr\u00fcne Vogel - EasyOriginal.com","og_description":"\"El p\u00e1jaro verde\" von Juan Valera ist ein zauberhaftes M\u00e4rchen, das in einer fernen Vergangenheit im mystischen Orient spielt. Die Geschichte beginnt mit einem m\u00e4chtigen und wohlhabenden K\u00f6nig, dessen Reich in Wohlstand und Gl\u00fcck gedeiht, jedoch von einem schmerzlichen Verlust \u00fcberschattet wird. Als die k\u00f6nigliche Familie schlie\u00dflich eine wundersch\u00f6ne Prinzessin zur Welt bringt, scheint das Gl\u00fcck zur\u00fcckgekehrt zu sein. Doch bald wird die Prinzessin von einem seltsamen gr\u00fcnen Vogel verzaubert, der ihr Herz und ihre Gedanken gefangen nimmt.  Dieser Vogel, so sch\u00f6n und r\u00e4tselhaft wie das Schicksal selbst, f\u00fchrt sie in eine Welt voller Wunder, Herausforderungen und unerwarteter Wendungen. Begleitet von ihren treuen Freundinnen, begibt sich die Prinzessin auf eine abenteuerliche Reise, um das Geheimnis des gr\u00fcnen Vogels zu l\u00fcften und ihr eigenes Gl\u00fcck zu finden. Diese bezaubernde Erz\u00e4hlung, reich an Fantasie und tiefer Menschlichkeit, l\u00e4sst die Leser in eine magische Welt eintauchen, die von Liebe, Mut und Weisheit gepr\u00e4gt ist.  Tauchen Sie ein in die fesselnde Geschichte von \"El p\u00e1jaro verde\" und erleben Sie ein M\u00e4rchen, das Generationen \u00fcberdauert und die Seele ber\u00fchrt. Ein unverzichtbares Werk f\u00fcr alle Liebhaber von klassischer Literatur und zeitlosen Geschichten. Ungek\u00fcrzter Originaltext. Zweisprachiges Buch Spanisch-Deutsch.","og_url":"https:\/\/easyoriginal.com\/en\/shop\/spanisch-deutsch\/el-pajaro-verde-der-gruene-vogel\/","og_site_name":"EasyOriginal.com","article_modified_time":"2024-07-27T14:52:11+00:00","og_image":[{"width":1600,"height":2400,"url":"https:\/\/easyoriginal.com\/wp-content\/uploads\/valera_el_pajaro_verde_printcover-1.jpg","type":"image\/jpeg"}],"twitter_card":"summary_large_image","twitter_misc":{"Estimated reading time":"2 minutes"},"schema":{"@context":"https:\/\/schema.org","@graph":[{"@type":"WebPage","@id":"https:\/\/easyoriginal.com\/shop\/spanisch-deutsch\/el-pajaro-verde-der-gruene-vogel\/","url":"https:\/\/easyoriginal.com\/shop\/spanisch-deutsch\/el-pajaro-verde-der-gruene-vogel\/","name":"El p\u00e1jaro verde \/ Der gr\u00fcne Vogel - EasyOriginal.com","isPartOf":{"@id":"https:\/\/easyoriginal.com\/#website"},"primaryImageOfPage":{"@id":"https:\/\/easyoriginal.com\/shop\/spanisch-deutsch\/el-pajaro-verde-der-gruene-vogel\/#primaryimage"},"image":{"@id":"https:\/\/easyoriginal.com\/shop\/spanisch-deutsch\/el-pajaro-verde-der-gruene-vogel\/#primaryimage"},"thumbnailUrl":"https:\/\/easyoriginal.com\/wp-content\/uploads\/valera_el_pajaro_verde_printcover-1.jpg","datePublished":"2024-07-27T14:46:22+00:00","dateModified":"2024-07-27T14:52:11+00:00","breadcrumb":{"@id":"https:\/\/easyoriginal.com\/shop\/spanisch-deutsch\/el-pajaro-verde-der-gruene-vogel\/#breadcrumb"},"inLanguage":"en-GB","potentialAction":[{"@type":"ReadAction","target":["https:\/\/easyoriginal.com\/shop\/spanisch-deutsch\/el-pajaro-verde-der-gruene-vogel\/"]}]},{"@type":"ImageObject","inLanguage":"en-GB","@id":"https:\/\/easyoriginal.com\/shop\/spanisch-deutsch\/el-pajaro-verde-der-gruene-vogel\/#primaryimage","url":"https:\/\/easyoriginal.com\/wp-content\/uploads\/valera_el_pajaro_verde_printcover-1.jpg","contentUrl":"https:\/\/easyoriginal.com\/wp-content\/uploads\/valera_el_pajaro_verde_printcover-1.jpg","width":1600,"height":2400},{"@type":"BreadcrumbList","@id":"https:\/\/easyoriginal.com\/shop\/spanisch-deutsch\/el-pajaro-verde-der-gruene-vogel\/#breadcrumb","itemListElement":[{"@type":"ListItem","position":1,"name":"Startseite","item":"https:\/\/easyoriginal.com\/"},{"@type":"ListItem","position":2,"name":"Shop","item":"https:\/\/easyoriginal.com\/shop\/"},{"@type":"ListItem","position":3,"name":"El p\u00e1jaro verde \/ Der gr\u00fcne Vogel"}]},{"@type":"WebSite","@id":"https:\/\/easyoriginal.com\/#website","url":"https:\/\/easyoriginal.com\/","name":"EasyOriginal.com","description":"Spa\u00df am Lesen im Original - Innovative Lesemethode f\u00fcr Fremdsprachen","publisher":{"@id":"https:\/\/easyoriginal.com\/#organization"},"potentialAction":[{"@type":"SearchAction","target":{"@type":"EntryPoint","urlTemplate":"https:\/\/easyoriginal.com\/?s={search_term_string}"},"query-input":{"@type":"PropertyValueSpecification","valueRequired":true,"valueName":"search_term_string"}}],"inLanguage":"en-GB"},{"@type":"Organization","@id":"https:\/\/easyoriginal.com\/#organization","name":"EasyOriginal Verlag","url":"https:\/\/easyoriginal.com\/","logo":{"@type":"ImageObject","inLanguage":"en-GB","@id":"https:\/\/easyoriginal.com\/#\/schema\/logo\/image\/","url":"https:\/\/easyoriginal.com\/wp-content\/uploads\/2020\/08\/logo_main.png","contentUrl":"https:\/\/easyoriginal.com\/wp-content\/uploads\/2020\/08\/logo_main.png","width":500,"height":103,"caption":"EasyOriginal Verlag"},"image":{"@id":"https:\/\/easyoriginal.com\/#\/schema\/logo\/image\/"}}]}},"_links":{"self":[{"href":"https:\/\/easyoriginal.com\/en\/wp-json\/wp\/v2\/product\/13954","targetHints":{"allow":["GET"]}}],"collection":[{"href":"https:\/\/easyoriginal.com\/en\/wp-json\/wp\/v2\/product"}],"about":[{"href":"https:\/\/easyoriginal.com\/en\/wp-json\/wp\/v2\/types\/product"}],"replies":[{"embeddable":true,"href":"https:\/\/easyoriginal.com\/en\/wp-json\/wp\/v2\/comments?post=13954"}],"wp:featuredmedia":[{"embeddable":true,"href":"https:\/\/easyoriginal.com\/en\/wp-json\/wp\/v2\/media\/13961"}],"wp:attachment":[{"href":"https:\/\/easyoriginal.com\/en\/wp-json\/wp\/v2\/media?parent=13954"}],"wp:term":[{"taxonomy":"product_brand","embeddable":true,"href":"https:\/\/easyoriginal.com\/en\/wp-json\/wp\/v2\/product_brand?post=13954"},{"taxonomy":"product_cat","embeddable":true,"href":"https:\/\/easyoriginal.com\/en\/wp-json\/wp\/v2\/product_cat?post=13954"},{"taxonomy":"product_tag","embeddable":true,"href":"https:\/\/easyoriginal.com\/en\/wp-json\/wp\/v2\/product_tag?post=13954"}],"curies":[{"name":"wp","href":"https:\/\/api.w.org\/{rel}","templated":true}]}}