{"id":13909,"date":"2024-07-27T16:18:55","date_gmt":"2024-07-27T14:18:55","guid":{"rendered":"https:\/\/easyoriginal.com\/?post_type=product&#038;p=13909"},"modified":"2024-07-27T16:22:51","modified_gmt":"2024-07-27T14:22:51","slug":"the-wolves-of-cernogratz-die-woelfe-von-cernogratz","status":"publish","type":"product","link":"https:\/\/easyoriginal.com\/en\/shop\/englisch-deutsch\/the-wolves-of-cernogratz-die-woelfe-von-cernogratz\/","title":{"rendered":"The Wolves of Cernogratz \/ Die W\u00f6lfe von Cernogratz"},"content":{"rendered":"<div class=\"adapted-container\">\n<p class=\"Adapted\" lang=\"de-DE\">\u201cAre there any old legends attached to the castle <span class=\"Translation CharOverride-1\">(gibt es alte Legenden, die mit der Burg verbunden sin<\/span><span class=\"Translation\"><span class=\"No-Break CharOverride-1\">d;<\/span><\/span><span class=\"Translation CharOverride-2\"> legend<\/span><span class=\"Translation\"><span class=\"No-Break CharOverride-2\"> <\/span><\/span><span class=\"Translation\"><span class=\"No-Break CharOverride-1\">\u2014<\/span><\/span><span class=\"Translation CharOverride-2\"> <\/span><span class=\"Translation CharOverride-3\">Sage, Legend<\/span><span class=\"Translation\"><span class=\"No-Break CharOverride-3\">e<\/span><\/span><span class=\"Translation\"><span class=\"No-Break CharOverride-1\">;<\/span><\/span><span class=\"Translation CharOverride-2\"> to attach<\/span><span class=\"Translation\"><span class=\"No-Break CharOverride-2\"> <\/span><\/span><span class=\"Translation\"><span class=\"No-Break CharOverride-1\">\u2014<\/span><\/span><span class=\"Translation CharOverride-2\"> <\/span><span class=\"Translation CharOverride-3\">anbringen, anf\u00fcge<\/span><span class=\"Translation\"><span class=\"No-Break CharOverride-3\">n<\/span><\/span><span class=\"Translation\"><span class=\"No-Break CharOverride-1\">;<\/span><\/span><span class=\"Translation CharOverride-3\"> verbinden<\/span><span class=\"Translation CharOverride-1\">)<\/span>?\u201d asked Conrad of his sister <span class=\"Translation CharOverride-1\">(fragte Conrad seine Schwester)<\/span>. Conrad was a prosperous Hamburg merchant <span class=\"Translation CharOverride-1\">(Conrad war ein erfolgreicher Hamburger Kaufman<\/span><span class=\"Translation\"><span class=\"No-Break CharOverride-1\">n;<\/span><\/span><span class=\"Translation CharOverride-2\"> merchant<\/span><span class=\"Translation\"><span class=\"No-Break CharOverride-2\"> <\/span><\/span><span class=\"Translation\"><span class=\"No-Break CharOverride-1\">\u2014<\/span><\/span><span class=\"Translation CharOverride-2\"> <\/span><span class=\"Translation CharOverride-3\">H\u00e4ndler, Kaufmann<\/span><span class=\"Translation CharOverride-1\">)<\/span>, but he was the one poetically-dispositioned member of an eminently practical family <span class=\"Translation CharOverride-1\">(aber er war das einzige poetisch-veranlagte Mitglied einer \u00fcberaus pragmatischen Famili<\/span><span class=\"Translation\"><span class=\"No-Break CharOverride-1\">e;<\/span><\/span><span class=\"Translation CharOverride-2\"> disposition<\/span><span class=\"Translation\"><span class=\"No-Break CharOverride-2\"> <\/span><\/span><span class=\"Translation\"><span class=\"No-Break CharOverride-1\">\u2014<\/span><\/span><span class=\"Translation CharOverride-2\"> <\/span><span class=\"Translation CharOverride-3\">Veranlagung<\/span><span class=\"Translation CharOverride-1\">)<\/span>.<\/p>\n<p class=\"Adapted\" lang=\"de-DE\">The Baroness Gruebel shrugged her plump shoulders <span class=\"Translation CharOverride-1\">(die Baronin Gruebel zuckte mit ihren rundlichen Schultern)<\/span>.<\/p>\n<\/div>\n<audio class=\"wp-audio-shortcode\" id=\"audio-13909-1\" preload=\"none\" style=\"width: 100%;\" controls=\"controls\"><source type=\"audio\/mpeg\" src=\"https:\/\/easyoriginal1.s3.eu-central-1.amazonaws.com\/englisch\/e70\/01.mp3?_=1\" \/><a href=\"https:\/\/easyoriginal1.s3.eu-central-1.amazonaws.com\/englisch\/e70\/01.mp3\">https:\/\/easyoriginal1.s3.eu-central-1.amazonaws.com\/englisch\/e70\/01.mp3<\/a><\/audio>\n<div class=\"original-container\">\n<p class=\"Original\" lang=\"en-GB\">\u201cAre there any old legends attached to the castle?\u201d asked Conrad of his sister. Conrad was a prosperous Hamburg merchant, but he was the one poetically-dispositioned member of an eminently practical family.<\/p>\n<p class=\"Original\" lang=\"en-GB\">The Baroness Gruebel shrugged her plump shoulders.<\/p>\n<\/div>","protected":false},"excerpt":{"rendered":"<p>Betreten Sie die mysteri\u00f6se und faszinierende Welt von &#8222;The Wolves of Cernogratz&#8220; von Saki, einer Kurzgeschichte, die meisterhaft die Elemente von Horror und Satire verbindet.<\/p>\n<p>In &#8222;The Wolves of Cernogratz&#8220; erz\u00e4hlt Saki die Geschichte der alteingesessenen Familie von Cernogratz und ihres Schlosses, das von einem dunklen Geheimnis umgeben ist. Die Legende besagt, dass, wenn ein Mitglied der Familie stirbt, die W\u00f6lfe aus den umliegenden W\u00e4ldern kommen und heulen, um den Tod zu verk\u00fcnden. Als die Familie das Schloss an wohlhabende, aber ungl\u00e4ubige Neulinge verkauft, nehmen die Ereignisse eine unheimliche und \u00fcberraschende Wendung.<\/p>\n<p>Sakis Geschick, Spannung aufzubauen und gleichzeitig seine Charaktere mit feiner Ironie zu zeichnen, macht diese Geschichte zu einem unvergesslichen Leseerlebnis. Die d\u00fcstere Atmosph\u00e4re und die unerwarteten Wendungen fesseln den Leser von der ersten bis zur letzten Seite und offenbaren Sakis tiefes Verst\u00e4ndnis f\u00fcr die menschliche Natur und ihre Abgr\u00fcnde.<\/p>\n<p>Perfekt f\u00fcr Leser, die intelligente und packende Literatur sch\u00e4tzen, bietet &#8222;The Wolves of Cernogratz&#8220; eine einzigartige Mischung aus Grusel und scharfsinnigem Humor. Lassen Sie sich von Sakis meisterhafter Erz\u00e4hlkunst verzaubern und entdecken Sie eine Geschichte, die sowohl zum Nachdenken als auch zum Gruseln anregt. Ideal f\u00fcr alle, die den feinen britischen Humor und die subtile Satire Sakis lieben, und gleichzeitig eine Vorliebe f\u00fcr das Unheimliche haben.<\/p>\n<p>Ungek\u00fcrzter Originaltext. Zweisprachiges Buch Englisch-Deutsch.<\/p>","protected":false},"featured_media":13916,"comment_status":"open","ping_status":"closed","template":"","meta":{"_acf_changed":false,"_et_pb_use_builder":"off","_et_pb_old_content":"<div class=\"adapted-container\">\r\n<p class=\"Adapted\"><span class=\"Bold\">\u201cYou are not really dying, are <\/span><span class=\"Bold\">you?<\/span> <span class=\"Translation\">(du stirbst nicht wirklich, oder?; <\/span><span class=\"Translation\"><span class=\"Comment-Words\">You are not\u2026are you?<\/span><\/span><span class=\"Translation\"><span class=\"Comments\"> \u2013 Verst\u00e4rkung der Frage, Nachdruck<\/span><\/span><span class=\"Translation\">)<\/span><span class=\"Bold\">\u201d asked Amanda <\/span><span class=\"Translation\">(fragte <\/span><span class=\"Translation\">Amanda)<\/span><span class=\"Bold\">.<\/span><\/p>\r\n<p class=\"Adapted\"><span class=\"Bold\">\u201cI have the doctor\u2019s permission to live till Tuesday <\/span><span class=\"Translation\">(ich habe die Erlaubnis des Arztes bis <\/span><span class=\"Translation\">Dienstag zu leben; <\/span><span class=\"Translation\"><span class=\"Comments\">permission <\/span><\/span><span class=\"Translation\"><span class=\"Transcription\">[p\u0259\u2018m\u026a\u0283(\u0259)<\/span><\/span><span class=\"Transcription\">n]<\/span><span class=\"Translation\">)<\/span><span class=\"Bold\">,\u201d said Laura<\/span> <span class=\"Translation\">(sagte <\/span><span class=\"Translation\">Laura)<\/span><span class=\"Bold\">.<\/span><\/p>\r\n<p class=\"Adapted\"><span class=\"Bold\">\u201cBut to\u2013day is Saturday; this is serious!<\/span> <span class=\"Translation\">(aber heute ist Samstag; das ist ernst; <\/span><span class=\"Translation\"><span class=\"Comments\">serious <\/span><\/span><span class=\"Translation\"><span class=\"Transcription\">[\u201as\u026a\u0259r\u026a\u0259s]<\/span><\/span><span class=\"Translation\">)<\/span><span class=\"Bold\">\u201d gasped Amanda<\/span> <span class=\"Translation\">(keuchte Amanda; <\/span><span class=\"Translation\"><span class=\"Comments\">gasp <\/span><\/span><span class=\"Translation\"><span class=\"Transcription\">[g\u0251:sp]<\/span><\/span><span class=\"Translation\">)<\/span><span class=\"Comment-Words\">.<\/span><\/p>\r\n<p class=\"Adapted\"><span class=\"Bold\">\u201cI don\u2019t know about it being serious<\/span> <span class=\"Translation\">(ich<\/span><span class=\"Translation\"> wei\u00df nicht, ob es ernst ist; <\/span><span class=\"Translation\"><span class=\"Comments\">serious <\/span><\/span><span class=\"Translation\"><span class=\"Transcription\">[\u201as\u026a\u0259r\u026a\u0259s]<\/span><\/span><span class=\"Translation\">)<\/span><span class=\"Bold\">; it is certainly Saturday<\/span> <span class=\"Translation\">(es ist<\/span><span class=\"Translation\"> sicherlich Samstag; <\/span><span class=\"Translation\"><span class=\"Comment-Words\">certainly<\/span><\/span> <span class=\"Translation\"><span class=\"Transcription\">[\u201as\u025c:t(\u0259)<\/span><\/span><span class=\"Transcription\">nl\u026a]<\/span> <span class=\"Comments\">\u2014 allerdings, nat\u00fcrlich, sicherlich; certain \u2014 bestimmt<\/span><span class=\"Comments\">, gewiss, sicher<\/span><span class=\"Translation\">)<\/span><span class=\"Bold\">,\u201d said Laura.<\/span><\/p>\r\n<p class=\"Adapted\"><span class=\"Bold\">\u201cDeath is always serious<\/span> <span class=\"Translation\">(Tod ist immer ernst; <\/span><span class=\"Translation\"><span class=\"Comments\">death <\/span><\/span><span class=\"Translation\"><span class=\"Transcription\">[de\u03b8]<\/span><\/span><span class=\"Translation\">)<\/span><span class=\"Bold\">,\u201d said Amanda.<\/span><\/p>\r\n\r\n<\/div>\r\n[audio mp3=\"https:\/\/easyoriginal1.s3.eu-central-1.amazonaws.com\/englisch\/saki\/laura\/01.mp3\"][\/audio]\r\n<div class=\"original-container\">\r\n<p class=\"Original\">\u201cYou are not really dying, are you?\u201d asked Amanda.<\/p>\r\n<p class=\"Original\">\u201cI have the doctor\u2019s permission to live till Tuesday,\u201d said Laura.<\/p>\r\n<p class=\"Original\">\u201cBut to\u2013day is Saturday; this is serious!\u201d gasped Amanda.<\/p>\r\n<p class=\"Original\">\u201cI don\u2019t know about it being serious; it is certainly Saturday,\u201d said Laura.<\/p>\r\n<p class=\"Original\">\u201cDeath is always serious,\u201d said Amanda.<\/p>\r\n\r\n<\/div>\r\n<a class=\"weiter\" href=\"\/webreader\/laura\/fragment\/2\/\">weiter lesen<\/a>","_et_gb_content_width":""},"product_brand":[],"product_cat":[42],"product_tag":[72,70,71],"class_list":{"0":"post-13909","1":"product","2":"type-product","3":"status-publish","4":"has-post-thumbnail","6":"product_cat-englisch-deutsch","7":"product_tag-britisch","8":"product_tag-humorvoll","9":"product_tag-kurzgeschichte","11":"first","12":"instock","13":"taxable","14":"shipping-taxable","15":"purchasable","16":"product-type-variable"},"acf":[],"yoast_head":"<!-- This site is optimized with the Yoast SEO plugin v27.3 - https:\/\/yoast.com\/product\/yoast-seo-wordpress\/ -->\n<title>The Wolves of Cernogratz \/ Die W\u00f6lfe von Cernogratz - EasyOriginal.com<\/title>\n<meta name=\"robots\" content=\"index, follow, max-snippet:-1, max-image-preview:large, max-video-preview:-1\" \/>\n<link rel=\"canonical\" href=\"https:\/\/easyoriginal.com\/en\/shop\/englisch-deutsch\/the-wolves-of-cernogratz-die-woelfe-von-cernogratz\/\" \/>\n<meta property=\"og:locale\" content=\"en_GB\" \/>\n<meta property=\"og:type\" content=\"article\" \/>\n<meta property=\"og:title\" content=\"The Wolves of Cernogratz \/ Die W\u00f6lfe von Cernogratz - EasyOriginal.com\" \/>\n<meta property=\"og:description\" content=\"Betreten Sie die mysteri\u00f6se und faszinierende Welt von &quot;The Wolves of Cernogratz&quot; von Saki, einer Kurzgeschichte, die meisterhaft die Elemente von Horror und Satire verbindet.  In &quot;The Wolves of Cernogratz&quot; erz\u00e4hlt Saki die Geschichte der alteingesessenen Familie von Cernogratz und ihres Schlosses, das von einem dunklen Geheimnis umgeben ist. Die Legende besagt, dass, wenn ein Mitglied der Familie stirbt, die W\u00f6lfe aus den umliegenden W\u00e4ldern kommen und heulen, um den Tod zu verk\u00fcnden. Als die Familie das Schloss an wohlhabende, aber ungl\u00e4ubige Neulinge verkauft, nehmen die Ereignisse eine unheimliche und \u00fcberraschende Wendung.  Sakis Geschick, Spannung aufzubauen und gleichzeitig seine Charaktere mit feiner Ironie zu zeichnen, macht diese Geschichte zu einem unvergesslichen Leseerlebnis. Die d\u00fcstere Atmosph\u00e4re und die unerwarteten Wendungen fesseln den Leser von der ersten bis zur letzten Seite und offenbaren Sakis tiefes Verst\u00e4ndnis f\u00fcr die menschliche Natur und ihre Abgr\u00fcnde.  Perfekt f\u00fcr Leser, die intelligente und packende Literatur sch\u00e4tzen, bietet &quot;The Wolves of Cernogratz&quot; eine einzigartige Mischung aus Grusel und scharfsinnigem Humor. Lassen Sie sich von Sakis meisterhafter Erz\u00e4hlkunst verzaubern und entdecken Sie eine Geschichte, die sowohl zum Nachdenken als auch zum Gruseln anregt. Ideal f\u00fcr alle, die den feinen britischen Humor und die subtile Satire Sakis lieben, und gleichzeitig eine Vorliebe f\u00fcr das Unheimliche haben.  Ungek\u00fcrzter Originaltext. Zweisprachiges Buch Englisch-Deutsch.\" \/>\n<meta property=\"og:url\" content=\"https:\/\/easyoriginal.com\/en\/shop\/englisch-deutsch\/the-wolves-of-cernogratz-die-woelfe-von-cernogratz\/\" \/>\n<meta property=\"og:site_name\" content=\"EasyOriginal.com\" \/>\n<meta property=\"article:modified_time\" content=\"2024-07-27T14:22:51+00:00\" \/>\n<meta property=\"og:image\" content=\"https:\/\/easyoriginal.com\/wp-content\/uploads\/saki_the_wolves_printcover-1.jpg\" \/>\n\t<meta property=\"og:image:width\" content=\"1600\" \/>\n\t<meta property=\"og:image:height\" content=\"2400\" \/>\n\t<meta property=\"og:image:type\" content=\"image\/jpeg\" \/>\n<meta name=\"twitter:card\" content=\"summary_large_image\" \/>\n<meta name=\"twitter:label1\" content=\"Estimated reading time\" \/>\n\t<meta name=\"twitter:data1\" content=\"2 minutes\" \/>\n<script type=\"application\/ld+json\" class=\"yoast-schema-graph\">{\"@context\":\"https:\\\/\\\/schema.org\",\"@graph\":[{\"@type\":\"WebPage\",\"@id\":\"https:\\\/\\\/easyoriginal.com\\\/shop\\\/englisch-deutsch\\\/the-wolves-of-cernogratz-die-woelfe-von-cernogratz\\\/\",\"url\":\"https:\\\/\\\/easyoriginal.com\\\/shop\\\/englisch-deutsch\\\/the-wolves-of-cernogratz-die-woelfe-von-cernogratz\\\/\",\"name\":\"The Wolves of Cernogratz \\\/ Die W\u00f6lfe von Cernogratz - EasyOriginal.com\",\"isPartOf\":{\"@id\":\"https:\\\/\\\/easyoriginal.com\\\/#website\"},\"primaryImageOfPage\":{\"@id\":\"https:\\\/\\\/easyoriginal.com\\\/shop\\\/englisch-deutsch\\\/the-wolves-of-cernogratz-die-woelfe-von-cernogratz\\\/#primaryimage\"},\"image\":{\"@id\":\"https:\\\/\\\/easyoriginal.com\\\/shop\\\/englisch-deutsch\\\/the-wolves-of-cernogratz-die-woelfe-von-cernogratz\\\/#primaryimage\"},\"thumbnailUrl\":\"https:\\\/\\\/easyoriginal.com\\\/wp-content\\\/uploads\\\/saki_the_wolves_printcover-1.jpg\",\"datePublished\":\"2024-07-27T14:18:55+00:00\",\"dateModified\":\"2024-07-27T14:22:51+00:00\",\"breadcrumb\":{\"@id\":\"https:\\\/\\\/easyoriginal.com\\\/shop\\\/englisch-deutsch\\\/the-wolves-of-cernogratz-die-woelfe-von-cernogratz\\\/#breadcrumb\"},\"inLanguage\":\"en-GB\",\"potentialAction\":[{\"@type\":\"ReadAction\",\"target\":[\"https:\\\/\\\/easyoriginal.com\\\/shop\\\/englisch-deutsch\\\/the-wolves-of-cernogratz-die-woelfe-von-cernogratz\\\/\"]}]},{\"@type\":\"ImageObject\",\"inLanguage\":\"en-GB\",\"@id\":\"https:\\\/\\\/easyoriginal.com\\\/shop\\\/englisch-deutsch\\\/the-wolves-of-cernogratz-die-woelfe-von-cernogratz\\\/#primaryimage\",\"url\":\"https:\\\/\\\/easyoriginal.com\\\/wp-content\\\/uploads\\\/saki_the_wolves_printcover-1.jpg\",\"contentUrl\":\"https:\\\/\\\/easyoriginal.com\\\/wp-content\\\/uploads\\\/saki_the_wolves_printcover-1.jpg\",\"width\":1600,\"height\":2400},{\"@type\":\"BreadcrumbList\",\"@id\":\"https:\\\/\\\/easyoriginal.com\\\/shop\\\/englisch-deutsch\\\/the-wolves-of-cernogratz-die-woelfe-von-cernogratz\\\/#breadcrumb\",\"itemListElement\":[{\"@type\":\"ListItem\",\"position\":1,\"name\":\"Startseite\",\"item\":\"https:\\\/\\\/easyoriginal.com\\\/\"},{\"@type\":\"ListItem\",\"position\":2,\"name\":\"Shop\",\"item\":\"https:\\\/\\\/easyoriginal.com\\\/shop\\\/\"},{\"@type\":\"ListItem\",\"position\":3,\"name\":\"The Wolves of Cernogratz \\\/ Die W\u00f6lfe von Cernogratz\"}]},{\"@type\":\"WebSite\",\"@id\":\"https:\\\/\\\/easyoriginal.com\\\/#website\",\"url\":\"https:\\\/\\\/easyoriginal.com\\\/\",\"name\":\"EasyOriginal.com\",\"description\":\"Spa\u00df am Lesen im Original - Innovative Lesemethode f\u00fcr Fremdsprachen\",\"publisher\":{\"@id\":\"https:\\\/\\\/easyoriginal.com\\\/#organization\"},\"potentialAction\":[{\"@type\":\"SearchAction\",\"target\":{\"@type\":\"EntryPoint\",\"urlTemplate\":\"https:\\\/\\\/easyoriginal.com\\\/?s={search_term_string}\"},\"query-input\":{\"@type\":\"PropertyValueSpecification\",\"valueRequired\":true,\"valueName\":\"search_term_string\"}}],\"inLanguage\":\"en-GB\"},{\"@type\":\"Organization\",\"@id\":\"https:\\\/\\\/easyoriginal.com\\\/#organization\",\"name\":\"EasyOriginal Verlag\",\"url\":\"https:\\\/\\\/easyoriginal.com\\\/\",\"logo\":{\"@type\":\"ImageObject\",\"inLanguage\":\"en-GB\",\"@id\":\"https:\\\/\\\/easyoriginal.com\\\/#\\\/schema\\\/logo\\\/image\\\/\",\"url\":\"https:\\\/\\\/easyoriginal.com\\\/wp-content\\\/uploads\\\/2020\\\/08\\\/logo_main.png\",\"contentUrl\":\"https:\\\/\\\/easyoriginal.com\\\/wp-content\\\/uploads\\\/2020\\\/08\\\/logo_main.png\",\"width\":500,\"height\":103,\"caption\":\"EasyOriginal Verlag\"},\"image\":{\"@id\":\"https:\\\/\\\/easyoriginal.com\\\/#\\\/schema\\\/logo\\\/image\\\/\"}}]}<\/script>\n<!-- \/ Yoast SEO plugin. -->","yoast_head_json":{"title":"The Wolves of Cernogratz \/ Die W\u00f6lfe von Cernogratz - EasyOriginal.com","robots":{"index":"index","follow":"follow","max-snippet":"max-snippet:-1","max-image-preview":"max-image-preview:large","max-video-preview":"max-video-preview:-1"},"canonical":"https:\/\/easyoriginal.com\/en\/shop\/englisch-deutsch\/the-wolves-of-cernogratz-die-woelfe-von-cernogratz\/","og_locale":"en_GB","og_type":"article","og_title":"The Wolves of Cernogratz \/ Die W\u00f6lfe von Cernogratz - EasyOriginal.com","og_description":"Betreten Sie die mysteri\u00f6se und faszinierende Welt von \"The Wolves of Cernogratz\" von Saki, einer Kurzgeschichte, die meisterhaft die Elemente von Horror und Satire verbindet.  In \"The Wolves of Cernogratz\" erz\u00e4hlt Saki die Geschichte der alteingesessenen Familie von Cernogratz und ihres Schlosses, das von einem dunklen Geheimnis umgeben ist. Die Legende besagt, dass, wenn ein Mitglied der Familie stirbt, die W\u00f6lfe aus den umliegenden W\u00e4ldern kommen und heulen, um den Tod zu verk\u00fcnden. Als die Familie das Schloss an wohlhabende, aber ungl\u00e4ubige Neulinge verkauft, nehmen die Ereignisse eine unheimliche und \u00fcberraschende Wendung.  Sakis Geschick, Spannung aufzubauen und gleichzeitig seine Charaktere mit feiner Ironie zu zeichnen, macht diese Geschichte zu einem unvergesslichen Leseerlebnis. Die d\u00fcstere Atmosph\u00e4re und die unerwarteten Wendungen fesseln den Leser von der ersten bis zur letzten Seite und offenbaren Sakis tiefes Verst\u00e4ndnis f\u00fcr die menschliche Natur und ihre Abgr\u00fcnde.  Perfekt f\u00fcr Leser, die intelligente und packende Literatur sch\u00e4tzen, bietet \"The Wolves of Cernogratz\" eine einzigartige Mischung aus Grusel und scharfsinnigem Humor. Lassen Sie sich von Sakis meisterhafter Erz\u00e4hlkunst verzaubern und entdecken Sie eine Geschichte, die sowohl zum Nachdenken als auch zum Gruseln anregt. Ideal f\u00fcr alle, die den feinen britischen Humor und die subtile Satire Sakis lieben, und gleichzeitig eine Vorliebe f\u00fcr das Unheimliche haben.  Ungek\u00fcrzter Originaltext. Zweisprachiges Buch Englisch-Deutsch.","og_url":"https:\/\/easyoriginal.com\/en\/shop\/englisch-deutsch\/the-wolves-of-cernogratz-die-woelfe-von-cernogratz\/","og_site_name":"EasyOriginal.com","article_modified_time":"2024-07-27T14:22:51+00:00","og_image":[{"width":1600,"height":2400,"url":"https:\/\/easyoriginal.com\/wp-content\/uploads\/saki_the_wolves_printcover-1.jpg","type":"image\/jpeg"}],"twitter_card":"summary_large_image","twitter_misc":{"Estimated reading time":"2 minutes"},"schema":{"@context":"https:\/\/schema.org","@graph":[{"@type":"WebPage","@id":"https:\/\/easyoriginal.com\/shop\/englisch-deutsch\/the-wolves-of-cernogratz-die-woelfe-von-cernogratz\/","url":"https:\/\/easyoriginal.com\/shop\/englisch-deutsch\/the-wolves-of-cernogratz-die-woelfe-von-cernogratz\/","name":"The Wolves of Cernogratz \/ Die W\u00f6lfe von Cernogratz - EasyOriginal.com","isPartOf":{"@id":"https:\/\/easyoriginal.com\/#website"},"primaryImageOfPage":{"@id":"https:\/\/easyoriginal.com\/shop\/englisch-deutsch\/the-wolves-of-cernogratz-die-woelfe-von-cernogratz\/#primaryimage"},"image":{"@id":"https:\/\/easyoriginal.com\/shop\/englisch-deutsch\/the-wolves-of-cernogratz-die-woelfe-von-cernogratz\/#primaryimage"},"thumbnailUrl":"https:\/\/easyoriginal.com\/wp-content\/uploads\/saki_the_wolves_printcover-1.jpg","datePublished":"2024-07-27T14:18:55+00:00","dateModified":"2024-07-27T14:22:51+00:00","breadcrumb":{"@id":"https:\/\/easyoriginal.com\/shop\/englisch-deutsch\/the-wolves-of-cernogratz-die-woelfe-von-cernogratz\/#breadcrumb"},"inLanguage":"en-GB","potentialAction":[{"@type":"ReadAction","target":["https:\/\/easyoriginal.com\/shop\/englisch-deutsch\/the-wolves-of-cernogratz-die-woelfe-von-cernogratz\/"]}]},{"@type":"ImageObject","inLanguage":"en-GB","@id":"https:\/\/easyoriginal.com\/shop\/englisch-deutsch\/the-wolves-of-cernogratz-die-woelfe-von-cernogratz\/#primaryimage","url":"https:\/\/easyoriginal.com\/wp-content\/uploads\/saki_the_wolves_printcover-1.jpg","contentUrl":"https:\/\/easyoriginal.com\/wp-content\/uploads\/saki_the_wolves_printcover-1.jpg","width":1600,"height":2400},{"@type":"BreadcrumbList","@id":"https:\/\/easyoriginal.com\/shop\/englisch-deutsch\/the-wolves-of-cernogratz-die-woelfe-von-cernogratz\/#breadcrumb","itemListElement":[{"@type":"ListItem","position":1,"name":"Startseite","item":"https:\/\/easyoriginal.com\/"},{"@type":"ListItem","position":2,"name":"Shop","item":"https:\/\/easyoriginal.com\/shop\/"},{"@type":"ListItem","position":3,"name":"The Wolves of Cernogratz \/ Die W\u00f6lfe von Cernogratz"}]},{"@type":"WebSite","@id":"https:\/\/easyoriginal.com\/#website","url":"https:\/\/easyoriginal.com\/","name":"EasyOriginal.com","description":"Spa\u00df am Lesen im Original - Innovative Lesemethode f\u00fcr Fremdsprachen","publisher":{"@id":"https:\/\/easyoriginal.com\/#organization"},"potentialAction":[{"@type":"SearchAction","target":{"@type":"EntryPoint","urlTemplate":"https:\/\/easyoriginal.com\/?s={search_term_string}"},"query-input":{"@type":"PropertyValueSpecification","valueRequired":true,"valueName":"search_term_string"}}],"inLanguage":"en-GB"},{"@type":"Organization","@id":"https:\/\/easyoriginal.com\/#organization","name":"EasyOriginal Verlag","url":"https:\/\/easyoriginal.com\/","logo":{"@type":"ImageObject","inLanguage":"en-GB","@id":"https:\/\/easyoriginal.com\/#\/schema\/logo\/image\/","url":"https:\/\/easyoriginal.com\/wp-content\/uploads\/2020\/08\/logo_main.png","contentUrl":"https:\/\/easyoriginal.com\/wp-content\/uploads\/2020\/08\/logo_main.png","width":500,"height":103,"caption":"EasyOriginal Verlag"},"image":{"@id":"https:\/\/easyoriginal.com\/#\/schema\/logo\/image\/"}}]}},"_links":{"self":[{"href":"https:\/\/easyoriginal.com\/en\/wp-json\/wp\/v2\/product\/13909","targetHints":{"allow":["GET"]}}],"collection":[{"href":"https:\/\/easyoriginal.com\/en\/wp-json\/wp\/v2\/product"}],"about":[{"href":"https:\/\/easyoriginal.com\/en\/wp-json\/wp\/v2\/types\/product"}],"replies":[{"embeddable":true,"href":"https:\/\/easyoriginal.com\/en\/wp-json\/wp\/v2\/comments?post=13909"}],"wp:featuredmedia":[{"embeddable":true,"href":"https:\/\/easyoriginal.com\/en\/wp-json\/wp\/v2\/media\/13916"}],"wp:attachment":[{"href":"https:\/\/easyoriginal.com\/en\/wp-json\/wp\/v2\/media?parent=13909"}],"wp:term":[{"taxonomy":"product_brand","embeddable":true,"href":"https:\/\/easyoriginal.com\/en\/wp-json\/wp\/v2\/product_brand?post=13909"},{"taxonomy":"product_cat","embeddable":true,"href":"https:\/\/easyoriginal.com\/en\/wp-json\/wp\/v2\/product_cat?post=13909"},{"taxonomy":"product_tag","embeddable":true,"href":"https:\/\/easyoriginal.com\/en\/wp-json\/wp\/v2\/product_tag?post=13909"}],"curies":[{"name":"wp","href":"https:\/\/api.w.org\/{rel}","templated":true}]}}