{"id":13891,"date":"2024-07-27T16:09:24","date_gmt":"2024-07-27T14:09:24","guid":{"rendered":"https:\/\/easyoriginal.com\/?post_type=product&#038;p=13891"},"modified":"2024-07-27T16:13:15","modified_gmt":"2024-07-27T14:13:15","slug":"morlvera","status":"publish","type":"product","link":"https:\/\/easyoriginal.com\/en\/shop\/englisch-deutsch\/morlvera\/","title":{"rendered":"Morlvera"},"content":{"rendered":"<div class=\"adapted-container\">\n<p class=\"Adapted\" lang=\"de-DE\">The Olympic Toy Emporium occupied a conspicuous frontage in an important West End street <span class=\"Translation CharOverride-1\">(das \u201cOlympische Spielzeug-Warenhaus\u201d belegte eine auff\u00e4llige Stra\u00dfenfront in einer wichtigen Stra\u00dfe des West End<\/span><span class=\"Translation\"><span class=\"No-Break CharOverride-1\">s;<\/span><\/span><span class=\"Translation CharOverride-2\"> emporium<\/span><span class=\"Translation\"><span class=\"No-Break CharOverride-2\"> <\/span><\/span><span class=\"Translation\"><span class=\"No-Break CharOverride-1\">\u2014<\/span><\/span><span class=\"Translation CharOverride-2\"> <\/span><span class=\"Translation CharOverride-3\">Warenhaus, Handelsplat<\/span><span class=\"Translation\"><span class=\"No-Break CharOverride-3\">z<\/span><\/span><span class=\"Translation\"><span class=\"No-Break CharOverride-1\">;<\/span><\/span><span class=\"Translation CharOverride-3\"> West End: Stadtteil im Zentrum von London<\/span><span class=\"Translation CharOverride-1\">)<\/span>. It was happily named Toy Emporium <span class=\"Translation CharOverride-1\">(es war geschickterweise \u201eSpielzeug-Warenhaus\u201c genannt worde<\/span><span class=\"Translation\"><span class=\"No-Break CharOverride-1\">n;<\/span><\/span><span class=\"Translation CharOverride-2\"> happily<\/span><span class=\"Translation\"><span class=\"No-Break CharOverride-2\"> <\/span><\/span><span class=\"Translation\"><span class=\"No-Break CharOverride-1\">\u2014<\/span><\/span><span class=\"Translation CharOverride-2\"> <\/span><span class=\"Translation CharOverride-3\">fr\u00f6hlic<\/span><span class=\"Translation\"><span class=\"No-Break CharOverride-3\">h<\/span><\/span><span class=\"Translation\"><span class=\"No-Break CharOverride-1\">;<\/span><\/span><span class=\"Translation CharOverride-3\"> geschickterweise<\/span><span class=\"Translation CharOverride-1\">)<\/span>, because one would never have dreamed of according it the familiar and yet pulse-quickening name of toyshop <span class=\"Translation CharOverride-1\">(denn niemand h\u00e4tte je davon getr\u00e4umt ihm den vertrauten und doch den Puls beschleunigenden Namen \u201eSpielzeugladen\u201c zuzugestehe<\/span><span class=\"Translation\"><span class=\"No-Break CharOverride-1\">n;<\/span><\/span><span class=\"Translation CharOverride-2\"> to accord<\/span><span class=\"Translation\"><span class=\"No-Break CharOverride-2\"> <\/span><\/span><span class=\"Translation\"><span class=\"No-Break CharOverride-1\">\u2014<\/span><\/span><span class=\"Translation CharOverride-2\"> <\/span><span class=\"Translation CharOverride-3\">ausgleiche<\/span><span class=\"Translation\"><span class=\"No-Break CharOverride-3\">n<\/span><\/span><span class=\"Translation\"><span class=\"No-Break CharOverride-1\">;<\/span><\/span><span class=\"Translation CharOverride-3\"> erteile<\/span><span class=\"Translation\"><span class=\"No-Break CharOverride-3\">n<\/span><\/span><span class=\"Translation\"><span class=\"No-Break CharOverride-1\">;<\/span><\/span><span class=\"Translation CharOverride-3\"> zugestehen<\/span><span class=\"Translation CharOverride-1\">)<\/span>. There was an air of cold splendour and elaborate failure about the wares <span class=\"Translation CharOverride-1\">(es lag ein Hauch von kalter Pracht und aufwendigem Versagen \u00fcber den Ware<\/span><span class=\"Translation\"><span class=\"No-Break CharOverride-1\">n;<\/span><\/span><span class=\"Translation CharOverride-2\"> air<\/span><span class=\"Translation\"><span class=\"No-Break CharOverride-2\"> <\/span><\/span><span class=\"Translation\"><span class=\"No-Break CharOverride-1\">\u2014<\/span><\/span><span class=\"Translation CharOverride-2\"> <\/span><span class=\"Translation CharOverride-3\">Luft, Hauc<\/span><span class=\"Translation\"><span class=\"No-Break CharOverride-3\">h<\/span><\/span><span class=\"Translation\"><span class=\"No-Break CharOverride-1\">;<\/span><\/span><span class=\"Translation CharOverride-2\"> <\/span><span class=\"Translation CharOverride-3\">Mien<\/span><span class=\"Translation\"><span class=\"No-Break CharOverride-3\">e<\/span><\/span><span class=\"Translation\"><span class=\"No-Break CharOverride-1\">;<\/span><\/span><span class=\"Translation CharOverride-2\"> elaborate<\/span><span class=\"Translation\"><span class=\"No-Break CharOverride-2\"> <\/span><\/span><span class=\"Translation\"><span class=\"No-Break CharOverride-1\">\u2014<\/span><\/span><span class=\"Translation CharOverride-2\"> <\/span><span class=\"Translation CharOverride-3\">durchdach<\/span><span class=\"Translation\"><span class=\"No-Break CharOverride-3\">t<\/span><\/span><span class=\"Translation\"><span class=\"No-Break CharOverride-1\">;<\/span><\/span><span class=\"Translation CharOverride-3\"> aufwendig<\/span><span class=\"Translation CharOverride-1\">)<\/span> that were set out in its ample windows <span class=\"Translation CharOverride-1\">(die in seinen weitr\u00e4umigen Fenstern ausgestellt ware<\/span><span class=\"Translation\"><span class=\"No-Break CharOverride-1\">n;<\/span><\/span><span class=\"Translation CharOverride-2\"> ample<\/span><span class=\"Translation\"><span class=\"No-Break CharOverride-2\"> <\/span><\/span><span class=\"Translation\"><span class=\"No-Break CharOverride-1\">\u2014<\/span><\/span><span class=\"Translation CharOverride-2\"> <\/span><span class=\"Translation CharOverride-3\">reichlic<\/span><span class=\"Translation\"><span class=\"No-Break CharOverride-3\">h<\/span><\/span><span class=\"Translation\"><span class=\"No-Break CharOverride-1\">;<\/span><\/span><span class=\"Translation CharOverride-3\"> umfangreic<\/span><span class=\"Translation\"><span class=\"No-Break CharOverride-3\">h<\/span><\/span><span class=\"Translation\"><span class=\"No-Break CharOverride-1\">;<\/span><\/span><span class=\"Translation CharOverride-3\"> weitr\u00e4umig<\/span><span class=\"Translation\"><span class=\"No-Break CharOverride-1\">)<\/span><\/span><span class=\"No-Break\">;<\/span> they were the sort of toys <span class=\"Translation CharOverride-1\">(es waren die Art Spielsachen)<\/span><span class=\"CharOverride-1\"> <\/span>that a tired shop-assistant displays and explains at Christmas time to exclamatory parents and bored, silent children <span class=\"Translation CharOverride-1\">(die ein m\u00fcder Verk\u00e4ufer zu Weihnachten ausrufenden Eltern und gelangweilten, stillen Kindern erkl\u00e4r<\/span><span class=\"Translation\"><span class=\"No-Break CharOverride-1\">t;<\/span><\/span><span class=\"Translation CharOverride-2\"> assistant<\/span><span class=\"Translation\"><span class=\"No-Break CharOverride-2\"> <\/span><\/span><span class=\"Translation\"><span class=\"No-Break CharOverride-1\">\u2014<\/span><\/span><span class=\"Translation CharOverride-2\"> <\/span><span class=\"Translation CharOverride-3\">Assistent, Gehilfe<\/span><span class=\"Translation CharOverride-1\">)<\/span>.<\/p>\n<\/div>\n<audio class=\"wp-audio-shortcode\" id=\"audio-13891-1\" preload=\"none\" style=\"width: 100%;\" controls=\"controls\"><source type=\"audio\/mpeg\" src=\"https:\/\/easyoriginal1.s3.eu-central-1.amazonaws.com\/englisch\/e66\/01.mp3?_=1\" \/><a href=\"https:\/\/easyoriginal1.s3.eu-central-1.amazonaws.com\/englisch\/e66\/01.mp3\">https:\/\/easyoriginal1.s3.eu-central-1.amazonaws.com\/englisch\/e66\/01.mp3<\/a><\/audio>\n<div class=\"original-container\">\n<p class=\"Original\" lang=\"en-GB\">The Olympic Toy Emporium occupied a conspicuous frontage in an important West End street. It was happily named Toy Emporium, because one would never have dreamed of according it the familiar and yet pulse-quickening name of toyshop. There was an air of cold splendour and elaborate failure about the wares that were set out in its ample windows; they were the sort of toys that a tired shop-assistant displays and explains at Christmas time to exclamatory parents and bored, silent children.<\/p>\n<\/div>","protected":false},"excerpt":{"rendered":"<p>Tauchen Sie ein in die faszinierende Welt von &#8222;Morlvera&#8220; von Saki, wo Sie auf meisterhaft erz\u00e4hlte Geschichten und einen unvergleichlichen Sinn f\u00fcr Humor treffen. In dieser Erz\u00e4hlung zeigt Saki seine einzigartige F\u00e4higkeit, die Absurdit\u00e4ten und Schw\u00e4chen der Gesellschaft aufzudecken.<\/p>\n<p>&#8222;Morlvera&#8220; bietet Ihnen eine raffinierte Mischung aus Ironie und Witz, die Sakis Werk so unverwechselbar machen. Lassen Sie sich von der kunstvollen Sprache und den unerwarteten Wendungen mitrei\u00dfen, die jede Seite zu einem Vergn\u00fcgen machen. Diese Geschichte ist eine perfekte Wahl f\u00fcr Liebhaber intelligenter und scharfsinniger Literatur, die nach einer kurzen, aber unvergesslichen Leseerfahrung suchen.<\/p>\n<p>Erleben Sie die Brillanz von Saki und entdecken Sie, warum seine Werke bis heute begeistern. &#8222;Morlvera&#8220; ist eine Erz\u00e4hlung, die Sie nicht nur zum Lachen bringen wird, sondern auch zum Nachdenken anregt. Ideal f\u00fcr jeden B\u00fccherliebhaber, der die feinen Nuancen der satirischen Erz\u00e4hlkunst zu sch\u00e4tzen wei\u00df.<\/p>\n<p>Ungek\u00fcrzter Originaltext. Zweisprachiges Buch Englisch-Deutsch.<\/p>","protected":false},"featured_media":13898,"comment_status":"open","ping_status":"closed","template":"","meta":{"_acf_changed":false,"_et_pb_use_builder":"off","_et_pb_old_content":"<div class=\"adapted-container\">\r\n<p class=\"Adapted\"><span class=\"Bold\">\u201cYou are not really dying, are <\/span><span class=\"Bold\">you?<\/span> <span class=\"Translation\">(du stirbst nicht wirklich, oder?; <\/span><span class=\"Translation\"><span class=\"Comment-Words\">You are not\u2026are you?<\/span><\/span><span class=\"Translation\"><span class=\"Comments\"> \u2013 Verst\u00e4rkung der Frage, Nachdruck<\/span><\/span><span class=\"Translation\">)<\/span><span class=\"Bold\">\u201d asked Amanda <\/span><span class=\"Translation\">(fragte <\/span><span class=\"Translation\">Amanda)<\/span><span class=\"Bold\">.<\/span><\/p>\r\n<p class=\"Adapted\"><span class=\"Bold\">\u201cI have the doctor\u2019s permission to live till Tuesday <\/span><span class=\"Translation\">(ich habe die Erlaubnis des Arztes bis <\/span><span class=\"Translation\">Dienstag zu leben; <\/span><span class=\"Translation\"><span class=\"Comments\">permission <\/span><\/span><span class=\"Translation\"><span class=\"Transcription\">[p\u0259\u2018m\u026a\u0283(\u0259)<\/span><\/span><span class=\"Transcription\">n]<\/span><span class=\"Translation\">)<\/span><span class=\"Bold\">,\u201d said Laura<\/span> <span class=\"Translation\">(sagte <\/span><span class=\"Translation\">Laura)<\/span><span class=\"Bold\">.<\/span><\/p>\r\n<p class=\"Adapted\"><span class=\"Bold\">\u201cBut to\u2013day is Saturday; this is serious!<\/span> <span class=\"Translation\">(aber heute ist Samstag; das ist ernst; <\/span><span class=\"Translation\"><span class=\"Comments\">serious <\/span><\/span><span class=\"Translation\"><span class=\"Transcription\">[\u201as\u026a\u0259r\u026a\u0259s]<\/span><\/span><span class=\"Translation\">)<\/span><span class=\"Bold\">\u201d gasped Amanda<\/span> <span class=\"Translation\">(keuchte Amanda; <\/span><span class=\"Translation\"><span class=\"Comments\">gasp <\/span><\/span><span class=\"Translation\"><span class=\"Transcription\">[g\u0251:sp]<\/span><\/span><span class=\"Translation\">)<\/span><span class=\"Comment-Words\">.<\/span><\/p>\r\n<p class=\"Adapted\"><span class=\"Bold\">\u201cI don\u2019t know about it being serious<\/span> <span class=\"Translation\">(ich<\/span><span class=\"Translation\"> wei\u00df nicht, ob es ernst ist; <\/span><span class=\"Translation\"><span class=\"Comments\">serious <\/span><\/span><span class=\"Translation\"><span class=\"Transcription\">[\u201as\u026a\u0259r\u026a\u0259s]<\/span><\/span><span class=\"Translation\">)<\/span><span class=\"Bold\">; it is certainly Saturday<\/span> <span class=\"Translation\">(es ist<\/span><span class=\"Translation\"> sicherlich Samstag; <\/span><span class=\"Translation\"><span class=\"Comment-Words\">certainly<\/span><\/span> <span class=\"Translation\"><span class=\"Transcription\">[\u201as\u025c:t(\u0259)<\/span><\/span><span class=\"Transcription\">nl\u026a]<\/span> <span class=\"Comments\">\u2014 allerdings, nat\u00fcrlich, sicherlich; certain \u2014 bestimmt<\/span><span class=\"Comments\">, gewiss, sicher<\/span><span class=\"Translation\">)<\/span><span class=\"Bold\">,\u201d said Laura.<\/span><\/p>\r\n<p class=\"Adapted\"><span class=\"Bold\">\u201cDeath is always serious<\/span> <span class=\"Translation\">(Tod ist immer ernst; <\/span><span class=\"Translation\"><span class=\"Comments\">death <\/span><\/span><span class=\"Translation\"><span class=\"Transcription\">[de\u03b8]<\/span><\/span><span class=\"Translation\">)<\/span><span class=\"Bold\">,\u201d said Amanda.<\/span><\/p>\r\n\r\n<\/div>\r\n[audio mp3=\"https:\/\/easyoriginal1.s3.eu-central-1.amazonaws.com\/englisch\/saki\/laura\/01.mp3\"][\/audio]\r\n<div class=\"original-container\">\r\n<p class=\"Original\">\u201cYou are not really dying, are you?\u201d asked Amanda.<\/p>\r\n<p class=\"Original\">\u201cI have the doctor\u2019s permission to live till Tuesday,\u201d said Laura.<\/p>\r\n<p class=\"Original\">\u201cBut to\u2013day is Saturday; this is serious!\u201d gasped Amanda.<\/p>\r\n<p class=\"Original\">\u201cI don\u2019t know about it being serious; it is certainly Saturday,\u201d said Laura.<\/p>\r\n<p class=\"Original\">\u201cDeath is always serious,\u201d said Amanda.<\/p>\r\n\r\n<\/div>\r\n<a class=\"weiter\" href=\"\/webreader\/laura\/fragment\/2\/\">weiter lesen<\/a>","_et_gb_content_width":""},"product_brand":[],"product_cat":[42],"product_tag":[72,70,71],"class_list":{"0":"post-13891","1":"product","2":"type-product","3":"status-publish","4":"has-post-thumbnail","6":"product_cat-englisch-deutsch","7":"product_tag-britisch","8":"product_tag-humorvoll","9":"product_tag-kurzgeschichte","11":"first","12":"instock","13":"taxable","14":"shipping-taxable","15":"purchasable","16":"product-type-variable"},"acf":[],"yoast_head":"<!-- This site is optimized with the Yoast SEO plugin v27.3 - https:\/\/yoast.com\/product\/yoast-seo-wordpress\/ -->\n<title>Morlvera - EasyOriginal.com<\/title>\n<meta name=\"robots\" content=\"index, follow, max-snippet:-1, max-image-preview:large, max-video-preview:-1\" \/>\n<link rel=\"canonical\" href=\"https:\/\/easyoriginal.com\/en\/shop\/englisch-deutsch\/morlvera\/\" \/>\n<meta property=\"og:locale\" content=\"en_GB\" \/>\n<meta property=\"og:type\" content=\"article\" \/>\n<meta property=\"og:title\" content=\"Morlvera - EasyOriginal.com\" \/>\n<meta property=\"og:description\" content=\"Tauchen Sie ein in die faszinierende Welt von &quot;Morlvera&quot; von Saki, wo Sie auf meisterhaft erz\u00e4hlte Geschichten und einen unvergleichlichen Sinn f\u00fcr Humor treffen. In dieser Erz\u00e4hlung zeigt Saki seine einzigartige F\u00e4higkeit, die Absurdit\u00e4ten und Schw\u00e4chen der Gesellschaft aufzudecken.  &quot;Morlvera&quot; bietet Ihnen eine raffinierte Mischung aus Ironie und Witz, die Sakis Werk so unverwechselbar machen. Lassen Sie sich von der kunstvollen Sprache und den unerwarteten Wendungen mitrei\u00dfen, die jede Seite zu einem Vergn\u00fcgen machen. Diese Geschichte ist eine perfekte Wahl f\u00fcr Liebhaber intelligenter und scharfsinniger Literatur, die nach einer kurzen, aber unvergesslichen Leseerfahrung suchen.  Erleben Sie die Brillanz von Saki und entdecken Sie, warum seine Werke bis heute begeistern. &quot;Morlvera&quot; ist eine Erz\u00e4hlung, die Sie nicht nur zum Lachen bringen wird, sondern auch zum Nachdenken anregt. Ideal f\u00fcr jeden B\u00fccherliebhaber, der die feinen Nuancen der satirischen Erz\u00e4hlkunst zu sch\u00e4tzen wei\u00df.  Ungek\u00fcrzter Originaltext. Zweisprachiges Buch Englisch-Deutsch.\" \/>\n<meta property=\"og:url\" content=\"https:\/\/easyoriginal.com\/en\/shop\/englisch-deutsch\/morlvera\/\" \/>\n<meta property=\"og:site_name\" content=\"EasyOriginal.com\" \/>\n<meta property=\"article:modified_time\" content=\"2024-07-27T14:13:15+00:00\" \/>\n<meta property=\"og:image\" content=\"https:\/\/easyoriginal.com\/wp-content\/uploads\/saki_morlvera_printcover-1.jpg\" \/>\n\t<meta property=\"og:image:width\" content=\"1600\" \/>\n\t<meta property=\"og:image:height\" content=\"2400\" \/>\n\t<meta property=\"og:image:type\" content=\"image\/jpeg\" \/>\n<meta name=\"twitter:card\" content=\"summary_large_image\" \/>\n<meta name=\"twitter:label1\" content=\"Estimated reading time\" \/>\n\t<meta name=\"twitter:data1\" content=\"2 minutes\" \/>\n<script type=\"application\/ld+json\" class=\"yoast-schema-graph\">{\"@context\":\"https:\\\/\\\/schema.org\",\"@graph\":[{\"@type\":\"WebPage\",\"@id\":\"https:\\\/\\\/easyoriginal.com\\\/shop\\\/englisch-deutsch\\\/morlvera\\\/\",\"url\":\"https:\\\/\\\/easyoriginal.com\\\/shop\\\/englisch-deutsch\\\/morlvera\\\/\",\"name\":\"Morlvera - EasyOriginal.com\",\"isPartOf\":{\"@id\":\"https:\\\/\\\/easyoriginal.com\\\/#website\"},\"primaryImageOfPage\":{\"@id\":\"https:\\\/\\\/easyoriginal.com\\\/shop\\\/englisch-deutsch\\\/morlvera\\\/#primaryimage\"},\"image\":{\"@id\":\"https:\\\/\\\/easyoriginal.com\\\/shop\\\/englisch-deutsch\\\/morlvera\\\/#primaryimage\"},\"thumbnailUrl\":\"https:\\\/\\\/easyoriginal.com\\\/wp-content\\\/uploads\\\/saki_morlvera_printcover-1.jpg\",\"datePublished\":\"2024-07-27T14:09:24+00:00\",\"dateModified\":\"2024-07-27T14:13:15+00:00\",\"breadcrumb\":{\"@id\":\"https:\\\/\\\/easyoriginal.com\\\/shop\\\/englisch-deutsch\\\/morlvera\\\/#breadcrumb\"},\"inLanguage\":\"en-GB\",\"potentialAction\":[{\"@type\":\"ReadAction\",\"target\":[\"https:\\\/\\\/easyoriginal.com\\\/shop\\\/englisch-deutsch\\\/morlvera\\\/\"]}]},{\"@type\":\"ImageObject\",\"inLanguage\":\"en-GB\",\"@id\":\"https:\\\/\\\/easyoriginal.com\\\/shop\\\/englisch-deutsch\\\/morlvera\\\/#primaryimage\",\"url\":\"https:\\\/\\\/easyoriginal.com\\\/wp-content\\\/uploads\\\/saki_morlvera_printcover-1.jpg\",\"contentUrl\":\"https:\\\/\\\/easyoriginal.com\\\/wp-content\\\/uploads\\\/saki_morlvera_printcover-1.jpg\",\"width\":1600,\"height\":2400},{\"@type\":\"BreadcrumbList\",\"@id\":\"https:\\\/\\\/easyoriginal.com\\\/shop\\\/englisch-deutsch\\\/morlvera\\\/#breadcrumb\",\"itemListElement\":[{\"@type\":\"ListItem\",\"position\":1,\"name\":\"Startseite\",\"item\":\"https:\\\/\\\/easyoriginal.com\\\/\"},{\"@type\":\"ListItem\",\"position\":2,\"name\":\"Shop\",\"item\":\"https:\\\/\\\/easyoriginal.com\\\/shop\\\/\"},{\"@type\":\"ListItem\",\"position\":3,\"name\":\"Morlvera\"}]},{\"@type\":\"WebSite\",\"@id\":\"https:\\\/\\\/easyoriginal.com\\\/#website\",\"url\":\"https:\\\/\\\/easyoriginal.com\\\/\",\"name\":\"EasyOriginal.com\",\"description\":\"Spa\u00df am Lesen im Original - Innovative Lesemethode f\u00fcr Fremdsprachen\",\"publisher\":{\"@id\":\"https:\\\/\\\/easyoriginal.com\\\/#organization\"},\"potentialAction\":[{\"@type\":\"SearchAction\",\"target\":{\"@type\":\"EntryPoint\",\"urlTemplate\":\"https:\\\/\\\/easyoriginal.com\\\/?s={search_term_string}\"},\"query-input\":{\"@type\":\"PropertyValueSpecification\",\"valueRequired\":true,\"valueName\":\"search_term_string\"}}],\"inLanguage\":\"en-GB\"},{\"@type\":\"Organization\",\"@id\":\"https:\\\/\\\/easyoriginal.com\\\/#organization\",\"name\":\"EasyOriginal Verlag\",\"url\":\"https:\\\/\\\/easyoriginal.com\\\/\",\"logo\":{\"@type\":\"ImageObject\",\"inLanguage\":\"en-GB\",\"@id\":\"https:\\\/\\\/easyoriginal.com\\\/#\\\/schema\\\/logo\\\/image\\\/\",\"url\":\"https:\\\/\\\/easyoriginal.com\\\/wp-content\\\/uploads\\\/2020\\\/08\\\/logo_main.png\",\"contentUrl\":\"https:\\\/\\\/easyoriginal.com\\\/wp-content\\\/uploads\\\/2020\\\/08\\\/logo_main.png\",\"width\":500,\"height\":103,\"caption\":\"EasyOriginal Verlag\"},\"image\":{\"@id\":\"https:\\\/\\\/easyoriginal.com\\\/#\\\/schema\\\/logo\\\/image\\\/\"}}]}<\/script>\n<!-- \/ Yoast SEO plugin. -->","yoast_head_json":{"title":"Morlvera - EasyOriginal.com","robots":{"index":"index","follow":"follow","max-snippet":"max-snippet:-1","max-image-preview":"max-image-preview:large","max-video-preview":"max-video-preview:-1"},"canonical":"https:\/\/easyoriginal.com\/en\/shop\/englisch-deutsch\/morlvera\/","og_locale":"en_GB","og_type":"article","og_title":"Morlvera - EasyOriginal.com","og_description":"Tauchen Sie ein in die faszinierende Welt von \"Morlvera\" von Saki, wo Sie auf meisterhaft erz\u00e4hlte Geschichten und einen unvergleichlichen Sinn f\u00fcr Humor treffen. In dieser Erz\u00e4hlung zeigt Saki seine einzigartige F\u00e4higkeit, die Absurdit\u00e4ten und Schw\u00e4chen der Gesellschaft aufzudecken.  \"Morlvera\" bietet Ihnen eine raffinierte Mischung aus Ironie und Witz, die Sakis Werk so unverwechselbar machen. Lassen Sie sich von der kunstvollen Sprache und den unerwarteten Wendungen mitrei\u00dfen, die jede Seite zu einem Vergn\u00fcgen machen. Diese Geschichte ist eine perfekte Wahl f\u00fcr Liebhaber intelligenter und scharfsinniger Literatur, die nach einer kurzen, aber unvergesslichen Leseerfahrung suchen.  Erleben Sie die Brillanz von Saki und entdecken Sie, warum seine Werke bis heute begeistern. \"Morlvera\" ist eine Erz\u00e4hlung, die Sie nicht nur zum Lachen bringen wird, sondern auch zum Nachdenken anregt. Ideal f\u00fcr jeden B\u00fccherliebhaber, der die feinen Nuancen der satirischen Erz\u00e4hlkunst zu sch\u00e4tzen wei\u00df.  Ungek\u00fcrzter Originaltext. Zweisprachiges Buch Englisch-Deutsch.","og_url":"https:\/\/easyoriginal.com\/en\/shop\/englisch-deutsch\/morlvera\/","og_site_name":"EasyOriginal.com","article_modified_time":"2024-07-27T14:13:15+00:00","og_image":[{"width":1600,"height":2400,"url":"https:\/\/easyoriginal.com\/wp-content\/uploads\/saki_morlvera_printcover-1.jpg","type":"image\/jpeg"}],"twitter_card":"summary_large_image","twitter_misc":{"Estimated reading time":"2 minutes"},"schema":{"@context":"https:\/\/schema.org","@graph":[{"@type":"WebPage","@id":"https:\/\/easyoriginal.com\/shop\/englisch-deutsch\/morlvera\/","url":"https:\/\/easyoriginal.com\/shop\/englisch-deutsch\/morlvera\/","name":"Morlvera - EasyOriginal.com","isPartOf":{"@id":"https:\/\/easyoriginal.com\/#website"},"primaryImageOfPage":{"@id":"https:\/\/easyoriginal.com\/shop\/englisch-deutsch\/morlvera\/#primaryimage"},"image":{"@id":"https:\/\/easyoriginal.com\/shop\/englisch-deutsch\/morlvera\/#primaryimage"},"thumbnailUrl":"https:\/\/easyoriginal.com\/wp-content\/uploads\/saki_morlvera_printcover-1.jpg","datePublished":"2024-07-27T14:09:24+00:00","dateModified":"2024-07-27T14:13:15+00:00","breadcrumb":{"@id":"https:\/\/easyoriginal.com\/shop\/englisch-deutsch\/morlvera\/#breadcrumb"},"inLanguage":"en-GB","potentialAction":[{"@type":"ReadAction","target":["https:\/\/easyoriginal.com\/shop\/englisch-deutsch\/morlvera\/"]}]},{"@type":"ImageObject","inLanguage":"en-GB","@id":"https:\/\/easyoriginal.com\/shop\/englisch-deutsch\/morlvera\/#primaryimage","url":"https:\/\/easyoriginal.com\/wp-content\/uploads\/saki_morlvera_printcover-1.jpg","contentUrl":"https:\/\/easyoriginal.com\/wp-content\/uploads\/saki_morlvera_printcover-1.jpg","width":1600,"height":2400},{"@type":"BreadcrumbList","@id":"https:\/\/easyoriginal.com\/shop\/englisch-deutsch\/morlvera\/#breadcrumb","itemListElement":[{"@type":"ListItem","position":1,"name":"Startseite","item":"https:\/\/easyoriginal.com\/"},{"@type":"ListItem","position":2,"name":"Shop","item":"https:\/\/easyoriginal.com\/shop\/"},{"@type":"ListItem","position":3,"name":"Morlvera"}]},{"@type":"WebSite","@id":"https:\/\/easyoriginal.com\/#website","url":"https:\/\/easyoriginal.com\/","name":"EasyOriginal.com","description":"Spa\u00df am Lesen im Original - Innovative Lesemethode f\u00fcr Fremdsprachen","publisher":{"@id":"https:\/\/easyoriginal.com\/#organization"},"potentialAction":[{"@type":"SearchAction","target":{"@type":"EntryPoint","urlTemplate":"https:\/\/easyoriginal.com\/?s={search_term_string}"},"query-input":{"@type":"PropertyValueSpecification","valueRequired":true,"valueName":"search_term_string"}}],"inLanguage":"en-GB"},{"@type":"Organization","@id":"https:\/\/easyoriginal.com\/#organization","name":"EasyOriginal Verlag","url":"https:\/\/easyoriginal.com\/","logo":{"@type":"ImageObject","inLanguage":"en-GB","@id":"https:\/\/easyoriginal.com\/#\/schema\/logo\/image\/","url":"https:\/\/easyoriginal.com\/wp-content\/uploads\/2020\/08\/logo_main.png","contentUrl":"https:\/\/easyoriginal.com\/wp-content\/uploads\/2020\/08\/logo_main.png","width":500,"height":103,"caption":"EasyOriginal Verlag"},"image":{"@id":"https:\/\/easyoriginal.com\/#\/schema\/logo\/image\/"}}]}},"_links":{"self":[{"href":"https:\/\/easyoriginal.com\/en\/wp-json\/wp\/v2\/product\/13891","targetHints":{"allow":["GET"]}}],"collection":[{"href":"https:\/\/easyoriginal.com\/en\/wp-json\/wp\/v2\/product"}],"about":[{"href":"https:\/\/easyoriginal.com\/en\/wp-json\/wp\/v2\/types\/product"}],"replies":[{"embeddable":true,"href":"https:\/\/easyoriginal.com\/en\/wp-json\/wp\/v2\/comments?post=13891"}],"wp:featuredmedia":[{"embeddable":true,"href":"https:\/\/easyoriginal.com\/en\/wp-json\/wp\/v2\/media\/13898"}],"wp:attachment":[{"href":"https:\/\/easyoriginal.com\/en\/wp-json\/wp\/v2\/media?parent=13891"}],"wp:term":[{"taxonomy":"product_brand","embeddable":true,"href":"https:\/\/easyoriginal.com\/en\/wp-json\/wp\/v2\/product_brand?post=13891"},{"taxonomy":"product_cat","embeddable":true,"href":"https:\/\/easyoriginal.com\/en\/wp-json\/wp\/v2\/product_cat?post=13891"},{"taxonomy":"product_tag","embeddable":true,"href":"https:\/\/easyoriginal.com\/en\/wp-json\/wp\/v2\/product_tag?post=13891"}],"curies":[{"name":"wp","href":"https:\/\/api.w.org\/{rel}","templated":true}]}}