{"id":13872,"date":"2024-07-27T15:57:21","date_gmt":"2024-07-27T13:57:21","guid":{"rendered":"https:\/\/easyoriginal.com\/?post_type=product&#038;p=13872"},"modified":"2024-07-27T16:02:09","modified_gmt":"2024-07-27T14:02:09","slug":"tea-tee","status":"publish","type":"product","link":"https:\/\/easyoriginal.com\/en\/shop\/englisch-deutsch\/tea-tee\/","title":{"rendered":"Tea \/ Tee"},"content":{"rendered":"<div class=\"adapted-container\">\n<p class=\"Adapted\" lang=\"de-DE\"><span>James Cushat-Prinkly was a young man <\/span><span class=\"Translation CharOverride-1\">(James Cushat-Prinkly war ein junger Mann)<\/span><span class=\"CharOverride-1\"> <\/span><span>who had always had a settled conviction <\/span><span class=\"Translation CharOverride-1\">(der immer die entschiedene \u00dcberzeugung gehabt hatte)<\/span><span> that one of these days he would marry <\/span><span class=\"Translation CharOverride-1\">(dass er irgendwann heiraten w\u00fcrd<\/span><span class=\"Translation\"><span class=\"No-Break CharOverride-1\">e;<\/span><\/span><span class=\"Translation CharOverride-1\"> <\/span><span class=\"Translation CharOverride-2\">one of these days<\/span><span class=\"Translation\"><span class=\"No-Break CharOverride-3\"> \u2014<\/span><\/span><span class=\"Translation CharOverride-3\"> an einem dieser Tag<\/span><span class=\"Translation\"><span class=\"No-Break CharOverride-3\">e;<\/span><\/span><span class=\"Translation CharOverride-3\"> irgendwann<\/span><span class=\"Translation\"><span class=\"No-Break CharOverride-1\">)<\/span><\/span><span class=\"No-Break\">;<\/span><span> up to the age of thirty-four he had done nothing to justify that conviction <\/span><span class=\"Translation CharOverride-1\">(bis zum Alter von vierunddrei\u00dfig hatte er nichts getan um diese \u00dcberzeugung zu rechtfertigen)<\/span><span>. He liked and admired a great many women collectively and dispassionately <\/span><span class=\"Translation CharOverride-1\">(er mochte und bewunderte eine gro\u00dfe Anzahl an Frauen gemeinsam und leidenschaftslo<\/span><span class=\"Translation\"><span class=\"No-Break CharOverride-1\">s;<\/span><\/span><span class=\"Translation CharOverride-1\"> <\/span><span class=\"Translation CharOverride-2\">collectively<\/span><span class=\"Translation\"><span class=\"No-Break CharOverride-3\"> \u2014<\/span><\/span><span class=\"Translation CharOverride-3\"> gemeinsa<\/span><span class=\"Translation\"><span class=\"No-Break CharOverride-3\">m;<\/span><\/span><span class=\"Translation CharOverride-3\"> kollekti<\/span><span class=\"Translation\"><span class=\"No-Break CharOverride-3\">v;<\/span><\/span><span class=\"Translation CharOverride-3\"> <\/span><span class=\"Translation CharOverride-2\">to collect<\/span><span class=\"Translation\"><span class=\"No-Break CharOverride-3\"> \u2014<\/span><\/span><span class=\"Translation CharOverride-3\"> sammeln<\/span><span class=\"Translation CharOverride-1\">)<\/span><span> without singling out one for especial matrimonial consideration <\/span><span class=\"Translation CharOverride-1\">(ohne eine f\u00fcr besondere eheliche \u00dcberlegung hervorzuhebe<\/span><span class=\"Translation\"><span class=\"No-Break CharOverride-1\">n<\/span><\/span><span class=\"Translation\"><span class=\"No-Break CharOverride-3\">;<\/span><\/span><span class=\"Translation CharOverride-3\"> <\/span><span class=\"Translation CharOverride-2\">consideration<\/span><span class=\"Translation\"><span class=\"No-Break CharOverride-3\"> \u2014<\/span><\/span><span class=\"Translation CharOverride-3\"> Ber\u00fccksichtigun<\/span><span class=\"Translation\"><span class=\"No-Break CharOverride-3\">g;<\/span><\/span><span class=\"Translation CharOverride-3\"> \u00dcberlegun<\/span><span class=\"Translation\"><span class=\"No-Break CharOverride-3\">g;<\/span><\/span><span class=\"Translation CharOverride-3\"> <\/span><span class=\"Translation CharOverride-2\">to consider<\/span><span class=\"Translation\"><span class=\"No-Break CharOverride-3\"> \u2014<\/span><\/span><span class=\"Translation CharOverride-3\"> \u00fcberlege<\/span><span class=\"Translation\"><span class=\"No-Break CharOverride-3\">n;<\/span><\/span><span class=\"Translation CharOverride-3\"> in Betracht ziehen<\/span><span class=\"Translation CharOverride-1\">)<\/span><span>, just as one might admire the Alps without feeling <\/span><span class=\"Translation CharOverride-1\">(genauso, wie man die Alpen bewundern w\u00fcrde ohne zu empfinden)<\/span><span class=\"CharOverride-1\"> <\/span><span>that one wanted any particular peak as one\u2019s own private property <\/span><span class=\"Translation CharOverride-1\">(dass man einen speziellen Gipfel als Privateigentum haben wollte)<\/span><span>.<\/span><\/p>\n<\/div>\n<audio class=\"wp-audio-shortcode\" id=\"audio-13872-1\" preload=\"none\" style=\"width: 100%;\" controls=\"controls\"><source type=\"audio\/mpeg\" src=\"https:\/\/easyoriginal1.s3.eu-central-1.amazonaws.com\/englisch\/e69\/01.mp3?_=1\" \/><a href=\"https:\/\/easyoriginal1.s3.eu-central-1.amazonaws.com\/englisch\/e69\/01.mp3\">https:\/\/easyoriginal1.s3.eu-central-1.amazonaws.com\/englisch\/e69\/01.mp3<\/a><\/audio>\n<div class=\"original-container\">\n<p class=\"Original\" lang=\"en-GB\">James Cushat-Prinkly was a young man who had always had a settled conviction that one of these days he would marry; up to the age of thirty-four he had done nothing to justify that conviction. He liked and admired a great many women collectively and dispassionately without singling out one for especial matrimonial consideration, just as one might admire the Alps without feeling that one wanted any particular peak as one\u2019s own private property.<\/p>\n<\/div>","protected":false},"excerpt":{"rendered":"<p>Tauchen Sie ein in die raffinierte und unterhaltsame Welt von &#8222;Tea&#8220; von Saki, einer Kurzgeschichte, die Sakis scharfsinnigen Humor und seine meisterhafte Erz\u00e4hlkunst perfekt zur Geltung bringt.<\/p>\n<p>In &#8222;Tea&#8220; entf\u00fchrt Saki Sie in die Salons der britischen Oberschicht, wo eine einfache Teeparty schnell zu einer B\u00fchne f\u00fcr Intrigen und witzige Missverst\u00e4ndnisse wird. Die Geschichte dreht sich um James Cushat-Prinkly und seine versuchten Ann\u00e4herungen an die junge und sch\u00f6ne Joan Sebastable. Was als harmlose Teestunde beginnt, entwickelt sich bald zu einer am\u00fcsanten und pointierten Darstellung gesellschaftlicher Spielchen und menschlicher Schw\u00e4chen.<\/p>\n<p>Sakis brillante Beobachtungsgabe und sein geschickter Einsatz von Ironie machen &#8222;Tea&#8220; zu einem wahren Genuss. Mit feiner Satire und scharfsinnigem Witz zeichnet Saki ein lebendiges Bild der damaligen Gesellschaft und ihrer Rituale. Die unerwarteten Wendungen und die pr\u00e4gnante Charakterzeichnung sorgen f\u00fcr ein kurzweiliges und dennoch tiefgr\u00fcndiges Leseerlebnis.<\/p>\n<p>Perfekt f\u00fcr Liebhaber intelligenter und humorvoller Literatur, wird &#8222;Tea&#8220; Sie nicht nur zum Lachen bringen, sondern auch zum Nachdenken anregen. Erleben Sie Sakis einzigartige Erz\u00e4hlkunst und genie\u00dfen Sie eine Geschichte, die sowohl am\u00fcsant als auch tiefsinnig ist. Ideal f\u00fcr alle, die den feinen britischen Humor und die subtile Satire Sakis zu sch\u00e4tzen wissen.<\/p>\n<p>Ungek\u00fcrzter Originaltext. Zweisprachiges Buch Englisch-Deutsch.<\/p>","protected":false},"featured_media":13880,"comment_status":"open","ping_status":"closed","template":"","meta":{"_acf_changed":false,"_et_pb_use_builder":"off","_et_pb_old_content":"<div class=\"adapted-container\">\r\n<p class=\"Adapted\"><span class=\"Bold\">\u201cYou are not really dying, are <\/span><span class=\"Bold\">you?<\/span> <span class=\"Translation\">(du stirbst nicht wirklich, oder?; <\/span><span class=\"Translation\"><span class=\"Comment-Words\">You are not\u2026are you?<\/span><\/span><span class=\"Translation\"><span class=\"Comments\"> \u2013 Verst\u00e4rkung der Frage, Nachdruck<\/span><\/span><span class=\"Translation\">)<\/span><span class=\"Bold\">\u201d asked Amanda <\/span><span class=\"Translation\">(fragte <\/span><span class=\"Translation\">Amanda)<\/span><span class=\"Bold\">.<\/span><\/p>\r\n<p class=\"Adapted\"><span class=\"Bold\">\u201cI have the doctor\u2019s permission to live till Tuesday <\/span><span class=\"Translation\">(ich habe die Erlaubnis des Arztes bis <\/span><span class=\"Translation\">Dienstag zu leben; <\/span><span class=\"Translation\"><span class=\"Comments\">permission <\/span><\/span><span class=\"Translation\"><span class=\"Transcription\">[p\u0259\u2018m\u026a\u0283(\u0259)<\/span><\/span><span class=\"Transcription\">n]<\/span><span class=\"Translation\">)<\/span><span class=\"Bold\">,\u201d said Laura<\/span> <span class=\"Translation\">(sagte <\/span><span class=\"Translation\">Laura)<\/span><span class=\"Bold\">.<\/span><\/p>\r\n<p class=\"Adapted\"><span class=\"Bold\">\u201cBut to\u2013day is Saturday; this is serious!<\/span> <span class=\"Translation\">(aber heute ist Samstag; das ist ernst; <\/span><span class=\"Translation\"><span class=\"Comments\">serious <\/span><\/span><span class=\"Translation\"><span class=\"Transcription\">[\u201as\u026a\u0259r\u026a\u0259s]<\/span><\/span><span class=\"Translation\">)<\/span><span class=\"Bold\">\u201d gasped Amanda<\/span> <span class=\"Translation\">(keuchte Amanda; <\/span><span class=\"Translation\"><span class=\"Comments\">gasp <\/span><\/span><span class=\"Translation\"><span class=\"Transcription\">[g\u0251:sp]<\/span><\/span><span class=\"Translation\">)<\/span><span class=\"Comment-Words\">.<\/span><\/p>\r\n<p class=\"Adapted\"><span class=\"Bold\">\u201cI don\u2019t know about it being serious<\/span> <span class=\"Translation\">(ich<\/span><span class=\"Translation\"> wei\u00df nicht, ob es ernst ist; <\/span><span class=\"Translation\"><span class=\"Comments\">serious <\/span><\/span><span class=\"Translation\"><span class=\"Transcription\">[\u201as\u026a\u0259r\u026a\u0259s]<\/span><\/span><span class=\"Translation\">)<\/span><span class=\"Bold\">; it is certainly Saturday<\/span> <span class=\"Translation\">(es ist<\/span><span class=\"Translation\"> sicherlich Samstag; <\/span><span class=\"Translation\"><span class=\"Comment-Words\">certainly<\/span><\/span> <span class=\"Translation\"><span class=\"Transcription\">[\u201as\u025c:t(\u0259)<\/span><\/span><span class=\"Transcription\">nl\u026a]<\/span> <span class=\"Comments\">\u2014 allerdings, nat\u00fcrlich, sicherlich; certain \u2014 bestimmt<\/span><span class=\"Comments\">, gewiss, sicher<\/span><span class=\"Translation\">)<\/span><span class=\"Bold\">,\u201d said Laura.<\/span><\/p>\r\n<p class=\"Adapted\"><span class=\"Bold\">\u201cDeath is always serious<\/span> <span class=\"Translation\">(Tod ist immer ernst; <\/span><span class=\"Translation\"><span class=\"Comments\">death <\/span><\/span><span class=\"Translation\"><span class=\"Transcription\">[de\u03b8]<\/span><\/span><span class=\"Translation\">)<\/span><span class=\"Bold\">,\u201d said Amanda.<\/span><\/p>\r\n\r\n<\/div>\r\n[audio mp3=\"https:\/\/easyoriginal1.s3.eu-central-1.amazonaws.com\/englisch\/saki\/laura\/01.mp3\"][\/audio]\r\n<div class=\"original-container\">\r\n<p class=\"Original\">\u201cYou are not really dying, are you?\u201d asked Amanda.<\/p>\r\n<p class=\"Original\">\u201cI have the doctor\u2019s permission to live till Tuesday,\u201d said Laura.<\/p>\r\n<p class=\"Original\">\u201cBut to\u2013day is Saturday; this is serious!\u201d gasped Amanda.<\/p>\r\n<p class=\"Original\">\u201cI don\u2019t know about it being serious; it is certainly Saturday,\u201d said Laura.<\/p>\r\n<p class=\"Original\">\u201cDeath is always serious,\u201d said Amanda.<\/p>\r\n\r\n<\/div>\r\n<a class=\"weiter\" href=\"\/webreader\/laura\/fragment\/2\/\">weiter lesen<\/a>","_et_gb_content_width":""},"product_brand":[],"product_cat":[42],"product_tag":[72,70,71],"class_list":{"0":"post-13872","1":"product","2":"type-product","3":"status-publish","4":"has-post-thumbnail","6":"product_cat-englisch-deutsch","7":"product_tag-britisch","8":"product_tag-humorvoll","9":"product_tag-kurzgeschichte","11":"first","12":"instock","13":"taxable","14":"shipping-taxable","15":"purchasable","16":"product-type-variable"},"acf":[],"yoast_head":"<!-- This site is optimized with the Yoast SEO plugin v27.3 - https:\/\/yoast.com\/product\/yoast-seo-wordpress\/ -->\n<title>Tea \/ Tee - EasyOriginal.com<\/title>\n<meta name=\"robots\" content=\"index, follow, max-snippet:-1, max-image-preview:large, max-video-preview:-1\" \/>\n<link rel=\"canonical\" href=\"https:\/\/easyoriginal.com\/en\/shop\/englisch-deutsch\/tea-tee\/\" \/>\n<meta property=\"og:locale\" content=\"en_GB\" \/>\n<meta property=\"og:type\" content=\"article\" \/>\n<meta property=\"og:title\" content=\"Tea \/ Tee - EasyOriginal.com\" \/>\n<meta property=\"og:description\" content=\"Tauchen Sie ein in die raffinierte und unterhaltsame Welt von &quot;Tea&quot; von Saki, einer Kurzgeschichte, die Sakis scharfsinnigen Humor und seine meisterhafte Erz\u00e4hlkunst perfekt zur Geltung bringt.  In &quot;Tea&quot; entf\u00fchrt Saki Sie in die Salons der britischen Oberschicht, wo eine einfache Teeparty schnell zu einer B\u00fchne f\u00fcr Intrigen und witzige Missverst\u00e4ndnisse wird. Die Geschichte dreht sich um James Cushat-Prinkly und seine versuchten Ann\u00e4herungen an die junge und sch\u00f6ne Joan Sebastable. Was als harmlose Teestunde beginnt, entwickelt sich bald zu einer am\u00fcsanten und pointierten Darstellung gesellschaftlicher Spielchen und menschlicher Schw\u00e4chen.  Sakis brillante Beobachtungsgabe und sein geschickter Einsatz von Ironie machen &quot;Tea&quot; zu einem wahren Genuss. Mit feiner Satire und scharfsinnigem Witz zeichnet Saki ein lebendiges Bild der damaligen Gesellschaft und ihrer Rituale. Die unerwarteten Wendungen und die pr\u00e4gnante Charakterzeichnung sorgen f\u00fcr ein kurzweiliges und dennoch tiefgr\u00fcndiges Leseerlebnis.  Perfekt f\u00fcr Liebhaber intelligenter und humorvoller Literatur, wird &quot;Tea&quot; Sie nicht nur zum Lachen bringen, sondern auch zum Nachdenken anregen. Erleben Sie Sakis einzigartige Erz\u00e4hlkunst und genie\u00dfen Sie eine Geschichte, die sowohl am\u00fcsant als auch tiefsinnig ist. Ideal f\u00fcr alle, die den feinen britischen Humor und die subtile Satire Sakis zu sch\u00e4tzen wissen.   Ungek\u00fcrzter Originaltext. Zweisprachiges Buch Englisch-Deutsch.\" \/>\n<meta property=\"og:url\" content=\"https:\/\/easyoriginal.com\/en\/shop\/englisch-deutsch\/tea-tee\/\" \/>\n<meta property=\"og:site_name\" content=\"EasyOriginal.com\" \/>\n<meta property=\"article:modified_time\" content=\"2024-07-27T14:02:09+00:00\" \/>\n<meta property=\"og:image\" content=\"https:\/\/easyoriginal.com\/wp-content\/uploads\/saki_tea_printcover-1.jpg\" \/>\n\t<meta property=\"og:image:width\" content=\"1600\" \/>\n\t<meta property=\"og:image:height\" content=\"2400\" \/>\n\t<meta property=\"og:image:type\" content=\"image\/jpeg\" \/>\n<meta name=\"twitter:card\" content=\"summary_large_image\" \/>\n<meta name=\"twitter:label1\" content=\"Estimated reading time\" \/>\n\t<meta name=\"twitter:data1\" content=\"2 minutes\" \/>\n<script type=\"application\/ld+json\" class=\"yoast-schema-graph\">{\"@context\":\"https:\\\/\\\/schema.org\",\"@graph\":[{\"@type\":\"WebPage\",\"@id\":\"https:\\\/\\\/easyoriginal.com\\\/shop\\\/englisch-deutsch\\\/tea-tee\\\/\",\"url\":\"https:\\\/\\\/easyoriginal.com\\\/shop\\\/englisch-deutsch\\\/tea-tee\\\/\",\"name\":\"Tea \\\/ Tee - EasyOriginal.com\",\"isPartOf\":{\"@id\":\"https:\\\/\\\/easyoriginal.com\\\/#website\"},\"primaryImageOfPage\":{\"@id\":\"https:\\\/\\\/easyoriginal.com\\\/shop\\\/englisch-deutsch\\\/tea-tee\\\/#primaryimage\"},\"image\":{\"@id\":\"https:\\\/\\\/easyoriginal.com\\\/shop\\\/englisch-deutsch\\\/tea-tee\\\/#primaryimage\"},\"thumbnailUrl\":\"https:\\\/\\\/easyoriginal.com\\\/wp-content\\\/uploads\\\/saki_tea_printcover-1.jpg\",\"datePublished\":\"2024-07-27T13:57:21+00:00\",\"dateModified\":\"2024-07-27T14:02:09+00:00\",\"breadcrumb\":{\"@id\":\"https:\\\/\\\/easyoriginal.com\\\/shop\\\/englisch-deutsch\\\/tea-tee\\\/#breadcrumb\"},\"inLanguage\":\"en-GB\",\"potentialAction\":[{\"@type\":\"ReadAction\",\"target\":[\"https:\\\/\\\/easyoriginal.com\\\/shop\\\/englisch-deutsch\\\/tea-tee\\\/\"]}]},{\"@type\":\"ImageObject\",\"inLanguage\":\"en-GB\",\"@id\":\"https:\\\/\\\/easyoriginal.com\\\/shop\\\/englisch-deutsch\\\/tea-tee\\\/#primaryimage\",\"url\":\"https:\\\/\\\/easyoriginal.com\\\/wp-content\\\/uploads\\\/saki_tea_printcover-1.jpg\",\"contentUrl\":\"https:\\\/\\\/easyoriginal.com\\\/wp-content\\\/uploads\\\/saki_tea_printcover-1.jpg\",\"width\":1600,\"height\":2400},{\"@type\":\"BreadcrumbList\",\"@id\":\"https:\\\/\\\/easyoriginal.com\\\/shop\\\/englisch-deutsch\\\/tea-tee\\\/#breadcrumb\",\"itemListElement\":[{\"@type\":\"ListItem\",\"position\":1,\"name\":\"Startseite\",\"item\":\"https:\\\/\\\/easyoriginal.com\\\/\"},{\"@type\":\"ListItem\",\"position\":2,\"name\":\"Shop\",\"item\":\"https:\\\/\\\/easyoriginal.com\\\/shop\\\/\"},{\"@type\":\"ListItem\",\"position\":3,\"name\":\"Tea \\\/ Tee\"}]},{\"@type\":\"WebSite\",\"@id\":\"https:\\\/\\\/easyoriginal.com\\\/#website\",\"url\":\"https:\\\/\\\/easyoriginal.com\\\/\",\"name\":\"EasyOriginal.com\",\"description\":\"Spa\u00df am Lesen im Original - Innovative Lesemethode f\u00fcr Fremdsprachen\",\"publisher\":{\"@id\":\"https:\\\/\\\/easyoriginal.com\\\/#organization\"},\"potentialAction\":[{\"@type\":\"SearchAction\",\"target\":{\"@type\":\"EntryPoint\",\"urlTemplate\":\"https:\\\/\\\/easyoriginal.com\\\/?s={search_term_string}\"},\"query-input\":{\"@type\":\"PropertyValueSpecification\",\"valueRequired\":true,\"valueName\":\"search_term_string\"}}],\"inLanguage\":\"en-GB\"},{\"@type\":\"Organization\",\"@id\":\"https:\\\/\\\/easyoriginal.com\\\/#organization\",\"name\":\"EasyOriginal Verlag\",\"url\":\"https:\\\/\\\/easyoriginal.com\\\/\",\"logo\":{\"@type\":\"ImageObject\",\"inLanguage\":\"en-GB\",\"@id\":\"https:\\\/\\\/easyoriginal.com\\\/#\\\/schema\\\/logo\\\/image\\\/\",\"url\":\"https:\\\/\\\/easyoriginal.com\\\/wp-content\\\/uploads\\\/2020\\\/08\\\/logo_main.png\",\"contentUrl\":\"https:\\\/\\\/easyoriginal.com\\\/wp-content\\\/uploads\\\/2020\\\/08\\\/logo_main.png\",\"width\":500,\"height\":103,\"caption\":\"EasyOriginal Verlag\"},\"image\":{\"@id\":\"https:\\\/\\\/easyoriginal.com\\\/#\\\/schema\\\/logo\\\/image\\\/\"}}]}<\/script>\n<!-- \/ Yoast SEO plugin. -->","yoast_head_json":{"title":"Tea \/ Tee - EasyOriginal.com","robots":{"index":"index","follow":"follow","max-snippet":"max-snippet:-1","max-image-preview":"max-image-preview:large","max-video-preview":"max-video-preview:-1"},"canonical":"https:\/\/easyoriginal.com\/en\/shop\/englisch-deutsch\/tea-tee\/","og_locale":"en_GB","og_type":"article","og_title":"Tea \/ Tee - EasyOriginal.com","og_description":"Tauchen Sie ein in die raffinierte und unterhaltsame Welt von \"Tea\" von Saki, einer Kurzgeschichte, die Sakis scharfsinnigen Humor und seine meisterhafte Erz\u00e4hlkunst perfekt zur Geltung bringt.  In \"Tea\" entf\u00fchrt Saki Sie in die Salons der britischen Oberschicht, wo eine einfache Teeparty schnell zu einer B\u00fchne f\u00fcr Intrigen und witzige Missverst\u00e4ndnisse wird. Die Geschichte dreht sich um James Cushat-Prinkly und seine versuchten Ann\u00e4herungen an die junge und sch\u00f6ne Joan Sebastable. Was als harmlose Teestunde beginnt, entwickelt sich bald zu einer am\u00fcsanten und pointierten Darstellung gesellschaftlicher Spielchen und menschlicher Schw\u00e4chen.  Sakis brillante Beobachtungsgabe und sein geschickter Einsatz von Ironie machen \"Tea\" zu einem wahren Genuss. Mit feiner Satire und scharfsinnigem Witz zeichnet Saki ein lebendiges Bild der damaligen Gesellschaft und ihrer Rituale. Die unerwarteten Wendungen und die pr\u00e4gnante Charakterzeichnung sorgen f\u00fcr ein kurzweiliges und dennoch tiefgr\u00fcndiges Leseerlebnis.  Perfekt f\u00fcr Liebhaber intelligenter und humorvoller Literatur, wird \"Tea\" Sie nicht nur zum Lachen bringen, sondern auch zum Nachdenken anregen. Erleben Sie Sakis einzigartige Erz\u00e4hlkunst und genie\u00dfen Sie eine Geschichte, die sowohl am\u00fcsant als auch tiefsinnig ist. Ideal f\u00fcr alle, die den feinen britischen Humor und die subtile Satire Sakis zu sch\u00e4tzen wissen.   Ungek\u00fcrzter Originaltext. Zweisprachiges Buch Englisch-Deutsch.","og_url":"https:\/\/easyoriginal.com\/en\/shop\/englisch-deutsch\/tea-tee\/","og_site_name":"EasyOriginal.com","article_modified_time":"2024-07-27T14:02:09+00:00","og_image":[{"width":1600,"height":2400,"url":"https:\/\/easyoriginal.com\/wp-content\/uploads\/saki_tea_printcover-1.jpg","type":"image\/jpeg"}],"twitter_card":"summary_large_image","twitter_misc":{"Estimated reading time":"2 minutes"},"schema":{"@context":"https:\/\/schema.org","@graph":[{"@type":"WebPage","@id":"https:\/\/easyoriginal.com\/shop\/englisch-deutsch\/tea-tee\/","url":"https:\/\/easyoriginal.com\/shop\/englisch-deutsch\/tea-tee\/","name":"Tea \/ Tee - EasyOriginal.com","isPartOf":{"@id":"https:\/\/easyoriginal.com\/#website"},"primaryImageOfPage":{"@id":"https:\/\/easyoriginal.com\/shop\/englisch-deutsch\/tea-tee\/#primaryimage"},"image":{"@id":"https:\/\/easyoriginal.com\/shop\/englisch-deutsch\/tea-tee\/#primaryimage"},"thumbnailUrl":"https:\/\/easyoriginal.com\/wp-content\/uploads\/saki_tea_printcover-1.jpg","datePublished":"2024-07-27T13:57:21+00:00","dateModified":"2024-07-27T14:02:09+00:00","breadcrumb":{"@id":"https:\/\/easyoriginal.com\/shop\/englisch-deutsch\/tea-tee\/#breadcrumb"},"inLanguage":"en-GB","potentialAction":[{"@type":"ReadAction","target":["https:\/\/easyoriginal.com\/shop\/englisch-deutsch\/tea-tee\/"]}]},{"@type":"ImageObject","inLanguage":"en-GB","@id":"https:\/\/easyoriginal.com\/shop\/englisch-deutsch\/tea-tee\/#primaryimage","url":"https:\/\/easyoriginal.com\/wp-content\/uploads\/saki_tea_printcover-1.jpg","contentUrl":"https:\/\/easyoriginal.com\/wp-content\/uploads\/saki_tea_printcover-1.jpg","width":1600,"height":2400},{"@type":"BreadcrumbList","@id":"https:\/\/easyoriginal.com\/shop\/englisch-deutsch\/tea-tee\/#breadcrumb","itemListElement":[{"@type":"ListItem","position":1,"name":"Startseite","item":"https:\/\/easyoriginal.com\/"},{"@type":"ListItem","position":2,"name":"Shop","item":"https:\/\/easyoriginal.com\/shop\/"},{"@type":"ListItem","position":3,"name":"Tea \/ Tee"}]},{"@type":"WebSite","@id":"https:\/\/easyoriginal.com\/#website","url":"https:\/\/easyoriginal.com\/","name":"EasyOriginal.com","description":"Spa\u00df am Lesen im Original - Innovative Lesemethode f\u00fcr Fremdsprachen","publisher":{"@id":"https:\/\/easyoriginal.com\/#organization"},"potentialAction":[{"@type":"SearchAction","target":{"@type":"EntryPoint","urlTemplate":"https:\/\/easyoriginal.com\/?s={search_term_string}"},"query-input":{"@type":"PropertyValueSpecification","valueRequired":true,"valueName":"search_term_string"}}],"inLanguage":"en-GB"},{"@type":"Organization","@id":"https:\/\/easyoriginal.com\/#organization","name":"EasyOriginal Verlag","url":"https:\/\/easyoriginal.com\/","logo":{"@type":"ImageObject","inLanguage":"en-GB","@id":"https:\/\/easyoriginal.com\/#\/schema\/logo\/image\/","url":"https:\/\/easyoriginal.com\/wp-content\/uploads\/2020\/08\/logo_main.png","contentUrl":"https:\/\/easyoriginal.com\/wp-content\/uploads\/2020\/08\/logo_main.png","width":500,"height":103,"caption":"EasyOriginal Verlag"},"image":{"@id":"https:\/\/easyoriginal.com\/#\/schema\/logo\/image\/"}}]}},"_links":{"self":[{"href":"https:\/\/easyoriginal.com\/en\/wp-json\/wp\/v2\/product\/13872","targetHints":{"allow":["GET"]}}],"collection":[{"href":"https:\/\/easyoriginal.com\/en\/wp-json\/wp\/v2\/product"}],"about":[{"href":"https:\/\/easyoriginal.com\/en\/wp-json\/wp\/v2\/types\/product"}],"replies":[{"embeddable":true,"href":"https:\/\/easyoriginal.com\/en\/wp-json\/wp\/v2\/comments?post=13872"}],"wp:featuredmedia":[{"embeddable":true,"href":"https:\/\/easyoriginal.com\/en\/wp-json\/wp\/v2\/media\/13880"}],"wp:attachment":[{"href":"https:\/\/easyoriginal.com\/en\/wp-json\/wp\/v2\/media?parent=13872"}],"wp:term":[{"taxonomy":"product_brand","embeddable":true,"href":"https:\/\/easyoriginal.com\/en\/wp-json\/wp\/v2\/product_brand?post=13872"},{"taxonomy":"product_cat","embeddable":true,"href":"https:\/\/easyoriginal.com\/en\/wp-json\/wp\/v2\/product_cat?post=13872"},{"taxonomy":"product_tag","embeddable":true,"href":"https:\/\/easyoriginal.com\/en\/wp-json\/wp\/v2\/product_tag?post=13872"}],"curies":[{"name":"wp","href":"https:\/\/api.w.org\/{rel}","templated":true}]}}