{"id":13811,"date":"2024-07-25T17:12:35","date_gmt":"2024-07-25T15:12:35","guid":{"rendered":"https:\/\/easyoriginal.com\/?post_type=product&#038;p=13811"},"modified":"2024-07-27T16:29:00","modified_gmt":"2024-07-27T14:29:00","slug":"le-sifflet-enchante-die-verzauberte-pfeife","status":"publish","type":"product","link":"https:\/\/easyoriginal.com\/en\/shop\/franzoesisch-deutsch\/le-sifflet-enchante-die-verzauberte-pfeife\/","title":{"rendered":"Le Sifflet Enchant\u00e9 \/ Die verzauberte Pfeife"},"content":{"rendered":"<div class=\"adapted-container\">\n<p class=\"Adapted\"><span class=\"Bold\">Il y avait une fois un roi riche et puissant <\/span><span class=\"Translation CharOverride-1\">(es war einmal ein reicher und m\u00e4chtiger K\u00f6ni<\/span><span class=\"Translation\"><span class=\"No-Break CharOverride-1\">g;<\/span><\/span><span class=\"Translation\"><span class=\"Italic CharOverride-1\"> <\/span><\/span><span class=\"Translation\"><span class=\"Bold-Italic CharOverride-1\">il y avait une fois<\/span><\/span><span class=\"Translation\"><span class=\"No-Break\"><span class=\"Italic CharOverride-1\"> \u2014<\/span><\/span><\/span><span class=\"Translation\"><span class=\"Italic CharOverride-1\"> es war einma<\/span><\/span><span class=\"Translation\"><span class=\"No-Break\"><span class=\"Italic CharOverride-1\">l;<\/span><\/span><\/span><span class=\"Translation\"><span class=\"Italic CharOverride-1\"> <\/span><\/span><span class=\"Translation\"><span class=\"Bold-Italic CharOverride-1\">puissant<\/span><\/span><span class=\"Translation\"><span class=\"No-Break\"><span class=\"Italic CharOverride-1\"> \u2014<\/span><\/span><\/span><span class=\"Translation\"><span class=\"Italic CharOverride-1\"> m\u00e4chti<\/span><\/span><span class=\"Translation\"><span class=\"No-Break\"><span class=\"Italic CharOverride-1\">g;<\/span><\/span><\/span><span class=\"Translation\"><span class=\"Italic CharOverride-1\"> <\/span><\/span><span class=\"Translation\"><span class=\"Bold-Italic CharOverride-1\">pouvoir<\/span><\/span><span class=\"Translation\"><span class=\"No-Break\"><span class=\"Italic CharOverride-1\"> \u2014<\/span><\/span><\/span><span class=\"Translation\"><span class=\"Italic CharOverride-1\"> k\u00f6nne<\/span><\/span><span class=\"Translation\"><span class=\"No-Break\"><span class=\"Italic CharOverride-1\">n;<\/span><\/span><\/span><span class=\"Translation\"><span class=\"Italic CharOverride-1\"> Macht haben<\/span><\/span><span class=\"Translation CharOverride-1\">)<\/span><span class=\"Bold\"> qui avait une fille d\u2018une beaut\u00e9 remarquable <\/span><span class=\"Translation CharOverride-1\">(der eine Tochter von bemerkenswerter Sch\u00f6nheit hatt<\/span><span class=\"Translation\"><span class=\"No-Break CharOverride-1\">e;<\/span><\/span><span class=\"Translation\"><span class=\"Italic CharOverride-1\"> <\/span><\/span><span class=\"Translation\"><span class=\"Bold-Italic CharOverride-1\">remarquable<\/span><\/span><span class=\"Translation\"><span class=\"No-Break\"><span class=\"Italic CharOverride-1\"> \u2014<\/span><\/span><\/span><span class=\"Translation\"><span class=\"Italic CharOverride-1\"> bemerkenswer<\/span><\/span><span class=\"Translation\"><span class=\"No-Break\"><span class=\"Italic CharOverride-1\">t;<\/span><\/span><\/span><span class=\"Translation\"><span class=\"Italic CharOverride-1\"> beachtlic<\/span><\/span><span class=\"Translation\"><span class=\"No-Break\"><span class=\"Italic CharOverride-1\">h;<\/span><\/span><\/span><span class=\"Translation\"><span class=\"Italic CharOverride-1\"> <\/span><\/span><span class=\"Translation\"><span class=\"Bold-Italic CharOverride-1\">remarquer<\/span><\/span><span class=\"Translation\"><span class=\"No-Break\"><span class=\"Italic CharOverride-1\"> \u2014<\/span><\/span><\/span><span class=\"Translation\"><span class=\"Italic CharOverride-1\"> bemerken<\/span><\/span><span class=\"Translation CharOverride-1\">)<\/span><span class=\"Bold\">. Lorsque celle-ci arriva \u00e0 l\u2018\u00e2ge de se marier <\/span><span class=\"Translation CharOverride-1\">(als diese in das Alter kam, zu heirate<\/span><span class=\"Translation\"><span class=\"No-Break CharOverride-1\">n;<\/span><\/span><span class=\"Translation\"><span class=\"Italic CharOverride-1\"> <\/span><\/span><span class=\"Translation\"><span class=\"Bold-Italic CharOverride-1\">arriver<\/span><\/span><span class=\"Translation\"><span class=\"No-Break\"><span class=\"Italic CharOverride-1\"> \u2014<\/span><\/span><\/span><span class=\"Translation\"><span class=\"Italic CharOverride-1\"> ankomme<\/span><\/span><span class=\"Translation\"><span class=\"No-Break\"><span class=\"Italic CharOverride-1\">n;<\/span><\/span><\/span><span class=\"Translation\"><span class=\"Italic CharOverride-1\"> erreichen<\/span><\/span><span class=\"Translation CharOverride-1\">)<\/span><span class=\"Bold\">, il fut enjoint par une ordonnance cri\u00e9e \u00e0 son de trompe <\/span><span class=\"Translation CharOverride-1\">(wurde durch eine Verordnung, die unter Trompetenschall ausgerufen wurde, befohle<\/span><span class=\"Translation\"><span class=\"No-Break CharOverride-1\">n;<\/span><\/span><span class=\"Translation\"><span class=\"Italic CharOverride-1\"> <\/span><\/span><span class=\"Translation\"><span class=\"Bold-Italic CharOverride-1\">enjoindre<\/span><\/span><span class=\"Translation\"><span class=\"No-Break\"><span class=\"Italic CharOverride-1\"> \u2014<\/span><\/span><\/span><span class=\"Translation\"><span class=\"Italic CharOverride-1\"> aufforder<\/span><\/span><span class=\"Translation\"><span class=\"No-Break\"><span class=\"Italic CharOverride-1\">n;<\/span><\/span><\/span><span class=\"Translation\"><span class=\"Italic CharOverride-1\"> befehle<\/span><\/span><span class=\"Translation\"><span class=\"No-Break\"><span class=\"Italic CharOverride-1\">n;<\/span><\/span><\/span><span class=\"Translation\"><span class=\"Italic CharOverride-1\"> <\/span><\/span><span class=\"Translation\"><span class=\"Bold-Italic CharOverride-1\">ordonnance<\/span><\/span><span class=\"Translation\"><span class=\"Sub CharOverride-2\">f<\/span><\/span><span class=\"Translation\"><span class=\"No-Break\"><span class=\"Italic CharOverride-1\"> \u2014<\/span><\/span><\/span><span class=\"Translation\"><span class=\"Italic CharOverride-1\"> Verordnun<\/span><\/span><span class=\"Translation\"><span class=\"No-Break\"><span class=\"Italic CharOverride-1\">g;<\/span><\/span><\/span><span class=\"Translation\"><span class=\"Italic CharOverride-1\"> Anordnun<\/span><\/span><span class=\"Translation\"><span class=\"No-Break\"><span class=\"Italic CharOverride-1\">g;<\/span><\/span><\/span><span class=\"Translation\"><span class=\"Italic CharOverride-1\"> <\/span><\/span><span class=\"Translation\"><span class=\"Bold-Italic CharOverride-1\">crier<\/span><\/span><span class=\"Translation\"><span class=\"No-Break\"><span class=\"Italic CharOverride-1\"> \u2014<\/span><\/span><\/span><span class=\"Translation\"><span class=\"Italic CharOverride-1\"> rufe<\/span><\/span><span class=\"Translation\"><span class=\"No-Break\"><span class=\"Italic CharOverride-1\">n;<\/span><\/span><\/span><span class=\"Translation\"><span class=\"Italic CharOverride-1\"> schreien<\/span><\/span><span class=\"Translation CharOverride-1\">)<\/span><span class=\"Bold\"> et affich\u00e9e sur tous les murs <\/span><span class=\"Translation CharOverride-1\">(und an allen Mauern angeschlage<\/span><span class=\"Translation\"><span class=\"No-Break CharOverride-1\">n;<\/span><\/span><span class=\"Translation\"><span class=\"Italic CharOverride-1\"> <\/span><\/span><span class=\"Translation\"><span class=\"Bold-Italic CharOverride-1\">afficher<\/span><\/span><span class=\"Translation\"><span class=\"No-Break\"><span class=\"Italic CharOverride-1\"> \u2014<\/span><\/span><\/span><span class=\"Translation\"><span class=\"Italic CharOverride-1\"> anschlage<\/span><\/span><span class=\"Translation\"><span class=\"No-Break\"><span class=\"Italic CharOverride-1\">n;<\/span><\/span><\/span><span class=\"Translation\"><span class=\"Italic CharOverride-1\"> aush\u00e4nge<\/span><\/span><span class=\"Translation\"><span class=\"No-Break\"><span class=\"Italic CharOverride-1\">n;<\/span><\/span><\/span><span class=\"Translation\"><span class=\"Italic CharOverride-1\"> mur<\/span><\/span><span class=\"Translation\"><span class=\"Sub CharOverride-2\">m<\/span><\/span><span class=\"Translation CharOverride-1\">)<\/span><span class=\"Bold\">, \u00e0 ceux qui avaient des pr\u00e9tentions \u00e0 l\u2018\u00e9pouser <\/span><span class=\"Translation CharOverride-1\">(denjenigen, die Anspr\u00fcche hatten, sie zu heiraten)<\/span><span class=\"Bold\">, de se r\u00e9unir dans une vaste prairie <\/span><span class=\"Translation CharOverride-1\">(sich auf einer weiten Wiese zu versammel<\/span><span class=\"Translation\"><span class=\"No-Break CharOverride-1\">n;<\/span><\/span><span class=\"Translation\"><span class=\"Italic CharOverride-1\"> <\/span><\/span><span class=\"Translation\"><span class=\"Bold-Italic CharOverride-1\">vaste<\/span><\/span><span class=\"Translation\"><span class=\"No-Break\"><span class=\"Italic CharOverride-1\"> \u2014<\/span><\/span><\/span><span class=\"Translation\"><span class=\"Italic CharOverride-1\"> wei<\/span><\/span><span class=\"Translation\"><span class=\"No-Break\"><span class=\"Italic CharOverride-1\">t;<\/span><\/span><\/span><span class=\"Translation\"><span class=\"Italic CharOverride-1\"> ger\u00e4umi<\/span><\/span><span class=\"Translation\"><span class=\"No-Break\"><span class=\"Italic CharOverride-1\">g;<\/span><\/span><\/span><span class=\"Translation\"><span class=\"Italic CharOverride-1\"> gro\u00df<\/span><\/span><span class=\"Translation CharOverride-1\">)<\/span><span class=\"Bold\">.<\/span><\/p>\n<\/div>\n<audio class=\"wp-audio-shortcode\" id=\"audio-13811-1\" preload=\"none\" style=\"width: 100%;\" controls=\"controls\"><source type=\"audio\/mpeg\" src=\"https:\/\/easyoriginal1.s3.eu-central-1.amazonaws.com\/franzoesisch\/f25\/01.mp3?_=1\" \/><a href=\"https:\/\/easyoriginal1.s3.eu-central-1.amazonaws.com\/franzoesisch\/f25\/01.mp3\">https:\/\/easyoriginal1.s3.eu-central-1.amazonaws.com\/franzoesisch\/f25\/01.mp3<\/a><\/audio>\n<div class=\"original-container\">\n<p class=\"Original\" lang=\"fr-FR\">Il y avait une fois un roi riche et puissant qui avait une fille d\u2019une beaut\u00e9 remarquable. Lorsque celle-ci arriva \u00e0 l\u2019\u00e2ge de se marier, il fut enjoint par une ordonnance cri\u00e9e \u00e0 son de trompe et affich\u00e9e sur tous les murs, \u00e0 ceux qui avaient des pr\u00e9tentions \u00e0 l\u2019\u00e9pouser, de se r\u00e9unir dans une vaste prairie.<\/p>\n<\/div>","protected":false},"excerpt":{"rendered":"<p>Tauchen Sie ein in die zauberhafte Welt von \u201eLe Sifflet Enchant\u00e9\u201c. Diese faszinierende Geschichte erz\u00e4hlt von einem jungen Sch\u00e4fer, der sich mutig ungew\u00f6hnlichen Herausforderungen stellt, um das Herz einer wundersch\u00f6nen Prinzessin zu gewinnen. Mit Hilfe einer geheimnisvollen Pfeife und seiner unersch\u00fctterlichen Entschlossenheit erlebt er eine Reihe magischer Abenteuer und \u00fcberw\u00e4ltigender Pr\u00fcfungen.<\/p>\n<p>Begleiten Sie ihn auf seiner Reise voller \u00dcberraschungen, Wunder und unerwarteter Wendungen. Diese m\u00e4rchenhafte Erz\u00e4hlung wird Sie von Anfang bis Ende fesseln und in eine Welt entf\u00fchren, in der alles m\u00f6glich ist.<br \/>\nUngek\u00fcrzter Originaltext. Zweisprachiges Buch Franz\u00f6sisch-Deutsch.<\/p>","protected":false},"featured_media":13818,"comment_status":"open","ping_status":"closed","template":"","meta":{"_acf_changed":false,"_et_pb_use_builder":"off","_et_pb_old_content":"<div class=\"adapted-container\">\r\n<p class=\"Adapted\"><span class=\"Bold\">Hace mucho tiempo que ten\u00eda ganas de escribir <\/span><span class=\"Translation\">(seit langer Zeit hatte ich Lust zu schreiben; <\/span><span class=\"Translation\"><span class=\"Comment-Words\">tener<\/span><\/span><span class=\"Translation\"><span class=\"Comments\"> \u2014 haben<\/span><\/span><span class=\"Translation\">)<\/span><span class=\"Bold\"> cualquier cosa con este t\u00edtulo <\/span><span class=\"Translation\">(irgendetwas mit diesem Titel)<\/span><span class=\"Bold\">.<\/span><\/p>\r\n<p class=\"Adapted\"><span class=\"Bold\">Hoy<a id=\"_idTextAnchor001\"><\/a>, que se me ha presentado ocasi\u00f3n <\/span><span class=\"Translation\">(heute, wo sich mir \/eine\/ Gelegenheit geboten hat; <\/span><span class=\"Translation\"><span class=\"Comment-Words\">presentar<\/span><\/span><span class=\"Translation\"><span class=\"Comments\"> \u2014 zeigen; vorstellen<\/span><\/span><span class=\"Translation\">)<\/span><span class=\"Bold\">, lo he puesto con letras grandes <\/span><span class=\"Translation\">(das habe ich in gro\u00dfen Buchstaben gesetzt = habe ich es in Gro\u00dfbuchstaben gesetzt; <\/span><span class=\"Translation\"><span class=\"Comment-Words\">poner<\/span><\/span><span class=\"Translation\"><span class=\"Comments\"> \u2014 setzen; stellen; legen<\/span><\/span><span class=\"Translation\">)<\/span><span class=\"Bold\"> en la primera cuartilla de papel <\/span><span class=\"Translation\">(auf das erste Blatt: \u00abauf das erste Viertelpapier\u00bb; <\/span><span class=\"Translation\"><span class=\"Comment-Words\">cuarto<\/span><\/span><span class=\"Translation\"><span class=\"Gender _idGenCharOverride-1\">m <\/span><\/span><span class=\"Translation\"><span class=\"Comments\">\u2014 Viertel<\/span><\/span><span class=\"Translation\">)<\/span><span class=\"Bold\">, y luego he dejado a capricho volar la pluma <\/span><span class=\"Translation\">(und dann habe ich nach Belieben die Feder fliegen lassen; <\/span><span class=\"Translation\"><span class=\"Comment-Words\">dejar<\/span><\/span><span class=\"Translation\"><span class=\"Comments\"> \u2014 lassen; <\/span><\/span><span class=\"Translation\"><span class=\"Comment-Words\">capricho<\/span><\/span><span class=\"Translation\"><span class=\"Gender _idGenCharOverride-1\">m <\/span><\/span><span class=\"Translation\"><span class=\"Comments\">\u2014 Laune<\/span><\/span><span class=\"Translation\">)<\/span><span class=\"Bold\">.<\/span><\/p>\r\n\r\n<\/div>\r\n[audio mp3=\"https:\/\/easyoriginal1.s3.eu-central-1.amazonaws.com\/spanisch\/s1\/1.mp3\"][\/audio]\r\n<div class=\"original-container\">\r\n<p class=\"Original\">Hace mucho tiempo que ten\u00eda ganas de escribir cualquier cosa con este t\u00edtulo.<\/p>\r\n<p class=\"Original\">Hoy, que se me ha presentado ocasi\u00f3n, lo he puesto con letras grandes en la primera cuartilla de papel, y luego he dejado a capricho volar la pluma.<\/p>\r\n\r\n<\/div>\r\n<a class=\"weiter\" href=\"\/webreader\/los-ojos-verdes\/fragment\/1-4-2\/\">weiter lesen<\/a>","_et_gb_content_width":""},"product_brand":[],"product_cat":[45],"product_tag":[163],"class_list":{"0":"post-13811","1":"product","2":"type-product","3":"status-publish","4":"has-post-thumbnail","6":"product_cat-franzoesisch-deutsch","7":"product_tag-maerchen","9":"first","10":"instock","11":"taxable","12":"shipping-taxable","13":"purchasable","14":"product-type-variable"},"acf":[],"yoast_head":"<!-- This site is optimized with the Yoast SEO plugin v27.3 - https:\/\/yoast.com\/product\/yoast-seo-wordpress\/ -->\n<title>Le Sifflet Enchant\u00e9 \/ Die verzauberte Pfeife - EasyOriginal.com<\/title>\n<meta name=\"robots\" content=\"index, follow, max-snippet:-1, max-image-preview:large, max-video-preview:-1\" \/>\n<link rel=\"canonical\" href=\"https:\/\/easyoriginal.com\/en\/shop\/franzoesisch-deutsch\/le-sifflet-enchante-die-verzauberte-pfeife\/\" \/>\n<meta property=\"og:locale\" content=\"en_GB\" \/>\n<meta property=\"og:type\" content=\"article\" \/>\n<meta property=\"og:title\" content=\"Le Sifflet Enchant\u00e9 \/ Die verzauberte Pfeife - EasyOriginal.com\" \/>\n<meta property=\"og:description\" content=\"Tauchen Sie ein in die zauberhafte Welt von \u201eLe Sifflet Enchant\u00e9\u201c. Diese faszinierende Geschichte erz\u00e4hlt von einem jungen Sch\u00e4fer, der sich mutig ungew\u00f6hnlichen Herausforderungen stellt, um das Herz einer wundersch\u00f6nen Prinzessin zu gewinnen. Mit Hilfe einer geheimnisvollen Pfeife und seiner unersch\u00fctterlichen Entschlossenheit erlebt er eine Reihe magischer Abenteuer und \u00fcberw\u00e4ltigender Pr\u00fcfungen.  Begleiten Sie ihn auf seiner Reise voller \u00dcberraschungen, Wunder und unerwarteter Wendungen. Diese m\u00e4rchenhafte Erz\u00e4hlung wird Sie von Anfang bis Ende fesseln und in eine Welt entf\u00fchren, in der alles m\u00f6glich ist. Ungek\u00fcrzter Originaltext. Zweisprachiges Buch Franz\u00f6sisch-Deutsch.\" \/>\n<meta property=\"og:url\" content=\"https:\/\/easyoriginal.com\/en\/shop\/franzoesisch-deutsch\/le-sifflet-enchante-die-verzauberte-pfeife\/\" \/>\n<meta property=\"og:site_name\" content=\"EasyOriginal.com\" \/>\n<meta property=\"article:modified_time\" content=\"2024-07-27T14:29:00+00:00\" \/>\n<meta property=\"og:image\" content=\"https:\/\/easyoriginal.com\/wp-content\/uploads\/Dumas_Le_sifflet_enchate_printcover-1.jpg\" \/>\n\t<meta property=\"og:image:width\" content=\"1600\" \/>\n\t<meta property=\"og:image:height\" content=\"2400\" \/>\n\t<meta property=\"og:image:type\" content=\"image\/jpeg\" \/>\n<meta name=\"twitter:card\" content=\"summary_large_image\" \/>\n<meta name=\"twitter:label1\" content=\"Estimated reading time\" \/>\n\t<meta name=\"twitter:data1\" content=\"2 minutes\" \/>\n<script type=\"application\/ld+json\" class=\"yoast-schema-graph\">{\"@context\":\"https:\\\/\\\/schema.org\",\"@graph\":[{\"@type\":\"WebPage\",\"@id\":\"https:\\\/\\\/easyoriginal.com\\\/shop\\\/franzoesisch-deutsch\\\/le-sifflet-enchante-die-verzauberte-pfeife\\\/\",\"url\":\"https:\\\/\\\/easyoriginal.com\\\/shop\\\/franzoesisch-deutsch\\\/le-sifflet-enchante-die-verzauberte-pfeife\\\/\",\"name\":\"Le Sifflet Enchant\u00e9 \\\/ Die verzauberte Pfeife - EasyOriginal.com\",\"isPartOf\":{\"@id\":\"https:\\\/\\\/easyoriginal.com\\\/#website\"},\"primaryImageOfPage\":{\"@id\":\"https:\\\/\\\/easyoriginal.com\\\/shop\\\/franzoesisch-deutsch\\\/le-sifflet-enchante-die-verzauberte-pfeife\\\/#primaryimage\"},\"image\":{\"@id\":\"https:\\\/\\\/easyoriginal.com\\\/shop\\\/franzoesisch-deutsch\\\/le-sifflet-enchante-die-verzauberte-pfeife\\\/#primaryimage\"},\"thumbnailUrl\":\"https:\\\/\\\/easyoriginal.com\\\/wp-content\\\/uploads\\\/Dumas_Le_sifflet_enchate_printcover-1.jpg\",\"datePublished\":\"2024-07-25T15:12:35+00:00\",\"dateModified\":\"2024-07-27T14:29:00+00:00\",\"breadcrumb\":{\"@id\":\"https:\\\/\\\/easyoriginal.com\\\/shop\\\/franzoesisch-deutsch\\\/le-sifflet-enchante-die-verzauberte-pfeife\\\/#breadcrumb\"},\"inLanguage\":\"en-GB\",\"potentialAction\":[{\"@type\":\"ReadAction\",\"target\":[\"https:\\\/\\\/easyoriginal.com\\\/shop\\\/franzoesisch-deutsch\\\/le-sifflet-enchante-die-verzauberte-pfeife\\\/\"]}]},{\"@type\":\"ImageObject\",\"inLanguage\":\"en-GB\",\"@id\":\"https:\\\/\\\/easyoriginal.com\\\/shop\\\/franzoesisch-deutsch\\\/le-sifflet-enchante-die-verzauberte-pfeife\\\/#primaryimage\",\"url\":\"https:\\\/\\\/easyoriginal.com\\\/wp-content\\\/uploads\\\/Dumas_Le_sifflet_enchate_printcover-1.jpg\",\"contentUrl\":\"https:\\\/\\\/easyoriginal.com\\\/wp-content\\\/uploads\\\/Dumas_Le_sifflet_enchate_printcover-1.jpg\",\"width\":1600,\"height\":2400},{\"@type\":\"BreadcrumbList\",\"@id\":\"https:\\\/\\\/easyoriginal.com\\\/shop\\\/franzoesisch-deutsch\\\/le-sifflet-enchante-die-verzauberte-pfeife\\\/#breadcrumb\",\"itemListElement\":[{\"@type\":\"ListItem\",\"position\":1,\"name\":\"Startseite\",\"item\":\"https:\\\/\\\/easyoriginal.com\\\/\"},{\"@type\":\"ListItem\",\"position\":2,\"name\":\"Shop\",\"item\":\"https:\\\/\\\/easyoriginal.com\\\/shop\\\/\"},{\"@type\":\"ListItem\",\"position\":3,\"name\":\"Le Sifflet Enchant\u00e9 \\\/ Die verzauberte Pfeife\"}]},{\"@type\":\"WebSite\",\"@id\":\"https:\\\/\\\/easyoriginal.com\\\/#website\",\"url\":\"https:\\\/\\\/easyoriginal.com\\\/\",\"name\":\"EasyOriginal.com\",\"description\":\"Spa\u00df am Lesen im Original - Innovative Lesemethode f\u00fcr Fremdsprachen\",\"publisher\":{\"@id\":\"https:\\\/\\\/easyoriginal.com\\\/#organization\"},\"potentialAction\":[{\"@type\":\"SearchAction\",\"target\":{\"@type\":\"EntryPoint\",\"urlTemplate\":\"https:\\\/\\\/easyoriginal.com\\\/?s={search_term_string}\"},\"query-input\":{\"@type\":\"PropertyValueSpecification\",\"valueRequired\":true,\"valueName\":\"search_term_string\"}}],\"inLanguage\":\"en-GB\"},{\"@type\":\"Organization\",\"@id\":\"https:\\\/\\\/easyoriginal.com\\\/#organization\",\"name\":\"EasyOriginal Verlag\",\"url\":\"https:\\\/\\\/easyoriginal.com\\\/\",\"logo\":{\"@type\":\"ImageObject\",\"inLanguage\":\"en-GB\",\"@id\":\"https:\\\/\\\/easyoriginal.com\\\/#\\\/schema\\\/logo\\\/image\\\/\",\"url\":\"https:\\\/\\\/easyoriginal.com\\\/wp-content\\\/uploads\\\/2020\\\/08\\\/logo_main.png\",\"contentUrl\":\"https:\\\/\\\/easyoriginal.com\\\/wp-content\\\/uploads\\\/2020\\\/08\\\/logo_main.png\",\"width\":500,\"height\":103,\"caption\":\"EasyOriginal Verlag\"},\"image\":{\"@id\":\"https:\\\/\\\/easyoriginal.com\\\/#\\\/schema\\\/logo\\\/image\\\/\"}}]}<\/script>\n<!-- \/ Yoast SEO plugin. -->","yoast_head_json":{"title":"Le Sifflet Enchant\u00e9 \/ Die verzauberte Pfeife - EasyOriginal.com","robots":{"index":"index","follow":"follow","max-snippet":"max-snippet:-1","max-image-preview":"max-image-preview:large","max-video-preview":"max-video-preview:-1"},"canonical":"https:\/\/easyoriginal.com\/en\/shop\/franzoesisch-deutsch\/le-sifflet-enchante-die-verzauberte-pfeife\/","og_locale":"en_GB","og_type":"article","og_title":"Le Sifflet Enchant\u00e9 \/ Die verzauberte Pfeife - EasyOriginal.com","og_description":"Tauchen Sie ein in die zauberhafte Welt von \u201eLe Sifflet Enchant\u00e9\u201c. Diese faszinierende Geschichte erz\u00e4hlt von einem jungen Sch\u00e4fer, der sich mutig ungew\u00f6hnlichen Herausforderungen stellt, um das Herz einer wundersch\u00f6nen Prinzessin zu gewinnen. Mit Hilfe einer geheimnisvollen Pfeife und seiner unersch\u00fctterlichen Entschlossenheit erlebt er eine Reihe magischer Abenteuer und \u00fcberw\u00e4ltigender Pr\u00fcfungen.  Begleiten Sie ihn auf seiner Reise voller \u00dcberraschungen, Wunder und unerwarteter Wendungen. Diese m\u00e4rchenhafte Erz\u00e4hlung wird Sie von Anfang bis Ende fesseln und in eine Welt entf\u00fchren, in der alles m\u00f6glich ist. Ungek\u00fcrzter Originaltext. Zweisprachiges Buch Franz\u00f6sisch-Deutsch.","og_url":"https:\/\/easyoriginal.com\/en\/shop\/franzoesisch-deutsch\/le-sifflet-enchante-die-verzauberte-pfeife\/","og_site_name":"EasyOriginal.com","article_modified_time":"2024-07-27T14:29:00+00:00","og_image":[{"width":1600,"height":2400,"url":"https:\/\/easyoriginal.com\/wp-content\/uploads\/Dumas_Le_sifflet_enchate_printcover-1.jpg","type":"image\/jpeg"}],"twitter_card":"summary_large_image","twitter_misc":{"Estimated reading time":"2 minutes"},"schema":{"@context":"https:\/\/schema.org","@graph":[{"@type":"WebPage","@id":"https:\/\/easyoriginal.com\/shop\/franzoesisch-deutsch\/le-sifflet-enchante-die-verzauberte-pfeife\/","url":"https:\/\/easyoriginal.com\/shop\/franzoesisch-deutsch\/le-sifflet-enchante-die-verzauberte-pfeife\/","name":"Le Sifflet Enchant\u00e9 \/ Die verzauberte Pfeife - EasyOriginal.com","isPartOf":{"@id":"https:\/\/easyoriginal.com\/#website"},"primaryImageOfPage":{"@id":"https:\/\/easyoriginal.com\/shop\/franzoesisch-deutsch\/le-sifflet-enchante-die-verzauberte-pfeife\/#primaryimage"},"image":{"@id":"https:\/\/easyoriginal.com\/shop\/franzoesisch-deutsch\/le-sifflet-enchante-die-verzauberte-pfeife\/#primaryimage"},"thumbnailUrl":"https:\/\/easyoriginal.com\/wp-content\/uploads\/Dumas_Le_sifflet_enchate_printcover-1.jpg","datePublished":"2024-07-25T15:12:35+00:00","dateModified":"2024-07-27T14:29:00+00:00","breadcrumb":{"@id":"https:\/\/easyoriginal.com\/shop\/franzoesisch-deutsch\/le-sifflet-enchante-die-verzauberte-pfeife\/#breadcrumb"},"inLanguage":"en-GB","potentialAction":[{"@type":"ReadAction","target":["https:\/\/easyoriginal.com\/shop\/franzoesisch-deutsch\/le-sifflet-enchante-die-verzauberte-pfeife\/"]}]},{"@type":"ImageObject","inLanguage":"en-GB","@id":"https:\/\/easyoriginal.com\/shop\/franzoesisch-deutsch\/le-sifflet-enchante-die-verzauberte-pfeife\/#primaryimage","url":"https:\/\/easyoriginal.com\/wp-content\/uploads\/Dumas_Le_sifflet_enchate_printcover-1.jpg","contentUrl":"https:\/\/easyoriginal.com\/wp-content\/uploads\/Dumas_Le_sifflet_enchate_printcover-1.jpg","width":1600,"height":2400},{"@type":"BreadcrumbList","@id":"https:\/\/easyoriginal.com\/shop\/franzoesisch-deutsch\/le-sifflet-enchante-die-verzauberte-pfeife\/#breadcrumb","itemListElement":[{"@type":"ListItem","position":1,"name":"Startseite","item":"https:\/\/easyoriginal.com\/"},{"@type":"ListItem","position":2,"name":"Shop","item":"https:\/\/easyoriginal.com\/shop\/"},{"@type":"ListItem","position":3,"name":"Le Sifflet Enchant\u00e9 \/ Die verzauberte Pfeife"}]},{"@type":"WebSite","@id":"https:\/\/easyoriginal.com\/#website","url":"https:\/\/easyoriginal.com\/","name":"EasyOriginal.com","description":"Spa\u00df am Lesen im Original - Innovative Lesemethode f\u00fcr Fremdsprachen","publisher":{"@id":"https:\/\/easyoriginal.com\/#organization"},"potentialAction":[{"@type":"SearchAction","target":{"@type":"EntryPoint","urlTemplate":"https:\/\/easyoriginal.com\/?s={search_term_string}"},"query-input":{"@type":"PropertyValueSpecification","valueRequired":true,"valueName":"search_term_string"}}],"inLanguage":"en-GB"},{"@type":"Organization","@id":"https:\/\/easyoriginal.com\/#organization","name":"EasyOriginal Verlag","url":"https:\/\/easyoriginal.com\/","logo":{"@type":"ImageObject","inLanguage":"en-GB","@id":"https:\/\/easyoriginal.com\/#\/schema\/logo\/image\/","url":"https:\/\/easyoriginal.com\/wp-content\/uploads\/2020\/08\/logo_main.png","contentUrl":"https:\/\/easyoriginal.com\/wp-content\/uploads\/2020\/08\/logo_main.png","width":500,"height":103,"caption":"EasyOriginal Verlag"},"image":{"@id":"https:\/\/easyoriginal.com\/#\/schema\/logo\/image\/"}}]}},"_links":{"self":[{"href":"https:\/\/easyoriginal.com\/en\/wp-json\/wp\/v2\/product\/13811","targetHints":{"allow":["GET"]}}],"collection":[{"href":"https:\/\/easyoriginal.com\/en\/wp-json\/wp\/v2\/product"}],"about":[{"href":"https:\/\/easyoriginal.com\/en\/wp-json\/wp\/v2\/types\/product"}],"replies":[{"embeddable":true,"href":"https:\/\/easyoriginal.com\/en\/wp-json\/wp\/v2\/comments?post=13811"}],"wp:featuredmedia":[{"embeddable":true,"href":"https:\/\/easyoriginal.com\/en\/wp-json\/wp\/v2\/media\/13818"}],"wp:attachment":[{"href":"https:\/\/easyoriginal.com\/en\/wp-json\/wp\/v2\/media?parent=13811"}],"wp:term":[{"taxonomy":"product_brand","embeddable":true,"href":"https:\/\/easyoriginal.com\/en\/wp-json\/wp\/v2\/product_brand?post=13811"},{"taxonomy":"product_cat","embeddable":true,"href":"https:\/\/easyoriginal.com\/en\/wp-json\/wp\/v2\/product_cat?post=13811"},{"taxonomy":"product_tag","embeddable":true,"href":"https:\/\/easyoriginal.com\/en\/wp-json\/wp\/v2\/product_tag?post=13811"}],"curies":[{"name":"wp","href":"https:\/\/api.w.org\/{rel}","templated":true}]}}