{"id":13793,"date":"2024-07-25T16:52:48","date_gmt":"2024-07-25T14:52:48","guid":{"rendered":"https:\/\/easyoriginal.com\/?post_type=product&#038;p=13793"},"modified":"2024-07-27T15:10:45","modified_gmt":"2024-07-27T13:10:45","slug":"tobermory","status":"publish","type":"product","link":"https:\/\/easyoriginal.com\/en\/shop\/englisch-deutsch\/tobermory\/","title":{"rendered":"Tobermory"},"content":{"rendered":"<div class=\"adapted-container\">\n<p class=\"Adapted\" lang=\"de-DE\"><span class=\"Bold\">It was a chill, rain-washed afternoon of a late August day <\/span><span class=\"Translation CharOverride-1\">(Es war ein k\u00fchler, regengewaschener Nachmittag eines sp\u00e4ten Augusttages)<\/span><span class=\"Bold\">, that indefinite season <\/span><span class=\"Translation CharOverride-1\">(diese unbestimmte Jahreszei<\/span><span class=\"Translation\"><span class=\"No-Break CharOverride-1\">t;<\/span><\/span><span class=\"Translation CharOverride-1\"> <\/span><span class=\"Translation\"><span class=\"Bold-Italic CharOverride-1\">indefinite<\/span><\/span><span class=\"Translation\"><span class=\"No-Break\"><span class=\"Italic CharOverride-1\"> \u2014<\/span><\/span><\/span><span class=\"Translation\"><span class=\"Italic CharOverride-1\"> unbegrenzt, unbestimmt<\/span><\/span><span class=\"Translation CharOverride-1\">)<\/span><span class=\"CharOverride-1\"> <\/span><span class=\"Bold\">when partridges are still in security or cold storage <\/span><span class=\"Translation CharOverride-1\">(in der Rebh\u00fchner noch in Sicherheit oder im K\u00fchlraum sind)<\/span><span class=\"Bold\">, and there is nothing to hunt <\/span><span class=\"Translation CharOverride-1\">(und wo es nichts zu jagen gibt)<\/span><span class=\"No-Break\"><span class=\"Bold\"> \u2014<\/span><\/span><span class=\"Bold\"> unless one is bounded on the north by the Bristol Channel <\/span><span class=\"Translation CharOverride-1\">(es sei denn man ist im Norden begrenzt durch den Bristol Kana<\/span><span class=\"Translation\"><span class=\"No-Break CharOverride-1\">l;<\/span><\/span><span class=\"Translation CharOverride-1\"> <\/span><span class=\"Translation\"><span class=\"Bold-Italic CharOverride-1\">to bound<\/span><\/span><span class=\"Translation\"><span class=\"No-Break\"><span class=\"Italic CharOverride-1\"> \u2014<\/span><\/span><\/span><span class=\"Translation\"><span class=\"Italic CharOverride-1\"> springen, h\u00fcpfen, begrenze<\/span><\/span><span class=\"Translation\"><span class=\"No-Break\"><span class=\"Italic CharOverride-1\">n;<\/span><\/span><\/span><span class=\"Translation\"><span class=\"Italic CharOverride-1\"> <\/span><\/span><span class=\"Translation\"><span class=\"Bold-Italic CharOverride-1\">bound<\/span><\/span><span class=\"Translation\"><span class=\"No-Break\"><span class=\"Italic CharOverride-1\"> \u2014<\/span><\/span><\/span><span class=\"Translation\"><span class=\"Italic CharOverride-1\"> Grenze, Sprung<\/span><\/span><span class=\"Translation CharOverride-1\">)<\/span><span class=\"Bold\">, in which case one may lawfully gallop after fat red stags <\/span><span class=\"Translation CharOverride-1\">(in welchem Fall man rechtm\u00e4\u00dfig hinter fetten Rothirschen nachgallopieren kan<\/span><span class=\"Translation\"><span class=\"No-Break CharOverride-1\">n;<\/span><\/span><span class=\"Translation CharOverride-1\"> <\/span><span class=\"Translation\"><span class=\"Bold-Italic CharOverride-1\">law<\/span><\/span><span class=\"Translation\"><span class=\"No-Break\"><span class=\"Italic CharOverride-1\"> \u2014<\/span><\/span><\/span><span class=\"Translation\"><span class=\"Italic CharOverride-1\"> Gesetz, Recht<\/span><\/span><span class=\"Translation CharOverride-1\">)<\/span><span class=\"Bold\">.<\/span><\/p>\n<\/div>\n<audio class=\"wp-audio-shortcode\" id=\"audio-13793-1\" preload=\"none\" style=\"width: 100%;\" controls=\"controls\"><source type=\"audio\/mpeg\" src=\"https:\/\/easyoriginal1.s3.eu-central-1.amazonaws.com\/englisch\/e65\/01.mp3?_=1\" \/><a href=\"https:\/\/easyoriginal1.s3.eu-central-1.amazonaws.com\/englisch\/e65\/01.mp3\">https:\/\/easyoriginal1.s3.eu-central-1.amazonaws.com\/englisch\/e65\/01.mp3<\/a><\/audio>\n<div class=\"original-container\">\n<p class=\"Original\" lang=\"en-GB\">It was a chill, rain-washed afternoon of a late August day, that indefinite season when partridges are still in security or cold storage, and there is nothing to hunt \u2014 unless one is bounded on the north by the Bristol Channel, in which case one may lawfully gallop after fat red stags.<\/p>\n<\/div>","protected":false},"excerpt":{"rendered":"<p>Stellen Sie sich vor, Sie sind auf einer eleganten Landpartie, umgeben von der britischen Oberschicht, als pl\u00f6tzlich die schockierende Wahrheit enth\u00fcllt wird: Eine Katze kann sprechen! In &#8222;Tobermory&#8220; von Saki entfaltet sich eine k\u00f6stlich satirische Erz\u00e4hlung \u00fcber menschliche Schw\u00e4chen und gesellschaftliche Heuchelei. Die adlige Gesellschaft, die sich in Lady Blemley&#8217;s Anwesen versammelt hat, wird von der sprechenden Katze Tobermory in Schrecken versetzt, als sie beginnt, intime und peinliche Geheimnisse preiszugeben. Sakis scharfsinniger Humor und seine meisterhafte Erz\u00e4hlkunst machen diese Kurzgeschichte zu einem wahren Genuss. Entdecken Sie die Welt der Edwardianischen Gesellschaft durch die witzigen und bissigen Augen von Tobermory. Ein Lesevergn\u00fcgen, das Sie nicht verpassen sollten!<\/p>\n<p>Lassen Sie sich in die skurrile Welt von Saki entf\u00fchren und erfahren Sie, warum &#8222;Tobermory&#8220; als ein Meisterwerk der Kurzgeschichte gilt. Perfekt f\u00fcr alle, die intelligente und unterhaltsame Literatur sch\u00e4tzen.<\/p>\n<p>Ungek\u00fcrzter Originaltext. Zweisprachiges Buch Englisch-Deutsch.<\/p>","protected":false},"featured_media":13800,"comment_status":"open","ping_status":"closed","template":"","meta":{"_acf_changed":false,"_et_pb_use_builder":"off","_et_pb_old_content":"<div class=\"adapted-container\">\r\n<p class=\"Adapted\"><span class=\"Bold\">\u201cYou are not really dying, are <\/span><span class=\"Bold\">you?<\/span> <span class=\"Translation\">(du stirbst nicht wirklich, oder?; <\/span><span class=\"Translation\"><span class=\"Comment-Words\">You are not\u2026are you?<\/span><\/span><span class=\"Translation\"><span class=\"Comments\"> \u2013 Verst\u00e4rkung der Frage, Nachdruck<\/span><\/span><span class=\"Translation\">)<\/span><span class=\"Bold\">\u201d asked Amanda <\/span><span class=\"Translation\">(fragte <\/span><span class=\"Translation\">Amanda)<\/span><span class=\"Bold\">.<\/span><\/p>\r\n<p class=\"Adapted\"><span class=\"Bold\">\u201cI have the doctor\u2019s permission to live till Tuesday <\/span><span class=\"Translation\">(ich habe die Erlaubnis des Arztes bis <\/span><span class=\"Translation\">Dienstag zu leben; <\/span><span class=\"Translation\"><span class=\"Comments\">permission <\/span><\/span><span class=\"Translation\"><span class=\"Transcription\">[p\u0259\u2018m\u026a\u0283(\u0259)<\/span><\/span><span class=\"Transcription\">n]<\/span><span class=\"Translation\">)<\/span><span class=\"Bold\">,\u201d said Laura<\/span> <span class=\"Translation\">(sagte <\/span><span class=\"Translation\">Laura)<\/span><span class=\"Bold\">.<\/span><\/p>\r\n<p class=\"Adapted\"><span class=\"Bold\">\u201cBut to\u2013day is Saturday; this is serious!<\/span> <span class=\"Translation\">(aber heute ist Samstag; das ist ernst; <\/span><span class=\"Translation\"><span class=\"Comments\">serious <\/span><\/span><span class=\"Translation\"><span class=\"Transcription\">[\u201as\u026a\u0259r\u026a\u0259s]<\/span><\/span><span class=\"Translation\">)<\/span><span class=\"Bold\">\u201d gasped Amanda<\/span> <span class=\"Translation\">(keuchte Amanda; <\/span><span class=\"Translation\"><span class=\"Comments\">gasp <\/span><\/span><span class=\"Translation\"><span class=\"Transcription\">[g\u0251:sp]<\/span><\/span><span class=\"Translation\">)<\/span><span class=\"Comment-Words\">.<\/span><\/p>\r\n<p class=\"Adapted\"><span class=\"Bold\">\u201cI don\u2019t know about it being serious<\/span> <span class=\"Translation\">(ich<\/span><span class=\"Translation\"> wei\u00df nicht, ob es ernst ist; <\/span><span class=\"Translation\"><span class=\"Comments\">serious <\/span><\/span><span class=\"Translation\"><span class=\"Transcription\">[\u201as\u026a\u0259r\u026a\u0259s]<\/span><\/span><span class=\"Translation\">)<\/span><span class=\"Bold\">; it is certainly Saturday<\/span> <span class=\"Translation\">(es ist<\/span><span class=\"Translation\"> sicherlich Samstag; <\/span><span class=\"Translation\"><span class=\"Comment-Words\">certainly<\/span><\/span> <span class=\"Translation\"><span class=\"Transcription\">[\u201as\u025c:t(\u0259)<\/span><\/span><span class=\"Transcription\">nl\u026a]<\/span> <span class=\"Comments\">\u2014 allerdings, nat\u00fcrlich, sicherlich; certain \u2014 bestimmt<\/span><span class=\"Comments\">, gewiss, sicher<\/span><span class=\"Translation\">)<\/span><span class=\"Bold\">,\u201d said Laura.<\/span><\/p>\r\n<p class=\"Adapted\"><span class=\"Bold\">\u201cDeath is always serious<\/span> <span class=\"Translation\">(Tod ist immer ernst; <\/span><span class=\"Translation\"><span class=\"Comments\">death <\/span><\/span><span class=\"Translation\"><span class=\"Transcription\">[de\u03b8]<\/span><\/span><span class=\"Translation\">)<\/span><span class=\"Bold\">,\u201d said Amanda.<\/span><\/p>\r\n\r\n<\/div>\r\n[audio mp3=\"https:\/\/easyoriginal1.s3.eu-central-1.amazonaws.com\/englisch\/saki\/laura\/01.mp3\"][\/audio]\r\n<div class=\"original-container\">\r\n<p class=\"Original\">\u201cYou are not really dying, are you?\u201d asked Amanda.<\/p>\r\n<p class=\"Original\">\u201cI have the doctor\u2019s permission to live till Tuesday,\u201d said Laura.<\/p>\r\n<p class=\"Original\">\u201cBut to\u2013day is Saturday; this is serious!\u201d gasped Amanda.<\/p>\r\n<p class=\"Original\">\u201cI don\u2019t know about it being serious; it is certainly Saturday,\u201d said Laura.<\/p>\r\n<p class=\"Original\">\u201cDeath is always serious,\u201d said Amanda.<\/p>\r\n\r\n<\/div>\r\n<a class=\"weiter\" href=\"\/webreader\/laura\/fragment\/2\/\">weiter lesen<\/a>","_et_gb_content_width":""},"product_brand":[],"product_cat":[42],"product_tag":[72,70,71],"class_list":{"0":"post-13793","1":"product","2":"type-product","3":"status-publish","4":"has-post-thumbnail","6":"product_cat-englisch-deutsch","7":"product_tag-britisch","8":"product_tag-humorvoll","9":"product_tag-kurzgeschichte","11":"first","12":"instock","13":"taxable","14":"shipping-taxable","15":"purchasable","16":"product-type-variable"},"acf":[],"yoast_head":"<!-- This site is optimized with the Yoast SEO plugin v27.3 - https:\/\/yoast.com\/product\/yoast-seo-wordpress\/ -->\n<title>Tobermory - EasyOriginal.com<\/title>\n<meta name=\"robots\" content=\"index, follow, max-snippet:-1, max-image-preview:large, max-video-preview:-1\" \/>\n<link rel=\"canonical\" href=\"https:\/\/easyoriginal.com\/en\/shop\/englisch-deutsch\/tobermory\/\" \/>\n<meta property=\"og:locale\" content=\"en_GB\" \/>\n<meta property=\"og:type\" content=\"article\" \/>\n<meta property=\"og:title\" content=\"Tobermory - EasyOriginal.com\" \/>\n<meta property=\"og:description\" content=\"Stellen Sie sich vor, Sie sind auf einer eleganten Landpartie, umgeben von der britischen Oberschicht, als pl\u00f6tzlich die schockierende Wahrheit enth\u00fcllt wird: Eine Katze kann sprechen! In &quot;Tobermory&quot; von Saki entfaltet sich eine k\u00f6stlich satirische Erz\u00e4hlung \u00fcber menschliche Schw\u00e4chen und gesellschaftliche Heuchelei. Die adlige Gesellschaft, die sich in Lady Blemley&#039;s Anwesen versammelt hat, wird von der sprechenden Katze Tobermory in Schrecken versetzt, als sie beginnt, intime und peinliche Geheimnisse preiszugeben. Sakis scharfsinniger Humor und seine meisterhafte Erz\u00e4hlkunst machen diese Kurzgeschichte zu einem wahren Genuss. Entdecken Sie die Welt der Edwardianischen Gesellschaft durch die witzigen und bissigen Augen von Tobermory. Ein Lesevergn\u00fcgen, das Sie nicht verpassen sollten!  Lassen Sie sich in die skurrile Welt von Saki entf\u00fchren und erfahren Sie, warum &quot;Tobermory&quot; als ein Meisterwerk der Kurzgeschichte gilt. Perfekt f\u00fcr alle, die intelligente und unterhaltsame Literatur sch\u00e4tzen.  Ungek\u00fcrzter Originaltext. Zweisprachiges Buch Englisch-Deutsch.\" \/>\n<meta property=\"og:url\" content=\"https:\/\/easyoriginal.com\/en\/shop\/englisch-deutsch\/tobermory\/\" \/>\n<meta property=\"og:site_name\" content=\"EasyOriginal.com\" \/>\n<meta property=\"article:modified_time\" content=\"2024-07-27T13:10:45+00:00\" \/>\n<meta property=\"og:image\" content=\"https:\/\/easyoriginal.com\/wp-content\/uploads\/saki_tobermory_printcover-1.jpg\" \/>\n\t<meta property=\"og:image:width\" content=\"1600\" \/>\n\t<meta property=\"og:image:height\" content=\"2400\" \/>\n\t<meta property=\"og:image:type\" content=\"image\/jpeg\" \/>\n<meta name=\"twitter:card\" content=\"summary_large_image\" \/>\n<meta name=\"twitter:label1\" content=\"Estimated reading time\" \/>\n\t<meta name=\"twitter:data1\" content=\"2 minutes\" \/>\n<script type=\"application\/ld+json\" class=\"yoast-schema-graph\">{\"@context\":\"https:\\\/\\\/schema.org\",\"@graph\":[{\"@type\":\"WebPage\",\"@id\":\"https:\\\/\\\/easyoriginal.com\\\/shop\\\/englisch-deutsch\\\/tobermory\\\/\",\"url\":\"https:\\\/\\\/easyoriginal.com\\\/shop\\\/englisch-deutsch\\\/tobermory\\\/\",\"name\":\"Tobermory - EasyOriginal.com\",\"isPartOf\":{\"@id\":\"https:\\\/\\\/easyoriginal.com\\\/#website\"},\"primaryImageOfPage\":{\"@id\":\"https:\\\/\\\/easyoriginal.com\\\/shop\\\/englisch-deutsch\\\/tobermory\\\/#primaryimage\"},\"image\":{\"@id\":\"https:\\\/\\\/easyoriginal.com\\\/shop\\\/englisch-deutsch\\\/tobermory\\\/#primaryimage\"},\"thumbnailUrl\":\"https:\\\/\\\/easyoriginal.com\\\/wp-content\\\/uploads\\\/saki_tobermory_printcover-1.jpg\",\"datePublished\":\"2024-07-25T14:52:48+00:00\",\"dateModified\":\"2024-07-27T13:10:45+00:00\",\"breadcrumb\":{\"@id\":\"https:\\\/\\\/easyoriginal.com\\\/shop\\\/englisch-deutsch\\\/tobermory\\\/#breadcrumb\"},\"inLanguage\":\"en-GB\",\"potentialAction\":[{\"@type\":\"ReadAction\",\"target\":[\"https:\\\/\\\/easyoriginal.com\\\/shop\\\/englisch-deutsch\\\/tobermory\\\/\"]}]},{\"@type\":\"ImageObject\",\"inLanguage\":\"en-GB\",\"@id\":\"https:\\\/\\\/easyoriginal.com\\\/shop\\\/englisch-deutsch\\\/tobermory\\\/#primaryimage\",\"url\":\"https:\\\/\\\/easyoriginal.com\\\/wp-content\\\/uploads\\\/saki_tobermory_printcover-1.jpg\",\"contentUrl\":\"https:\\\/\\\/easyoriginal.com\\\/wp-content\\\/uploads\\\/saki_tobermory_printcover-1.jpg\",\"width\":1600,\"height\":2400},{\"@type\":\"BreadcrumbList\",\"@id\":\"https:\\\/\\\/easyoriginal.com\\\/shop\\\/englisch-deutsch\\\/tobermory\\\/#breadcrumb\",\"itemListElement\":[{\"@type\":\"ListItem\",\"position\":1,\"name\":\"Startseite\",\"item\":\"https:\\\/\\\/easyoriginal.com\\\/\"},{\"@type\":\"ListItem\",\"position\":2,\"name\":\"Shop\",\"item\":\"https:\\\/\\\/easyoriginal.com\\\/shop\\\/\"},{\"@type\":\"ListItem\",\"position\":3,\"name\":\"Tobermory\"}]},{\"@type\":\"WebSite\",\"@id\":\"https:\\\/\\\/easyoriginal.com\\\/#website\",\"url\":\"https:\\\/\\\/easyoriginal.com\\\/\",\"name\":\"EasyOriginal.com\",\"description\":\"Spa\u00df am Lesen im Original - Innovative Lesemethode f\u00fcr Fremdsprachen\",\"publisher\":{\"@id\":\"https:\\\/\\\/easyoriginal.com\\\/#organization\"},\"potentialAction\":[{\"@type\":\"SearchAction\",\"target\":{\"@type\":\"EntryPoint\",\"urlTemplate\":\"https:\\\/\\\/easyoriginal.com\\\/?s={search_term_string}\"},\"query-input\":{\"@type\":\"PropertyValueSpecification\",\"valueRequired\":true,\"valueName\":\"search_term_string\"}}],\"inLanguage\":\"en-GB\"},{\"@type\":\"Organization\",\"@id\":\"https:\\\/\\\/easyoriginal.com\\\/#organization\",\"name\":\"EasyOriginal Verlag\",\"url\":\"https:\\\/\\\/easyoriginal.com\\\/\",\"logo\":{\"@type\":\"ImageObject\",\"inLanguage\":\"en-GB\",\"@id\":\"https:\\\/\\\/easyoriginal.com\\\/#\\\/schema\\\/logo\\\/image\\\/\",\"url\":\"https:\\\/\\\/easyoriginal.com\\\/wp-content\\\/uploads\\\/2020\\\/08\\\/logo_main.png\",\"contentUrl\":\"https:\\\/\\\/easyoriginal.com\\\/wp-content\\\/uploads\\\/2020\\\/08\\\/logo_main.png\",\"width\":500,\"height\":103,\"caption\":\"EasyOriginal Verlag\"},\"image\":{\"@id\":\"https:\\\/\\\/easyoriginal.com\\\/#\\\/schema\\\/logo\\\/image\\\/\"}}]}<\/script>\n<!-- \/ Yoast SEO plugin. -->","yoast_head_json":{"title":"Tobermory - EasyOriginal.com","robots":{"index":"index","follow":"follow","max-snippet":"max-snippet:-1","max-image-preview":"max-image-preview:large","max-video-preview":"max-video-preview:-1"},"canonical":"https:\/\/easyoriginal.com\/en\/shop\/englisch-deutsch\/tobermory\/","og_locale":"en_GB","og_type":"article","og_title":"Tobermory - EasyOriginal.com","og_description":"Stellen Sie sich vor, Sie sind auf einer eleganten Landpartie, umgeben von der britischen Oberschicht, als pl\u00f6tzlich die schockierende Wahrheit enth\u00fcllt wird: Eine Katze kann sprechen! In \"Tobermory\" von Saki entfaltet sich eine k\u00f6stlich satirische Erz\u00e4hlung \u00fcber menschliche Schw\u00e4chen und gesellschaftliche Heuchelei. Die adlige Gesellschaft, die sich in Lady Blemley's Anwesen versammelt hat, wird von der sprechenden Katze Tobermory in Schrecken versetzt, als sie beginnt, intime und peinliche Geheimnisse preiszugeben. Sakis scharfsinniger Humor und seine meisterhafte Erz\u00e4hlkunst machen diese Kurzgeschichte zu einem wahren Genuss. Entdecken Sie die Welt der Edwardianischen Gesellschaft durch die witzigen und bissigen Augen von Tobermory. Ein Lesevergn\u00fcgen, das Sie nicht verpassen sollten!  Lassen Sie sich in die skurrile Welt von Saki entf\u00fchren und erfahren Sie, warum \"Tobermory\" als ein Meisterwerk der Kurzgeschichte gilt. Perfekt f\u00fcr alle, die intelligente und unterhaltsame Literatur sch\u00e4tzen.  Ungek\u00fcrzter Originaltext. Zweisprachiges Buch Englisch-Deutsch.","og_url":"https:\/\/easyoriginal.com\/en\/shop\/englisch-deutsch\/tobermory\/","og_site_name":"EasyOriginal.com","article_modified_time":"2024-07-27T13:10:45+00:00","og_image":[{"width":1600,"height":2400,"url":"https:\/\/easyoriginal.com\/wp-content\/uploads\/saki_tobermory_printcover-1.jpg","type":"image\/jpeg"}],"twitter_card":"summary_large_image","twitter_misc":{"Estimated reading time":"2 minutes"},"schema":{"@context":"https:\/\/schema.org","@graph":[{"@type":"WebPage","@id":"https:\/\/easyoriginal.com\/shop\/englisch-deutsch\/tobermory\/","url":"https:\/\/easyoriginal.com\/shop\/englisch-deutsch\/tobermory\/","name":"Tobermory - EasyOriginal.com","isPartOf":{"@id":"https:\/\/easyoriginal.com\/#website"},"primaryImageOfPage":{"@id":"https:\/\/easyoriginal.com\/shop\/englisch-deutsch\/tobermory\/#primaryimage"},"image":{"@id":"https:\/\/easyoriginal.com\/shop\/englisch-deutsch\/tobermory\/#primaryimage"},"thumbnailUrl":"https:\/\/easyoriginal.com\/wp-content\/uploads\/saki_tobermory_printcover-1.jpg","datePublished":"2024-07-25T14:52:48+00:00","dateModified":"2024-07-27T13:10:45+00:00","breadcrumb":{"@id":"https:\/\/easyoriginal.com\/shop\/englisch-deutsch\/tobermory\/#breadcrumb"},"inLanguage":"en-GB","potentialAction":[{"@type":"ReadAction","target":["https:\/\/easyoriginal.com\/shop\/englisch-deutsch\/tobermory\/"]}]},{"@type":"ImageObject","inLanguage":"en-GB","@id":"https:\/\/easyoriginal.com\/shop\/englisch-deutsch\/tobermory\/#primaryimage","url":"https:\/\/easyoriginal.com\/wp-content\/uploads\/saki_tobermory_printcover-1.jpg","contentUrl":"https:\/\/easyoriginal.com\/wp-content\/uploads\/saki_tobermory_printcover-1.jpg","width":1600,"height":2400},{"@type":"BreadcrumbList","@id":"https:\/\/easyoriginal.com\/shop\/englisch-deutsch\/tobermory\/#breadcrumb","itemListElement":[{"@type":"ListItem","position":1,"name":"Startseite","item":"https:\/\/easyoriginal.com\/"},{"@type":"ListItem","position":2,"name":"Shop","item":"https:\/\/easyoriginal.com\/shop\/"},{"@type":"ListItem","position":3,"name":"Tobermory"}]},{"@type":"WebSite","@id":"https:\/\/easyoriginal.com\/#website","url":"https:\/\/easyoriginal.com\/","name":"EasyOriginal.com","description":"Spa\u00df am Lesen im Original - Innovative Lesemethode f\u00fcr Fremdsprachen","publisher":{"@id":"https:\/\/easyoriginal.com\/#organization"},"potentialAction":[{"@type":"SearchAction","target":{"@type":"EntryPoint","urlTemplate":"https:\/\/easyoriginal.com\/?s={search_term_string}"},"query-input":{"@type":"PropertyValueSpecification","valueRequired":true,"valueName":"search_term_string"}}],"inLanguage":"en-GB"},{"@type":"Organization","@id":"https:\/\/easyoriginal.com\/#organization","name":"EasyOriginal Verlag","url":"https:\/\/easyoriginal.com\/","logo":{"@type":"ImageObject","inLanguage":"en-GB","@id":"https:\/\/easyoriginal.com\/#\/schema\/logo\/image\/","url":"https:\/\/easyoriginal.com\/wp-content\/uploads\/2020\/08\/logo_main.png","contentUrl":"https:\/\/easyoriginal.com\/wp-content\/uploads\/2020\/08\/logo_main.png","width":500,"height":103,"caption":"EasyOriginal Verlag"},"image":{"@id":"https:\/\/easyoriginal.com\/#\/schema\/logo\/image\/"}}]}},"_links":{"self":[{"href":"https:\/\/easyoriginal.com\/en\/wp-json\/wp\/v2\/product\/13793","targetHints":{"allow":["GET"]}}],"collection":[{"href":"https:\/\/easyoriginal.com\/en\/wp-json\/wp\/v2\/product"}],"about":[{"href":"https:\/\/easyoriginal.com\/en\/wp-json\/wp\/v2\/types\/product"}],"replies":[{"embeddable":true,"href":"https:\/\/easyoriginal.com\/en\/wp-json\/wp\/v2\/comments?post=13793"}],"wp:featuredmedia":[{"embeddable":true,"href":"https:\/\/easyoriginal.com\/en\/wp-json\/wp\/v2\/media\/13800"}],"wp:attachment":[{"href":"https:\/\/easyoriginal.com\/en\/wp-json\/wp\/v2\/media?parent=13793"}],"wp:term":[{"taxonomy":"product_brand","embeddable":true,"href":"https:\/\/easyoriginal.com\/en\/wp-json\/wp\/v2\/product_brand?post=13793"},{"taxonomy":"product_cat","embeddable":true,"href":"https:\/\/easyoriginal.com\/en\/wp-json\/wp\/v2\/product_cat?post=13793"},{"taxonomy":"product_tag","embeddable":true,"href":"https:\/\/easyoriginal.com\/en\/wp-json\/wp\/v2\/product_tag?post=13793"}],"curies":[{"name":"wp","href":"https:\/\/api.w.org\/{rel}","templated":true}]}}