{"id":13567,"date":"2024-06-15T15:53:30","date_gmt":"2024-06-15T13:53:30","guid":{"rendered":"https:\/\/easyoriginal.com\/?post_type=product&#038;p=13567"},"modified":"2026-01-06T16:21:07","modified_gmt":"2026-01-06T15:21:07","slug":"el-pajaro-de-la-verdad-der-vogel-der-wahrheit","status":"publish","type":"product","link":"https:\/\/easyoriginal.com\/en\/shop\/spanisch-deutsch\/el-pajaro-de-la-verdad-der-vogel-der-wahrheit\/","title":{"rendered":"El p\u00e1jaro de la verdad \/ Der Vogel der Wahrheit"},"content":{"rendered":"<div class=\"adapted-container\">\n<p class=\"Adapted\"><span lang=\"ar-SA\">\u00c9rase vez y vez un pescador muy pobre <\/span><span class=\"Translation CharOverride-1\">(es war einmal ein sehr armer Fischer)<\/span><span class=\"Bold\">, que viv\u00eda en una chocita en la orilla de un r\u00edo <\/span><span class=\"Translation CharOverride-1\">(der in einer kleinen H\u00fctte am Ufer eines Flusses lebt<\/span><span class=\"Translation\"><span class=\"No-Break CharOverride-1\">e;<\/span><\/span><span class=\"Translation\"><span class=\"Italic CharOverride-1\"> vivi<\/span><\/span><span class=\"Translation\"><span class=\"No-Break\"><span class=\"Italic CharOverride-1\">r;<\/span><\/span><\/span><span class=\"Translation\"><span class=\"Italic CharOverride-1\"> <\/span><\/span><span class=\"Translation\"><span class=\"Bold-Italic CharOverride-1\">choza<\/span><\/span><span class=\"Translation\"><span class=\"Sub CharOverride-2\">f<\/span><\/span><span class=\"Translation\"><span class=\"No-Break\"><span class=\"Italic CharOverride-1\"> \u2014<\/span><\/span><\/span><span class=\"Translation\"><span class=\"Italic CharOverride-1\"> H\u00fctte<\/span><\/span><span class=\"Translation CharOverride-1\">)<\/span><span class=\"Bold\">, muy claro, muy manso <\/span><span class=\"Translation CharOverride-1\">(sehr klar, sehr sanft <\/span><span class=\"Translation\"><span class=\"No-Break CharOverride-1\">\/f<\/span><\/span><span class=\"Translation CharOverride-1\">lie\u00dfend<\/span><span class=\"Translation\"><span class=\"No-Break CharOverride-1\">\/)<\/span><\/span><span class=\"Bold\">, aunque profundo <\/span><span class=\"Translation CharOverride-1\">(obwohl tief)<\/span><span class=\"Bold\">, el que huyendo del sol y la bulla <\/span><span class=\"Translation CharOverride-1\">(der vor der Sonne und dem L\u00e4rm fliehen<\/span><span class=\"Translation\"><span class=\"No-Break CharOverride-1\">d;<\/span><\/span><span class=\"Translation\"><span class=\"Italic CharOverride-1\"> <\/span><\/span><span class=\"Translation\"><span class=\"Bold-Italic CharOverride-1\">huir<\/span><\/span><span class=\"Translation\"><span class=\"No-Break\"><span class=\"Italic CharOverride-1\"> \u2014<\/span><\/span><\/span><span class=\"Translation\"><span class=\"Italic CharOverride-1\"> fliehe<\/span><\/span><span class=\"Translation\"><span class=\"No-Break\"><span class=\"Italic CharOverride-1\">n;<\/span><\/span><\/span><span class=\"Translation\"><span class=\"Italic CharOverride-1\"> <\/span><\/span><span class=\"Translation\"><span class=\"Bold-Italic CharOverride-1\">bulla<\/span><\/span><span class=\"Translation\"><span class=\"Sub CharOverride-2\">f<\/span><\/span><span class=\"Translation\"><span class=\"No-Break\"><span class=\"Italic CharOverride-1\"> \u2014<\/span><\/span><\/span><span class=\"Translation\"><span class=\"Italic CharOverride-1\"> L\u00e4rm, Krach<\/span><\/span><span class=\"Translation CharOverride-1\">)<\/span><span class=\"Bold\">, se entraba por entre \u00e1rboles, zarzas y ca\u00f1averales <\/span><span class=\"Translation CharOverride-1\">(zwischen B\u00e4ume, Brombeerstr\u00e4ucher und Schilfrohr hineingin<\/span><span class=\"Translation\"><span class=\"No-Break CharOverride-1\">g;<\/span><\/span><span class=\"Translation\"><span class=\"Italic CharOverride-1\"> <\/span><\/span><span class=\"Translation\"><span class=\"Bold-Italic CharOverride-1\">entrar<\/span><\/span><span class=\"Translation\"><span class=\"No-Break\"><span class=\"Italic CharOverride-1\"> \u2014<\/span><\/span><\/span><span class=\"Translation\"><span class=\"Italic CharOverride-1\"> hineingehen, betrete<\/span><\/span><span class=\"Translation\"><span class=\"No-Break\"><span class=\"Italic CharOverride-1\">n;<\/span><\/span><\/span><span class=\"Translation\"><span class=\"Italic CharOverride-1\"> <\/span><\/span><span class=\"Translation\"><span class=\"Bold-Italic CharOverride-1\">ca\u00f1a<\/span><\/span><span class=\"Translation\"><span class=\"Sub CharOverride-2\">f<\/span><\/span><span class=\"Translation\"><span class=\"No-Break\"><span class=\"Italic CharOverride-1\"> \u2014<\/span><\/span><\/span><span class=\"Translation\"><span class=\"Italic CharOverride-1\"> Rohr, Schil<\/span><\/span><span class=\"Translation\"><span class=\"No-Break\"><span class=\"Italic CharOverride-1\">f;<\/span><\/span><\/span><span class=\"Translation\"><span class=\"Italic CharOverride-1\"> <\/span><\/span><span class=\"Translation\"><span class=\"Bold-Italic CharOverride-1\">ca\u00f1averal<\/span><\/span><span class=\"Translation\"><span class=\"Sub CharOverride-2\">m<\/span><\/span><span class=\"Translation\"><span class=\"No-Break\"><span class=\"Italic CharOverride-1\"> \u2014<\/span><\/span><\/span><span class=\"Translation\"><span class=\"Italic CharOverride-1\"> R\u00f6hricht, Schilfrohr<\/span><\/span><span class=\"Translation CharOverride-1\">)<\/span><span class=\"Bold\"> a escuchar a los pajaritos <\/span><span class=\"Translation CharOverride-1\">(um den V\u00f6gelchen zuzuh\u00f6ren)<\/span><span class=\"CharOverride-1\"> <\/span><span class=\"Bold\">que le alegraban con sus cantos <\/span><span class=\"Translation CharOverride-1\">(die ihn mit ihrem Gesang erfreuten)<\/span><span class=\"Bold\">.<\/span><\/p>\n<\/div>\n<audio class=\"wp-audio-shortcode\" id=\"audio-13567-1\" preload=\"none\" style=\"width: 100%;\" controls=\"controls\"><source type=\"audio\/mpeg\" src=\"https:\/\/easyoriginal1.s3.eu-central-1.amazonaws.com\/spanisch\/s18\/1.mp3?_=1\" \/><a href=\"https:\/\/easyoriginal1.s3.eu-central-1.amazonaws.com\/spanisch\/s18\/1.mp3\">https:\/\/easyoriginal1.s3.eu-central-1.amazonaws.com\/spanisch\/s18\/1.mp3<\/a><\/audio>\n<div class=\"original-container\">\n<p class=\"Original\" lang=\"es-ES\">\u00c9rase vez y vez un pescador muy pobre, que viv\u00eda en una chocita en la orilla de un r\u00edo, muy claro, muy manso, aunque profundo, el que huyendo del sol y la bulla, se entraba por entre \u00e1rboles, zarzas y ca\u00f1averales a escuchar a los pajaritos que le alegraban con sus cantos.<\/p>\n<\/div>","protected":false},"excerpt":{"rendered":"<p>Erleben Sie die magische Reise eines mutigen Jungen, der sich auf die Suche nach dem geheimnisvollen \u201eP\u00e1jaro de la Verdad\u201c begibt. In dieser bezaubernden Geschichte begegnet er wunderlichen Kreaturen, \u00fcberwindet zahlreiche Hindernisse und entdeckt die Kraft der Wahrheit und des Mutes. Der Weg f\u00fchrt ihn zu einem d\u00fcsteren Schloss, durch gef\u00e4hrliche Abenteuer und schlie\u00dflich in den Palast des K\u00f6nigs, wo das wahre Geheimnis gel\u00fcftet wird.<\/p>\n<p>Diese packende Erz\u00e4hlung voller Weisheit und Moral zeigt, dass der Glaube an das Gute und die Wahrheit jede Herausforderung meistern kann. &#8222;El p\u00e1jaro de la verdad&#8220; von Fern\u00e1n Caballero ist ein zeitloses M\u00e4rchen, das Leser aller Altersgruppen in seinen Bann ziehen wird.<br \/>\nUngek\u00fcrzter Originaltext. Zweisprachiges Buch Spanisch-Deutsch.<\/p>","protected":false},"featured_media":13574,"comment_status":"open","ping_status":"closed","template":"","meta":{"_acf_changed":false,"_et_pb_use_builder":"off","_et_pb_old_content":"<div class=\"adapted-container\">\r\n<p class=\"Adapted\"><span class=\"Bold\">Hace mucho tiempo que ten\u00eda ganas de escribir <\/span><span class=\"Translation\">(seit langer Zeit hatte ich Lust zu schreiben; <\/span><span class=\"Translation\"><span class=\"Comment-Words\">tener<\/span><\/span><span class=\"Translation\"><span class=\"Comments\"> \u2014 haben<\/span><\/span><span class=\"Translation\">)<\/span><span class=\"Bold\"> cualquier cosa con este t\u00edtulo <\/span><span class=\"Translation\">(irgendetwas mit diesem Titel)<\/span><span class=\"Bold\">.<\/span><\/p>\r\n<p class=\"Adapted\"><span class=\"Bold\">Hoy<a id=\"_idTextAnchor001\"><\/a>, que se me ha presentado ocasi\u00f3n <\/span><span class=\"Translation\">(heute, wo sich mir \/eine\/ Gelegenheit geboten hat; <\/span><span class=\"Translation\"><span class=\"Comment-Words\">presentar<\/span><\/span><span class=\"Translation\"><span class=\"Comments\"> \u2014 zeigen; vorstellen<\/span><\/span><span class=\"Translation\">)<\/span><span class=\"Bold\">, lo he puesto con letras grandes <\/span><span class=\"Translation\">(das habe ich in gro\u00dfen Buchstaben gesetzt = habe ich es in Gro\u00dfbuchstaben gesetzt; <\/span><span class=\"Translation\"><span class=\"Comment-Words\">poner<\/span><\/span><span class=\"Translation\"><span class=\"Comments\"> \u2014 setzen; stellen; legen<\/span><\/span><span class=\"Translation\">)<\/span><span class=\"Bold\"> en la primera cuartilla de papel <\/span><span class=\"Translation\">(auf das erste Blatt: \u00abauf das erste Viertelpapier\u00bb; <\/span><span class=\"Translation\"><span class=\"Comment-Words\">cuarto<\/span><\/span><span class=\"Translation\"><span class=\"Gender _idGenCharOverride-1\">m <\/span><\/span><span class=\"Translation\"><span class=\"Comments\">\u2014 Viertel<\/span><\/span><span class=\"Translation\">)<\/span><span class=\"Bold\">, y luego he dejado a capricho volar la pluma <\/span><span class=\"Translation\">(und dann habe ich nach Belieben die Feder fliegen lassen; <\/span><span class=\"Translation\"><span class=\"Comment-Words\">dejar<\/span><\/span><span class=\"Translation\"><span class=\"Comments\"> \u2014 lassen; <\/span><\/span><span class=\"Translation\"><span class=\"Comment-Words\">capricho<\/span><\/span><span class=\"Translation\"><span class=\"Gender _idGenCharOverride-1\">m <\/span><\/span><span class=\"Translation\"><span class=\"Comments\">\u2014 Laune<\/span><\/span><span class=\"Translation\">)<\/span><span class=\"Bold\">.<\/span><\/p>\r\n\r\n<\/div>\r\n[audio mp3=\"https:\/\/easyoriginal1.s3.eu-central-1.amazonaws.com\/spanisch\/s1\/1.mp3\"][\/audio]\r\n<div class=\"original-container\">\r\n<p class=\"Original\">Hace mucho tiempo que ten\u00eda ganas de escribir cualquier cosa con este t\u00edtulo.<\/p>\r\n<p class=\"Original\">Hoy, que se me ha presentado ocasi\u00f3n, lo he puesto con letras grandes en la primera cuartilla de papel, y luego he dejado a capricho volar la pluma.<\/p>\r\n\r\n<\/div>\r\n<a class=\"weiter\" href=\"\/webreader\/los-ojos-verdes\/fragment\/1-4-2\/\">weiter lesen<\/a>","_et_gb_content_width":""},"product_brand":[],"product_cat":[44],"product_tag":[164,163],"class_list":{"0":"post-13567","1":"product","2":"type-product","3":"status-publish","4":"has-post-thumbnail","6":"product_cat-spanisch-deutsch","7":"product_tag-anfaenger","8":"product_tag-maerchen","10":"first","11":"instock","12":"taxable","13":"shipping-taxable","14":"purchasable","15":"product-type-variable"},"acf":[],"yoast_head":"<!-- This site is optimized with the Yoast SEO plugin v27.3 - https:\/\/yoast.com\/product\/yoast-seo-wordpress\/ -->\n<title>El p\u00e1jaro de la verdad \/ Der Vogel der Wahrheit - EasyOriginal.com<\/title>\n<meta name=\"robots\" content=\"index, follow, max-snippet:-1, max-image-preview:large, max-video-preview:-1\" \/>\n<link rel=\"canonical\" href=\"https:\/\/easyoriginal.com\/en\/shop\/spanisch-deutsch\/el-pajaro-de-la-verdad-der-vogel-der-wahrheit\/\" \/>\n<meta property=\"og:locale\" content=\"en_GB\" \/>\n<meta property=\"og:type\" content=\"article\" \/>\n<meta property=\"og:title\" content=\"El p\u00e1jaro de la verdad \/ Der Vogel der Wahrheit - EasyOriginal.com\" \/>\n<meta property=\"og:description\" content=\"Erleben Sie die magische Reise eines mutigen Jungen, der sich auf die Suche nach dem geheimnisvollen \u201eP\u00e1jaro de la Verdad\u201c begibt. In dieser bezaubernden Geschichte begegnet er wunderlichen Kreaturen, \u00fcberwindet zahlreiche Hindernisse und entdeckt die Kraft der Wahrheit und des Mutes. Der Weg f\u00fchrt ihn zu einem d\u00fcsteren Schloss, durch gef\u00e4hrliche Abenteuer und schlie\u00dflich in den Palast des K\u00f6nigs, wo das wahre Geheimnis gel\u00fcftet wird.  Diese packende Erz\u00e4hlung voller Weisheit und Moral zeigt, dass der Glaube an das Gute und die Wahrheit jede Herausforderung meistern kann. &quot;El p\u00e1jaro de la verdad&quot; von Fern\u00e1n Caballero ist ein zeitloses M\u00e4rchen, das Leser aller Altersgruppen in seinen Bann ziehen wird. Ungek\u00fcrzter Originaltext. Zweisprachiges Buch Spanisch-Deutsch.\" \/>\n<meta property=\"og:url\" content=\"https:\/\/easyoriginal.com\/en\/shop\/spanisch-deutsch\/el-pajaro-de-la-verdad-der-vogel-der-wahrheit\/\" \/>\n<meta property=\"og:site_name\" content=\"EasyOriginal.com\" \/>\n<meta property=\"article:modified_time\" content=\"2026-01-06T15:21:07+00:00\" \/>\n<meta property=\"og:image\" content=\"https:\/\/easyoriginal.com\/wp-content\/uploads\/caballero_el_pajaro_del_verdad_printcover.jpg\" \/>\n\t<meta property=\"og:image:width\" content=\"1600\" \/>\n\t<meta property=\"og:image:height\" content=\"2400\" \/>\n\t<meta property=\"og:image:type\" content=\"image\/jpeg\" \/>\n<meta name=\"twitter:card\" content=\"summary_large_image\" \/>\n<meta name=\"twitter:label1\" content=\"Estimated reading time\" \/>\n\t<meta name=\"twitter:data1\" content=\"2 minutes\" \/>\n<script type=\"application\/ld+json\" class=\"yoast-schema-graph\">{\"@context\":\"https:\\\/\\\/schema.org\",\"@graph\":[{\"@type\":\"WebPage\",\"@id\":\"https:\\\/\\\/easyoriginal.com\\\/shop\\\/spanisch-deutsch\\\/el-pajaro-de-la-verdad-der-vogel-der-wahrheit\\\/\",\"url\":\"https:\\\/\\\/easyoriginal.com\\\/shop\\\/spanisch-deutsch\\\/el-pajaro-de-la-verdad-der-vogel-der-wahrheit\\\/\",\"name\":\"El p\u00e1jaro de la verdad \\\/ Der Vogel der Wahrheit - EasyOriginal.com\",\"isPartOf\":{\"@id\":\"https:\\\/\\\/easyoriginal.com\\\/#website\"},\"primaryImageOfPage\":{\"@id\":\"https:\\\/\\\/easyoriginal.com\\\/shop\\\/spanisch-deutsch\\\/el-pajaro-de-la-verdad-der-vogel-der-wahrheit\\\/#primaryimage\"},\"image\":{\"@id\":\"https:\\\/\\\/easyoriginal.com\\\/shop\\\/spanisch-deutsch\\\/el-pajaro-de-la-verdad-der-vogel-der-wahrheit\\\/#primaryimage\"},\"thumbnailUrl\":\"https:\\\/\\\/easyoriginal.com\\\/wp-content\\\/uploads\\\/caballero_el_pajaro_del_verdad_printcover.jpg\",\"datePublished\":\"2024-06-15T13:53:30+00:00\",\"dateModified\":\"2026-01-06T15:21:07+00:00\",\"breadcrumb\":{\"@id\":\"https:\\\/\\\/easyoriginal.com\\\/shop\\\/spanisch-deutsch\\\/el-pajaro-de-la-verdad-der-vogel-der-wahrheit\\\/#breadcrumb\"},\"inLanguage\":\"en-GB\",\"potentialAction\":[{\"@type\":\"ReadAction\",\"target\":[\"https:\\\/\\\/easyoriginal.com\\\/shop\\\/spanisch-deutsch\\\/el-pajaro-de-la-verdad-der-vogel-der-wahrheit\\\/\"]}]},{\"@type\":\"ImageObject\",\"inLanguage\":\"en-GB\",\"@id\":\"https:\\\/\\\/easyoriginal.com\\\/shop\\\/spanisch-deutsch\\\/el-pajaro-de-la-verdad-der-vogel-der-wahrheit\\\/#primaryimage\",\"url\":\"https:\\\/\\\/easyoriginal.com\\\/wp-content\\\/uploads\\\/caballero_el_pajaro_del_verdad_printcover.jpg\",\"contentUrl\":\"https:\\\/\\\/easyoriginal.com\\\/wp-content\\\/uploads\\\/caballero_el_pajaro_del_verdad_printcover.jpg\",\"width\":1600,\"height\":2400},{\"@type\":\"BreadcrumbList\",\"@id\":\"https:\\\/\\\/easyoriginal.com\\\/shop\\\/spanisch-deutsch\\\/el-pajaro-de-la-verdad-der-vogel-der-wahrheit\\\/#breadcrumb\",\"itemListElement\":[{\"@type\":\"ListItem\",\"position\":1,\"name\":\"Startseite\",\"item\":\"https:\\\/\\\/easyoriginal.com\\\/\"},{\"@type\":\"ListItem\",\"position\":2,\"name\":\"Shop\",\"item\":\"https:\\\/\\\/easyoriginal.com\\\/shop\\\/\"},{\"@type\":\"ListItem\",\"position\":3,\"name\":\"El p\u00e1jaro de la verdad \\\/ Der Vogel der Wahrheit\"}]},{\"@type\":\"WebSite\",\"@id\":\"https:\\\/\\\/easyoriginal.com\\\/#website\",\"url\":\"https:\\\/\\\/easyoriginal.com\\\/\",\"name\":\"EasyOriginal.com\",\"description\":\"Spa\u00df am Lesen im Original - Innovative Lesemethode f\u00fcr Fremdsprachen\",\"publisher\":{\"@id\":\"https:\\\/\\\/easyoriginal.com\\\/#organization\"},\"potentialAction\":[{\"@type\":\"SearchAction\",\"target\":{\"@type\":\"EntryPoint\",\"urlTemplate\":\"https:\\\/\\\/easyoriginal.com\\\/?s={search_term_string}\"},\"query-input\":{\"@type\":\"PropertyValueSpecification\",\"valueRequired\":true,\"valueName\":\"search_term_string\"}}],\"inLanguage\":\"en-GB\"},{\"@type\":\"Organization\",\"@id\":\"https:\\\/\\\/easyoriginal.com\\\/#organization\",\"name\":\"EasyOriginal Verlag\",\"url\":\"https:\\\/\\\/easyoriginal.com\\\/\",\"logo\":{\"@type\":\"ImageObject\",\"inLanguage\":\"en-GB\",\"@id\":\"https:\\\/\\\/easyoriginal.com\\\/#\\\/schema\\\/logo\\\/image\\\/\",\"url\":\"https:\\\/\\\/easyoriginal.com\\\/wp-content\\\/uploads\\\/2020\\\/08\\\/logo_main.png\",\"contentUrl\":\"https:\\\/\\\/easyoriginal.com\\\/wp-content\\\/uploads\\\/2020\\\/08\\\/logo_main.png\",\"width\":500,\"height\":103,\"caption\":\"EasyOriginal Verlag\"},\"image\":{\"@id\":\"https:\\\/\\\/easyoriginal.com\\\/#\\\/schema\\\/logo\\\/image\\\/\"}}]}<\/script>\n<!-- \/ Yoast SEO plugin. -->","yoast_head_json":{"title":"El p\u00e1jaro de la verdad \/ Der Vogel der Wahrheit - EasyOriginal.com","robots":{"index":"index","follow":"follow","max-snippet":"max-snippet:-1","max-image-preview":"max-image-preview:large","max-video-preview":"max-video-preview:-1"},"canonical":"https:\/\/easyoriginal.com\/en\/shop\/spanisch-deutsch\/el-pajaro-de-la-verdad-der-vogel-der-wahrheit\/","og_locale":"en_GB","og_type":"article","og_title":"El p\u00e1jaro de la verdad \/ Der Vogel der Wahrheit - EasyOriginal.com","og_description":"Erleben Sie die magische Reise eines mutigen Jungen, der sich auf die Suche nach dem geheimnisvollen \u201eP\u00e1jaro de la Verdad\u201c begibt. In dieser bezaubernden Geschichte begegnet er wunderlichen Kreaturen, \u00fcberwindet zahlreiche Hindernisse und entdeckt die Kraft der Wahrheit und des Mutes. Der Weg f\u00fchrt ihn zu einem d\u00fcsteren Schloss, durch gef\u00e4hrliche Abenteuer und schlie\u00dflich in den Palast des K\u00f6nigs, wo das wahre Geheimnis gel\u00fcftet wird.  Diese packende Erz\u00e4hlung voller Weisheit und Moral zeigt, dass der Glaube an das Gute und die Wahrheit jede Herausforderung meistern kann. \"El p\u00e1jaro de la verdad\" von Fern\u00e1n Caballero ist ein zeitloses M\u00e4rchen, das Leser aller Altersgruppen in seinen Bann ziehen wird. Ungek\u00fcrzter Originaltext. Zweisprachiges Buch Spanisch-Deutsch.","og_url":"https:\/\/easyoriginal.com\/en\/shop\/spanisch-deutsch\/el-pajaro-de-la-verdad-der-vogel-der-wahrheit\/","og_site_name":"EasyOriginal.com","article_modified_time":"2026-01-06T15:21:07+00:00","og_image":[{"width":1600,"height":2400,"url":"https:\/\/easyoriginal.com\/wp-content\/uploads\/caballero_el_pajaro_del_verdad_printcover.jpg","type":"image\/jpeg"}],"twitter_card":"summary_large_image","twitter_misc":{"Estimated reading time":"2 minutes"},"schema":{"@context":"https:\/\/schema.org","@graph":[{"@type":"WebPage","@id":"https:\/\/easyoriginal.com\/shop\/spanisch-deutsch\/el-pajaro-de-la-verdad-der-vogel-der-wahrheit\/","url":"https:\/\/easyoriginal.com\/shop\/spanisch-deutsch\/el-pajaro-de-la-verdad-der-vogel-der-wahrheit\/","name":"El p\u00e1jaro de la verdad \/ Der Vogel der Wahrheit - EasyOriginal.com","isPartOf":{"@id":"https:\/\/easyoriginal.com\/#website"},"primaryImageOfPage":{"@id":"https:\/\/easyoriginal.com\/shop\/spanisch-deutsch\/el-pajaro-de-la-verdad-der-vogel-der-wahrheit\/#primaryimage"},"image":{"@id":"https:\/\/easyoriginal.com\/shop\/spanisch-deutsch\/el-pajaro-de-la-verdad-der-vogel-der-wahrheit\/#primaryimage"},"thumbnailUrl":"https:\/\/easyoriginal.com\/wp-content\/uploads\/caballero_el_pajaro_del_verdad_printcover.jpg","datePublished":"2024-06-15T13:53:30+00:00","dateModified":"2026-01-06T15:21:07+00:00","breadcrumb":{"@id":"https:\/\/easyoriginal.com\/shop\/spanisch-deutsch\/el-pajaro-de-la-verdad-der-vogel-der-wahrheit\/#breadcrumb"},"inLanguage":"en-GB","potentialAction":[{"@type":"ReadAction","target":["https:\/\/easyoriginal.com\/shop\/spanisch-deutsch\/el-pajaro-de-la-verdad-der-vogel-der-wahrheit\/"]}]},{"@type":"ImageObject","inLanguage":"en-GB","@id":"https:\/\/easyoriginal.com\/shop\/spanisch-deutsch\/el-pajaro-de-la-verdad-der-vogel-der-wahrheit\/#primaryimage","url":"https:\/\/easyoriginal.com\/wp-content\/uploads\/caballero_el_pajaro_del_verdad_printcover.jpg","contentUrl":"https:\/\/easyoriginal.com\/wp-content\/uploads\/caballero_el_pajaro_del_verdad_printcover.jpg","width":1600,"height":2400},{"@type":"BreadcrumbList","@id":"https:\/\/easyoriginal.com\/shop\/spanisch-deutsch\/el-pajaro-de-la-verdad-der-vogel-der-wahrheit\/#breadcrumb","itemListElement":[{"@type":"ListItem","position":1,"name":"Startseite","item":"https:\/\/easyoriginal.com\/"},{"@type":"ListItem","position":2,"name":"Shop","item":"https:\/\/easyoriginal.com\/shop\/"},{"@type":"ListItem","position":3,"name":"El p\u00e1jaro de la verdad \/ Der Vogel der Wahrheit"}]},{"@type":"WebSite","@id":"https:\/\/easyoriginal.com\/#website","url":"https:\/\/easyoriginal.com\/","name":"EasyOriginal.com","description":"Spa\u00df am Lesen im Original - Innovative Lesemethode f\u00fcr Fremdsprachen","publisher":{"@id":"https:\/\/easyoriginal.com\/#organization"},"potentialAction":[{"@type":"SearchAction","target":{"@type":"EntryPoint","urlTemplate":"https:\/\/easyoriginal.com\/?s={search_term_string}"},"query-input":{"@type":"PropertyValueSpecification","valueRequired":true,"valueName":"search_term_string"}}],"inLanguage":"en-GB"},{"@type":"Organization","@id":"https:\/\/easyoriginal.com\/#organization","name":"EasyOriginal Verlag","url":"https:\/\/easyoriginal.com\/","logo":{"@type":"ImageObject","inLanguage":"en-GB","@id":"https:\/\/easyoriginal.com\/#\/schema\/logo\/image\/","url":"https:\/\/easyoriginal.com\/wp-content\/uploads\/2020\/08\/logo_main.png","contentUrl":"https:\/\/easyoriginal.com\/wp-content\/uploads\/2020\/08\/logo_main.png","width":500,"height":103,"caption":"EasyOriginal Verlag"},"image":{"@id":"https:\/\/easyoriginal.com\/#\/schema\/logo\/image\/"}}]}},"_links":{"self":[{"href":"https:\/\/easyoriginal.com\/en\/wp-json\/wp\/v2\/product\/13567","targetHints":{"allow":["GET"]}}],"collection":[{"href":"https:\/\/easyoriginal.com\/en\/wp-json\/wp\/v2\/product"}],"about":[{"href":"https:\/\/easyoriginal.com\/en\/wp-json\/wp\/v2\/types\/product"}],"replies":[{"embeddable":true,"href":"https:\/\/easyoriginal.com\/en\/wp-json\/wp\/v2\/comments?post=13567"}],"wp:featuredmedia":[{"embeddable":true,"href":"https:\/\/easyoriginal.com\/en\/wp-json\/wp\/v2\/media\/13574"}],"wp:attachment":[{"href":"https:\/\/easyoriginal.com\/en\/wp-json\/wp\/v2\/media?parent=13567"}],"wp:term":[{"taxonomy":"product_brand","embeddable":true,"href":"https:\/\/easyoriginal.com\/en\/wp-json\/wp\/v2\/product_brand?post=13567"},{"taxonomy":"product_cat","embeddable":true,"href":"https:\/\/easyoriginal.com\/en\/wp-json\/wp\/v2\/product_cat?post=13567"},{"taxonomy":"product_tag","embeddable":true,"href":"https:\/\/easyoriginal.com\/en\/wp-json\/wp\/v2\/product_tag?post=13567"}],"curies":[{"name":"wp","href":"https:\/\/api.w.org\/{rel}","templated":true}]}}