{"id":13559,"date":"2024-06-15T15:48:31","date_gmt":"2024-06-15T13:48:31","guid":{"rendered":"https:\/\/easyoriginal.com\/?post_type=product&#038;p=13559"},"modified":"2025-09-28T17:38:11","modified_gmt":"2025-09-28T15:38:11","slug":"bella-flor","status":"publish","type":"product","link":"https:\/\/easyoriginal.com\/en\/shop\/spanisch-deutsch\/bella-flor\/","title":{"rendered":"Bella Flor"},"content":{"rendered":"<div class=\"adapted-container\">\n<p class=\"Adapted\"><span class=\"Bold\">Hab\u00eda una vez un padre que ten\u00eda dos hijos <\/span><span class=\"Translation CharOverride-1\">(es war einmal ein Vater, der zwei S\u00f6hne hatte<\/span><span class=\"Translation\"><span class=\"No-Break CharOverride-1\">)<\/span><\/span><span class=\"No-Break\"><span class=\"Bold\">;<\/span><\/span><span class=\"Bold\"> el mayor le toc\u00f3 la suerte de soldado <\/span><span class=\"Translation CharOverride-1\">(dem \u00e4lteren fiel das Los des Soldaten z<\/span><span class=\"Translation\"><span class=\"No-Break CharOverride-1\">u;<\/span><\/span><span class=\"Translation\"><span class=\"Italic CharOverride-1\"> <\/span><\/span><span class=\"Translation\"><span class=\"Bold-Italic CharOverride-1\">tocar<\/span><\/span><span class=\"Translation\"><span class=\"No-Break\"><span class=\"Italic CharOverride-1\"> \u2014<\/span><\/span><\/span><span class=\"Translation\"><span class=\"Italic CharOverride-1\"> zufallen<\/span><\/span><span class=\"Translation CharOverride-1\">)<\/span><span class=\"Bold\">, y fue a Am\u00e9rica <\/span><span class=\"Translation CharOverride-1\">(und er ging nach Amerika)<\/span><span class=\"Bold\">, donde estuvo muchos a\u00f1os <\/span><span class=\"Translation CharOverride-1\">(wo er viele Jahre blie<\/span><span class=\"Translation\"><span class=\"No-Break CharOverride-1\">b;<\/span><\/span><span class=\"Translation\"><span class=\"Italic CharOverride-1\"> estar<\/span><\/span><span class=\"Translation CharOverride-1\">)<\/span><span class=\"Bold\">. Cuando volvi\u00f3 <\/span><span class=\"Translation CharOverride-1\">(als er zur\u00fcckkehrt<\/span><span class=\"Translation\"><span class=\"No-Break CharOverride-1\">e;<\/span><\/span><span class=\"Translation\"><span class=\"Italic CharOverride-1\"> volver<\/span><\/span><span class=\"Translation CharOverride-1\">)<\/span><span class=\"Bold\">, su padre hab\u00eda muerto <\/span><span class=\"Translation CharOverride-1\">(war sein Vater gestorben)<\/span><span class=\"Bold\">, y su hermano disfrutaba del caudal <\/span><span class=\"Translation CharOverride-1\">(und sein Bruder genoss das Verm\u00f6ge<\/span><span class=\"Translation\"><span class=\"No-Break CharOverride-1\">n;<\/span><\/span><span class=\"Translation\"><span class=\"Italic CharOverride-1\"> <\/span><\/span><span class=\"Translation\"><span class=\"Bold-Italic CharOverride-1\">disfrutar<\/span><\/span><span class=\"Translation\"><span class=\"No-Break\"><span class=\"Italic CharOverride-1\"> \u2014<\/span><\/span><\/span><span class=\"Translation\"><span class=\"Italic CharOverride-1\"> genie\u00dfe<\/span><\/span><span class=\"Translation\"><span class=\"No-Break\"><span class=\"Italic CharOverride-1\">n;<\/span><\/span><\/span><span class=\"Translation\"><span class=\"Italic CharOverride-1\"> <\/span><\/span><span class=\"Translation\"><span class=\"Bold-Italic CharOverride-1\">caudal<\/span><\/span><span class=\"Translation\"><span class=\"Sub CharOverride-2\">m<\/span><\/span><span class=\"Translation\"><span class=\"No-Break\"><span class=\"Italic CharOverride-1\"> \u2014<\/span><\/span><\/span><span class=\"Translation\"><span class=\"Italic CharOverride-1\"> Verm\u00f6gen<\/span><\/span><span class=\"Translation CharOverride-1\">)<\/span><span lang=\"ar-SA\"> y se hab\u00eda puesto muy rico <\/span><span class=\"Translation CharOverride-1\">(und war sehr reich geworde<\/span><span class=\"Translation\"><span class=\"No-Break CharOverride-1\">n;<\/span><\/span><span class=\"Translation\"><span class=\"Italic CharOverride-1\"> <\/span><\/span><span class=\"Translation\"><span class=\"Bold-Italic CharOverride-1\">ponerse<\/span><\/span><span class=\"Translation\"><span class=\"No-Break\"><span class=\"Italic CharOverride-1\"> \u2014<\/span><\/span><\/span><span class=\"Translation\"><span class=\"Italic CharOverride-1\"> werden<\/span><\/span><span class=\"Translation CharOverride-1\">)<\/span><span class=\"Bold\">. Fuese a casa de este <\/span><span class=\"Translation CharOverride-1\">(er ging zu dessen Hau<\/span><span class=\"Translation\"><span class=\"No-Break CharOverride-1\">s;<\/span><\/span><span class=\"Translation\"><span class=\"Italic CharOverride-1\"> irse<\/span><\/span><span class=\"Translation CharOverride-1\">)<\/span><span class=\"Bold\">, y le encontr\u00f3 bajando la escalera <\/span><span class=\"Translation CharOverride-1\">(und fand ihn die Treppe herunterkommend)<\/span><span class=\"Bold\">.<\/span><\/p>\n<p class=\"Adapted\"><span class=\"Bold\">-\u00bfNo me conoces <\/span><span class=\"Translation CharOverride-1\">(erkennst du mich nich<\/span><span class=\"Translation\"><span class=\"No-Break CharOverride-1\">t;<\/span><\/span><span class=\"Translation\"><span class=\"Italic CharOverride-1\"> conocer<\/span><\/span><span class=\"Translation CharOverride-1\">)<\/span><span class=\"Bold\">? -le pregunt\u00f3 <\/span><span class=\"Translation CharOverride-1\">(fragte er ihn)<\/span><span class=\"Bold\">.<\/span><\/p>\n<p class=\"Adapted\"><span class=\"Bold\">El hermano le contest\u00f3 con mala manera que no <\/span><span class=\"Translation CharOverride-1\">(der Bruder antwortete ihm unfreundlich: \u00abmit schlechter Art\u00bb, dass nich<\/span><span class=\"Translation\"><span class=\"No-Break CharOverride-1\">t;<\/span><\/span><span class=\"Translation\"><span class=\"Italic CharOverride-1\"> <\/span><\/span><span class=\"Translation\"><span class=\"Bold-Italic CharOverride-1\">manera<\/span><\/span><span class=\"Translation\"><span class=\"Sub CharOverride-2\">f<\/span><\/span><span class=\"Translation\"><span class=\"No-Break\"><span class=\"Italic CharOverride-1\"> \u2014<\/span><\/span><\/span><span class=\"Translation\"><span class=\"Italic CharOverride-1\"> Art, Weise<\/span><\/span><span class=\"Translation CharOverride-1\">)<\/span><span class=\"Bold\">.<\/span><\/p>\n<\/div>\n<audio class=\"wp-audio-shortcode\" id=\"audio-13559-1\" preload=\"none\" style=\"width: 100%;\" controls=\"controls\"><source type=\"audio\/mpeg\" src=\"https:\/\/easyoriginal1.s3.eu-central-1.amazonaws.com\/spanisch\/s17\/1.mp3?_=1\" \/><a href=\"https:\/\/easyoriginal1.s3.eu-central-1.amazonaws.com\/spanisch\/s17\/1.mp3\">https:\/\/easyoriginal1.s3.eu-central-1.amazonaws.com\/spanisch\/s17\/1.mp3<\/a><\/audio>\n<div class=\"original-container\">\n<p class=\"Original\" lang=\"es-ES\"><span>Hab\u00eda una vez un padre que ten\u00eda dos hijos; el mayor le toc\u00f3 la suerte de soldado, y fue a Am\u00e9rica, donde estuvo muchos a\u00f1os. <\/span><span lang=\"en-US\">Cuando volvi\u00f3, su padre hab\u00eda muerto, y su hermano disfrutaba del caudal y se hab\u00eda puesto muy rico. Fuese a casa de este, y le encontr\u00f3 bajando la escalera.<\/span><\/p>\n<p class=\"Original\" lang=\"es-ES\"><span lang=\"en-US\">-\u00bfNo me conoces? -le pregunt\u00f3.<\/span><\/p>\n<p class=\"Original\" lang=\"es-ES\"><span lang=\"en-US\">El hermano le contest\u00f3 con mala manera que no.<\/span><\/p>\n<\/div>","protected":false},"excerpt":{"rendered":"<p>Tauchen Sie ein in die zauberhafte Welt von &#8222;Bella Flor&#8220; und begleiten Sie Jos\u00e9 auf seiner faszinierenden Reise. Mit einem Herzen voller G\u00fcte und Mut stellt er sich unz\u00e4hligen Herausforderungen, um ein wundervolles Geheimnis zu l\u00fcften und eine au\u00dfergew\u00f6hnliche Belohnung zu erhalten. Fern\u00e1n Caballero schafft es, mit seiner meisterhaften Erz\u00e4hlkunst, eine fesselnde Geschichte zu weben, die Leser jeden Alters begeistern wird. Lassen Sie sich von dieser klassischen M\u00e4rchenwelt verzaubern und erleben Sie ein Abenteuer voller Wunder und Weisheit.<br \/>\nUngek\u00fcrzter Originaltext. Zweisprachiges Buch Spanisch-Deutsch.<\/p>","protected":false},"featured_media":13565,"comment_status":"open","ping_status":"closed","template":"","meta":{"_acf_changed":false,"_et_pb_use_builder":"off","_et_pb_old_content":"<div class=\"adapted-container\">\r\n<p class=\"Adapted\"><span class=\"Bold\">Hace mucho tiempo que ten\u00eda ganas de escribir <\/span><span class=\"Translation\">(seit langer Zeit hatte ich Lust zu schreiben; <\/span><span class=\"Translation\"><span class=\"Comment-Words\">tener<\/span><\/span><span class=\"Translation\"><span class=\"Comments\"> \u2014 haben<\/span><\/span><span class=\"Translation\">)<\/span><span class=\"Bold\"> cualquier cosa con este t\u00edtulo <\/span><span class=\"Translation\">(irgendetwas mit diesem Titel)<\/span><span class=\"Bold\">.<\/span><\/p>\r\n<p class=\"Adapted\"><span class=\"Bold\">Hoy<a id=\"_idTextAnchor001\"><\/a>, que se me ha presentado ocasi\u00f3n <\/span><span class=\"Translation\">(heute, wo sich mir \/eine\/ Gelegenheit geboten hat; <\/span><span class=\"Translation\"><span class=\"Comment-Words\">presentar<\/span><\/span><span class=\"Translation\"><span class=\"Comments\"> \u2014 zeigen; vorstellen<\/span><\/span><span class=\"Translation\">)<\/span><span class=\"Bold\">, lo he puesto con letras grandes <\/span><span class=\"Translation\">(das habe ich in gro\u00dfen Buchstaben gesetzt = habe ich es in Gro\u00dfbuchstaben gesetzt; <\/span><span class=\"Translation\"><span class=\"Comment-Words\">poner<\/span><\/span><span class=\"Translation\"><span class=\"Comments\"> \u2014 setzen; stellen; legen<\/span><\/span><span class=\"Translation\">)<\/span><span class=\"Bold\"> en la primera cuartilla de papel <\/span><span class=\"Translation\">(auf das erste Blatt: \u00abauf das erste Viertelpapier\u00bb; <\/span><span class=\"Translation\"><span class=\"Comment-Words\">cuarto<\/span><\/span><span class=\"Translation\"><span class=\"Gender _idGenCharOverride-1\">m <\/span><\/span><span class=\"Translation\"><span class=\"Comments\">\u2014 Viertel<\/span><\/span><span class=\"Translation\">)<\/span><span class=\"Bold\">, y luego he dejado a capricho volar la pluma <\/span><span class=\"Translation\">(und dann habe ich nach Belieben die Feder fliegen lassen; <\/span><span class=\"Translation\"><span class=\"Comment-Words\">dejar<\/span><\/span><span class=\"Translation\"><span class=\"Comments\"> \u2014 lassen; <\/span><\/span><span class=\"Translation\"><span class=\"Comment-Words\">capricho<\/span><\/span><span class=\"Translation\"><span class=\"Gender _idGenCharOverride-1\">m <\/span><\/span><span class=\"Translation\"><span class=\"Comments\">\u2014 Laune<\/span><\/span><span class=\"Translation\">)<\/span><span class=\"Bold\">.<\/span><\/p>\r\n\r\n<\/div>\r\n[audio mp3=\"https:\/\/easyoriginal1.s3.eu-central-1.amazonaws.com\/spanisch\/s1\/1.mp3\"][\/audio]\r\n<div class=\"original-container\">\r\n<p class=\"Original\">Hace mucho tiempo que ten\u00eda ganas de escribir cualquier cosa con este t\u00edtulo.<\/p>\r\n<p class=\"Original\">Hoy, que se me ha presentado ocasi\u00f3n, lo he puesto con letras grandes en la primera cuartilla de papel, y luego he dejado a capricho volar la pluma.<\/p>\r\n\r\n<\/div>\r\n<a class=\"weiter\" href=\"\/webreader\/los-ojos-verdes\/fragment\/1-4-2\/\">weiter lesen<\/a>","_et_gb_content_width":""},"product_brand":[],"product_cat":[44],"product_tag":[164,163],"class_list":{"0":"post-13559","1":"product","2":"type-product","3":"status-publish","4":"has-post-thumbnail","6":"product_cat-spanisch-deutsch","7":"product_tag-anfaenger","8":"product_tag-maerchen","10":"first","11":"instock","12":"taxable","13":"shipping-taxable","14":"purchasable","15":"product-type-variable"},"acf":[],"yoast_head":"<!-- This site is optimized with the Yoast SEO plugin v27.3 - https:\/\/yoast.com\/product\/yoast-seo-wordpress\/ -->\n<title>Bella Flor - EasyOriginal.com<\/title>\n<meta name=\"robots\" content=\"index, follow, max-snippet:-1, max-image-preview:large, max-video-preview:-1\" \/>\n<link rel=\"canonical\" href=\"https:\/\/easyoriginal.com\/en\/shop\/spanisch-deutsch\/bella-flor\/\" \/>\n<meta property=\"og:locale\" content=\"en_GB\" \/>\n<meta property=\"og:type\" content=\"article\" \/>\n<meta property=\"og:title\" content=\"Bella Flor - EasyOriginal.com\" \/>\n<meta property=\"og:description\" content=\"Tauchen Sie ein in die zauberhafte Welt von &quot;Bella Flor&quot; und begleiten Sie Jos\u00e9 auf seiner faszinierenden Reise. Mit einem Herzen voller G\u00fcte und Mut stellt er sich unz\u00e4hligen Herausforderungen, um ein wundervolles Geheimnis zu l\u00fcften und eine au\u00dfergew\u00f6hnliche Belohnung zu erhalten. Fern\u00e1n Caballero schafft es, mit seiner meisterhaften Erz\u00e4hlkunst, eine fesselnde Geschichte zu weben, die Leser jeden Alters begeistern wird. Lassen Sie sich von dieser klassischen M\u00e4rchenwelt verzaubern und erleben Sie ein Abenteuer voller Wunder und Weisheit. Ungek\u00fcrzter Originaltext. Zweisprachiges Buch Spanisch-Deutsch.\" \/>\n<meta property=\"og:url\" content=\"https:\/\/easyoriginal.com\/en\/shop\/spanisch-deutsch\/bella-flor\/\" \/>\n<meta property=\"og:site_name\" content=\"EasyOriginal.com\" \/>\n<meta property=\"article:modified_time\" content=\"2025-09-28T15:38:11+00:00\" \/>\n<meta property=\"og:image\" content=\"https:\/\/easyoriginal.com\/wp-content\/uploads\/caballero_bella_flor_printcover.jpg\" \/>\n\t<meta property=\"og:image:width\" content=\"1600\" \/>\n\t<meta property=\"og:image:height\" content=\"2400\" \/>\n\t<meta property=\"og:image:type\" content=\"image\/jpeg\" \/>\n<meta name=\"twitter:card\" content=\"summary_large_image\" \/>\n<meta name=\"twitter:label1\" content=\"Estimated reading time\" \/>\n\t<meta name=\"twitter:data1\" content=\"2 minutes\" \/>\n<script type=\"application\/ld+json\" class=\"yoast-schema-graph\">{\"@context\":\"https:\\\/\\\/schema.org\",\"@graph\":[{\"@type\":\"WebPage\",\"@id\":\"https:\\\/\\\/easyoriginal.com\\\/shop\\\/spanisch-deutsch\\\/bella-flor\\\/\",\"url\":\"https:\\\/\\\/easyoriginal.com\\\/shop\\\/spanisch-deutsch\\\/bella-flor\\\/\",\"name\":\"Bella Flor - EasyOriginal.com\",\"isPartOf\":{\"@id\":\"https:\\\/\\\/easyoriginal.com\\\/#website\"},\"primaryImageOfPage\":{\"@id\":\"https:\\\/\\\/easyoriginal.com\\\/shop\\\/spanisch-deutsch\\\/bella-flor\\\/#primaryimage\"},\"image\":{\"@id\":\"https:\\\/\\\/easyoriginal.com\\\/shop\\\/spanisch-deutsch\\\/bella-flor\\\/#primaryimage\"},\"thumbnailUrl\":\"https:\\\/\\\/easyoriginal.com\\\/wp-content\\\/uploads\\\/caballero_bella_flor_printcover.jpg\",\"datePublished\":\"2024-06-15T13:48:31+00:00\",\"dateModified\":\"2025-09-28T15:38:11+00:00\",\"breadcrumb\":{\"@id\":\"https:\\\/\\\/easyoriginal.com\\\/shop\\\/spanisch-deutsch\\\/bella-flor\\\/#breadcrumb\"},\"inLanguage\":\"en-GB\",\"potentialAction\":[{\"@type\":\"ReadAction\",\"target\":[\"https:\\\/\\\/easyoriginal.com\\\/shop\\\/spanisch-deutsch\\\/bella-flor\\\/\"]}]},{\"@type\":\"ImageObject\",\"inLanguage\":\"en-GB\",\"@id\":\"https:\\\/\\\/easyoriginal.com\\\/shop\\\/spanisch-deutsch\\\/bella-flor\\\/#primaryimage\",\"url\":\"https:\\\/\\\/easyoriginal.com\\\/wp-content\\\/uploads\\\/caballero_bella_flor_printcover.jpg\",\"contentUrl\":\"https:\\\/\\\/easyoriginal.com\\\/wp-content\\\/uploads\\\/caballero_bella_flor_printcover.jpg\",\"width\":1600,\"height\":2400},{\"@type\":\"BreadcrumbList\",\"@id\":\"https:\\\/\\\/easyoriginal.com\\\/shop\\\/spanisch-deutsch\\\/bella-flor\\\/#breadcrumb\",\"itemListElement\":[{\"@type\":\"ListItem\",\"position\":1,\"name\":\"Startseite\",\"item\":\"https:\\\/\\\/easyoriginal.com\\\/\"},{\"@type\":\"ListItem\",\"position\":2,\"name\":\"Shop\",\"item\":\"https:\\\/\\\/easyoriginal.com\\\/shop\\\/\"},{\"@type\":\"ListItem\",\"position\":3,\"name\":\"Bella Flor\"}]},{\"@type\":\"WebSite\",\"@id\":\"https:\\\/\\\/easyoriginal.com\\\/#website\",\"url\":\"https:\\\/\\\/easyoriginal.com\\\/\",\"name\":\"EasyOriginal.com\",\"description\":\"Spa\u00df am Lesen im Original - Innovative Lesemethode f\u00fcr Fremdsprachen\",\"publisher\":{\"@id\":\"https:\\\/\\\/easyoriginal.com\\\/#organization\"},\"potentialAction\":[{\"@type\":\"SearchAction\",\"target\":{\"@type\":\"EntryPoint\",\"urlTemplate\":\"https:\\\/\\\/easyoriginal.com\\\/?s={search_term_string}\"},\"query-input\":{\"@type\":\"PropertyValueSpecification\",\"valueRequired\":true,\"valueName\":\"search_term_string\"}}],\"inLanguage\":\"en-GB\"},{\"@type\":\"Organization\",\"@id\":\"https:\\\/\\\/easyoriginal.com\\\/#organization\",\"name\":\"EasyOriginal Verlag\",\"url\":\"https:\\\/\\\/easyoriginal.com\\\/\",\"logo\":{\"@type\":\"ImageObject\",\"inLanguage\":\"en-GB\",\"@id\":\"https:\\\/\\\/easyoriginal.com\\\/#\\\/schema\\\/logo\\\/image\\\/\",\"url\":\"https:\\\/\\\/easyoriginal.com\\\/wp-content\\\/uploads\\\/2020\\\/08\\\/logo_main.png\",\"contentUrl\":\"https:\\\/\\\/easyoriginal.com\\\/wp-content\\\/uploads\\\/2020\\\/08\\\/logo_main.png\",\"width\":500,\"height\":103,\"caption\":\"EasyOriginal Verlag\"},\"image\":{\"@id\":\"https:\\\/\\\/easyoriginal.com\\\/#\\\/schema\\\/logo\\\/image\\\/\"}}]}<\/script>\n<!-- \/ Yoast SEO plugin. -->","yoast_head_json":{"title":"Bella Flor - EasyOriginal.com","robots":{"index":"index","follow":"follow","max-snippet":"max-snippet:-1","max-image-preview":"max-image-preview:large","max-video-preview":"max-video-preview:-1"},"canonical":"https:\/\/easyoriginal.com\/en\/shop\/spanisch-deutsch\/bella-flor\/","og_locale":"en_GB","og_type":"article","og_title":"Bella Flor - EasyOriginal.com","og_description":"Tauchen Sie ein in die zauberhafte Welt von \"Bella Flor\" und begleiten Sie Jos\u00e9 auf seiner faszinierenden Reise. Mit einem Herzen voller G\u00fcte und Mut stellt er sich unz\u00e4hligen Herausforderungen, um ein wundervolles Geheimnis zu l\u00fcften und eine au\u00dfergew\u00f6hnliche Belohnung zu erhalten. Fern\u00e1n Caballero schafft es, mit seiner meisterhaften Erz\u00e4hlkunst, eine fesselnde Geschichte zu weben, die Leser jeden Alters begeistern wird. Lassen Sie sich von dieser klassischen M\u00e4rchenwelt verzaubern und erleben Sie ein Abenteuer voller Wunder und Weisheit. Ungek\u00fcrzter Originaltext. Zweisprachiges Buch Spanisch-Deutsch.","og_url":"https:\/\/easyoriginal.com\/en\/shop\/spanisch-deutsch\/bella-flor\/","og_site_name":"EasyOriginal.com","article_modified_time":"2025-09-28T15:38:11+00:00","og_image":[{"width":1600,"height":2400,"url":"https:\/\/easyoriginal.com\/wp-content\/uploads\/caballero_bella_flor_printcover.jpg","type":"image\/jpeg"}],"twitter_card":"summary_large_image","twitter_misc":{"Estimated reading time":"2 minutes"},"schema":{"@context":"https:\/\/schema.org","@graph":[{"@type":"WebPage","@id":"https:\/\/easyoriginal.com\/shop\/spanisch-deutsch\/bella-flor\/","url":"https:\/\/easyoriginal.com\/shop\/spanisch-deutsch\/bella-flor\/","name":"Bella Flor - EasyOriginal.com","isPartOf":{"@id":"https:\/\/easyoriginal.com\/#website"},"primaryImageOfPage":{"@id":"https:\/\/easyoriginal.com\/shop\/spanisch-deutsch\/bella-flor\/#primaryimage"},"image":{"@id":"https:\/\/easyoriginal.com\/shop\/spanisch-deutsch\/bella-flor\/#primaryimage"},"thumbnailUrl":"https:\/\/easyoriginal.com\/wp-content\/uploads\/caballero_bella_flor_printcover.jpg","datePublished":"2024-06-15T13:48:31+00:00","dateModified":"2025-09-28T15:38:11+00:00","breadcrumb":{"@id":"https:\/\/easyoriginal.com\/shop\/spanisch-deutsch\/bella-flor\/#breadcrumb"},"inLanguage":"en-GB","potentialAction":[{"@type":"ReadAction","target":["https:\/\/easyoriginal.com\/shop\/spanisch-deutsch\/bella-flor\/"]}]},{"@type":"ImageObject","inLanguage":"en-GB","@id":"https:\/\/easyoriginal.com\/shop\/spanisch-deutsch\/bella-flor\/#primaryimage","url":"https:\/\/easyoriginal.com\/wp-content\/uploads\/caballero_bella_flor_printcover.jpg","contentUrl":"https:\/\/easyoriginal.com\/wp-content\/uploads\/caballero_bella_flor_printcover.jpg","width":1600,"height":2400},{"@type":"BreadcrumbList","@id":"https:\/\/easyoriginal.com\/shop\/spanisch-deutsch\/bella-flor\/#breadcrumb","itemListElement":[{"@type":"ListItem","position":1,"name":"Startseite","item":"https:\/\/easyoriginal.com\/"},{"@type":"ListItem","position":2,"name":"Shop","item":"https:\/\/easyoriginal.com\/shop\/"},{"@type":"ListItem","position":3,"name":"Bella Flor"}]},{"@type":"WebSite","@id":"https:\/\/easyoriginal.com\/#website","url":"https:\/\/easyoriginal.com\/","name":"EasyOriginal.com","description":"Spa\u00df am Lesen im Original - Innovative Lesemethode f\u00fcr Fremdsprachen","publisher":{"@id":"https:\/\/easyoriginal.com\/#organization"},"potentialAction":[{"@type":"SearchAction","target":{"@type":"EntryPoint","urlTemplate":"https:\/\/easyoriginal.com\/?s={search_term_string}"},"query-input":{"@type":"PropertyValueSpecification","valueRequired":true,"valueName":"search_term_string"}}],"inLanguage":"en-GB"},{"@type":"Organization","@id":"https:\/\/easyoriginal.com\/#organization","name":"EasyOriginal Verlag","url":"https:\/\/easyoriginal.com\/","logo":{"@type":"ImageObject","inLanguage":"en-GB","@id":"https:\/\/easyoriginal.com\/#\/schema\/logo\/image\/","url":"https:\/\/easyoriginal.com\/wp-content\/uploads\/2020\/08\/logo_main.png","contentUrl":"https:\/\/easyoriginal.com\/wp-content\/uploads\/2020\/08\/logo_main.png","width":500,"height":103,"caption":"EasyOriginal Verlag"},"image":{"@id":"https:\/\/easyoriginal.com\/#\/schema\/logo\/image\/"}}]}},"_links":{"self":[{"href":"https:\/\/easyoriginal.com\/en\/wp-json\/wp\/v2\/product\/13559","targetHints":{"allow":["GET"]}}],"collection":[{"href":"https:\/\/easyoriginal.com\/en\/wp-json\/wp\/v2\/product"}],"about":[{"href":"https:\/\/easyoriginal.com\/en\/wp-json\/wp\/v2\/types\/product"}],"replies":[{"embeddable":true,"href":"https:\/\/easyoriginal.com\/en\/wp-json\/wp\/v2\/comments?post=13559"}],"wp:featuredmedia":[{"embeddable":true,"href":"https:\/\/easyoriginal.com\/en\/wp-json\/wp\/v2\/media\/13565"}],"wp:attachment":[{"href":"https:\/\/easyoriginal.com\/en\/wp-json\/wp\/v2\/media?parent=13559"}],"wp:term":[{"taxonomy":"product_brand","embeddable":true,"href":"https:\/\/easyoriginal.com\/en\/wp-json\/wp\/v2\/product_brand?post=13559"},{"taxonomy":"product_cat","embeddable":true,"href":"https:\/\/easyoriginal.com\/en\/wp-json\/wp\/v2\/product_cat?post=13559"},{"taxonomy":"product_tag","embeddable":true,"href":"https:\/\/easyoriginal.com\/en\/wp-json\/wp\/v2\/product_tag?post=13559"}],"curies":[{"name":"wp","href":"https:\/\/api.w.org\/{rel}","templated":true}]}}