{"id":13548,"date":"2024-06-15T15:37:00","date_gmt":"2024-06-15T13:37:00","guid":{"rendered":"https:\/\/easyoriginal.com\/?post_type=product&#038;p=13548"},"modified":"2024-10-15T10:49:58","modified_gmt":"2024-10-15T08:49:58","slug":"los-caballeros-del-pez-die-ritter-vom-fisch","status":"publish","type":"product","link":"https:\/\/easyoriginal.com\/en\/shop\/spanisch-deutsch\/los-caballeros-del-pez-die-ritter-vom-fisch\/","title":{"rendered":"Los caballeros del pez \/ Die Ritter vom Fisch"},"content":{"rendered":"<div class=\"adapted-container\">\n<p class=\"Adapted\"><span lang=\"ar-SA\">\u00c9rase vez y vez un pobre zapatero remend\u00f3n <\/span><span class=\"Translation CharOverride-1\">(es war einmal ein armer Flickschuste<\/span><span class=\"Translation\"><span class=\"No-Break CharOverride-1\">r;<\/span><\/span><span class=\"Translation\"><span class=\"Italic CharOverride-1\"> <\/span><\/span><span class=\"Translation\"><span class=\"Bold-Italic CharOverride-1\">zapatero<\/span><\/span><span class=\"Translation\"><span class=\"Sub CharOverride-2\">m<\/span><\/span><span class=\"Translation\"><span class=\"No-Break\"><span class=\"Sub CharOverride-2\"> <\/span><\/span><\/span><span class=\"Translation\"><span class=\"No-Break\"><span class=\"Italic CharOverride-1\">\u2014<\/span><\/span><\/span><span class=\"Translation\"><span class=\"Italic CharOverride-1\"> Schuste<\/span><\/span><span class=\"Translation\"><span class=\"No-Break\"><span class=\"Italic CharOverride-1\">r;<\/span><\/span><\/span><span class=\"Translation\"><span class=\"Italic CharOverride-1\"> <\/span><\/span><span class=\"Translation\"><span class=\"Bold-Italic CharOverride-1\">zapato<\/span><\/span><span class=\"Translation\"><span class=\"Sub CharOverride-2\">m<\/span><\/span><span class=\"Translation\"><span class=\"No-Break\"><span class=\"Sub CharOverride-2\"> <\/span><\/span><\/span><span class=\"Translation\"><span class=\"No-Break\"><span class=\"Italic CharOverride-1\">\u2014<\/span><\/span><\/span><span class=\"Translation\"><span class=\"Italic CharOverride-1\"> Schu<\/span><\/span><span class=\"Translation\"><span class=\"No-Break\"><span class=\"Italic CharOverride-1\">h;<\/span><\/span><\/span><span class=\"Translation\"><span class=\"Bold-Italic CharOverride-1\"> <\/span><\/span><span class=\"Translation\"><span class=\"No-Break\"><span class=\"Bold-Italic CharOverride-1\">\/z<\/span><\/span><\/span><span class=\"Translation\"><span class=\"Bold-Italic CharOverride-1\">apatero<\/span><\/span><span class=\"Translation\"><span class=\"No-Break\"><span class=\"Bold-Italic CharOverride-1\">\/ <\/span><\/span><\/span><span class=\"Translation\"><span class=\"Bold-Italic CharOverride-1\">remend\u00f3n<\/span><\/span><span class=\"Translation\"><span class=\"Sub CharOverride-2\">m<\/span><\/span><span class=\"Translation\"><span class=\"No-Break\"><span class=\"Sub CharOverride-2\"> <\/span><\/span><\/span><span class=\"Translation\"><span class=\"No-Break\"><span class=\"Italic CharOverride-1\">\u2014<\/span><\/span><\/span><span class=\"Translation\"><span class=\"Italic CharOverride-1\"> Flickschuste<\/span><\/span><span class=\"Translation\"><span class=\"No-Break\"><span class=\"Italic CharOverride-1\">r;<\/span><\/span><\/span><span class=\"Translation\"><span class=\"Italic CharOverride-1\"> <\/span><\/span><span class=\"Translation\"><span class=\"Bold-Italic CharOverride-1\">remendar<\/span><\/span><span class=\"Translation\"><span class=\"No-Break\"><span class=\"Italic CharOverride-1\"> \u2014<\/span><\/span><\/span><span class=\"Translation\"><span class=\"Italic CharOverride-1\"> flicken, ausbessern<\/span><\/span><span class=\"Translation CharOverride-1\">)<\/span><span class=\"Bold\">, que no ganaba nada en su oficio <\/span><span class=\"Translation CharOverride-1\">(der in seinem Beruf nichts verdient<\/span><span class=\"Translation\"><span class=\"No-Break CharOverride-1\">e;<\/span><\/span><span class=\"Translation\"><span class=\"Italic CharOverride-1\"> ganar<\/span><\/span><span class=\"Translation CharOverride-1\">)<\/span><span class=\"Bold\">, y as\u00ed determin\u00f3 comprar una red <\/span><span class=\"Translation CharOverride-1\">(und so beschloss er, ein Netz zu kaufe<\/span><span class=\"Translation\"><span class=\"No-Break CharOverride-1\">n;<\/span><\/span><span class=\"Translation\"><span class=\"Italic CharOverride-1\"> determinar<\/span><\/span><span class=\"Translation CharOverride-1\">)<\/span><span class=\"Bold\"> y meterse a pescador <\/span><span class=\"Translation CharOverride-1\">(und Fischer zu werde<\/span><span class=\"Translation\"><span class=\"No-Break CharOverride-1\">n;<\/span><\/span><span class=\"Translation\"><span class=\"Italic CharOverride-1\"> <\/span><\/span><span class=\"Translation\"><span class=\"Bold-Italic CharOverride-1\">meterse a<\/span><\/span><span class=\"Translation\"><span class=\"No-Break\"><span class=\"Italic CharOverride-1\"> \u2014<\/span><\/span><\/span><span class=\"Translation\"><span class=\"Italic CharOverride-1\"> sich an etwas mache<\/span><\/span><span class=\"Translation\"><span class=\"No-Break\"><span class=\"Italic CharOverride-1\">n;<\/span><\/span><\/span><span class=\"Translation\"><span class=\"Italic CharOverride-1\"> sich mit etwas besch\u00e4ftige<\/span><\/span><span class=\"Translation\"><span class=\"No-Break\"><span class=\"Italic CharOverride-1\">n;<\/span><\/span><\/span><span class=\"Translation\"><span class=\"Italic CharOverride-1\"> <\/span><\/span><span class=\"Translation\"><span class=\"Bold-Italic CharOverride-1\">pescar<\/span><\/span><span class=\"Translation\"><span class=\"No-Break\"><span class=\"Italic CharOverride-1\"> \u2014<\/span><\/span><\/span><span class=\"Translation\"><span class=\"Italic CharOverride-1\"> fischen<\/span><\/span><span class=\"Translation CharOverride-1\">)<\/span><span class=\"Bold\">.<\/span><\/p>\n<p class=\"Adapted\"><span class=\"Bold\">Muchos d\u00edas estuvo pescando <\/span><span class=\"Translation CharOverride-1\">(viele Tage verbrachte er mit Fische<\/span><span class=\"Translation\"><span class=\"No-Break CharOverride-1\">n;<\/span><\/span><span class=\"Translation\"><span class=\"Italic CharOverride-1\"> estar<\/span><\/span><span class=\"Translation CharOverride-1\">)<\/span><span class=\"Bold\">, y no sac\u00f3 m\u00e1s que cangrejos y zapatos viejos <\/span><span class=\"Translation CharOverride-1\">(und fing nur Krebse und alte Schuh<\/span><span class=\"Translation\"><span class=\"No-Break CharOverride-1\">e;<\/span><\/span><span class=\"Translation\"><span class=\"Italic CharOverride-1\"> <\/span><\/span><span class=\"Translation\"><span class=\"Bold-Italic CharOverride-1\">sacar<\/span><\/span><span class=\"Translation\"><span class=\"No-Break\"><span class=\"Italic CharOverride-1\"> \u2014<\/span><\/span><\/span><span class=\"Translation\"><span class=\"Italic CharOverride-1\"> herausziehe<\/span><\/span><span class=\"Translation\"><span class=\"No-Break\"><span class=\"Italic CharOverride-1\">n;<\/span><\/span><\/span><span class=\"Translation\"><span class=\"Italic CharOverride-1\"> fangen<\/span><\/span><span class=\"Translation CharOverride-1\">)<\/span><span class=\"Bold\">, que cuando era remend\u00f3n no ve\u00eda nunca <\/span><span class=\"Translation CharOverride-1\">(die, wenn er Flickschuster war, er niemals sah)<\/span><span class=\"Bold\">. Al fin pens\u00f3 <\/span><span class=\"Translation CharOverride-1\">(schlie\u00dflich dachte er)<\/span><span class=\"Bold\">:<\/span><\/p>\n<p class=\"Adapted\"><span class=\"Bold\">-Hoy es el \u00faltimo d\u00eda que pesco <\/span><span class=\"Translation CharOverride-1\">(heute ist der letzte Tag, an dem ich fische)<\/span><span class=\"Bold\">. Si nada saco <\/span><span class=\"Translation CharOverride-1\">(wenn ich nichts fange)<\/span><span class=\"Bold\">, me voy y me ahorco <\/span><span class=\"Translation CharOverride-1\">(gehe ich und erh\u00e4nge mic<\/span><span class=\"Translation\"><span class=\"No-Break CharOverride-1\">h;<\/span><\/span><span class=\"Translation\"><span class=\"Italic CharOverride-1\"> ahorcars<\/span><\/span><span class=\"Translation\"><span class=\"No-Break\"><span class=\"Italic CharOverride-1\">e;<\/span><\/span><\/span><span class=\"Translation\"><span class=\"Italic CharOverride-1\"> <\/span><\/span><span class=\"Translation\"><span class=\"Bold-Italic CharOverride-1\">horca<\/span><\/span><span class=\"Translation\"><span class=\"Sub CharOverride-2\">f<\/span><\/span><span class=\"Translation\"><span class=\"No-Break\"><span class=\"Sub CharOverride-2\"> <\/span><\/span><\/span><span class=\"Translation\"><span class=\"No-Break\"><span class=\"Italic CharOverride-1\">\u2014<\/span><\/span><\/span><span class=\"Translation\"><span class=\"Italic CharOverride-1\"> Galgen, Heu-, Mistgabel<\/span><\/span><span class=\"Translation CharOverride-1\">)<\/span><span class=\"Bold\">.<\/span><\/p>\n<\/div>\n<audio class=\"wp-audio-shortcode\" id=\"audio-13548-1\" preload=\"none\" style=\"width: 100%;\" controls=\"controls\"><source type=\"audio\/mpeg\" src=\"https:\/\/easyoriginal1.s3.eu-central-1.amazonaws.com\/spanisch\/s16\/1.mp3?_=1\" \/><a href=\"https:\/\/easyoriginal1.s3.eu-central-1.amazonaws.com\/spanisch\/s16\/1.mp3\">https:\/\/easyoriginal1.s3.eu-central-1.amazonaws.com\/spanisch\/s16\/1.mp3<\/a><\/audio>\n<div class=\"original-container\">\n<p class=\"Original\" lang=\"en-GB\"><span lang=\"ar-SA\">\u00c9rase vez y vez un pobre zapatero remend\u00f3n, que no ganaba nada en su oficio, y as\u00ed determin\u00f3 comprar una red y meterse a pescador.<\/span><\/p>\n<p class=\"Original\" lang=\"en-GB\"><span lang=\"en-US\">Muchos d\u00edas estuvo pescando, y no sac\u00f3 m\u00e1s que cangrejos y zapatos viejos, que cuando era remend\u00f3n no ve\u00eda nunca. Al fin pens\u00f3:<\/span><\/p>\n<p class=\"Original\" lang=\"en-GB\"><span lang=\"en-US\">-Hoy es el \u00faltimo d\u00eda que pesco. Si nada saco, me voy y me ahorco.<\/span><\/p>\n<\/div>","protected":false},"excerpt":{"rendered":"<p>Los caballeros del pez von Fern\u00e1n Caballero ist eine fesselnde Erz\u00e4hlung, die den Leser in eine Welt voller Magie und Abenteuer entf\u00fchrt. Folgen Sie einem mutigen Helden, der sich auf eine epische Reise begibt, um fantastische Kreaturen zu besiegen und verwunschene Orte zu erkunden. Diese Geschichte ist ein zeitloses M\u00e4rchen, das Mut, List und Entschlossenheit feiert.<\/p>\n<p>Erleben Sie eine packende und zauberhafte Geschichte, die Spannung und eine Prise Magie verspricht. Perfekt f\u00fcr Leser aller Altersgruppen, die sich von heldenhaften Taten und geheimnisvollen Abenteuern begeistern lassen m\u00f6chten.<\/p>\n<p>Tauchen Sie ein in die faszinierende Welt von Los caballeros del pez und lassen Sie sich von dieser zeitlosen Erz\u00e4hlung verzaubern. Ideal f\u00fcr alle, die klassische M\u00e4rchen und abenteuerliche Geschichten lieben.<br \/>\nUngek\u00fcrzter Originaltext. Zweisprachiges Buch Spanisch-Deutsch.<\/p>","protected":false},"featured_media":13555,"comment_status":"open","ping_status":"closed","template":"","meta":{"_acf_changed":false,"_et_pb_use_builder":"off","_et_pb_old_content":"<div class=\"adapted-container\">\r\n<p class=\"Adapted\"><span class=\"Bold\">Hace mucho tiempo que ten\u00eda ganas de escribir <\/span><span class=\"Translation\">(seit langer Zeit hatte ich Lust zu schreiben; <\/span><span class=\"Translation\"><span class=\"Comment-Words\">tener<\/span><\/span><span class=\"Translation\"><span class=\"Comments\"> \u2014 haben<\/span><\/span><span class=\"Translation\">)<\/span><span class=\"Bold\"> cualquier cosa con este t\u00edtulo <\/span><span class=\"Translation\">(irgendetwas mit diesem Titel)<\/span><span class=\"Bold\">.<\/span><\/p>\r\n<p class=\"Adapted\"><span class=\"Bold\">Hoy<a id=\"_idTextAnchor001\"><\/a>, que se me ha presentado ocasi\u00f3n <\/span><span class=\"Translation\">(heute, wo sich mir \/eine\/ Gelegenheit geboten hat; <\/span><span class=\"Translation\"><span class=\"Comment-Words\">presentar<\/span><\/span><span class=\"Translation\"><span class=\"Comments\"> \u2014 zeigen; vorstellen<\/span><\/span><span class=\"Translation\">)<\/span><span class=\"Bold\">, lo he puesto con letras grandes <\/span><span class=\"Translation\">(das habe ich in gro\u00dfen Buchstaben gesetzt = habe ich es in Gro\u00dfbuchstaben gesetzt; <\/span><span class=\"Translation\"><span class=\"Comment-Words\">poner<\/span><\/span><span class=\"Translation\"><span class=\"Comments\"> \u2014 setzen; stellen; legen<\/span><\/span><span class=\"Translation\">)<\/span><span class=\"Bold\"> en la primera cuartilla de papel <\/span><span class=\"Translation\">(auf das erste Blatt: \u00abauf das erste Viertelpapier\u00bb; <\/span><span class=\"Translation\"><span class=\"Comment-Words\">cuarto<\/span><\/span><span class=\"Translation\"><span class=\"Gender _idGenCharOverride-1\">m <\/span><\/span><span class=\"Translation\"><span class=\"Comments\">\u2014 Viertel<\/span><\/span><span class=\"Translation\">)<\/span><span class=\"Bold\">, y luego he dejado a capricho volar la pluma <\/span><span class=\"Translation\">(und dann habe ich nach Belieben die Feder fliegen lassen; <\/span><span class=\"Translation\"><span class=\"Comment-Words\">dejar<\/span><\/span><span class=\"Translation\"><span class=\"Comments\"> \u2014 lassen; <\/span><\/span><span class=\"Translation\"><span class=\"Comment-Words\">capricho<\/span><\/span><span class=\"Translation\"><span class=\"Gender _idGenCharOverride-1\">m <\/span><\/span><span class=\"Translation\"><span class=\"Comments\">\u2014 Laune<\/span><\/span><span class=\"Translation\">)<\/span><span class=\"Bold\">.<\/span><\/p>\r\n\r\n<\/div>\r\n[audio mp3=\"https:\/\/easyoriginal1.s3.eu-central-1.amazonaws.com\/spanisch\/s1\/1.mp3\"][\/audio]\r\n<div class=\"original-container\">\r\n<p class=\"Original\">Hace mucho tiempo que ten\u00eda ganas de escribir cualquier cosa con este t\u00edtulo.<\/p>\r\n<p class=\"Original\">Hoy, que se me ha presentado ocasi\u00f3n, lo he puesto con letras grandes en la primera cuartilla de papel, y luego he dejado a capricho volar la pluma.<\/p>\r\n\r\n<\/div>\r\n<a class=\"weiter\" href=\"\/webreader\/los-ojos-verdes\/fragment\/1-4-2\/\">weiter lesen<\/a>","_et_gb_content_width":""},"product_brand":[],"product_cat":[44],"product_tag":[164,163],"class_list":{"0":"post-13548","1":"product","2":"type-product","3":"status-publish","4":"has-post-thumbnail","6":"product_cat-spanisch-deutsch","7":"product_tag-anfaenger","8":"product_tag-maerchen","10":"first","11":"instock","12":"taxable","13":"shipping-taxable","14":"purchasable","15":"product-type-variable"},"acf":[],"yoast_head":"<!-- This site is optimized with the Yoast SEO plugin v27.3 - https:\/\/yoast.com\/product\/yoast-seo-wordpress\/ -->\n<title>Los caballeros del pez \/ Die Ritter vom Fisch - EasyOriginal.com<\/title>\n<meta name=\"robots\" content=\"index, follow, max-snippet:-1, max-image-preview:large, max-video-preview:-1\" \/>\n<link rel=\"canonical\" href=\"https:\/\/easyoriginal.com\/en\/shop\/spanisch-deutsch\/los-caballeros-del-pez-die-ritter-vom-fisch\/\" \/>\n<meta property=\"og:locale\" content=\"en_GB\" \/>\n<meta property=\"og:type\" content=\"article\" \/>\n<meta property=\"og:title\" content=\"Los caballeros del pez \/ Die Ritter vom Fisch - EasyOriginal.com\" \/>\n<meta property=\"og:description\" content=\"Los caballeros del pez von Fern\u00e1n Caballero ist eine fesselnde Erz\u00e4hlung, die den Leser in eine Welt voller Magie und Abenteuer entf\u00fchrt. Folgen Sie einem mutigen Helden, der sich auf eine epische Reise begibt, um fantastische Kreaturen zu besiegen und verwunschene Orte zu erkunden. Diese Geschichte ist ein zeitloses M\u00e4rchen, das Mut, List und Entschlossenheit feiert.  Erleben Sie eine packende und zauberhafte Geschichte, die Spannung und eine Prise Magie verspricht. Perfekt f\u00fcr Leser aller Altersgruppen, die sich von heldenhaften Taten und geheimnisvollen Abenteuern begeistern lassen m\u00f6chten.  Tauchen Sie ein in die faszinierende Welt von Los caballeros del pez und lassen Sie sich von dieser zeitlosen Erz\u00e4hlung verzaubern. Ideal f\u00fcr alle, die klassische M\u00e4rchen und abenteuerliche Geschichten lieben. Ungek\u00fcrzter Originaltext. Zweisprachiges Buch Spanisch-Deutsch.\" \/>\n<meta property=\"og:url\" content=\"https:\/\/easyoriginal.com\/en\/shop\/spanisch-deutsch\/los-caballeros-del-pez-die-ritter-vom-fisch\/\" \/>\n<meta property=\"og:site_name\" content=\"EasyOriginal.com\" \/>\n<meta property=\"article:modified_time\" content=\"2024-10-15T08:49:58+00:00\" \/>\n<meta property=\"og:image\" content=\"https:\/\/easyoriginal.com\/wp-content\/uploads\/caballero_los_caballeros_del_pez_cover_2024.jpg\" \/>\n\t<meta property=\"og:image:width\" content=\"1600\" \/>\n\t<meta property=\"og:image:height\" content=\"2400\" \/>\n\t<meta property=\"og:image:type\" content=\"image\/jpeg\" \/>\n<meta name=\"twitter:card\" content=\"summary_large_image\" \/>\n<meta name=\"twitter:label1\" content=\"Estimated reading time\" \/>\n\t<meta name=\"twitter:data1\" content=\"2 minutes\" \/>\n<script type=\"application\/ld+json\" class=\"yoast-schema-graph\">{\"@context\":\"https:\\\/\\\/schema.org\",\"@graph\":[{\"@type\":\"WebPage\",\"@id\":\"https:\\\/\\\/easyoriginal.com\\\/shop\\\/spanisch-deutsch\\\/los-caballeros-del-pez-die-ritter-vom-fisch\\\/\",\"url\":\"https:\\\/\\\/easyoriginal.com\\\/shop\\\/spanisch-deutsch\\\/los-caballeros-del-pez-die-ritter-vom-fisch\\\/\",\"name\":\"Los caballeros del pez \\\/ Die Ritter vom Fisch - EasyOriginal.com\",\"isPartOf\":{\"@id\":\"https:\\\/\\\/easyoriginal.com\\\/#website\"},\"primaryImageOfPage\":{\"@id\":\"https:\\\/\\\/easyoriginal.com\\\/shop\\\/spanisch-deutsch\\\/los-caballeros-del-pez-die-ritter-vom-fisch\\\/#primaryimage\"},\"image\":{\"@id\":\"https:\\\/\\\/easyoriginal.com\\\/shop\\\/spanisch-deutsch\\\/los-caballeros-del-pez-die-ritter-vom-fisch\\\/#primaryimage\"},\"thumbnailUrl\":\"https:\\\/\\\/easyoriginal.com\\\/wp-content\\\/uploads\\\/caballero_los_caballeros_del_pez_cover_2024.jpg\",\"datePublished\":\"2024-06-15T13:37:00+00:00\",\"dateModified\":\"2024-10-15T08:49:58+00:00\",\"breadcrumb\":{\"@id\":\"https:\\\/\\\/easyoriginal.com\\\/shop\\\/spanisch-deutsch\\\/los-caballeros-del-pez-die-ritter-vom-fisch\\\/#breadcrumb\"},\"inLanguage\":\"en-GB\",\"potentialAction\":[{\"@type\":\"ReadAction\",\"target\":[\"https:\\\/\\\/easyoriginal.com\\\/shop\\\/spanisch-deutsch\\\/los-caballeros-del-pez-die-ritter-vom-fisch\\\/\"]}]},{\"@type\":\"ImageObject\",\"inLanguage\":\"en-GB\",\"@id\":\"https:\\\/\\\/easyoriginal.com\\\/shop\\\/spanisch-deutsch\\\/los-caballeros-del-pez-die-ritter-vom-fisch\\\/#primaryimage\",\"url\":\"https:\\\/\\\/easyoriginal.com\\\/wp-content\\\/uploads\\\/caballero_los_caballeros_del_pez_cover_2024.jpg\",\"contentUrl\":\"https:\\\/\\\/easyoriginal.com\\\/wp-content\\\/uploads\\\/caballero_los_caballeros_del_pez_cover_2024.jpg\",\"width\":1600,\"height\":2400},{\"@type\":\"BreadcrumbList\",\"@id\":\"https:\\\/\\\/easyoriginal.com\\\/shop\\\/spanisch-deutsch\\\/los-caballeros-del-pez-die-ritter-vom-fisch\\\/#breadcrumb\",\"itemListElement\":[{\"@type\":\"ListItem\",\"position\":1,\"name\":\"Startseite\",\"item\":\"https:\\\/\\\/easyoriginal.com\\\/\"},{\"@type\":\"ListItem\",\"position\":2,\"name\":\"Shop\",\"item\":\"https:\\\/\\\/easyoriginal.com\\\/shop\\\/\"},{\"@type\":\"ListItem\",\"position\":3,\"name\":\"Los caballeros del pez \\\/ Die Ritter vom Fisch\"}]},{\"@type\":\"WebSite\",\"@id\":\"https:\\\/\\\/easyoriginal.com\\\/#website\",\"url\":\"https:\\\/\\\/easyoriginal.com\\\/\",\"name\":\"EasyOriginal.com\",\"description\":\"Spa\u00df am Lesen im Original - Innovative Lesemethode f\u00fcr Fremdsprachen\",\"publisher\":{\"@id\":\"https:\\\/\\\/easyoriginal.com\\\/#organization\"},\"potentialAction\":[{\"@type\":\"SearchAction\",\"target\":{\"@type\":\"EntryPoint\",\"urlTemplate\":\"https:\\\/\\\/easyoriginal.com\\\/?s={search_term_string}\"},\"query-input\":{\"@type\":\"PropertyValueSpecification\",\"valueRequired\":true,\"valueName\":\"search_term_string\"}}],\"inLanguage\":\"en-GB\"},{\"@type\":\"Organization\",\"@id\":\"https:\\\/\\\/easyoriginal.com\\\/#organization\",\"name\":\"EasyOriginal Verlag\",\"url\":\"https:\\\/\\\/easyoriginal.com\\\/\",\"logo\":{\"@type\":\"ImageObject\",\"inLanguage\":\"en-GB\",\"@id\":\"https:\\\/\\\/easyoriginal.com\\\/#\\\/schema\\\/logo\\\/image\\\/\",\"url\":\"https:\\\/\\\/easyoriginal.com\\\/wp-content\\\/uploads\\\/2020\\\/08\\\/logo_main.png\",\"contentUrl\":\"https:\\\/\\\/easyoriginal.com\\\/wp-content\\\/uploads\\\/2020\\\/08\\\/logo_main.png\",\"width\":500,\"height\":103,\"caption\":\"EasyOriginal Verlag\"},\"image\":{\"@id\":\"https:\\\/\\\/easyoriginal.com\\\/#\\\/schema\\\/logo\\\/image\\\/\"}}]}<\/script>\n<!-- \/ Yoast SEO plugin. -->","yoast_head_json":{"title":"Los caballeros del pez \/ Die Ritter vom Fisch - EasyOriginal.com","robots":{"index":"index","follow":"follow","max-snippet":"max-snippet:-1","max-image-preview":"max-image-preview:large","max-video-preview":"max-video-preview:-1"},"canonical":"https:\/\/easyoriginal.com\/en\/shop\/spanisch-deutsch\/los-caballeros-del-pez-die-ritter-vom-fisch\/","og_locale":"en_GB","og_type":"article","og_title":"Los caballeros del pez \/ Die Ritter vom Fisch - EasyOriginal.com","og_description":"Los caballeros del pez von Fern\u00e1n Caballero ist eine fesselnde Erz\u00e4hlung, die den Leser in eine Welt voller Magie und Abenteuer entf\u00fchrt. Folgen Sie einem mutigen Helden, der sich auf eine epische Reise begibt, um fantastische Kreaturen zu besiegen und verwunschene Orte zu erkunden. Diese Geschichte ist ein zeitloses M\u00e4rchen, das Mut, List und Entschlossenheit feiert.  Erleben Sie eine packende und zauberhafte Geschichte, die Spannung und eine Prise Magie verspricht. Perfekt f\u00fcr Leser aller Altersgruppen, die sich von heldenhaften Taten und geheimnisvollen Abenteuern begeistern lassen m\u00f6chten.  Tauchen Sie ein in die faszinierende Welt von Los caballeros del pez und lassen Sie sich von dieser zeitlosen Erz\u00e4hlung verzaubern. Ideal f\u00fcr alle, die klassische M\u00e4rchen und abenteuerliche Geschichten lieben. Ungek\u00fcrzter Originaltext. Zweisprachiges Buch Spanisch-Deutsch.","og_url":"https:\/\/easyoriginal.com\/en\/shop\/spanisch-deutsch\/los-caballeros-del-pez-die-ritter-vom-fisch\/","og_site_name":"EasyOriginal.com","article_modified_time":"2024-10-15T08:49:58+00:00","og_image":[{"width":1600,"height":2400,"url":"https:\/\/easyoriginal.com\/wp-content\/uploads\/caballero_los_caballeros_del_pez_cover_2024.jpg","type":"image\/jpeg"}],"twitter_card":"summary_large_image","twitter_misc":{"Estimated reading time":"2 minutes"},"schema":{"@context":"https:\/\/schema.org","@graph":[{"@type":"WebPage","@id":"https:\/\/easyoriginal.com\/shop\/spanisch-deutsch\/los-caballeros-del-pez-die-ritter-vom-fisch\/","url":"https:\/\/easyoriginal.com\/shop\/spanisch-deutsch\/los-caballeros-del-pez-die-ritter-vom-fisch\/","name":"Los caballeros del pez \/ Die Ritter vom Fisch - EasyOriginal.com","isPartOf":{"@id":"https:\/\/easyoriginal.com\/#website"},"primaryImageOfPage":{"@id":"https:\/\/easyoriginal.com\/shop\/spanisch-deutsch\/los-caballeros-del-pez-die-ritter-vom-fisch\/#primaryimage"},"image":{"@id":"https:\/\/easyoriginal.com\/shop\/spanisch-deutsch\/los-caballeros-del-pez-die-ritter-vom-fisch\/#primaryimage"},"thumbnailUrl":"https:\/\/easyoriginal.com\/wp-content\/uploads\/caballero_los_caballeros_del_pez_cover_2024.jpg","datePublished":"2024-06-15T13:37:00+00:00","dateModified":"2024-10-15T08:49:58+00:00","breadcrumb":{"@id":"https:\/\/easyoriginal.com\/shop\/spanisch-deutsch\/los-caballeros-del-pez-die-ritter-vom-fisch\/#breadcrumb"},"inLanguage":"en-GB","potentialAction":[{"@type":"ReadAction","target":["https:\/\/easyoriginal.com\/shop\/spanisch-deutsch\/los-caballeros-del-pez-die-ritter-vom-fisch\/"]}]},{"@type":"ImageObject","inLanguage":"en-GB","@id":"https:\/\/easyoriginal.com\/shop\/spanisch-deutsch\/los-caballeros-del-pez-die-ritter-vom-fisch\/#primaryimage","url":"https:\/\/easyoriginal.com\/wp-content\/uploads\/caballero_los_caballeros_del_pez_cover_2024.jpg","contentUrl":"https:\/\/easyoriginal.com\/wp-content\/uploads\/caballero_los_caballeros_del_pez_cover_2024.jpg","width":1600,"height":2400},{"@type":"BreadcrumbList","@id":"https:\/\/easyoriginal.com\/shop\/spanisch-deutsch\/los-caballeros-del-pez-die-ritter-vom-fisch\/#breadcrumb","itemListElement":[{"@type":"ListItem","position":1,"name":"Startseite","item":"https:\/\/easyoriginal.com\/"},{"@type":"ListItem","position":2,"name":"Shop","item":"https:\/\/easyoriginal.com\/shop\/"},{"@type":"ListItem","position":3,"name":"Los caballeros del pez \/ Die Ritter vom Fisch"}]},{"@type":"WebSite","@id":"https:\/\/easyoriginal.com\/#website","url":"https:\/\/easyoriginal.com\/","name":"EasyOriginal.com","description":"Spa\u00df am Lesen im Original - Innovative Lesemethode f\u00fcr Fremdsprachen","publisher":{"@id":"https:\/\/easyoriginal.com\/#organization"},"potentialAction":[{"@type":"SearchAction","target":{"@type":"EntryPoint","urlTemplate":"https:\/\/easyoriginal.com\/?s={search_term_string}"},"query-input":{"@type":"PropertyValueSpecification","valueRequired":true,"valueName":"search_term_string"}}],"inLanguage":"en-GB"},{"@type":"Organization","@id":"https:\/\/easyoriginal.com\/#organization","name":"EasyOriginal Verlag","url":"https:\/\/easyoriginal.com\/","logo":{"@type":"ImageObject","inLanguage":"en-GB","@id":"https:\/\/easyoriginal.com\/#\/schema\/logo\/image\/","url":"https:\/\/easyoriginal.com\/wp-content\/uploads\/2020\/08\/logo_main.png","contentUrl":"https:\/\/easyoriginal.com\/wp-content\/uploads\/2020\/08\/logo_main.png","width":500,"height":103,"caption":"EasyOriginal Verlag"},"image":{"@id":"https:\/\/easyoriginal.com\/#\/schema\/logo\/image\/"}}]}},"_links":{"self":[{"href":"https:\/\/easyoriginal.com\/en\/wp-json\/wp\/v2\/product\/13548","targetHints":{"allow":["GET"]}}],"collection":[{"href":"https:\/\/easyoriginal.com\/en\/wp-json\/wp\/v2\/product"}],"about":[{"href":"https:\/\/easyoriginal.com\/en\/wp-json\/wp\/v2\/types\/product"}],"replies":[{"embeddable":true,"href":"https:\/\/easyoriginal.com\/en\/wp-json\/wp\/v2\/comments?post=13548"}],"wp:featuredmedia":[{"embeddable":true,"href":"https:\/\/easyoriginal.com\/en\/wp-json\/wp\/v2\/media\/13555"}],"wp:attachment":[{"href":"https:\/\/easyoriginal.com\/en\/wp-json\/wp\/v2\/media?parent=13548"}],"wp:term":[{"taxonomy":"product_brand","embeddable":true,"href":"https:\/\/easyoriginal.com\/en\/wp-json\/wp\/v2\/product_brand?post=13548"},{"taxonomy":"product_cat","embeddable":true,"href":"https:\/\/easyoriginal.com\/en\/wp-json\/wp\/v2\/product_cat?post=13548"},{"taxonomy":"product_tag","embeddable":true,"href":"https:\/\/easyoriginal.com\/en\/wp-json\/wp\/v2\/product_tag?post=13548"}],"curies":[{"name":"wp","href":"https:\/\/api.w.org\/{rel}","templated":true}]}}