{"id":13307,"date":"2024-05-22T15:23:11","date_gmt":"2024-05-22T13:23:11","guid":{"rendered":"https:\/\/easyoriginal.com\/?post_type=product&#038;p=13307"},"modified":"2025-04-08T20:14:27","modified_gmt":"2025-04-08T18:14:27","slug":"the-influencers-predicament-die-not-der-influencerin","status":"publish","type":"product","link":"https:\/\/easyoriginal.com\/en\/shop\/modern-englisch-frank\/the-influencers-predicament-die-not-der-influencerin\/","title":{"rendered":"The Influencer&#8217;s Predicament \/ Die Not der Influencerin"},"content":{"rendered":"<div class=\"adapted-container\">\n<p class=\"Adapted\">Clara Bell gazed at her reflection <span class=\"Translation CharOverride-1\">(Clara Bell betrachtete ihr Spiegelbild)<\/span> as she applied a coat of ruby red lipstick with practiced precision <span class=\"Translation CharOverride-1\">(w\u00e4hrend sie mit ge\u00fcbter Pr\u00e4zision einen Mantel aus rubinrotem Lippenstift auftru<\/span><span class=\"Translation\"><span class=\"No-Break CharOverride-1\">g;<\/span><\/span><span class=\"Translation\"><span class=\"Bold-Italic CharOverride-1\"> to apply<\/span><\/span><span class=\"Translation\"><span class=\"No-Break\"><span class=\"Bold-Italic CharOverride-1\"> <\/span><\/span><\/span><span class=\"Translation\"><span class=\"No-Break CharOverride-1\">\u2014<\/span><\/span><span class=\"Translation\"><span class=\"Bold-Italic CharOverride-1\"> <\/span><\/span><span class=\"Translation\"><span class=\"Italic CharOverride-1\">auftrage<\/span><\/span><span class=\"Translation\"><span class=\"No-Break\"><span class=\"Italic CharOverride-1\">n<\/span><\/span><\/span><span class=\"Translation\"><span class=\"No-Break CharOverride-1\">;<\/span><\/span><span class=\"Translation\"><span class=\"Bold-Italic CharOverride-1\"> coat<\/span><\/span><span class=\"Translation\"><span class=\"No-Break\"><span class=\"Bold-Italic CharOverride-1\"> <\/span><\/span><\/span><span class=\"Translation\"><span class=\"No-Break CharOverride-1\">\u2014<\/span><\/span><span class=\"Translation\"><span class=\"Bold-Italic CharOverride-1\"> <\/span><\/span><span class=\"Translation\"><span class=\"Italic CharOverride-1\">Schicht, Mante<\/span><\/span><span class=\"Translation\"><span class=\"No-Break\"><span class=\"Italic CharOverride-1\">l<\/span><\/span><\/span><span class=\"Translation\"><span class=\"No-Break CharOverride-1\">;<\/span><\/span><span class=\"Translation\"><span class=\"Bold-Italic CharOverride-1\"> ruby red<\/span><\/span><span class=\"Translation\"><span class=\"No-Break\"><span class=\"Bold-Italic CharOverride-1\"> <\/span><\/span><\/span><span class=\"Translation\"><span class=\"No-Break CharOverride-1\">\u2014<\/span><\/span><span class=\"Translation\"><span class=\"Bold-Italic CharOverride-1\"> <\/span><\/span><span class=\"Translation\"><span class=\"Italic CharOverride-1\">rubinro<\/span><\/span><span class=\"Translation\"><span class=\"No-Break\"><span class=\"Italic CharOverride-1\">t<\/span><\/span><\/span><span class=\"Translation\"><span class=\"No-Break CharOverride-1\">;<\/span><\/span><span class=\"Translation\"><span class=\"Bold-Italic CharOverride-1\"> practiced<\/span><\/span><span class=\"Translation\"><span class=\"No-Break\"><span class=\"Bold-Italic CharOverride-1\"> <\/span><\/span><\/span><span class=\"Translation\"><span class=\"No-Break CharOverride-1\">\u2014<\/span><\/span><span class=\"Translation\"><span class=\"Bold-Italic CharOverride-1\"> <\/span><\/span><span class=\"Translation\"><span class=\"Italic CharOverride-1\">ge\u00fcb<\/span><\/span><span class=\"Translation\"><span class=\"No-Break\"><span class=\"Italic CharOverride-1\">t<\/span><\/span><\/span><span class=\"Translation\"><span class=\"No-Break CharOverride-1\">;<\/span><\/span><span class=\"Translation\"><span class=\"Bold-Italic CharOverride-1\"> precision<\/span><\/span><span class=\"Translation\"><span class=\"No-Break\"><span class=\"Bold-Italic CharOverride-1\"> <\/span><\/span><\/span><span class=\"Translation\"><span class=\"No-Break CharOverride-1\">\u2014<\/span><\/span><span class=\"Translation\"><span class=\"Bold-Italic CharOverride-1\"> <\/span><\/span><span class=\"Translation\"><span class=\"Italic CharOverride-1\">Pr\u00e4zision<\/span><\/span><span class=\"Translation CharOverride-1\">)<\/span>. Her fingertips glided across the vanity table <span class=\"Translation CharOverride-1\">(ihre Fingerspitzen glitten \u00fcber den Schminktisch)<\/span>, picking up bottles and tubes <span class=\"Translation CharOverride-1\">(nahmen Flaschen und Tuben auf)<\/span>, dabbing and brushing until her makeup was flawless <span class=\"Translation CharOverride-1\">(tupften und pinselten, bis ihr Make-up makellos wa<\/span><span class=\"Translation\"><span class=\"No-Break CharOverride-1\">r;<\/span><\/span><span class=\"Translation\"><span class=\"Bold-Italic CharOverride-1\"> to dab<\/span><\/span><span class=\"Translation\"><span class=\"No-Break\"><span class=\"Bold-Italic CharOverride-1\"> <\/span><\/span><\/span><span class=\"Translation\"><span class=\"No-Break CharOverride-1\">\u2014<\/span><\/span><span class=\"Translation\"><span class=\"Bold-Italic CharOverride-1\"> <\/span><\/span><span class=\"Translation\"><span class=\"Italic CharOverride-1\">tupfe<\/span><\/span><span class=\"Translation\"><span class=\"No-Break\"><span class=\"Italic CharOverride-1\">n<\/span><\/span><\/span><span class=\"Translation\"><span class=\"No-Break CharOverride-1\">;<\/span><\/span><span class=\"Translation\"><span class=\"Bold-Italic CharOverride-1\"> to brush<\/span><\/span><span class=\"Translation\"><span class=\"No-Break\"><span class=\"Bold-Italic CharOverride-1\"> <\/span><\/span><\/span><span class=\"Translation\"><span class=\"No-Break CharOverride-1\">\u2014<\/span><\/span><span class=\"Translation\"><span class=\"Bold-Italic CharOverride-1\"> <\/span><\/span><span class=\"Translation\"><span class=\"Italic CharOverride-1\">pinsel<\/span><\/span><span class=\"Translation\"><span class=\"No-Break\"><span class=\"Italic CharOverride-1\">n<\/span><\/span><\/span><span class=\"Translation\"><span class=\"No-Break CharOverride-1\">;<\/span><\/span><span class=\"Translation\"><span class=\"Bold-Italic CharOverride-1\"> flawless<\/span><\/span><span class=\"Translation\"><span class=\"No-Break\"><span class=\"Bold-Italic CharOverride-1\"> <\/span><\/span><\/span><span class=\"Translation\"><span class=\"No-Break CharOverride-1\">\u2014<\/span><\/span><span class=\"Translation\"><span class=\"Bold-Italic CharOverride-1\"> <\/span><\/span><span class=\"Translation\"><span class=\"Italic CharOverride-1\">makellos<\/span><\/span><span class=\"Translation CharOverride-1\">)<\/span>.<\/p>\n<\/div>\n<audio class=\"wp-audio-shortcode\" id=\"audio-13307-1\" preload=\"none\" style=\"width: 100%;\" controls=\"controls\"><source type=\"audio\/mpeg\" src=\"https:\/\/easyoriginal1.s3.eu-central-1.amazonaws.com\/englisch\/e64\/01.mp3?_=1\" \/><a href=\"https:\/\/easyoriginal1.s3.eu-central-1.amazonaws.com\/englisch\/e64\/01.mp3\">https:\/\/easyoriginal1.s3.eu-central-1.amazonaws.com\/englisch\/e64\/01.mp3<\/a><\/audio>\n<div class=\"original-container\">\n<p class=\"Original\" lang=\"en-GB\">Clara Bell gazed at her reflection as she applied a coat of ruby red lipstick with practiced precision. Her fingertips glided across the vanity table, picking up bottles and tubes, dabbing and brushing until her makeup was flawless.<\/p>\n<\/div>","protected":false},"excerpt":{"rendered":"<p>Entdecken Sie &#8222;The Influencer&#8217;s Predicament&#8220;, eine fesselnde Geschichte, die Clara Bell, eine glamour\u00f6se Influencerin, in den Mittelpunkt stellt. Claras Leben auf der schillernden Online-Plattform ChicSite ist ein Wirbelwind aus Eleganz und stilvollen Abenteuern, bis ihr ungew\u00f6hnlicher Co-Star, der pfiffige Papagei Mr. Tweets, f\u00fcr unerwartete Wendungen sorgt. Dieser charmante Federfreund st\u00fcrzt Clara in eine Reihe von komischen, doch herzerw\u00e4rmenden Situationen, die sie dazu bringen, die Bedeutung von Authentizit\u00e4t und die Kraft der wahren Selbstakzeptanz zu entdecken. Treten Sie ein in eine Welt, in der die glitzernde Fassade der Perfektion auf die unvorhersehbaren Freuden des echten Lebens trifft, und lassen Sie sich von Claras Reise zu sich selbst inspirieren.<\/p>\n<p>Ungek\u00fcrzter Originaltext. Zweisprachiges Buch Englisch-Deutsch<\/p>","protected":false},"featured_media":13314,"comment_status":"open","ping_status":"closed","template":"","meta":{"_acf_changed":false,"_et_pb_use_builder":"off","_et_pb_old_content":"<div class=\"adapted-container\">\r\n<p class=\"Adapted\" lang=\"de-DE\"><span class=\"Bold\">It was a hot afternoon <\/span><span class=\"Translation\">(es war ein hei\u00dfer Nachmittag)<\/span><span class=\"Bold\">, and the railway carriage was correspondingly sultry <\/span><span class=\"Translation\">(und der Eisenbahnwaggon war entsprechend stickig; <\/span><span class=\"Translation\"><span class=\"Comments\">carriage <\/span><\/span><span class=\"Translation\"><span class=\"Transcription\">[\u201ak\u00e6r\u026ad\u0292]<\/span><\/span><span class=\"Translation\"><span class=\"Comments\">;<\/span><\/span> <span class=\"Translation\"><span class=\"Comments\">correspondingly <\/span><\/span><span class=\"Translation\"><span class=\"Transcription\">[\u02cck\u0252r\u0259\u02c8sp\u0252nd\u026a\u014bli]<\/span><\/span><span class=\"Translation\"><span class=\"Comments\">;<\/span><\/span> <span class=\"Translation\"><span class=\"Comment-Words\">sultry<\/span><\/span><span class=\"Translation\"><span class=\"Comments\"> \u2014 schw\u00fcl, stickig<\/span><\/span><span class=\"Translation\">)<\/span><span class=\"Bold\">, and the next stop was at Templecombe, nearly an hour ahead <\/span><span class=\"Translation\">(und die n\u00e4chste Station war in Templecombe, fast eine Stunde entfernt; <\/span><span class=\"Translation\"><span class=\"Comment-Words\">nearly<\/span><\/span><span class=\"Translation\"><span class=\"Comments\"> \u2014 beinahe, fast; <\/span><\/span><span class=\"Translation\"><span class=\"Comment-Words\">ahead<\/span><\/span> <span class=\"Translation\"><span class=\"Transcription\">[\u0259\u2018h\u025bd]<\/span><\/span><span class=\"Translation\"><span class=\"Comments\"> \u2014 voraus, vor, entfernt<\/span><\/span><span class=\"Translation\">)<\/span><span class=\"Bold\">. The occupants of the carriage were a small girl <\/span><span class=\"Translation\">(die Insassen des Waggons waren ein kleines M\u00e4dchen; <\/span><span class=\"Translation\"><span class=\"Comment-Words\">occupant<\/span><\/span> <span class=\"Translation\"><span class=\"Transcription\">[\u201a\u0252kj\u028ap\u0259nt]<\/span><\/span><span class=\"Translation\"><span class=\"Comments\"> \u2014 Bewohner, Inhaber, Insasse; <\/span><\/span><span class=\"Translation\"><span class=\"Comment-Words\">to occupy<\/span><\/span> <span class=\"Translation\"><span class=\"Transcription\">[\u201a\u0252kj\u028a\u02ccpa\u026a]<\/span><\/span><span class=\"Translation\"><span class=\"Comments\"> \u2014 besetzen, einnehmen<\/span><\/span><span class=\"Translation\">)<\/span><span class=\"Bold\">, and a smaller girl, and a small boy <\/span><span class=\"Translation\">(und ein kleineres M\u00e4dchen und ein kleiner Junge)<\/span><span class=\"Bold\">.<\/span><\/p>\r\n\r\n<\/div>\r\n[audio mp3=\"https:\/\/easyoriginal1.s3.eu-central-1.amazonaws.com\/englisch\/e2\/1.mp3\"][\/audio]\r\n<div class=\"original-container\">\r\n<p class=\"Original\">It was a hot afternoon, and the railway carriage was correspondingly sultry, and the next stop was at Templecombe, nearly an hour ahead. The occupants of the carriage were a small girl, and a smaller girl, and a small boy.<\/p>\r\n\r\n<\/div>\r\n<a class=\"weiter\" href=\"\/webreader\/the-story-teller\/fragment\/2-5\/\">weiter lesen<\/a>","_et_gb_content_width":""},"product_brand":[],"product_cat":[267],"product_tag":[71,261],"class_list":{"0":"post-13307","1":"product","2":"type-product","3":"status-publish","4":"has-post-thumbnail","6":"product_cat-modern-englisch-frank","7":"product_tag-kurzgeschichte","8":"product_tag-modern","10":"first","11":"instock","12":"taxable","13":"shipping-taxable","14":"purchasable","15":"product-type-variable"},"acf":[],"yoast_head":"<!-- This site is optimized with the Yoast SEO plugin v27.3 - https:\/\/yoast.com\/product\/yoast-seo-wordpress\/ -->\n<title>The Influencer&#039;s Predicament \/ Die Not der Influencerin - EasyOriginal.com<\/title>\n<meta name=\"robots\" content=\"index, follow, max-snippet:-1, max-image-preview:large, max-video-preview:-1\" \/>\n<link rel=\"canonical\" href=\"https:\/\/easyoriginal.com\/en\/shop\/modern-englisch-frank\/the-influencers-predicament-die-not-der-influencerin\/\" \/>\n<meta property=\"og:locale\" content=\"en_GB\" \/>\n<meta property=\"og:type\" content=\"article\" \/>\n<meta property=\"og:title\" content=\"The Influencer&#039;s Predicament \/ Die Not der Influencerin - EasyOriginal.com\" \/>\n<meta property=\"og:description\" content=\"Entdecken Sie &quot;The Influencer&#039;s Predicament&quot;, eine fesselnde Geschichte, die Clara Bell, eine glamour\u00f6se Influencerin, in den Mittelpunkt stellt. Claras Leben auf der schillernden Online-Plattform ChicSite ist ein Wirbelwind aus Eleganz und stilvollen Abenteuern, bis ihr ungew\u00f6hnlicher Co-Star, der pfiffige Papagei Mr. Tweets, f\u00fcr unerwartete Wendungen sorgt. Dieser charmante Federfreund st\u00fcrzt Clara in eine Reihe von komischen, doch herzerw\u00e4rmenden Situationen, die sie dazu bringen, die Bedeutung von Authentizit\u00e4t und die Kraft der wahren Selbstakzeptanz zu entdecken. Treten Sie ein in eine Welt, in der die glitzernde Fassade der Perfektion auf die unvorhersehbaren Freuden des echten Lebens trifft, und lassen Sie sich von Claras Reise zu sich selbst inspirieren.  Ungek\u00fcrzter Originaltext. Zweisprachiges Buch Englisch-Deutsch\" \/>\n<meta property=\"og:url\" content=\"https:\/\/easyoriginal.com\/en\/shop\/modern-englisch-frank\/the-influencers-predicament-die-not-der-influencerin\/\" \/>\n<meta property=\"og:site_name\" content=\"EasyOriginal.com\" \/>\n<meta property=\"article:modified_time\" content=\"2025-04-08T18:14:27+00:00\" \/>\n<meta property=\"og:image\" content=\"https:\/\/easyoriginal.com\/wp-content\/uploads\/The_Influencers_Predicament_cover.jpg\" \/>\n\t<meta property=\"og:image:width\" content=\"1600\" \/>\n\t<meta property=\"og:image:height\" content=\"2400\" \/>\n\t<meta property=\"og:image:type\" content=\"image\/jpeg\" \/>\n<meta name=\"twitter:card\" content=\"summary_large_image\" \/>\n<meta name=\"twitter:label1\" content=\"Estimated reading time\" \/>\n\t<meta name=\"twitter:data1\" content=\"1 minute\" \/>\n<script type=\"application\/ld+json\" class=\"yoast-schema-graph\">{\"@context\":\"https:\\\/\\\/schema.org\",\"@graph\":[{\"@type\":\"WebPage\",\"@id\":\"https:\\\/\\\/easyoriginal.com\\\/shop\\\/modern-englisch-frank\\\/the-influencers-predicament-die-not-der-influencerin\\\/\",\"url\":\"https:\\\/\\\/easyoriginal.com\\\/shop\\\/modern-englisch-frank\\\/the-influencers-predicament-die-not-der-influencerin\\\/\",\"name\":\"The Influencer's Predicament \\\/ Die Not der Influencerin - EasyOriginal.com\",\"isPartOf\":{\"@id\":\"https:\\\/\\\/easyoriginal.com\\\/#website\"},\"primaryImageOfPage\":{\"@id\":\"https:\\\/\\\/easyoriginal.com\\\/shop\\\/modern-englisch-frank\\\/the-influencers-predicament-die-not-der-influencerin\\\/#primaryimage\"},\"image\":{\"@id\":\"https:\\\/\\\/easyoriginal.com\\\/shop\\\/modern-englisch-frank\\\/the-influencers-predicament-die-not-der-influencerin\\\/#primaryimage\"},\"thumbnailUrl\":\"https:\\\/\\\/easyoriginal.com\\\/wp-content\\\/uploads\\\/The_Influencers_Predicament_cover.jpg\",\"datePublished\":\"2024-05-22T13:23:11+00:00\",\"dateModified\":\"2025-04-08T18:14:27+00:00\",\"breadcrumb\":{\"@id\":\"https:\\\/\\\/easyoriginal.com\\\/shop\\\/modern-englisch-frank\\\/the-influencers-predicament-die-not-der-influencerin\\\/#breadcrumb\"},\"inLanguage\":\"en-GB\",\"potentialAction\":[{\"@type\":\"ReadAction\",\"target\":[\"https:\\\/\\\/easyoriginal.com\\\/shop\\\/modern-englisch-frank\\\/the-influencers-predicament-die-not-der-influencerin\\\/\"]}]},{\"@type\":\"ImageObject\",\"inLanguage\":\"en-GB\",\"@id\":\"https:\\\/\\\/easyoriginal.com\\\/shop\\\/modern-englisch-frank\\\/the-influencers-predicament-die-not-der-influencerin\\\/#primaryimage\",\"url\":\"https:\\\/\\\/easyoriginal.com\\\/wp-content\\\/uploads\\\/The_Influencers_Predicament_cover.jpg\",\"contentUrl\":\"https:\\\/\\\/easyoriginal.com\\\/wp-content\\\/uploads\\\/The_Influencers_Predicament_cover.jpg\",\"width\":1600,\"height\":2400},{\"@type\":\"BreadcrumbList\",\"@id\":\"https:\\\/\\\/easyoriginal.com\\\/shop\\\/modern-englisch-frank\\\/the-influencers-predicament-die-not-der-influencerin\\\/#breadcrumb\",\"itemListElement\":[{\"@type\":\"ListItem\",\"position\":1,\"name\":\"Startseite\",\"item\":\"https:\\\/\\\/easyoriginal.com\\\/\"},{\"@type\":\"ListItem\",\"position\":2,\"name\":\"Shop\",\"item\":\"https:\\\/\\\/easyoriginal.com\\\/shop\\\/\"},{\"@type\":\"ListItem\",\"position\":3,\"name\":\"The Influencer&#8217;s Predicament \\\/ Die Not der Influencerin\"}]},{\"@type\":\"WebSite\",\"@id\":\"https:\\\/\\\/easyoriginal.com\\\/#website\",\"url\":\"https:\\\/\\\/easyoriginal.com\\\/\",\"name\":\"EasyOriginal.com\",\"description\":\"Spa\u00df am Lesen im Original - Innovative Lesemethode f\u00fcr Fremdsprachen\",\"publisher\":{\"@id\":\"https:\\\/\\\/easyoriginal.com\\\/#organization\"},\"potentialAction\":[{\"@type\":\"SearchAction\",\"target\":{\"@type\":\"EntryPoint\",\"urlTemplate\":\"https:\\\/\\\/easyoriginal.com\\\/?s={search_term_string}\"},\"query-input\":{\"@type\":\"PropertyValueSpecification\",\"valueRequired\":true,\"valueName\":\"search_term_string\"}}],\"inLanguage\":\"en-GB\"},{\"@type\":\"Organization\",\"@id\":\"https:\\\/\\\/easyoriginal.com\\\/#organization\",\"name\":\"EasyOriginal Verlag\",\"url\":\"https:\\\/\\\/easyoriginal.com\\\/\",\"logo\":{\"@type\":\"ImageObject\",\"inLanguage\":\"en-GB\",\"@id\":\"https:\\\/\\\/easyoriginal.com\\\/#\\\/schema\\\/logo\\\/image\\\/\",\"url\":\"https:\\\/\\\/easyoriginal.com\\\/wp-content\\\/uploads\\\/2020\\\/08\\\/logo_main.png\",\"contentUrl\":\"https:\\\/\\\/easyoriginal.com\\\/wp-content\\\/uploads\\\/2020\\\/08\\\/logo_main.png\",\"width\":500,\"height\":103,\"caption\":\"EasyOriginal Verlag\"},\"image\":{\"@id\":\"https:\\\/\\\/easyoriginal.com\\\/#\\\/schema\\\/logo\\\/image\\\/\"}}]}<\/script>\n<!-- \/ Yoast SEO plugin. -->","yoast_head_json":{"title":"The Influencer's Predicament \/ Die Not der Influencerin - EasyOriginal.com","robots":{"index":"index","follow":"follow","max-snippet":"max-snippet:-1","max-image-preview":"max-image-preview:large","max-video-preview":"max-video-preview:-1"},"canonical":"https:\/\/easyoriginal.com\/en\/shop\/modern-englisch-frank\/the-influencers-predicament-die-not-der-influencerin\/","og_locale":"en_GB","og_type":"article","og_title":"The Influencer's Predicament \/ Die Not der Influencerin - EasyOriginal.com","og_description":"Entdecken Sie \"The Influencer's Predicament\", eine fesselnde Geschichte, die Clara Bell, eine glamour\u00f6se Influencerin, in den Mittelpunkt stellt. Claras Leben auf der schillernden Online-Plattform ChicSite ist ein Wirbelwind aus Eleganz und stilvollen Abenteuern, bis ihr ungew\u00f6hnlicher Co-Star, der pfiffige Papagei Mr. Tweets, f\u00fcr unerwartete Wendungen sorgt. Dieser charmante Federfreund st\u00fcrzt Clara in eine Reihe von komischen, doch herzerw\u00e4rmenden Situationen, die sie dazu bringen, die Bedeutung von Authentizit\u00e4t und die Kraft der wahren Selbstakzeptanz zu entdecken. Treten Sie ein in eine Welt, in der die glitzernde Fassade der Perfektion auf die unvorhersehbaren Freuden des echten Lebens trifft, und lassen Sie sich von Claras Reise zu sich selbst inspirieren.  Ungek\u00fcrzter Originaltext. Zweisprachiges Buch Englisch-Deutsch","og_url":"https:\/\/easyoriginal.com\/en\/shop\/modern-englisch-frank\/the-influencers-predicament-die-not-der-influencerin\/","og_site_name":"EasyOriginal.com","article_modified_time":"2025-04-08T18:14:27+00:00","og_image":[{"width":1600,"height":2400,"url":"https:\/\/easyoriginal.com\/wp-content\/uploads\/The_Influencers_Predicament_cover.jpg","type":"image\/jpeg"}],"twitter_card":"summary_large_image","twitter_misc":{"Estimated reading time":"1 minute"},"schema":{"@context":"https:\/\/schema.org","@graph":[{"@type":"WebPage","@id":"https:\/\/easyoriginal.com\/shop\/modern-englisch-frank\/the-influencers-predicament-die-not-der-influencerin\/","url":"https:\/\/easyoriginal.com\/shop\/modern-englisch-frank\/the-influencers-predicament-die-not-der-influencerin\/","name":"The Influencer's Predicament \/ Die Not der Influencerin - EasyOriginal.com","isPartOf":{"@id":"https:\/\/easyoriginal.com\/#website"},"primaryImageOfPage":{"@id":"https:\/\/easyoriginal.com\/shop\/modern-englisch-frank\/the-influencers-predicament-die-not-der-influencerin\/#primaryimage"},"image":{"@id":"https:\/\/easyoriginal.com\/shop\/modern-englisch-frank\/the-influencers-predicament-die-not-der-influencerin\/#primaryimage"},"thumbnailUrl":"https:\/\/easyoriginal.com\/wp-content\/uploads\/The_Influencers_Predicament_cover.jpg","datePublished":"2024-05-22T13:23:11+00:00","dateModified":"2025-04-08T18:14:27+00:00","breadcrumb":{"@id":"https:\/\/easyoriginal.com\/shop\/modern-englisch-frank\/the-influencers-predicament-die-not-der-influencerin\/#breadcrumb"},"inLanguage":"en-GB","potentialAction":[{"@type":"ReadAction","target":["https:\/\/easyoriginal.com\/shop\/modern-englisch-frank\/the-influencers-predicament-die-not-der-influencerin\/"]}]},{"@type":"ImageObject","inLanguage":"en-GB","@id":"https:\/\/easyoriginal.com\/shop\/modern-englisch-frank\/the-influencers-predicament-die-not-der-influencerin\/#primaryimage","url":"https:\/\/easyoriginal.com\/wp-content\/uploads\/The_Influencers_Predicament_cover.jpg","contentUrl":"https:\/\/easyoriginal.com\/wp-content\/uploads\/The_Influencers_Predicament_cover.jpg","width":1600,"height":2400},{"@type":"BreadcrumbList","@id":"https:\/\/easyoriginal.com\/shop\/modern-englisch-frank\/the-influencers-predicament-die-not-der-influencerin\/#breadcrumb","itemListElement":[{"@type":"ListItem","position":1,"name":"Startseite","item":"https:\/\/easyoriginal.com\/"},{"@type":"ListItem","position":2,"name":"Shop","item":"https:\/\/easyoriginal.com\/shop\/"},{"@type":"ListItem","position":3,"name":"The Influencer&#8217;s Predicament \/ Die Not der Influencerin"}]},{"@type":"WebSite","@id":"https:\/\/easyoriginal.com\/#website","url":"https:\/\/easyoriginal.com\/","name":"EasyOriginal.com","description":"Spa\u00df am Lesen im Original - Innovative Lesemethode f\u00fcr Fremdsprachen","publisher":{"@id":"https:\/\/easyoriginal.com\/#organization"},"potentialAction":[{"@type":"SearchAction","target":{"@type":"EntryPoint","urlTemplate":"https:\/\/easyoriginal.com\/?s={search_term_string}"},"query-input":{"@type":"PropertyValueSpecification","valueRequired":true,"valueName":"search_term_string"}}],"inLanguage":"en-GB"},{"@type":"Organization","@id":"https:\/\/easyoriginal.com\/#organization","name":"EasyOriginal Verlag","url":"https:\/\/easyoriginal.com\/","logo":{"@type":"ImageObject","inLanguage":"en-GB","@id":"https:\/\/easyoriginal.com\/#\/schema\/logo\/image\/","url":"https:\/\/easyoriginal.com\/wp-content\/uploads\/2020\/08\/logo_main.png","contentUrl":"https:\/\/easyoriginal.com\/wp-content\/uploads\/2020\/08\/logo_main.png","width":500,"height":103,"caption":"EasyOriginal Verlag"},"image":{"@id":"https:\/\/easyoriginal.com\/#\/schema\/logo\/image\/"}}]}},"_links":{"self":[{"href":"https:\/\/easyoriginal.com\/en\/wp-json\/wp\/v2\/product\/13307","targetHints":{"allow":["GET"]}}],"collection":[{"href":"https:\/\/easyoriginal.com\/en\/wp-json\/wp\/v2\/product"}],"about":[{"href":"https:\/\/easyoriginal.com\/en\/wp-json\/wp\/v2\/types\/product"}],"replies":[{"embeddable":true,"href":"https:\/\/easyoriginal.com\/en\/wp-json\/wp\/v2\/comments?post=13307"}],"wp:featuredmedia":[{"embeddable":true,"href":"https:\/\/easyoriginal.com\/en\/wp-json\/wp\/v2\/media\/13314"}],"wp:attachment":[{"href":"https:\/\/easyoriginal.com\/en\/wp-json\/wp\/v2\/media?parent=13307"}],"wp:term":[{"taxonomy":"product_brand","embeddable":true,"href":"https:\/\/easyoriginal.com\/en\/wp-json\/wp\/v2\/product_brand?post=13307"},{"taxonomy":"product_cat","embeddable":true,"href":"https:\/\/easyoriginal.com\/en\/wp-json\/wp\/v2\/product_cat?post=13307"},{"taxonomy":"product_tag","embeddable":true,"href":"https:\/\/easyoriginal.com\/en\/wp-json\/wp\/v2\/product_tag?post=13307"}],"curies":[{"name":"wp","href":"https:\/\/api.w.org\/{rel}","templated":true}]}}