{"id":13289,"date":"2024-05-22T15:09:02","date_gmt":"2024-05-22T13:09:02","guid":{"rendered":"https:\/\/easyoriginal.com\/?post_type=product&#038;p=13289"},"modified":"2024-12-20T12:10:18","modified_gmt":"2024-12-20T11:10:18","slug":"the-lumber-room-die-abstellkammer","status":"publish","type":"product","link":"https:\/\/easyoriginal.com\/en\/shop\/englisch-deutsch\/the-lumber-room-die-abstellkammer\/","title":{"rendered":"The Lumber Room \/ Die Abstellkammer"},"content":{"rendered":"<div class=\"adapted-container\">\n<p class=\"Adapted\" lang=\"de-DE\"><span class=\"Bold\">The children were to be driven, as a special treat, to the sands at Jagborough <\/span><span class=\"Translation\">(die Kinder sollten, als besonderes Vergn\u00fcgen, zu den Sandfl\u00e4chen<\/span><span class=\"No-Break\"><span class=\"Translation\"> =<\/span><\/span><span class=\"Translation\"> <\/span><span class=\"Translation\"><span class=\"Comments\">Sandstr\u00e4nden<\/span><\/span><span class=\"Translation\"> in Jagborough gefahren werde<\/span><span class=\"No-Break\"><span class=\"Translation\">n;<\/span><\/span><span class=\"Translation\"><span class=\"Comments\"> <\/span><\/span><span class=\"Translation\"><span class=\"Comment-Words\">treat<\/span><\/span><span class=\"Translation\"><span class=\"No-Break\"><span class=\"Comments\"> \u2014<\/span><\/span><\/span><span class=\"Translation\"><span class=\"Comments\"> Belohnung, Vergn\u00fcge<\/span><\/span><span class=\"Translation\"><span class=\"No-Break\"><span class=\"Comments\">n;<\/span><\/span><\/span><span class=\"Translation\"><span class=\"Comments\"> <\/span><\/span><span class=\"Translation\"><span class=\"Comment-Words\">the sands<\/span><\/span><span class=\"Translation\"><span class=\"No-Break\"><span class=\"Comments\"> \u2014<\/span><\/span><\/span><span class=\"Translation\"><span class=\"Comments\"> Sandfl\u00e4che, Sandstr\u00e4nde<\/span><\/span><span class=\"Translation\">)<\/span><span class=\"Bold\">. Nicholas was not to be of the party <\/span><span class=\"Translation\">(Nicholas sollte nicht mit von der Partie sei<\/span><span class=\"No-Break\"><span class=\"Translation\">n;<\/span><\/span><span class=\"Translation\"><span class=\"Comments\"> <\/span><\/span><span class=\"Translation\"><span class=\"Comment-Words\">party<\/span><\/span><span class=\"Translation\"><span class=\"No-Break\"><span class=\"Comments\"> \u2014<\/span><\/span><\/span><span class=\"Translation\"><span class=\"Comments\"> Gruppe, Partie<\/span><\/span><span class=\"No-Break\"><span class=\"Translation\">)<\/span><\/span><span class=\"No-Break\"><span class=\"Bold\">;<\/span><\/span><span class=\"Bold\"> he was in disgrace <\/span><span class=\"Translation\">(er war in Ungnade <\/span><span class=\"No-Break\"><span class=\"Translation\">\/g<\/span><\/span><span class=\"Translation\">efallen<\/span><span class=\"No-Break\"><span class=\"Translation\">\/;<\/span><\/span><span class=\"Translation\"><span class=\"Comments\"> <\/span><\/span><span class=\"Translation\"><span class=\"Comment-Words\">disgrace<\/span><\/span><span class=\"Translation\"><span class=\"No-Break\"><span class=\"Comments\"> \u2014<\/span><\/span><\/span><span class=\"Translation\"><span class=\"Comments\"> Schande, Ungnade<\/span><\/span><span class=\"Translation\">)<\/span><span class=\"Bold\">. Only that morning he had refused to eat his wholesome bread-and-milk <\/span><span class=\"Translation\">(erst diesen Morgen hatte er sich geweigert, sein gesundes Brot mit Milch zu esse<\/span><span class=\"No-Break\"><span class=\"Translation\">n;<\/span><\/span><span class=\"Translation\"><span class=\"Comments\"> <\/span><\/span><span class=\"Translation\"><span class=\"Comment-Words\">wholesome<\/span><\/span><span class=\"Translation\"><span class=\"Comments\"> <\/span><\/span><span class=\"Translation\"><span class=\"Transcription\">[\u201ah\u0259\u028als\u0259m]<\/span><\/span><span class=\"Translation\"><span class=\"No-Break\"><span class=\"Comments\"> \u2014<\/span><\/span><\/span><span class=\"Translation\"><span class=\"Comments\"> bek\u00f6mmlich, gesund<\/span><\/span><span class=\"Translation\">)<\/span><span class=\"Bold\"> on the seemingly frivolous ground that there was a frog in it <\/span><span class=\"Translation\">(aus dem scheinbar albernen Grund, dass sich ein Frosch darin befan<\/span><span class=\"No-Break\"><span class=\"Translation\">d;<\/span><\/span><span class=\"Translation\"><span class=\"Comments\"> <\/span><\/span><span class=\"Translation\"><span class=\"Comment-Words\">seemingly<\/span><\/span><span class=\"Translation\"><span class=\"No-Break\"><span class=\"Comments\"> \u2014<\/span><\/span><\/span><span class=\"Translation\"><span class=\"Comments\"> anscheinend, scheinba<\/span><\/span><span class=\"Translation\"><span class=\"No-Break\"><span class=\"Comments\">r;<\/span><\/span><\/span><span class=\"Translation\"><span class=\"Comments\"> <\/span><\/span><span class=\"Translation\"><span class=\"Comment-Words\">frivolous<\/span><\/span><span class=\"Translation\"><span class=\"Comments\"> <\/span><\/span><span class=\"Translation\"><span class=\"Transcription\">[\u201afr\u026av\u0259l\u0259s]<\/span><\/span><span class=\"Translation\"><span class=\"No-Break\"><span class=\"Comments\"> \u2014<\/span><\/span><\/span><span class=\"Translation\"><span class=\"Comments\"> leichtfertig, albern<\/span><\/span><span class=\"Translation\">)<\/span><span class=\"Bold\">.<\/span><\/p>\n<\/div>\n<audio class=\"wp-audio-shortcode\" id=\"audio-13289-1\" preload=\"none\" style=\"width: 100%;\" controls=\"controls\"><source type=\"audio\/mpeg\" src=\"https:\/\/easyoriginal1.s3.eu-central-1.amazonaws.com\/englisch\/e7\/1.mp3?_=1\" \/><a href=\"https:\/\/easyoriginal1.s3.eu-central-1.amazonaws.com\/englisch\/e7\/1.mp3\">https:\/\/easyoriginal1.s3.eu-central-1.amazonaws.com\/englisch\/e7\/1.mp3<\/a><\/audio>\n<div class=\"original-container\">\n<p class=\"Original\">The children were to be driven, as a special treat, to the sands at Jagborough. Nicholas was not to be of the party; he was in disgrace. Only that morning he had refused to eat his wholesome bread-and-milk on the seemingly frivolous ground that there was a frog in it.<\/p>\n<\/div>\n","protected":false},"excerpt":{"rendered":"<p>Tauchen Sie ein in &#8222;The Lumber Room&#8220;, eine geschickt erz\u00e4hlte Geschichte von Saki, die die Grenzen zwischen kindlicher Schl\u00e4ue und erwachsener Strenge auslotet. Im Zentrum steht Nicholas, ein Junge mit einer lebendigen Fantasie und einem Talent f\u00fcr Unfug, dessen Alltag eine unerwartete Wendung nimmt. Ausgeschlossen von einem Familienausflug, beginnt f\u00fcr ihn ein Abenteuer der besonderen Art, das sich fernab von herk\u00f6mmlichen Pfaden bewegt.<\/p>\n<p>Saki verwebt in dieser Geschichte auf kunstvolle Weise subtilen Humor und leichte Spannung, ohne dabei das Ende zu verraten. Die Leser werden in eine Welt entf\u00fchrt, in der die Perspektive eines kindlichen Helden eine neue Sicht auf allt\u00e4gliche Geschehnisse bietet. &#8222;The Lumber Room&#8220; ist mehr als nur eine Erz\u00e4hlung \u00fcber kindlichen \u00dcbermut; es ist eine Ode an die Kraft der Vorstellung, die Allt\u00e4gliches in etwas Zauberhaftes verwandeln kann.<\/p>\n<p>Ideal f\u00fcr Leser, die es lieben, wenn Geschichten die Grenzen des Erwarteten \u00fcberschreiten, verspricht diese Erz\u00e4hlung eine unterhaltsame Lekt\u00fcre, die zum Nachdenken anregt und gleichzeitig das Herz erfreut, ohne dabei wesentliche Wendungen vorwegzunehmen.<\/p>\n<p>Ungek\u00fcrzter Originaltext. Zweisprachiges Buch Englisch-Deutsch.<br \/>\nDiese Geschichte ist Teil des Buches &#8222;<a href=\"https:\/\/easyoriginal.com\/en\/shop\/englisch\/saki-kurzgeschichten-band-1\/\">Saki &#8211; Kurzgeschichten Band 1<\/a>&#8222;<\/p>","protected":false},"featured_media":13295,"comment_status":"open","ping_status":"closed","template":"","meta":{"_acf_changed":false,"_et_pb_use_builder":"off","_et_pb_old_content":"<div class=\"adapted-container\">\r\n<p class=\"Adapted\"><span class=\"Bold\">\u201cYou are not really dying, are <\/span><span class=\"Bold\">you?<\/span> <span class=\"Translation\">(du stirbst nicht wirklich, oder?; <\/span><span class=\"Translation\"><span class=\"Comment-Words\">You are not\u2026are you?<\/span><\/span><span class=\"Translation\"><span class=\"Comments\"> \u2013 Verst\u00e4rkung der Frage, Nachdruck<\/span><\/span><span class=\"Translation\">)<\/span><span class=\"Bold\">\u201d asked Amanda <\/span><span class=\"Translation\">(fragte <\/span><span class=\"Translation\">Amanda)<\/span><span class=\"Bold\">.<\/span><\/p>\r\n<p class=\"Adapted\"><span class=\"Bold\">\u201cI have the doctor\u2019s permission to live till Tuesday <\/span><span class=\"Translation\">(ich habe die Erlaubnis des Arztes bis <\/span><span class=\"Translation\">Dienstag zu leben; <\/span><span class=\"Translation\"><span class=\"Comments\">permission <\/span><\/span><span class=\"Translation\"><span class=\"Transcription\">[p\u0259\u2018m\u026a\u0283(\u0259)<\/span><\/span><span class=\"Transcription\">n]<\/span><span class=\"Translation\">)<\/span><span class=\"Bold\">,\u201d said Laura<\/span> <span class=\"Translation\">(sagte <\/span><span class=\"Translation\">Laura)<\/span><span class=\"Bold\">.<\/span><\/p>\r\n<p class=\"Adapted\"><span class=\"Bold\">\u201cBut to\u2013day is Saturday; this is serious!<\/span> <span class=\"Translation\">(aber heute ist Samstag; das ist ernst; <\/span><span class=\"Translation\"><span class=\"Comments\">serious <\/span><\/span><span class=\"Translation\"><span class=\"Transcription\">[\u201as\u026a\u0259r\u026a\u0259s]<\/span><\/span><span class=\"Translation\">)<\/span><span class=\"Bold\">\u201d gasped Amanda<\/span> <span class=\"Translation\">(keuchte Amanda; <\/span><span class=\"Translation\"><span class=\"Comments\">gasp <\/span><\/span><span class=\"Translation\"><span class=\"Transcription\">[g\u0251:sp]<\/span><\/span><span class=\"Translation\">)<\/span><span class=\"Comment-Words\">.<\/span><\/p>\r\n<p class=\"Adapted\"><span class=\"Bold\">\u201cI don\u2019t know about it being serious<\/span> <span class=\"Translation\">(ich<\/span><span class=\"Translation\"> wei\u00df nicht, ob es ernst ist; <\/span><span class=\"Translation\"><span class=\"Comments\">serious <\/span><\/span><span class=\"Translation\"><span class=\"Transcription\">[\u201as\u026a\u0259r\u026a\u0259s]<\/span><\/span><span class=\"Translation\">)<\/span><span class=\"Bold\">; it is certainly Saturday<\/span> <span class=\"Translation\">(es ist<\/span><span class=\"Translation\"> sicherlich Samstag; <\/span><span class=\"Translation\"><span class=\"Comment-Words\">certainly<\/span><\/span> <span class=\"Translation\"><span class=\"Transcription\">[\u201as\u025c:t(\u0259)<\/span><\/span><span class=\"Transcription\">nl\u026a]<\/span> <span class=\"Comments\">\u2014 allerdings, nat\u00fcrlich, sicherlich; certain \u2014 bestimmt<\/span><span class=\"Comments\">, gewiss, sicher<\/span><span class=\"Translation\">)<\/span><span class=\"Bold\">,\u201d said Laura.<\/span><\/p>\r\n<p class=\"Adapted\"><span class=\"Bold\">\u201cDeath is always serious<\/span> <span class=\"Translation\">(Tod ist immer ernst; <\/span><span class=\"Translation\"><span class=\"Comments\">death <\/span><\/span><span class=\"Translation\"><span class=\"Transcription\">[de\u03b8]<\/span><\/span><span class=\"Translation\">)<\/span><span class=\"Bold\">,\u201d said Amanda.<\/span><\/p>\r\n\r\n<\/div>\r\n[audio mp3=\"https:\/\/easyoriginal1.s3.eu-central-1.amazonaws.com\/englisch\/saki\/laura\/01.mp3\"][\/audio]\r\n<div class=\"original-container\">\r\n<p class=\"Original\">\u201cYou are not really dying, are you?\u201d asked Amanda.<\/p>\r\n<p class=\"Original\">\u201cI have the doctor\u2019s permission to live till Tuesday,\u201d said Laura.<\/p>\r\n<p class=\"Original\">\u201cBut to\u2013day is Saturday; this is serious!\u201d gasped Amanda.<\/p>\r\n<p class=\"Original\">\u201cI don\u2019t know about it being serious; it is certainly Saturday,\u201d said Laura.<\/p>\r\n<p class=\"Original\">\u201cDeath is always serious,\u201d said Amanda.<\/p>\r\n\r\n<\/div>\r\n<a class=\"weiter\" href=\"\/webreader\/laura\/fragment\/2\/\">weiter lesen<\/a>","_et_gb_content_width":""},"product_brand":[],"product_cat":[42],"product_tag":[72,70,71],"class_list":{"0":"post-13289","1":"product","2":"type-product","3":"status-publish","4":"has-post-thumbnail","6":"product_cat-englisch-deutsch","7":"product_tag-britisch","8":"product_tag-humorvoll","9":"product_tag-kurzgeschichte","11":"first","12":"instock","13":"taxable","14":"shipping-taxable","15":"purchasable","16":"product-type-variable"},"acf":[],"yoast_head":"<!-- This site is optimized with the Yoast SEO plugin v27.3 - https:\/\/yoast.com\/product\/yoast-seo-wordpress\/ -->\n<title>The Lumber Room \/ Die Abstellkammer - EasyOriginal.com<\/title>\n<meta name=\"robots\" content=\"index, follow, max-snippet:-1, max-image-preview:large, max-video-preview:-1\" \/>\n<link rel=\"canonical\" href=\"https:\/\/easyoriginal.com\/en\/shop\/englisch-deutsch\/the-lumber-room-die-abstellkammer\/\" \/>\n<meta property=\"og:locale\" content=\"en_GB\" \/>\n<meta property=\"og:type\" content=\"article\" \/>\n<meta property=\"og:title\" content=\"The Lumber Room \/ Die Abstellkammer - EasyOriginal.com\" \/>\n<meta property=\"og:description\" content=\"Tauchen Sie ein in &quot;The Lumber Room&quot;, eine geschickt erz\u00e4hlte Geschichte von Saki, die die Grenzen zwischen kindlicher Schl\u00e4ue und erwachsener Strenge auslotet. Im Zentrum steht Nicholas, ein Junge mit einer lebendigen Fantasie und einem Talent f\u00fcr Unfug, dessen Alltag eine unerwartete Wendung nimmt. Ausgeschlossen von einem Familienausflug, beginnt f\u00fcr ihn ein Abenteuer der besonderen Art, das sich fernab von herk\u00f6mmlichen Pfaden bewegt.  Saki verwebt in dieser Geschichte auf kunstvolle Weise subtilen Humor und leichte Spannung, ohne dabei das Ende zu verraten. Die Leser werden in eine Welt entf\u00fchrt, in der die Perspektive eines kindlichen Helden eine neue Sicht auf allt\u00e4gliche Geschehnisse bietet. &quot;The Lumber Room&quot; ist mehr als nur eine Erz\u00e4hlung \u00fcber kindlichen \u00dcbermut; es ist eine Ode an die Kraft der Vorstellung, die Allt\u00e4gliches in etwas Zauberhaftes verwandeln kann.  Ideal f\u00fcr Leser, die es lieben, wenn Geschichten die Grenzen des Erwarteten \u00fcberschreiten, verspricht diese Erz\u00e4hlung eine unterhaltsame Lekt\u00fcre, die zum Nachdenken anregt und gleichzeitig das Herz erfreut, ohne dabei wesentliche Wendungen vorwegzunehmen.  Ungek\u00fcrzter Originaltext. Zweisprachiges Buch Englisch-Deutsch. Diese Geschichte ist Teil des Buches &quot;Saki - Kurzgeschichten Band 1&quot;\" \/>\n<meta property=\"og:url\" content=\"https:\/\/easyoriginal.com\/en\/shop\/englisch-deutsch\/the-lumber-room-die-abstellkammer\/\" \/>\n<meta property=\"og:site_name\" content=\"EasyOriginal.com\" \/>\n<meta property=\"article:modified_time\" content=\"2024-12-20T11:10:18+00:00\" \/>\n<meta property=\"og:image\" content=\"https:\/\/easyoriginal.com\/wp-content\/uploads\/saki_the_lumber_room_cover_2024.jpg\" \/>\n\t<meta property=\"og:image:width\" content=\"1600\" \/>\n\t<meta property=\"og:image:height\" content=\"2400\" \/>\n\t<meta property=\"og:image:type\" content=\"image\/jpeg\" \/>\n<meta name=\"twitter:card\" content=\"summary_large_image\" \/>\n<meta name=\"twitter:label1\" content=\"Estimated reading time\" \/>\n\t<meta name=\"twitter:data1\" content=\"2 minutes\" \/>\n<script type=\"application\/ld+json\" class=\"yoast-schema-graph\">{\"@context\":\"https:\\\/\\\/schema.org\",\"@graph\":[{\"@type\":\"WebPage\",\"@id\":\"https:\\\/\\\/easyoriginal.com\\\/shop\\\/englisch-deutsch\\\/the-lumber-room-die-abstellkammer\\\/\",\"url\":\"https:\\\/\\\/easyoriginal.com\\\/shop\\\/englisch-deutsch\\\/the-lumber-room-die-abstellkammer\\\/\",\"name\":\"The Lumber Room \\\/ Die Abstellkammer - EasyOriginal.com\",\"isPartOf\":{\"@id\":\"https:\\\/\\\/easyoriginal.com\\\/#website\"},\"primaryImageOfPage\":{\"@id\":\"https:\\\/\\\/easyoriginal.com\\\/shop\\\/englisch-deutsch\\\/the-lumber-room-die-abstellkammer\\\/#primaryimage\"},\"image\":{\"@id\":\"https:\\\/\\\/easyoriginal.com\\\/shop\\\/englisch-deutsch\\\/the-lumber-room-die-abstellkammer\\\/#primaryimage\"},\"thumbnailUrl\":\"https:\\\/\\\/easyoriginal.com\\\/wp-content\\\/uploads\\\/saki_the_lumber_room_cover_2024.jpg\",\"datePublished\":\"2024-05-22T13:09:02+00:00\",\"dateModified\":\"2024-12-20T11:10:18+00:00\",\"breadcrumb\":{\"@id\":\"https:\\\/\\\/easyoriginal.com\\\/shop\\\/englisch-deutsch\\\/the-lumber-room-die-abstellkammer\\\/#breadcrumb\"},\"inLanguage\":\"en-GB\",\"potentialAction\":[{\"@type\":\"ReadAction\",\"target\":[\"https:\\\/\\\/easyoriginal.com\\\/shop\\\/englisch-deutsch\\\/the-lumber-room-die-abstellkammer\\\/\"]}]},{\"@type\":\"ImageObject\",\"inLanguage\":\"en-GB\",\"@id\":\"https:\\\/\\\/easyoriginal.com\\\/shop\\\/englisch-deutsch\\\/the-lumber-room-die-abstellkammer\\\/#primaryimage\",\"url\":\"https:\\\/\\\/easyoriginal.com\\\/wp-content\\\/uploads\\\/saki_the_lumber_room_cover_2024.jpg\",\"contentUrl\":\"https:\\\/\\\/easyoriginal.com\\\/wp-content\\\/uploads\\\/saki_the_lumber_room_cover_2024.jpg\",\"width\":1600,\"height\":2400},{\"@type\":\"BreadcrumbList\",\"@id\":\"https:\\\/\\\/easyoriginal.com\\\/shop\\\/englisch-deutsch\\\/the-lumber-room-die-abstellkammer\\\/#breadcrumb\",\"itemListElement\":[{\"@type\":\"ListItem\",\"position\":1,\"name\":\"Startseite\",\"item\":\"https:\\\/\\\/easyoriginal.com\\\/\"},{\"@type\":\"ListItem\",\"position\":2,\"name\":\"Shop\",\"item\":\"https:\\\/\\\/easyoriginal.com\\\/shop\\\/\"},{\"@type\":\"ListItem\",\"position\":3,\"name\":\"The Lumber Room \\\/ Die Abstellkammer\"}]},{\"@type\":\"WebSite\",\"@id\":\"https:\\\/\\\/easyoriginal.com\\\/#website\",\"url\":\"https:\\\/\\\/easyoriginal.com\\\/\",\"name\":\"EasyOriginal.com\",\"description\":\"Spa\u00df am Lesen im Original - Innovative Lesemethode f\u00fcr Fremdsprachen\",\"publisher\":{\"@id\":\"https:\\\/\\\/easyoriginal.com\\\/#organization\"},\"potentialAction\":[{\"@type\":\"SearchAction\",\"target\":{\"@type\":\"EntryPoint\",\"urlTemplate\":\"https:\\\/\\\/easyoriginal.com\\\/?s={search_term_string}\"},\"query-input\":{\"@type\":\"PropertyValueSpecification\",\"valueRequired\":true,\"valueName\":\"search_term_string\"}}],\"inLanguage\":\"en-GB\"},{\"@type\":\"Organization\",\"@id\":\"https:\\\/\\\/easyoriginal.com\\\/#organization\",\"name\":\"EasyOriginal Verlag\",\"url\":\"https:\\\/\\\/easyoriginal.com\\\/\",\"logo\":{\"@type\":\"ImageObject\",\"inLanguage\":\"en-GB\",\"@id\":\"https:\\\/\\\/easyoriginal.com\\\/#\\\/schema\\\/logo\\\/image\\\/\",\"url\":\"https:\\\/\\\/easyoriginal.com\\\/wp-content\\\/uploads\\\/2020\\\/08\\\/logo_main.png\",\"contentUrl\":\"https:\\\/\\\/easyoriginal.com\\\/wp-content\\\/uploads\\\/2020\\\/08\\\/logo_main.png\",\"width\":500,\"height\":103,\"caption\":\"EasyOriginal Verlag\"},\"image\":{\"@id\":\"https:\\\/\\\/easyoriginal.com\\\/#\\\/schema\\\/logo\\\/image\\\/\"}}]}<\/script>\n<!-- \/ Yoast SEO plugin. -->","yoast_head_json":{"title":"The Lumber Room \/ Die Abstellkammer - EasyOriginal.com","robots":{"index":"index","follow":"follow","max-snippet":"max-snippet:-1","max-image-preview":"max-image-preview:large","max-video-preview":"max-video-preview:-1"},"canonical":"https:\/\/easyoriginal.com\/en\/shop\/englisch-deutsch\/the-lumber-room-die-abstellkammer\/","og_locale":"en_GB","og_type":"article","og_title":"The Lumber Room \/ Die Abstellkammer - EasyOriginal.com","og_description":"Tauchen Sie ein in \"The Lumber Room\", eine geschickt erz\u00e4hlte Geschichte von Saki, die die Grenzen zwischen kindlicher Schl\u00e4ue und erwachsener Strenge auslotet. Im Zentrum steht Nicholas, ein Junge mit einer lebendigen Fantasie und einem Talent f\u00fcr Unfug, dessen Alltag eine unerwartete Wendung nimmt. Ausgeschlossen von einem Familienausflug, beginnt f\u00fcr ihn ein Abenteuer der besonderen Art, das sich fernab von herk\u00f6mmlichen Pfaden bewegt.  Saki verwebt in dieser Geschichte auf kunstvolle Weise subtilen Humor und leichte Spannung, ohne dabei das Ende zu verraten. Die Leser werden in eine Welt entf\u00fchrt, in der die Perspektive eines kindlichen Helden eine neue Sicht auf allt\u00e4gliche Geschehnisse bietet. \"The Lumber Room\" ist mehr als nur eine Erz\u00e4hlung \u00fcber kindlichen \u00dcbermut; es ist eine Ode an die Kraft der Vorstellung, die Allt\u00e4gliches in etwas Zauberhaftes verwandeln kann.  Ideal f\u00fcr Leser, die es lieben, wenn Geschichten die Grenzen des Erwarteten \u00fcberschreiten, verspricht diese Erz\u00e4hlung eine unterhaltsame Lekt\u00fcre, die zum Nachdenken anregt und gleichzeitig das Herz erfreut, ohne dabei wesentliche Wendungen vorwegzunehmen.  Ungek\u00fcrzter Originaltext. Zweisprachiges Buch Englisch-Deutsch. Diese Geschichte ist Teil des Buches \"Saki - Kurzgeschichten Band 1\"","og_url":"https:\/\/easyoriginal.com\/en\/shop\/englisch-deutsch\/the-lumber-room-die-abstellkammer\/","og_site_name":"EasyOriginal.com","article_modified_time":"2024-12-20T11:10:18+00:00","og_image":[{"width":1600,"height":2400,"url":"https:\/\/easyoriginal.com\/wp-content\/uploads\/saki_the_lumber_room_cover_2024.jpg","type":"image\/jpeg"}],"twitter_card":"summary_large_image","twitter_misc":{"Estimated reading time":"2 minutes"},"schema":{"@context":"https:\/\/schema.org","@graph":[{"@type":"WebPage","@id":"https:\/\/easyoriginal.com\/shop\/englisch-deutsch\/the-lumber-room-die-abstellkammer\/","url":"https:\/\/easyoriginal.com\/shop\/englisch-deutsch\/the-lumber-room-die-abstellkammer\/","name":"The Lumber Room \/ Die Abstellkammer - EasyOriginal.com","isPartOf":{"@id":"https:\/\/easyoriginal.com\/#website"},"primaryImageOfPage":{"@id":"https:\/\/easyoriginal.com\/shop\/englisch-deutsch\/the-lumber-room-die-abstellkammer\/#primaryimage"},"image":{"@id":"https:\/\/easyoriginal.com\/shop\/englisch-deutsch\/the-lumber-room-die-abstellkammer\/#primaryimage"},"thumbnailUrl":"https:\/\/easyoriginal.com\/wp-content\/uploads\/saki_the_lumber_room_cover_2024.jpg","datePublished":"2024-05-22T13:09:02+00:00","dateModified":"2024-12-20T11:10:18+00:00","breadcrumb":{"@id":"https:\/\/easyoriginal.com\/shop\/englisch-deutsch\/the-lumber-room-die-abstellkammer\/#breadcrumb"},"inLanguage":"en-GB","potentialAction":[{"@type":"ReadAction","target":["https:\/\/easyoriginal.com\/shop\/englisch-deutsch\/the-lumber-room-die-abstellkammer\/"]}]},{"@type":"ImageObject","inLanguage":"en-GB","@id":"https:\/\/easyoriginal.com\/shop\/englisch-deutsch\/the-lumber-room-die-abstellkammer\/#primaryimage","url":"https:\/\/easyoriginal.com\/wp-content\/uploads\/saki_the_lumber_room_cover_2024.jpg","contentUrl":"https:\/\/easyoriginal.com\/wp-content\/uploads\/saki_the_lumber_room_cover_2024.jpg","width":1600,"height":2400},{"@type":"BreadcrumbList","@id":"https:\/\/easyoriginal.com\/shop\/englisch-deutsch\/the-lumber-room-die-abstellkammer\/#breadcrumb","itemListElement":[{"@type":"ListItem","position":1,"name":"Startseite","item":"https:\/\/easyoriginal.com\/"},{"@type":"ListItem","position":2,"name":"Shop","item":"https:\/\/easyoriginal.com\/shop\/"},{"@type":"ListItem","position":3,"name":"The Lumber Room \/ Die Abstellkammer"}]},{"@type":"WebSite","@id":"https:\/\/easyoriginal.com\/#website","url":"https:\/\/easyoriginal.com\/","name":"EasyOriginal.com","description":"Spa\u00df am Lesen im Original - Innovative Lesemethode f\u00fcr Fremdsprachen","publisher":{"@id":"https:\/\/easyoriginal.com\/#organization"},"potentialAction":[{"@type":"SearchAction","target":{"@type":"EntryPoint","urlTemplate":"https:\/\/easyoriginal.com\/?s={search_term_string}"},"query-input":{"@type":"PropertyValueSpecification","valueRequired":true,"valueName":"search_term_string"}}],"inLanguage":"en-GB"},{"@type":"Organization","@id":"https:\/\/easyoriginal.com\/#organization","name":"EasyOriginal Verlag","url":"https:\/\/easyoriginal.com\/","logo":{"@type":"ImageObject","inLanguage":"en-GB","@id":"https:\/\/easyoriginal.com\/#\/schema\/logo\/image\/","url":"https:\/\/easyoriginal.com\/wp-content\/uploads\/2020\/08\/logo_main.png","contentUrl":"https:\/\/easyoriginal.com\/wp-content\/uploads\/2020\/08\/logo_main.png","width":500,"height":103,"caption":"EasyOriginal Verlag"},"image":{"@id":"https:\/\/easyoriginal.com\/#\/schema\/logo\/image\/"}}]}},"_links":{"self":[{"href":"https:\/\/easyoriginal.com\/en\/wp-json\/wp\/v2\/product\/13289","targetHints":{"allow":["GET"]}}],"collection":[{"href":"https:\/\/easyoriginal.com\/en\/wp-json\/wp\/v2\/product"}],"about":[{"href":"https:\/\/easyoriginal.com\/en\/wp-json\/wp\/v2\/types\/product"}],"replies":[{"embeddable":true,"href":"https:\/\/easyoriginal.com\/en\/wp-json\/wp\/v2\/comments?post=13289"}],"wp:featuredmedia":[{"embeddable":true,"href":"https:\/\/easyoriginal.com\/en\/wp-json\/wp\/v2\/media\/13295"}],"wp:attachment":[{"href":"https:\/\/easyoriginal.com\/en\/wp-json\/wp\/v2\/media?parent=13289"}],"wp:term":[{"taxonomy":"product_brand","embeddable":true,"href":"https:\/\/easyoriginal.com\/en\/wp-json\/wp\/v2\/product_brand?post=13289"},{"taxonomy":"product_cat","embeddable":true,"href":"https:\/\/easyoriginal.com\/en\/wp-json\/wp\/v2\/product_cat?post=13289"},{"taxonomy":"product_tag","embeddable":true,"href":"https:\/\/easyoriginal.com\/en\/wp-json\/wp\/v2\/product_tag?post=13289"}],"curies":[{"name":"wp","href":"https:\/\/api.w.org\/{rel}","templated":true}]}}