{"id":12886,"date":"2023-11-22T14:31:38","date_gmt":"2023-11-22T13:31:38","guid":{"rendered":"https:\/\/easyoriginal.com\/?post_type=product&#038;p=12886"},"modified":"2023-11-22T14:31:40","modified_gmt":"2023-11-22T13:31:40","slug":"eleganz-der-natur-spiral-notizbuch-a5","status":"publish","type":"product","link":"https:\/\/easyoriginal.com\/en\/shop\/schreibwaren\/notizbuecher\/eleganz-der-natur-spiral-notizbuch-a5\/","title":{"rendered":"Eleganz der Natur &#8211; Spiral-Notizbuch A5"},"content":{"rendered":"","protected":false},"excerpt":{"rendered":"<h2>Eleganz der Natur &#8211; Premium Spiral-Notizbuch A5 Soft-Touch liniert, verzaubert durch goldenen Bl\u00fctencharme<\/h2>\n<h3>Spiralbindung Notizbuch im eleganten Bl\u00fctentraum in Gold-Design mit samtigem Soft-Touch-Einband<\/h3>\n<p>Erleben Sie die volle Pracht der Natur mit diesem einzigartigen Spiralbindung Notizbuch mit Soft-Touch-Einband. Das detailreiche Cover ziert eine liebevoll gezeichnete Bl\u00fcte, die ihre zarten, golden schimmernden Bl\u00fctenbl\u00e4tter vor einem harmonischen Hintergrund aus Bl\u00e4ttern und Pflanzen majest\u00e4tisch entfaltet.<\/p>\n<p>Die Bl\u00fctenbl\u00e4tter sind in warmen Gold- und Bernsteint\u00f6nen gehalten und schimmern beinahe transparent, als best\u00fcnden sie aus feinstem Seidenpapier. In der Mitte der Bl\u00fcte funkeln goldene Partikel, die an leuchtendes Pollen oder glitzernden Morgentau erinnern.<\/p>\n<p>Um die Bl\u00fcte winden sich grazile Bl\u00e4tter in sanften Blau-, Gr\u00fcn- und Gelbt\u00f6nen. Mit goldenen Highlights versehen, die an funkelnde Wassertropfen denken lassen, umrahmen sie die Bl\u00fcte elegant. Im Hintergrund erkennt man verschwommene Pflanzen und Bl\u00e4tter in Erdt\u00f6nen, die Tiefe vermitteln.<\/p>\n<p>Dieses durch und durch nat\u00fcrliche Design strahlt Ruhe, Anmut und zeitlose Sch\u00f6nheit aus.<\/p>\n<p>Schon beim ersten Ber\u00fchren f\u00e4llt eines auf &#8211; der Einband dieses Notizbuchs f\u00fchlt sich besonders weich und angenehm an. Der matte Soft-Touch-Einband sorgt f\u00fcr ein luxuri\u00f6ses Schreibgef\u00fchl. Die Soft Touch Beschichtung bietet aber nicht nur einen haptischen Genuss, sondern macht das Notizbuch auch strapazierf\u00e4hig und langlebig.<\/p>\n<p>Im Inneren des Notizbuchs finden Sie 64 Seiten aus hochwertigem, beschreibbarem Papier. Die Seiten sind fein liniert, optimal zum Schreiben und Skizzieren.<\/p>\n<p>Dank der flexiblen Spiralbindung l\u00e4sst sich das Notizbuch bequem um 360 Grad drehen und m\u00fchelos aufschlagen. So k\u00f6nnen Sie kreativ schreiben und zeichnen in jeder gew\u00fcnschten Position.<\/p>\n<p>Die Natur in ihrer vollkommenen Sch\u00f6nheit einfangen \u2013 dazu l\u00e4dt Sie dieses au\u00dfergew\u00f6hnliche Notizbuch ein. Festhalten, was den Augenblick magisch macht; Ihre Gedanken und Inspirationen in Qualit\u00e4t notieren. Ein treuer Begleiter und eine Ode an die \u00c4sthetik der Natur zugleich.<\/p>","protected":false},"featured_media":12884,"comment_status":"closed","ping_status":"closed","template":"","meta":{"_acf_changed":false,"_et_pb_use_builder":"","_et_pb_old_content":"","_et_gb_content_width":""},"product_brand":[],"product_cat":[260],"product_tag":[],"class_list":{"0":"post-12886","1":"product","2":"type-product","3":"status-publish","4":"has-post-thumbnail","6":"product_cat-notizbuecher","8":"first","9":"instock","10":"taxable","11":"shipping-taxable","12":"purchasable","13":"product-type-simple"},"acf":[],"yoast_head":"<!-- This site is optimized with the Yoast SEO plugin v27.3 - https:\/\/yoast.com\/product\/yoast-seo-wordpress\/ -->\n<title>Eleganz der Natur - Spiral-Notizbuch A5 - EasyOriginal.com<\/title>\n<meta name=\"robots\" content=\"index, follow, max-snippet:-1, max-image-preview:large, max-video-preview:-1\" \/>\n<link rel=\"canonical\" href=\"https:\/\/easyoriginal.com\/en\/shop\/schreibwaren\/notizbuecher\/eleganz-der-natur-spiral-notizbuch-a5\/\" \/>\n<meta property=\"og:locale\" content=\"en_GB\" \/>\n<meta property=\"og:type\" content=\"article\" \/>\n<meta property=\"og:title\" content=\"Eleganz der Natur - Spiral-Notizbuch A5 - EasyOriginal.com\" \/>\n<meta property=\"og:description\" content=\"Eleganz der Natur - Premium Spiral-Notizbuch A5 Soft-Touch liniert, verzaubert durch goldenen Bl\u00fctencharme Spiralbindung Notizbuch im eleganten Bl\u00fctentraum in Gold-Design mit samtigem Soft-Touch-Einband Erleben Sie die volle Pracht der Natur mit diesem einzigartigen Spiralbindung Notizbuch mit Soft-Touch-Einband. Das detailreiche Cover ziert eine liebevoll gezeichnete Bl\u00fcte, die ihre zarten, golden schimmernden Bl\u00fctenbl\u00e4tter vor einem harmonischen Hintergrund aus Bl\u00e4ttern und Pflanzen majest\u00e4tisch entfaltet.  Die Bl\u00fctenbl\u00e4tter sind in warmen Gold- und Bernsteint\u00f6nen gehalten und schimmern beinahe transparent, als best\u00fcnden sie aus feinstem Seidenpapier. In der Mitte der Bl\u00fcte funkeln goldene Partikel, die an leuchtendes Pollen oder glitzernden Morgentau erinnern.  Um die Bl\u00fcte winden sich grazile Bl\u00e4tter in sanften Blau-, Gr\u00fcn- und Gelbt\u00f6nen. Mit goldenen Highlights versehen, die an funkelnde Wassertropfen denken lassen, umrahmen sie die Bl\u00fcte elegant. Im Hintergrund erkennt man verschwommene Pflanzen und Bl\u00e4tter in Erdt\u00f6nen, die Tiefe vermitteln.  Dieses durch und durch nat\u00fcrliche Design strahlt Ruhe, Anmut und zeitlose Sch\u00f6nheit aus.  Schon beim ersten Ber\u00fchren f\u00e4llt eines auf - der Einband dieses Notizbuchs f\u00fchlt sich besonders weich und angenehm an. Der matte Soft-Touch-Einband sorgt f\u00fcr ein luxuri\u00f6ses Schreibgef\u00fchl. Die Soft Touch Beschichtung bietet aber nicht nur einen haptischen Genuss, sondern macht das Notizbuch auch strapazierf\u00e4hig und langlebig.  Im Inneren des Notizbuchs finden Sie 64 Seiten aus hochwertigem, beschreibbarem Papier. Die Seiten sind fein liniert, optimal zum Schreiben und Skizzieren.  Dank der flexiblen Spiralbindung l\u00e4sst sich das Notizbuch bequem um 360 Grad drehen und m\u00fchelos aufschlagen. So k\u00f6nnen Sie kreativ schreiben und zeichnen in jeder gew\u00fcnschten Position.  Die Natur in ihrer vollkommenen Sch\u00f6nheit einfangen \u2013 dazu l\u00e4dt Sie dieses au\u00dfergew\u00f6hnliche Notizbuch ein. Festhalten, was den Augenblick magisch macht; Ihre Gedanken und Inspirationen in Qualit\u00e4t notieren. Ein treuer Begleiter und eine Ode an die \u00c4sthetik der Natur zugleich.\" \/>\n<meta property=\"og:url\" content=\"https:\/\/easyoriginal.com\/en\/shop\/schreibwaren\/notizbuecher\/eleganz-der-natur-spiral-notizbuch-a5\/\" \/>\n<meta property=\"og:site_name\" content=\"EasyOriginal.com\" \/>\n<meta property=\"article:modified_time\" content=\"2023-11-22T13:31:40+00:00\" \/>\n<meta property=\"og:image\" content=\"https:\/\/easyoriginal.com\/wp-content\/uploads\/1-spiral.jpg\" \/>\n\t<meta property=\"og:image:width\" content=\"1738\" \/>\n\t<meta property=\"og:image:height\" content=\"2400\" \/>\n\t<meta property=\"og:image:type\" content=\"image\/jpeg\" \/>\n<meta name=\"twitter:card\" content=\"summary_large_image\" \/>\n<script type=\"application\/ld+json\" class=\"yoast-schema-graph\">{\"@context\":\"https:\\\/\\\/schema.org\",\"@graph\":[{\"@type\":\"WebPage\",\"@id\":\"https:\\\/\\\/easyoriginal.com\\\/shop\\\/schreibwaren\\\/notizbuecher\\\/eleganz-der-natur-spiral-notizbuch-a5\\\/\",\"url\":\"https:\\\/\\\/easyoriginal.com\\\/shop\\\/schreibwaren\\\/notizbuecher\\\/eleganz-der-natur-spiral-notizbuch-a5\\\/\",\"name\":\"Eleganz der Natur - Spiral-Notizbuch A5 - EasyOriginal.com\",\"isPartOf\":{\"@id\":\"https:\\\/\\\/easyoriginal.com\\\/#website\"},\"primaryImageOfPage\":{\"@id\":\"https:\\\/\\\/easyoriginal.com\\\/shop\\\/schreibwaren\\\/notizbuecher\\\/eleganz-der-natur-spiral-notizbuch-a5\\\/#primaryimage\"},\"image\":{\"@id\":\"https:\\\/\\\/easyoriginal.com\\\/shop\\\/schreibwaren\\\/notizbuecher\\\/eleganz-der-natur-spiral-notizbuch-a5\\\/#primaryimage\"},\"thumbnailUrl\":\"https:\\\/\\\/easyoriginal.com\\\/wp-content\\\/uploads\\\/1-spiral.jpg\",\"datePublished\":\"2023-11-22T13:31:38+00:00\",\"dateModified\":\"2023-11-22T13:31:40+00:00\",\"breadcrumb\":{\"@id\":\"https:\\\/\\\/easyoriginal.com\\\/shop\\\/schreibwaren\\\/notizbuecher\\\/eleganz-der-natur-spiral-notizbuch-a5\\\/#breadcrumb\"},\"inLanguage\":\"en-GB\",\"potentialAction\":[{\"@type\":\"ReadAction\",\"target\":[\"https:\\\/\\\/easyoriginal.com\\\/shop\\\/schreibwaren\\\/notizbuecher\\\/eleganz-der-natur-spiral-notizbuch-a5\\\/\"]}]},{\"@type\":\"ImageObject\",\"inLanguage\":\"en-GB\",\"@id\":\"https:\\\/\\\/easyoriginal.com\\\/shop\\\/schreibwaren\\\/notizbuecher\\\/eleganz-der-natur-spiral-notizbuch-a5\\\/#primaryimage\",\"url\":\"https:\\\/\\\/easyoriginal.com\\\/wp-content\\\/uploads\\\/1-spiral.jpg\",\"contentUrl\":\"https:\\\/\\\/easyoriginal.com\\\/wp-content\\\/uploads\\\/1-spiral.jpg\",\"width\":1738,\"height\":2400},{\"@type\":\"BreadcrumbList\",\"@id\":\"https:\\\/\\\/easyoriginal.com\\\/shop\\\/schreibwaren\\\/notizbuecher\\\/eleganz-der-natur-spiral-notizbuch-a5\\\/#breadcrumb\",\"itemListElement\":[{\"@type\":\"ListItem\",\"position\":1,\"name\":\"Startseite\",\"item\":\"https:\\\/\\\/easyoriginal.com\\\/\"},{\"@type\":\"ListItem\",\"position\":2,\"name\":\"Shop\",\"item\":\"https:\\\/\\\/easyoriginal.com\\\/shop\\\/\"},{\"@type\":\"ListItem\",\"position\":3,\"name\":\"Eleganz der Natur &#8211; Spiral-Notizbuch A5\"}]},{\"@type\":\"WebSite\",\"@id\":\"https:\\\/\\\/easyoriginal.com\\\/#website\",\"url\":\"https:\\\/\\\/easyoriginal.com\\\/\",\"name\":\"EasyOriginal.com\",\"description\":\"Spa\u00df am Lesen im Original - Innovative Lesemethode f\u00fcr Fremdsprachen\",\"publisher\":{\"@id\":\"https:\\\/\\\/easyoriginal.com\\\/#organization\"},\"potentialAction\":[{\"@type\":\"SearchAction\",\"target\":{\"@type\":\"EntryPoint\",\"urlTemplate\":\"https:\\\/\\\/easyoriginal.com\\\/?s={search_term_string}\"},\"query-input\":{\"@type\":\"PropertyValueSpecification\",\"valueRequired\":true,\"valueName\":\"search_term_string\"}}],\"inLanguage\":\"en-GB\"},{\"@type\":\"Organization\",\"@id\":\"https:\\\/\\\/easyoriginal.com\\\/#organization\",\"name\":\"EasyOriginal Verlag\",\"url\":\"https:\\\/\\\/easyoriginal.com\\\/\",\"logo\":{\"@type\":\"ImageObject\",\"inLanguage\":\"en-GB\",\"@id\":\"https:\\\/\\\/easyoriginal.com\\\/#\\\/schema\\\/logo\\\/image\\\/\",\"url\":\"https:\\\/\\\/easyoriginal.com\\\/wp-content\\\/uploads\\\/2020\\\/08\\\/logo_main.png\",\"contentUrl\":\"https:\\\/\\\/easyoriginal.com\\\/wp-content\\\/uploads\\\/2020\\\/08\\\/logo_main.png\",\"width\":500,\"height\":103,\"caption\":\"EasyOriginal Verlag\"},\"image\":{\"@id\":\"https:\\\/\\\/easyoriginal.com\\\/#\\\/schema\\\/logo\\\/image\\\/\"}}]}<\/script>\n<!-- \/ Yoast SEO plugin. -->","yoast_head_json":{"title":"Eleganz der Natur - Spiral-Notizbuch A5 - EasyOriginal.com","robots":{"index":"index","follow":"follow","max-snippet":"max-snippet:-1","max-image-preview":"max-image-preview:large","max-video-preview":"max-video-preview:-1"},"canonical":"https:\/\/easyoriginal.com\/en\/shop\/schreibwaren\/notizbuecher\/eleganz-der-natur-spiral-notizbuch-a5\/","og_locale":"en_GB","og_type":"article","og_title":"Eleganz der Natur - Spiral-Notizbuch A5 - EasyOriginal.com","og_description":"Eleganz der Natur - Premium Spiral-Notizbuch A5 Soft-Touch liniert, verzaubert durch goldenen Bl\u00fctencharme Spiralbindung Notizbuch im eleganten Bl\u00fctentraum in Gold-Design mit samtigem Soft-Touch-Einband Erleben Sie die volle Pracht der Natur mit diesem einzigartigen Spiralbindung Notizbuch mit Soft-Touch-Einband. Das detailreiche Cover ziert eine liebevoll gezeichnete Bl\u00fcte, die ihre zarten, golden schimmernden Bl\u00fctenbl\u00e4tter vor einem harmonischen Hintergrund aus Bl\u00e4ttern und Pflanzen majest\u00e4tisch entfaltet.  Die Bl\u00fctenbl\u00e4tter sind in warmen Gold- und Bernsteint\u00f6nen gehalten und schimmern beinahe transparent, als best\u00fcnden sie aus feinstem Seidenpapier. In der Mitte der Bl\u00fcte funkeln goldene Partikel, die an leuchtendes Pollen oder glitzernden Morgentau erinnern.  Um die Bl\u00fcte winden sich grazile Bl\u00e4tter in sanften Blau-, Gr\u00fcn- und Gelbt\u00f6nen. Mit goldenen Highlights versehen, die an funkelnde Wassertropfen denken lassen, umrahmen sie die Bl\u00fcte elegant. Im Hintergrund erkennt man verschwommene Pflanzen und Bl\u00e4tter in Erdt\u00f6nen, die Tiefe vermitteln.  Dieses durch und durch nat\u00fcrliche Design strahlt Ruhe, Anmut und zeitlose Sch\u00f6nheit aus.  Schon beim ersten Ber\u00fchren f\u00e4llt eines auf - der Einband dieses Notizbuchs f\u00fchlt sich besonders weich und angenehm an. Der matte Soft-Touch-Einband sorgt f\u00fcr ein luxuri\u00f6ses Schreibgef\u00fchl. Die Soft Touch Beschichtung bietet aber nicht nur einen haptischen Genuss, sondern macht das Notizbuch auch strapazierf\u00e4hig und langlebig.  Im Inneren des Notizbuchs finden Sie 64 Seiten aus hochwertigem, beschreibbarem Papier. Die Seiten sind fein liniert, optimal zum Schreiben und Skizzieren.  Dank der flexiblen Spiralbindung l\u00e4sst sich das Notizbuch bequem um 360 Grad drehen und m\u00fchelos aufschlagen. So k\u00f6nnen Sie kreativ schreiben und zeichnen in jeder gew\u00fcnschten Position.  Die Natur in ihrer vollkommenen Sch\u00f6nheit einfangen \u2013 dazu l\u00e4dt Sie dieses au\u00dfergew\u00f6hnliche Notizbuch ein. Festhalten, was den Augenblick magisch macht; Ihre Gedanken und Inspirationen in Qualit\u00e4t notieren. Ein treuer Begleiter und eine Ode an die \u00c4sthetik der Natur zugleich.","og_url":"https:\/\/easyoriginal.com\/en\/shop\/schreibwaren\/notizbuecher\/eleganz-der-natur-spiral-notizbuch-a5\/","og_site_name":"EasyOriginal.com","article_modified_time":"2023-11-22T13:31:40+00:00","og_image":[{"width":1738,"height":2400,"url":"https:\/\/easyoriginal.com\/wp-content\/uploads\/1-spiral.jpg","type":"image\/jpeg"}],"twitter_card":"summary_large_image","schema":{"@context":"https:\/\/schema.org","@graph":[{"@type":"WebPage","@id":"https:\/\/easyoriginal.com\/shop\/schreibwaren\/notizbuecher\/eleganz-der-natur-spiral-notizbuch-a5\/","url":"https:\/\/easyoriginal.com\/shop\/schreibwaren\/notizbuecher\/eleganz-der-natur-spiral-notizbuch-a5\/","name":"Eleganz der Natur - Spiral-Notizbuch A5 - EasyOriginal.com","isPartOf":{"@id":"https:\/\/easyoriginal.com\/#website"},"primaryImageOfPage":{"@id":"https:\/\/easyoriginal.com\/shop\/schreibwaren\/notizbuecher\/eleganz-der-natur-spiral-notizbuch-a5\/#primaryimage"},"image":{"@id":"https:\/\/easyoriginal.com\/shop\/schreibwaren\/notizbuecher\/eleganz-der-natur-spiral-notizbuch-a5\/#primaryimage"},"thumbnailUrl":"https:\/\/easyoriginal.com\/wp-content\/uploads\/1-spiral.jpg","datePublished":"2023-11-22T13:31:38+00:00","dateModified":"2023-11-22T13:31:40+00:00","breadcrumb":{"@id":"https:\/\/easyoriginal.com\/shop\/schreibwaren\/notizbuecher\/eleganz-der-natur-spiral-notizbuch-a5\/#breadcrumb"},"inLanguage":"en-GB","potentialAction":[{"@type":"ReadAction","target":["https:\/\/easyoriginal.com\/shop\/schreibwaren\/notizbuecher\/eleganz-der-natur-spiral-notizbuch-a5\/"]}]},{"@type":"ImageObject","inLanguage":"en-GB","@id":"https:\/\/easyoriginal.com\/shop\/schreibwaren\/notizbuecher\/eleganz-der-natur-spiral-notizbuch-a5\/#primaryimage","url":"https:\/\/easyoriginal.com\/wp-content\/uploads\/1-spiral.jpg","contentUrl":"https:\/\/easyoriginal.com\/wp-content\/uploads\/1-spiral.jpg","width":1738,"height":2400},{"@type":"BreadcrumbList","@id":"https:\/\/easyoriginal.com\/shop\/schreibwaren\/notizbuecher\/eleganz-der-natur-spiral-notizbuch-a5\/#breadcrumb","itemListElement":[{"@type":"ListItem","position":1,"name":"Startseite","item":"https:\/\/easyoriginal.com\/"},{"@type":"ListItem","position":2,"name":"Shop","item":"https:\/\/easyoriginal.com\/shop\/"},{"@type":"ListItem","position":3,"name":"Eleganz der Natur &#8211; Spiral-Notizbuch A5"}]},{"@type":"WebSite","@id":"https:\/\/easyoriginal.com\/#website","url":"https:\/\/easyoriginal.com\/","name":"EasyOriginal.com","description":"Spa\u00df am Lesen im Original - Innovative Lesemethode f\u00fcr Fremdsprachen","publisher":{"@id":"https:\/\/easyoriginal.com\/#organization"},"potentialAction":[{"@type":"SearchAction","target":{"@type":"EntryPoint","urlTemplate":"https:\/\/easyoriginal.com\/?s={search_term_string}"},"query-input":{"@type":"PropertyValueSpecification","valueRequired":true,"valueName":"search_term_string"}}],"inLanguage":"en-GB"},{"@type":"Organization","@id":"https:\/\/easyoriginal.com\/#organization","name":"EasyOriginal Verlag","url":"https:\/\/easyoriginal.com\/","logo":{"@type":"ImageObject","inLanguage":"en-GB","@id":"https:\/\/easyoriginal.com\/#\/schema\/logo\/image\/","url":"https:\/\/easyoriginal.com\/wp-content\/uploads\/2020\/08\/logo_main.png","contentUrl":"https:\/\/easyoriginal.com\/wp-content\/uploads\/2020\/08\/logo_main.png","width":500,"height":103,"caption":"EasyOriginal Verlag"},"image":{"@id":"https:\/\/easyoriginal.com\/#\/schema\/logo\/image\/"}}]}},"_links":{"self":[{"href":"https:\/\/easyoriginal.com\/en\/wp-json\/wp\/v2\/product\/12886","targetHints":{"allow":["GET"]}}],"collection":[{"href":"https:\/\/easyoriginal.com\/en\/wp-json\/wp\/v2\/product"}],"about":[{"href":"https:\/\/easyoriginal.com\/en\/wp-json\/wp\/v2\/types\/product"}],"replies":[{"embeddable":true,"href":"https:\/\/easyoriginal.com\/en\/wp-json\/wp\/v2\/comments?post=12886"}],"wp:featuredmedia":[{"embeddable":true,"href":"https:\/\/easyoriginal.com\/en\/wp-json\/wp\/v2\/media\/12884"}],"wp:attachment":[{"href":"https:\/\/easyoriginal.com\/en\/wp-json\/wp\/v2\/media?parent=12886"}],"wp:term":[{"taxonomy":"product_brand","embeddable":true,"href":"https:\/\/easyoriginal.com\/en\/wp-json\/wp\/v2\/product_brand?post=12886"},{"taxonomy":"product_cat","embeddable":true,"href":"https:\/\/easyoriginal.com\/en\/wp-json\/wp\/v2\/product_cat?post=12886"},{"taxonomy":"product_tag","embeddable":true,"href":"https:\/\/easyoriginal.com\/en\/wp-json\/wp\/v2\/product_tag?post=12886"}],"curies":[{"name":"wp","href":"https:\/\/api.w.org\/{rel}","templated":true}]}}