{"id":12209,"date":"2023-04-28T12:34:43","date_gmt":"2023-04-28T10:34:43","guid":{"rendered":"https:\/\/easyoriginal.com\/?post_type=product&#038;p=12209"},"modified":"2024-01-04T21:46:57","modified_gmt":"2024-01-04T20:46:57","slug":"charles-perrault-starter-set-franzoesisch-deutsch","status":"publish","type":"product","link":"https:\/\/easyoriginal.com\/en\/shop\/franzoesisch-deutsch-starter-set\/charles-perrault-starter-set-franzoesisch-deutsch\/","title":{"rendered":"Charles Perrault &#8211; Starter-Set Franz\u00f6sisch-Deutsch"},"content":{"rendered":"","protected":false},"excerpt":{"rendered":"<p>Easy Start mit EasyOriginal!<br \/>\nStarter-Set f\u00fcr &#8222;Contes&#8220; von Charles Perrault:<br \/>\n+ Lesemethode von Ilya Frank &#8211; drei M\u00e4rchen:\u00a0<a href=\"https:\/\/easyoriginal.com\/en\/shop\/franzoesisch-deutsch\/cendrillon-aschenputtel\/\">Cendrillon \/ Aschenputtel<\/a>,\u00a0<a href=\"https:\/\/easyoriginal.com\/en\/shop\/franzoesisch-deutsch\/le-chat-botte-der-gestiefelte-kater\/\">Le Chat bott\u00e9 \/ Der gestiefelte Kater<\/a>,\u00a0<a href=\"https:\/\/easyoriginal.com\/en\/shop\/franzoesisch-deutsch\/la-barbe-bleue-blaubart\/\">La Barbe bleue \/ Blaubart<\/a><br \/>\n+ <a href=\"https:\/\/easyoriginal.com\/en\/shop\/readable-classics-french\/contes\/\">Readable Classics<\/a> &#8211; Ungek\u00fcrzte franz\u00f6sische Ausgabe mit verbesserter Lesbarkeit, gut lesbarer Schrift und angenehmer Schriftgr\u00f6\u00dfe. Hochwertiger Druck und hochwertiges wei\u00dfes Papier.<\/p>\n<p>Mit dem EasyOriginal Starter-Set k\u00f6nnen Sie problemlos und ohne gro\u00dfen Zeitaufwand in \u201eContes\u201c von Charles Perrault auf Franz\u00f6sisch eintauchen. Dank der revolution\u00e4ren Lesemethode von Ilya Frank werden die drei M\u00e4rchen zu einem Vergn\u00fcgen, denn Sie verstehen den Text sofort und vollst\u00e4ndig und m\u00fcssen kein W\u00f6rterbuch zur Hand nehmen. Nachdem Sie die drei M\u00e4rchen gelesen haben, wird es Ihnen leicht fallen, den Originaltext bis zum Ende des Buches zu lesen \u2013 und das mit gr\u00f6\u00dferem Vergn\u00fcgen als je zuvor!<br \/>\nBei Bedarf k\u00f6nnen Sie sich weitere Kurzgeschichten nach Lesemethode von Ilya Frank besorgen.<\/p>\n<p>Ungek\u00fcrzter Originaltext. Zweisprachiges Buch Franz\u00f6sisch-Deutsch.<\/p>\n<p>&#8222;La Barbe bleue&#8220; (&#8222;Blaubart&#8220;) ist ein M\u00e4rchen von Charles Perrault.<br \/>\nCharles Perrault war ein franz\u00f6sischer Schriftsteller wurde vor allem durch seine M\u00e4rchensammlung &#8222;Histoires ou Contes du temps pass\u00e9&#8220; (&#8222;Geschichten oder Erz\u00e4hlungen aus alter Zeit&#8220;) ber\u00fchmt und hat das Genre in Frankreich und damit in Europa popularisiert.<\/p>","protected":false},"featured_media":12215,"comment_status":"open","ping_status":"closed","template":"","meta":{"_acf_changed":false,"_et_pb_use_builder":"off","_et_pb_old_content":"<div class=\"adapted-container\">\r\n<p class=\"Adapted\"><span class=\"Bold\">Hace mucho tiempo que ten\u00eda ganas de escribir <\/span><span class=\"Translation\">(seit langer Zeit hatte ich Lust zu schreiben; <\/span><span class=\"Translation\"><span class=\"Comment-Words\">tener<\/span><\/span><span class=\"Translation\"><span class=\"Comments\"> \u2014 haben<\/span><\/span><span class=\"Translation\">)<\/span><span class=\"Bold\"> cualquier cosa con este t\u00edtulo <\/span><span class=\"Translation\">(irgendetwas mit diesem Titel)<\/span><span class=\"Bold\">.<\/span><\/p>\r\n<p class=\"Adapted\"><span class=\"Bold\">Hoy<a id=\"_idTextAnchor001\"><\/a>, que se me ha presentado ocasi\u00f3n <\/span><span class=\"Translation\">(heute, wo sich mir \/eine\/ Gelegenheit geboten hat; <\/span><span class=\"Translation\"><span class=\"Comment-Words\">presentar<\/span><\/span><span class=\"Translation\"><span class=\"Comments\"> \u2014 zeigen; vorstellen<\/span><\/span><span class=\"Translation\">)<\/span><span class=\"Bold\">, lo he puesto con letras grandes <\/span><span class=\"Translation\">(das habe ich in gro\u00dfen Buchstaben gesetzt = habe ich es in Gro\u00dfbuchstaben gesetzt; <\/span><span class=\"Translation\"><span class=\"Comment-Words\">poner<\/span><\/span><span class=\"Translation\"><span class=\"Comments\"> \u2014 setzen; stellen; legen<\/span><\/span><span class=\"Translation\">)<\/span><span class=\"Bold\"> en la primera cuartilla de papel <\/span><span class=\"Translation\">(auf das erste Blatt: \u00abauf das erste Viertelpapier\u00bb; <\/span><span class=\"Translation\"><span class=\"Comment-Words\">cuarto<\/span><\/span><span class=\"Translation\"><span class=\"Gender _idGenCharOverride-1\">m <\/span><\/span><span class=\"Translation\"><span class=\"Comments\">\u2014 Viertel<\/span><\/span><span class=\"Translation\">)<\/span><span class=\"Bold\">, y luego he dejado a capricho volar la pluma <\/span><span class=\"Translation\">(und dann habe ich nach Belieben die Feder fliegen lassen; <\/span><span class=\"Translation\"><span class=\"Comment-Words\">dejar<\/span><\/span><span class=\"Translation\"><span class=\"Comments\"> \u2014 lassen; <\/span><\/span><span class=\"Translation\"><span class=\"Comment-Words\">capricho<\/span><\/span><span class=\"Translation\"><span class=\"Gender _idGenCharOverride-1\">m <\/span><\/span><span class=\"Translation\"><span class=\"Comments\">\u2014 Laune<\/span><\/span><span class=\"Translation\">)<\/span><span class=\"Bold\">.<\/span><\/p>\r\n\r\n<\/div>\r\n[audio mp3=\"https:\/\/easyoriginal1.s3.eu-central-1.amazonaws.com\/spanisch\/s1\/1.mp3\"][\/audio]\r\n<div class=\"original-container\">\r\n<p class=\"Original\">Hace mucho tiempo que ten\u00eda ganas de escribir cualquier cosa con este t\u00edtulo.<\/p>\r\n<p class=\"Original\">Hoy, que se me ha presentado ocasi\u00f3n, lo he puesto con letras grandes en la primera cuartilla de papel, y luego he dejado a capricho volar la pluma.<\/p>\r\n\r\n<\/div>\r\n<a class=\"weiter\" href=\"\/webreader\/los-ojos-verdes\/fragment\/1-4-2\/\">weiter lesen<\/a>","_et_gb_content_width":""},"product_brand":[],"product_cat":[237],"product_tag":[],"class_list":{"0":"post-12209","1":"product","2":"type-product","3":"status-publish","4":"has-post-thumbnail","6":"product_cat-franzoesisch-deutsch-starter-set","8":"first","9":"instock","10":"taxable","11":"shipping-taxable","12":"purchasable","13":"product-type-variable"},"acf":[],"yoast_head":"<!-- This site is optimized with the Yoast SEO plugin v27.3 - https:\/\/yoast.com\/product\/yoast-seo-wordpress\/ -->\n<title>Charles Perrault - Starter-Set Franz\u00f6sisch-Deutsch - EasyOriginal.com<\/title>\n<meta name=\"robots\" content=\"index, follow, max-snippet:-1, max-image-preview:large, max-video-preview:-1\" \/>\n<link rel=\"canonical\" href=\"https:\/\/easyoriginal.com\/en\/shop\/franzoesisch-deutsch-starter-set\/charles-perrault-starter-set-franzoesisch-deutsch\/\" \/>\n<meta property=\"og:locale\" content=\"en_GB\" \/>\n<meta property=\"og:type\" content=\"article\" \/>\n<meta property=\"og:title\" content=\"Charles Perrault - Starter-Set Franz\u00f6sisch-Deutsch - EasyOriginal.com\" \/>\n<meta property=\"og:description\" content=\"Easy Start mit EasyOriginal! Starter-Set f\u00fcr &quot;Contes&quot; von Charles Perrault: + Lesemethode von Ilya Frank - drei M\u00e4rchen:\u00a0Cendrillon \/ Aschenputtel,\u00a0Le Chat bott\u00e9 \/ Der gestiefelte Kater,\u00a0La Barbe bleue \/ Blaubart + Readable Classics - Ungek\u00fcrzte franz\u00f6sische Ausgabe mit verbesserter Lesbarkeit, gut lesbarer Schrift und angenehmer Schriftgr\u00f6\u00dfe. Hochwertiger Druck und hochwertiges wei\u00dfes Papier.  Mit dem EasyOriginal Starter-Set k\u00f6nnen Sie problemlos und ohne gro\u00dfen Zeitaufwand in \u201eContes\u201c von Charles Perrault auf Franz\u00f6sisch eintauchen. Dank der revolution\u00e4ren Lesemethode von Ilya Frank werden die drei M\u00e4rchen zu einem Vergn\u00fcgen, denn Sie verstehen den Text sofort und vollst\u00e4ndig und m\u00fcssen kein W\u00f6rterbuch zur Hand nehmen. Nachdem Sie die drei M\u00e4rchen gelesen haben, wird es Ihnen leicht fallen, den Originaltext bis zum Ende des Buches zu lesen \u2013 und das mit gr\u00f6\u00dferem Vergn\u00fcgen als je zuvor! Bei Bedarf k\u00f6nnen Sie sich weitere Kurzgeschichten nach Lesemethode von Ilya Frank besorgen.  Ungek\u00fcrzter Originaltext. Zweisprachiges Buch Franz\u00f6sisch-Deutsch.  &quot;La Barbe bleue&quot; (&quot;Blaubart&quot;) ist ein M\u00e4rchen von Charles Perrault. Charles Perrault war ein franz\u00f6sischer Schriftsteller wurde vor allem durch seine M\u00e4rchensammlung &quot;Histoires ou Contes du temps pass\u00e9&quot; (&quot;Geschichten oder Erz\u00e4hlungen aus alter Zeit&quot;) ber\u00fchmt und hat das Genre in Frankreich und damit in Europa popularisiert.\" \/>\n<meta property=\"og:url\" content=\"https:\/\/easyoriginal.com\/en\/shop\/franzoesisch-deutsch-starter-set\/charles-perrault-starter-set-franzoesisch-deutsch\/\" \/>\n<meta property=\"og:site_name\" content=\"EasyOriginal.com\" \/>\n<meta property=\"article:modified_time\" content=\"2024-01-04T20:46:57+00:00\" \/>\n<meta property=\"og:image\" content=\"https:\/\/easyoriginal.com\/wp-content\/uploads\/DFB10.jpg\" \/>\n\t<meta property=\"og:image:width\" content=\"1080\" \/>\n\t<meta property=\"og:image:height\" content=\"1080\" \/>\n\t<meta property=\"og:image:type\" content=\"image\/jpeg\" \/>\n<meta name=\"twitter:card\" content=\"summary_large_image\" \/>\n<meta name=\"twitter:label1\" content=\"Estimated reading time\" \/>\n\t<meta name=\"twitter:data1\" content=\"1 minute\" \/>\n<script type=\"application\/ld+json\" class=\"yoast-schema-graph\">{\"@context\":\"https:\\\/\\\/schema.org\",\"@graph\":[{\"@type\":\"WebPage\",\"@id\":\"https:\\\/\\\/easyoriginal.com\\\/shop\\\/franzoesisch-deutsch-starter-set\\\/charles-perrault-starter-set-franzoesisch-deutsch\\\/\",\"url\":\"https:\\\/\\\/easyoriginal.com\\\/shop\\\/franzoesisch-deutsch-starter-set\\\/charles-perrault-starter-set-franzoesisch-deutsch\\\/\",\"name\":\"Charles Perrault - Starter-Set Franz\u00f6sisch-Deutsch - EasyOriginal.com\",\"isPartOf\":{\"@id\":\"https:\\\/\\\/easyoriginal.com\\\/#website\"},\"primaryImageOfPage\":{\"@id\":\"https:\\\/\\\/easyoriginal.com\\\/shop\\\/franzoesisch-deutsch-starter-set\\\/charles-perrault-starter-set-franzoesisch-deutsch\\\/#primaryimage\"},\"image\":{\"@id\":\"https:\\\/\\\/easyoriginal.com\\\/shop\\\/franzoesisch-deutsch-starter-set\\\/charles-perrault-starter-set-franzoesisch-deutsch\\\/#primaryimage\"},\"thumbnailUrl\":\"https:\\\/\\\/easyoriginal.com\\\/wp-content\\\/uploads\\\/DFB10.jpg\",\"datePublished\":\"2023-04-28T10:34:43+00:00\",\"dateModified\":\"2024-01-04T20:46:57+00:00\",\"breadcrumb\":{\"@id\":\"https:\\\/\\\/easyoriginal.com\\\/shop\\\/franzoesisch-deutsch-starter-set\\\/charles-perrault-starter-set-franzoesisch-deutsch\\\/#breadcrumb\"},\"inLanguage\":\"en-GB\",\"potentialAction\":[{\"@type\":\"ReadAction\",\"target\":[\"https:\\\/\\\/easyoriginal.com\\\/shop\\\/franzoesisch-deutsch-starter-set\\\/charles-perrault-starter-set-franzoesisch-deutsch\\\/\"]}]},{\"@type\":\"ImageObject\",\"inLanguage\":\"en-GB\",\"@id\":\"https:\\\/\\\/easyoriginal.com\\\/shop\\\/franzoesisch-deutsch-starter-set\\\/charles-perrault-starter-set-franzoesisch-deutsch\\\/#primaryimage\",\"url\":\"https:\\\/\\\/easyoriginal.com\\\/wp-content\\\/uploads\\\/DFB10.jpg\",\"contentUrl\":\"https:\\\/\\\/easyoriginal.com\\\/wp-content\\\/uploads\\\/DFB10.jpg\",\"width\":1080,\"height\":1080},{\"@type\":\"BreadcrumbList\",\"@id\":\"https:\\\/\\\/easyoriginal.com\\\/shop\\\/franzoesisch-deutsch-starter-set\\\/charles-perrault-starter-set-franzoesisch-deutsch\\\/#breadcrumb\",\"itemListElement\":[{\"@type\":\"ListItem\",\"position\":1,\"name\":\"Startseite\",\"item\":\"https:\\\/\\\/easyoriginal.com\\\/\"},{\"@type\":\"ListItem\",\"position\":2,\"name\":\"Shop\",\"item\":\"https:\\\/\\\/easyoriginal.com\\\/shop\\\/\"},{\"@type\":\"ListItem\",\"position\":3,\"name\":\"Charles Perrault &#8211; Starter-Set Franz\u00f6sisch-Deutsch\"}]},{\"@type\":\"WebSite\",\"@id\":\"https:\\\/\\\/easyoriginal.com\\\/#website\",\"url\":\"https:\\\/\\\/easyoriginal.com\\\/\",\"name\":\"EasyOriginal.com\",\"description\":\"Spa\u00df am Lesen im Original - Innovative Lesemethode f\u00fcr Fremdsprachen\",\"publisher\":{\"@id\":\"https:\\\/\\\/easyoriginal.com\\\/#organization\"},\"potentialAction\":[{\"@type\":\"SearchAction\",\"target\":{\"@type\":\"EntryPoint\",\"urlTemplate\":\"https:\\\/\\\/easyoriginal.com\\\/?s={search_term_string}\"},\"query-input\":{\"@type\":\"PropertyValueSpecification\",\"valueRequired\":true,\"valueName\":\"search_term_string\"}}],\"inLanguage\":\"en-GB\"},{\"@type\":\"Organization\",\"@id\":\"https:\\\/\\\/easyoriginal.com\\\/#organization\",\"name\":\"EasyOriginal Verlag\",\"url\":\"https:\\\/\\\/easyoriginal.com\\\/\",\"logo\":{\"@type\":\"ImageObject\",\"inLanguage\":\"en-GB\",\"@id\":\"https:\\\/\\\/easyoriginal.com\\\/#\\\/schema\\\/logo\\\/image\\\/\",\"url\":\"https:\\\/\\\/easyoriginal.com\\\/wp-content\\\/uploads\\\/2020\\\/08\\\/logo_main.png\",\"contentUrl\":\"https:\\\/\\\/easyoriginal.com\\\/wp-content\\\/uploads\\\/2020\\\/08\\\/logo_main.png\",\"width\":500,\"height\":103,\"caption\":\"EasyOriginal Verlag\"},\"image\":{\"@id\":\"https:\\\/\\\/easyoriginal.com\\\/#\\\/schema\\\/logo\\\/image\\\/\"}}]}<\/script>\n<!-- \/ Yoast SEO plugin. -->","yoast_head_json":{"title":"Charles Perrault - Starter-Set Franz\u00f6sisch-Deutsch - EasyOriginal.com","robots":{"index":"index","follow":"follow","max-snippet":"max-snippet:-1","max-image-preview":"max-image-preview:large","max-video-preview":"max-video-preview:-1"},"canonical":"https:\/\/easyoriginal.com\/en\/shop\/franzoesisch-deutsch-starter-set\/charles-perrault-starter-set-franzoesisch-deutsch\/","og_locale":"en_GB","og_type":"article","og_title":"Charles Perrault - Starter-Set Franz\u00f6sisch-Deutsch - EasyOriginal.com","og_description":"Easy Start mit EasyOriginal! Starter-Set f\u00fcr \"Contes\" von Charles Perrault: + Lesemethode von Ilya Frank - drei M\u00e4rchen:\u00a0Cendrillon \/ Aschenputtel,\u00a0Le Chat bott\u00e9 \/ Der gestiefelte Kater,\u00a0La Barbe bleue \/ Blaubart + Readable Classics - Ungek\u00fcrzte franz\u00f6sische Ausgabe mit verbesserter Lesbarkeit, gut lesbarer Schrift und angenehmer Schriftgr\u00f6\u00dfe. Hochwertiger Druck und hochwertiges wei\u00dfes Papier.  Mit dem EasyOriginal Starter-Set k\u00f6nnen Sie problemlos und ohne gro\u00dfen Zeitaufwand in \u201eContes\u201c von Charles Perrault auf Franz\u00f6sisch eintauchen. Dank der revolution\u00e4ren Lesemethode von Ilya Frank werden die drei M\u00e4rchen zu einem Vergn\u00fcgen, denn Sie verstehen den Text sofort und vollst\u00e4ndig und m\u00fcssen kein W\u00f6rterbuch zur Hand nehmen. Nachdem Sie die drei M\u00e4rchen gelesen haben, wird es Ihnen leicht fallen, den Originaltext bis zum Ende des Buches zu lesen \u2013 und das mit gr\u00f6\u00dferem Vergn\u00fcgen als je zuvor! Bei Bedarf k\u00f6nnen Sie sich weitere Kurzgeschichten nach Lesemethode von Ilya Frank besorgen.  Ungek\u00fcrzter Originaltext. Zweisprachiges Buch Franz\u00f6sisch-Deutsch.  \"La Barbe bleue\" (\"Blaubart\") ist ein M\u00e4rchen von Charles Perrault. Charles Perrault war ein franz\u00f6sischer Schriftsteller wurde vor allem durch seine M\u00e4rchensammlung \"Histoires ou Contes du temps pass\u00e9\" (\"Geschichten oder Erz\u00e4hlungen aus alter Zeit\") ber\u00fchmt und hat das Genre in Frankreich und damit in Europa popularisiert.","og_url":"https:\/\/easyoriginal.com\/en\/shop\/franzoesisch-deutsch-starter-set\/charles-perrault-starter-set-franzoesisch-deutsch\/","og_site_name":"EasyOriginal.com","article_modified_time":"2024-01-04T20:46:57+00:00","og_image":[{"width":1080,"height":1080,"url":"https:\/\/easyoriginal.com\/wp-content\/uploads\/DFB10.jpg","type":"image\/jpeg"}],"twitter_card":"summary_large_image","twitter_misc":{"Estimated reading time":"1 minute"},"schema":{"@context":"https:\/\/schema.org","@graph":[{"@type":"WebPage","@id":"https:\/\/easyoriginal.com\/shop\/franzoesisch-deutsch-starter-set\/charles-perrault-starter-set-franzoesisch-deutsch\/","url":"https:\/\/easyoriginal.com\/shop\/franzoesisch-deutsch-starter-set\/charles-perrault-starter-set-franzoesisch-deutsch\/","name":"Charles Perrault - Starter-Set Franz\u00f6sisch-Deutsch - EasyOriginal.com","isPartOf":{"@id":"https:\/\/easyoriginal.com\/#website"},"primaryImageOfPage":{"@id":"https:\/\/easyoriginal.com\/shop\/franzoesisch-deutsch-starter-set\/charles-perrault-starter-set-franzoesisch-deutsch\/#primaryimage"},"image":{"@id":"https:\/\/easyoriginal.com\/shop\/franzoesisch-deutsch-starter-set\/charles-perrault-starter-set-franzoesisch-deutsch\/#primaryimage"},"thumbnailUrl":"https:\/\/easyoriginal.com\/wp-content\/uploads\/DFB10.jpg","datePublished":"2023-04-28T10:34:43+00:00","dateModified":"2024-01-04T20:46:57+00:00","breadcrumb":{"@id":"https:\/\/easyoriginal.com\/shop\/franzoesisch-deutsch-starter-set\/charles-perrault-starter-set-franzoesisch-deutsch\/#breadcrumb"},"inLanguage":"en-GB","potentialAction":[{"@type":"ReadAction","target":["https:\/\/easyoriginal.com\/shop\/franzoesisch-deutsch-starter-set\/charles-perrault-starter-set-franzoesisch-deutsch\/"]}]},{"@type":"ImageObject","inLanguage":"en-GB","@id":"https:\/\/easyoriginal.com\/shop\/franzoesisch-deutsch-starter-set\/charles-perrault-starter-set-franzoesisch-deutsch\/#primaryimage","url":"https:\/\/easyoriginal.com\/wp-content\/uploads\/DFB10.jpg","contentUrl":"https:\/\/easyoriginal.com\/wp-content\/uploads\/DFB10.jpg","width":1080,"height":1080},{"@type":"BreadcrumbList","@id":"https:\/\/easyoriginal.com\/shop\/franzoesisch-deutsch-starter-set\/charles-perrault-starter-set-franzoesisch-deutsch\/#breadcrumb","itemListElement":[{"@type":"ListItem","position":1,"name":"Startseite","item":"https:\/\/easyoriginal.com\/"},{"@type":"ListItem","position":2,"name":"Shop","item":"https:\/\/easyoriginal.com\/shop\/"},{"@type":"ListItem","position":3,"name":"Charles Perrault &#8211; Starter-Set Franz\u00f6sisch-Deutsch"}]},{"@type":"WebSite","@id":"https:\/\/easyoriginal.com\/#website","url":"https:\/\/easyoriginal.com\/","name":"EasyOriginal.com","description":"Spa\u00df am Lesen im Original - Innovative Lesemethode f\u00fcr Fremdsprachen","publisher":{"@id":"https:\/\/easyoriginal.com\/#organization"},"potentialAction":[{"@type":"SearchAction","target":{"@type":"EntryPoint","urlTemplate":"https:\/\/easyoriginal.com\/?s={search_term_string}"},"query-input":{"@type":"PropertyValueSpecification","valueRequired":true,"valueName":"search_term_string"}}],"inLanguage":"en-GB"},{"@type":"Organization","@id":"https:\/\/easyoriginal.com\/#organization","name":"EasyOriginal Verlag","url":"https:\/\/easyoriginal.com\/","logo":{"@type":"ImageObject","inLanguage":"en-GB","@id":"https:\/\/easyoriginal.com\/#\/schema\/logo\/image\/","url":"https:\/\/easyoriginal.com\/wp-content\/uploads\/2020\/08\/logo_main.png","contentUrl":"https:\/\/easyoriginal.com\/wp-content\/uploads\/2020\/08\/logo_main.png","width":500,"height":103,"caption":"EasyOriginal Verlag"},"image":{"@id":"https:\/\/easyoriginal.com\/#\/schema\/logo\/image\/"}}]}},"_links":{"self":[{"href":"https:\/\/easyoriginal.com\/en\/wp-json\/wp\/v2\/product\/12209","targetHints":{"allow":["GET"]}}],"collection":[{"href":"https:\/\/easyoriginal.com\/en\/wp-json\/wp\/v2\/product"}],"about":[{"href":"https:\/\/easyoriginal.com\/en\/wp-json\/wp\/v2\/types\/product"}],"replies":[{"embeddable":true,"href":"https:\/\/easyoriginal.com\/en\/wp-json\/wp\/v2\/comments?post=12209"}],"wp:featuredmedia":[{"embeddable":true,"href":"https:\/\/easyoriginal.com\/en\/wp-json\/wp\/v2\/media\/12215"}],"wp:attachment":[{"href":"https:\/\/easyoriginal.com\/en\/wp-json\/wp\/v2\/media?parent=12209"}],"wp:term":[{"taxonomy":"product_brand","embeddable":true,"href":"https:\/\/easyoriginal.com\/en\/wp-json\/wp\/v2\/product_brand?post=12209"},{"taxonomy":"product_cat","embeddable":true,"href":"https:\/\/easyoriginal.com\/en\/wp-json\/wp\/v2\/product_cat?post=12209"},{"taxonomy":"product_tag","embeddable":true,"href":"https:\/\/easyoriginal.com\/en\/wp-json\/wp\/v2\/product_tag?post=12209"}],"curies":[{"name":"wp","href":"https:\/\/api.w.org\/{rel}","templated":true}]}}