{"id":12187,"date":"2023-04-28T11:58:38","date_gmt":"2023-04-28T09:58:38","guid":{"rendered":"https:\/\/easyoriginal.com\/?post_type=product&#038;p=12187"},"modified":"2024-01-04T21:43:09","modified_gmt":"2024-01-04T20:43:09","slug":"arsene-lupin-starter-set-french-english","status":"publish","type":"product","link":"https:\/\/easyoriginal.com\/en\/shop\/french-english-starter-set\/arsene-lupin-starter-set-french-english\/","title":{"rendered":"Ars\u00e8ne Lupin &#8211; Starter-Set French-English"},"content":{"rendered":"","protected":false},"excerpt":{"rendered":"<p>Easy Start with EasyOriginal!<br \/>\nStarter-Set for &#8222;Ars\u00e8ne Lupin, gentleman-cambrioleur&#8220; by Maurice Leblanc:<br \/>\n+ Ilya Frank&#8217;s Reading Method &#8211; <a href=\"https:\/\/easyoriginal.com\/en\/shop\/franzoesisch-englisch\/arsene-lupin-1-larrestation-darsene-lupin-the-arrest-of-arsene-lupin\/\">first short story<\/a><br \/>\n+ <a href=\"https:\/\/easyoriginal.com\/en\/shop\/readable-classics-french\/arsene-lupin-gentleman-cambrioleur-readable-classics\/\">Readable Classics<\/a> &#8211; Unabridged french edition with improved readability, easy to read font and comfortable font size. High-quality printing and premium white paper.<\/p>\n<p>With the EasyOriginal Starter-Set, you can quickly and easily immerse yourself in Maurice Leblanc&#8217;s &#8222;Ars\u00e8ne Lupin, gentleman-cambrioleur&#8220; in French. Thanks to Ilya Frank&#8217;s revolutionary reading method, the first short story becomes a pleasure, because you understand the text immediately and completely and you don&#8217;t have to use a dictionary. After reading this first story, you will find it easy to read the original text to the end of the book &#8211; and with more pleasure than ever!<\/p>\n<p>Ars\u00e8ne Lupin is a fictional gentleman thief and master of disguise created by French writer Maurice Leblanc. The character was first introduced in a series of short stories.<br \/>\n&#8222;Ars\u00e8ne Lupin, gentleman-cambrioleur&#8220; (&#8222;Ars\u00e8ne Lupin, Gentleman Burglar&#8220;) is the first collection of stories recounting the adventures of Ars\u00e8ne Lupin. &#8222;L&#8217;Arrestation d&#8217;Ars\u00e8ne Lupin&#8220; (&#8222;The Arrest of Ars\u00e8ne Lupin&#8220;) is the first story in this collection.<br \/>\nUnabridged original text. Bilingual book French-English.<\/p>","protected":false},"featured_media":12193,"comment_status":"open","ping_status":"closed","template":"","meta":{"_acf_changed":false,"_et_pb_use_builder":"off","_et_pb_old_content":"<div class=\"adapted-container\">\r\n<p class=\"Adapted\"><span class=\"Bold\">Hace mucho tiempo que ten\u00eda ganas de escribir <\/span><span class=\"Translation\">(seit langer Zeit hatte ich Lust zu schreiben; <\/span><span class=\"Translation\"><span class=\"Comment-Words\">tener<\/span><\/span><span class=\"Translation\"><span class=\"Comments\"> \u2014 haben<\/span><\/span><span class=\"Translation\">)<\/span><span class=\"Bold\"> cualquier cosa con este t\u00edtulo <\/span><span class=\"Translation\">(irgendetwas mit diesem Titel)<\/span><span class=\"Bold\">.<\/span><\/p>\r\n<p class=\"Adapted\"><span class=\"Bold\">Hoy<a id=\"_idTextAnchor001\"><\/a>, que se me ha presentado ocasi\u00f3n <\/span><span class=\"Translation\">(heute, wo sich mir \/eine\/ Gelegenheit geboten hat; <\/span><span class=\"Translation\"><span class=\"Comment-Words\">presentar<\/span><\/span><span class=\"Translation\"><span class=\"Comments\"> \u2014 zeigen; vorstellen<\/span><\/span><span class=\"Translation\">)<\/span><span class=\"Bold\">, lo he puesto con letras grandes <\/span><span class=\"Translation\">(das habe ich in gro\u00dfen Buchstaben gesetzt = habe ich es in Gro\u00dfbuchstaben gesetzt; <\/span><span class=\"Translation\"><span class=\"Comment-Words\">poner<\/span><\/span><span class=\"Translation\"><span class=\"Comments\"> \u2014 setzen; stellen; legen<\/span><\/span><span class=\"Translation\">)<\/span><span class=\"Bold\"> en la primera cuartilla de papel <\/span><span class=\"Translation\">(auf das erste Blatt: \u00abauf das erste Viertelpapier\u00bb; <\/span><span class=\"Translation\"><span class=\"Comment-Words\">cuarto<\/span><\/span><span class=\"Translation\"><span class=\"Gender _idGenCharOverride-1\">m <\/span><\/span><span class=\"Translation\"><span class=\"Comments\">\u2014 Viertel<\/span><\/span><span class=\"Translation\">)<\/span><span class=\"Bold\">, y luego he dejado a capricho volar la pluma <\/span><span class=\"Translation\">(und dann habe ich nach Belieben die Feder fliegen lassen; <\/span><span class=\"Translation\"><span class=\"Comment-Words\">dejar<\/span><\/span><span class=\"Translation\"><span class=\"Comments\"> \u2014 lassen; <\/span><\/span><span class=\"Translation\"><span class=\"Comment-Words\">capricho<\/span><\/span><span class=\"Translation\"><span class=\"Gender _idGenCharOverride-1\">m <\/span><\/span><span class=\"Translation\"><span class=\"Comments\">\u2014 Laune<\/span><\/span><span class=\"Translation\">)<\/span><span class=\"Bold\">.<\/span><\/p>\r\n\r\n<\/div>\r\n[audio mp3=\"https:\/\/easyoriginal1.s3.eu-central-1.amazonaws.com\/spanisch\/s1\/1.mp3\"][\/audio]\r\n<div class=\"original-container\">\r\n<p class=\"Original\">Hace mucho tiempo que ten\u00eda ganas de escribir cualquier cosa con este t\u00edtulo.<\/p>\r\n<p class=\"Original\">Hoy, que se me ha presentado ocasi\u00f3n, lo he puesto con letras grandes en la primera cuartilla de papel, y luego he dejado a capricho volar la pluma.<\/p>\r\n\r\n<\/div>\r\n<a class=\"weiter\" href=\"\/webreader\/los-ojos-verdes\/fragment\/1-4-2\/\">weiter lesen<\/a>","_et_gb_content_width":""},"product_brand":[],"product_cat":[235],"product_tag":[165,81],"class_list":{"0":"post-12187","1":"product","2":"type-product","3":"status-publish","4":"has-post-thumbnail","6":"product_cat-french-english-starter-set","7":"product_tag-arsene-lupin","8":"product_tag-krimi","10":"first","11":"instock","12":"taxable","13":"shipping-taxable","14":"purchasable","15":"product-type-variable"},"acf":[],"yoast_head":"<!-- This site is optimized with the Yoast SEO plugin v27.3 - https:\/\/yoast.com\/product\/yoast-seo-wordpress\/ -->\n<title>Ars\u00e8ne Lupin - Starter-Set French-English - EasyOriginal.com<\/title>\n<meta name=\"robots\" content=\"index, follow, max-snippet:-1, max-image-preview:large, max-video-preview:-1\" \/>\n<link rel=\"canonical\" href=\"https:\/\/easyoriginal.com\/en\/shop\/french-english-starter-set\/arsene-lupin-starter-set-french-english\/\" \/>\n<meta property=\"og:locale\" content=\"en_GB\" \/>\n<meta property=\"og:type\" content=\"article\" \/>\n<meta property=\"og:title\" content=\"Ars\u00e8ne Lupin - Starter-Set French-English - EasyOriginal.com\" \/>\n<meta property=\"og:description\" content=\"Easy Start with EasyOriginal! Starter-Set for &quot;Ars\u00e8ne Lupin, gentleman-cambrioleur&quot; by Maurice Leblanc: + Ilya Frank&#039;s Reading Method - first short story + Readable Classics - Unabridged french edition with improved readability, easy to read font and comfortable font size. High-quality printing and premium white paper.  With the EasyOriginal Starter-Set, you can quickly and easily immerse yourself in Maurice Leblanc&#039;s &quot;Ars\u00e8ne Lupin, gentleman-cambrioleur&quot; in French. Thanks to Ilya Frank&#039;s revolutionary reading method, the first short story becomes a pleasure, because you understand the text immediately and completely and you don&#039;t have to use a dictionary. After reading this first story, you will find it easy to read the original text to the end of the book - and with more pleasure than ever!  Ars\u00e8ne Lupin is a fictional gentleman thief and master of disguise created by French writer Maurice Leblanc. The character was first introduced in a series of short stories. &quot;Ars\u00e8ne Lupin, gentleman-cambrioleur&quot; (&quot;Ars\u00e8ne Lupin, Gentleman Burglar&quot;) is the first collection of stories recounting the adventures of Ars\u00e8ne Lupin. &quot;L&#039;Arrestation d&#039;Ars\u00e8ne Lupin&quot; (&quot;The Arrest of Ars\u00e8ne Lupin&quot;) is the first story in this collection. Unabridged original text. Bilingual book French-English.\" \/>\n<meta property=\"og:url\" content=\"https:\/\/easyoriginal.com\/en\/shop\/french-english-starter-set\/arsene-lupin-starter-set-french-english\/\" \/>\n<meta property=\"og:site_name\" content=\"EasyOriginal.com\" \/>\n<meta property=\"article:modified_time\" content=\"2024-01-04T20:43:09+00:00\" \/>\n<meta property=\"og:image\" content=\"https:\/\/easyoriginal.com\/wp-content\/uploads\/EFB5.jpg\" \/>\n\t<meta property=\"og:image:width\" content=\"1080\" \/>\n\t<meta property=\"og:image:height\" content=\"1080\" \/>\n\t<meta property=\"og:image:type\" content=\"image\/jpeg\" \/>\n<meta name=\"twitter:card\" content=\"summary_large_image\" \/>\n<meta name=\"twitter:label1\" content=\"Estimated reading time\" \/>\n\t<meta name=\"twitter:data1\" content=\"1 minute\" \/>\n<script type=\"application\/ld+json\" class=\"yoast-schema-graph\">{\"@context\":\"https:\\\/\\\/schema.org\",\"@graph\":[{\"@type\":\"WebPage\",\"@id\":\"https:\\\/\\\/easyoriginal.com\\\/shop\\\/french-english-starter-set\\\/arsene-lupin-starter-set-french-english\\\/\",\"url\":\"https:\\\/\\\/easyoriginal.com\\\/shop\\\/french-english-starter-set\\\/arsene-lupin-starter-set-french-english\\\/\",\"name\":\"Ars\u00e8ne Lupin - Starter-Set French-English - EasyOriginal.com\",\"isPartOf\":{\"@id\":\"https:\\\/\\\/easyoriginal.com\\\/#website\"},\"primaryImageOfPage\":{\"@id\":\"https:\\\/\\\/easyoriginal.com\\\/shop\\\/french-english-starter-set\\\/arsene-lupin-starter-set-french-english\\\/#primaryimage\"},\"image\":{\"@id\":\"https:\\\/\\\/easyoriginal.com\\\/shop\\\/french-english-starter-set\\\/arsene-lupin-starter-set-french-english\\\/#primaryimage\"},\"thumbnailUrl\":\"https:\\\/\\\/easyoriginal.com\\\/wp-content\\\/uploads\\\/EFB5.jpg\",\"datePublished\":\"2023-04-28T09:58:38+00:00\",\"dateModified\":\"2024-01-04T20:43:09+00:00\",\"breadcrumb\":{\"@id\":\"https:\\\/\\\/easyoriginal.com\\\/shop\\\/french-english-starter-set\\\/arsene-lupin-starter-set-french-english\\\/#breadcrumb\"},\"inLanguage\":\"en-GB\",\"potentialAction\":[{\"@type\":\"ReadAction\",\"target\":[\"https:\\\/\\\/easyoriginal.com\\\/shop\\\/french-english-starter-set\\\/arsene-lupin-starter-set-french-english\\\/\"]}]},{\"@type\":\"ImageObject\",\"inLanguage\":\"en-GB\",\"@id\":\"https:\\\/\\\/easyoriginal.com\\\/shop\\\/french-english-starter-set\\\/arsene-lupin-starter-set-french-english\\\/#primaryimage\",\"url\":\"https:\\\/\\\/easyoriginal.com\\\/wp-content\\\/uploads\\\/EFB5.jpg\",\"contentUrl\":\"https:\\\/\\\/easyoriginal.com\\\/wp-content\\\/uploads\\\/EFB5.jpg\",\"width\":1080,\"height\":1080},{\"@type\":\"BreadcrumbList\",\"@id\":\"https:\\\/\\\/easyoriginal.com\\\/shop\\\/french-english-starter-set\\\/arsene-lupin-starter-set-french-english\\\/#breadcrumb\",\"itemListElement\":[{\"@type\":\"ListItem\",\"position\":1,\"name\":\"Startseite\",\"item\":\"https:\\\/\\\/easyoriginal.com\\\/\"},{\"@type\":\"ListItem\",\"position\":2,\"name\":\"Shop\",\"item\":\"https:\\\/\\\/easyoriginal.com\\\/shop\\\/\"},{\"@type\":\"ListItem\",\"position\":3,\"name\":\"Ars\u00e8ne Lupin &#8211; Starter-Set French-English\"}]},{\"@type\":\"WebSite\",\"@id\":\"https:\\\/\\\/easyoriginal.com\\\/#website\",\"url\":\"https:\\\/\\\/easyoriginal.com\\\/\",\"name\":\"EasyOriginal.com\",\"description\":\"Spa\u00df am Lesen im Original - Innovative Lesemethode f\u00fcr Fremdsprachen\",\"publisher\":{\"@id\":\"https:\\\/\\\/easyoriginal.com\\\/#organization\"},\"potentialAction\":[{\"@type\":\"SearchAction\",\"target\":{\"@type\":\"EntryPoint\",\"urlTemplate\":\"https:\\\/\\\/easyoriginal.com\\\/?s={search_term_string}\"},\"query-input\":{\"@type\":\"PropertyValueSpecification\",\"valueRequired\":true,\"valueName\":\"search_term_string\"}}],\"inLanguage\":\"en-GB\"},{\"@type\":\"Organization\",\"@id\":\"https:\\\/\\\/easyoriginal.com\\\/#organization\",\"name\":\"EasyOriginal Verlag\",\"url\":\"https:\\\/\\\/easyoriginal.com\\\/\",\"logo\":{\"@type\":\"ImageObject\",\"inLanguage\":\"en-GB\",\"@id\":\"https:\\\/\\\/easyoriginal.com\\\/#\\\/schema\\\/logo\\\/image\\\/\",\"url\":\"https:\\\/\\\/easyoriginal.com\\\/wp-content\\\/uploads\\\/2020\\\/08\\\/logo_main.png\",\"contentUrl\":\"https:\\\/\\\/easyoriginal.com\\\/wp-content\\\/uploads\\\/2020\\\/08\\\/logo_main.png\",\"width\":500,\"height\":103,\"caption\":\"EasyOriginal Verlag\"},\"image\":{\"@id\":\"https:\\\/\\\/easyoriginal.com\\\/#\\\/schema\\\/logo\\\/image\\\/\"}}]}<\/script>\n<!-- \/ Yoast SEO plugin. -->","yoast_head_json":{"title":"Ars\u00e8ne Lupin - Starter-Set French-English - EasyOriginal.com","robots":{"index":"index","follow":"follow","max-snippet":"max-snippet:-1","max-image-preview":"max-image-preview:large","max-video-preview":"max-video-preview:-1"},"canonical":"https:\/\/easyoriginal.com\/en\/shop\/french-english-starter-set\/arsene-lupin-starter-set-french-english\/","og_locale":"en_GB","og_type":"article","og_title":"Ars\u00e8ne Lupin - Starter-Set French-English - EasyOriginal.com","og_description":"Easy Start with EasyOriginal! Starter-Set for \"Ars\u00e8ne Lupin, gentleman-cambrioleur\" by Maurice Leblanc: + Ilya Frank's Reading Method - first short story + Readable Classics - Unabridged french edition with improved readability, easy to read font and comfortable font size. High-quality printing and premium white paper.  With the EasyOriginal Starter-Set, you can quickly and easily immerse yourself in Maurice Leblanc's \"Ars\u00e8ne Lupin, gentleman-cambrioleur\" in French. Thanks to Ilya Frank's revolutionary reading method, the first short story becomes a pleasure, because you understand the text immediately and completely and you don't have to use a dictionary. After reading this first story, you will find it easy to read the original text to the end of the book - and with more pleasure than ever!  Ars\u00e8ne Lupin is a fictional gentleman thief and master of disguise created by French writer Maurice Leblanc. The character was first introduced in a series of short stories. \"Ars\u00e8ne Lupin, gentleman-cambrioleur\" (\"Ars\u00e8ne Lupin, Gentleman Burglar\") is the first collection of stories recounting the adventures of Ars\u00e8ne Lupin. \"L'Arrestation d'Ars\u00e8ne Lupin\" (\"The Arrest of Ars\u00e8ne Lupin\") is the first story in this collection. Unabridged original text. Bilingual book French-English.","og_url":"https:\/\/easyoriginal.com\/en\/shop\/french-english-starter-set\/arsene-lupin-starter-set-french-english\/","og_site_name":"EasyOriginal.com","article_modified_time":"2024-01-04T20:43:09+00:00","og_image":[{"width":1080,"height":1080,"url":"https:\/\/easyoriginal.com\/wp-content\/uploads\/EFB5.jpg","type":"image\/jpeg"}],"twitter_card":"summary_large_image","twitter_misc":{"Estimated reading time":"1 minute"},"schema":{"@context":"https:\/\/schema.org","@graph":[{"@type":"WebPage","@id":"https:\/\/easyoriginal.com\/shop\/french-english-starter-set\/arsene-lupin-starter-set-french-english\/","url":"https:\/\/easyoriginal.com\/shop\/french-english-starter-set\/arsene-lupin-starter-set-french-english\/","name":"Ars\u00e8ne Lupin - Starter-Set French-English - EasyOriginal.com","isPartOf":{"@id":"https:\/\/easyoriginal.com\/#website"},"primaryImageOfPage":{"@id":"https:\/\/easyoriginal.com\/shop\/french-english-starter-set\/arsene-lupin-starter-set-french-english\/#primaryimage"},"image":{"@id":"https:\/\/easyoriginal.com\/shop\/french-english-starter-set\/arsene-lupin-starter-set-french-english\/#primaryimage"},"thumbnailUrl":"https:\/\/easyoriginal.com\/wp-content\/uploads\/EFB5.jpg","datePublished":"2023-04-28T09:58:38+00:00","dateModified":"2024-01-04T20:43:09+00:00","breadcrumb":{"@id":"https:\/\/easyoriginal.com\/shop\/french-english-starter-set\/arsene-lupin-starter-set-french-english\/#breadcrumb"},"inLanguage":"en-GB","potentialAction":[{"@type":"ReadAction","target":["https:\/\/easyoriginal.com\/shop\/french-english-starter-set\/arsene-lupin-starter-set-french-english\/"]}]},{"@type":"ImageObject","inLanguage":"en-GB","@id":"https:\/\/easyoriginal.com\/shop\/french-english-starter-set\/arsene-lupin-starter-set-french-english\/#primaryimage","url":"https:\/\/easyoriginal.com\/wp-content\/uploads\/EFB5.jpg","contentUrl":"https:\/\/easyoriginal.com\/wp-content\/uploads\/EFB5.jpg","width":1080,"height":1080},{"@type":"BreadcrumbList","@id":"https:\/\/easyoriginal.com\/shop\/french-english-starter-set\/arsene-lupin-starter-set-french-english\/#breadcrumb","itemListElement":[{"@type":"ListItem","position":1,"name":"Startseite","item":"https:\/\/easyoriginal.com\/"},{"@type":"ListItem","position":2,"name":"Shop","item":"https:\/\/easyoriginal.com\/shop\/"},{"@type":"ListItem","position":3,"name":"Ars\u00e8ne Lupin &#8211; Starter-Set French-English"}]},{"@type":"WebSite","@id":"https:\/\/easyoriginal.com\/#website","url":"https:\/\/easyoriginal.com\/","name":"EasyOriginal.com","description":"Spa\u00df am Lesen im Original - Innovative Lesemethode f\u00fcr Fremdsprachen","publisher":{"@id":"https:\/\/easyoriginal.com\/#organization"},"potentialAction":[{"@type":"SearchAction","target":{"@type":"EntryPoint","urlTemplate":"https:\/\/easyoriginal.com\/?s={search_term_string}"},"query-input":{"@type":"PropertyValueSpecification","valueRequired":true,"valueName":"search_term_string"}}],"inLanguage":"en-GB"},{"@type":"Organization","@id":"https:\/\/easyoriginal.com\/#organization","name":"EasyOriginal Verlag","url":"https:\/\/easyoriginal.com\/","logo":{"@type":"ImageObject","inLanguage":"en-GB","@id":"https:\/\/easyoriginal.com\/#\/schema\/logo\/image\/","url":"https:\/\/easyoriginal.com\/wp-content\/uploads\/2020\/08\/logo_main.png","contentUrl":"https:\/\/easyoriginal.com\/wp-content\/uploads\/2020\/08\/logo_main.png","width":500,"height":103,"caption":"EasyOriginal Verlag"},"image":{"@id":"https:\/\/easyoriginal.com\/#\/schema\/logo\/image\/"}}]}},"_links":{"self":[{"href":"https:\/\/easyoriginal.com\/en\/wp-json\/wp\/v2\/product\/12187","targetHints":{"allow":["GET"]}}],"collection":[{"href":"https:\/\/easyoriginal.com\/en\/wp-json\/wp\/v2\/product"}],"about":[{"href":"https:\/\/easyoriginal.com\/en\/wp-json\/wp\/v2\/types\/product"}],"replies":[{"embeddable":true,"href":"https:\/\/easyoriginal.com\/en\/wp-json\/wp\/v2\/comments?post=12187"}],"wp:featuredmedia":[{"embeddable":true,"href":"https:\/\/easyoriginal.com\/en\/wp-json\/wp\/v2\/media\/12193"}],"wp:attachment":[{"href":"https:\/\/easyoriginal.com\/en\/wp-json\/wp\/v2\/media?parent=12187"}],"wp:term":[{"taxonomy":"product_brand","embeddable":true,"href":"https:\/\/easyoriginal.com\/en\/wp-json\/wp\/v2\/product_brand?post=12187"},{"taxonomy":"product_cat","embeddable":true,"href":"https:\/\/easyoriginal.com\/en\/wp-json\/wp\/v2\/product_cat?post=12187"},{"taxonomy":"product_tag","embeddable":true,"href":"https:\/\/easyoriginal.com\/en\/wp-json\/wp\/v2\/product_tag?post=12187"}],"curies":[{"name":"wp","href":"https:\/\/api.w.org\/{rel}","templated":true}]}}