{"id":11793,"date":"2023-03-09T12:21:32","date_gmt":"2023-03-09T11:21:32","guid":{"rendered":"https:\/\/easyoriginal.com\/?post_type=product&#038;p=11793"},"modified":"2024-01-04T19:12:39","modified_gmt":"2024-01-04T18:12:39","slug":"erzaehlungen-belkins-starter-set","status":"publish","type":"product","link":"https:\/\/easyoriginal.com\/en\/shop\/russisch-deutsch-starter-sets\/erzaehlungen-belkins-starter-set\/","title":{"rendered":"Erz\u00e4hlungen Belkins &#8211; Starter-Set"},"content":{"rendered":"","protected":false},"excerpt":{"rendered":"<p>Easy Start mit EasyOriginal!<br \/>\nStarter-Set f\u00fcr &#8222;Erz\u00e4hlungen Belkins&#8220;:<\/p>\n<ul>\n<li><a href=\"https:\/\/easyoriginal.com\/en\/shop\/russisch-deutsch\/vystrel-der-schuss\/\">Lesemethode von Ilya Frank &#8211; die erste Erz\u00e4hlung<\/a><\/li>\n<li><a href=\"https:\/\/easyoriginal.com\/en\/shop\/readable-classics-russian\/povesti-belkina-readable-classics\/\">Readable Classics &#8211; Ungek\u00fcrzte russische Ausgabe mit verbesserter Lesbarkeit, gut lesbarer Schrift und angenehmer Schriftgr\u00f6\u00dfe. Hochwertiger Druck und hochwertiges wei\u00dfes Papier.<\/a><\/li>\n<\/ul>\n<p>Mit dem EasyOriginal Starter-Set k\u00f6nnen Sie problemlos und ohne gro\u00dfen Zeitaufwand in die \u201eErz\u00e4hlungen Belkins\u201c von Alexander Puschkin auf Russisch eintauchen. Dank der revolution\u00e4ren Lesemethode von Ilya Frank wird die erste Erz\u00e4hlung zu einem Vergn\u00fcgen, denn Sie verstehen den Text sofort und vollst\u00e4ndig und m\u00fcssen kein W\u00f6rterbuch zur Hand nehmen. Nachdem Sie die erste Erz\u00e4hlung gelesen haben, wird es Ihnen leicht fallen, den Originaltext bis zum Ende des Buches zu lesen \u2013 und das mit gr\u00f6\u00dferem Vergn\u00fcgen als je zuvor!<br \/>\nBei Bedarf k\u00f6nnen Sie sich weitere Erz\u00e4hlungen nach Lesemethode von Ilya Frank besorgen.<\/p>\n<p>\u201cVystrel\u201d (&#8222;Der Schuss&#8220;) ist eine Kurzgeschichte von Alexander Puschkin. Die Geschichte erschien zusammen mit anderen Geschichten in dem Kurzgeschichtenband &#8222;Die Geschichten des verstorbenen Iwan Petrowitsch Belkin&#8220;.<br \/>\nAlexander Sergejewitsch Puschkin gilt als russischer Nationaldichter und Begr\u00fcnder der modernen russischen Literatur.<\/p>","protected":false},"featured_media":11798,"comment_status":"open","ping_status":"closed","template":"","meta":{"_acf_changed":false,"_et_pb_use_builder":"off","_et_pb_old_content":"<div class=\"adapted-container ru\">\r\n<p class=\"Adapted\">\u041c\u044b \u0441\u0442\u043e\u044f\u0301\u043b\u0438 \u0432 \u043c\u0435\u0441\u0442\u0435\u0301\u0447\u043a\u0435 *** <span class=\"Translation\">(wir standen im \u00d6<\/span><span class=\"Translation\"><span class=\"No-Break\">rtchen **<\/span><\/span><span class=\"Translation\"><span class=\"No-Break\">*<\/span><\/span><span class=\"No-Break\"><span class=\"Translation\">;<\/span><\/span><span class=\"Translation\"><span class=\"Comment-Words\"> \u043c\u0435\u0441\u0442\u0435\u0301\u0447\u043a\u043e<\/span><\/span> <span class=\"No-Break\"><span class=\"Translation\">\u2014<\/span><\/span> <span class=\"Translation\"><span class=\"Comments\">St\u00e4dtchen, \u00d6rtche<\/span><\/span><span class=\"Translation\"><span class=\"No-Break\"><span class=\"Comments\">n<\/span><\/span><\/span><span class=\"No-Break\"><span class=\"Translation\">;<\/span><\/span><span class=\"Translation\"><span class=\"Comment-Words\"> \u043c\u0435\u0301\u0441\u0442\u043e<\/span><\/span> <span class=\"No-Break\"><span class=\"Translation\">\u2014<\/span><\/span> <span class=\"Translation\"><span class=\"Comments\">Platz, Stell<\/span><\/span><span class=\"Translation\"><span class=\"No-Break\"><span class=\"Comments\">e;<\/span><\/span><\/span><span class=\"Translation\"><span class=\"Comments\"> Ort<\/span><\/span><span class=\"Translation\">)<\/span><span class=\"Bold\">.<\/span> \u0416\u0438\u0437\u043d\u044c \u0430\u0440\u043c\u0435\u0301\u0439\u0441\u043a\u043e\u0433\u043e \u043e\u0444\u0438\u0446\u0435\u0301\u0440\u0430 \u0438\u0437\u0432\u0435\u0301\u0441\u0442\u043d\u0430 <span class=\"Translation\">(das Leben eines Offiziers der Armee = <\/span><span class=\"Translation\"><span class=\"Comments\">Armeeoffiziers<\/span><\/span><span class=\"Translation\"> ist bekannt)<\/span><span class=\"Bold\">. <\/span>\u0423\u0301\u0442\u0440\u043e\u043c \u0443\u0447\u0435\u0301\u043d\u044c\u0435<span class=\"Bold\">, <\/span>\u043c\u0430\u043d\u0435\u0301\u0436 <span class=\"Translation\">(morgens \u00dcbungen, Reitbah<\/span><span class=\"No-Break\"><span class=\"Translation\">n;<\/span><\/span><span class=\"Translation\"><span class=\"Comment-Words\"> \u0443\u0447\u0435\u0301\u043d\u0438\u0435<\/span><\/span> <span class=\"No-Break\"><span class=\"Translation\">\u2014<\/span><\/span> <span class=\"Translation\"><span class=\"Comments\">Lerne<\/span><\/span><span class=\"Translation\"><span class=\"No-Break\"><span class=\"Comments\">n<\/span><\/span><\/span><span class=\"No-Break\"><span class=\"Translation\">;<\/span><\/span><span class=\"Translation\"><span class=\"Comments\"> Lehr<\/span><\/span><span class=\"Translation\"><span class=\"No-Break\"><span class=\"Comments\">e<\/span><\/span><\/span><span class=\"No-Break\"><span class=\"Translation\">;<\/span><\/span><span class=\"Translation\"><span class=\"Comments\"> Unterrich<\/span><\/span><span class=\"Translation\"><span class=\"No-Break\"><span class=\"Comments\">t<\/span><\/span><\/span><span class=\"No-Break\"><span class=\"Translation\">;<\/span><\/span><span class=\"Translation\"><span class=\"Comments\"> \u00dcbungen <\/span><\/span><span class=\"Translation\"><span class=\"No-Break\"><span class=\"Comments\">\/m<\/span><\/span><\/span><span class=\"Translation\"><span class=\"Comments\">il.<\/span><\/span><span class=\"Translation\"><span class=\"No-Break\"><span class=\"Comments\">\/<\/span><\/span><\/span><span class=\"No-Break\"><span class=\"Translation\">;<\/span><\/span><span class=\"Translation\"><span class=\"Comment-Words\"> \u043c\u0430\u043d\u0435\u0301\u0436<\/span><\/span> <span class=\"No-Break\"><span class=\"Translation\">\u2014<\/span><\/span> <span class=\"Translation\"><span class=\"Comments\">Maneg<\/span><\/span><span class=\"Translation\"><span class=\"No-Break\"><span class=\"Comments\">e;<\/span><\/span><\/span><span class=\"Translation\"><span class=\"Comments\"> Reithall<\/span><\/span><span class=\"Translation\"><span class=\"No-Break\"><span class=\"Comments\">e;<\/span><\/span><\/span><span class=\"Translation\"><span class=\"Comments\"> Reitbahn<\/span><\/span><span class=\"No-Break\"><span class=\"Translation\">)<\/span><\/span><span class=\"No-Break\"><span class=\"Bold\">;<\/span><\/span> \u043e\u0431\u0435\u0301\u0434 \u0443 \u043f\u043e\u043b\u043a\u043e\u0432\u043e\u0301\u0433\u043e \u043a\u043e\u043c\u0430\u043d\u0434\u0438\u0301\u0440\u0430 \u0438\u043b\u0438 \u0432 \u0436\u0438\u0434\u043e\u0301\u0432\u0441\u043a\u043e\u043c \u0442\u0440\u0430\u043a\u0442\u0438\u0301\u0440\u0435 <span class=\"Translation\">(Mittagessen bei dem Kommandeur des Regiments = <\/span><span class=\"Translation\"><span class=\"Comments\">Regimentskommandeur<\/span><\/span><span class=\"Translation\"> oder in der jiddischen Taverne = im j\u00fcdischen Wirtshaus<\/span><span class=\"No-Break\"><span class=\"Translation\">)<\/span><\/span><span class=\"No-Break\"><span class=\"Bold\">;<\/span><\/span> \u0432\u0435\u0301\u0447\u0435\u0440\u043e\u043c \u043f\u0443\u043d\u0448 \u0438 \u043a\u0430\u0301\u0440\u0442\u044b <span class=\"Translation\">(abends Punsch und Karten)<\/span><span class=\"Bold\">. <\/span>\u0412<span class=\"Bold\"> *** <\/span>\u043d\u0435\u0301 \u0431\u044b\u043b\u043e \u043d\u0438 \u043e\u0434\u043d\u043e\u0433\u043e\u0301 \u043e\u0442\u043a\u0440\u044b\u0301\u0442\u043e\u0433\u043e \u0434\u043e\u0301\u043c\u0430 <span class=\"Translation\">(in *** gab es nicht ein offenes = <\/span><span class=\"Translation\"><span class=\"Comments\">kein einziges gastfreundliches<\/span><\/span><span class=\"Translation\"> Haus)<\/span><span class=\"Bold\">, <\/span>\u043d\u0438 \u043e\u0434\u043d\u043e\u0301\u0439 \u043d\u0435\u0432\u0435\u0301\u0441\u0442\u044b <span class=\"Translation\">(kein heiratsf\u00e4higes M\u00e4dche<\/span><span class=\"No-Break\"><span class=\"Translation\">n;<\/span><\/span><span class=\"Translation\"><span class=\"Comment-Words\"> <a id=\"_idTextAnchor000\"><\/a>\u043d\u0435\u0432\u0435\u0301\u0441\u0442\u0430<\/span><\/span> <span class=\"No-Break\"><span class=\"Translation\">\u2014<\/span><\/span> <span class=\"Translation\"><span class=\"Comments\">Brau<\/span><\/span><span class=\"Translation\"><span class=\"No-Break\"><span class=\"Comments\">t<\/span><\/span><\/span><span class=\"No-Break\"><span class=\"Translation\">;<\/span><\/span> <span class=\"Translation\"><span class=\"Comments\">heiratsf\u00e4higes M\u00e4dchen<\/span><\/span><span class=\"No-Break\"><span class=\"Translation\">)<\/span><\/span><span class=\"No-Break\"><span class=\"Bold\">;<\/span><\/span> \u043c\u044b \u0441\u043e\u0431\u0438\u0440\u0430\u0301\u043b\u0438\u0441\u044c \u0434\u0440\u0443\u0433 \u0443 \u0434\u0440\u0443\u0301\u0433\u0430 <span class=\"Translation\">(wir versammelten uns bei einander = wir besuchten uns gegenseiti<\/span><span class=\"No-Break\"><span class=\"Translation\">g;<\/span><\/span><span class=\"Translation\"><span class=\"Comment-Words\"> \u0434\u0440\u0443\u0433<\/span><\/span> <span class=\"No-Break\"><span class=\"Translation\">\u2014<\/span><\/span> <span class=\"Translation\"><span class=\"Comments\">Freun<\/span><\/span><span class=\"Translation\"><span class=\"No-Break\"><span class=\"Comments\">d<\/span><\/span><\/span><span class=\"No-Break\"><span class=\"Translation\">;<\/span><\/span><span class=\"Translation\"><span class=\"Comment-Words\"> \u0434\u0440\u0443\u0433 \u0443 \u0434\u0440\u0443\u0301\u0433\u0430<\/span><\/span> <span class=\"No-Break\"><span class=\"Translation\">\u2014<\/span><\/span> <span class=\"Translation\"><span class=\"Comments\">bei einander<\/span><\/span><span class=\"Translation\">)<\/span><span class=\"Bold\">, <\/span>\u0433\u0434\u0435<span class=\"Bold\">, <\/span>\u043a\u0440\u043e\u0301\u043c\u0435 \u0441\u0432\u043e\u0438\u0301\u0445 \u043c\u0443\u043d\u0434\u0438\u0301\u0440\u043e\u0432<span class=\"Bold\">, <\/span>\u043d\u0435 \u0432\u0438\u0434\u0430\u0301\u043b\u0438 \u043d\u0438\u0447\u0435\u0433\u043e\u0301 <span class=\"Translation\">(wo au\u00dfer unseren Monturen<\/span><span class=\"No-Break\"><span class=\"Translation\">\/U<\/span><\/span><span class=\"Translation\">niformen nichts zu sehen war: \"wir nichts sahen\")<\/span><span class=\"Bold\">.<\/span><\/p>\r\n\r\n<\/div>\r\n[audio mp3=\"https:\/\/easyoriginal1.s3.eu-central-1.amazonaws.com\/russisch\/r5\/1.mp3\"][\/audio]\r\n<div class=\"original-container ru\">\r\n<p class=\"Original\" lang=\"en-US\">\u041c\u044b \u0441\u0442\u043e\u044f\u043b\u0438 \u0432 \u043c\u0435\u0441\u0442\u0435\u0447\u043a\u0435 ***. \u0416\u0438\u0437\u043d\u044c \u0430\u0440\u043c\u0435\u0439\u0441\u043a\u043e\u0433\u043e \u043e\u0444\u0438\u0446\u0435\u0440\u0430 \u0438\u0437\u0432\u0435\u0441\u0442\u043d\u0430. \u0423\u0442\u0440\u043e\u043c \u0443\u0447\u0435\u043d\u044c\u0435, \u043c\u0430\u043d\u0435\u0436; \u043e\u0431\u0435\u0434 \u0443 \u043f\u043e\u043b\u043a\u043e\u0432\u043e\u0433\u043e \u043a\u043e\u043c\u0430\u043d\u0434\u0438\u0440\u0430 \u0438\u043b\u0438 \u0432 \u0436\u0438\u0434\u043e\u0432\u0441\u043a\u043e\u043c \u0442\u0440\u0430\u043a\u0442\u0438\u0440\u0435; \u0432\u0435\u0447\u0435\u0440\u043e\u043c \u043f\u0443\u043d\u0448 \u0438 \u043a\u0430\u0440\u0442\u044b. \u0412 *** \u043d\u0435 \u0431\u044b\u043b\u043e \u043d\u0438 \u043e\u0434\u043d\u043e\u0433\u043e \u043e\u0442\u043a\u0440\u044b\u0442\u043e\u0433\u043e \u0434\u043e\u043c\u0430, \u043d\u0438 \u043e\u0434\u043d\u043e\u0439 \u043d\u0435\u0432\u0435\u0441\u0442\u044b; \u043c\u044b \u0441\u043e\u0431\u0438\u0440\u0430\u043b\u0438\u0441\u044c \u0434\u0440\u0443\u0433 \u0443 \u0434\u0440\u0443\u0433\u0430, \u0433\u0434\u0435, \u043a\u0440\u043e\u043c\u0435 \u0441\u0432\u043e\u0438\u0445 \u043c\u0443\u043d\u0434\u0438\u0440\u043e\u0432, \u043d\u0435 \u0432\u0438\u0434\u0430\u043b\u0438 \u043d\u0438\u0447\u0435\u0433\u043e.<\/p>\r\n\r\n<\/div>","_et_gb_content_width":""},"product_brand":[],"product_cat":[229],"product_tag":[185],"class_list":{"0":"post-11793","1":"product","2":"type-product","3":"status-publish","4":"has-post-thumbnail","6":"product_cat-russisch-deutsch-starter-sets","7":"product_tag-puschkin","9":"first","10":"instock","11":"taxable","12":"shipping-taxable","13":"purchasable","14":"product-type-variable"},"acf":[],"yoast_head":"<!-- This site is optimized with the Yoast SEO plugin v27.3 - https:\/\/yoast.com\/product\/yoast-seo-wordpress\/ -->\n<title>Erz\u00e4hlungen Belkins - Starter-Set - EasyOriginal.com<\/title>\n<meta name=\"robots\" content=\"index, follow, max-snippet:-1, max-image-preview:large, max-video-preview:-1\" \/>\n<link rel=\"canonical\" href=\"https:\/\/easyoriginal.com\/en\/shop\/russisch-deutsch-starter-sets\/erzaehlungen-belkins-starter-set\/\" \/>\n<meta property=\"og:locale\" content=\"en_GB\" \/>\n<meta property=\"og:type\" content=\"article\" \/>\n<meta property=\"og:title\" content=\"Erz\u00e4hlungen Belkins - Starter-Set - EasyOriginal.com\" \/>\n<meta property=\"og:description\" content=\"Easy Start mit EasyOriginal! Starter-Set f\u00fcr &quot;Erz\u00e4hlungen Belkins&quot;:   Lesemethode von Ilya Frank - die erste Erz\u00e4hlung  Readable Classics - Ungek\u00fcrzte russische Ausgabe mit verbesserter Lesbarkeit, gut lesbarer Schrift und angenehmer Schriftgr\u00f6\u00dfe. Hochwertiger Druck und hochwertiges wei\u00dfes Papier.  Mit dem EasyOriginal Starter-Set k\u00f6nnen Sie problemlos und ohne gro\u00dfen Zeitaufwand in die \u201eErz\u00e4hlungen Belkins\u201c von Alexander Puschkin auf Russisch eintauchen. Dank der revolution\u00e4ren Lesemethode von Ilya Frank wird die erste Erz\u00e4hlung zu einem Vergn\u00fcgen, denn Sie verstehen den Text sofort und vollst\u00e4ndig und m\u00fcssen kein W\u00f6rterbuch zur Hand nehmen. Nachdem Sie die erste Erz\u00e4hlung gelesen haben, wird es Ihnen leicht fallen, den Originaltext bis zum Ende des Buches zu lesen \u2013 und das mit gr\u00f6\u00dferem Vergn\u00fcgen als je zuvor! Bei Bedarf k\u00f6nnen Sie sich weitere Erz\u00e4hlungen nach Lesemethode von Ilya Frank besorgen.  \u201cVystrel\u201d (&quot;Der Schuss&quot;) ist eine Kurzgeschichte von Alexander Puschkin. Die Geschichte erschien zusammen mit anderen Geschichten in dem Kurzgeschichtenband &quot;Die Geschichten des verstorbenen Iwan Petrowitsch Belkin&quot;. Alexander Sergejewitsch Puschkin gilt als russischer Nationaldichter und Begr\u00fcnder der modernen russischen Literatur.\" \/>\n<meta property=\"og:url\" content=\"https:\/\/easyoriginal.com\/en\/shop\/russisch-deutsch-starter-sets\/erzaehlungen-belkins-starter-set\/\" \/>\n<meta property=\"og:site_name\" content=\"EasyOriginal.com\" \/>\n<meta property=\"article:modified_time\" content=\"2024-01-04T18:12:39+00:00\" \/>\n<meta property=\"og:image\" content=\"https:\/\/easyoriginal.com\/wp-content\/uploads\/DRB12.jpg\" \/>\n\t<meta property=\"og:image:width\" content=\"1080\" \/>\n\t<meta property=\"og:image:height\" content=\"1080\" \/>\n\t<meta property=\"og:image:type\" content=\"image\/jpeg\" \/>\n<meta name=\"twitter:card\" content=\"summary_large_image\" \/>\n<meta name=\"twitter:label1\" content=\"Estimated reading time\" \/>\n\t<meta name=\"twitter:data1\" content=\"1 minute\" \/>\n<script type=\"application\/ld+json\" class=\"yoast-schema-graph\">{\"@context\":\"https:\\\/\\\/schema.org\",\"@graph\":[{\"@type\":\"WebPage\",\"@id\":\"https:\\\/\\\/easyoriginal.com\\\/shop\\\/russisch-deutsch-starter-sets\\\/erzaehlungen-belkins-starter-set\\\/\",\"url\":\"https:\\\/\\\/easyoriginal.com\\\/shop\\\/russisch-deutsch-starter-sets\\\/erzaehlungen-belkins-starter-set\\\/\",\"name\":\"Erz\u00e4hlungen Belkins - Starter-Set - EasyOriginal.com\",\"isPartOf\":{\"@id\":\"https:\\\/\\\/easyoriginal.com\\\/#website\"},\"primaryImageOfPage\":{\"@id\":\"https:\\\/\\\/easyoriginal.com\\\/shop\\\/russisch-deutsch-starter-sets\\\/erzaehlungen-belkins-starter-set\\\/#primaryimage\"},\"image\":{\"@id\":\"https:\\\/\\\/easyoriginal.com\\\/shop\\\/russisch-deutsch-starter-sets\\\/erzaehlungen-belkins-starter-set\\\/#primaryimage\"},\"thumbnailUrl\":\"https:\\\/\\\/easyoriginal.com\\\/wp-content\\\/uploads\\\/DRB12.jpg\",\"datePublished\":\"2023-03-09T11:21:32+00:00\",\"dateModified\":\"2024-01-04T18:12:39+00:00\",\"breadcrumb\":{\"@id\":\"https:\\\/\\\/easyoriginal.com\\\/shop\\\/russisch-deutsch-starter-sets\\\/erzaehlungen-belkins-starter-set\\\/#breadcrumb\"},\"inLanguage\":\"en-GB\",\"potentialAction\":[{\"@type\":\"ReadAction\",\"target\":[\"https:\\\/\\\/easyoriginal.com\\\/shop\\\/russisch-deutsch-starter-sets\\\/erzaehlungen-belkins-starter-set\\\/\"]}]},{\"@type\":\"ImageObject\",\"inLanguage\":\"en-GB\",\"@id\":\"https:\\\/\\\/easyoriginal.com\\\/shop\\\/russisch-deutsch-starter-sets\\\/erzaehlungen-belkins-starter-set\\\/#primaryimage\",\"url\":\"https:\\\/\\\/easyoriginal.com\\\/wp-content\\\/uploads\\\/DRB12.jpg\",\"contentUrl\":\"https:\\\/\\\/easyoriginal.com\\\/wp-content\\\/uploads\\\/DRB12.jpg\",\"width\":1080,\"height\":1080},{\"@type\":\"BreadcrumbList\",\"@id\":\"https:\\\/\\\/easyoriginal.com\\\/shop\\\/russisch-deutsch-starter-sets\\\/erzaehlungen-belkins-starter-set\\\/#breadcrumb\",\"itemListElement\":[{\"@type\":\"ListItem\",\"position\":1,\"name\":\"Startseite\",\"item\":\"https:\\\/\\\/easyoriginal.com\\\/\"},{\"@type\":\"ListItem\",\"position\":2,\"name\":\"Shop\",\"item\":\"https:\\\/\\\/easyoriginal.com\\\/shop\\\/\"},{\"@type\":\"ListItem\",\"position\":3,\"name\":\"Erz\u00e4hlungen Belkins &#8211; Starter-Set\"}]},{\"@type\":\"WebSite\",\"@id\":\"https:\\\/\\\/easyoriginal.com\\\/#website\",\"url\":\"https:\\\/\\\/easyoriginal.com\\\/\",\"name\":\"EasyOriginal.com\",\"description\":\"Spa\u00df am Lesen im Original - Innovative Lesemethode f\u00fcr Fremdsprachen\",\"publisher\":{\"@id\":\"https:\\\/\\\/easyoriginal.com\\\/#organization\"},\"potentialAction\":[{\"@type\":\"SearchAction\",\"target\":{\"@type\":\"EntryPoint\",\"urlTemplate\":\"https:\\\/\\\/easyoriginal.com\\\/?s={search_term_string}\"},\"query-input\":{\"@type\":\"PropertyValueSpecification\",\"valueRequired\":true,\"valueName\":\"search_term_string\"}}],\"inLanguage\":\"en-GB\"},{\"@type\":\"Organization\",\"@id\":\"https:\\\/\\\/easyoriginal.com\\\/#organization\",\"name\":\"EasyOriginal Verlag\",\"url\":\"https:\\\/\\\/easyoriginal.com\\\/\",\"logo\":{\"@type\":\"ImageObject\",\"inLanguage\":\"en-GB\",\"@id\":\"https:\\\/\\\/easyoriginal.com\\\/#\\\/schema\\\/logo\\\/image\\\/\",\"url\":\"https:\\\/\\\/easyoriginal.com\\\/wp-content\\\/uploads\\\/2020\\\/08\\\/logo_main.png\",\"contentUrl\":\"https:\\\/\\\/easyoriginal.com\\\/wp-content\\\/uploads\\\/2020\\\/08\\\/logo_main.png\",\"width\":500,\"height\":103,\"caption\":\"EasyOriginal Verlag\"},\"image\":{\"@id\":\"https:\\\/\\\/easyoriginal.com\\\/#\\\/schema\\\/logo\\\/image\\\/\"}}]}<\/script>\n<!-- \/ Yoast SEO plugin. -->","yoast_head_json":{"title":"Erz\u00e4hlungen Belkins - Starter-Set - EasyOriginal.com","robots":{"index":"index","follow":"follow","max-snippet":"max-snippet:-1","max-image-preview":"max-image-preview:large","max-video-preview":"max-video-preview:-1"},"canonical":"https:\/\/easyoriginal.com\/en\/shop\/russisch-deutsch-starter-sets\/erzaehlungen-belkins-starter-set\/","og_locale":"en_GB","og_type":"article","og_title":"Erz\u00e4hlungen Belkins - Starter-Set - EasyOriginal.com","og_description":"Easy Start mit EasyOriginal! Starter-Set f\u00fcr \"Erz\u00e4hlungen Belkins\":   Lesemethode von Ilya Frank - die erste Erz\u00e4hlung  Readable Classics - Ungek\u00fcrzte russische Ausgabe mit verbesserter Lesbarkeit, gut lesbarer Schrift und angenehmer Schriftgr\u00f6\u00dfe. Hochwertiger Druck und hochwertiges wei\u00dfes Papier.  Mit dem EasyOriginal Starter-Set k\u00f6nnen Sie problemlos und ohne gro\u00dfen Zeitaufwand in die \u201eErz\u00e4hlungen Belkins\u201c von Alexander Puschkin auf Russisch eintauchen. Dank der revolution\u00e4ren Lesemethode von Ilya Frank wird die erste Erz\u00e4hlung zu einem Vergn\u00fcgen, denn Sie verstehen den Text sofort und vollst\u00e4ndig und m\u00fcssen kein W\u00f6rterbuch zur Hand nehmen. Nachdem Sie die erste Erz\u00e4hlung gelesen haben, wird es Ihnen leicht fallen, den Originaltext bis zum Ende des Buches zu lesen \u2013 und das mit gr\u00f6\u00dferem Vergn\u00fcgen als je zuvor! Bei Bedarf k\u00f6nnen Sie sich weitere Erz\u00e4hlungen nach Lesemethode von Ilya Frank besorgen.  \u201cVystrel\u201d (\"Der Schuss\") ist eine Kurzgeschichte von Alexander Puschkin. Die Geschichte erschien zusammen mit anderen Geschichten in dem Kurzgeschichtenband \"Die Geschichten des verstorbenen Iwan Petrowitsch Belkin\". Alexander Sergejewitsch Puschkin gilt als russischer Nationaldichter und Begr\u00fcnder der modernen russischen Literatur.","og_url":"https:\/\/easyoriginal.com\/en\/shop\/russisch-deutsch-starter-sets\/erzaehlungen-belkins-starter-set\/","og_site_name":"EasyOriginal.com","article_modified_time":"2024-01-04T18:12:39+00:00","og_image":[{"width":1080,"height":1080,"url":"https:\/\/easyoriginal.com\/wp-content\/uploads\/DRB12.jpg","type":"image\/jpeg"}],"twitter_card":"summary_large_image","twitter_misc":{"Estimated reading time":"1 minute"},"schema":{"@context":"https:\/\/schema.org","@graph":[{"@type":"WebPage","@id":"https:\/\/easyoriginal.com\/shop\/russisch-deutsch-starter-sets\/erzaehlungen-belkins-starter-set\/","url":"https:\/\/easyoriginal.com\/shop\/russisch-deutsch-starter-sets\/erzaehlungen-belkins-starter-set\/","name":"Erz\u00e4hlungen Belkins - Starter-Set - EasyOriginal.com","isPartOf":{"@id":"https:\/\/easyoriginal.com\/#website"},"primaryImageOfPage":{"@id":"https:\/\/easyoriginal.com\/shop\/russisch-deutsch-starter-sets\/erzaehlungen-belkins-starter-set\/#primaryimage"},"image":{"@id":"https:\/\/easyoriginal.com\/shop\/russisch-deutsch-starter-sets\/erzaehlungen-belkins-starter-set\/#primaryimage"},"thumbnailUrl":"https:\/\/easyoriginal.com\/wp-content\/uploads\/DRB12.jpg","datePublished":"2023-03-09T11:21:32+00:00","dateModified":"2024-01-04T18:12:39+00:00","breadcrumb":{"@id":"https:\/\/easyoriginal.com\/shop\/russisch-deutsch-starter-sets\/erzaehlungen-belkins-starter-set\/#breadcrumb"},"inLanguage":"en-GB","potentialAction":[{"@type":"ReadAction","target":["https:\/\/easyoriginal.com\/shop\/russisch-deutsch-starter-sets\/erzaehlungen-belkins-starter-set\/"]}]},{"@type":"ImageObject","inLanguage":"en-GB","@id":"https:\/\/easyoriginal.com\/shop\/russisch-deutsch-starter-sets\/erzaehlungen-belkins-starter-set\/#primaryimage","url":"https:\/\/easyoriginal.com\/wp-content\/uploads\/DRB12.jpg","contentUrl":"https:\/\/easyoriginal.com\/wp-content\/uploads\/DRB12.jpg","width":1080,"height":1080},{"@type":"BreadcrumbList","@id":"https:\/\/easyoriginal.com\/shop\/russisch-deutsch-starter-sets\/erzaehlungen-belkins-starter-set\/#breadcrumb","itemListElement":[{"@type":"ListItem","position":1,"name":"Startseite","item":"https:\/\/easyoriginal.com\/"},{"@type":"ListItem","position":2,"name":"Shop","item":"https:\/\/easyoriginal.com\/shop\/"},{"@type":"ListItem","position":3,"name":"Erz\u00e4hlungen Belkins &#8211; Starter-Set"}]},{"@type":"WebSite","@id":"https:\/\/easyoriginal.com\/#website","url":"https:\/\/easyoriginal.com\/","name":"EasyOriginal.com","description":"Spa\u00df am Lesen im Original - Innovative Lesemethode f\u00fcr Fremdsprachen","publisher":{"@id":"https:\/\/easyoriginal.com\/#organization"},"potentialAction":[{"@type":"SearchAction","target":{"@type":"EntryPoint","urlTemplate":"https:\/\/easyoriginal.com\/?s={search_term_string}"},"query-input":{"@type":"PropertyValueSpecification","valueRequired":true,"valueName":"search_term_string"}}],"inLanguage":"en-GB"},{"@type":"Organization","@id":"https:\/\/easyoriginal.com\/#organization","name":"EasyOriginal Verlag","url":"https:\/\/easyoriginal.com\/","logo":{"@type":"ImageObject","inLanguage":"en-GB","@id":"https:\/\/easyoriginal.com\/#\/schema\/logo\/image\/","url":"https:\/\/easyoriginal.com\/wp-content\/uploads\/2020\/08\/logo_main.png","contentUrl":"https:\/\/easyoriginal.com\/wp-content\/uploads\/2020\/08\/logo_main.png","width":500,"height":103,"caption":"EasyOriginal Verlag"},"image":{"@id":"https:\/\/easyoriginal.com\/#\/schema\/logo\/image\/"}}]}},"_links":{"self":[{"href":"https:\/\/easyoriginal.com\/en\/wp-json\/wp\/v2\/product\/11793","targetHints":{"allow":["GET"]}}],"collection":[{"href":"https:\/\/easyoriginal.com\/en\/wp-json\/wp\/v2\/product"}],"about":[{"href":"https:\/\/easyoriginal.com\/en\/wp-json\/wp\/v2\/types\/product"}],"replies":[{"embeddable":true,"href":"https:\/\/easyoriginal.com\/en\/wp-json\/wp\/v2\/comments?post=11793"}],"wp:featuredmedia":[{"embeddable":true,"href":"https:\/\/easyoriginal.com\/en\/wp-json\/wp\/v2\/media\/11798"}],"wp:attachment":[{"href":"https:\/\/easyoriginal.com\/en\/wp-json\/wp\/v2\/media?parent=11793"}],"wp:term":[{"taxonomy":"product_brand","embeddable":true,"href":"https:\/\/easyoriginal.com\/en\/wp-json\/wp\/v2\/product_brand?post=11793"},{"taxonomy":"product_cat","embeddable":true,"href":"https:\/\/easyoriginal.com\/en\/wp-json\/wp\/v2\/product_cat?post=11793"},{"taxonomy":"product_tag","embeddable":true,"href":"https:\/\/easyoriginal.com\/en\/wp-json\/wp\/v2\/product_tag?post=11793"}],"curies":[{"name":"wp","href":"https:\/\/api.w.org\/{rel}","templated":true}]}}