{"id":11697,"date":"2023-02-26T14:43:27","date_gmt":"2023-02-26T13:43:27","guid":{"rendered":"https:\/\/easyoriginal.com\/?post_type=product&#038;p=11697"},"modified":"2024-01-04T19:02:44","modified_gmt":"2024-01-04T18:02:44","slug":"the-adventures-of-sherlock-holmes-starter-set","status":"publish","type":"product","link":"https:\/\/easyoriginal.com\/en\/shop\/english-starter-sets\/the-adventures-of-sherlock-holmes-starter-set\/","title":{"rendered":"The Adventures of Sherlock Holmes &#8211; Starter-Set"},"content":{"rendered":"","protected":false},"excerpt":{"rendered":"<p>Easy Start mit EasyOriginal!<br \/>\nStarter-Set f\u00fcr &#8222;The Adventures of Sherlock Holmes&#8220;:<\/p>\n<p>Lesemethode von Ilya Frank &#8211; <a href=\"https:\/\/easyoriginal.com\/en\/shop\/englisch-deutsch\/a-scandal-in-bohemia-ein-skandal-in-boehmen\/\">&#8222;A Scandal in Bohemia&#8220;<\/a> und <a href=\"https:\/\/easyoriginal.com\/en\/shop\/englisch-deutsch\/the-red-headed-league-die-liga-der-rothaarigen\/\">&#8222;The Red-Headed League&#8220;<\/a> (erste 2 Kurzgeschichten)<br \/>\n<a href=\"https:\/\/easyoriginal.com\/en\/shop\/readable-classics-english\/the-adventures-of-sherlock-holmes-readable-classics\/\">Readable Classics &#8211; Unabridged english edition with improved readability, easy to read font and comfortable font size. High-quality print and premium white paper.<\/a><\/p>\n<p>Mit dem EasyOriginal Starter-Set k\u00f6nnen Sie problemlos und ohne gro\u00dfen Zeitaufwand in \u201eThe Adventures of Sherlock Holmes\u201c auf Englisch eintauchen. Dank der revolution\u00e4ren Lesemethode von Ilya Frank werden die ersten zwei Kurzgeschichten zu einem Vergn\u00fcgen, denn Sie verstehen den Text sofort und vollst\u00e4ndig und m\u00fcssen kein W\u00f6rterbuch zur Hand nehmen. Nachdem Sie die ersten zwei Kurzgeschichten gelesen haben, wird es Ihnen leicht fallen, den Originaltext bis zum Ende des Buches zu lesen \u2013 und das mit gr\u00f6\u00dferem Vergn\u00fcgen als je zuvor!<br \/>\nBei Bedarf k\u00f6nnen Sie sich weitere Sherlock Holmes Kurzgeschichten nach Lesemethode von Ilya Frank besorgen.<\/p>\n<p>&#8222;The Adventures of Sherlock Holmes&#8220; ist eine Sammlung von zw\u00f6lf Kurzgeschichten von Arthur Conan Doyle.<\/p>","protected":false},"featured_media":11703,"comment_status":"open","ping_status":"closed","template":"","meta":{"_acf_changed":false,"_et_pb_use_builder":"","_et_pb_old_content":"","_et_gb_content_width":""},"product_brand":[],"product_cat":[224],"product_tag":[171,81,223,166],"class_list":{"0":"post-11697","1":"product","2":"type-product","3":"status-publish","4":"has-post-thumbnail","6":"product_cat-english-starter-sets","7":"product_tag-british","8":"product_tag-krimi","9":"product_tag-readable-classics","10":"product_tag-sherlock-holmes","12":"first","13":"instock","14":"taxable","15":"shipping-taxable","16":"purchasable","17":"product-type-variable"},"acf":[],"yoast_head":"<!-- This site is optimized with the Yoast SEO plugin v27.3 - https:\/\/yoast.com\/product\/yoast-seo-wordpress\/ -->\n<title>The Adventures of Sherlock Holmes - Starter-Set - EasyOriginal.com<\/title>\n<meta name=\"robots\" content=\"index, follow, max-snippet:-1, max-image-preview:large, max-video-preview:-1\" \/>\n<link rel=\"canonical\" href=\"https:\/\/easyoriginal.com\/en\/shop\/english-starter-sets\/the-adventures-of-sherlock-holmes-starter-set\/\" \/>\n<meta property=\"og:locale\" content=\"en_GB\" \/>\n<meta property=\"og:type\" content=\"article\" \/>\n<meta property=\"og:title\" content=\"The Adventures of Sherlock Holmes - Starter-Set - EasyOriginal.com\" \/>\n<meta property=\"og:description\" content=\"Easy Start mit EasyOriginal! Starter-Set f\u00fcr &quot;The Adventures of Sherlock Holmes&quot;:  Lesemethode von Ilya Frank - &quot;A Scandal in Bohemia&quot; und &quot;The Red-Headed League&quot; (erste 2 Kurzgeschichten) Readable Classics - Unabridged english edition with improved readability, easy to read font and comfortable font size. High-quality print and premium white paper.  Mit dem EasyOriginal Starter-Set k\u00f6nnen Sie problemlos und ohne gro\u00dfen Zeitaufwand in \u201eThe Adventures of Sherlock Holmes\u201c auf Englisch eintauchen. Dank der revolution\u00e4ren Lesemethode von Ilya Frank werden die ersten zwei Kurzgeschichten zu einem Vergn\u00fcgen, denn Sie verstehen den Text sofort und vollst\u00e4ndig und m\u00fcssen kein W\u00f6rterbuch zur Hand nehmen. Nachdem Sie die ersten zwei Kurzgeschichten gelesen haben, wird es Ihnen leicht fallen, den Originaltext bis zum Ende des Buches zu lesen \u2013 und das mit gr\u00f6\u00dferem Vergn\u00fcgen als je zuvor! Bei Bedarf k\u00f6nnen Sie sich weitere Sherlock Holmes Kurzgeschichten nach Lesemethode von Ilya Frank besorgen.  &quot;The Adventures of Sherlock Holmes&quot; ist eine Sammlung von zw\u00f6lf Kurzgeschichten von Arthur Conan Doyle.\" \/>\n<meta property=\"og:url\" content=\"https:\/\/easyoriginal.com\/en\/shop\/english-starter-sets\/the-adventures-of-sherlock-holmes-starter-set\/\" \/>\n<meta property=\"og:site_name\" content=\"EasyOriginal.com\" \/>\n<meta property=\"article:modified_time\" content=\"2024-01-04T18:02:44+00:00\" \/>\n<meta property=\"og:image\" content=\"https:\/\/easyoriginal.com\/wp-content\/uploads\/DEB20.jpg\" \/>\n\t<meta property=\"og:image:width\" content=\"1080\" \/>\n\t<meta property=\"og:image:height\" content=\"1080\" \/>\n\t<meta property=\"og:image:type\" content=\"image\/jpeg\" \/>\n<meta name=\"twitter:card\" content=\"summary_large_image\" \/>\n<meta name=\"twitter:label1\" content=\"Estimated reading time\" \/>\n\t<meta name=\"twitter:data1\" content=\"1 minute\" \/>\n<script type=\"application\/ld+json\" class=\"yoast-schema-graph\">{\"@context\":\"https:\\\/\\\/schema.org\",\"@graph\":[{\"@type\":\"WebPage\",\"@id\":\"https:\\\/\\\/easyoriginal.com\\\/shop\\\/english-starter-sets\\\/the-adventures-of-sherlock-holmes-starter-set\\\/\",\"url\":\"https:\\\/\\\/easyoriginal.com\\\/shop\\\/english-starter-sets\\\/the-adventures-of-sherlock-holmes-starter-set\\\/\",\"name\":\"The Adventures of Sherlock Holmes - Starter-Set - EasyOriginal.com\",\"isPartOf\":{\"@id\":\"https:\\\/\\\/easyoriginal.com\\\/#website\"},\"primaryImageOfPage\":{\"@id\":\"https:\\\/\\\/easyoriginal.com\\\/shop\\\/english-starter-sets\\\/the-adventures-of-sherlock-holmes-starter-set\\\/#primaryimage\"},\"image\":{\"@id\":\"https:\\\/\\\/easyoriginal.com\\\/shop\\\/english-starter-sets\\\/the-adventures-of-sherlock-holmes-starter-set\\\/#primaryimage\"},\"thumbnailUrl\":\"https:\\\/\\\/easyoriginal.com\\\/wp-content\\\/uploads\\\/DEB20.jpg\",\"datePublished\":\"2023-02-26T13:43:27+00:00\",\"dateModified\":\"2024-01-04T18:02:44+00:00\",\"breadcrumb\":{\"@id\":\"https:\\\/\\\/easyoriginal.com\\\/shop\\\/english-starter-sets\\\/the-adventures-of-sherlock-holmes-starter-set\\\/#breadcrumb\"},\"inLanguage\":\"en-GB\",\"potentialAction\":[{\"@type\":\"ReadAction\",\"target\":[\"https:\\\/\\\/easyoriginal.com\\\/shop\\\/english-starter-sets\\\/the-adventures-of-sherlock-holmes-starter-set\\\/\"]}]},{\"@type\":\"ImageObject\",\"inLanguage\":\"en-GB\",\"@id\":\"https:\\\/\\\/easyoriginal.com\\\/shop\\\/english-starter-sets\\\/the-adventures-of-sherlock-holmes-starter-set\\\/#primaryimage\",\"url\":\"https:\\\/\\\/easyoriginal.com\\\/wp-content\\\/uploads\\\/DEB20.jpg\",\"contentUrl\":\"https:\\\/\\\/easyoriginal.com\\\/wp-content\\\/uploads\\\/DEB20.jpg\",\"width\":1080,\"height\":1080},{\"@type\":\"BreadcrumbList\",\"@id\":\"https:\\\/\\\/easyoriginal.com\\\/shop\\\/english-starter-sets\\\/the-adventures-of-sherlock-holmes-starter-set\\\/#breadcrumb\",\"itemListElement\":[{\"@type\":\"ListItem\",\"position\":1,\"name\":\"Startseite\",\"item\":\"https:\\\/\\\/easyoriginal.com\\\/\"},{\"@type\":\"ListItem\",\"position\":2,\"name\":\"Shop\",\"item\":\"https:\\\/\\\/easyoriginal.com\\\/shop\\\/\"},{\"@type\":\"ListItem\",\"position\":3,\"name\":\"The Adventures of Sherlock Holmes &#8211; Starter-Set\"}]},{\"@type\":\"WebSite\",\"@id\":\"https:\\\/\\\/easyoriginal.com\\\/#website\",\"url\":\"https:\\\/\\\/easyoriginal.com\\\/\",\"name\":\"EasyOriginal.com\",\"description\":\"Spa\u00df am Lesen im Original - Innovative Lesemethode f\u00fcr Fremdsprachen\",\"publisher\":{\"@id\":\"https:\\\/\\\/easyoriginal.com\\\/#organization\"},\"potentialAction\":[{\"@type\":\"SearchAction\",\"target\":{\"@type\":\"EntryPoint\",\"urlTemplate\":\"https:\\\/\\\/easyoriginal.com\\\/?s={search_term_string}\"},\"query-input\":{\"@type\":\"PropertyValueSpecification\",\"valueRequired\":true,\"valueName\":\"search_term_string\"}}],\"inLanguage\":\"en-GB\"},{\"@type\":\"Organization\",\"@id\":\"https:\\\/\\\/easyoriginal.com\\\/#organization\",\"name\":\"EasyOriginal Verlag\",\"url\":\"https:\\\/\\\/easyoriginal.com\\\/\",\"logo\":{\"@type\":\"ImageObject\",\"inLanguage\":\"en-GB\",\"@id\":\"https:\\\/\\\/easyoriginal.com\\\/#\\\/schema\\\/logo\\\/image\\\/\",\"url\":\"https:\\\/\\\/easyoriginal.com\\\/wp-content\\\/uploads\\\/2020\\\/08\\\/logo_main.png\",\"contentUrl\":\"https:\\\/\\\/easyoriginal.com\\\/wp-content\\\/uploads\\\/2020\\\/08\\\/logo_main.png\",\"width\":500,\"height\":103,\"caption\":\"EasyOriginal Verlag\"},\"image\":{\"@id\":\"https:\\\/\\\/easyoriginal.com\\\/#\\\/schema\\\/logo\\\/image\\\/\"}}]}<\/script>\n<!-- \/ Yoast SEO plugin. -->","yoast_head_json":{"title":"The Adventures of Sherlock Holmes - Starter-Set - EasyOriginal.com","robots":{"index":"index","follow":"follow","max-snippet":"max-snippet:-1","max-image-preview":"max-image-preview:large","max-video-preview":"max-video-preview:-1"},"canonical":"https:\/\/easyoriginal.com\/en\/shop\/english-starter-sets\/the-adventures-of-sherlock-holmes-starter-set\/","og_locale":"en_GB","og_type":"article","og_title":"The Adventures of Sherlock Holmes - Starter-Set - EasyOriginal.com","og_description":"Easy Start mit EasyOriginal! Starter-Set f\u00fcr \"The Adventures of Sherlock Holmes\":  Lesemethode von Ilya Frank - \"A Scandal in Bohemia\" und \"The Red-Headed League\" (erste 2 Kurzgeschichten) Readable Classics - Unabridged english edition with improved readability, easy to read font and comfortable font size. High-quality print and premium white paper.  Mit dem EasyOriginal Starter-Set k\u00f6nnen Sie problemlos und ohne gro\u00dfen Zeitaufwand in \u201eThe Adventures of Sherlock Holmes\u201c auf Englisch eintauchen. Dank der revolution\u00e4ren Lesemethode von Ilya Frank werden die ersten zwei Kurzgeschichten zu einem Vergn\u00fcgen, denn Sie verstehen den Text sofort und vollst\u00e4ndig und m\u00fcssen kein W\u00f6rterbuch zur Hand nehmen. Nachdem Sie die ersten zwei Kurzgeschichten gelesen haben, wird es Ihnen leicht fallen, den Originaltext bis zum Ende des Buches zu lesen \u2013 und das mit gr\u00f6\u00dferem Vergn\u00fcgen als je zuvor! Bei Bedarf k\u00f6nnen Sie sich weitere Sherlock Holmes Kurzgeschichten nach Lesemethode von Ilya Frank besorgen.  \"The Adventures of Sherlock Holmes\" ist eine Sammlung von zw\u00f6lf Kurzgeschichten von Arthur Conan Doyle.","og_url":"https:\/\/easyoriginal.com\/en\/shop\/english-starter-sets\/the-adventures-of-sherlock-holmes-starter-set\/","og_site_name":"EasyOriginal.com","article_modified_time":"2024-01-04T18:02:44+00:00","og_image":[{"width":1080,"height":1080,"url":"https:\/\/easyoriginal.com\/wp-content\/uploads\/DEB20.jpg","type":"image\/jpeg"}],"twitter_card":"summary_large_image","twitter_misc":{"Estimated reading time":"1 minute"},"schema":{"@context":"https:\/\/schema.org","@graph":[{"@type":"WebPage","@id":"https:\/\/easyoriginal.com\/shop\/english-starter-sets\/the-adventures-of-sherlock-holmes-starter-set\/","url":"https:\/\/easyoriginal.com\/shop\/english-starter-sets\/the-adventures-of-sherlock-holmes-starter-set\/","name":"The Adventures of Sherlock Holmes - Starter-Set - EasyOriginal.com","isPartOf":{"@id":"https:\/\/easyoriginal.com\/#website"},"primaryImageOfPage":{"@id":"https:\/\/easyoriginal.com\/shop\/english-starter-sets\/the-adventures-of-sherlock-holmes-starter-set\/#primaryimage"},"image":{"@id":"https:\/\/easyoriginal.com\/shop\/english-starter-sets\/the-adventures-of-sherlock-holmes-starter-set\/#primaryimage"},"thumbnailUrl":"https:\/\/easyoriginal.com\/wp-content\/uploads\/DEB20.jpg","datePublished":"2023-02-26T13:43:27+00:00","dateModified":"2024-01-04T18:02:44+00:00","breadcrumb":{"@id":"https:\/\/easyoriginal.com\/shop\/english-starter-sets\/the-adventures-of-sherlock-holmes-starter-set\/#breadcrumb"},"inLanguage":"en-GB","potentialAction":[{"@type":"ReadAction","target":["https:\/\/easyoriginal.com\/shop\/english-starter-sets\/the-adventures-of-sherlock-holmes-starter-set\/"]}]},{"@type":"ImageObject","inLanguage":"en-GB","@id":"https:\/\/easyoriginal.com\/shop\/english-starter-sets\/the-adventures-of-sherlock-holmes-starter-set\/#primaryimage","url":"https:\/\/easyoriginal.com\/wp-content\/uploads\/DEB20.jpg","contentUrl":"https:\/\/easyoriginal.com\/wp-content\/uploads\/DEB20.jpg","width":1080,"height":1080},{"@type":"BreadcrumbList","@id":"https:\/\/easyoriginal.com\/shop\/english-starter-sets\/the-adventures-of-sherlock-holmes-starter-set\/#breadcrumb","itemListElement":[{"@type":"ListItem","position":1,"name":"Startseite","item":"https:\/\/easyoriginal.com\/"},{"@type":"ListItem","position":2,"name":"Shop","item":"https:\/\/easyoriginal.com\/shop\/"},{"@type":"ListItem","position":3,"name":"The Adventures of Sherlock Holmes &#8211; Starter-Set"}]},{"@type":"WebSite","@id":"https:\/\/easyoriginal.com\/#website","url":"https:\/\/easyoriginal.com\/","name":"EasyOriginal.com","description":"Spa\u00df am Lesen im Original - Innovative Lesemethode f\u00fcr Fremdsprachen","publisher":{"@id":"https:\/\/easyoriginal.com\/#organization"},"potentialAction":[{"@type":"SearchAction","target":{"@type":"EntryPoint","urlTemplate":"https:\/\/easyoriginal.com\/?s={search_term_string}"},"query-input":{"@type":"PropertyValueSpecification","valueRequired":true,"valueName":"search_term_string"}}],"inLanguage":"en-GB"},{"@type":"Organization","@id":"https:\/\/easyoriginal.com\/#organization","name":"EasyOriginal Verlag","url":"https:\/\/easyoriginal.com\/","logo":{"@type":"ImageObject","inLanguage":"en-GB","@id":"https:\/\/easyoriginal.com\/#\/schema\/logo\/image\/","url":"https:\/\/easyoriginal.com\/wp-content\/uploads\/2020\/08\/logo_main.png","contentUrl":"https:\/\/easyoriginal.com\/wp-content\/uploads\/2020\/08\/logo_main.png","width":500,"height":103,"caption":"EasyOriginal Verlag"},"image":{"@id":"https:\/\/easyoriginal.com\/#\/schema\/logo\/image\/"}}]}},"_links":{"self":[{"href":"https:\/\/easyoriginal.com\/en\/wp-json\/wp\/v2\/product\/11697","targetHints":{"allow":["GET"]}}],"collection":[{"href":"https:\/\/easyoriginal.com\/en\/wp-json\/wp\/v2\/product"}],"about":[{"href":"https:\/\/easyoriginal.com\/en\/wp-json\/wp\/v2\/types\/product"}],"replies":[{"embeddable":true,"href":"https:\/\/easyoriginal.com\/en\/wp-json\/wp\/v2\/comments?post=11697"}],"wp:featuredmedia":[{"embeddable":true,"href":"https:\/\/easyoriginal.com\/en\/wp-json\/wp\/v2\/media\/11703"}],"wp:attachment":[{"href":"https:\/\/easyoriginal.com\/en\/wp-json\/wp\/v2\/media?parent=11697"}],"wp:term":[{"taxonomy":"product_brand","embeddable":true,"href":"https:\/\/easyoriginal.com\/en\/wp-json\/wp\/v2\/product_brand?post=11697"},{"taxonomy":"product_cat","embeddable":true,"href":"https:\/\/easyoriginal.com\/en\/wp-json\/wp\/v2\/product_cat?post=11697"},{"taxonomy":"product_tag","embeddable":true,"href":"https:\/\/easyoriginal.com\/en\/wp-json\/wp\/v2\/product_tag?post=11697"}],"curies":[{"name":"wp","href":"https:\/\/api.w.org\/{rel}","templated":true}]}}