{"id":11683,"date":"2023-02-26T14:33:31","date_gmt":"2023-02-26T13:33:31","guid":{"rendered":"https:\/\/easyoriginal.com\/?post_type=product&#038;p=11683"},"modified":"2024-01-04T19:02:30","modified_gmt":"2024-01-04T18:02:30","slug":"the-great-gatsby-der-grosse-gatsby-starter-set","status":"publish","type":"product","link":"https:\/\/easyoriginal.com\/en\/shop\/english-starter-sets\/the-great-gatsby-der-grosse-gatsby-starter-set\/","title":{"rendered":"The Great Gatsby \/ Der gro\u00dfe Gatsby &#8211; Starter-Set"},"content":{"rendered":"","protected":false},"excerpt":{"rendered":"<p>Easy Start mit EasyOriginal!<br \/>\nStarter-Set f\u00fcr &#8222;The Great Gatsby&#8220;:<\/p>\n<p><a href=\"https:\/\/easyoriginal.com\/en\/shop\/englisch-deutsch\/the-great-gatsby-der-grosse-gatsby-teil-1\/\">Lesemethode von Ilya Frank &#8211; Teil 1 (erste 4 Kapitel)<\/a><br \/>\n<a href=\"https:\/\/easyoriginal.com\/en\/shop\/readable-classics-english\/the-great-gatsby-readable-classics\/\">Readable Classics &#8211; Unabridged english edition with improved readability, easy to read font and comfortable font size. High-quality print and premium white paper.<\/a><\/p>\n<p>Mit dem EasyOriginal Starter-Set k\u00f6nnen Sie problemlos und ohne gro\u00dfen Zeitaufwand in \u201eThe Great Gatsby\u201c auf Englisch eintauchen. Dank der revolution\u00e4ren Lesemethode von Ilya Frank werden die ersten vier Kapitel zu einem Vergn\u00fcgen, denn Sie verstehen den Text sofort und vollst\u00e4ndig und m\u00fcssen kein W\u00f6rterbuch zur Hand nehmen. Nachdem Sie die ersten vier Kapitel gelesen haben, wird es Ihnen leicht fallen, den Originaltext bis zum Ende des Buches zu lesen \u2013 und das mit gr\u00f6\u00dferem Vergn\u00fcgen als je zuvor!<br \/>\nBei Bedarf k\u00f6nnen Sie sich weitere Teile des Buches nach Lesemethode von Ilya Frank besorgen. Das Gesamtwerk des Buches ist in zwei adaptierte Teile unterteilt.<\/p>\n<p>&#8222;The Great Gatsby&#8220; (&#8222;Der gro\u00dfe Gatsby&#8220;) ist ein 1925 erstmals ver\u00f6ffentlichter Roman des US-amerikanischen Autors F. Scott Fitzgerald. Er schildert die Erlebnisse einer Reihe unterschiedlicher Personen, die den Sommer 1922 in der fiktiven Stadt West Egg auf der Insel Long Island nord\u00f6stlich von New York City verbringen. Hauptperson ist der junge und mysteri\u00f6se Million\u00e4r Jay Gatsby, der seit Jahren die sch\u00f6ne Daisy Buchanan liebt, die w\u00e4hrend seines Milit\u00e4rdiensts einen anderen Mann geheiratet hat.<br \/>\n&#8222;The Great Gatsby&#8220; gilt als das Meisterwerk Fitzgeralds, in dem er sich mit Themen wie Dekadenz, Ausschweifungen, Idealismus, Widerstand gegen Ver\u00e4nderungen und sozialen Umbr\u00fcchen auseinandersetzt. Er schuf dabei ein treffendes Portr\u00e4t der sogenannten \u201eRoaring Twenties\u201c, der von wirtschaftlichem Wachstum, Prohibition, Kriminalit\u00e4t, Jazz und Flappern gepr\u00e4gten 1920er Jahre in den Vereinigten Staaten.<br \/>\n&#8222;The Great Gatsby&#8220; wird heute zu den bedeutendsten Werken der amerikanischen Moderne gez\u00e4hlt.<\/p>","protected":false},"featured_media":11674,"comment_status":"open","ping_status":"closed","template":"","meta":{"_acf_changed":false,"_et_pb_use_builder":"","_et_pb_old_content":"","_et_gb_content_width":""},"product_brand":[],"product_cat":[224],"product_tag":[167,223],"class_list":{"0":"post-11683","1":"product","2":"type-product","3":"status-publish","4":"has-post-thumbnail","6":"product_cat-english-starter-sets","7":"product_tag-amerikanisch","8":"product_tag-readable-classics","10":"first","11":"instock","12":"taxable","13":"shipping-taxable","14":"purchasable","15":"product-type-variable"},"acf":[],"yoast_head":"<!-- This site is optimized with the Yoast SEO plugin v27.3 - https:\/\/yoast.com\/product\/yoast-seo-wordpress\/ -->\n<title>The Great Gatsby \/ Der gro\u00dfe Gatsby - Starter-Set - EasyOriginal.com<\/title>\n<meta name=\"robots\" content=\"index, follow, max-snippet:-1, max-image-preview:large, max-video-preview:-1\" \/>\n<link rel=\"canonical\" href=\"https:\/\/easyoriginal.com\/en\/shop\/english-starter-sets\/the-great-gatsby-der-grosse-gatsby-starter-set\/\" \/>\n<meta property=\"og:locale\" content=\"en_GB\" \/>\n<meta property=\"og:type\" content=\"article\" \/>\n<meta property=\"og:title\" content=\"The Great Gatsby \/ Der gro\u00dfe Gatsby - Starter-Set - EasyOriginal.com\" \/>\n<meta property=\"og:description\" content=\"Easy Start mit EasyOriginal! Starter-Set f\u00fcr &quot;The Great Gatsby&quot;:  Lesemethode von Ilya Frank - Teil 1 (erste 4 Kapitel) Readable Classics - Unabridged english edition with improved readability, easy to read font and comfortable font size. High-quality print and premium white paper.  Mit dem EasyOriginal Starter-Set k\u00f6nnen Sie problemlos und ohne gro\u00dfen Zeitaufwand in \u201eThe Great Gatsby\u201c auf Englisch eintauchen. Dank der revolution\u00e4ren Lesemethode von Ilya Frank werden die ersten vier Kapitel zu einem Vergn\u00fcgen, denn Sie verstehen den Text sofort und vollst\u00e4ndig und m\u00fcssen kein W\u00f6rterbuch zur Hand nehmen. Nachdem Sie die ersten vier Kapitel gelesen haben, wird es Ihnen leicht fallen, den Originaltext bis zum Ende des Buches zu lesen \u2013 und das mit gr\u00f6\u00dferem Vergn\u00fcgen als je zuvor! Bei Bedarf k\u00f6nnen Sie sich weitere Teile des Buches nach Lesemethode von Ilya Frank besorgen. Das Gesamtwerk des Buches ist in zwei adaptierte Teile unterteilt.  &quot;The Great Gatsby&quot; (&quot;Der gro\u00dfe Gatsby&quot;) ist ein 1925 erstmals ver\u00f6ffentlichter Roman des US-amerikanischen Autors F. Scott Fitzgerald. Er schildert die Erlebnisse einer Reihe unterschiedlicher Personen, die den Sommer 1922 in der fiktiven Stadt West Egg auf der Insel Long Island nord\u00f6stlich von New York City verbringen. Hauptperson ist der junge und mysteri\u00f6se Million\u00e4r Jay Gatsby, der seit Jahren die sch\u00f6ne Daisy Buchanan liebt, die w\u00e4hrend seines Milit\u00e4rdiensts einen anderen Mann geheiratet hat. &quot;The Great Gatsby&quot; gilt als das Meisterwerk Fitzgeralds, in dem er sich mit Themen wie Dekadenz, Ausschweifungen, Idealismus, Widerstand gegen Ver\u00e4nderungen und sozialen Umbr\u00fcchen auseinandersetzt. Er schuf dabei ein treffendes Portr\u00e4t der sogenannten \u201eRoaring Twenties\u201c, der von wirtschaftlichem Wachstum, Prohibition, Kriminalit\u00e4t, Jazz und Flappern gepr\u00e4gten 1920er Jahre in den Vereinigten Staaten. &quot;The Great Gatsby&quot; wird heute zu den bedeutendsten Werken der amerikanischen Moderne gez\u00e4hlt.\" \/>\n<meta property=\"og:url\" content=\"https:\/\/easyoriginal.com\/en\/shop\/english-starter-sets\/the-great-gatsby-der-grosse-gatsby-starter-set\/\" \/>\n<meta property=\"og:site_name\" content=\"EasyOriginal.com\" \/>\n<meta property=\"article:modified_time\" content=\"2024-01-04T18:02:30+00:00\" \/>\n<meta property=\"og:image\" content=\"https:\/\/easyoriginal.com\/wp-content\/uploads\/DEB17.jpg\" \/>\n\t<meta property=\"og:image:width\" content=\"1080\" \/>\n\t<meta property=\"og:image:height\" content=\"1080\" \/>\n\t<meta property=\"og:image:type\" content=\"image\/jpeg\" \/>\n<meta name=\"twitter:card\" content=\"summary_large_image\" \/>\n<meta name=\"twitter:label1\" content=\"Estimated reading time\" \/>\n\t<meta name=\"twitter:data1\" content=\"1 minute\" \/>\n<script type=\"application\/ld+json\" class=\"yoast-schema-graph\">{\"@context\":\"https:\\\/\\\/schema.org\",\"@graph\":[{\"@type\":\"WebPage\",\"@id\":\"https:\\\/\\\/easyoriginal.com\\\/shop\\\/english-starter-sets\\\/the-great-gatsby-der-grosse-gatsby-starter-set\\\/\",\"url\":\"https:\\\/\\\/easyoriginal.com\\\/shop\\\/english-starter-sets\\\/the-great-gatsby-der-grosse-gatsby-starter-set\\\/\",\"name\":\"The Great Gatsby \\\/ Der gro\u00dfe Gatsby - Starter-Set - EasyOriginal.com\",\"isPartOf\":{\"@id\":\"https:\\\/\\\/easyoriginal.com\\\/#website\"},\"primaryImageOfPage\":{\"@id\":\"https:\\\/\\\/easyoriginal.com\\\/shop\\\/english-starter-sets\\\/the-great-gatsby-der-grosse-gatsby-starter-set\\\/#primaryimage\"},\"image\":{\"@id\":\"https:\\\/\\\/easyoriginal.com\\\/shop\\\/english-starter-sets\\\/the-great-gatsby-der-grosse-gatsby-starter-set\\\/#primaryimage\"},\"thumbnailUrl\":\"https:\\\/\\\/easyoriginal.com\\\/wp-content\\\/uploads\\\/DEB17.jpg\",\"datePublished\":\"2023-02-26T13:33:31+00:00\",\"dateModified\":\"2024-01-04T18:02:30+00:00\",\"breadcrumb\":{\"@id\":\"https:\\\/\\\/easyoriginal.com\\\/shop\\\/english-starter-sets\\\/the-great-gatsby-der-grosse-gatsby-starter-set\\\/#breadcrumb\"},\"inLanguage\":\"en-GB\",\"potentialAction\":[{\"@type\":\"ReadAction\",\"target\":[\"https:\\\/\\\/easyoriginal.com\\\/shop\\\/english-starter-sets\\\/the-great-gatsby-der-grosse-gatsby-starter-set\\\/\"]}]},{\"@type\":\"ImageObject\",\"inLanguage\":\"en-GB\",\"@id\":\"https:\\\/\\\/easyoriginal.com\\\/shop\\\/english-starter-sets\\\/the-great-gatsby-der-grosse-gatsby-starter-set\\\/#primaryimage\",\"url\":\"https:\\\/\\\/easyoriginal.com\\\/wp-content\\\/uploads\\\/DEB17.jpg\",\"contentUrl\":\"https:\\\/\\\/easyoriginal.com\\\/wp-content\\\/uploads\\\/DEB17.jpg\",\"width\":1080,\"height\":1080},{\"@type\":\"BreadcrumbList\",\"@id\":\"https:\\\/\\\/easyoriginal.com\\\/shop\\\/english-starter-sets\\\/the-great-gatsby-der-grosse-gatsby-starter-set\\\/#breadcrumb\",\"itemListElement\":[{\"@type\":\"ListItem\",\"position\":1,\"name\":\"Startseite\",\"item\":\"https:\\\/\\\/easyoriginal.com\\\/\"},{\"@type\":\"ListItem\",\"position\":2,\"name\":\"Shop\",\"item\":\"https:\\\/\\\/easyoriginal.com\\\/shop\\\/\"},{\"@type\":\"ListItem\",\"position\":3,\"name\":\"The Great Gatsby \\\/ Der gro\u00dfe Gatsby &#8211; Starter-Set\"}]},{\"@type\":\"WebSite\",\"@id\":\"https:\\\/\\\/easyoriginal.com\\\/#website\",\"url\":\"https:\\\/\\\/easyoriginal.com\\\/\",\"name\":\"EasyOriginal.com\",\"description\":\"Spa\u00df am Lesen im Original - Innovative Lesemethode f\u00fcr Fremdsprachen\",\"publisher\":{\"@id\":\"https:\\\/\\\/easyoriginal.com\\\/#organization\"},\"potentialAction\":[{\"@type\":\"SearchAction\",\"target\":{\"@type\":\"EntryPoint\",\"urlTemplate\":\"https:\\\/\\\/easyoriginal.com\\\/?s={search_term_string}\"},\"query-input\":{\"@type\":\"PropertyValueSpecification\",\"valueRequired\":true,\"valueName\":\"search_term_string\"}}],\"inLanguage\":\"en-GB\"},{\"@type\":\"Organization\",\"@id\":\"https:\\\/\\\/easyoriginal.com\\\/#organization\",\"name\":\"EasyOriginal Verlag\",\"url\":\"https:\\\/\\\/easyoriginal.com\\\/\",\"logo\":{\"@type\":\"ImageObject\",\"inLanguage\":\"en-GB\",\"@id\":\"https:\\\/\\\/easyoriginal.com\\\/#\\\/schema\\\/logo\\\/image\\\/\",\"url\":\"https:\\\/\\\/easyoriginal.com\\\/wp-content\\\/uploads\\\/2020\\\/08\\\/logo_main.png\",\"contentUrl\":\"https:\\\/\\\/easyoriginal.com\\\/wp-content\\\/uploads\\\/2020\\\/08\\\/logo_main.png\",\"width\":500,\"height\":103,\"caption\":\"EasyOriginal Verlag\"},\"image\":{\"@id\":\"https:\\\/\\\/easyoriginal.com\\\/#\\\/schema\\\/logo\\\/image\\\/\"}}]}<\/script>\n<!-- \/ Yoast SEO plugin. -->","yoast_head_json":{"title":"The Great Gatsby \/ Der gro\u00dfe Gatsby - Starter-Set - EasyOriginal.com","robots":{"index":"index","follow":"follow","max-snippet":"max-snippet:-1","max-image-preview":"max-image-preview:large","max-video-preview":"max-video-preview:-1"},"canonical":"https:\/\/easyoriginal.com\/en\/shop\/english-starter-sets\/the-great-gatsby-der-grosse-gatsby-starter-set\/","og_locale":"en_GB","og_type":"article","og_title":"The Great Gatsby \/ Der gro\u00dfe Gatsby - Starter-Set - EasyOriginal.com","og_description":"Easy Start mit EasyOriginal! Starter-Set f\u00fcr \"The Great Gatsby\":  Lesemethode von Ilya Frank - Teil 1 (erste 4 Kapitel) Readable Classics - Unabridged english edition with improved readability, easy to read font and comfortable font size. High-quality print and premium white paper.  Mit dem EasyOriginal Starter-Set k\u00f6nnen Sie problemlos und ohne gro\u00dfen Zeitaufwand in \u201eThe Great Gatsby\u201c auf Englisch eintauchen. Dank der revolution\u00e4ren Lesemethode von Ilya Frank werden die ersten vier Kapitel zu einem Vergn\u00fcgen, denn Sie verstehen den Text sofort und vollst\u00e4ndig und m\u00fcssen kein W\u00f6rterbuch zur Hand nehmen. Nachdem Sie die ersten vier Kapitel gelesen haben, wird es Ihnen leicht fallen, den Originaltext bis zum Ende des Buches zu lesen \u2013 und das mit gr\u00f6\u00dferem Vergn\u00fcgen als je zuvor! Bei Bedarf k\u00f6nnen Sie sich weitere Teile des Buches nach Lesemethode von Ilya Frank besorgen. Das Gesamtwerk des Buches ist in zwei adaptierte Teile unterteilt.  \"The Great Gatsby\" (\"Der gro\u00dfe Gatsby\") ist ein 1925 erstmals ver\u00f6ffentlichter Roman des US-amerikanischen Autors F. Scott Fitzgerald. Er schildert die Erlebnisse einer Reihe unterschiedlicher Personen, die den Sommer 1922 in der fiktiven Stadt West Egg auf der Insel Long Island nord\u00f6stlich von New York City verbringen. Hauptperson ist der junge und mysteri\u00f6se Million\u00e4r Jay Gatsby, der seit Jahren die sch\u00f6ne Daisy Buchanan liebt, die w\u00e4hrend seines Milit\u00e4rdiensts einen anderen Mann geheiratet hat. \"The Great Gatsby\" gilt als das Meisterwerk Fitzgeralds, in dem er sich mit Themen wie Dekadenz, Ausschweifungen, Idealismus, Widerstand gegen Ver\u00e4nderungen und sozialen Umbr\u00fcchen auseinandersetzt. Er schuf dabei ein treffendes Portr\u00e4t der sogenannten \u201eRoaring Twenties\u201c, der von wirtschaftlichem Wachstum, Prohibition, Kriminalit\u00e4t, Jazz und Flappern gepr\u00e4gten 1920er Jahre in den Vereinigten Staaten. \"The Great Gatsby\" wird heute zu den bedeutendsten Werken der amerikanischen Moderne gez\u00e4hlt.","og_url":"https:\/\/easyoriginal.com\/en\/shop\/english-starter-sets\/the-great-gatsby-der-grosse-gatsby-starter-set\/","og_site_name":"EasyOriginal.com","article_modified_time":"2024-01-04T18:02:30+00:00","og_image":[{"width":1080,"height":1080,"url":"https:\/\/easyoriginal.com\/wp-content\/uploads\/DEB17.jpg","type":"image\/jpeg"}],"twitter_card":"summary_large_image","twitter_misc":{"Estimated reading time":"1 minute"},"schema":{"@context":"https:\/\/schema.org","@graph":[{"@type":"WebPage","@id":"https:\/\/easyoriginal.com\/shop\/english-starter-sets\/the-great-gatsby-der-grosse-gatsby-starter-set\/","url":"https:\/\/easyoriginal.com\/shop\/english-starter-sets\/the-great-gatsby-der-grosse-gatsby-starter-set\/","name":"The Great Gatsby \/ Der gro\u00dfe Gatsby - Starter-Set - EasyOriginal.com","isPartOf":{"@id":"https:\/\/easyoriginal.com\/#website"},"primaryImageOfPage":{"@id":"https:\/\/easyoriginal.com\/shop\/english-starter-sets\/the-great-gatsby-der-grosse-gatsby-starter-set\/#primaryimage"},"image":{"@id":"https:\/\/easyoriginal.com\/shop\/english-starter-sets\/the-great-gatsby-der-grosse-gatsby-starter-set\/#primaryimage"},"thumbnailUrl":"https:\/\/easyoriginal.com\/wp-content\/uploads\/DEB17.jpg","datePublished":"2023-02-26T13:33:31+00:00","dateModified":"2024-01-04T18:02:30+00:00","breadcrumb":{"@id":"https:\/\/easyoriginal.com\/shop\/english-starter-sets\/the-great-gatsby-der-grosse-gatsby-starter-set\/#breadcrumb"},"inLanguage":"en-GB","potentialAction":[{"@type":"ReadAction","target":["https:\/\/easyoriginal.com\/shop\/english-starter-sets\/the-great-gatsby-der-grosse-gatsby-starter-set\/"]}]},{"@type":"ImageObject","inLanguage":"en-GB","@id":"https:\/\/easyoriginal.com\/shop\/english-starter-sets\/the-great-gatsby-der-grosse-gatsby-starter-set\/#primaryimage","url":"https:\/\/easyoriginal.com\/wp-content\/uploads\/DEB17.jpg","contentUrl":"https:\/\/easyoriginal.com\/wp-content\/uploads\/DEB17.jpg","width":1080,"height":1080},{"@type":"BreadcrumbList","@id":"https:\/\/easyoriginal.com\/shop\/english-starter-sets\/the-great-gatsby-der-grosse-gatsby-starter-set\/#breadcrumb","itemListElement":[{"@type":"ListItem","position":1,"name":"Startseite","item":"https:\/\/easyoriginal.com\/"},{"@type":"ListItem","position":2,"name":"Shop","item":"https:\/\/easyoriginal.com\/shop\/"},{"@type":"ListItem","position":3,"name":"The Great Gatsby \/ Der gro\u00dfe Gatsby &#8211; Starter-Set"}]},{"@type":"WebSite","@id":"https:\/\/easyoriginal.com\/#website","url":"https:\/\/easyoriginal.com\/","name":"EasyOriginal.com","description":"Spa\u00df am Lesen im Original - Innovative Lesemethode f\u00fcr Fremdsprachen","publisher":{"@id":"https:\/\/easyoriginal.com\/#organization"},"potentialAction":[{"@type":"SearchAction","target":{"@type":"EntryPoint","urlTemplate":"https:\/\/easyoriginal.com\/?s={search_term_string}"},"query-input":{"@type":"PropertyValueSpecification","valueRequired":true,"valueName":"search_term_string"}}],"inLanguage":"en-GB"},{"@type":"Organization","@id":"https:\/\/easyoriginal.com\/#organization","name":"EasyOriginal Verlag","url":"https:\/\/easyoriginal.com\/","logo":{"@type":"ImageObject","inLanguage":"en-GB","@id":"https:\/\/easyoriginal.com\/#\/schema\/logo\/image\/","url":"https:\/\/easyoriginal.com\/wp-content\/uploads\/2020\/08\/logo_main.png","contentUrl":"https:\/\/easyoriginal.com\/wp-content\/uploads\/2020\/08\/logo_main.png","width":500,"height":103,"caption":"EasyOriginal Verlag"},"image":{"@id":"https:\/\/easyoriginal.com\/#\/schema\/logo\/image\/"}}]}},"_links":{"self":[{"href":"https:\/\/easyoriginal.com\/en\/wp-json\/wp\/v2\/product\/11683","targetHints":{"allow":["GET"]}}],"collection":[{"href":"https:\/\/easyoriginal.com\/en\/wp-json\/wp\/v2\/product"}],"about":[{"href":"https:\/\/easyoriginal.com\/en\/wp-json\/wp\/v2\/types\/product"}],"replies":[{"embeddable":true,"href":"https:\/\/easyoriginal.com\/en\/wp-json\/wp\/v2\/comments?post=11683"}],"wp:featuredmedia":[{"embeddable":true,"href":"https:\/\/easyoriginal.com\/en\/wp-json\/wp\/v2\/media\/11674"}],"wp:attachment":[{"href":"https:\/\/easyoriginal.com\/en\/wp-json\/wp\/v2\/media?parent=11683"}],"wp:term":[{"taxonomy":"product_brand","embeddable":true,"href":"https:\/\/easyoriginal.com\/en\/wp-json\/wp\/v2\/product_brand?post=11683"},{"taxonomy":"product_cat","embeddable":true,"href":"https:\/\/easyoriginal.com\/en\/wp-json\/wp\/v2\/product_cat?post=11683"},{"taxonomy":"product_tag","embeddable":true,"href":"https:\/\/easyoriginal.com\/en\/wp-json\/wp\/v2\/product_tag?post=11683"}],"curies":[{"name":"wp","href":"https:\/\/api.w.org\/{rel}","templated":true}]}}