{"id":11608,"date":"2023-02-17T14:34:56","date_gmt":"2023-02-17T13:34:56","guid":{"rendered":"https:\/\/easyoriginal.com\/?post_type=product&#038;p=11608"},"modified":"2024-01-04T18:55:58","modified_gmt":"2024-01-04T17:55:58","slug":"pride-and-prejudice-stolz-und-vorurteil-starter-set","status":"publish","type":"product","link":"https:\/\/easyoriginal.com\/en\/shop\/english-starter-sets\/pride-and-prejudice-stolz-und-vorurteil-starter-set\/","title":{"rendered":"Pride and Prejudice \/ Stolz und Vorurteil &#8211; Starter-Set"},"content":{"rendered":"","protected":false},"excerpt":{"rendered":"<p>Easy Start mit EasyOriginal!<br \/>\nStarter-Set f\u00fcr &#8222;Pride and Prejudice&#8220;:<\/p>\n<ul>\n<li><a href=\"https:\/\/easyoriginal.com\/en\/shop\/englisch-deutsch\/pride-and-prejudice-stolz-und-vorurteil-teil-1\/\">Lesemethode von Ilya Frank &#8211; Teil 1 (erste 12 Kapitel)<\/a><\/li>\n<li><a href=\"https:\/\/easyoriginal.com\/en\/shop\/readable-classics-english\/pride-and-prejudice-readable-classics\/\">Readable Classics &#8211; Unabridged english edition with improved readability, easy to read font and comfortable font size. High-quality print and premium white paper.<\/a><\/li>\n<\/ul>\n<p>&nbsp;<\/p>\n<p>Mit dem EasyOriginal Starter-Set k\u00f6nnen Sie problemlos und ohne gro\u00dfen Zeitaufwand in \u201ePride and Prejudice\u201c auf Englisch eintauchen. Dank der revolution\u00e4ren Lesemethode von Ilya Frank werden die ersten zw\u00f6lf Kapitel zu einem Vergn\u00fcgen, denn Sie verstehen den Text sofort und vollst\u00e4ndig und m\u00fcssen kein W\u00f6rterbuch zur Hand nehmen. Nachdem Sie die ersten zw\u00f6lf Kapitel gelesen haben, wird es Ihnen leicht fallen, den Originaltext bis zum Ende des Buches zu lesen \u2013 und das mit gr\u00f6\u00dferem Vergn\u00fcgen als je zuvor!<br \/>\nBei Bedarf k\u00f6nnen Sie sich weitere Teile des Buches nach Lesemethode von Ilya Frank besorgen. Das Gesamtwerk des Buches ist in sechs adaptierte Teile unterteilt.<\/p>\n<p>&nbsp;<\/p>\n<p>&#8222;Pride and Prejudice&#8220; (&#8222;Stolz und Vorurteil&#8220;) ist der bekannteste Roman der britischen Schriftstellerin Jane Austen. &#8222;Pride and Prejudice&#8220; ist nicht nur als Liebesroman zu verstehen, sondern auch eine zeitgen\u00f6ssische Studie der englischen Gesellschaft am Beginn des 19. Jahrhunderts. Der Roman beschreibt etwas mehr als ein Jahr im Leben einer kleinen Zahl junger Leute auf dem Land in der N\u00e4he Londons an der Wende vom 18. zum 19. Jahrhundert. Im innersten Kreis dieser wohlhabenden bis reichen und teilweise adligen Familien steht die Familie Bennet mit ihren f\u00fcnf T\u00f6chtern im Alter zwischen f\u00fcnfzehn und Anfang zwanzig. Der langanhaltende Erfolg von Stolz und Vorurteil scheint auch darin begr\u00fcndet zu sein, dass die Erz\u00e4hlung eine Kombination aus traditioneller Romanze mit einer unkonventionellen Heldin anbietet und sich die Figur der Elizabeth Bennet mit der heutigen Identit\u00e4t einer aktiven, eine eigene Meinung nicht scheuenden und unabh\u00e4ngigen Weiblichkeit verbinden l\u00e4sst.<\/p>","protected":false},"featured_media":11614,"comment_status":"open","ping_status":"closed","template":"","meta":{"_acf_changed":false,"_et_pb_use_builder":"","_et_pb_old_content":"","_et_gb_content_width":""},"product_brand":[],"product_cat":[224],"product_tag":[72,169,170,223],"class_list":{"0":"post-11608","1":"product","2":"type-product","3":"status-publish","4":"has-post-thumbnail","6":"product_cat-english-starter-sets","7":"product_tag-britisch","8":"product_tag-jane-austen","9":"product_tag-pride-prejudice","10":"product_tag-readable-classics","12":"first","13":"instock","14":"taxable","15":"shipping-taxable","16":"purchasable","17":"product-type-variable"},"acf":[],"yoast_head":"<!-- This site is optimized with the Yoast SEO plugin v27.3 - https:\/\/yoast.com\/product\/yoast-seo-wordpress\/ -->\n<title>Pride and Prejudice \/ Stolz und Vorurteil - Starter-Set - EasyOriginal.com<\/title>\n<meta name=\"robots\" content=\"index, follow, max-snippet:-1, max-image-preview:large, max-video-preview:-1\" \/>\n<link rel=\"canonical\" href=\"https:\/\/easyoriginal.com\/en\/shop\/english-starter-sets\/pride-and-prejudice-stolz-und-vorurteil-starter-set\/\" \/>\n<meta property=\"og:locale\" content=\"en_GB\" \/>\n<meta property=\"og:type\" content=\"article\" \/>\n<meta property=\"og:title\" content=\"Pride and Prejudice \/ Stolz und Vorurteil - Starter-Set - EasyOriginal.com\" \/>\n<meta property=\"og:description\" content=\"Easy Start mit EasyOriginal! Starter-Set f\u00fcr &quot;Pride and Prejudice&quot;:   Lesemethode von Ilya Frank - Teil 1 (erste 12 Kapitel)  Readable Classics - Unabridged english edition with improved readability, easy to read font and comfortable font size. High-quality print and premium white paper.  &nbsp;  Mit dem EasyOriginal Starter-Set k\u00f6nnen Sie problemlos und ohne gro\u00dfen Zeitaufwand in \u201ePride and Prejudice\u201c auf Englisch eintauchen. Dank der revolution\u00e4ren Lesemethode von Ilya Frank werden die ersten zw\u00f6lf Kapitel zu einem Vergn\u00fcgen, denn Sie verstehen den Text sofort und vollst\u00e4ndig und m\u00fcssen kein W\u00f6rterbuch zur Hand nehmen. Nachdem Sie die ersten zw\u00f6lf Kapitel gelesen haben, wird es Ihnen leicht fallen, den Originaltext bis zum Ende des Buches zu lesen \u2013 und das mit gr\u00f6\u00dferem Vergn\u00fcgen als je zuvor! Bei Bedarf k\u00f6nnen Sie sich weitere Teile des Buches nach Lesemethode von Ilya Frank besorgen. Das Gesamtwerk des Buches ist in sechs adaptierte Teile unterteilt.  &nbsp;  &quot;Pride and Prejudice&quot; (&quot;Stolz und Vorurteil&quot;) ist der bekannteste Roman der britischen Schriftstellerin Jane Austen. &quot;Pride and Prejudice&quot; ist nicht nur als Liebesroman zu verstehen, sondern auch eine zeitgen\u00f6ssische Studie der englischen Gesellschaft am Beginn des 19. Jahrhunderts. Der Roman beschreibt etwas mehr als ein Jahr im Leben einer kleinen Zahl junger Leute auf dem Land in der N\u00e4he Londons an der Wende vom 18. zum 19. Jahrhundert. Im innersten Kreis dieser wohlhabenden bis reichen und teilweise adligen Familien steht die Familie Bennet mit ihren f\u00fcnf T\u00f6chtern im Alter zwischen f\u00fcnfzehn und Anfang zwanzig. Der langanhaltende Erfolg von Stolz und Vorurteil scheint auch darin begr\u00fcndet zu sein, dass die Erz\u00e4hlung eine Kombination aus traditioneller Romanze mit einer unkonventionellen Heldin anbietet und sich die Figur der Elizabeth Bennet mit der heutigen Identit\u00e4t einer aktiven, eine eigene Meinung nicht scheuenden und unabh\u00e4ngigen Weiblichkeit verbinden l\u00e4sst.\" \/>\n<meta property=\"og:url\" content=\"https:\/\/easyoriginal.com\/en\/shop\/english-starter-sets\/pride-and-prejudice-stolz-und-vorurteil-starter-set\/\" \/>\n<meta property=\"og:site_name\" content=\"EasyOriginal.com\" \/>\n<meta property=\"article:modified_time\" content=\"2024-01-04T17:55:58+00:00\" \/>\n<meta property=\"og:image\" content=\"https:\/\/easyoriginal.com\/wp-content\/uploads\/DEB15.jpg\" \/>\n\t<meta property=\"og:image:width\" content=\"1080\" \/>\n\t<meta property=\"og:image:height\" content=\"1080\" \/>\n\t<meta property=\"og:image:type\" content=\"image\/jpeg\" \/>\n<meta name=\"twitter:card\" content=\"summary_large_image\" \/>\n<meta name=\"twitter:label1\" content=\"Estimated reading time\" \/>\n\t<meta name=\"twitter:data1\" content=\"1 minute\" \/>\n<script type=\"application\/ld+json\" class=\"yoast-schema-graph\">{\"@context\":\"https:\\\/\\\/schema.org\",\"@graph\":[{\"@type\":\"WebPage\",\"@id\":\"https:\\\/\\\/easyoriginal.com\\\/shop\\\/english-starter-sets\\\/pride-and-prejudice-stolz-und-vorurteil-starter-set\\\/\",\"url\":\"https:\\\/\\\/easyoriginal.com\\\/shop\\\/english-starter-sets\\\/pride-and-prejudice-stolz-und-vorurteil-starter-set\\\/\",\"name\":\"Pride and Prejudice \\\/ Stolz und Vorurteil - Starter-Set - EasyOriginal.com\",\"isPartOf\":{\"@id\":\"https:\\\/\\\/easyoriginal.com\\\/#website\"},\"primaryImageOfPage\":{\"@id\":\"https:\\\/\\\/easyoriginal.com\\\/shop\\\/english-starter-sets\\\/pride-and-prejudice-stolz-und-vorurteil-starter-set\\\/#primaryimage\"},\"image\":{\"@id\":\"https:\\\/\\\/easyoriginal.com\\\/shop\\\/english-starter-sets\\\/pride-and-prejudice-stolz-und-vorurteil-starter-set\\\/#primaryimage\"},\"thumbnailUrl\":\"https:\\\/\\\/easyoriginal.com\\\/wp-content\\\/uploads\\\/DEB15.jpg\",\"datePublished\":\"2023-02-17T13:34:56+00:00\",\"dateModified\":\"2024-01-04T17:55:58+00:00\",\"breadcrumb\":{\"@id\":\"https:\\\/\\\/easyoriginal.com\\\/shop\\\/english-starter-sets\\\/pride-and-prejudice-stolz-und-vorurteil-starter-set\\\/#breadcrumb\"},\"inLanguage\":\"en-GB\",\"potentialAction\":[{\"@type\":\"ReadAction\",\"target\":[\"https:\\\/\\\/easyoriginal.com\\\/shop\\\/english-starter-sets\\\/pride-and-prejudice-stolz-und-vorurteil-starter-set\\\/\"]}]},{\"@type\":\"ImageObject\",\"inLanguage\":\"en-GB\",\"@id\":\"https:\\\/\\\/easyoriginal.com\\\/shop\\\/english-starter-sets\\\/pride-and-prejudice-stolz-und-vorurteil-starter-set\\\/#primaryimage\",\"url\":\"https:\\\/\\\/easyoriginal.com\\\/wp-content\\\/uploads\\\/DEB15.jpg\",\"contentUrl\":\"https:\\\/\\\/easyoriginal.com\\\/wp-content\\\/uploads\\\/DEB15.jpg\",\"width\":1080,\"height\":1080},{\"@type\":\"BreadcrumbList\",\"@id\":\"https:\\\/\\\/easyoriginal.com\\\/shop\\\/english-starter-sets\\\/pride-and-prejudice-stolz-und-vorurteil-starter-set\\\/#breadcrumb\",\"itemListElement\":[{\"@type\":\"ListItem\",\"position\":1,\"name\":\"Startseite\",\"item\":\"https:\\\/\\\/easyoriginal.com\\\/\"},{\"@type\":\"ListItem\",\"position\":2,\"name\":\"Shop\",\"item\":\"https:\\\/\\\/easyoriginal.com\\\/shop\\\/\"},{\"@type\":\"ListItem\",\"position\":3,\"name\":\"Pride and Prejudice \\\/ Stolz und Vorurteil &#8211; Starter-Set\"}]},{\"@type\":\"WebSite\",\"@id\":\"https:\\\/\\\/easyoriginal.com\\\/#website\",\"url\":\"https:\\\/\\\/easyoriginal.com\\\/\",\"name\":\"EasyOriginal.com\",\"description\":\"Spa\u00df am Lesen im Original - Innovative Lesemethode f\u00fcr Fremdsprachen\",\"publisher\":{\"@id\":\"https:\\\/\\\/easyoriginal.com\\\/#organization\"},\"potentialAction\":[{\"@type\":\"SearchAction\",\"target\":{\"@type\":\"EntryPoint\",\"urlTemplate\":\"https:\\\/\\\/easyoriginal.com\\\/?s={search_term_string}\"},\"query-input\":{\"@type\":\"PropertyValueSpecification\",\"valueRequired\":true,\"valueName\":\"search_term_string\"}}],\"inLanguage\":\"en-GB\"},{\"@type\":\"Organization\",\"@id\":\"https:\\\/\\\/easyoriginal.com\\\/#organization\",\"name\":\"EasyOriginal Verlag\",\"url\":\"https:\\\/\\\/easyoriginal.com\\\/\",\"logo\":{\"@type\":\"ImageObject\",\"inLanguage\":\"en-GB\",\"@id\":\"https:\\\/\\\/easyoriginal.com\\\/#\\\/schema\\\/logo\\\/image\\\/\",\"url\":\"https:\\\/\\\/easyoriginal.com\\\/wp-content\\\/uploads\\\/2020\\\/08\\\/logo_main.png\",\"contentUrl\":\"https:\\\/\\\/easyoriginal.com\\\/wp-content\\\/uploads\\\/2020\\\/08\\\/logo_main.png\",\"width\":500,\"height\":103,\"caption\":\"EasyOriginal Verlag\"},\"image\":{\"@id\":\"https:\\\/\\\/easyoriginal.com\\\/#\\\/schema\\\/logo\\\/image\\\/\"}}]}<\/script>\n<!-- \/ Yoast SEO plugin. -->","yoast_head_json":{"title":"Pride and Prejudice \/ Stolz und Vorurteil - Starter-Set - EasyOriginal.com","robots":{"index":"index","follow":"follow","max-snippet":"max-snippet:-1","max-image-preview":"max-image-preview:large","max-video-preview":"max-video-preview:-1"},"canonical":"https:\/\/easyoriginal.com\/en\/shop\/english-starter-sets\/pride-and-prejudice-stolz-und-vorurteil-starter-set\/","og_locale":"en_GB","og_type":"article","og_title":"Pride and Prejudice \/ Stolz und Vorurteil - Starter-Set - EasyOriginal.com","og_description":"Easy Start mit EasyOriginal! Starter-Set f\u00fcr \"Pride and Prejudice\":   Lesemethode von Ilya Frank - Teil 1 (erste 12 Kapitel)  Readable Classics - Unabridged english edition with improved readability, easy to read font and comfortable font size. High-quality print and premium white paper.  &nbsp;  Mit dem EasyOriginal Starter-Set k\u00f6nnen Sie problemlos und ohne gro\u00dfen Zeitaufwand in \u201ePride and Prejudice\u201c auf Englisch eintauchen. Dank der revolution\u00e4ren Lesemethode von Ilya Frank werden die ersten zw\u00f6lf Kapitel zu einem Vergn\u00fcgen, denn Sie verstehen den Text sofort und vollst\u00e4ndig und m\u00fcssen kein W\u00f6rterbuch zur Hand nehmen. Nachdem Sie die ersten zw\u00f6lf Kapitel gelesen haben, wird es Ihnen leicht fallen, den Originaltext bis zum Ende des Buches zu lesen \u2013 und das mit gr\u00f6\u00dferem Vergn\u00fcgen als je zuvor! Bei Bedarf k\u00f6nnen Sie sich weitere Teile des Buches nach Lesemethode von Ilya Frank besorgen. Das Gesamtwerk des Buches ist in sechs adaptierte Teile unterteilt.  &nbsp;  \"Pride and Prejudice\" (\"Stolz und Vorurteil\") ist der bekannteste Roman der britischen Schriftstellerin Jane Austen. \"Pride and Prejudice\" ist nicht nur als Liebesroman zu verstehen, sondern auch eine zeitgen\u00f6ssische Studie der englischen Gesellschaft am Beginn des 19. Jahrhunderts. Der Roman beschreibt etwas mehr als ein Jahr im Leben einer kleinen Zahl junger Leute auf dem Land in der N\u00e4he Londons an der Wende vom 18. zum 19. Jahrhundert. Im innersten Kreis dieser wohlhabenden bis reichen und teilweise adligen Familien steht die Familie Bennet mit ihren f\u00fcnf T\u00f6chtern im Alter zwischen f\u00fcnfzehn und Anfang zwanzig. Der langanhaltende Erfolg von Stolz und Vorurteil scheint auch darin begr\u00fcndet zu sein, dass die Erz\u00e4hlung eine Kombination aus traditioneller Romanze mit einer unkonventionellen Heldin anbietet und sich die Figur der Elizabeth Bennet mit der heutigen Identit\u00e4t einer aktiven, eine eigene Meinung nicht scheuenden und unabh\u00e4ngigen Weiblichkeit verbinden l\u00e4sst.","og_url":"https:\/\/easyoriginal.com\/en\/shop\/english-starter-sets\/pride-and-prejudice-stolz-und-vorurteil-starter-set\/","og_site_name":"EasyOriginal.com","article_modified_time":"2024-01-04T17:55:58+00:00","og_image":[{"width":1080,"height":1080,"url":"https:\/\/easyoriginal.com\/wp-content\/uploads\/DEB15.jpg","type":"image\/jpeg"}],"twitter_card":"summary_large_image","twitter_misc":{"Estimated reading time":"1 minute"},"schema":{"@context":"https:\/\/schema.org","@graph":[{"@type":"WebPage","@id":"https:\/\/easyoriginal.com\/shop\/english-starter-sets\/pride-and-prejudice-stolz-und-vorurteil-starter-set\/","url":"https:\/\/easyoriginal.com\/shop\/english-starter-sets\/pride-and-prejudice-stolz-und-vorurteil-starter-set\/","name":"Pride and Prejudice \/ Stolz und Vorurteil - Starter-Set - EasyOriginal.com","isPartOf":{"@id":"https:\/\/easyoriginal.com\/#website"},"primaryImageOfPage":{"@id":"https:\/\/easyoriginal.com\/shop\/english-starter-sets\/pride-and-prejudice-stolz-und-vorurteil-starter-set\/#primaryimage"},"image":{"@id":"https:\/\/easyoriginal.com\/shop\/english-starter-sets\/pride-and-prejudice-stolz-und-vorurteil-starter-set\/#primaryimage"},"thumbnailUrl":"https:\/\/easyoriginal.com\/wp-content\/uploads\/DEB15.jpg","datePublished":"2023-02-17T13:34:56+00:00","dateModified":"2024-01-04T17:55:58+00:00","breadcrumb":{"@id":"https:\/\/easyoriginal.com\/shop\/english-starter-sets\/pride-and-prejudice-stolz-und-vorurteil-starter-set\/#breadcrumb"},"inLanguage":"en-GB","potentialAction":[{"@type":"ReadAction","target":["https:\/\/easyoriginal.com\/shop\/english-starter-sets\/pride-and-prejudice-stolz-und-vorurteil-starter-set\/"]}]},{"@type":"ImageObject","inLanguage":"en-GB","@id":"https:\/\/easyoriginal.com\/shop\/english-starter-sets\/pride-and-prejudice-stolz-und-vorurteil-starter-set\/#primaryimage","url":"https:\/\/easyoriginal.com\/wp-content\/uploads\/DEB15.jpg","contentUrl":"https:\/\/easyoriginal.com\/wp-content\/uploads\/DEB15.jpg","width":1080,"height":1080},{"@type":"BreadcrumbList","@id":"https:\/\/easyoriginal.com\/shop\/english-starter-sets\/pride-and-prejudice-stolz-und-vorurteil-starter-set\/#breadcrumb","itemListElement":[{"@type":"ListItem","position":1,"name":"Startseite","item":"https:\/\/easyoriginal.com\/"},{"@type":"ListItem","position":2,"name":"Shop","item":"https:\/\/easyoriginal.com\/shop\/"},{"@type":"ListItem","position":3,"name":"Pride and Prejudice \/ Stolz und Vorurteil &#8211; Starter-Set"}]},{"@type":"WebSite","@id":"https:\/\/easyoriginal.com\/#website","url":"https:\/\/easyoriginal.com\/","name":"EasyOriginal.com","description":"Spa\u00df am Lesen im Original - Innovative Lesemethode f\u00fcr Fremdsprachen","publisher":{"@id":"https:\/\/easyoriginal.com\/#organization"},"potentialAction":[{"@type":"SearchAction","target":{"@type":"EntryPoint","urlTemplate":"https:\/\/easyoriginal.com\/?s={search_term_string}"},"query-input":{"@type":"PropertyValueSpecification","valueRequired":true,"valueName":"search_term_string"}}],"inLanguage":"en-GB"},{"@type":"Organization","@id":"https:\/\/easyoriginal.com\/#organization","name":"EasyOriginal Verlag","url":"https:\/\/easyoriginal.com\/","logo":{"@type":"ImageObject","inLanguage":"en-GB","@id":"https:\/\/easyoriginal.com\/#\/schema\/logo\/image\/","url":"https:\/\/easyoriginal.com\/wp-content\/uploads\/2020\/08\/logo_main.png","contentUrl":"https:\/\/easyoriginal.com\/wp-content\/uploads\/2020\/08\/logo_main.png","width":500,"height":103,"caption":"EasyOriginal Verlag"},"image":{"@id":"https:\/\/easyoriginal.com\/#\/schema\/logo\/image\/"}}]}},"_links":{"self":[{"href":"https:\/\/easyoriginal.com\/en\/wp-json\/wp\/v2\/product\/11608","targetHints":{"allow":["GET"]}}],"collection":[{"href":"https:\/\/easyoriginal.com\/en\/wp-json\/wp\/v2\/product"}],"about":[{"href":"https:\/\/easyoriginal.com\/en\/wp-json\/wp\/v2\/types\/product"}],"replies":[{"embeddable":true,"href":"https:\/\/easyoriginal.com\/en\/wp-json\/wp\/v2\/comments?post=11608"}],"wp:featuredmedia":[{"embeddable":true,"href":"https:\/\/easyoriginal.com\/en\/wp-json\/wp\/v2\/media\/11614"}],"wp:attachment":[{"href":"https:\/\/easyoriginal.com\/en\/wp-json\/wp\/v2\/media?parent=11608"}],"wp:term":[{"taxonomy":"product_brand","embeddable":true,"href":"https:\/\/easyoriginal.com\/en\/wp-json\/wp\/v2\/product_brand?post=11608"},{"taxonomy":"product_cat","embeddable":true,"href":"https:\/\/easyoriginal.com\/en\/wp-json\/wp\/v2\/product_cat?post=11608"},{"taxonomy":"product_tag","embeddable":true,"href":"https:\/\/easyoriginal.com\/en\/wp-json\/wp\/v2\/product_tag?post=11608"}],"curies":[{"name":"wp","href":"https:\/\/api.w.org\/{rel}","templated":true}]}}