{"id":11425,"date":"2023-01-26T22:22:34","date_gmt":"2023-01-26T21:22:34","guid":{"rendered":"https:\/\/easyoriginal.com\/?post_type=product&#038;p=11425"},"modified":"2025-04-17T21:33:36","modified_gmt":"2025-04-17T19:33:36","slug":"the-great-gatsby-der-grosse-gatsby-teil-2","status":"publish","type":"product","link":"https:\/\/easyoriginal.com\/en\/shop\/englisch-deutsch\/the-great-gatsby-der-grosse-gatsby-teil-2\/","title":{"rendered":"The Great Gatsby \/ Der gro\u00dfe Gatsby &#8211; Teil 2"},"content":{"rendered":"<div class=\"adapted-container\">\n<p class=\"Adapted\" lang=\"de-DE\"><span class=\"Bold\" lang=\"de-DE\">When I came home to West Egg that night <\/span><span class=\"Translation CharOverride-1\" lang=\"de-DE\">(als ich in dieser Nacht nach Hause nach West Egg kam)<\/span><span class=\"Bold\" lang=\"de-DE\"> I was afraid for a moment <\/span><span class=\"Translation CharOverride-1\" lang=\"de-DE\">(hatte ich f<\/span><span class=\"Translation CharOverride-1\" lang=\"ar-SA\">\u00fc<\/span><span class=\"Translation CharOverride-1\" lang=\"de-DE\">r einen Augenblick Angst)<\/span><span class=\"CharOverride-1\" lang=\"de-DE\"> <\/span><span class=\"Bold\" lang=\"de-DE\">that my house was on fire <\/span><span class=\"Translation CharOverride-1\" lang=\"de-DE\">(dass mein Haus in Flammen stand)<\/span><span class=\"Bold\" lang=\"de-DE\">. Two o&apos;clock and the whole corner of the peninsula was blazing with light <\/span><span class=\"Translation CharOverride-1\" lang=\"de-DE\">(zwei Uhr und die ganze Ecke der Halbinsel leuchtete vor Lich<\/span><span class=\"Translation\"><span class=\"No-Break CharOverride-1\" lang=\"de-DE\">t;<\/span><\/span><span class=\"Translation\"><span class=\"Italic\" lang=\"de-DE\"> <\/span><\/span><span class=\"Translation\"><span class=\"Italic CharOverride-1\" lang=\"de-DE\">peninsula <\/span><\/span><span class=\"Translation\"><span class=\"Transcription\" lang=\"de-DE\">[p\u0259&apos;n\u026an(t)<\/span><\/span><span class=\"Transcription\" lang=\"de-DE\">sj\u0259l\u0259]<\/span><span class=\"Translation\" lang=\"de-DE\">)<\/span><span class=\"Bold\" lang=\"de-DE\"> which fell unreal on the shrubbery <\/span><span class=\"Translation CharOverride-1\" lang=\"de-DE\">(das unecht auf das Strauchwerk fiel)<\/span><span class=\"Bold\" lang=\"de-DE\"> and made thin elongating glints upon the roadside wires <\/span><span class=\"Translation CharOverride-1\" lang=\"de-DE\">(und lie\u00df die Leitungen am Stra\u00dfenrand d\u00fcnn und langgestreckt glitzer<\/span><span class=\"Translation\"><span class=\"No-Break CharOverride-1\" lang=\"de-DE\">n;<\/span><\/span><span class=\"Translation\"><span class=\"Italic\" lang=\"de-DE\"> <\/span><\/span><span class=\"Translation\"><span class=\"Italic CharOverride-1\" lang=\"de-DE\">elongating <\/span><\/span><span class=\"Translation\"><span class=\"Transcription\" lang=\"de-DE\">[\u201ai\u02d0l\u0254\u014bge\u026at\u026a\u014b<\/span><\/span><span class=\"Translation\"><span class=\"No-Break\"><span class=\"Transcription\" lang=\"de-DE\">]<\/span><\/span><\/span><span class=\"Translation\"><span class=\"No-Break\"><span class=\"Italic CharOverride-1\" lang=\"de-DE\">;<\/span><\/span><\/span><span class=\"Translation\"><span class=\"Italic\" lang=\"de-DE\"> <\/span><\/span><span class=\"Translation\"><span class=\"Bold-Italic CharOverride-1\" lang=\"de-DE\">wire<\/span><\/span><span class=\"Translation\"><span class=\"No-Break\"><span class=\"Bold-Italic CharOverride-1\" lang=\"de-DE\"> <\/span><\/span><\/span><span class=\"Translation\"><span class=\"No-Break\"><span class=\"Italic CharOverride-1\" lang=\"de-DE\">\u2014<\/span><\/span><\/span><span class=\"Translation\"><span class=\"Bold-Italic CharOverride-1\" lang=\"de-DE\"> <\/span><\/span><span class=\"Translation\"><span class=\"Italic CharOverride-1\" lang=\"de-DE\">Draht, Kabel, Leitung<\/span><\/span><span class=\"Translation CharOverride-1\" lang=\"de-DE\">)<\/span><span class=\"Bold\" lang=\"de-DE\">. Turning a corner I saw <\/span><span class=\"Translation CharOverride-1\" lang=\"de-DE\">(um eine Ecke kommend sah ich)<\/span><span class=\"Bold\" lang=\"de-DE\"> that it was Gatsby&apos;s house <\/span><span class=\"Translation CharOverride-1\" lang=\"de-DE\">(dass es Gatsbys Haus war)<\/span><span class=\"Bold\" lang=\"de-DE\">, lit from tower to cellar <\/span><span class=\"Translation CharOverride-1\" lang=\"de-DE\">(erleuchtet von Turm bis Kelle<\/span><span class=\"Translation\"><span class=\"No-Break CharOverride-1\" lang=\"de-DE\">r;<\/span><\/span><span class=\"Translation\"><span class=\"Bold-Italic CharOverride-1\" lang=\"de-DE\"> to light<\/span><\/span><span class=\"Translation\"><span class=\"No-Break\"><span class=\"Bold-Italic CharOverride-1\" lang=\"de-DE\"> <\/span><\/span><\/span><span class=\"Translation\"><span class=\"No-Break\"><span class=\"Italic CharOverride-1\" lang=\"de-DE\">\u2014<\/span><\/span><\/span><span class=\"Translation\"><span class=\"Bold-Italic CharOverride-1\" lang=\"de-DE\"> <\/span><\/span><span class=\"Translation\"><span class=\"Comments\" lang=\"de-DE\">anz<\/span><\/span><span class=\"Translation\"><span class=\"Comments\" lang=\"ar-SA\">\u00fc<\/span><\/span><span class=\"Translation\"><span class=\"Comments\" lang=\"de-DE\">nden, beleuchte<\/span><\/span><span class=\"Translation\"><span class=\"No-Break\"><span class=\"Comments\" lang=\"de-DE\">n<\/span><\/span><\/span><span class=\"Translation\"><span class=\"No-Break\"><span class=\"Italic CharOverride-1\" lang=\"de-DE\">;<\/span><\/span><\/span><span class=\"Translation\"><span class=\"Italic\" lang=\"de-DE\"> <\/span><\/span><span class=\"Translation\"><span class=\"Italic CharOverride-1\" lang=\"de-DE\">cellar <\/span><\/span><span class=\"Translation\"><span class=\"Transcription\" lang=\"de-DE\">[\u201asel\u0259]<\/span><\/span><span class=\"Translation CharOverride-1\" lang=\"de-DE\">)<\/span><span class=\"Bold\" lang=\"de-DE\">.<\/span><\/p>\n<\/div>\n<audio class=\"wp-audio-shortcode\" id=\"audio-11425-1\" preload=\"none\" style=\"width: 100%;\" controls=\"controls\"><source type=\"audio\/mpeg\" src=\"https:\/\/easyoriginal1.s3.eu-central-1.amazonaws.com\/englisch\/e56\/1.mp3?_=1\" \/><a href=\"https:\/\/easyoriginal1.s3.eu-central-1.amazonaws.com\/englisch\/e56\/1.mp3\">https:\/\/easyoriginal1.s3.eu-central-1.amazonaws.com\/englisch\/e56\/1.mp3<\/a><\/audio>\n<div class=\"original-container\">\n<p class=\"Original-no-keep-with-previous\" lang=\"en-GB\">When I came home to West Egg that night I was afraid for a moment that my house was on fire. Two o\u2019clock and the whole corner of the peninsula was blazing with light which fell unreal on the shrubbery and made thin elongating glints upon the roadside wires. Turning a corner I saw that it was Gatsby\u2019s house, lit from tower to cellar.<\/p>\n<\/div>\n","protected":false},"excerpt":{"rendered":"<p>Part 2<br \/>\nUngek\u00fcrzter Originaltext. Zweisprachiges Buch Englisch-Deutsch.<\/p>\n<p>&#8222;The Great Gatsby&#8220; (&#8222;Der gro\u00dfe Gatsby&#8220;) ist ein 1925 erstmals ver\u00f6ffentlichter Roman des US-amerikanischen Autors F. Scott Fitzgerald. Er schildert die Erlebnisse einer Reihe unterschiedlicher Personen, die den Sommer 1922 in der fiktiven Stadt West Egg auf der Insel Long Island nord\u00f6stlich von New York City verbringen. Hauptperson ist der junge und mysteri\u00f6se Million\u00e4r Jay Gatsby, der seit Jahren die sch\u00f6ne Daisy Buchanan liebt, die w\u00e4hrend seines Milit\u00e4rdiensts einen anderen Mann geheiratet hat.<br \/>\n&#8222;The Great Gatsby&#8220; gilt als das Meisterwerk Fitzgeralds, in dem er sich mit Themen wie Dekadenz, Ausschweifungen, Idealismus, Widerstand gegen Ver\u00e4nderungen und sozialen Umbr\u00fcchen auseinandersetzt. Er schuf dabei ein treffendes Portr\u00e4t der sogenannten \u201eRoaring Twenties\u201c, der von wirtschaftlichem Wachstum, Prohibition, Kriminalit\u00e4t, Jazz und Flappern gepr\u00e4gten 1920er Jahre in den Vereinigten Staaten.<br \/>\n&#8222;The Great Gatsby&#8220; wird heute zu den bedeutendsten Werken der amerikanischen Moderne gez\u00e4hlt.<\/p>","protected":false},"featured_media":15180,"comment_status":"open","ping_status":"closed","template":"","meta":{"_acf_changed":false,"_et_pb_use_builder":"off","_et_pb_old_content":"<div class=\"adapted-container\">\r\n<p class=\"Adapted\"><span class=\"Bold\">I had called upon my friend, Mr. Sherlock Holmes <\/span><span class=\"Translation\">(ich hatte bei meinem Freund, Mister Sherlock Holmes, vorgesprochen: \u00abappelliert\u00bb)<\/span><span class=\"Bold\">, one day in the autumn of last year <\/span><span class=\"Translation\">(eines Tages im Herbst letzten Jahres;<\/span><span class=\"Translation\"><span class=\"Comments\"> autumn <\/span><\/span><span class=\"Translation\"><span class=\"Transcription\">[\u2018\u0254\u02d0t\u0259m]<\/span><\/span><span class=\"Translation\">)<\/span> <span class=\"Bold\">and found him in deep conversation <\/span><span class=\"Translation\">(und ihn in tiefem Gespr\u00e4ch vorgefunden;<\/span><span class=\"Translation\"><span class=\"Comments\"> conversation <\/span><\/span><span class=\"Translation\"><span class=\"Transcription\">[\u02cck\u0252nv\u0259\u2019se\u026a\u0283\u0259n]<\/span><\/span><span class=\"Translation\">)<\/span> <span class=\"Bold\">with a very stout, florid-faced, elderly gentleman <\/span><span class=\"Translation\">(mit einem \u00e4u\u00dferst st\u00e4mmigen, rotgesichtigen, \u00e4lteren Gentleman;<\/span><span class=\"Translation\"><span class=\"Comments\"> stout <\/span><\/span><span class=\"Translation\"><span class=\"Transcription\">[sta\u028at]<\/span><\/span><span class=\"Translation\"><span class=\"Comments\">; <\/span><\/span><span class=\"Translation\"><span class=\"Comment-Words\">florid<\/span><\/span> <span class=\"Translation\"><span class=\"Transcription\">[\u2018fl\u0252r\u026ad]<\/span><\/span><span class=\"Translation\"><span class=\"Comments\"> \u2014 schw\u00fclstig, ger\u00f6tet<\/span><\/span><span class=\"Translation\">)<\/span><span class=\"Bold\"> with fiery red hair<\/span> <span class=\"Translation\">(mit feuerrotem Haar;<\/span><span class=\"Translation\"><span class=\"Comments\"> fiery <\/span><\/span><span class=\"Translation\"><span class=\"Transcription\">[\u2018fa\u026a\u0259r\u026a]<\/span><\/span><span class=\"Translation\">)<\/span><span class=\"Bold\">. With an apology for my intrusion <\/span><span class=\"Translation\">(mit einer Entschuld<a id=\"_idTextAnchor000\"><\/a>igung f\u00fcr mein Eindringen = mich f\u00fcr mein Eindringen entschuldigend;<\/span><span class=\"Translation\"><span class=\"Comments\"> apology <\/span><\/span><span class=\"Translation\"><span class=\"Transcription\">[\u0259\u2018p\u0252l\u0259d\u0292\u026a]<\/span><\/span><span class=\"Translation\"><span class=\"Comments\">; intrusion <\/span><\/span><span class=\"Translation\"><span class=\"Transcription\">[\u026an\u2018tru\u02d0\u0292\u0259n]<\/span><\/span><span class=\"Translation\">)<\/span><span class=\"Bold\">, I was about to withdraw <\/span><span class=\"Translation\">(wollte ich mich \/soeben\/ zur\u00fcckziehen;<\/span> <span class=\"Translation\"><span class=\"Comment-Words\">to be about to<\/span><\/span><span class=\"Translation\"><span class=\"Comments\"> \u2014 dabei sein etwas zu tun, etwas tun wollen; withdraw <\/span><\/span><span class=\"Translation\"><span class=\"Transcription\">[w\u026a\u00f0\u2018dr\u0254\u02d0]<\/span><\/span><span class=\"Translation\">)<\/span><span class=\"Bold\">, when Holmes pulled me abruptly into the room <\/span><span class=\"Translation\">(als Holmes mich abrupt in den Raum zog;<\/span><span class=\"Translation\"><span class=\"Comments\"> abruptly <\/span><\/span><span class=\"Translation\"><span class=\"Transcription\">[\u0259\u2018br\u028cptl\u026a]<\/span><\/span><span class=\"Translation\">)<\/span><span class=\"Bold\"> and closed the door behind me <\/span><span class=\"Translation\">(und die T\u00fcre hinter mir schloss)<\/span><span class=\"Bold\">.<\/span><\/p>\r\n\r\n<\/div>\r\n[audio mp3=\"https:\/\/easyoriginal1.s3.eu-central-1.amazonaws.com\/englisch\/e4\/1.mp3\"][\/audio]\r\n<div class=\"original-container\">\r\n<p class=\"Original\">I had called upon my friend, Mr. Sherlock Holmes, one day in the autumn of last year and found him in deep conversation with a very stout, florid-faced, elderly gentleman with fiery red hair. With an apology for my intrusion, I was about to withdraw, when Holmes pulled me abruptly into the room and closed the door behind me.<\/p>\r\n\r\n<\/div>\r\n<a class=\"weiter\" href=\"\/webreader\/the-red-headed-league\/fragment\/2-4-2-3\/\">weiter lesen<\/a>","_et_gb_content_width":""},"product_brand":[],"product_cat":[42],"product_tag":[72],"class_list":{"0":"post-11425","1":"product","2":"type-product","3":"status-publish","4":"has-post-thumbnail","6":"product_cat-englisch-deutsch","7":"product_tag-britisch","9":"first","10":"instock","11":"taxable","12":"shipping-taxable","13":"purchasable","14":"product-type-variable"},"acf":[],"yoast_head":"<!-- This site is optimized with the Yoast SEO plugin v27.3 - https:\/\/yoast.com\/product\/yoast-seo-wordpress\/ -->\n<title>The Great Gatsby \/ Der gro\u00dfe Gatsby - Teil 2 - EasyOriginal.com<\/title>\n<meta name=\"robots\" content=\"index, follow, max-snippet:-1, max-image-preview:large, max-video-preview:-1\" \/>\n<link rel=\"canonical\" href=\"https:\/\/easyoriginal.com\/en\/shop\/englisch-deutsch\/the-great-gatsby-der-grosse-gatsby-teil-2\/\" \/>\n<meta property=\"og:locale\" content=\"en_GB\" \/>\n<meta property=\"og:type\" content=\"article\" \/>\n<meta property=\"og:title\" content=\"The Great Gatsby \/ Der gro\u00dfe Gatsby - Teil 2 - EasyOriginal.com\" \/>\n<meta property=\"og:description\" content=\"Part 2 Ungek\u00fcrzter Originaltext. Zweisprachiges Buch Englisch-Deutsch.  &quot;The Great Gatsby&quot; (&quot;Der gro\u00dfe Gatsby&quot;) ist ein 1925 erstmals ver\u00f6ffentlichter Roman des US-amerikanischen Autors F. Scott Fitzgerald. Er schildert die Erlebnisse einer Reihe unterschiedlicher Personen, die den Sommer 1922 in der fiktiven Stadt West Egg auf der Insel Long Island nord\u00f6stlich von New York City verbringen. Hauptperson ist der junge und mysteri\u00f6se Million\u00e4r Jay Gatsby, der seit Jahren die sch\u00f6ne Daisy Buchanan liebt, die w\u00e4hrend seines Milit\u00e4rdiensts einen anderen Mann geheiratet hat. &quot;The Great Gatsby&quot; gilt als das Meisterwerk Fitzgeralds, in dem er sich mit Themen wie Dekadenz, Ausschweifungen, Idealismus, Widerstand gegen Ver\u00e4nderungen und sozialen Umbr\u00fcchen auseinandersetzt. Er schuf dabei ein treffendes Portr\u00e4t der sogenannten \u201eRoaring Twenties\u201c, der von wirtschaftlichem Wachstum, Prohibition, Kriminalit\u00e4t, Jazz und Flappern gepr\u00e4gten 1920er Jahre in den Vereinigten Staaten. &quot;The Great Gatsby&quot; wird heute zu den bedeutendsten Werken der amerikanischen Moderne gez\u00e4hlt.\" \/>\n<meta property=\"og:url\" content=\"https:\/\/easyoriginal.com\/en\/shop\/englisch-deutsch\/the-great-gatsby-der-grosse-gatsby-teil-2\/\" \/>\n<meta property=\"og:site_name\" content=\"EasyOriginal.com\" \/>\n<meta property=\"article:modified_time\" content=\"2025-04-17T19:33:36+00:00\" \/>\n<meta property=\"og:image\" content=\"https:\/\/easyoriginal.com\/wp-content\/uploads\/Fitzgerald_The_Great_Gatsby_part2_printcover_2025.jpg\" \/>\n\t<meta property=\"og:image:width\" content=\"1600\" \/>\n\t<meta property=\"og:image:height\" content=\"2400\" \/>\n\t<meta property=\"og:image:type\" content=\"image\/jpeg\" \/>\n<meta name=\"twitter:card\" content=\"summary_large_image\" \/>\n<meta name=\"twitter:label1\" content=\"Estimated reading time\" \/>\n\t<meta name=\"twitter:data1\" content=\"2 minutes\" \/>\n<script type=\"application\/ld+json\" class=\"yoast-schema-graph\">{\"@context\":\"https:\\\/\\\/schema.org\",\"@graph\":[{\"@type\":\"WebPage\",\"@id\":\"https:\\\/\\\/easyoriginal.com\\\/shop\\\/englisch-deutsch\\\/the-great-gatsby-der-grosse-gatsby-teil-2\\\/\",\"url\":\"https:\\\/\\\/easyoriginal.com\\\/shop\\\/englisch-deutsch\\\/the-great-gatsby-der-grosse-gatsby-teil-2\\\/\",\"name\":\"The Great Gatsby \\\/ Der gro\u00dfe Gatsby - Teil 2 - EasyOriginal.com\",\"isPartOf\":{\"@id\":\"https:\\\/\\\/easyoriginal.com\\\/#website\"},\"primaryImageOfPage\":{\"@id\":\"https:\\\/\\\/easyoriginal.com\\\/shop\\\/englisch-deutsch\\\/the-great-gatsby-der-grosse-gatsby-teil-2\\\/#primaryimage\"},\"image\":{\"@id\":\"https:\\\/\\\/easyoriginal.com\\\/shop\\\/englisch-deutsch\\\/the-great-gatsby-der-grosse-gatsby-teil-2\\\/#primaryimage\"},\"thumbnailUrl\":\"https:\\\/\\\/easyoriginal.com\\\/wp-content\\\/uploads\\\/Fitzgerald_The_Great_Gatsby_part2_printcover_2025.jpg\",\"datePublished\":\"2023-01-26T21:22:34+00:00\",\"dateModified\":\"2025-04-17T19:33:36+00:00\",\"breadcrumb\":{\"@id\":\"https:\\\/\\\/easyoriginal.com\\\/shop\\\/englisch-deutsch\\\/the-great-gatsby-der-grosse-gatsby-teil-2\\\/#breadcrumb\"},\"inLanguage\":\"en-GB\",\"potentialAction\":[{\"@type\":\"ReadAction\",\"target\":[\"https:\\\/\\\/easyoriginal.com\\\/shop\\\/englisch-deutsch\\\/the-great-gatsby-der-grosse-gatsby-teil-2\\\/\"]}]},{\"@type\":\"ImageObject\",\"inLanguage\":\"en-GB\",\"@id\":\"https:\\\/\\\/easyoriginal.com\\\/shop\\\/englisch-deutsch\\\/the-great-gatsby-der-grosse-gatsby-teil-2\\\/#primaryimage\",\"url\":\"https:\\\/\\\/easyoriginal.com\\\/wp-content\\\/uploads\\\/Fitzgerald_The_Great_Gatsby_part2_printcover_2025.jpg\",\"contentUrl\":\"https:\\\/\\\/easyoriginal.com\\\/wp-content\\\/uploads\\\/Fitzgerald_The_Great_Gatsby_part2_printcover_2025.jpg\",\"width\":1600,\"height\":2400},{\"@type\":\"BreadcrumbList\",\"@id\":\"https:\\\/\\\/easyoriginal.com\\\/shop\\\/englisch-deutsch\\\/the-great-gatsby-der-grosse-gatsby-teil-2\\\/#breadcrumb\",\"itemListElement\":[{\"@type\":\"ListItem\",\"position\":1,\"name\":\"Startseite\",\"item\":\"https:\\\/\\\/easyoriginal.com\\\/\"},{\"@type\":\"ListItem\",\"position\":2,\"name\":\"Shop\",\"item\":\"https:\\\/\\\/easyoriginal.com\\\/shop\\\/\"},{\"@type\":\"ListItem\",\"position\":3,\"name\":\"The Great Gatsby \\\/ Der gro\u00dfe Gatsby &#8211; Teil 2\"}]},{\"@type\":\"WebSite\",\"@id\":\"https:\\\/\\\/easyoriginal.com\\\/#website\",\"url\":\"https:\\\/\\\/easyoriginal.com\\\/\",\"name\":\"EasyOriginal.com\",\"description\":\"Spa\u00df am Lesen im Original - Innovative Lesemethode f\u00fcr Fremdsprachen\",\"publisher\":{\"@id\":\"https:\\\/\\\/easyoriginal.com\\\/#organization\"},\"potentialAction\":[{\"@type\":\"SearchAction\",\"target\":{\"@type\":\"EntryPoint\",\"urlTemplate\":\"https:\\\/\\\/easyoriginal.com\\\/?s={search_term_string}\"},\"query-input\":{\"@type\":\"PropertyValueSpecification\",\"valueRequired\":true,\"valueName\":\"search_term_string\"}}],\"inLanguage\":\"en-GB\"},{\"@type\":\"Organization\",\"@id\":\"https:\\\/\\\/easyoriginal.com\\\/#organization\",\"name\":\"EasyOriginal Verlag\",\"url\":\"https:\\\/\\\/easyoriginal.com\\\/\",\"logo\":{\"@type\":\"ImageObject\",\"inLanguage\":\"en-GB\",\"@id\":\"https:\\\/\\\/easyoriginal.com\\\/#\\\/schema\\\/logo\\\/image\\\/\",\"url\":\"https:\\\/\\\/easyoriginal.com\\\/wp-content\\\/uploads\\\/2020\\\/08\\\/logo_main.png\",\"contentUrl\":\"https:\\\/\\\/easyoriginal.com\\\/wp-content\\\/uploads\\\/2020\\\/08\\\/logo_main.png\",\"width\":500,\"height\":103,\"caption\":\"EasyOriginal Verlag\"},\"image\":{\"@id\":\"https:\\\/\\\/easyoriginal.com\\\/#\\\/schema\\\/logo\\\/image\\\/\"}}]}<\/script>\n<!-- \/ Yoast SEO plugin. -->","yoast_head_json":{"title":"The Great Gatsby \/ Der gro\u00dfe Gatsby - Teil 2 - EasyOriginal.com","robots":{"index":"index","follow":"follow","max-snippet":"max-snippet:-1","max-image-preview":"max-image-preview:large","max-video-preview":"max-video-preview:-1"},"canonical":"https:\/\/easyoriginal.com\/en\/shop\/englisch-deutsch\/the-great-gatsby-der-grosse-gatsby-teil-2\/","og_locale":"en_GB","og_type":"article","og_title":"The Great Gatsby \/ Der gro\u00dfe Gatsby - Teil 2 - EasyOriginal.com","og_description":"Part 2 Ungek\u00fcrzter Originaltext. Zweisprachiges Buch Englisch-Deutsch.  \"The Great Gatsby\" (\"Der gro\u00dfe Gatsby\") ist ein 1925 erstmals ver\u00f6ffentlichter Roman des US-amerikanischen Autors F. Scott Fitzgerald. Er schildert die Erlebnisse einer Reihe unterschiedlicher Personen, die den Sommer 1922 in der fiktiven Stadt West Egg auf der Insel Long Island nord\u00f6stlich von New York City verbringen. Hauptperson ist der junge und mysteri\u00f6se Million\u00e4r Jay Gatsby, der seit Jahren die sch\u00f6ne Daisy Buchanan liebt, die w\u00e4hrend seines Milit\u00e4rdiensts einen anderen Mann geheiratet hat. \"The Great Gatsby\" gilt als das Meisterwerk Fitzgeralds, in dem er sich mit Themen wie Dekadenz, Ausschweifungen, Idealismus, Widerstand gegen Ver\u00e4nderungen und sozialen Umbr\u00fcchen auseinandersetzt. Er schuf dabei ein treffendes Portr\u00e4t der sogenannten \u201eRoaring Twenties\u201c, der von wirtschaftlichem Wachstum, Prohibition, Kriminalit\u00e4t, Jazz und Flappern gepr\u00e4gten 1920er Jahre in den Vereinigten Staaten. \"The Great Gatsby\" wird heute zu den bedeutendsten Werken der amerikanischen Moderne gez\u00e4hlt.","og_url":"https:\/\/easyoriginal.com\/en\/shop\/englisch-deutsch\/the-great-gatsby-der-grosse-gatsby-teil-2\/","og_site_name":"EasyOriginal.com","article_modified_time":"2025-04-17T19:33:36+00:00","og_image":[{"width":1600,"height":2400,"url":"https:\/\/easyoriginal.com\/wp-content\/uploads\/Fitzgerald_The_Great_Gatsby_part2_printcover_2025.jpg","type":"image\/jpeg"}],"twitter_card":"summary_large_image","twitter_misc":{"Estimated reading time":"2 minutes"},"schema":{"@context":"https:\/\/schema.org","@graph":[{"@type":"WebPage","@id":"https:\/\/easyoriginal.com\/shop\/englisch-deutsch\/the-great-gatsby-der-grosse-gatsby-teil-2\/","url":"https:\/\/easyoriginal.com\/shop\/englisch-deutsch\/the-great-gatsby-der-grosse-gatsby-teil-2\/","name":"The Great Gatsby \/ Der gro\u00dfe Gatsby - Teil 2 - EasyOriginal.com","isPartOf":{"@id":"https:\/\/easyoriginal.com\/#website"},"primaryImageOfPage":{"@id":"https:\/\/easyoriginal.com\/shop\/englisch-deutsch\/the-great-gatsby-der-grosse-gatsby-teil-2\/#primaryimage"},"image":{"@id":"https:\/\/easyoriginal.com\/shop\/englisch-deutsch\/the-great-gatsby-der-grosse-gatsby-teil-2\/#primaryimage"},"thumbnailUrl":"https:\/\/easyoriginal.com\/wp-content\/uploads\/Fitzgerald_The_Great_Gatsby_part2_printcover_2025.jpg","datePublished":"2023-01-26T21:22:34+00:00","dateModified":"2025-04-17T19:33:36+00:00","breadcrumb":{"@id":"https:\/\/easyoriginal.com\/shop\/englisch-deutsch\/the-great-gatsby-der-grosse-gatsby-teil-2\/#breadcrumb"},"inLanguage":"en-GB","potentialAction":[{"@type":"ReadAction","target":["https:\/\/easyoriginal.com\/shop\/englisch-deutsch\/the-great-gatsby-der-grosse-gatsby-teil-2\/"]}]},{"@type":"ImageObject","inLanguage":"en-GB","@id":"https:\/\/easyoriginal.com\/shop\/englisch-deutsch\/the-great-gatsby-der-grosse-gatsby-teil-2\/#primaryimage","url":"https:\/\/easyoriginal.com\/wp-content\/uploads\/Fitzgerald_The_Great_Gatsby_part2_printcover_2025.jpg","contentUrl":"https:\/\/easyoriginal.com\/wp-content\/uploads\/Fitzgerald_The_Great_Gatsby_part2_printcover_2025.jpg","width":1600,"height":2400},{"@type":"BreadcrumbList","@id":"https:\/\/easyoriginal.com\/shop\/englisch-deutsch\/the-great-gatsby-der-grosse-gatsby-teil-2\/#breadcrumb","itemListElement":[{"@type":"ListItem","position":1,"name":"Startseite","item":"https:\/\/easyoriginal.com\/"},{"@type":"ListItem","position":2,"name":"Shop","item":"https:\/\/easyoriginal.com\/shop\/"},{"@type":"ListItem","position":3,"name":"The Great Gatsby \/ Der gro\u00dfe Gatsby &#8211; Teil 2"}]},{"@type":"WebSite","@id":"https:\/\/easyoriginal.com\/#website","url":"https:\/\/easyoriginal.com\/","name":"EasyOriginal.com","description":"Spa\u00df am Lesen im Original - Innovative Lesemethode f\u00fcr Fremdsprachen","publisher":{"@id":"https:\/\/easyoriginal.com\/#organization"},"potentialAction":[{"@type":"SearchAction","target":{"@type":"EntryPoint","urlTemplate":"https:\/\/easyoriginal.com\/?s={search_term_string}"},"query-input":{"@type":"PropertyValueSpecification","valueRequired":true,"valueName":"search_term_string"}}],"inLanguage":"en-GB"},{"@type":"Organization","@id":"https:\/\/easyoriginal.com\/#organization","name":"EasyOriginal Verlag","url":"https:\/\/easyoriginal.com\/","logo":{"@type":"ImageObject","inLanguage":"en-GB","@id":"https:\/\/easyoriginal.com\/#\/schema\/logo\/image\/","url":"https:\/\/easyoriginal.com\/wp-content\/uploads\/2020\/08\/logo_main.png","contentUrl":"https:\/\/easyoriginal.com\/wp-content\/uploads\/2020\/08\/logo_main.png","width":500,"height":103,"caption":"EasyOriginal Verlag"},"image":{"@id":"https:\/\/easyoriginal.com\/#\/schema\/logo\/image\/"}}]}},"_links":{"self":[{"href":"https:\/\/easyoriginal.com\/en\/wp-json\/wp\/v2\/product\/11425","targetHints":{"allow":["GET"]}}],"collection":[{"href":"https:\/\/easyoriginal.com\/en\/wp-json\/wp\/v2\/product"}],"about":[{"href":"https:\/\/easyoriginal.com\/en\/wp-json\/wp\/v2\/types\/product"}],"replies":[{"embeddable":true,"href":"https:\/\/easyoriginal.com\/en\/wp-json\/wp\/v2\/comments?post=11425"}],"wp:featuredmedia":[{"embeddable":true,"href":"https:\/\/easyoriginal.com\/en\/wp-json\/wp\/v2\/media\/15180"}],"wp:attachment":[{"href":"https:\/\/easyoriginal.com\/en\/wp-json\/wp\/v2\/media?parent=11425"}],"wp:term":[{"taxonomy":"product_brand","embeddable":true,"href":"https:\/\/easyoriginal.com\/en\/wp-json\/wp\/v2\/product_brand?post=11425"},{"taxonomy":"product_cat","embeddable":true,"href":"https:\/\/easyoriginal.com\/en\/wp-json\/wp\/v2\/product_cat?post=11425"},{"taxonomy":"product_tag","embeddable":true,"href":"https:\/\/easyoriginal.com\/en\/wp-json\/wp\/v2\/product_tag?post=11425"}],"curies":[{"name":"wp","href":"https:\/\/api.w.org\/{rel}","templated":true}]}}