{"id":10711,"date":"2022-11-18T19:44:28","date_gmt":"2022-11-18T18:44:28","guid":{"rendered":"https:\/\/easyoriginal.com\/?post_type=product&#038;p=10711"},"modified":"2025-04-17T21:39:40","modified_gmt":"2025-04-17T19:39:40","slug":"animal-farm-farm-der-tiere-teil-2","status":"publish","type":"product","link":"https:\/\/easyoriginal.com\/en\/shop\/englisch-deutsch\/animal-farm-farm-der-tiere-teil-2\/","title":{"rendered":"Animal Farm \/ Farm der Tiere &#8211; Teil 2"},"content":{"rendered":"<div class=\"adapted-container\">\n<p class=\"Adapted\" lang=\"de-DE\"><span class=\"Bold CharOverride-1\" lang=\"\">It was a bitter winter <\/span><span class=\"Translation CharOverride-2\" lang=\"\">(es war ein harter Winte<\/span><span class=\"Translation\" lang=\"\"><span class=\"No-Break CharOverride-2\" lang=\"\">r;<\/span><\/span><span class=\"Translation\" lang=\"\"><span class=\"Italic CharOverride-2\" lang=\"\"> <\/span><\/span><span class=\"Translation\" lang=\"\"><span class=\"Bold-Italic CharOverride-2\" lang=\"\">bitter<\/span><\/span><span class=\"Translation\" lang=\"\"><span class=\"Italic CharOverride-2\" lang=\"\">&#160;\u2014 bitter, hart, herb<\/span><\/span><span class=\"Translation CharOverride-2\" lang=\"\">)<\/span><span class=\"Bold CharOverride-1\" lang=\"\">. The stormy weather was followed by sleet and snow <\/span><span class=\"Translation CharOverride-2\" lang=\"\">(das st\u00fcrmische Wetter wurde von Eisregen und Schnee gefolg<\/span><span class=\"Translation\" lang=\"\"><span class=\"No-Break CharOverride-2\" lang=\"\">t;<\/span><\/span><span class=\"Translation\" lang=\"\"><span class=\"Italic CharOverride-2\" lang=\"\"> <\/span><\/span><span class=\"Translation\" lang=\"\"><span class=\"Bold-Italic CharOverride-2\" lang=\"\">storm<\/span><\/span><span class=\"Translation\" lang=\"\"><span class=\"Italic CharOverride-2\" lang=\"\">&#160;\u2014 Gewitter, Stur<\/span><\/span><span class=\"Translation\" lang=\"\"><span class=\"No-Break\" lang=\"\"><span class=\"Italic CharOverride-2\" lang=\"\">m;<\/span><\/span><\/span><span class=\"Translation\" lang=\"\"><span class=\"Italic CharOverride-2\" lang=\"\"> <\/span><\/span><span class=\"Translation\" lang=\"\"><span class=\"Bold-Italic CharOverride-2\" lang=\"\">sleet<\/span><\/span><span class=\"Translation\" lang=\"\"><span class=\"Italic CharOverride-2\" lang=\"\">&#160;\u2014 Schneeregen, Graupel, Eisregen<\/span><\/span><span class=\"Translation CharOverride-2\" lang=\"\">)<\/span><span class=\"Bold CharOverride-1\" lang=\"\">, and then by a hard frost <\/span><span class=\"Translation CharOverride-2\" lang=\"\">(und von einem starken Frost)<\/span><span class=\"Bold CharOverride-1\" lang=\"\"> which did not break till well into February <\/span><span class=\"Translation CharOverride-2\" lang=\"\">(der bis weit in den Februar nicht umschlu<\/span><span class=\"Translation\" lang=\"\"><span class=\"No-Break CharOverride-2\" lang=\"\">g;<\/span><\/span><span class=\"Translation\" lang=\"\"><span class=\"Italic CharOverride-2\" lang=\"\"> <\/span><\/span><span class=\"Translation\" lang=\"\"><span class=\"Bold-Italic CharOverride-2\" lang=\"\">to break<\/span><\/span><span class=\"Translation\" lang=\"\"><span class=\"Italic CharOverride-2\" lang=\"\">&#160;\u2014 absetze<\/span><\/span><span class=\"Translation\" lang=\"\"><span class=\"No-Break\" lang=\"\"><span class=\"Italic CharOverride-2\" lang=\"\">n;<\/span><\/span><\/span><span class=\"Translation\" lang=\"\"><span class=\"Italic CharOverride-2\" lang=\"\"> breche<\/span><\/span><span class=\"Translation\" lang=\"\"><span class=\"No-Break\" lang=\"\"><span class=\"Italic CharOverride-2\" lang=\"\">n;<\/span><\/span><\/span><span class=\"Translation\" lang=\"\"><span class=\"Italic CharOverride-2\" lang=\"\"> umschlage<\/span><\/span><span class=\"Translation\" lang=\"\"><span class=\"No-Break\" lang=\"\"><span class=\"Italic CharOverride-2\" lang=\"\">n;<\/span><\/span><\/span><span class=\"Translation\" lang=\"\"><span class=\"Italic CharOverride-2\" lang=\"\"> <\/span><\/span><span class=\"Translation\" lang=\"\"><span class=\"Bold-Italic CharOverride-2\" lang=\"\">well<\/span><\/span><span class=\"Translation\" lang=\"\"><span class=\"Italic CharOverride-2\" lang=\"\">&#160;\u2014 gu<\/span><\/span><span class=\"Translation\" lang=\"\"><span class=\"No-Break\" lang=\"\"><span class=\"Italic CharOverride-2\" lang=\"\">t;<\/span><\/span><\/span><span class=\"Translation\" lang=\"\"><span class=\"Italic CharOverride-2\" lang=\"\"> weit<\/span><\/span><span class=\"Translation CharOverride-2\" lang=\"\">)<\/span><span class=\"Bold CharOverride-1\" lang=\"\">. The animals carried on as best they could with the rebuilding of the windmill <\/span><span class=\"Translation CharOverride-2\" lang=\"\">(die Tiere machten so gut sie konnten mit der Wiedererrichtung der Windm\u00fchle weiter)<\/span><span class=\"Bold CharOverride-1\" lang=\"\">, well knowing <\/span><span class=\"Translation CharOverride-2\" lang=\"\">(wohl wissend)<\/span><span class=\"CharOverride-2\" lang=\"\"> <\/span><span class=\"Bold CharOverride-1\" lang=\"\">that the outside world was watching them <\/span><span class=\"Translation CharOverride-2\" lang=\"\">(dass die Au\u00dfenwelt sie beobachtete)<\/span><span class=\"Bold CharOverride-1\" lang=\"\"> and that the envious human beings would rejoice and triumph <\/span><span class=\"Translation CharOverride-2\" lang=\"\">(und dass die neidischen Menschen sich freuen und triumphieren w\u00fcrde<\/span><span class=\"Translation\" lang=\"\"><span class=\"No-Break CharOverride-2\" lang=\"\">n;<\/span><\/span><span class=\"Translation\" lang=\"\"><span class=\"Italic CharOverride-2\" lang=\"\"> envious <\/span><\/span><span class=\"Translation\" lang=\"\"><span class=\"Transcription\" lang=\"\">[\u02c8env\u026a\u0259s<\/span><\/span><span class=\"Translation\" lang=\"\"><span class=\"No-Break\" lang=\"\"><span class=\"Transcription\" lang=\"\">]<\/span><\/span><\/span><span class=\"Translation\" lang=\"\"><span class=\"No-Break\" lang=\"\"><span class=\"Italic CharOverride-2\" lang=\"\">;<\/span><\/span><\/span><span class=\"Translation\" lang=\"\"><span class=\"Italic\" lang=\"\"> <\/span><\/span><span class=\"Translation\" lang=\"\"><span class=\"Italic CharOverride-2\" lang=\"\">rejoice <\/span><\/span><span class=\"Translation\" lang=\"\"><span class=\"Transcription\" lang=\"\">[r\u026a\u2018\u02a4\u0254\u026as<\/span><\/span><span class=\"Translation\" lang=\"\"><span class=\"No-Break\" lang=\"\"><span class=\"Transcription\" lang=\"\">]<\/span><\/span><\/span><span class=\"Translation\" lang=\"\"><span class=\"No-Break\" lang=\"\"><span class=\"Italic CharOverride-2\" lang=\"\">;<\/span><\/span><\/span><span class=\"Translation\" lang=\"\"><span class=\"Italic\" lang=\"\"> <\/span><\/span><span class=\"Translation\" lang=\"\"><span class=\"Italic CharOverride-2\" lang=\"\">triumph <\/span><\/span><span class=\"Translation\" lang=\"\"><span class=\"Transcription\" lang=\"\">[\u201atra\u026a\u0259mf]<\/span><\/span><span class=\"Translation CharOverride-2\" lang=\"\">)<\/span><span class=\"Bold CharOverride-1\" lang=\"\"> if the mill were not finished on time <\/span><span class=\"Translation CharOverride-2\" lang=\"\">(wenn die Windm\u00fchle nicht rechtzeitig fertig w\u00e4re)<\/span><span class=\"Bold CharOverride-1\" lang=\"\">.<\/span><\/p>\n<\/div>\n<audio class=\"wp-audio-shortcode\" id=\"audio-10711-1\" preload=\"none\" style=\"width: 100%;\" controls=\"controls\"><source type=\"audio\/mpeg\" src=\"https:\/\/easyoriginal1.s3.eu-central-1.amazonaws.com\/englisch\/e58\/1.mp3?_=1\" \/><a href=\"https:\/\/easyoriginal1.s3.eu-central-1.amazonaws.com\/englisch\/e58\/1.mp3\">https:\/\/easyoriginal1.s3.eu-central-1.amazonaws.com\/englisch\/e58\/1.mp3<\/a><\/audio>\n<div class=\"original-container\">\n<p class=\"Original\" lang=\"en-GB\">It was a bitter winter. The stormy weather was followed by sleet and snow, and then by a hard frost which did not break till well into February. The animals carried on as best they could with the rebuilding of the windmill, well knowing that the outside world was watching them and that the envious human beings would rejoice and triumph if the mill were not finished on time.<\/p>\n<\/div>\n","protected":false},"excerpt":{"rendered":"<p>Part 2<br \/>\nUngek\u00fcrzter Originaltext. Zweisprachiges Buch Englisch-Deutsch.<\/p>\n<p>Animal Farm (&#8222;Farm der Tiere&#8220;) ist eine Fabel von George Orwell. Inhalt ist die Erhebung der Tiere einer englischen Farm gegen die Herrschaft ihres menschlichen Besitzers, der sie vernachl\u00e4ssigt und ausbeutet. Nach anf\u00e4nglichen Erfolgen und beginnendem Wohlstand \u00fcbernehmen die Schweine immer mehr die F\u00fchrung und errichten schlie\u00dflich eine Gewaltherrschaft, die schlimmer ist als diejenige, welche die Tiere absch\u00fctteln wollten.<br \/>\nAufgrund seines Inhaltes galt der Roman als Parabel auf die Geschichte der Sowjetunion, bei der auf die vom Volk getragene Februarrevolution letztlich die diktatorische Herrschaft Stalins folgte.<br \/>\nGeorge Orwell war ein englischer Schriftsteller, Essayist und Journalist. Durch seine Dystopien Farm der Tiere und 1984 wurde Orwell weltber\u00fchmt. Er gilt heute als einer der bedeutendsten Schriftsteller der englischen Literatur.<\/p>","protected":false},"featured_media":15189,"comment_status":"open","ping_status":"closed","template":"","meta":{"_acf_changed":false,"_et_pb_use_builder":"off","_et_pb_old_content":"<div class=\"adapted-container\">\r\n<p class=\"Adapted\"><span class=\"Bold\">I had called upon my friend, Mr. Sherlock Holmes <\/span><span class=\"Translation\">(ich hatte bei meinem Freund, Mister Sherlock Holmes, vorgesprochen: \u00abappelliert\u00bb)<\/span><span class=\"Bold\">, one day in the autumn of last year <\/span><span class=\"Translation\">(eines Tages im Herbst letzten Jahres;<\/span><span class=\"Translation\"><span class=\"Comments\"> autumn <\/span><\/span><span class=\"Translation\"><span class=\"Transcription\">[\u2018\u0254\u02d0t\u0259m]<\/span><\/span><span class=\"Translation\">)<\/span> <span class=\"Bold\">and found him in deep conversation <\/span><span class=\"Translation\">(und ihn in tiefem Gespr\u00e4ch vorgefunden;<\/span><span class=\"Translation\"><span class=\"Comments\"> conversation <\/span><\/span><span class=\"Translation\"><span class=\"Transcription\">[\u02cck\u0252nv\u0259\u2019se\u026a\u0283\u0259n]<\/span><\/span><span class=\"Translation\">)<\/span> <span class=\"Bold\">with a very stout, florid-faced, elderly gentleman <\/span><span class=\"Translation\">(mit einem \u00e4u\u00dferst st\u00e4mmigen, rotgesichtigen, \u00e4lteren Gentleman;<\/span><span class=\"Translation\"><span class=\"Comments\"> stout <\/span><\/span><span class=\"Translation\"><span class=\"Transcription\">[sta\u028at]<\/span><\/span><span class=\"Translation\"><span class=\"Comments\">; <\/span><\/span><span class=\"Translation\"><span class=\"Comment-Words\">florid<\/span><\/span> <span class=\"Translation\"><span class=\"Transcription\">[\u2018fl\u0252r\u026ad]<\/span><\/span><span class=\"Translation\"><span class=\"Comments\"> \u2014 schw\u00fclstig, ger\u00f6tet<\/span><\/span><span class=\"Translation\">)<\/span><span class=\"Bold\"> with fiery red hair<\/span> <span class=\"Translation\">(mit feuerrotem Haar;<\/span><span class=\"Translation\"><span class=\"Comments\"> fiery <\/span><\/span><span class=\"Translation\"><span class=\"Transcription\">[\u2018fa\u026a\u0259r\u026a]<\/span><\/span><span class=\"Translation\">)<\/span><span class=\"Bold\">. With an apology for my intrusion <\/span><span class=\"Translation\">(mit einer Entschuld<a id=\"_idTextAnchor000\"><\/a>igung f\u00fcr mein Eindringen = mich f\u00fcr mein Eindringen entschuldigend;<\/span><span class=\"Translation\"><span class=\"Comments\"> apology <\/span><\/span><span class=\"Translation\"><span class=\"Transcription\">[\u0259\u2018p\u0252l\u0259d\u0292\u026a]<\/span><\/span><span class=\"Translation\"><span class=\"Comments\">; intrusion <\/span><\/span><span class=\"Translation\"><span class=\"Transcription\">[\u026an\u2018tru\u02d0\u0292\u0259n]<\/span><\/span><span class=\"Translation\">)<\/span><span class=\"Bold\">, I was about to withdraw <\/span><span class=\"Translation\">(wollte ich mich \/soeben\/ zur\u00fcckziehen;<\/span> <span class=\"Translation\"><span class=\"Comment-Words\">to be about to<\/span><\/span><span class=\"Translation\"><span class=\"Comments\"> \u2014 dabei sein etwas zu tun, etwas tun wollen; withdraw <\/span><\/span><span class=\"Translation\"><span class=\"Transcription\">[w\u026a\u00f0\u2018dr\u0254\u02d0]<\/span><\/span><span class=\"Translation\">)<\/span><span class=\"Bold\">, when Holmes pulled me abruptly into the room <\/span><span class=\"Translation\">(als Holmes mich abrupt in den Raum zog;<\/span><span class=\"Translation\"><span class=\"Comments\"> abruptly <\/span><\/span><span class=\"Translation\"><span class=\"Transcription\">[\u0259\u2018br\u028cptl\u026a]<\/span><\/span><span class=\"Translation\">)<\/span><span class=\"Bold\"> and closed the door behind me <\/span><span class=\"Translation\">(und die T\u00fcre hinter mir schloss)<\/span><span class=\"Bold\">.<\/span><\/p>\r\n\r\n<\/div>\r\n[audio mp3=\"https:\/\/easyoriginal1.s3.eu-central-1.amazonaws.com\/englisch\/e4\/1.mp3\"][\/audio]\r\n<div class=\"original-container\">\r\n<p class=\"Original\">I had called upon my friend, Mr. Sherlock Holmes, one day in the autumn of last year and found him in deep conversation with a very stout, florid-faced, elderly gentleman with fiery red hair. With an apology for my intrusion, I was about to withdraw, when Holmes pulled me abruptly into the room and closed the door behind me.<\/p>\r\n\r\n<\/div>\r\n<a class=\"weiter\" href=\"\/webreader\/the-red-headed-league\/fragment\/2-4-2-3\/\">weiter lesen<\/a>","_et_gb_content_width":""},"product_brand":[],"product_cat":[42],"product_tag":[72],"class_list":{"0":"post-10711","1":"product","2":"type-product","3":"status-publish","4":"has-post-thumbnail","6":"product_cat-englisch-deutsch","7":"product_tag-britisch","9":"first","10":"instock","11":"taxable","12":"shipping-taxable","13":"purchasable","14":"product-type-variable"},"acf":[],"yoast_head":"<!-- This site is optimized with the Yoast SEO plugin v27.3 - https:\/\/yoast.com\/product\/yoast-seo-wordpress\/ -->\n<title>Animal Farm \/ Farm der Tiere - Teil 2 - EasyOriginal.com<\/title>\n<meta name=\"robots\" content=\"index, follow, max-snippet:-1, max-image-preview:large, max-video-preview:-1\" \/>\n<link rel=\"canonical\" href=\"https:\/\/easyoriginal.com\/en\/shop\/englisch-deutsch\/animal-farm-farm-der-tiere-teil-2\/\" \/>\n<meta property=\"og:locale\" content=\"en_GB\" \/>\n<meta property=\"og:type\" content=\"article\" \/>\n<meta property=\"og:title\" content=\"Animal Farm \/ Farm der Tiere - Teil 2 - EasyOriginal.com\" \/>\n<meta property=\"og:description\" content=\"Part 2 Ungek\u00fcrzter Originaltext. Zweisprachiges Buch Englisch-Deutsch.  Animal Farm (&quot;Farm der Tiere&quot;) ist eine Fabel von George Orwell. Inhalt ist die Erhebung der Tiere einer englischen Farm gegen die Herrschaft ihres menschlichen Besitzers, der sie vernachl\u00e4ssigt und ausbeutet. Nach anf\u00e4nglichen Erfolgen und beginnendem Wohlstand \u00fcbernehmen die Schweine immer mehr die F\u00fchrung und errichten schlie\u00dflich eine Gewaltherrschaft, die schlimmer ist als diejenige, welche die Tiere absch\u00fctteln wollten. Aufgrund seines Inhaltes galt der Roman als Parabel auf die Geschichte der Sowjetunion, bei der auf die vom Volk getragene Februarrevolution letztlich die diktatorische Herrschaft Stalins folgte. George Orwell war ein englischer Schriftsteller, Essayist und Journalist. Durch seine Dystopien Farm der Tiere und 1984 wurde Orwell weltber\u00fchmt. Er gilt heute als einer der bedeutendsten Schriftsteller der englischen Literatur.\" \/>\n<meta property=\"og:url\" content=\"https:\/\/easyoriginal.com\/en\/shop\/englisch-deutsch\/animal-farm-farm-der-tiere-teil-2\/\" \/>\n<meta property=\"og:site_name\" content=\"EasyOriginal.com\" \/>\n<meta property=\"article:modified_time\" content=\"2025-04-17T19:39:40+00:00\" \/>\n<meta property=\"og:image\" content=\"https:\/\/easyoriginal.com\/wp-content\/uploads\/Orwell_Animal_Farm_2_printcover_2025.jpg\" \/>\n\t<meta property=\"og:image:width\" content=\"1600\" \/>\n\t<meta property=\"og:image:height\" content=\"2400\" \/>\n\t<meta property=\"og:image:type\" content=\"image\/jpeg\" \/>\n<meta name=\"twitter:card\" content=\"summary_large_image\" \/>\n<meta name=\"twitter:label1\" content=\"Estimated reading time\" \/>\n\t<meta name=\"twitter:data1\" content=\"2 minutes\" \/>\n<script type=\"application\/ld+json\" class=\"yoast-schema-graph\">{\"@context\":\"https:\\\/\\\/schema.org\",\"@graph\":[{\"@type\":\"WebPage\",\"@id\":\"https:\\\/\\\/easyoriginal.com\\\/shop\\\/englisch-deutsch\\\/animal-farm-farm-der-tiere-teil-2\\\/\",\"url\":\"https:\\\/\\\/easyoriginal.com\\\/shop\\\/englisch-deutsch\\\/animal-farm-farm-der-tiere-teil-2\\\/\",\"name\":\"Animal Farm \\\/ Farm der Tiere - Teil 2 - EasyOriginal.com\",\"isPartOf\":{\"@id\":\"https:\\\/\\\/easyoriginal.com\\\/#website\"},\"primaryImageOfPage\":{\"@id\":\"https:\\\/\\\/easyoriginal.com\\\/shop\\\/englisch-deutsch\\\/animal-farm-farm-der-tiere-teil-2\\\/#primaryimage\"},\"image\":{\"@id\":\"https:\\\/\\\/easyoriginal.com\\\/shop\\\/englisch-deutsch\\\/animal-farm-farm-der-tiere-teil-2\\\/#primaryimage\"},\"thumbnailUrl\":\"https:\\\/\\\/easyoriginal.com\\\/wp-content\\\/uploads\\\/Orwell_Animal_Farm_2_printcover_2025.jpg\",\"datePublished\":\"2022-11-18T18:44:28+00:00\",\"dateModified\":\"2025-04-17T19:39:40+00:00\",\"breadcrumb\":{\"@id\":\"https:\\\/\\\/easyoriginal.com\\\/shop\\\/englisch-deutsch\\\/animal-farm-farm-der-tiere-teil-2\\\/#breadcrumb\"},\"inLanguage\":\"en-GB\",\"potentialAction\":[{\"@type\":\"ReadAction\",\"target\":[\"https:\\\/\\\/easyoriginal.com\\\/shop\\\/englisch-deutsch\\\/animal-farm-farm-der-tiere-teil-2\\\/\"]}]},{\"@type\":\"ImageObject\",\"inLanguage\":\"en-GB\",\"@id\":\"https:\\\/\\\/easyoriginal.com\\\/shop\\\/englisch-deutsch\\\/animal-farm-farm-der-tiere-teil-2\\\/#primaryimage\",\"url\":\"https:\\\/\\\/easyoriginal.com\\\/wp-content\\\/uploads\\\/Orwell_Animal_Farm_2_printcover_2025.jpg\",\"contentUrl\":\"https:\\\/\\\/easyoriginal.com\\\/wp-content\\\/uploads\\\/Orwell_Animal_Farm_2_printcover_2025.jpg\",\"width\":1600,\"height\":2400},{\"@type\":\"BreadcrumbList\",\"@id\":\"https:\\\/\\\/easyoriginal.com\\\/shop\\\/englisch-deutsch\\\/animal-farm-farm-der-tiere-teil-2\\\/#breadcrumb\",\"itemListElement\":[{\"@type\":\"ListItem\",\"position\":1,\"name\":\"Startseite\",\"item\":\"https:\\\/\\\/easyoriginal.com\\\/\"},{\"@type\":\"ListItem\",\"position\":2,\"name\":\"Shop\",\"item\":\"https:\\\/\\\/easyoriginal.com\\\/shop\\\/\"},{\"@type\":\"ListItem\",\"position\":3,\"name\":\"Animal Farm \\\/ Farm der Tiere &#8211; Teil 2\"}]},{\"@type\":\"WebSite\",\"@id\":\"https:\\\/\\\/easyoriginal.com\\\/#website\",\"url\":\"https:\\\/\\\/easyoriginal.com\\\/\",\"name\":\"EasyOriginal.com\",\"description\":\"Spa\u00df am Lesen im Original - Innovative Lesemethode f\u00fcr Fremdsprachen\",\"publisher\":{\"@id\":\"https:\\\/\\\/easyoriginal.com\\\/#organization\"},\"potentialAction\":[{\"@type\":\"SearchAction\",\"target\":{\"@type\":\"EntryPoint\",\"urlTemplate\":\"https:\\\/\\\/easyoriginal.com\\\/?s={search_term_string}\"},\"query-input\":{\"@type\":\"PropertyValueSpecification\",\"valueRequired\":true,\"valueName\":\"search_term_string\"}}],\"inLanguage\":\"en-GB\"},{\"@type\":\"Organization\",\"@id\":\"https:\\\/\\\/easyoriginal.com\\\/#organization\",\"name\":\"EasyOriginal Verlag\",\"url\":\"https:\\\/\\\/easyoriginal.com\\\/\",\"logo\":{\"@type\":\"ImageObject\",\"inLanguage\":\"en-GB\",\"@id\":\"https:\\\/\\\/easyoriginal.com\\\/#\\\/schema\\\/logo\\\/image\\\/\",\"url\":\"https:\\\/\\\/easyoriginal.com\\\/wp-content\\\/uploads\\\/2020\\\/08\\\/logo_main.png\",\"contentUrl\":\"https:\\\/\\\/easyoriginal.com\\\/wp-content\\\/uploads\\\/2020\\\/08\\\/logo_main.png\",\"width\":500,\"height\":103,\"caption\":\"EasyOriginal Verlag\"},\"image\":{\"@id\":\"https:\\\/\\\/easyoriginal.com\\\/#\\\/schema\\\/logo\\\/image\\\/\"}}]}<\/script>\n<!-- \/ Yoast SEO plugin. -->","yoast_head_json":{"title":"Animal Farm \/ Farm der Tiere - Teil 2 - EasyOriginal.com","robots":{"index":"index","follow":"follow","max-snippet":"max-snippet:-1","max-image-preview":"max-image-preview:large","max-video-preview":"max-video-preview:-1"},"canonical":"https:\/\/easyoriginal.com\/en\/shop\/englisch-deutsch\/animal-farm-farm-der-tiere-teil-2\/","og_locale":"en_GB","og_type":"article","og_title":"Animal Farm \/ Farm der Tiere - Teil 2 - EasyOriginal.com","og_description":"Part 2 Ungek\u00fcrzter Originaltext. Zweisprachiges Buch Englisch-Deutsch.  Animal Farm (\"Farm der Tiere\") ist eine Fabel von George Orwell. Inhalt ist die Erhebung der Tiere einer englischen Farm gegen die Herrschaft ihres menschlichen Besitzers, der sie vernachl\u00e4ssigt und ausbeutet. Nach anf\u00e4nglichen Erfolgen und beginnendem Wohlstand \u00fcbernehmen die Schweine immer mehr die F\u00fchrung und errichten schlie\u00dflich eine Gewaltherrschaft, die schlimmer ist als diejenige, welche die Tiere absch\u00fctteln wollten. Aufgrund seines Inhaltes galt der Roman als Parabel auf die Geschichte der Sowjetunion, bei der auf die vom Volk getragene Februarrevolution letztlich die diktatorische Herrschaft Stalins folgte. George Orwell war ein englischer Schriftsteller, Essayist und Journalist. Durch seine Dystopien Farm der Tiere und 1984 wurde Orwell weltber\u00fchmt. Er gilt heute als einer der bedeutendsten Schriftsteller der englischen Literatur.","og_url":"https:\/\/easyoriginal.com\/en\/shop\/englisch-deutsch\/animal-farm-farm-der-tiere-teil-2\/","og_site_name":"EasyOriginal.com","article_modified_time":"2025-04-17T19:39:40+00:00","og_image":[{"width":1600,"height":2400,"url":"https:\/\/easyoriginal.com\/wp-content\/uploads\/Orwell_Animal_Farm_2_printcover_2025.jpg","type":"image\/jpeg"}],"twitter_card":"summary_large_image","twitter_misc":{"Estimated reading time":"2 minutes"},"schema":{"@context":"https:\/\/schema.org","@graph":[{"@type":"WebPage","@id":"https:\/\/easyoriginal.com\/shop\/englisch-deutsch\/animal-farm-farm-der-tiere-teil-2\/","url":"https:\/\/easyoriginal.com\/shop\/englisch-deutsch\/animal-farm-farm-der-tiere-teil-2\/","name":"Animal Farm \/ Farm der Tiere - Teil 2 - EasyOriginal.com","isPartOf":{"@id":"https:\/\/easyoriginal.com\/#website"},"primaryImageOfPage":{"@id":"https:\/\/easyoriginal.com\/shop\/englisch-deutsch\/animal-farm-farm-der-tiere-teil-2\/#primaryimage"},"image":{"@id":"https:\/\/easyoriginal.com\/shop\/englisch-deutsch\/animal-farm-farm-der-tiere-teil-2\/#primaryimage"},"thumbnailUrl":"https:\/\/easyoriginal.com\/wp-content\/uploads\/Orwell_Animal_Farm_2_printcover_2025.jpg","datePublished":"2022-11-18T18:44:28+00:00","dateModified":"2025-04-17T19:39:40+00:00","breadcrumb":{"@id":"https:\/\/easyoriginal.com\/shop\/englisch-deutsch\/animal-farm-farm-der-tiere-teil-2\/#breadcrumb"},"inLanguage":"en-GB","potentialAction":[{"@type":"ReadAction","target":["https:\/\/easyoriginal.com\/shop\/englisch-deutsch\/animal-farm-farm-der-tiere-teil-2\/"]}]},{"@type":"ImageObject","inLanguage":"en-GB","@id":"https:\/\/easyoriginal.com\/shop\/englisch-deutsch\/animal-farm-farm-der-tiere-teil-2\/#primaryimage","url":"https:\/\/easyoriginal.com\/wp-content\/uploads\/Orwell_Animal_Farm_2_printcover_2025.jpg","contentUrl":"https:\/\/easyoriginal.com\/wp-content\/uploads\/Orwell_Animal_Farm_2_printcover_2025.jpg","width":1600,"height":2400},{"@type":"BreadcrumbList","@id":"https:\/\/easyoriginal.com\/shop\/englisch-deutsch\/animal-farm-farm-der-tiere-teil-2\/#breadcrumb","itemListElement":[{"@type":"ListItem","position":1,"name":"Startseite","item":"https:\/\/easyoriginal.com\/"},{"@type":"ListItem","position":2,"name":"Shop","item":"https:\/\/easyoriginal.com\/shop\/"},{"@type":"ListItem","position":3,"name":"Animal Farm \/ Farm der Tiere &#8211; Teil 2"}]},{"@type":"WebSite","@id":"https:\/\/easyoriginal.com\/#website","url":"https:\/\/easyoriginal.com\/","name":"EasyOriginal.com","description":"Spa\u00df am Lesen im Original - Innovative Lesemethode f\u00fcr Fremdsprachen","publisher":{"@id":"https:\/\/easyoriginal.com\/#organization"},"potentialAction":[{"@type":"SearchAction","target":{"@type":"EntryPoint","urlTemplate":"https:\/\/easyoriginal.com\/?s={search_term_string}"},"query-input":{"@type":"PropertyValueSpecification","valueRequired":true,"valueName":"search_term_string"}}],"inLanguage":"en-GB"},{"@type":"Organization","@id":"https:\/\/easyoriginal.com\/#organization","name":"EasyOriginal Verlag","url":"https:\/\/easyoriginal.com\/","logo":{"@type":"ImageObject","inLanguage":"en-GB","@id":"https:\/\/easyoriginal.com\/#\/schema\/logo\/image\/","url":"https:\/\/easyoriginal.com\/wp-content\/uploads\/2020\/08\/logo_main.png","contentUrl":"https:\/\/easyoriginal.com\/wp-content\/uploads\/2020\/08\/logo_main.png","width":500,"height":103,"caption":"EasyOriginal Verlag"},"image":{"@id":"https:\/\/easyoriginal.com\/#\/schema\/logo\/image\/"}}]}},"_links":{"self":[{"href":"https:\/\/easyoriginal.com\/en\/wp-json\/wp\/v2\/product\/10711","targetHints":{"allow":["GET"]}}],"collection":[{"href":"https:\/\/easyoriginal.com\/en\/wp-json\/wp\/v2\/product"}],"about":[{"href":"https:\/\/easyoriginal.com\/en\/wp-json\/wp\/v2\/types\/product"}],"replies":[{"embeddable":true,"href":"https:\/\/easyoriginal.com\/en\/wp-json\/wp\/v2\/comments?post=10711"}],"wp:featuredmedia":[{"embeddable":true,"href":"https:\/\/easyoriginal.com\/en\/wp-json\/wp\/v2\/media\/15189"}],"wp:attachment":[{"href":"https:\/\/easyoriginal.com\/en\/wp-json\/wp\/v2\/media?parent=10711"}],"wp:term":[{"taxonomy":"product_brand","embeddable":true,"href":"https:\/\/easyoriginal.com\/en\/wp-json\/wp\/v2\/product_brand?post=10711"},{"taxonomy":"product_cat","embeddable":true,"href":"https:\/\/easyoriginal.com\/en\/wp-json\/wp\/v2\/product_cat?post=10711"},{"taxonomy":"product_tag","embeddable":true,"href":"https:\/\/easyoriginal.com\/en\/wp-json\/wp\/v2\/product_tag?post=10711"}],"curies":[{"name":"wp","href":"https:\/\/api.w.org\/{rel}","templated":true}]}}