{"id":10574,"date":"2022-10-16T22:21:13","date_gmt":"2022-10-16T20:21:13","guid":{"rendered":"https:\/\/easyoriginal.com\/?post_type=product&#038;p=10574"},"modified":"2024-04-16T12:31:16","modified_gmt":"2024-04-16T10:31:16","slug":"13-spanish-books","status":"publish","type":"product","link":"https:\/\/easyoriginal.com\/en\/shop\/spanisch-englisch-bundle\/13-spanish-books\/","title":{"rendered":"13 spanish books"},"content":{"rendered":"<div class=\"adapted-container\">\n<p class=\"Adapted\"><span class=\"Bold\">Hace ya siglos <\/span><span class=\"Translation\">(<\/span><span class=\"Translation\"><span class=\"No-Break\">\/i<\/span><\/span><span class=\"Translation\">t was<\/span><span class=\"Translation\"><span class=\"No-Break\">\/ <\/span><\/span><span class=\"Translation\">centuries ago now)<\/span><span class=\"Bold\"> que en una gran ciudad <\/span><span class=\"Translation\">(that in a big city)<\/span><span class=\"Bold\">, capital de un reino <\/span><span class=\"Translation\">(the capital of the kingdom)<\/span><span class=\"Bold\">, cuyo nombre no importa saber <\/span><span class=\"Translation\">(whose name is not important to know)<\/span><span class=\"Bold\">, viv\u00eda una pobre y honrada viuda <\/span><span class=\"Translation\">(<\/span><span class=\"Translation\"><span class=\"No-Break\">\/t<\/span><\/span><span class=\"Translation\">here<\/span><span class=\"Translation\"><span class=\"No-Break\">\/ <\/span><\/span><span class=\"Translation\">lived a poor and honest widow)<\/span><span class=\"Bold\"> que ten\u00eda una hija de quince abriles <\/span><span class=\"Translation\">(who had a fifteen-year-old daughter: &quot;a daughter of fifteen Aprils&quot;)<\/span><span class=\"Bold\">, hermosa como un sol <\/span><span class=\"Translation\">(beautiful as a sun)<\/span><span class=\"Bold\"> y c\u00e1ndida como una paloma <\/span><span class=\"Translation\">(and innocent as a dov<\/span><span class=\"Translation\"><span class=\"No-Break\">e;<\/span><\/span><span class=\"Translation\"> <\/span><span class=\"Translation\"><span class=\"Comment-Words\">c\u00e1ndido<\/span><\/span><span class=\"Translation\"><span class=\"No-Break\"><span class=\"Comments\"> \u2014<\/span><\/span><\/span><span class=\"Translation\"><span class=\"Comments\"> innocen<\/span><\/span><span class=\"Translation\"><span class=\"No-Break\"><span class=\"Comments\">t;<\/span><\/span><\/span><span class=\"Translation\"><span class=\"Comments\"> simpl<\/span><\/span><span class=\"Translation\"><span class=\"No-Break\"><span class=\"Comments\">e;<\/span><\/span><\/span><span class=\"Translation\"><span class=\"Comments\"> snow-white<\/span><\/span><span class=\"Translation\">)<\/span><span class=\"Bold\">.<\/span><\/p>\n<p class=\"Adapted\"><span class=\"Bold\">La excelente madre se miraba en ella como en un espejo <\/span><span class=\"Translation\">(the excellent mother looked upon her as if in a mirror)<\/span><span class=\"Bold\">, y en su inocencia y beldad juzgaba poseer una joya riqu\u00edsima <\/span><span class=\"Translation\">(and in her innocence and beauty she thought she possessed the most splendid jewe<\/span><span class=\"Translation\"><span class=\"No-Break\">l;<\/span><\/span><span class=\"Translation\"> <\/span><span class=\"Translation\"><span class=\"Comment-Words\">juzgar<\/span><\/span><span class=\"Translation\"><span class=\"No-Break\"><span class=\"Comments\"> \u2014<\/span><\/span><\/span><span class=\"Translation\"><span class=\"Comments\"> to judg<\/span><\/span><span class=\"Translation\"><span class=\"No-Break\"><span class=\"Comments\">e;<\/span><\/span><\/span><span class=\"Translation\"><span class=\"Comments\"> thin<\/span><\/span><span class=\"Translation\"><span class=\"No-Break\"><span class=\"Comments\">k;<\/span><\/span><\/span><span class=\"Translation\"><span class=\"Comments\"> conside<\/span><\/span><span class=\"Translation\"><span class=\"No-Break\"><span class=\"Comments\">r;<\/span><\/span><\/span><span class=\"Translation\"><span class=\"Comments\"> <\/span><\/span><span class=\"Translation\"><span class=\"Comment-Words\">rico<\/span><\/span><span class=\"Translation\"><span class=\"No-Break\"><span class=\"Comments\"> \u2014<\/span><\/span><\/span><span class=\"Translation\"><span class=\"Comments\"> ric<\/span><\/span><span class=\"Translation\"><span class=\"No-Break\"><span class=\"Comments\">h;<\/span><\/span><\/span><span class=\"Translation\"><span class=\"Comments\"> splendid<\/span><\/span><span class=\"Translation\">)<\/span><span class=\"Bold\"> que no hubiera trocado por todos los tesoros del mundo <\/span><span class=\"Translation\">(that she would not have traded for all the treasures of the worl<\/span><span class=\"Translation\"><span class=\"No-Break\">d;<\/span><\/span><span class=\"Translation\"> <\/span><span class=\"Translation\"><span class=\"Comment-Words\">trocar<\/span><\/span><span class=\"Translation\"><span class=\"No-Break\"><span class=\"Comments\"> \u2014<\/span><\/span><\/span><span class=\"Translation\"><span class=\"Comments\"> to barte<\/span><\/span><span class=\"Translation\"><span class=\"No-Break\"><span class=\"Comments\">r;<\/span><\/span><\/span><span class=\"Translation\"><span class=\"Comments\"> trade<\/span><\/span><span class=\"Translation\">)<\/span><span class=\"Bold\">.<\/span><\/p>\n<\/div>\n<audio class=\"wp-audio-shortcode\" id=\"audio-10574-1\" preload=\"none\" style=\"width: 100%;\" controls=\"controls\"><source type=\"audio\/mpeg\" src=\"https:\/\/easyoriginal1.s3.eu-central-1.amazonaws.com\/spanisch\/s14\/1.mp3?_=1\" \/><a href=\"https:\/\/easyoriginal1.s3.eu-central-1.amazonaws.com\/spanisch\/s14\/1.mp3\">https:\/\/easyoriginal1.s3.eu-central-1.amazonaws.com\/spanisch\/s14\/1.mp3<\/a><\/audio>\n<div class=\"original-container\">\n<p class=\"Original\" lang=\"es-ES\">Hace ya siglos que en una gran ciudad, capital de un reino, cuyo nombre no importa saber, viv\u00eda una pobre y honrada viuda que ten\u00eda una hija de quince abriles, hermosa como un sol y c\u00e1ndida como una paloma.<\/p>\n<p class=\"Original\" lang=\"es-ES\">La excelente madre se miraba en ella como en un espejo, y en su inocencia y beldad juzgaba poseer una joya riqu\u00edsima que no hubiera trocado por todos los tesoros del mundo.<\/p>\n<\/div>","protected":false},"excerpt":{"rendered":"<p>13 spanish books:<\/p>\n<ul>\n<li><a href=\"https:\/\/easyoriginal.com\/en\/shop\/spanisch-englisch\/la-ajorca-de-oro-the-golden-bracelet\/\">La ajorca de oro \/ The Golden Bracelet<\/a><\/li>\n<li><a href=\"https:\/\/easyoriginal.com\/en\/shop\/spanisch-englisch\/el-monte-de-las-animas-the-mountain-of-souls\/\">El Monte de las \u00c1nimas \/ The Mountain of Souls<\/a><\/li>\n<li><a href=\"https:\/\/easyoriginal.com\/en\/shop\/spanisch-englisch\/el-miserere-the-miserere\/\">El Miserere \/ The Miserere<\/a><\/li>\n<li><a href=\"https:\/\/easyoriginal.com\/en\/shop\/spanisch-englisch\/el-rayo-de-luna-the-moonbeam\/\">El rayo de luna \/ The Moonbeam<\/a><\/li>\n<li><a href=\"https:\/\/easyoriginal.com\/en\/shop\/spanisch-englisch\/la-dama-del-lago-the-lady-of-the-lake\/\">La Dama del Lago \/ The Lady of the Lake<\/a><\/li>\n<li><a href=\"https:\/\/easyoriginal.com\/en\/shop\/spanisch-englisch\/la-gaita-maravillosa-the-magic-bagpipes\/\">La gaita maravillosa \/ The Magic Bagpipes<\/a><\/li>\n<li><a href=\"https:\/\/easyoriginal.com\/en\/shop\/spanisch-englisch\/el-castillo-de-iras-y-no-volveras-the-castle-of-you-will-go-and-not-return\/\">El \u00abCastillo de Ir\u00e1s y No Volver\u00e1s\u00bb \/ The Castle of \u2018You-will-go-and-not-return\u2019<\/a><\/li>\n<li><a href=\"https:\/\/easyoriginal.com\/en\/shop\/spanisch-englisch\/el-pandero-de-piel-de-piojo-the-louse-skin-tambourine\/\">El pandero de piel de piojo \/ The Louse-Skin Tambourine<\/a><\/li>\n<li><a href=\"https:\/\/easyoriginal.com\/en\/shop\/spanisch-englisch\/los-zapatos-de-hierro-the-iron-shoes\/\">Los zapatos de hierro \/ The Iron Shoes<\/a><\/li>\n<li><a href=\"https:\/\/easyoriginal.com\/en\/shop\/spanisch-englisch\/el-principe-tomasito-y-san-jose-prince-tomasito-and-saint-joseph\/\">El pr\u00edncipe Tomasito y San Jos\u00e9 \/ Prince Tomasito and Saint Joseph<\/a><\/li>\n<li><a href=\"https:\/\/easyoriginal.com\/en\/shop\/spanisch-englisch\/la-munequita-the-little-doll\/\">La mu\u00f1equita \/ The Little Doll<\/a><\/li>\n<li><a href=\"https:\/\/easyoriginal.com\/en\/shop\/spanisch-englisch\/los-caballeros-del-pez-the-knights-of-the-fish\/\">Los caballeros del pez \/ The Knights of the Fish<\/a><\/li>\n<li><a href=\"https:\/\/easyoriginal.com\/en\/shop\/spanisch-englisch\/la-casa-quemada-the-burned-house\/\">La casa quemada \/ The Burned House<\/a><\/li>\n<\/ul>","protected":false},"featured_media":10653,"comment_status":"open","ping_status":"closed","template":"","meta":{"_acf_changed":false,"_et_pb_use_builder":"off","_et_pb_old_content":"<div class=\"adapted-container\">\r\n<p class=\"Adapted\"><span class=\"Bold\">Hace mucho tiempo que ten\u00eda ganas de escribir <\/span><span class=\"Translation\">(seit langer Zeit hatte ich Lust zu schreiben; <\/span><span class=\"Translation\"><span class=\"Comment-Words\">tener<\/span><\/span><span class=\"Translation\"><span class=\"Comments\"> \u2014 haben<\/span><\/span><span class=\"Translation\">)<\/span><span class=\"Bold\"> cualquier cosa con este t\u00edtulo <\/span><span class=\"Translation\">(irgendetwas mit diesem Titel)<\/span><span class=\"Bold\">.<\/span><\/p>\r\n<p class=\"Adapted\"><span class=\"Bold\">Hoy<a id=\"_idTextAnchor001\"><\/a>, que se me ha presentado ocasi\u00f3n <\/span><span class=\"Translation\">(heute, wo sich mir \/eine\/ Gelegenheit geboten hat; <\/span><span class=\"Translation\"><span class=\"Comment-Words\">presentar<\/span><\/span><span class=\"Translation\"><span class=\"Comments\"> \u2014 zeigen; vorstellen<\/span><\/span><span class=\"Translation\">)<\/span><span class=\"Bold\">, lo he puesto con letras grandes <\/span><span class=\"Translation\">(das habe ich in gro\u00dfen Buchstaben gesetzt = habe ich es in Gro\u00dfbuchstaben gesetzt; <\/span><span class=\"Translation\"><span class=\"Comment-Words\">poner<\/span><\/span><span class=\"Translation\"><span class=\"Comments\"> \u2014 setzen; stellen; legen<\/span><\/span><span class=\"Translation\">)<\/span><span class=\"Bold\"> en la primera cuartilla de papel <\/span><span class=\"Translation\">(auf das erste Blatt: \u00abauf das erste Viertelpapier\u00bb; <\/span><span class=\"Translation\"><span class=\"Comment-Words\">cuarto<\/span><\/span><span class=\"Translation\"><span class=\"Gender _idGenCharOverride-1\">m <\/span><\/span><span class=\"Translation\"><span class=\"Comments\">\u2014 Viertel<\/span><\/span><span class=\"Translation\">)<\/span><span class=\"Bold\">, y luego he dejado a capricho volar la pluma <\/span><span class=\"Translation\">(und dann habe ich nach Belieben die Feder fliegen lassen; <\/span><span class=\"Translation\"><span class=\"Comment-Words\">dejar<\/span><\/span><span class=\"Translation\"><span class=\"Comments\"> \u2014 lassen; <\/span><\/span><span class=\"Translation\"><span class=\"Comment-Words\">capricho<\/span><\/span><span class=\"Translation\"><span class=\"Gender _idGenCharOverride-1\">m <\/span><\/span><span class=\"Translation\"><span class=\"Comments\">\u2014 Laune<\/span><\/span><span class=\"Translation\">)<\/span><span class=\"Bold\">.<\/span><\/p>\r\n\r\n<\/div>\r\n[audio mp3=\"https:\/\/easyoriginal1.s3.eu-central-1.amazonaws.com\/spanisch\/s1\/1.mp3\"][\/audio]\r\n<div class=\"original-container\">\r\n<p class=\"Original\">Hace mucho tiempo que ten\u00eda ganas de escribir cualquier cosa con este t\u00edtulo.<\/p>\r\n<p class=\"Original\">Hoy, que se me ha presentado ocasi\u00f3n, lo he puesto con letras grandes en la primera cuartilla de papel, y luego he dejado a capricho volar la pluma.<\/p>\r\n\r\n<\/div>\r\n<a class=\"weiter\" href=\"\/webreader\/los-ojos-verdes\/fragment\/1-4-2\/\">weiter lesen<\/a>","_et_gb_content_width":""},"product_brand":[],"product_cat":[203],"product_tag":[],"class_list":{"0":"post-10574","1":"product","2":"type-product","3":"status-publish","4":"has-post-thumbnail","6":"product_cat-spanisch-englisch-bundle","8":"first","9":"instock","10":"sale","11":"taxable","12":"shipping-taxable","13":"purchasable","14":"product-type-variable"},"acf":[],"yoast_head":"<!-- This site is optimized with the Yoast SEO plugin v27.3 - https:\/\/yoast.com\/product\/yoast-seo-wordpress\/ -->\n<title>13 spanish books - EasyOriginal.com<\/title>\n<meta name=\"robots\" content=\"index, follow, max-snippet:-1, max-image-preview:large, max-video-preview:-1\" \/>\n<link rel=\"canonical\" href=\"https:\/\/easyoriginal.com\/en\/shop\/spanisch-englisch-bundle\/13-spanish-books\/\" \/>\n<meta property=\"og:locale\" content=\"en_GB\" \/>\n<meta property=\"og:type\" content=\"article\" \/>\n<meta property=\"og:title\" content=\"13 spanish books - EasyOriginal.com\" \/>\n<meta property=\"og:description\" content=\"13 spanish books:   La ajorca de oro \/ The Golden Bracelet  El Monte de las \u00c1nimas \/ The Mountain of Souls  El Miserere \/ The Miserere  El rayo de luna \/ The Moonbeam  La Dama del Lago \/ The Lady of the Lake  La gaita maravillosa \/ The Magic Bagpipes  El \u00abCastillo de Ir\u00e1s y No Volver\u00e1s\u00bb \/ The Castle of \u2018You-will-go-and-not-return\u2019  El pandero de piel de piojo \/ The Louse-Skin Tambourine  Los zapatos de hierro \/ The Iron Shoes  El pr\u00edncipe Tomasito y San Jos\u00e9 \/ Prince Tomasito and Saint Joseph  La mu\u00f1equita \/ The Little Doll  Los caballeros del pez \/ The Knights of the Fish  La casa quemada \/ The Burned House\" \/>\n<meta property=\"og:url\" content=\"https:\/\/easyoriginal.com\/en\/shop\/spanisch-englisch-bundle\/13-spanish-books\/\" \/>\n<meta property=\"og:site_name\" content=\"EasyOriginal.com\" \/>\n<meta property=\"article:modified_time\" content=\"2024-04-16T10:31:16+00:00\" \/>\n<meta property=\"og:image\" content=\"https:\/\/easyoriginal.com\/wp-content\/uploads\/13_bundle_en.jpg\" \/>\n\t<meta property=\"og:image:width\" content=\"1080\" \/>\n\t<meta property=\"og:image:height\" content=\"1080\" \/>\n\t<meta property=\"og:image:type\" content=\"image\/jpeg\" \/>\n<meta name=\"twitter:card\" content=\"summary_large_image\" \/>\n<meta name=\"twitter:label1\" content=\"Estimated reading time\" \/>\n\t<meta name=\"twitter:data1\" content=\"2 minutes\" \/>\n<script type=\"application\/ld+json\" class=\"yoast-schema-graph\">{\"@context\":\"https:\\\/\\\/schema.org\",\"@graph\":[{\"@type\":\"WebPage\",\"@id\":\"https:\\\/\\\/easyoriginal.com\\\/shop\\\/spanisch-englisch-bundle\\\/13-spanish-books\\\/\",\"url\":\"https:\\\/\\\/easyoriginal.com\\\/shop\\\/spanisch-englisch-bundle\\\/13-spanish-books\\\/\",\"name\":\"13 spanish books - EasyOriginal.com\",\"isPartOf\":{\"@id\":\"https:\\\/\\\/easyoriginal.com\\\/#website\"},\"primaryImageOfPage\":{\"@id\":\"https:\\\/\\\/easyoriginal.com\\\/shop\\\/spanisch-englisch-bundle\\\/13-spanish-books\\\/#primaryimage\"},\"image\":{\"@id\":\"https:\\\/\\\/easyoriginal.com\\\/shop\\\/spanisch-englisch-bundle\\\/13-spanish-books\\\/#primaryimage\"},\"thumbnailUrl\":\"https:\\\/\\\/easyoriginal.com\\\/wp-content\\\/uploads\\\/13_bundle_en.jpg\",\"datePublished\":\"2022-10-16T20:21:13+00:00\",\"dateModified\":\"2024-04-16T10:31:16+00:00\",\"breadcrumb\":{\"@id\":\"https:\\\/\\\/easyoriginal.com\\\/shop\\\/spanisch-englisch-bundle\\\/13-spanish-books\\\/#breadcrumb\"},\"inLanguage\":\"en-GB\",\"potentialAction\":[{\"@type\":\"ReadAction\",\"target\":[\"https:\\\/\\\/easyoriginal.com\\\/shop\\\/spanisch-englisch-bundle\\\/13-spanish-books\\\/\"]}]},{\"@type\":\"ImageObject\",\"inLanguage\":\"en-GB\",\"@id\":\"https:\\\/\\\/easyoriginal.com\\\/shop\\\/spanisch-englisch-bundle\\\/13-spanish-books\\\/#primaryimage\",\"url\":\"https:\\\/\\\/easyoriginal.com\\\/wp-content\\\/uploads\\\/13_bundle_en.jpg\",\"contentUrl\":\"https:\\\/\\\/easyoriginal.com\\\/wp-content\\\/uploads\\\/13_bundle_en.jpg\",\"width\":1080,\"height\":1080},{\"@type\":\"BreadcrumbList\",\"@id\":\"https:\\\/\\\/easyoriginal.com\\\/shop\\\/spanisch-englisch-bundle\\\/13-spanish-books\\\/#breadcrumb\",\"itemListElement\":[{\"@type\":\"ListItem\",\"position\":1,\"name\":\"Startseite\",\"item\":\"https:\\\/\\\/easyoriginal.com\\\/\"},{\"@type\":\"ListItem\",\"position\":2,\"name\":\"Shop\",\"item\":\"https:\\\/\\\/easyoriginal.com\\\/shop\\\/\"},{\"@type\":\"ListItem\",\"position\":3,\"name\":\"13 spanish books\"}]},{\"@type\":\"WebSite\",\"@id\":\"https:\\\/\\\/easyoriginal.com\\\/#website\",\"url\":\"https:\\\/\\\/easyoriginal.com\\\/\",\"name\":\"EasyOriginal.com\",\"description\":\"Spa\u00df am Lesen im Original - Innovative Lesemethode f\u00fcr Fremdsprachen\",\"publisher\":{\"@id\":\"https:\\\/\\\/easyoriginal.com\\\/#organization\"},\"potentialAction\":[{\"@type\":\"SearchAction\",\"target\":{\"@type\":\"EntryPoint\",\"urlTemplate\":\"https:\\\/\\\/easyoriginal.com\\\/?s={search_term_string}\"},\"query-input\":{\"@type\":\"PropertyValueSpecification\",\"valueRequired\":true,\"valueName\":\"search_term_string\"}}],\"inLanguage\":\"en-GB\"},{\"@type\":\"Organization\",\"@id\":\"https:\\\/\\\/easyoriginal.com\\\/#organization\",\"name\":\"EasyOriginal Verlag\",\"url\":\"https:\\\/\\\/easyoriginal.com\\\/\",\"logo\":{\"@type\":\"ImageObject\",\"inLanguage\":\"en-GB\",\"@id\":\"https:\\\/\\\/easyoriginal.com\\\/#\\\/schema\\\/logo\\\/image\\\/\",\"url\":\"https:\\\/\\\/easyoriginal.com\\\/wp-content\\\/uploads\\\/2020\\\/08\\\/logo_main.png\",\"contentUrl\":\"https:\\\/\\\/easyoriginal.com\\\/wp-content\\\/uploads\\\/2020\\\/08\\\/logo_main.png\",\"width\":500,\"height\":103,\"caption\":\"EasyOriginal Verlag\"},\"image\":{\"@id\":\"https:\\\/\\\/easyoriginal.com\\\/#\\\/schema\\\/logo\\\/image\\\/\"}}]}<\/script>\n<!-- \/ Yoast SEO plugin. -->","yoast_head_json":{"title":"13 spanish books - EasyOriginal.com","robots":{"index":"index","follow":"follow","max-snippet":"max-snippet:-1","max-image-preview":"max-image-preview:large","max-video-preview":"max-video-preview:-1"},"canonical":"https:\/\/easyoriginal.com\/en\/shop\/spanisch-englisch-bundle\/13-spanish-books\/","og_locale":"en_GB","og_type":"article","og_title":"13 spanish books - EasyOriginal.com","og_description":"13 spanish books:   La ajorca de oro \/ The Golden Bracelet  El Monte de las \u00c1nimas \/ The Mountain of Souls  El Miserere \/ The Miserere  El rayo de luna \/ The Moonbeam  La Dama del Lago \/ The Lady of the Lake  La gaita maravillosa \/ The Magic Bagpipes  El \u00abCastillo de Ir\u00e1s y No Volver\u00e1s\u00bb \/ The Castle of \u2018You-will-go-and-not-return\u2019  El pandero de piel de piojo \/ The Louse-Skin Tambourine  Los zapatos de hierro \/ The Iron Shoes  El pr\u00edncipe Tomasito y San Jos\u00e9 \/ Prince Tomasito and Saint Joseph  La mu\u00f1equita \/ The Little Doll  Los caballeros del pez \/ The Knights of the Fish  La casa quemada \/ The Burned House","og_url":"https:\/\/easyoriginal.com\/en\/shop\/spanisch-englisch-bundle\/13-spanish-books\/","og_site_name":"EasyOriginal.com","article_modified_time":"2024-04-16T10:31:16+00:00","og_image":[{"width":1080,"height":1080,"url":"https:\/\/easyoriginal.com\/wp-content\/uploads\/13_bundle_en.jpg","type":"image\/jpeg"}],"twitter_card":"summary_large_image","twitter_misc":{"Estimated reading time":"2 minutes"},"schema":{"@context":"https:\/\/schema.org","@graph":[{"@type":"WebPage","@id":"https:\/\/easyoriginal.com\/shop\/spanisch-englisch-bundle\/13-spanish-books\/","url":"https:\/\/easyoriginal.com\/shop\/spanisch-englisch-bundle\/13-spanish-books\/","name":"13 spanish books - EasyOriginal.com","isPartOf":{"@id":"https:\/\/easyoriginal.com\/#website"},"primaryImageOfPage":{"@id":"https:\/\/easyoriginal.com\/shop\/spanisch-englisch-bundle\/13-spanish-books\/#primaryimage"},"image":{"@id":"https:\/\/easyoriginal.com\/shop\/spanisch-englisch-bundle\/13-spanish-books\/#primaryimage"},"thumbnailUrl":"https:\/\/easyoriginal.com\/wp-content\/uploads\/13_bundle_en.jpg","datePublished":"2022-10-16T20:21:13+00:00","dateModified":"2024-04-16T10:31:16+00:00","breadcrumb":{"@id":"https:\/\/easyoriginal.com\/shop\/spanisch-englisch-bundle\/13-spanish-books\/#breadcrumb"},"inLanguage":"en-GB","potentialAction":[{"@type":"ReadAction","target":["https:\/\/easyoriginal.com\/shop\/spanisch-englisch-bundle\/13-spanish-books\/"]}]},{"@type":"ImageObject","inLanguage":"en-GB","@id":"https:\/\/easyoriginal.com\/shop\/spanisch-englisch-bundle\/13-spanish-books\/#primaryimage","url":"https:\/\/easyoriginal.com\/wp-content\/uploads\/13_bundle_en.jpg","contentUrl":"https:\/\/easyoriginal.com\/wp-content\/uploads\/13_bundle_en.jpg","width":1080,"height":1080},{"@type":"BreadcrumbList","@id":"https:\/\/easyoriginal.com\/shop\/spanisch-englisch-bundle\/13-spanish-books\/#breadcrumb","itemListElement":[{"@type":"ListItem","position":1,"name":"Startseite","item":"https:\/\/easyoriginal.com\/"},{"@type":"ListItem","position":2,"name":"Shop","item":"https:\/\/easyoriginal.com\/shop\/"},{"@type":"ListItem","position":3,"name":"13 spanish books"}]},{"@type":"WebSite","@id":"https:\/\/easyoriginal.com\/#website","url":"https:\/\/easyoriginal.com\/","name":"EasyOriginal.com","description":"Spa\u00df am Lesen im Original - Innovative Lesemethode f\u00fcr Fremdsprachen","publisher":{"@id":"https:\/\/easyoriginal.com\/#organization"},"potentialAction":[{"@type":"SearchAction","target":{"@type":"EntryPoint","urlTemplate":"https:\/\/easyoriginal.com\/?s={search_term_string}"},"query-input":{"@type":"PropertyValueSpecification","valueRequired":true,"valueName":"search_term_string"}}],"inLanguage":"en-GB"},{"@type":"Organization","@id":"https:\/\/easyoriginal.com\/#organization","name":"EasyOriginal Verlag","url":"https:\/\/easyoriginal.com\/","logo":{"@type":"ImageObject","inLanguage":"en-GB","@id":"https:\/\/easyoriginal.com\/#\/schema\/logo\/image\/","url":"https:\/\/easyoriginal.com\/wp-content\/uploads\/2020\/08\/logo_main.png","contentUrl":"https:\/\/easyoriginal.com\/wp-content\/uploads\/2020\/08\/logo_main.png","width":500,"height":103,"caption":"EasyOriginal Verlag"},"image":{"@id":"https:\/\/easyoriginal.com\/#\/schema\/logo\/image\/"}}]}},"_links":{"self":[{"href":"https:\/\/easyoriginal.com\/en\/wp-json\/wp\/v2\/product\/10574","targetHints":{"allow":["GET"]}}],"collection":[{"href":"https:\/\/easyoriginal.com\/en\/wp-json\/wp\/v2\/product"}],"about":[{"href":"https:\/\/easyoriginal.com\/en\/wp-json\/wp\/v2\/types\/product"}],"replies":[{"embeddable":true,"href":"https:\/\/easyoriginal.com\/en\/wp-json\/wp\/v2\/comments?post=10574"}],"wp:featuredmedia":[{"embeddable":true,"href":"https:\/\/easyoriginal.com\/en\/wp-json\/wp\/v2\/media\/10653"}],"wp:attachment":[{"href":"https:\/\/easyoriginal.com\/en\/wp-json\/wp\/v2\/media?parent=10574"}],"wp:term":[{"taxonomy":"product_brand","embeddable":true,"href":"https:\/\/easyoriginal.com\/en\/wp-json\/wp\/v2\/product_brand?post=10574"},{"taxonomy":"product_cat","embeddable":true,"href":"https:\/\/easyoriginal.com\/en\/wp-json\/wp\/v2\/product_cat?post=10574"},{"taxonomy":"product_tag","embeddable":true,"href":"https:\/\/easyoriginal.com\/en\/wp-json\/wp\/v2\/product_tag?post=10574"}],"curies":[{"name":"wp","href":"https:\/\/api.w.org\/{rel}","templated":true}]}}