{"id":10561,"date":"2022-10-16T22:03:25","date_gmt":"2022-10-16T20:03:25","guid":{"rendered":"https:\/\/easyoriginal.com\/?post_type=product&#038;p=10561"},"modified":"2024-04-16T12:28:29","modified_gmt":"2024-04-16T10:28:29","slug":"gustavo-adolfo-becquer-collection","status":"publish","type":"product","link":"https:\/\/easyoriginal.com\/en\/shop\/spanisch-englisch-bundle\/gustavo-adolfo-becquer-collection\/","title":{"rendered":"Gustavo Adolfo B\u00e9cquer Collection"},"content":{"rendered":"<div class=\"adapted-container\">\n<p class=\"Adapted\"><span class=\"Bold CharOverride-1\">El Monte de las \u00c1nimas<\/span><\/p>\n<p class=\"Adapted\"><span class=\"Translation CharOverride-1\">(The Mountain of Soul<\/span><span class=\"No-Break\"><span class=\"Translation CharOverride-1\">s;<\/span><\/span><span class=\"Translation\"><span class=\"Bold CharOverride-1\"> <\/span><\/span><span class=\"Translation\"><span class=\"Comment-Words CharOverride-1\">monte<\/span><\/span><span class=\"Translation\"><span class=\"Gender CharOverride-2\">m<\/span><\/span><span class=\"Translation\"><span class=\"No-Break\"><span class=\"Comment-Words CharOverride-1\"> <\/span><\/span><\/span><span class=\"Translation\"><span class=\"No-Break\"><span class=\"Comments CharOverride-1\">\u2014<\/span><\/span><\/span><span class=\"Translation\"><span class=\"Comments CharOverride-1\"> hil<\/span><\/span><span class=\"Translation\"><span class=\"No-Break\"><span class=\"Comments CharOverride-1\">l;<\/span><\/span><\/span><span class=\"Translation\"><span class=\"Comments CharOverride-1\"> mountain<\/span><\/span><span class=\"Translation\"><span class=\"Bold CharOverride-1\">)<\/span><\/span><\/p>\n<p class=\"Adapted\"><span class=\"Bold CharOverride-1\">La noche de difuntos <\/span><span class=\"Translation CharOverride-1\">(on the Night of the Dea<\/span><span class=\"No-Break\"><span class=\"Translation CharOverride-1\">d;<\/span><\/span><span class=\"Translation\"><span class=\"Comments CharOverride-1\"> <\/span><\/span><span class=\"Translation\"><span class=\"Comment-Words CharOverride-1\">difunto<\/span><\/span><span class=\"Translation\"><span class=\"Gender CharOverride-2\">m<\/span><\/span><span class=\"Translation\"><span class=\"No-Break\"><span class=\"Comments CharOverride-1\"> \u2014<\/span><\/span><\/span><span class=\"Translation\"><span class=\"Comments CharOverride-1\"> decease<\/span><\/span><span class=\"Translation\"><span class=\"No-Break\"><span class=\"Comments CharOverride-1\">d;<\/span><\/span><\/span><span class=\"Translation\"><span class=\"Comments CharOverride-1\"> <\/span><\/span><span class=\"Translation\"><span class=\"No-Break\"><span class=\"Comments CharOverride-1\">\/i<\/span><\/span><\/span><span class=\"Translation\"><span class=\"Comments CharOverride-1\">n Spain the name of All Souls\u2019 Day<\/span><\/span><span class=\"Translation\"><span class=\"No-Break\"><span class=\"Comments CharOverride-1\">\/<\/span><\/span><\/span><span class=\"No-Break\"><span class=\"Translation CharOverride-1\">)<\/span><\/span><span class=\"Italic CharOverride-1\">, <\/span><span class=\"Bold CharOverride-1\">me despert\u00f3 a no s\u00e9 qu\u00e9 hora <\/span><span class=\"Translation CharOverride-1\">(I was awoken at I do not know what time)<\/span><span class=\"Bold CharOverride-1\"> el doble de las campanas <\/span><span class=\"Translation CharOverride-1\">(<\/span><span class=\"Translation CharOverride-1\">by the tolling of the bell<\/span><span class=\"No-Break\"><span class=\"Translation CharOverride-1\">s;<\/span><\/span><span class=\"Translation\"><span class=\"Comments CharOverride-1\"> <\/span><\/span><span class=\"Translation\"><span class=\"Comment-Words CharOverride-1\">doble<\/span><\/span><span class=\"Translation\"><span class=\"Gender CharOverride-2\">m<\/span><\/span><span class=\"Translation\"><span class=\"No-Break\"><span class=\"Comments CharOverride-1\"> \u2014<\/span><\/span><\/span><span class=\"Translation\"><span class=\"Comments CharOverride-1\"> doubl<\/span><\/span><span class=\"Translation\"><span class=\"No-Break\"><span class=\"Comments CharOverride-1\">e;<\/span><\/span><\/span><span class=\"Translation\"><span class=\"Comments CharOverride-1\"> tolling<\/span><\/span><span class=\"No-Break\"><span class=\"Translation CharOverride-1\">)<\/span><\/span><span class=\"No-Break\"><span class=\"Bold CharOverride-1\">;<\/span><\/span><span class=\"Bold CharOverride-1\"> su ta\u00f1ido mon\u00f3tono y eterno me trajo a las mientes <\/span><span class=\"Translation CharOverride-1\">(their monotonous and eternal ringing brought to min<\/span><span class=\"No-Break\"><span class=\"Translation CharOverride-1\">d;<\/span><\/span><span class=\"Translation CharOverride-1\"> <\/span><span class=\"Translation\"><span class=\"Comment-Words CharOverride-1\">traer<\/span><\/span><span class=\"Translation\"><span class=\"No-Break\"><span class=\"Comments CharOverride-1\"> \u2014<\/span><\/span><\/span><span class=\"Translation\"><span class=\"Comments CharOverride-1\"> to brin<\/span><\/span><span class=\"Translation\"><span class=\"No-Break\"><span class=\"Comments CharOverride-1\">g;<\/span><\/span><\/span><span class=\"Translation\"><span class=\"Comments CharOverride-1\"> wear<\/span><\/span><span class=\"Translation CharOverride-1\">)<\/span><span class=\"Bold CharOverride-1\"> esta tradici\u00f3n que o\u00ed hace poco en Soria <\/span><span class=\"Translation CharOverride-1\">(this tradition that I heard of not long ago in Sori<\/span><span class=\"No-Break\"><span class=\"Translation CharOverride-1\">a;<\/span><\/span><span class=\"Translation CharOverride-1\"> <\/span><span class=\"Translation\"><span class=\"Comment-Words CharOverride-1\">o\u00edr<\/span><\/span><span class=\"Translation\"><span class=\"No-Break\"><span class=\"Comment-Words CharOverride-1\"> <\/span><\/span><\/span><span class=\"Translation\"><span class=\"No-Break\"><span class=\"Comments CharOverride-1\">\u2014<\/span><\/span><\/span><span class=\"Translation\"><span class=\"Comments CharOverride-1\"> to hea<\/span><\/span><span class=\"Translation\"><span class=\"No-Break\"><span class=\"Comments CharOverride-1\">r;<\/span><\/span><\/span><span class=\"Translation\"><span class=\"Comments CharOverride-1\"> listen to<\/span><\/span><span class=\"Translation CharOverride-1\">)<\/span><span class=\"Bold CharOverride-1\">.<\/span><\/p>\n<\/div>\n<audio class=\"wp-audio-shortcode\" id=\"audio-10561-1\" preload=\"none\" style=\"width: 100%;\" controls=\"controls\"><source type=\"audio\/mpeg\" src=\"https:\/\/easyoriginal1.s3.eu-central-1.amazonaws.com\/spanisch\/s4\/1.mp3?_=1\" \/><a href=\"https:\/\/easyoriginal1.s3.eu-central-1.amazonaws.com\/spanisch\/s4\/1.mp3\">https:\/\/easyoriginal1.s3.eu-central-1.amazonaws.com\/spanisch\/s4\/1.mp3<\/a><\/audio>\n<div class=\"original-container\">\n<p class=\"Original\" lang=\"en-US\"><span class=\"CharOverride-1\">La noche de difuntos me despert\u00f3 a no s\u00e9 qu\u00e9 hora el doble de las campanas; su ta\u00f1ido mon\u00f3tono y eterno me trajo a las mientes esta tradici\u00f3n que o\u00ed hace poco en Soria.<\/span><\/p>\n<\/div>","protected":false},"excerpt":{"rendered":"<p>Gustavo Adolfo B\u00e9cquer Collection:<\/p>\n<ul>\n<li><a href=\"https:\/\/easyoriginal.com\/en\/shop\/spanisch-englisch\/la-ajorca-de-oro-the-golden-bracelet\/\">La ajorca de oro \/ The Golden Bracelet<\/a><\/li>\n<li><a href=\"https:\/\/easyoriginal.com\/en\/shop\/spanisch-englisch\/el-monte-de-las-animas-the-mountain-of-souls\/\">El Monte de las \u00c1nimas \/ The Mountain of Souls<\/a><\/li>\n<li><a href=\"https:\/\/easyoriginal.com\/en\/shop\/spanisch-englisch\/el-miserere-the-miserere\/\">El Miserere \/ The Miserere<\/a><\/li>\n<li><a href=\"https:\/\/easyoriginal.com\/en\/shop\/spanisch-englisch\/el-rayo-de-luna-the-moonbeam\/\">El rayo de luna \/ The Moonbeam<\/a><\/li>\n<\/ul>\n<p>&nbsp;<\/p>","protected":false},"featured_media":10651,"comment_status":"open","ping_status":"closed","template":"","meta":{"_acf_changed":false,"_et_pb_use_builder":"off","_et_pb_old_content":"<div class=\"adapted-container\">\r\n<p class=\"Adapted\"><span class=\"Bold\">Hace mucho tiempo que ten\u00eda ganas de escribir <\/span><span class=\"Translation\">(seit langer Zeit hatte ich Lust zu schreiben; <\/span><span class=\"Translation\"><span class=\"Comment-Words\">tener<\/span><\/span><span class=\"Translation\"><span class=\"Comments\"> \u2014 haben<\/span><\/span><span class=\"Translation\">)<\/span><span class=\"Bold\"> cualquier cosa con este t\u00edtulo <\/span><span class=\"Translation\">(irgendetwas mit diesem Titel)<\/span><span class=\"Bold\">.<\/span><\/p>\r\n<p class=\"Adapted\"><span class=\"Bold\">Hoy<a id=\"_idTextAnchor001\"><\/a>, que se me ha presentado ocasi\u00f3n <\/span><span class=\"Translation\">(heute, wo sich mir \/eine\/ Gelegenheit geboten hat; <\/span><span class=\"Translation\"><span class=\"Comment-Words\">presentar<\/span><\/span><span class=\"Translation\"><span class=\"Comments\"> \u2014 zeigen; vorstellen<\/span><\/span><span class=\"Translation\">)<\/span><span class=\"Bold\">, lo he puesto con letras grandes <\/span><span class=\"Translation\">(das habe ich in gro\u00dfen Buchstaben gesetzt = habe ich es in Gro\u00dfbuchstaben gesetzt; <\/span><span class=\"Translation\"><span class=\"Comment-Words\">poner<\/span><\/span><span class=\"Translation\"><span class=\"Comments\"> \u2014 setzen; stellen; legen<\/span><\/span><span class=\"Translation\">)<\/span><span class=\"Bold\"> en la primera cuartilla de papel <\/span><span class=\"Translation\">(auf das erste Blatt: \u00abauf das erste Viertelpapier\u00bb; <\/span><span class=\"Translation\"><span class=\"Comment-Words\">cuarto<\/span><\/span><span class=\"Translation\"><span class=\"Gender _idGenCharOverride-1\">m <\/span><\/span><span class=\"Translation\"><span class=\"Comments\">\u2014 Viertel<\/span><\/span><span class=\"Translation\">)<\/span><span class=\"Bold\">, y luego he dejado a capricho volar la pluma <\/span><span class=\"Translation\">(und dann habe ich nach Belieben die Feder fliegen lassen; <\/span><span class=\"Translation\"><span class=\"Comment-Words\">dejar<\/span><\/span><span class=\"Translation\"><span class=\"Comments\"> \u2014 lassen; <\/span><\/span><span class=\"Translation\"><span class=\"Comment-Words\">capricho<\/span><\/span><span class=\"Translation\"><span class=\"Gender _idGenCharOverride-1\">m <\/span><\/span><span class=\"Translation\"><span class=\"Comments\">\u2014 Laune<\/span><\/span><span class=\"Translation\">)<\/span><span class=\"Bold\">.<\/span><\/p>\r\n\r\n<\/div>\r\n[audio mp3=\"https:\/\/easyoriginal1.s3.eu-central-1.amazonaws.com\/spanisch\/s1\/1.mp3\"][\/audio]\r\n<div class=\"original-container\">\r\n<p class=\"Original\">Hace mucho tiempo que ten\u00eda ganas de escribir cualquier cosa con este t\u00edtulo.<\/p>\r\n<p class=\"Original\">Hoy, que se me ha presentado ocasi\u00f3n, lo he puesto con letras grandes en la primera cuartilla de papel, y luego he dejado a capricho volar la pluma.<\/p>\r\n\r\n<\/div>\r\n<a class=\"weiter\" href=\"\/webreader\/los-ojos-verdes\/fragment\/1-4-2\/\">weiter lesen<\/a>","_et_gb_content_width":""},"product_brand":[],"product_cat":[203],"product_tag":[],"class_list":{"0":"post-10561","1":"product","2":"type-product","3":"status-publish","4":"has-post-thumbnail","6":"product_cat-spanisch-englisch-bundle","8":"first","9":"instock","10":"sale","11":"taxable","12":"shipping-taxable","13":"purchasable","14":"product-type-variable"},"acf":[],"yoast_head":"<!-- This site is optimized with the Yoast SEO plugin v27.3 - https:\/\/yoast.com\/product\/yoast-seo-wordpress\/ -->\n<title>Gustavo Adolfo B\u00e9cquer Collection - EasyOriginal.com<\/title>\n<meta name=\"robots\" content=\"index, follow, max-snippet:-1, max-image-preview:large, max-video-preview:-1\" \/>\n<link rel=\"canonical\" href=\"https:\/\/easyoriginal.com\/en\/shop\/spanisch-englisch-bundle\/gustavo-adolfo-becquer-collection\/\" \/>\n<meta property=\"og:locale\" content=\"en_GB\" \/>\n<meta property=\"og:type\" content=\"article\" \/>\n<meta property=\"og:title\" content=\"Gustavo Adolfo B\u00e9cquer Collection - EasyOriginal.com\" \/>\n<meta property=\"og:description\" content=\"Gustavo Adolfo B\u00e9cquer Collection:   La ajorca de oro \/ The Golden Bracelet  El Monte de las \u00c1nimas \/ The Mountain of Souls  El Miserere \/ The Miserere  El rayo de luna \/ The Moonbeam  &nbsp;\" \/>\n<meta property=\"og:url\" content=\"https:\/\/easyoriginal.com\/en\/shop\/spanisch-englisch-bundle\/gustavo-adolfo-becquer-collection\/\" \/>\n<meta property=\"og:site_name\" content=\"EasyOriginal.com\" \/>\n<meta property=\"article:modified_time\" content=\"2024-04-16T10:28:29+00:00\" \/>\n<meta property=\"og:image\" content=\"https:\/\/easyoriginal.com\/wp-content\/uploads\/becquer_bundle_en.jpg\" \/>\n\t<meta property=\"og:image:width\" content=\"1080\" \/>\n\t<meta property=\"og:image:height\" content=\"1080\" \/>\n\t<meta property=\"og:image:type\" content=\"image\/jpeg\" \/>\n<meta name=\"twitter:card\" content=\"summary_large_image\" \/>\n<meta name=\"twitter:label1\" content=\"Estimated reading time\" \/>\n\t<meta name=\"twitter:data1\" content=\"2 minutes\" \/>\n<script type=\"application\/ld+json\" class=\"yoast-schema-graph\">{\"@context\":\"https:\\\/\\\/schema.org\",\"@graph\":[{\"@type\":\"WebPage\",\"@id\":\"https:\\\/\\\/easyoriginal.com\\\/shop\\\/spanisch-englisch-bundle\\\/gustavo-adolfo-becquer-collection\\\/\",\"url\":\"https:\\\/\\\/easyoriginal.com\\\/shop\\\/spanisch-englisch-bundle\\\/gustavo-adolfo-becquer-collection\\\/\",\"name\":\"Gustavo Adolfo B\u00e9cquer Collection - EasyOriginal.com\",\"isPartOf\":{\"@id\":\"https:\\\/\\\/easyoriginal.com\\\/#website\"},\"primaryImageOfPage\":{\"@id\":\"https:\\\/\\\/easyoriginal.com\\\/shop\\\/spanisch-englisch-bundle\\\/gustavo-adolfo-becquer-collection\\\/#primaryimage\"},\"image\":{\"@id\":\"https:\\\/\\\/easyoriginal.com\\\/shop\\\/spanisch-englisch-bundle\\\/gustavo-adolfo-becquer-collection\\\/#primaryimage\"},\"thumbnailUrl\":\"https:\\\/\\\/easyoriginal.com\\\/wp-content\\\/uploads\\\/becquer_bundle_en.jpg\",\"datePublished\":\"2022-10-16T20:03:25+00:00\",\"dateModified\":\"2024-04-16T10:28:29+00:00\",\"breadcrumb\":{\"@id\":\"https:\\\/\\\/easyoriginal.com\\\/shop\\\/spanisch-englisch-bundle\\\/gustavo-adolfo-becquer-collection\\\/#breadcrumb\"},\"inLanguage\":\"en-GB\",\"potentialAction\":[{\"@type\":\"ReadAction\",\"target\":[\"https:\\\/\\\/easyoriginal.com\\\/shop\\\/spanisch-englisch-bundle\\\/gustavo-adolfo-becquer-collection\\\/\"]}]},{\"@type\":\"ImageObject\",\"inLanguage\":\"en-GB\",\"@id\":\"https:\\\/\\\/easyoriginal.com\\\/shop\\\/spanisch-englisch-bundle\\\/gustavo-adolfo-becquer-collection\\\/#primaryimage\",\"url\":\"https:\\\/\\\/easyoriginal.com\\\/wp-content\\\/uploads\\\/becquer_bundle_en.jpg\",\"contentUrl\":\"https:\\\/\\\/easyoriginal.com\\\/wp-content\\\/uploads\\\/becquer_bundle_en.jpg\",\"width\":1080,\"height\":1080},{\"@type\":\"BreadcrumbList\",\"@id\":\"https:\\\/\\\/easyoriginal.com\\\/shop\\\/spanisch-englisch-bundle\\\/gustavo-adolfo-becquer-collection\\\/#breadcrumb\",\"itemListElement\":[{\"@type\":\"ListItem\",\"position\":1,\"name\":\"Startseite\",\"item\":\"https:\\\/\\\/easyoriginal.com\\\/\"},{\"@type\":\"ListItem\",\"position\":2,\"name\":\"Shop\",\"item\":\"https:\\\/\\\/easyoriginal.com\\\/shop\\\/\"},{\"@type\":\"ListItem\",\"position\":3,\"name\":\"Gustavo Adolfo B\u00e9cquer Collection\"}]},{\"@type\":\"WebSite\",\"@id\":\"https:\\\/\\\/easyoriginal.com\\\/#website\",\"url\":\"https:\\\/\\\/easyoriginal.com\\\/\",\"name\":\"EasyOriginal.com\",\"description\":\"Spa\u00df am Lesen im Original - Innovative Lesemethode f\u00fcr Fremdsprachen\",\"publisher\":{\"@id\":\"https:\\\/\\\/easyoriginal.com\\\/#organization\"},\"potentialAction\":[{\"@type\":\"SearchAction\",\"target\":{\"@type\":\"EntryPoint\",\"urlTemplate\":\"https:\\\/\\\/easyoriginal.com\\\/?s={search_term_string}\"},\"query-input\":{\"@type\":\"PropertyValueSpecification\",\"valueRequired\":true,\"valueName\":\"search_term_string\"}}],\"inLanguage\":\"en-GB\"},{\"@type\":\"Organization\",\"@id\":\"https:\\\/\\\/easyoriginal.com\\\/#organization\",\"name\":\"EasyOriginal Verlag\",\"url\":\"https:\\\/\\\/easyoriginal.com\\\/\",\"logo\":{\"@type\":\"ImageObject\",\"inLanguage\":\"en-GB\",\"@id\":\"https:\\\/\\\/easyoriginal.com\\\/#\\\/schema\\\/logo\\\/image\\\/\",\"url\":\"https:\\\/\\\/easyoriginal.com\\\/wp-content\\\/uploads\\\/2020\\\/08\\\/logo_main.png\",\"contentUrl\":\"https:\\\/\\\/easyoriginal.com\\\/wp-content\\\/uploads\\\/2020\\\/08\\\/logo_main.png\",\"width\":500,\"height\":103,\"caption\":\"EasyOriginal Verlag\"},\"image\":{\"@id\":\"https:\\\/\\\/easyoriginal.com\\\/#\\\/schema\\\/logo\\\/image\\\/\"}}]}<\/script>\n<!-- \/ Yoast SEO plugin. -->","yoast_head_json":{"title":"Gustavo Adolfo B\u00e9cquer Collection - EasyOriginal.com","robots":{"index":"index","follow":"follow","max-snippet":"max-snippet:-1","max-image-preview":"max-image-preview:large","max-video-preview":"max-video-preview:-1"},"canonical":"https:\/\/easyoriginal.com\/en\/shop\/spanisch-englisch-bundle\/gustavo-adolfo-becquer-collection\/","og_locale":"en_GB","og_type":"article","og_title":"Gustavo Adolfo B\u00e9cquer Collection - EasyOriginal.com","og_description":"Gustavo Adolfo B\u00e9cquer Collection:   La ajorca de oro \/ The Golden Bracelet  El Monte de las \u00c1nimas \/ The Mountain of Souls  El Miserere \/ The Miserere  El rayo de luna \/ The Moonbeam  &nbsp;","og_url":"https:\/\/easyoriginal.com\/en\/shop\/spanisch-englisch-bundle\/gustavo-adolfo-becquer-collection\/","og_site_name":"EasyOriginal.com","article_modified_time":"2024-04-16T10:28:29+00:00","og_image":[{"width":1080,"height":1080,"url":"https:\/\/easyoriginal.com\/wp-content\/uploads\/becquer_bundle_en.jpg","type":"image\/jpeg"}],"twitter_card":"summary_large_image","twitter_misc":{"Estimated reading time":"2 minutes"},"schema":{"@context":"https:\/\/schema.org","@graph":[{"@type":"WebPage","@id":"https:\/\/easyoriginal.com\/shop\/spanisch-englisch-bundle\/gustavo-adolfo-becquer-collection\/","url":"https:\/\/easyoriginal.com\/shop\/spanisch-englisch-bundle\/gustavo-adolfo-becquer-collection\/","name":"Gustavo Adolfo B\u00e9cquer Collection - EasyOriginal.com","isPartOf":{"@id":"https:\/\/easyoriginal.com\/#website"},"primaryImageOfPage":{"@id":"https:\/\/easyoriginal.com\/shop\/spanisch-englisch-bundle\/gustavo-adolfo-becquer-collection\/#primaryimage"},"image":{"@id":"https:\/\/easyoriginal.com\/shop\/spanisch-englisch-bundle\/gustavo-adolfo-becquer-collection\/#primaryimage"},"thumbnailUrl":"https:\/\/easyoriginal.com\/wp-content\/uploads\/becquer_bundle_en.jpg","datePublished":"2022-10-16T20:03:25+00:00","dateModified":"2024-04-16T10:28:29+00:00","breadcrumb":{"@id":"https:\/\/easyoriginal.com\/shop\/spanisch-englisch-bundle\/gustavo-adolfo-becquer-collection\/#breadcrumb"},"inLanguage":"en-GB","potentialAction":[{"@type":"ReadAction","target":["https:\/\/easyoriginal.com\/shop\/spanisch-englisch-bundle\/gustavo-adolfo-becquer-collection\/"]}]},{"@type":"ImageObject","inLanguage":"en-GB","@id":"https:\/\/easyoriginal.com\/shop\/spanisch-englisch-bundle\/gustavo-adolfo-becquer-collection\/#primaryimage","url":"https:\/\/easyoriginal.com\/wp-content\/uploads\/becquer_bundle_en.jpg","contentUrl":"https:\/\/easyoriginal.com\/wp-content\/uploads\/becquer_bundle_en.jpg","width":1080,"height":1080},{"@type":"BreadcrumbList","@id":"https:\/\/easyoriginal.com\/shop\/spanisch-englisch-bundle\/gustavo-adolfo-becquer-collection\/#breadcrumb","itemListElement":[{"@type":"ListItem","position":1,"name":"Startseite","item":"https:\/\/easyoriginal.com\/"},{"@type":"ListItem","position":2,"name":"Shop","item":"https:\/\/easyoriginal.com\/shop\/"},{"@type":"ListItem","position":3,"name":"Gustavo Adolfo B\u00e9cquer Collection"}]},{"@type":"WebSite","@id":"https:\/\/easyoriginal.com\/#website","url":"https:\/\/easyoriginal.com\/","name":"EasyOriginal.com","description":"Spa\u00df am Lesen im Original - Innovative Lesemethode f\u00fcr Fremdsprachen","publisher":{"@id":"https:\/\/easyoriginal.com\/#organization"},"potentialAction":[{"@type":"SearchAction","target":{"@type":"EntryPoint","urlTemplate":"https:\/\/easyoriginal.com\/?s={search_term_string}"},"query-input":{"@type":"PropertyValueSpecification","valueRequired":true,"valueName":"search_term_string"}}],"inLanguage":"en-GB"},{"@type":"Organization","@id":"https:\/\/easyoriginal.com\/#organization","name":"EasyOriginal Verlag","url":"https:\/\/easyoriginal.com\/","logo":{"@type":"ImageObject","inLanguage":"en-GB","@id":"https:\/\/easyoriginal.com\/#\/schema\/logo\/image\/","url":"https:\/\/easyoriginal.com\/wp-content\/uploads\/2020\/08\/logo_main.png","contentUrl":"https:\/\/easyoriginal.com\/wp-content\/uploads\/2020\/08\/logo_main.png","width":500,"height":103,"caption":"EasyOriginal Verlag"},"image":{"@id":"https:\/\/easyoriginal.com\/#\/schema\/logo\/image\/"}}]}},"_links":{"self":[{"href":"https:\/\/easyoriginal.com\/en\/wp-json\/wp\/v2\/product\/10561","targetHints":{"allow":["GET"]}}],"collection":[{"href":"https:\/\/easyoriginal.com\/en\/wp-json\/wp\/v2\/product"}],"about":[{"href":"https:\/\/easyoriginal.com\/en\/wp-json\/wp\/v2\/types\/product"}],"replies":[{"embeddable":true,"href":"https:\/\/easyoriginal.com\/en\/wp-json\/wp\/v2\/comments?post=10561"}],"wp:featuredmedia":[{"embeddable":true,"href":"https:\/\/easyoriginal.com\/en\/wp-json\/wp\/v2\/media\/10651"}],"wp:attachment":[{"href":"https:\/\/easyoriginal.com\/en\/wp-json\/wp\/v2\/media?parent=10561"}],"wp:term":[{"taxonomy":"product_brand","embeddable":true,"href":"https:\/\/easyoriginal.com\/en\/wp-json\/wp\/v2\/product_brand?post=10561"},{"taxonomy":"product_cat","embeddable":true,"href":"https:\/\/easyoriginal.com\/en\/wp-json\/wp\/v2\/product_cat?post=10561"},{"taxonomy":"product_tag","embeddable":true,"href":"https:\/\/easyoriginal.com\/en\/wp-json\/wp\/v2\/product_tag?post=10561"}],"curies":[{"name":"wp","href":"https:\/\/api.w.org\/{rel}","templated":true}]}}