{"id":10386,"date":"2022-10-14T18:27:24","date_gmt":"2022-10-14T16:27:24","guid":{"rendered":"https:\/\/easyoriginal.com\/?post_type=product&#038;p=10386"},"modified":"2024-01-04T14:45:40","modified_gmt":"2024-01-04T13:45:40","slug":"emma-teil-3","status":"publish","type":"product","link":"https:\/\/easyoriginal.com\/en\/shop\/englisch-deutsch\/emma-teil-3\/","title":{"rendered":"Emma &#8211; Teil 3"},"content":{"rendered":"<div class=\"adapted-container\">\n<p class=\"Adapted\"><span class=\"Bold\">Some change of countenance was necessary for each gentleman <\/span><span class=\"Translation CharOverride-1\">(etwas Ver\u00e4nderung der Miene war notwendig f\u00fcr jeden Herre<\/span><span class=\"Translation\"><span class=\"No-Break CharOverride-1\">n;<\/span><\/span><span class=\"Translation\"><span class=\"Italic\"> <\/span><\/span><span class=\"Translation\"><span class=\"Italic CharOverride-1\">countenance <\/span><\/span><span class=\"Translation\"><span class=\"Transcription CharOverride-2\">[\u2018kaunt(\u0259)<\/span><\/span><span class=\"Transcription CharOverride-2\">n\u0259n<\/span><span class=\"Translation\"><span class=\"Transcription CharOverride-2\">(t)<\/span><\/span><span class=\"Transcription CharOverride-2\">s<\/span><span class=\"Transcription\"><span class=\"No-Break CharOverride-2\">]<\/span><\/span><span class=\"No-Break CharOverride-1\">;<\/span><span class=\"Italic\"> <\/span><span class=\"Italic CharOverride-1\">necessary <\/span><span class=\"Transcription CharOverride-2\">[\u2018nes\u0259s<\/span><span class=\"Translation\"><span class=\"Transcription CharOverride-2\">(\u0259)<\/span><\/span><span class=\"Transcription CharOverride-2\">r\u026a]<\/span><span class=\"Translation\">)<\/span><span class=\"Bold\"> as they walked into Mrs. Weston\u2019s drawing-room <\/span><span class=\"Translation CharOverride-1\">(als sie in Mrs. Westons Wohnzimmer hineingingen<\/span><span class=\"Translation\"><span class=\"No-Break CharOverride-1\">)<\/span><\/span><span class=\"No-Break\"><span class=\"Bold\">;<\/span><\/span><span class=\"Bold\">&#160;\u2014 Mr. Elton must compose his joyous looks <\/span><span class=\"Translation CharOverride-1\">(Mr. Elton musste seine freudigen Blicke beherrsche<\/span><span class=\"Translation\"><span class=\"No-Break CharOverride-1\">n;<\/span><\/span><span class=\"Translation\"><span class=\"Italic\"> <\/span><\/span><span class=\"Translation\"><span class=\"Italic CharOverride-1\">compose <\/span><\/span><span class=\"Translation\"><span class=\"Transcription CharOverride-2\">[k\u0259m\u2019p\u0259uz]<\/span><\/span><span class=\"Translation CharOverride-1\">)<\/span><span class=\"Bold\">, and Mr. John Knightley disperse his ill-humour <\/span><span class=\"Translation CharOverride-1\">(und Mr. John Knightley seine schlechte Laune zerstreue<\/span><span class=\"Translation\"><span class=\"No-Break CharOverride-1\">n;<\/span><\/span><span class=\"Translation\"><span class=\"Italic\"> <\/span><\/span><span class=\"Translation\"><span class=\"Italic CharOverride-1\">disperse <\/span><\/span><span class=\"Translation\"><span class=\"Transcription CharOverride-2\">[d\u026a\u2019sp\u025c\u02d0s<\/span><\/span><span class=\"Translation\"><span class=\"No-Break CharOverride-2\">]<\/span><\/span><span class=\"Translation\"><span class=\"No-Break\"><span class=\"Italic CharOverride-1\">;<\/span><\/span><\/span><span class=\"Translation\"><span class=\"Italic\"> <\/span><\/span><span class=\"Translation\"><span class=\"Italic CharOverride-1\">humour <\/span><\/span><span class=\"Translation\"><span class=\"Transcription CharOverride-2\">[\u2018hju\u02d0m\u0259]<\/span><\/span><span class=\"Translation CharOverride-1\">)<\/span><span class=\"Bold\">. Mr. Elton must smile less <\/span><span class=\"Translation CharOverride-1\">(Mr. Elton musste weniger l\u00e4cheln)<\/span><span class=\"Bold\">, and Mr. John Knightley more <\/span><span class=\"Translation CharOverride-1\">(und Mr. John Knightley mehr)<\/span><span class=\"Bold\">, to fit them for the place <\/span><span class=\"Translation CharOverride-1\">(um sie dem Ort anzupassen)<\/span><span class=\"Bold\">.&#160;\u2014 Emma only might be as nature prompted<\/span><span class=\"Bold---Super _idGenCharOverride-1\"><span id=\"footnote-002-backlink\"><a class=\"_idFootnoteLink _idGenColorInherit\" href=\"Austen_Emma_Part3_Leseprobe.html#footnote-002\">1<\/a><\/span><\/span><span class=\"Bold\"> <\/span><span class=\"Translation CharOverride-1\">(nur Emma mochte sein, wie die Natur es vorgab)<\/span><span class=\"Bold\">, and shew herself just as happy as she was <\/span><span class=\"Translation CharOverride-1\">(und sich genau so gl\u00fccklich zeigen, wie sie war)<\/span><span class=\"Bold\">. To her it was real enjoyment to be with the Westons <\/span><span class=\"Translation CharOverride-1\">(f\u00fcr sie war es echtes Vergn\u00fcgen bei den Westons zu sei<\/span><span class=\"Translation\"><span class=\"No-Break CharOverride-1\">n;<\/span><\/span><span class=\"Translation\"><span class=\"Italic\"> <\/span><\/span><span class=\"Translation\"><span class=\"Italic CharOverride-1\">enjoyment <\/span><\/span><span class=\"Translation\"><span class=\"Transcription CharOverride-2\">[\u026an\u2019\u02a4\u0254\u026am\u0259nt]<\/span><\/span><span class=\"Translation CharOverride-1\">)<\/span><span class=\"Bold\">.<\/span><\/p>\n<\/div>\n<audio class=\"wp-audio-shortcode\" id=\"audio-10386-1\" preload=\"none\" style=\"width: 100%;\" controls=\"controls\"><source type=\"audio\/mpeg\" src=\"https:\/\/easyoriginal1.s3.eu-central-1.amazonaws.com\/englisch\/e32\/1.mp3?_=1\" \/><a href=\"https:\/\/easyoriginal1.s3.eu-central-1.amazonaws.com\/englisch\/e32\/1.mp3\">https:\/\/easyoriginal1.s3.eu-central-1.amazonaws.com\/englisch\/e32\/1.mp3<\/a><\/audio>\n<div class=\"original-container\">\n<p class=\"Original\" lang=\"en-GB\">Some change of countenance was necessary for each gentleman as they walked into Mrs. Weston\u2019s drawing-room;\u2014Mr. Elton must compose his joyous looks, and Mr. John Knightley disperse his ill-humour. Mr. Elton must smile less, and Mr. John Knightley more, to fit them for the place.\u2014Emma only might be as nature prompted, and shew herself just as happy as she was. To her it was real enjoyment to be with the Westons.<\/p>\n<\/div>\n","protected":false},"excerpt":{"rendered":"<p>&#8222;Emma&#8220; &#8211; Part 3.<br \/>\n&#8222;Emma&#8220; gilt als Meisterwerk der britischen Schriftstellerin Jane Austen und wird zur Weltliteratur gez\u00e4hlt. Mit ihrer Hauptfigur Emma Woodhouse schildert die Autorin den Reifungsprozess einer privilegierten und intelligenten Frau anfangs des 19. Jahrhunderts, die mit ihrer verfehlten Wahrnehmung anderen schadet und schlie\u00dflich ihren Platz in der Gesellschaft finden kann. Eine Besonderheit von &#8222;Emma&#8220; ist die von Jane Austen verwendete Form und Technik.<br \/>\nUngek\u00fcrzter Originaltext. Zweisprachiges Buch Englisch-Deutsch.<\/p>","protected":false},"featured_media":10391,"comment_status":"open","ping_status":"closed","template":"","meta":{"_acf_changed":false,"_et_pb_use_builder":"off","_et_pb_old_content":"<div class=\"adapted-container\">\r\n<p class=\"Adapted\"><span class=\"Bold\">I had called upon my friend, Mr. Sherlock Holmes <\/span><span class=\"Translation\">(ich hatte bei meinem Freund, Mister Sherlock Holmes, vorgesprochen: \u00abappelliert\u00bb)<\/span><span class=\"Bold\">, one day in the autumn of last year <\/span><span class=\"Translation\">(eines Tages im Herbst letzten Jahres;<\/span><span class=\"Translation\"><span class=\"Comments\"> autumn <\/span><\/span><span class=\"Translation\"><span class=\"Transcription\">[\u2018\u0254\u02d0t\u0259m]<\/span><\/span><span class=\"Translation\">)<\/span> <span class=\"Bold\">and found him in deep conversation <\/span><span class=\"Translation\">(und ihn in tiefem Gespr\u00e4ch vorgefunden;<\/span><span class=\"Translation\"><span class=\"Comments\"> conversation <\/span><\/span><span class=\"Translation\"><span class=\"Transcription\">[\u02cck\u0252nv\u0259\u2019se\u026a\u0283\u0259n]<\/span><\/span><span class=\"Translation\">)<\/span> <span class=\"Bold\">with a very stout, florid-faced, elderly gentleman <\/span><span class=\"Translation\">(mit einem \u00e4u\u00dferst st\u00e4mmigen, rotgesichtigen, \u00e4lteren Gentleman;<\/span><span class=\"Translation\"><span class=\"Comments\"> stout <\/span><\/span><span class=\"Translation\"><span class=\"Transcription\">[sta\u028at]<\/span><\/span><span class=\"Translation\"><span class=\"Comments\">; <\/span><\/span><span class=\"Translation\"><span class=\"Comment-Words\">florid<\/span><\/span> <span class=\"Translation\"><span class=\"Transcription\">[\u2018fl\u0252r\u026ad]<\/span><\/span><span class=\"Translation\"><span class=\"Comments\"> \u2014 schw\u00fclstig, ger\u00f6tet<\/span><\/span><span class=\"Translation\">)<\/span><span class=\"Bold\"> with fiery red hair<\/span> <span class=\"Translation\">(mit feuerrotem Haar;<\/span><span class=\"Translation\"><span class=\"Comments\"> fiery <\/span><\/span><span class=\"Translation\"><span class=\"Transcription\">[\u2018fa\u026a\u0259r\u026a]<\/span><\/span><span class=\"Translation\">)<\/span><span class=\"Bold\">. With an apology for my intrusion <\/span><span class=\"Translation\">(mit einer Entschuld<a id=\"_idTextAnchor000\"><\/a>igung f\u00fcr mein Eindringen = mich f\u00fcr mein Eindringen entschuldigend;<\/span><span class=\"Translation\"><span class=\"Comments\"> apology <\/span><\/span><span class=\"Translation\"><span class=\"Transcription\">[\u0259\u2018p\u0252l\u0259d\u0292\u026a]<\/span><\/span><span class=\"Translation\"><span class=\"Comments\">; intrusion <\/span><\/span><span class=\"Translation\"><span class=\"Transcription\">[\u026an\u2018tru\u02d0\u0292\u0259n]<\/span><\/span><span class=\"Translation\">)<\/span><span class=\"Bold\">, I was about to withdraw <\/span><span class=\"Translation\">(wollte ich mich \/soeben\/ zur\u00fcckziehen;<\/span> <span class=\"Translation\"><span class=\"Comment-Words\">to be about to<\/span><\/span><span class=\"Translation\"><span class=\"Comments\"> \u2014 dabei sein etwas zu tun, etwas tun wollen; withdraw <\/span><\/span><span class=\"Translation\"><span class=\"Transcription\">[w\u026a\u00f0\u2018dr\u0254\u02d0]<\/span><\/span><span class=\"Translation\">)<\/span><span class=\"Bold\">, when Holmes pulled me abruptly into the room <\/span><span class=\"Translation\">(als Holmes mich abrupt in den Raum zog;<\/span><span class=\"Translation\"><span class=\"Comments\"> abruptly <\/span><\/span><span class=\"Translation\"><span class=\"Transcription\">[\u0259\u2018br\u028cptl\u026a]<\/span><\/span><span class=\"Translation\">)<\/span><span class=\"Bold\"> and closed the door behind me <\/span><span class=\"Translation\">(und die T\u00fcre hinter mir schloss)<\/span><span class=\"Bold\">.<\/span><\/p>\r\n\r\n<\/div>\r\n[audio mp3=\"https:\/\/easyoriginal1.s3.eu-central-1.amazonaws.com\/englisch\/e4\/1.mp3\"][\/audio]\r\n<div class=\"original-container\">\r\n<p class=\"Original\">I had called upon my friend, Mr. Sherlock Holmes, one day in the autumn of last year and found him in deep conversation with a very stout, florid-faced, elderly gentleman with fiery red hair. With an apology for my intrusion, I was about to withdraw, when Holmes pulled me abruptly into the room and closed the door behind me.<\/p>\r\n\r\n<\/div>\r\n<a class=\"weiter\" href=\"\/webreader\/the-red-headed-league\/fragment\/2-4-2-3\/\">weiter lesen<\/a>","_et_gb_content_width":""},"product_brand":[],"product_cat":[42],"product_tag":[72,193,169],"class_list":{"0":"post-10386","1":"product","2":"type-product","3":"status-publish","4":"has-post-thumbnail","6":"product_cat-englisch-deutsch","7":"product_tag-britisch","8":"product_tag-emma","9":"product_tag-jane-austen","11":"first","12":"instock","13":"taxable","14":"shipping-taxable","15":"purchasable","16":"product-type-variable"},"acf":[],"yoast_head":"<!-- This site is optimized with the Yoast SEO plugin v27.3 - https:\/\/yoast.com\/product\/yoast-seo-wordpress\/ -->\n<title>Emma - Teil 3 - EasyOriginal.com<\/title>\n<meta name=\"robots\" content=\"index, follow, max-snippet:-1, max-image-preview:large, max-video-preview:-1\" \/>\n<link rel=\"canonical\" href=\"https:\/\/easyoriginal.com\/en\/shop\/englisch-deutsch\/emma-teil-3\/\" \/>\n<meta property=\"og:locale\" content=\"en_GB\" \/>\n<meta property=\"og:type\" content=\"article\" \/>\n<meta property=\"og:title\" content=\"Emma - Teil 3 - EasyOriginal.com\" \/>\n<meta property=\"og:description\" content=\"&quot;Emma&quot; - Part 3. &quot;Emma&quot; gilt als Meisterwerk der britischen Schriftstellerin Jane Austen und wird zur Weltliteratur gez\u00e4hlt. Mit ihrer Hauptfigur Emma Woodhouse schildert die Autorin den Reifungsprozess einer privilegierten und intelligenten Frau anfangs des 19. Jahrhunderts, die mit ihrer verfehlten Wahrnehmung anderen schadet und schlie\u00dflich ihren Platz in der Gesellschaft finden kann. Eine Besonderheit von &quot;Emma&quot; ist die von Jane Austen verwendete Form und Technik. Ungek\u00fcrzter Originaltext. Zweisprachiges Buch Englisch-Deutsch.\" \/>\n<meta property=\"og:url\" content=\"https:\/\/easyoriginal.com\/en\/shop\/englisch-deutsch\/emma-teil-3\/\" \/>\n<meta property=\"og:site_name\" content=\"EasyOriginal.com\" \/>\n<meta property=\"article:modified_time\" content=\"2024-01-04T13:45:40+00:00\" \/>\n<meta property=\"og:image\" content=\"https:\/\/easyoriginal.com\/wp-content\/uploads\/austen_emma_part3_printcover-1.jpg\" \/>\n\t<meta property=\"og:image:width\" content=\"468\" \/>\n\t<meta property=\"og:image:height\" content=\"702\" \/>\n\t<meta property=\"og:image:type\" content=\"image\/jpeg\" \/>\n<meta name=\"twitter:card\" content=\"summary_large_image\" \/>\n<meta name=\"twitter:label1\" content=\"Estimated reading time\" \/>\n\t<meta name=\"twitter:data1\" content=\"2 minutes\" \/>\n<script type=\"application\/ld+json\" class=\"yoast-schema-graph\">{\"@context\":\"https:\\\/\\\/schema.org\",\"@graph\":[{\"@type\":\"WebPage\",\"@id\":\"https:\\\/\\\/easyoriginal.com\\\/shop\\\/englisch-deutsch\\\/emma-teil-3\\\/\",\"url\":\"https:\\\/\\\/easyoriginal.com\\\/shop\\\/englisch-deutsch\\\/emma-teil-3\\\/\",\"name\":\"Emma - Teil 3 - EasyOriginal.com\",\"isPartOf\":{\"@id\":\"https:\\\/\\\/easyoriginal.com\\\/#website\"},\"primaryImageOfPage\":{\"@id\":\"https:\\\/\\\/easyoriginal.com\\\/shop\\\/englisch-deutsch\\\/emma-teil-3\\\/#primaryimage\"},\"image\":{\"@id\":\"https:\\\/\\\/easyoriginal.com\\\/shop\\\/englisch-deutsch\\\/emma-teil-3\\\/#primaryimage\"},\"thumbnailUrl\":\"https:\\\/\\\/easyoriginal.com\\\/wp-content\\\/uploads\\\/austen_emma_part3_printcover-1.jpg\",\"datePublished\":\"2022-10-14T16:27:24+00:00\",\"dateModified\":\"2024-01-04T13:45:40+00:00\",\"breadcrumb\":{\"@id\":\"https:\\\/\\\/easyoriginal.com\\\/shop\\\/englisch-deutsch\\\/emma-teil-3\\\/#breadcrumb\"},\"inLanguage\":\"en-GB\",\"potentialAction\":[{\"@type\":\"ReadAction\",\"target\":[\"https:\\\/\\\/easyoriginal.com\\\/shop\\\/englisch-deutsch\\\/emma-teil-3\\\/\"]}]},{\"@type\":\"ImageObject\",\"inLanguage\":\"en-GB\",\"@id\":\"https:\\\/\\\/easyoriginal.com\\\/shop\\\/englisch-deutsch\\\/emma-teil-3\\\/#primaryimage\",\"url\":\"https:\\\/\\\/easyoriginal.com\\\/wp-content\\\/uploads\\\/austen_emma_part3_printcover-1.jpg\",\"contentUrl\":\"https:\\\/\\\/easyoriginal.com\\\/wp-content\\\/uploads\\\/austen_emma_part3_printcover-1.jpg\",\"width\":468,\"height\":702,\"caption\":\"Zweisprachiges buch englisch-deutsch, englische romane, emma, jane austen\"},{\"@type\":\"BreadcrumbList\",\"@id\":\"https:\\\/\\\/easyoriginal.com\\\/shop\\\/englisch-deutsch\\\/emma-teil-3\\\/#breadcrumb\",\"itemListElement\":[{\"@type\":\"ListItem\",\"position\":1,\"name\":\"Startseite\",\"item\":\"https:\\\/\\\/easyoriginal.com\\\/\"},{\"@type\":\"ListItem\",\"position\":2,\"name\":\"Shop\",\"item\":\"https:\\\/\\\/easyoriginal.com\\\/shop\\\/\"},{\"@type\":\"ListItem\",\"position\":3,\"name\":\"Emma &#8211; Teil 3\"}]},{\"@type\":\"WebSite\",\"@id\":\"https:\\\/\\\/easyoriginal.com\\\/#website\",\"url\":\"https:\\\/\\\/easyoriginal.com\\\/\",\"name\":\"EasyOriginal.com\",\"description\":\"Spa\u00df am Lesen im Original - Innovative Lesemethode f\u00fcr Fremdsprachen\",\"publisher\":{\"@id\":\"https:\\\/\\\/easyoriginal.com\\\/#organization\"},\"potentialAction\":[{\"@type\":\"SearchAction\",\"target\":{\"@type\":\"EntryPoint\",\"urlTemplate\":\"https:\\\/\\\/easyoriginal.com\\\/?s={search_term_string}\"},\"query-input\":{\"@type\":\"PropertyValueSpecification\",\"valueRequired\":true,\"valueName\":\"search_term_string\"}}],\"inLanguage\":\"en-GB\"},{\"@type\":\"Organization\",\"@id\":\"https:\\\/\\\/easyoriginal.com\\\/#organization\",\"name\":\"EasyOriginal Verlag\",\"url\":\"https:\\\/\\\/easyoriginal.com\\\/\",\"logo\":{\"@type\":\"ImageObject\",\"inLanguage\":\"en-GB\",\"@id\":\"https:\\\/\\\/easyoriginal.com\\\/#\\\/schema\\\/logo\\\/image\\\/\",\"url\":\"https:\\\/\\\/easyoriginal.com\\\/wp-content\\\/uploads\\\/2020\\\/08\\\/logo_main.png\",\"contentUrl\":\"https:\\\/\\\/easyoriginal.com\\\/wp-content\\\/uploads\\\/2020\\\/08\\\/logo_main.png\",\"width\":500,\"height\":103,\"caption\":\"EasyOriginal Verlag\"},\"image\":{\"@id\":\"https:\\\/\\\/easyoriginal.com\\\/#\\\/schema\\\/logo\\\/image\\\/\"}}]}<\/script>\n<!-- \/ Yoast SEO plugin. -->","yoast_head_json":{"title":"Emma - Teil 3 - EasyOriginal.com","robots":{"index":"index","follow":"follow","max-snippet":"max-snippet:-1","max-image-preview":"max-image-preview:large","max-video-preview":"max-video-preview:-1"},"canonical":"https:\/\/easyoriginal.com\/en\/shop\/englisch-deutsch\/emma-teil-3\/","og_locale":"en_GB","og_type":"article","og_title":"Emma - Teil 3 - EasyOriginal.com","og_description":"\"Emma\" - Part 3. \"Emma\" gilt als Meisterwerk der britischen Schriftstellerin Jane Austen und wird zur Weltliteratur gez\u00e4hlt. Mit ihrer Hauptfigur Emma Woodhouse schildert die Autorin den Reifungsprozess einer privilegierten und intelligenten Frau anfangs des 19. Jahrhunderts, die mit ihrer verfehlten Wahrnehmung anderen schadet und schlie\u00dflich ihren Platz in der Gesellschaft finden kann. Eine Besonderheit von \"Emma\" ist die von Jane Austen verwendete Form und Technik. Ungek\u00fcrzter Originaltext. Zweisprachiges Buch Englisch-Deutsch.","og_url":"https:\/\/easyoriginal.com\/en\/shop\/englisch-deutsch\/emma-teil-3\/","og_site_name":"EasyOriginal.com","article_modified_time":"2024-01-04T13:45:40+00:00","og_image":[{"width":468,"height":702,"url":"https:\/\/easyoriginal.com\/wp-content\/uploads\/austen_emma_part3_printcover-1.jpg","type":"image\/jpeg"}],"twitter_card":"summary_large_image","twitter_misc":{"Estimated reading time":"2 minutes"},"schema":{"@context":"https:\/\/schema.org","@graph":[{"@type":"WebPage","@id":"https:\/\/easyoriginal.com\/shop\/englisch-deutsch\/emma-teil-3\/","url":"https:\/\/easyoriginal.com\/shop\/englisch-deutsch\/emma-teil-3\/","name":"Emma - Teil 3 - EasyOriginal.com","isPartOf":{"@id":"https:\/\/easyoriginal.com\/#website"},"primaryImageOfPage":{"@id":"https:\/\/easyoriginal.com\/shop\/englisch-deutsch\/emma-teil-3\/#primaryimage"},"image":{"@id":"https:\/\/easyoriginal.com\/shop\/englisch-deutsch\/emma-teil-3\/#primaryimage"},"thumbnailUrl":"https:\/\/easyoriginal.com\/wp-content\/uploads\/austen_emma_part3_printcover-1.jpg","datePublished":"2022-10-14T16:27:24+00:00","dateModified":"2024-01-04T13:45:40+00:00","breadcrumb":{"@id":"https:\/\/easyoriginal.com\/shop\/englisch-deutsch\/emma-teil-3\/#breadcrumb"},"inLanguage":"en-GB","potentialAction":[{"@type":"ReadAction","target":["https:\/\/easyoriginal.com\/shop\/englisch-deutsch\/emma-teil-3\/"]}]},{"@type":"ImageObject","inLanguage":"en-GB","@id":"https:\/\/easyoriginal.com\/shop\/englisch-deutsch\/emma-teil-3\/#primaryimage","url":"https:\/\/easyoriginal.com\/wp-content\/uploads\/austen_emma_part3_printcover-1.jpg","contentUrl":"https:\/\/easyoriginal.com\/wp-content\/uploads\/austen_emma_part3_printcover-1.jpg","width":468,"height":702,"caption":"Zweisprachiges buch englisch-deutsch, englische romane, emma, jane austen"},{"@type":"BreadcrumbList","@id":"https:\/\/easyoriginal.com\/shop\/englisch-deutsch\/emma-teil-3\/#breadcrumb","itemListElement":[{"@type":"ListItem","position":1,"name":"Startseite","item":"https:\/\/easyoriginal.com\/"},{"@type":"ListItem","position":2,"name":"Shop","item":"https:\/\/easyoriginal.com\/shop\/"},{"@type":"ListItem","position":3,"name":"Emma &#8211; Teil 3"}]},{"@type":"WebSite","@id":"https:\/\/easyoriginal.com\/#website","url":"https:\/\/easyoriginal.com\/","name":"EasyOriginal.com","description":"Spa\u00df am Lesen im Original - Innovative Lesemethode f\u00fcr Fremdsprachen","publisher":{"@id":"https:\/\/easyoriginal.com\/#organization"},"potentialAction":[{"@type":"SearchAction","target":{"@type":"EntryPoint","urlTemplate":"https:\/\/easyoriginal.com\/?s={search_term_string}"},"query-input":{"@type":"PropertyValueSpecification","valueRequired":true,"valueName":"search_term_string"}}],"inLanguage":"en-GB"},{"@type":"Organization","@id":"https:\/\/easyoriginal.com\/#organization","name":"EasyOriginal Verlag","url":"https:\/\/easyoriginal.com\/","logo":{"@type":"ImageObject","inLanguage":"en-GB","@id":"https:\/\/easyoriginal.com\/#\/schema\/logo\/image\/","url":"https:\/\/easyoriginal.com\/wp-content\/uploads\/2020\/08\/logo_main.png","contentUrl":"https:\/\/easyoriginal.com\/wp-content\/uploads\/2020\/08\/logo_main.png","width":500,"height":103,"caption":"EasyOriginal Verlag"},"image":{"@id":"https:\/\/easyoriginal.com\/#\/schema\/logo\/image\/"}}]}},"_links":{"self":[{"href":"https:\/\/easyoriginal.com\/en\/wp-json\/wp\/v2\/product\/10386","targetHints":{"allow":["GET"]}}],"collection":[{"href":"https:\/\/easyoriginal.com\/en\/wp-json\/wp\/v2\/product"}],"about":[{"href":"https:\/\/easyoriginal.com\/en\/wp-json\/wp\/v2\/types\/product"}],"replies":[{"embeddable":true,"href":"https:\/\/easyoriginal.com\/en\/wp-json\/wp\/v2\/comments?post=10386"}],"wp:featuredmedia":[{"embeddable":true,"href":"https:\/\/easyoriginal.com\/en\/wp-json\/wp\/v2\/media\/10391"}],"wp:attachment":[{"href":"https:\/\/easyoriginal.com\/en\/wp-json\/wp\/v2\/media?parent=10386"}],"wp:term":[{"taxonomy":"product_brand","embeddable":true,"href":"https:\/\/easyoriginal.com\/en\/wp-json\/wp\/v2\/product_brand?post=10386"},{"taxonomy":"product_cat","embeddable":true,"href":"https:\/\/easyoriginal.com\/en\/wp-json\/wp\/v2\/product_cat?post=10386"},{"taxonomy":"product_tag","embeddable":true,"href":"https:\/\/easyoriginal.com\/en\/wp-json\/wp\/v2\/product_tag?post=10386"}],"curies":[{"name":"wp","href":"https:\/\/api.w.org\/{rel}","templated":true}]}}