{"id":10205,"date":"2022-07-26T22:39:25","date_gmt":"2022-07-26T20:39:25","guid":{"rendered":"https:\/\/easyoriginal.com\/?post_type=product&#038;p=10205"},"modified":"2024-01-04T13:56:01","modified_gmt":"2024-01-04T12:56:01","slug":"la-ajorca-de-oro-der-goldene-armreif","status":"publish","type":"product","link":"https:\/\/easyoriginal.com\/en\/shop\/spanisch-deutsch\/la-ajorca-de-oro-der-goldene-armreif\/","title":{"rendered":"La ajorca de oro \/ Der goldene Armreif"},"content":{"rendered":"<div class=\"adapted-container\">\n<p class=\"Adapted\"><span class=\"Bold\">Ella era hermosa <\/span><span class=\"Translation\">(sie war wundersch\u00f6<\/span><span class=\"No-Break\"><span class=\"Translation\">n;<\/span><\/span><span class=\"Translation\"> <\/span><span class=\"Translation\"><span class=\"Comment-Words\">ser<\/span><\/span><span class=\"Translation\"><span class=\"No-Break\"><span class=\"Comments\">&#160;\u2014<\/span><\/span><\/span><span class=\"Translation\"><span class=\"Comments\"> sein<\/span><\/span><span class=\"Translation\">)<\/span><span class=\"Bold\">, hermosa con esa hermosura <\/span><span class=\"Translation\">(sch\u00f6n mit dieser Sch\u00f6nheit: &quot;von einer solchen Sch\u00f6nheit&quot;)<\/span><span class=\"Bold\"> que inspira el v\u00e9rtigo <\/span><span class=\"Translation\">(die Schwindel hervorruf<\/span><span class=\"No-Break\"><span class=\"Translation\">t;<\/span><\/span><span class=\"Translation\"> <\/span><span class=\"Translation\"><span class=\"Comment-Words\">inspirar<\/span><\/span><span class=\"Translation\"><span class=\"No-Break\"><span class=\"Comments\">&#160;\u2014<\/span><\/span><\/span><span class=\"Translation\"><span class=\"Comments\"> einatme<\/span><\/span><span class=\"Translation\"><span class=\"No-Break\"><span class=\"Comments\">n;<\/span><\/span><\/span><span class=\"Translation\"><span class=\"Comments\"> inspirieren<\/span><\/span><span class=\"Translation\">)<\/span><span class=\"Bold\">, hermosa con esa hermosura <\/span><span class=\"Translation\">(sch\u00f6n mit dieser Sch\u00f6nheit: &quot;von einer solchen Sch\u00f6nheit&quot;)<\/span><span class=\"Bold\"> que no se parece en nada a la que so\u00f1amos en los \u00e1ngeles <\/span><span class=\"Translation\">(die nicht im Geringsten der gleicht, die <\/span><span class=\"No-Break\"><span class=\"Translation\">\/w<\/span><\/span><span class=\"Translation\">ir<\/span><span class=\"No-Break\"><span class=\"Translation\">\/ <\/span><\/span><span class=\"Translation\">uns von Engeln ertr\u00e4ume<\/span><span class=\"No-Break\"><span class=\"Translation\">n<\/span><\/span><span class=\"Translation\"><span class=\"No-Break\"><span class=\"Comments\">;<\/span><\/span><\/span><span class=\"Translation\"><span class=\"Comments\"> <\/span><\/span><span class=\"Translation\"><span class=\"Comment-Words\">parecerse<\/span><\/span><span class=\"Translation\"><span class=\"No-Break\"><span class=\"Comments\">&#160;\u2014<\/span><\/span><\/span><span class=\"Translation\"><span class=\"Comments\"> sich \u00e4hnel<\/span><\/span><span class=\"Translation\"><span class=\"No-Break\"><span class=\"Comments\">n;<\/span><\/span><\/span><span class=\"Translation\"><span class=\"Comments\"> <\/span><\/span><span class=\"Translation\"><span class=\"Comment-Words\">en nada<\/span><\/span><span class=\"Translation\"><span class=\"No-Break\"><span class=\"Comments\">&#160;\u2014<\/span><\/span><\/span><span class=\"Translation\"><span class=\"Comments\"> in keiner Weis<\/span><\/span><span class=\"Translation\"><span class=\"No-Break\"><span class=\"Comments\">e;<\/span><\/span><\/span><span class=\"Translation\"><span class=\"Comments\"> keineswegs<\/span><\/span><span class=\"Translation\">)<\/span><span class=\"Bold\"> y que, sin embargo <\/span><span class=\"Translation\">(und die trotzdem)<\/span><span class=\"Bold\">, es sobrenatural <\/span><span class=\"Translation\">(<\/span><span class=\"Translation\" lang=\"ar-SA\">\u00fcbernat\u00fcrlich ist<\/span><span class=\"No-Break\"><span class=\"Translation\">)<\/span><\/span><span class=\"No-Break\"><span class=\"Bold\">;<\/span><\/span><span class=\"Bold\"> hermosura diab\u00f3lica <\/span><span class=\"Translation\">(<\/span><span class=\"No-Break\"><span class=\"Translation\">\/e<\/span><\/span><span class=\"Translation\">ine<\/span><span class=\"No-Break\"><span class=\"Translation\">\/ <\/span><\/span><span class=\"Translation\">teuflische Sch\u00f6nhei<\/span><span class=\"No-Break\"><span class=\"Translation\">t;<\/span><\/span><span class=\"Translation\"> <\/span><span class=\"Translation\"><span class=\"Comment-Words\">diablo<\/span><\/span><span class=\"Translation\"><span class=\"Gender CharOverride-1\">m<\/span><\/span><span class=\"Translation\"><span class=\"No-Break\"><span class=\"Comments\">&#160;\u2014<\/span><\/span><\/span><span class=\"Translation\"><span class=\"Comments\"> Teufel, Satan<\/span><\/span><span class=\"Translation\">)<\/span><span class=\"Bold\">, que tal vez presta el demonio a algunos seres <\/span><span class=\"Translation\">(die der Teufel vielleicht manchen Wesen verleih<\/span><span class=\"No-Break\"><span class=\"Translation\">t;<\/span><\/span><span class=\"Translation\"> <\/span><span class=\"Translation\"><span class=\"Comment-Words\">demonio<\/span><\/span><span class=\"Translation\"><span class=\"Gender CharOverride-1\">m<\/span><\/span><span class=\"Translation\"><span class=\"No-Break\"><span class=\"Comments\">&#160;\u2014<\/span><\/span><\/span><span class=\"Translation\"><span class=\"Comments\"> D\u00e4mo<\/span><\/span><span class=\"Translation\"><span class=\"No-Break\"><span class=\"Comments\">n;<\/span><\/span><\/span><span class=\"Translation\"><span class=\"Comments\"> Teufe<\/span><\/span><span class=\"Translation\"><span class=\"No-Break\"><span class=\"Comments\">l;<\/span><\/span><\/span><span class=\"Translation\"><span class=\"Comments\"> <\/span><\/span><span class=\"Translation\"><span class=\"Comment-Words\">prestar<\/span><\/span><span class=\"Translation\"><span class=\"No-Break\"><span class=\"Comments\">&#160;\u2014<\/span><\/span><\/span><span class=\"Translation\"><span class=\"Comments\"> leihen, verleihe<\/span><\/span><span class=\"Translation\"><span class=\"No-Break\"><span class=\"Comments\">n;<\/span><\/span><\/span><span class=\"Translation\"><span class=\"Comments\"> schenken<\/span><\/span><span class=\"Translation\">)<\/span><span class=\"Bold\"> para hacerlos sus instrumentos en la tierra <\/span><span class=\"Translation\">(um sie zu seinen Werkzeugen auf der Erde zu mache<\/span><span class=\"No-Break\"><span class=\"Translation\">n;<\/span><\/span><span class=\"Translation\"> <\/span><span class=\"Translation\"><span class=\"Comment-Words\">hacer<\/span><\/span><span class=\"Translation\"><span class=\"No-Break\"><span class=\"Comment-Words\">&#160;<\/span><\/span><\/span><span class=\"Translation\"><span class=\"No-Break\"><span class=\"Comments\">\u2014<\/span><\/span><\/span><span class=\"Translation\"><span class=\"Comments\"> mache<\/span><\/span><span class=\"Translation\"><span class=\"No-Break\"><span class=\"Comments\">n;<\/span><\/span><\/span><span class=\"Translation\"><span class=\"Comments\"> tun<\/span><\/span><span class=\"Translation\">)<\/span><span class=\"Bold\">.<\/span><\/p>\n<\/div>\n<audio class=\"wp-audio-shortcode\" id=\"audio-10205-1\" preload=\"none\" style=\"width: 100%;\" controls=\"controls\"><source type=\"audio\/mpeg\" src=\"https:\/\/easyoriginal1.s3.eu-central-1.amazonaws.com\/spanisch\/s13\/1.mp3?_=1\" \/><a href=\"https:\/\/easyoriginal1.s3.eu-central-1.amazonaws.com\/spanisch\/s13\/1.mp3\">https:\/\/easyoriginal1.s3.eu-central-1.amazonaws.com\/spanisch\/s13\/1.mp3<\/a><\/audio>\n<div class=\"original-container\">\n<p class=\"Original\" lang=\"es-ES\">Ella era hermosa, hermosa con esa hermosura que inspira el v\u00e9rtigo, hermosa con esa hermosura que no se parece en nada a la que so\u00f1amos en los \u00e1ngeles y que, sin embargo, es sobrenatural; hermosura diab\u00f3lica, que tal vez presta el demonio a algunos seres para hacerlos sus instrumentos en la tierra.<\/p>\n<\/div>","protected":false},"excerpt":{"rendered":"<p>\u201cLa ajorca de oro\u201d (&#8222;Der goldene Armreif&#8220;) ist eine Legende aus Gustavo Adolfo B\u00e9cquer\u00b4s \u201cLeyendas\u201d. B\u00e9cquer z\u00e4hlt zu den bedeutendsten Autoren der spanischen Romantik.<br \/>\nUngek\u00fcrzter Originaltext. Zweisprachiges Buch Spanisch-Deutsch.<\/p>","protected":false},"featured_media":10210,"comment_status":"open","ping_status":"closed","template":"","meta":{"_acf_changed":false,"_et_pb_use_builder":"off","_et_pb_old_content":"<div class=\"adapted-container\">\r\n<p class=\"Adapted\"><span class=\"Bold\">Hace mucho tiempo que ten\u00eda ganas de escribir <\/span><span class=\"Translation\">(seit langer Zeit hatte ich Lust zu schreiben; <\/span><span class=\"Translation\"><span class=\"Comment-Words\">tener<\/span><\/span><span class=\"Translation\"><span class=\"Comments\"> \u2014 haben<\/span><\/span><span class=\"Translation\">)<\/span><span class=\"Bold\"> cualquier cosa con este t\u00edtulo <\/span><span class=\"Translation\">(irgendetwas mit diesem Titel)<\/span><span class=\"Bold\">.<\/span><\/p>\r\n<p class=\"Adapted\"><span class=\"Bold\">Hoy<a id=\"_idTextAnchor001\"><\/a>, que se me ha presentado ocasi\u00f3n <\/span><span class=\"Translation\">(heute, wo sich mir \/eine\/ Gelegenheit geboten hat; <\/span><span class=\"Translation\"><span class=\"Comment-Words\">presentar<\/span><\/span><span class=\"Translation\"><span class=\"Comments\"> \u2014 zeigen; vorstellen<\/span><\/span><span class=\"Translation\">)<\/span><span class=\"Bold\">, lo he puesto con letras grandes <\/span><span class=\"Translation\">(das habe ich in gro\u00dfen Buchstaben gesetzt = habe ich es in Gro\u00dfbuchstaben gesetzt; <\/span><span class=\"Translation\"><span class=\"Comment-Words\">poner<\/span><\/span><span class=\"Translation\"><span class=\"Comments\"> \u2014 setzen; stellen; legen<\/span><\/span><span class=\"Translation\">)<\/span><span class=\"Bold\"> en la primera cuartilla de papel <\/span><span class=\"Translation\">(auf das erste Blatt: \u00abauf das erste Viertelpapier\u00bb; <\/span><span class=\"Translation\"><span class=\"Comment-Words\">cuarto<\/span><\/span><span class=\"Translation\"><span class=\"Gender _idGenCharOverride-1\">m <\/span><\/span><span class=\"Translation\"><span class=\"Comments\">\u2014 Viertel<\/span><\/span><span class=\"Translation\">)<\/span><span class=\"Bold\">, y luego he dejado a capricho volar la pluma <\/span><span class=\"Translation\">(und dann habe ich nach Belieben die Feder fliegen lassen; <\/span><span class=\"Translation\"><span class=\"Comment-Words\">dejar<\/span><\/span><span class=\"Translation\"><span class=\"Comments\"> \u2014 lassen; <\/span><\/span><span class=\"Translation\"><span class=\"Comment-Words\">capricho<\/span><\/span><span class=\"Translation\"><span class=\"Gender _idGenCharOverride-1\">m <\/span><\/span><span class=\"Translation\"><span class=\"Comments\">\u2014 Laune<\/span><\/span><span class=\"Translation\">)<\/span><span class=\"Bold\">.<\/span><\/p>\r\n\r\n<\/div>\r\n[audio mp3=\"https:\/\/easyoriginal1.s3.eu-central-1.amazonaws.com\/spanisch\/s1\/1.mp3\"][\/audio]\r\n<div class=\"original-container\">\r\n<p class=\"Original\">Hace mucho tiempo que ten\u00eda ganas de escribir cualquier cosa con este t\u00edtulo.<\/p>\r\n<p class=\"Original\">Hoy, que se me ha presentado ocasi\u00f3n, lo he puesto con letras grandes en la primera cuartilla de papel, y luego he dejado a capricho volar la pluma.<\/p>\r\n\r\n<\/div>\r\n<a class=\"weiter\" href=\"\/webreader\/los-ojos-verdes\/fragment\/1-4-2\/\">weiter lesen<\/a>","_et_gb_content_width":""},"product_brand":[],"product_cat":[44],"product_tag":[],"class_list":{"0":"post-10205","1":"product","2":"type-product","3":"status-publish","4":"has-post-thumbnail","6":"product_cat-spanisch-deutsch","8":"first","9":"instock","10":"taxable","11":"shipping-taxable","12":"purchasable","13":"product-type-variable"},"acf":[],"yoast_head":"<!-- This site is optimized with the Yoast SEO plugin v27.4 - https:\/\/yoast.com\/product\/yoast-seo-wordpress\/ -->\n<title>La ajorca de oro \/ Der goldene Armreif - EasyOriginal.com<\/title>\n<meta name=\"robots\" content=\"index, follow, max-snippet:-1, max-image-preview:large, max-video-preview:-1\" \/>\n<link rel=\"canonical\" href=\"https:\/\/easyoriginal.com\/en\/shop\/spanisch-deutsch\/la-ajorca-de-oro-der-goldene-armreif\/\" \/>\n<meta property=\"og:locale\" content=\"en_GB\" \/>\n<meta property=\"og:type\" content=\"article\" \/>\n<meta property=\"og:title\" content=\"La ajorca de oro \/ Der goldene Armreif - EasyOriginal.com\" \/>\n<meta property=\"og:description\" content=\"\u201cLa ajorca de oro\u201d (&quot;Der goldene Armreif&quot;) ist eine Legende aus Gustavo Adolfo B\u00e9cquer\u00b4s \u201cLeyendas\u201d. B\u00e9cquer z\u00e4hlt zu den bedeutendsten Autoren der spanischen Romantik. Ungek\u00fcrzter Originaltext. Zweisprachiges Buch Spanisch-Deutsch.\" \/>\n<meta property=\"og:url\" content=\"https:\/\/easyoriginal.com\/en\/shop\/spanisch-deutsch\/la-ajorca-de-oro-der-goldene-armreif\/\" \/>\n<meta property=\"og:site_name\" content=\"EasyOriginal.com\" \/>\n<meta property=\"article:modified_time\" content=\"2024-01-04T12:56:01+00:00\" \/>\n<meta property=\"og:image\" content=\"https:\/\/easyoriginal.com\/wp-content\/uploads\/Becquer_La_ajorca_de_oro_printcover.jpg\" \/>\n\t<meta property=\"og:image:width\" content=\"468\" \/>\n\t<meta property=\"og:image:height\" content=\"702\" \/>\n\t<meta property=\"og:image:type\" content=\"image\/jpeg\" \/>\n<meta name=\"twitter:card\" content=\"summary_large_image\" \/>\n<meta name=\"twitter:label1\" content=\"Estimated reading time\" \/>\n\t<meta name=\"twitter:data1\" content=\"2 minutes\" \/>\n<script type=\"application\/ld+json\" class=\"yoast-schema-graph\">{\"@context\":\"https:\\\/\\\/schema.org\",\"@graph\":[{\"@type\":\"WebPage\",\"@id\":\"https:\\\/\\\/easyoriginal.com\\\/shop\\\/spanisch-deutsch\\\/la-ajorca-de-oro-der-goldene-armreif\\\/\",\"url\":\"https:\\\/\\\/easyoriginal.com\\\/shop\\\/spanisch-deutsch\\\/la-ajorca-de-oro-der-goldene-armreif\\\/\",\"name\":\"La ajorca de oro \\\/ Der goldene Armreif - EasyOriginal.com\",\"isPartOf\":{\"@id\":\"https:\\\/\\\/easyoriginal.com\\\/#website\"},\"primaryImageOfPage\":{\"@id\":\"https:\\\/\\\/easyoriginal.com\\\/shop\\\/spanisch-deutsch\\\/la-ajorca-de-oro-der-goldene-armreif\\\/#primaryimage\"},\"image\":{\"@id\":\"https:\\\/\\\/easyoriginal.com\\\/shop\\\/spanisch-deutsch\\\/la-ajorca-de-oro-der-goldene-armreif\\\/#primaryimage\"},\"thumbnailUrl\":\"https:\\\/\\\/easyoriginal.com\\\/wp-content\\\/uploads\\\/Becquer_La_ajorca_de_oro_printcover.jpg\",\"datePublished\":\"2022-07-26T20:39:25+00:00\",\"dateModified\":\"2024-01-04T12:56:01+00:00\",\"breadcrumb\":{\"@id\":\"https:\\\/\\\/easyoriginal.com\\\/shop\\\/spanisch-deutsch\\\/la-ajorca-de-oro-der-goldene-armreif\\\/#breadcrumb\"},\"inLanguage\":\"en-GB\",\"potentialAction\":[{\"@type\":\"ReadAction\",\"target\":[\"https:\\\/\\\/easyoriginal.com\\\/shop\\\/spanisch-deutsch\\\/la-ajorca-de-oro-der-goldene-armreif\\\/\"]}]},{\"@type\":\"ImageObject\",\"inLanguage\":\"en-GB\",\"@id\":\"https:\\\/\\\/easyoriginal.com\\\/shop\\\/spanisch-deutsch\\\/la-ajorca-de-oro-der-goldene-armreif\\\/#primaryimage\",\"url\":\"https:\\\/\\\/easyoriginal.com\\\/wp-content\\\/uploads\\\/Becquer_La_ajorca_de_oro_printcover.jpg\",\"contentUrl\":\"https:\\\/\\\/easyoriginal.com\\\/wp-content\\\/uploads\\\/Becquer_La_ajorca_de_oro_printcover.jpg\",\"width\":468,\"height\":702,\"caption\":\"Zweisprachiges buch spanisch-deutsch, spanische lekt\u00fcre, spanische kurzgeschichten, gustavo adolfo becquer\"},{\"@type\":\"BreadcrumbList\",\"@id\":\"https:\\\/\\\/easyoriginal.com\\\/shop\\\/spanisch-deutsch\\\/la-ajorca-de-oro-der-goldene-armreif\\\/#breadcrumb\",\"itemListElement\":[{\"@type\":\"ListItem\",\"position\":1,\"name\":\"Startseite\",\"item\":\"https:\\\/\\\/easyoriginal.com\\\/\"},{\"@type\":\"ListItem\",\"position\":2,\"name\":\"Shop\",\"item\":\"https:\\\/\\\/easyoriginal.com\\\/shop\\\/\"},{\"@type\":\"ListItem\",\"position\":3,\"name\":\"La ajorca de oro \\\/ Der goldene Armreif\"}]},{\"@type\":\"WebSite\",\"@id\":\"https:\\\/\\\/easyoriginal.com\\\/#website\",\"url\":\"https:\\\/\\\/easyoriginal.com\\\/\",\"name\":\"EasyOriginal.com\",\"description\":\"Spa\u00df am Lesen im Original - Innovative Lesemethode f\u00fcr Fremdsprachen\",\"publisher\":{\"@id\":\"https:\\\/\\\/easyoriginal.com\\\/#organization\"},\"potentialAction\":[{\"@type\":\"SearchAction\",\"target\":{\"@type\":\"EntryPoint\",\"urlTemplate\":\"https:\\\/\\\/easyoriginal.com\\\/?s={search_term_string}\"},\"query-input\":{\"@type\":\"PropertyValueSpecification\",\"valueRequired\":true,\"valueName\":\"search_term_string\"}}],\"inLanguage\":\"en-GB\"},{\"@type\":\"Organization\",\"@id\":\"https:\\\/\\\/easyoriginal.com\\\/#organization\",\"name\":\"EasyOriginal Verlag\",\"url\":\"https:\\\/\\\/easyoriginal.com\\\/\",\"logo\":{\"@type\":\"ImageObject\",\"inLanguage\":\"en-GB\",\"@id\":\"https:\\\/\\\/easyoriginal.com\\\/#\\\/schema\\\/logo\\\/image\\\/\",\"url\":\"https:\\\/\\\/easyoriginal.com\\\/wp-content\\\/uploads\\\/2020\\\/08\\\/logo_main.png\",\"contentUrl\":\"https:\\\/\\\/easyoriginal.com\\\/wp-content\\\/uploads\\\/2020\\\/08\\\/logo_main.png\",\"width\":500,\"height\":103,\"caption\":\"EasyOriginal Verlag\"},\"image\":{\"@id\":\"https:\\\/\\\/easyoriginal.com\\\/#\\\/schema\\\/logo\\\/image\\\/\"}}]}<\/script>\n<!-- \/ Yoast SEO plugin. -->","yoast_head_json":{"title":"La ajorca de oro \/ Der goldene Armreif - EasyOriginal.com","robots":{"index":"index","follow":"follow","max-snippet":"max-snippet:-1","max-image-preview":"max-image-preview:large","max-video-preview":"max-video-preview:-1"},"canonical":"https:\/\/easyoriginal.com\/en\/shop\/spanisch-deutsch\/la-ajorca-de-oro-der-goldene-armreif\/","og_locale":"en_GB","og_type":"article","og_title":"La ajorca de oro \/ Der goldene Armreif - EasyOriginal.com","og_description":"\u201cLa ajorca de oro\u201d (\"Der goldene Armreif\") ist eine Legende aus Gustavo Adolfo B\u00e9cquer\u00b4s \u201cLeyendas\u201d. B\u00e9cquer z\u00e4hlt zu den bedeutendsten Autoren der spanischen Romantik. Ungek\u00fcrzter Originaltext. Zweisprachiges Buch Spanisch-Deutsch.","og_url":"https:\/\/easyoriginal.com\/en\/shop\/spanisch-deutsch\/la-ajorca-de-oro-der-goldene-armreif\/","og_site_name":"EasyOriginal.com","article_modified_time":"2024-01-04T12:56:01+00:00","og_image":[{"width":468,"height":702,"url":"https:\/\/easyoriginal.com\/wp-content\/uploads\/Becquer_La_ajorca_de_oro_printcover.jpg","type":"image\/jpeg"}],"twitter_card":"summary_large_image","twitter_misc":{"Estimated reading time":"2 minutes"},"schema":{"@context":"https:\/\/schema.org","@graph":[{"@type":"WebPage","@id":"https:\/\/easyoriginal.com\/shop\/spanisch-deutsch\/la-ajorca-de-oro-der-goldene-armreif\/","url":"https:\/\/easyoriginal.com\/shop\/spanisch-deutsch\/la-ajorca-de-oro-der-goldene-armreif\/","name":"La ajorca de oro \/ Der goldene Armreif - EasyOriginal.com","isPartOf":{"@id":"https:\/\/easyoriginal.com\/#website"},"primaryImageOfPage":{"@id":"https:\/\/easyoriginal.com\/shop\/spanisch-deutsch\/la-ajorca-de-oro-der-goldene-armreif\/#primaryimage"},"image":{"@id":"https:\/\/easyoriginal.com\/shop\/spanisch-deutsch\/la-ajorca-de-oro-der-goldene-armreif\/#primaryimage"},"thumbnailUrl":"https:\/\/easyoriginal.com\/wp-content\/uploads\/Becquer_La_ajorca_de_oro_printcover.jpg","datePublished":"2022-07-26T20:39:25+00:00","dateModified":"2024-01-04T12:56:01+00:00","breadcrumb":{"@id":"https:\/\/easyoriginal.com\/shop\/spanisch-deutsch\/la-ajorca-de-oro-der-goldene-armreif\/#breadcrumb"},"inLanguage":"en-GB","potentialAction":[{"@type":"ReadAction","target":["https:\/\/easyoriginal.com\/shop\/spanisch-deutsch\/la-ajorca-de-oro-der-goldene-armreif\/"]}]},{"@type":"ImageObject","inLanguage":"en-GB","@id":"https:\/\/easyoriginal.com\/shop\/spanisch-deutsch\/la-ajorca-de-oro-der-goldene-armreif\/#primaryimage","url":"https:\/\/easyoriginal.com\/wp-content\/uploads\/Becquer_La_ajorca_de_oro_printcover.jpg","contentUrl":"https:\/\/easyoriginal.com\/wp-content\/uploads\/Becquer_La_ajorca_de_oro_printcover.jpg","width":468,"height":702,"caption":"Zweisprachiges buch spanisch-deutsch, spanische lekt\u00fcre, spanische kurzgeschichten, gustavo adolfo becquer"},{"@type":"BreadcrumbList","@id":"https:\/\/easyoriginal.com\/shop\/spanisch-deutsch\/la-ajorca-de-oro-der-goldene-armreif\/#breadcrumb","itemListElement":[{"@type":"ListItem","position":1,"name":"Startseite","item":"https:\/\/easyoriginal.com\/"},{"@type":"ListItem","position":2,"name":"Shop","item":"https:\/\/easyoriginal.com\/shop\/"},{"@type":"ListItem","position":3,"name":"La ajorca de oro \/ Der goldene Armreif"}]},{"@type":"WebSite","@id":"https:\/\/easyoriginal.com\/#website","url":"https:\/\/easyoriginal.com\/","name":"EasyOriginal.com","description":"Spa\u00df am Lesen im Original - Innovative Lesemethode f\u00fcr Fremdsprachen","publisher":{"@id":"https:\/\/easyoriginal.com\/#organization"},"potentialAction":[{"@type":"SearchAction","target":{"@type":"EntryPoint","urlTemplate":"https:\/\/easyoriginal.com\/?s={search_term_string}"},"query-input":{"@type":"PropertyValueSpecification","valueRequired":true,"valueName":"search_term_string"}}],"inLanguage":"en-GB"},{"@type":"Organization","@id":"https:\/\/easyoriginal.com\/#organization","name":"EasyOriginal Verlag","url":"https:\/\/easyoriginal.com\/","logo":{"@type":"ImageObject","inLanguage":"en-GB","@id":"https:\/\/easyoriginal.com\/#\/schema\/logo\/image\/","url":"https:\/\/easyoriginal.com\/wp-content\/uploads\/2020\/08\/logo_main.png","contentUrl":"https:\/\/easyoriginal.com\/wp-content\/uploads\/2020\/08\/logo_main.png","width":500,"height":103,"caption":"EasyOriginal Verlag"},"image":{"@id":"https:\/\/easyoriginal.com\/#\/schema\/logo\/image\/"}}]}},"_links":{"self":[{"href":"https:\/\/easyoriginal.com\/en\/wp-json\/wp\/v2\/product\/10205","targetHints":{"allow":["GET"]}}],"collection":[{"href":"https:\/\/easyoriginal.com\/en\/wp-json\/wp\/v2\/product"}],"about":[{"href":"https:\/\/easyoriginal.com\/en\/wp-json\/wp\/v2\/types\/product"}],"replies":[{"embeddable":true,"href":"https:\/\/easyoriginal.com\/en\/wp-json\/wp\/v2\/comments?post=10205"}],"wp:featuredmedia":[{"embeddable":true,"href":"https:\/\/easyoriginal.com\/en\/wp-json\/wp\/v2\/media\/10210"}],"wp:attachment":[{"href":"https:\/\/easyoriginal.com\/en\/wp-json\/wp\/v2\/media?parent=10205"}],"wp:term":[{"taxonomy":"product_brand","embeddable":true,"href":"https:\/\/easyoriginal.com\/en\/wp-json\/wp\/v2\/product_brand?post=10205"},{"taxonomy":"product_cat","embeddable":true,"href":"https:\/\/easyoriginal.com\/en\/wp-json\/wp\/v2\/product_cat?post=10205"},{"taxonomy":"product_tag","embeddable":true,"href":"https:\/\/easyoriginal.com\/en\/wp-json\/wp\/v2\/product_tag?post=10205"}],"curies":[{"name":"wp","href":"https:\/\/api.w.org\/{rel}","templated":true}]}}