{"id":10200,"date":"2022-07-26T22:33:20","date_gmt":"2022-07-26T20:33:20","guid":{"rendered":"https:\/\/easyoriginal.com\/?post_type=product&#038;p=10200"},"modified":"2024-01-04T13:54:35","modified_gmt":"2024-01-04T12:54:35","slug":"la-perle-noire-die-schwarze-perle","status":"publish","type":"product","link":"https:\/\/easyoriginal.com\/en\/shop\/franzoesisch-deutsch\/la-perle-noire-die-schwarze-perle\/","title":{"rendered":"La Perle noire \/ Die schwarze Perle (Ars\u00e8ne Lupin Kollektion)"},"content":{"rendered":"<div class=\"adapted-container\">\n<p class=\"Adapted\"><span class=\"Bold\">Un violent coup de sonnette r\u00e9veilla la concierge du num\u00e9ro 9 de l\u2019avenue Hoche <\/span><span class=\"Translation\">(ein heftiges Klingeln weckte die Concierge der Nummer 9 der Avenue Hoch<\/span><span class=\"No-Break\"><span class=\"Translation\">e;<\/span><\/span> <span class=\"Translation\"><span class=\"Comment-Words\">coup<\/span><\/span><span class=\"Translation\"><span class=\"Gender CharOverride-1\">m<\/span><\/span><span class=\"Translation\"><span class=\"Comments\">\u00a0\u2014 Schla<\/span><\/span><span class=\"Translation\"><span class=\"No-Break\"><span class=\"Comments\">g;<\/span><\/span><\/span> <span class=\"Translation\"><span class=\"Comment-Words\">sonnette<\/span><\/span><span class=\"Translation\"><span class=\"Gender CharOverride-1\">f<\/span><\/span><span class=\"Translation\"><span class=\"Comments\">\u00a0\u2014 Klinge<\/span><\/span><span class=\"Translation\"><span class=\"No-Break\"><span class=\"Comments\">l;<\/span><\/span><\/span><span class=\"Translation\"><span class=\"Comments\"> Glock<\/span><\/span><span class=\"Translation\"><span class=\"No-Break\"><span class=\"Comments\">e;<\/span><\/span><\/span> <span class=\"Translation\"><span class=\"Comment-Words\">coup de sonnette<\/span><\/span><span class=\"Translation\"><span class=\"Comments\">\u00a0\u2014 Klingel<\/span><\/span><span class=\"Translation\"><span class=\"No-Break\"><span class=\"Comments\">n;<\/span><\/span><\/span><span class=\"Translation\"><span class=\"Comments\"> Klingelzeiche<\/span><\/span><span class=\"Translation\"><span class=\"No-Break\"><span class=\"Comments\">n;<\/span><\/span><\/span><span class=\"Translation\"><span class=\"Comments\"> r\u00e9veille<\/span><\/span><span class=\"Translation\"><span class=\"No-Break\"><span class=\"Comments\">r;<\/span><\/span><\/span><span class=\"Translation\"><span class=\"Comments\"> concierge<\/span><\/span><span class=\"Translation\"><span class=\"Gender CharOverride-1\">m,f<\/span><\/span><span class=\"Translation\"><span class=\"Comments\">\u00a0\u2014 Concierg<\/span><\/span><span class=\"Translation\"><span class=\"No-Break\"><span class=\"Comments\">e;<\/span><\/span><\/span><span class=\"Translation\"><span class=\"Comments\"> Hausmeister<\/span><\/span><span class=\"Translation\"><span class=\"No-Break\"><span class=\"Comments\">\/i<\/span><\/span><\/span><span class=\"Translation\"><span class=\"Comments\">n<\/span><\/span><span class=\"Translation\"><span class=\"No-Break\"><span class=\"Comments\">\/;<\/span><\/span><\/span><span class=\"Translation\"><span class=\"Comments\"> Pf\u00f6rtner<\/span><\/span><span class=\"Translation\"><span class=\"No-Break\"><span class=\"Comments\">\/i<\/span><\/span><\/span><span class=\"Translation\"><span class=\"Comments\">n<\/span><\/span><span class=\"Translation\"><span class=\"No-Break\"><span class=\"Comments\">\/;<\/span><\/span><\/span><span class=\"Translation\"><span class=\"Comments\"> avenue<\/span><\/span><span class=\"Translation\"><span class=\"Gender CharOverride-1\">f<\/span><\/span><span class=\"Translation\">)<\/span><span class=\"Bold\">. Elle tira le cordon en grognant <\/span><span class=\"Translation\">(sie zog brummend die Schnu<\/span><span class=\"No-Break\"><span class=\"Translation\">r;<\/span><\/span> <span class=\"Translation\"><span class=\"Comments\">tire<\/span><\/span><span class=\"Translation\"><span class=\"No-Break\"><span class=\"Comments\">r;<\/span><\/span><\/span> <span class=\"Translation\"><span class=\"Comment-Words\">grogner<\/span><\/span><span class=\"Translation\">\u00a0\u2014 <\/span><span class=\"Translation\"><span class=\"Comments\">knurren, brummen<\/span><\/span><span class=\"Translation\">)<\/span><span class=\"Bold\">:<\/span><\/p>\n<p class=\"Adapted\"><span class=\"Bold\">\u2014Je croyais tout le monde rentr\u00e9 <\/span><span class=\"Translation\">(ich glaubte, alle: &#8222;die ganze Welt&#8220; heimgekehr<\/span><span class=\"No-Break\"><span class=\"Translation\">t;<\/span><\/span> <span class=\"Translation\"><span class=\"Comments\">croir<\/span><\/span><span class=\"Translation\"><span class=\"No-Break\"><span class=\"Comments\">e;<\/span><\/span><\/span><span class=\"Translation\"><span class=\"Comments\"> rentrer<\/span><\/span><span class=\"Translation\">)<\/span><span class=\"Bold\">. Il est au moins trois heures <\/span><span class=\"Translation\">(es ist mindestens drei Uh<\/span><span class=\"No-Break\"><span class=\"Translation\">r;<\/span><\/span> <span class=\"Translation\"><span class=\"Comment-Words\">au moins<\/span><\/span><span class=\"Translation\"><span class=\"Comments\">\u00a0\u2014 mindesten<\/span><\/span><span class=\"Translation\"><span class=\"No-Break\"><span class=\"Comments\">s;<\/span><\/span><\/span><span class=\"Translation\"><span class=\"Comments\"> heure<\/span><\/span><span class=\"Translation\"><span class=\"Gender CharOverride-1\">f<\/span><\/span><span class=\"Translation\">)<\/span><span class=\"Bold\">!<\/span><\/p>\n<p class=\"Adapted\"><span class=\"Bold\">Son mari bougonna <\/span><span class=\"Translation\">(ihr Ehemann knurrt<\/span><span class=\"No-Break\"><span class=\"Translation\">e;<\/span><\/span> <span class=\"Translation\"><span class=\"Comments\">bougonner<\/span><\/span><span class=\"Translation\">)<\/span><span class=\"Bold\">:<\/span><\/p>\n<p class=\"Adapted\"><span class=\"Bold\">\u2014C\u2019est peut-\u00eatre pour le docteur <\/span><span class=\"Translation\">(das ist vielleicht f\u00fcr den Dokto<\/span><span class=\"No-Break\"><span class=\"Translation\">r;<\/span><\/span> <span class=\"Translation\"><span class=\"Comment-Words\">peut-\u00eatre<\/span><\/span><span class=\"Translation\"><span class=\"Comments\">\u00a0\u2014 vielleicht<\/span><\/span><span class=\"Translation\">)<\/span><span class=\"Bold\">.<\/span><\/p>\n<\/div>\n<audio class=\"wp-audio-shortcode\" id=\"audio-10200-1\" preload=\"none\" style=\"width: 100%;\" controls=\"controls\"><source type=\"audio\/mpeg\" src=\"https:\/\/easyoriginal1.s3.eu-central-1.amazonaws.com\/franzoesisch\/f20\/1.mp3?_=1\" \/><a href=\"https:\/\/easyoriginal1.s3.eu-central-1.amazonaws.com\/franzoesisch\/f20\/1.mp3\">https:\/\/easyoriginal1.s3.eu-central-1.amazonaws.com\/franzoesisch\/f20\/1.mp3<\/a><\/audio>\n<div class=\"original-container\">\n<p class=\"Original\" lang=\"en-GB\">Un violent coup de sonnette r\u00e9veilla la concierge du num\u00e9ro 9 de l\u2019avenue Hoche. Elle tira le cordon en grognant:<\/p>\n<p class=\"Original\" lang=\"en-GB\">\u2014Je croyais tout le monde rentr\u00e9. <span lang=\"de-DE\">Il est au moins trois heures!<\/span><\/p>\n<p class=\"Original\" lang=\"en-GB\">Son mari bougonna:<\/p>\n<p class=\"Original\" lang=\"en-GB\">\u2014C\u2019est peut-\u00eatre pour le docteur.<\/p>\n<\/div>","protected":false},"excerpt":{"rendered":"<p>Ars\u00e8ne Lupin ist eine Romanfigur des franz\u00f6sischen Autors Maurice Leblanc. \u201cArs\u00e8ne Lupin, gentleman-cambrioleur\u201d (Ars\u00e8ne Lupin \u2013 Der Gentleman-Gauner) ist ein Sammelband mit 9 Geschichten.<br \/>\nAchte Geschichte &#8211; &#8222;La Perle noire&#8220; (&#8222;Die schwarze Perle&#8220;).<br \/>\nUngek\u00fcrzter Originaltext. Zweisprachiges Buch Franz\u00f6sisch-Deutsch. Lesemethode von Ilya Frank.<\/p>","protected":false},"featured_media":10194,"comment_status":"open","ping_status":"closed","template":"","meta":{"_acf_changed":false,"_et_pb_use_builder":"off","_et_pb_old_content":"<div class=\"adapted-container\">\r\n<p class=\"Adapted\"><span class=\"Bold\">Hace mucho tiempo que ten\u00eda ganas de escribir <\/span><span class=\"Translation\">(seit langer Zeit hatte ich Lust zu schreiben; <\/span><span class=\"Translation\"><span class=\"Comment-Words\">tener<\/span><\/span><span class=\"Translation\"><span class=\"Comments\"> \u2014 haben<\/span><\/span><span class=\"Translation\">)<\/span><span class=\"Bold\"> cualquier cosa con este t\u00edtulo <\/span><span class=\"Translation\">(irgendetwas mit diesem Titel)<\/span><span class=\"Bold\">.<\/span><\/p>\r\n<p class=\"Adapted\"><span class=\"Bold\">Hoy<a id=\"_idTextAnchor001\"><\/a>, que se me ha presentado ocasi\u00f3n <\/span><span class=\"Translation\">(heute, wo sich mir \/eine\/ Gelegenheit geboten hat; <\/span><span class=\"Translation\"><span class=\"Comment-Words\">presentar<\/span><\/span><span class=\"Translation\"><span class=\"Comments\"> \u2014 zeigen; vorstellen<\/span><\/span><span class=\"Translation\">)<\/span><span class=\"Bold\">, lo he puesto con letras grandes <\/span><span class=\"Translation\">(das habe ich in gro\u00dfen Buchstaben gesetzt = habe ich es in Gro\u00dfbuchstaben gesetzt; <\/span><span class=\"Translation\"><span class=\"Comment-Words\">poner<\/span><\/span><span class=\"Translation\"><span class=\"Comments\"> \u2014 setzen; stellen; legen<\/span><\/span><span class=\"Translation\">)<\/span><span class=\"Bold\"> en la primera cuartilla de papel <\/span><span class=\"Translation\">(auf das erste Blatt: \u00abauf das erste Viertelpapier\u00bb; <\/span><span class=\"Translation\"><span class=\"Comment-Words\">cuarto<\/span><\/span><span class=\"Translation\"><span class=\"Gender _idGenCharOverride-1\">m <\/span><\/span><span class=\"Translation\"><span class=\"Comments\">\u2014 Viertel<\/span><\/span><span class=\"Translation\">)<\/span><span class=\"Bold\">, y luego he dejado a capricho volar la pluma <\/span><span class=\"Translation\">(und dann habe ich nach Belieben die Feder fliegen lassen; <\/span><span class=\"Translation\"><span class=\"Comment-Words\">dejar<\/span><\/span><span class=\"Translation\"><span class=\"Comments\"> \u2014 lassen; <\/span><\/span><span class=\"Translation\"><span class=\"Comment-Words\">capricho<\/span><\/span><span class=\"Translation\"><span class=\"Gender _idGenCharOverride-1\">m <\/span><\/span><span class=\"Translation\"><span class=\"Comments\">\u2014 Laune<\/span><\/span><span class=\"Translation\">)<\/span><span class=\"Bold\">.<\/span><\/p>\r\n\r\n<\/div>\r\n[audio mp3=\"https:\/\/easyoriginal1.s3.eu-central-1.amazonaws.com\/spanisch\/s1\/1.mp3\"][\/audio]\r\n<div class=\"original-container\">\r\n<p class=\"Original\">Hace mucho tiempo que ten\u00eda ganas de escribir cualquier cosa con este t\u00edtulo.<\/p>\r\n<p class=\"Original\">Hoy, que se me ha presentado ocasi\u00f3n, lo he puesto con letras grandes en la primera cuartilla de papel, y luego he dejado a capricho volar la pluma.<\/p>\r\n\r\n<\/div>\r\n<a class=\"weiter\" href=\"\/webreader\/los-ojos-verdes\/fragment\/1-4-2\/\">weiter lesen<\/a>","_et_gb_content_width":""},"product_brand":[],"product_cat":[45],"product_tag":[165,81],"class_list":{"0":"post-10200","1":"product","2":"type-product","3":"status-publish","4":"has-post-thumbnail","6":"product_cat-franzoesisch-deutsch","7":"product_tag-arsene-lupin","8":"product_tag-krimi","10":"first","11":"instock","12":"taxable","13":"shipping-taxable","14":"purchasable","15":"product-type-variable"},"acf":[],"yoast_head":"<!-- This site is optimized with the Yoast SEO plugin v27.4 - https:\/\/yoast.com\/product\/yoast-seo-wordpress\/ -->\n<title>La Perle noire \/ Die schwarze Perle (Ars\u00e8ne Lupin Kollektion) - EasyOriginal.com<\/title>\n<meta name=\"robots\" content=\"index, follow, max-snippet:-1, max-image-preview:large, max-video-preview:-1\" \/>\n<link rel=\"canonical\" href=\"https:\/\/easyoriginal.com\/en\/shop\/franzoesisch-deutsch\/la-perle-noire-die-schwarze-perle\/\" \/>\n<meta property=\"og:locale\" content=\"en_GB\" \/>\n<meta property=\"og:type\" content=\"article\" \/>\n<meta property=\"og:title\" content=\"La Perle noire \/ Die schwarze Perle (Ars\u00e8ne Lupin Kollektion) - EasyOriginal.com\" \/>\n<meta property=\"og:description\" content=\"Ars\u00e8ne Lupin ist eine Romanfigur des franz\u00f6sischen Autors Maurice Leblanc. \u201cArs\u00e8ne Lupin, gentleman-cambrioleur\u201d (Ars\u00e8ne Lupin \u2013 Der Gentleman-Gauner) ist ein Sammelband mit 9 Geschichten. Achte Geschichte - &quot;La Perle noire&quot; (&quot;Die schwarze Perle&quot;). Ungek\u00fcrzter Originaltext. Zweisprachiges Buch Franz\u00f6sisch-Deutsch. Lesemethode von Ilya Frank.\" \/>\n<meta property=\"og:url\" content=\"https:\/\/easyoriginal.com\/en\/shop\/franzoesisch-deutsch\/la-perle-noire-die-schwarze-perle\/\" \/>\n<meta property=\"og:site_name\" content=\"EasyOriginal.com\" \/>\n<meta property=\"article:modified_time\" content=\"2024-01-04T12:54:35+00:00\" \/>\n<meta property=\"og:image\" content=\"https:\/\/easyoriginal.com\/wp-content\/uploads\/Leblanc_La_Perle_noire_printcover-1.jpg\" \/>\n\t<meta property=\"og:image:width\" content=\"468\" \/>\n\t<meta property=\"og:image:height\" content=\"702\" \/>\n\t<meta property=\"og:image:type\" content=\"image\/jpeg\" \/>\n<meta name=\"twitter:card\" content=\"summary_large_image\" \/>\n<meta name=\"twitter:label1\" content=\"Estimated reading time\" \/>\n\t<meta name=\"twitter:data1\" content=\"2 minutes\" \/>\n<script type=\"application\/ld+json\" class=\"yoast-schema-graph\">{\"@context\":\"https:\\\/\\\/schema.org\",\"@graph\":[{\"@type\":\"WebPage\",\"@id\":\"https:\\\/\\\/easyoriginal.com\\\/shop\\\/franzoesisch-deutsch\\\/la-perle-noire-die-schwarze-perle\\\/\",\"url\":\"https:\\\/\\\/easyoriginal.com\\\/shop\\\/franzoesisch-deutsch\\\/la-perle-noire-die-schwarze-perle\\\/\",\"name\":\"La Perle noire \\\/ Die schwarze Perle (Ars\u00e8ne Lupin Kollektion) - EasyOriginal.com\",\"isPartOf\":{\"@id\":\"https:\\\/\\\/easyoriginal.com\\\/#website\"},\"primaryImageOfPage\":{\"@id\":\"https:\\\/\\\/easyoriginal.com\\\/shop\\\/franzoesisch-deutsch\\\/la-perle-noire-die-schwarze-perle\\\/#primaryimage\"},\"image\":{\"@id\":\"https:\\\/\\\/easyoriginal.com\\\/shop\\\/franzoesisch-deutsch\\\/la-perle-noire-die-schwarze-perle\\\/#primaryimage\"},\"thumbnailUrl\":\"https:\\\/\\\/easyoriginal.com\\\/wp-content\\\/uploads\\\/Leblanc_La_Perle_noire_printcover-1.jpg\",\"datePublished\":\"2022-07-26T20:33:20+00:00\",\"dateModified\":\"2024-01-04T12:54:35+00:00\",\"breadcrumb\":{\"@id\":\"https:\\\/\\\/easyoriginal.com\\\/shop\\\/franzoesisch-deutsch\\\/la-perle-noire-die-schwarze-perle\\\/#breadcrumb\"},\"inLanguage\":\"en-GB\",\"potentialAction\":[{\"@type\":\"ReadAction\",\"target\":[\"https:\\\/\\\/easyoriginal.com\\\/shop\\\/franzoesisch-deutsch\\\/la-perle-noire-die-schwarze-perle\\\/\"]}]},{\"@type\":\"ImageObject\",\"inLanguage\":\"en-GB\",\"@id\":\"https:\\\/\\\/easyoriginal.com\\\/shop\\\/franzoesisch-deutsch\\\/la-perle-noire-die-schwarze-perle\\\/#primaryimage\",\"url\":\"https:\\\/\\\/easyoriginal.com\\\/wp-content\\\/uploads\\\/Leblanc_La_Perle_noire_printcover-1.jpg\",\"contentUrl\":\"https:\\\/\\\/easyoriginal.com\\\/wp-content\\\/uploads\\\/Leblanc_La_Perle_noire_printcover-1.jpg\",\"width\":468,\"height\":702,\"caption\":\"Zweisprachiges buch franz\u00f6sisch-deutsch, arsene lupin, franz\u00f6sische krimi, franz\u00f6sische kurzgeschichten maurice leblanc\"},{\"@type\":\"BreadcrumbList\",\"@id\":\"https:\\\/\\\/easyoriginal.com\\\/shop\\\/franzoesisch-deutsch\\\/la-perle-noire-die-schwarze-perle\\\/#breadcrumb\",\"itemListElement\":[{\"@type\":\"ListItem\",\"position\":1,\"name\":\"Startseite\",\"item\":\"https:\\\/\\\/easyoriginal.com\\\/\"},{\"@type\":\"ListItem\",\"position\":2,\"name\":\"Shop\",\"item\":\"https:\\\/\\\/easyoriginal.com\\\/shop\\\/\"},{\"@type\":\"ListItem\",\"position\":3,\"name\":\"La Perle noire \\\/ Die schwarze Perle (Ars\u00e8ne Lupin Kollektion)\"}]},{\"@type\":\"WebSite\",\"@id\":\"https:\\\/\\\/easyoriginal.com\\\/#website\",\"url\":\"https:\\\/\\\/easyoriginal.com\\\/\",\"name\":\"EasyOriginal.com\",\"description\":\"Spa\u00df am Lesen im Original - Innovative Lesemethode f\u00fcr Fremdsprachen\",\"publisher\":{\"@id\":\"https:\\\/\\\/easyoriginal.com\\\/#organization\"},\"potentialAction\":[{\"@type\":\"SearchAction\",\"target\":{\"@type\":\"EntryPoint\",\"urlTemplate\":\"https:\\\/\\\/easyoriginal.com\\\/?s={search_term_string}\"},\"query-input\":{\"@type\":\"PropertyValueSpecification\",\"valueRequired\":true,\"valueName\":\"search_term_string\"}}],\"inLanguage\":\"en-GB\"},{\"@type\":\"Organization\",\"@id\":\"https:\\\/\\\/easyoriginal.com\\\/#organization\",\"name\":\"EasyOriginal Verlag\",\"url\":\"https:\\\/\\\/easyoriginal.com\\\/\",\"logo\":{\"@type\":\"ImageObject\",\"inLanguage\":\"en-GB\",\"@id\":\"https:\\\/\\\/easyoriginal.com\\\/#\\\/schema\\\/logo\\\/image\\\/\",\"url\":\"https:\\\/\\\/easyoriginal.com\\\/wp-content\\\/uploads\\\/2020\\\/08\\\/logo_main.png\",\"contentUrl\":\"https:\\\/\\\/easyoriginal.com\\\/wp-content\\\/uploads\\\/2020\\\/08\\\/logo_main.png\",\"width\":500,\"height\":103,\"caption\":\"EasyOriginal Verlag\"},\"image\":{\"@id\":\"https:\\\/\\\/easyoriginal.com\\\/#\\\/schema\\\/logo\\\/image\\\/\"}}]}<\/script>\n<!-- \/ Yoast SEO plugin. -->","yoast_head_json":{"title":"La Perle noire \/ Die schwarze Perle (Ars\u00e8ne Lupin Kollektion) - EasyOriginal.com","robots":{"index":"index","follow":"follow","max-snippet":"max-snippet:-1","max-image-preview":"max-image-preview:large","max-video-preview":"max-video-preview:-1"},"canonical":"https:\/\/easyoriginal.com\/en\/shop\/franzoesisch-deutsch\/la-perle-noire-die-schwarze-perle\/","og_locale":"en_GB","og_type":"article","og_title":"La Perle noire \/ Die schwarze Perle (Ars\u00e8ne Lupin Kollektion) - EasyOriginal.com","og_description":"Ars\u00e8ne Lupin ist eine Romanfigur des franz\u00f6sischen Autors Maurice Leblanc. \u201cArs\u00e8ne Lupin, gentleman-cambrioleur\u201d (Ars\u00e8ne Lupin \u2013 Der Gentleman-Gauner) ist ein Sammelband mit 9 Geschichten. Achte Geschichte - \"La Perle noire\" (\"Die schwarze Perle\"). Ungek\u00fcrzter Originaltext. Zweisprachiges Buch Franz\u00f6sisch-Deutsch. Lesemethode von Ilya Frank.","og_url":"https:\/\/easyoriginal.com\/en\/shop\/franzoesisch-deutsch\/la-perle-noire-die-schwarze-perle\/","og_site_name":"EasyOriginal.com","article_modified_time":"2024-01-04T12:54:35+00:00","og_image":[{"width":468,"height":702,"url":"https:\/\/easyoriginal.com\/wp-content\/uploads\/Leblanc_La_Perle_noire_printcover-1.jpg","type":"image\/jpeg"}],"twitter_card":"summary_large_image","twitter_misc":{"Estimated reading time":"2 minutes"},"schema":{"@context":"https:\/\/schema.org","@graph":[{"@type":"WebPage","@id":"https:\/\/easyoriginal.com\/shop\/franzoesisch-deutsch\/la-perle-noire-die-schwarze-perle\/","url":"https:\/\/easyoriginal.com\/shop\/franzoesisch-deutsch\/la-perle-noire-die-schwarze-perle\/","name":"La Perle noire \/ Die schwarze Perle (Ars\u00e8ne Lupin Kollektion) - EasyOriginal.com","isPartOf":{"@id":"https:\/\/easyoriginal.com\/#website"},"primaryImageOfPage":{"@id":"https:\/\/easyoriginal.com\/shop\/franzoesisch-deutsch\/la-perle-noire-die-schwarze-perle\/#primaryimage"},"image":{"@id":"https:\/\/easyoriginal.com\/shop\/franzoesisch-deutsch\/la-perle-noire-die-schwarze-perle\/#primaryimage"},"thumbnailUrl":"https:\/\/easyoriginal.com\/wp-content\/uploads\/Leblanc_La_Perle_noire_printcover-1.jpg","datePublished":"2022-07-26T20:33:20+00:00","dateModified":"2024-01-04T12:54:35+00:00","breadcrumb":{"@id":"https:\/\/easyoriginal.com\/shop\/franzoesisch-deutsch\/la-perle-noire-die-schwarze-perle\/#breadcrumb"},"inLanguage":"en-GB","potentialAction":[{"@type":"ReadAction","target":["https:\/\/easyoriginal.com\/shop\/franzoesisch-deutsch\/la-perle-noire-die-schwarze-perle\/"]}]},{"@type":"ImageObject","inLanguage":"en-GB","@id":"https:\/\/easyoriginal.com\/shop\/franzoesisch-deutsch\/la-perle-noire-die-schwarze-perle\/#primaryimage","url":"https:\/\/easyoriginal.com\/wp-content\/uploads\/Leblanc_La_Perle_noire_printcover-1.jpg","contentUrl":"https:\/\/easyoriginal.com\/wp-content\/uploads\/Leblanc_La_Perle_noire_printcover-1.jpg","width":468,"height":702,"caption":"Zweisprachiges buch franz\u00f6sisch-deutsch, arsene lupin, franz\u00f6sische krimi, franz\u00f6sische kurzgeschichten maurice leblanc"},{"@type":"BreadcrumbList","@id":"https:\/\/easyoriginal.com\/shop\/franzoesisch-deutsch\/la-perle-noire-die-schwarze-perle\/#breadcrumb","itemListElement":[{"@type":"ListItem","position":1,"name":"Startseite","item":"https:\/\/easyoriginal.com\/"},{"@type":"ListItem","position":2,"name":"Shop","item":"https:\/\/easyoriginal.com\/shop\/"},{"@type":"ListItem","position":3,"name":"La Perle noire \/ Die schwarze Perle (Ars\u00e8ne Lupin Kollektion)"}]},{"@type":"WebSite","@id":"https:\/\/easyoriginal.com\/#website","url":"https:\/\/easyoriginal.com\/","name":"EasyOriginal.com","description":"Spa\u00df am Lesen im Original - Innovative Lesemethode f\u00fcr Fremdsprachen","publisher":{"@id":"https:\/\/easyoriginal.com\/#organization"},"potentialAction":[{"@type":"SearchAction","target":{"@type":"EntryPoint","urlTemplate":"https:\/\/easyoriginal.com\/?s={search_term_string}"},"query-input":{"@type":"PropertyValueSpecification","valueRequired":true,"valueName":"search_term_string"}}],"inLanguage":"en-GB"},{"@type":"Organization","@id":"https:\/\/easyoriginal.com\/#organization","name":"EasyOriginal Verlag","url":"https:\/\/easyoriginal.com\/","logo":{"@type":"ImageObject","inLanguage":"en-GB","@id":"https:\/\/easyoriginal.com\/#\/schema\/logo\/image\/","url":"https:\/\/easyoriginal.com\/wp-content\/uploads\/2020\/08\/logo_main.png","contentUrl":"https:\/\/easyoriginal.com\/wp-content\/uploads\/2020\/08\/logo_main.png","width":500,"height":103,"caption":"EasyOriginal Verlag"},"image":{"@id":"https:\/\/easyoriginal.com\/#\/schema\/logo\/image\/"}}]}},"_links":{"self":[{"href":"https:\/\/easyoriginal.com\/en\/wp-json\/wp\/v2\/product\/10200","targetHints":{"allow":["GET"]}}],"collection":[{"href":"https:\/\/easyoriginal.com\/en\/wp-json\/wp\/v2\/product"}],"about":[{"href":"https:\/\/easyoriginal.com\/en\/wp-json\/wp\/v2\/types\/product"}],"replies":[{"embeddable":true,"href":"https:\/\/easyoriginal.com\/en\/wp-json\/wp\/v2\/comments?post=10200"}],"wp:featuredmedia":[{"embeddable":true,"href":"https:\/\/easyoriginal.com\/en\/wp-json\/wp\/v2\/media\/10194"}],"wp:attachment":[{"href":"https:\/\/easyoriginal.com\/en\/wp-json\/wp\/v2\/media?parent=10200"}],"wp:term":[{"taxonomy":"product_brand","embeddable":true,"href":"https:\/\/easyoriginal.com\/en\/wp-json\/wp\/v2\/product_brand?post=10200"},{"taxonomy":"product_cat","embeddable":true,"href":"https:\/\/easyoriginal.com\/en\/wp-json\/wp\/v2\/product_cat?post=10200"},{"taxonomy":"product_tag","embeddable":true,"href":"https:\/\/easyoriginal.com\/en\/wp-json\/wp\/v2\/product_tag?post=10200"}],"curies":[{"name":"wp","href":"https:\/\/api.w.org\/{rel}","templated":true}]}}