{"id":10123,"date":"2022-07-05T20:37:38","date_gmt":"2022-07-05T18:37:38","guid":{"rendered":"https:\/\/easyoriginal.com\/?post_type=product&#038;p=10123"},"modified":"2024-01-04T13:51:28","modified_gmt":"2024-01-04T12:51:28","slug":"la-gaita-maravillosa-the-magic-bagpipes","status":"publish","type":"product","link":"https:\/\/easyoriginal.com\/en\/shop\/spanisch-englisch\/la-gaita-maravillosa-the-magic-bagpipes\/","title":{"rendered":"La gaita maravillosa \/ The Magic Bagpipes"},"content":{"rendered":"<div class=\"adapted-container\">\n<p class=\"Adapted\"><span class=\"Bold\">\u00c9rase que se era <\/span><span class=\"Translation\">(once upon a time: &quot;there was that there was<\/span><span class=\"No-Break\"><span class=\"Translation\">&quot;;<\/span><\/span><span class=\"Translation\"> <\/span><span class=\"Translation\"><span class=\"Comment-Words\">ser<\/span><\/span><span class=\"Translation\"><span class=\"No-Break\"><span class=\"Comments\"> \u2014<\/span><\/span><\/span><span class=\"Translation\"><span class=\"Comments\"> to be<\/span><\/span><span class=\"Translation\">)<\/span> <span class=\"Bold\">un padre con tres hijos <\/span><span class=\"Translation\">(<\/span><span class=\"No-Break\"><span class=\"Translation\">\/t<\/span><\/span><span class=\"Translation\">here was<\/span><span class=\"No-Break\"><span class=\"Translation\">\/ <\/span><\/span><span class=\"Translation\">a father who had three sons: &quot;with three sons&quot;)<\/span>.<\/p>\n<p class=\"Adapted\"><span class=\"Bold\">Los dos mayores eran inteligentes y aplicados <\/span><span class=\"Translation\">(the elder two were intelligent and diligent)<\/span><span class=\"Bold\">, pero el tercero era algo simplote <\/span><span class=\"Translation\">(but the third was somewhat simple-minded)<\/span> <span class=\"Bold\">y le gustaba m\u00e1s jugar que estudiar <\/span><span class=\"Translation\">(and enjoyed playing more than studyin<\/span><span class=\"No-Break\"><span class=\"Translation\">g;<\/span><\/span><span class=\"Translation\"><span class=\"Bold\"> <\/span><\/span><span class=\"Translation\"><span class=\"Comment-Words\">gustar m\u00e1s<\/span><\/span><span class=\"Translation\"><span class=\"No-Break\"><span class=\"Comments\"> \u2014<\/span><\/span><\/span><span class=\"Translation\"><span class=\"Comments\"> to like more<\/span><\/span><span class=\"Translation\">)<\/span><span class=\"Bold\">.<\/span><\/p>\n<p class=\"Adapted\"><span class=\"Bold\">El muchachito cre\u00eda <\/span><span class=\"Translation\">(the young lad though<\/span><span class=\"No-Break\"><span class=\"Translation\">t;<\/span><\/span><span class=\"Translation\"> <\/span><span class=\"Translation\"><span class=\"Comment-Words\">creer<\/span><\/span><span class=\"Translation\"><span class=\"No-Break\"><span class=\"Comments\"> \u2014<\/span><\/span><\/span><span class=\"Translation\"><span class=\"Comments\"> to believ<\/span><\/span><span class=\"Translation\"><span class=\"No-Break\"><span class=\"Comments\">e;<\/span><\/span><\/span><span class=\"Translation\"><span class=\"Comments\"> think<\/span><\/span><span class=\"Translation\">)<\/span><span class=\"Italic\"> <\/span><span class=\"Bold\">que ni sus padres ni sus hermanitos le quer\u00edan <\/span><span class=\"Translation\">(that neither his parents nor his brothers loved hi<\/span><span class=\"No-Break\"><span class=\"Translation\">m;<\/span><\/span><span class=\"Translation\"> <\/span><span class=\"Translation\"><span class=\"Comment-Words\">querer<\/span><\/span><span class=\"Translation\"><span class=\"No-Break\"><span class=\"Comments\"> \u2014<\/span><\/span><\/span><span class=\"Translation\"><span class=\"Comments\"> to like<\/span><\/span><span class=\"Translation\"><span class=\"No-Break\"><span class=\"Comments\">\/l<\/span><\/span><\/span><span class=\"Translation\"><span class=\"Comments\">ove<\/span><\/span><span class=\"Translation\">)<\/span>,<span class=\"Bold\"> pues siempre le estaban rega\u00f1ando <\/span><span class=\"Translation\">(as they were always scolding hi<\/span><span class=\"No-Break\"><span class=\"Translation\">m;<\/span><\/span><span class=\"Translation\"> <\/span><span class=\"Translation\"><span class=\"Comment-Words\">siempre<\/span><\/span><span class=\"Translation\"><span class=\"No-Break\"><span class=\"Comments\"> \u2014<\/span><\/span><\/span><span class=\"Translation\"><span class=\"Comments\"> alway<\/span><\/span><span class=\"Translation\"><span class=\"No-Break\"><span class=\"Comments\">s;<\/span><\/span><\/span><span class=\"Translation\"><span class=\"Comments\"> constantl<\/span><\/span><span class=\"Translation\"><span class=\"No-Break\"><span class=\"Comments\">y;<\/span><\/span><\/span><span class=\"Translation\"><span class=\"Comments\"> rega\u00f1ar<\/span><\/span><span class=\"Translation\">)<\/span><span class=\"Italic\"> <\/span><span class=\"Bold\">o burl\u00e1ndose de \u00e9l por su ignorancia <\/span><span class=\"Translation\">(or mocking him for his ignorance)<\/span><span class=\"Bold\">.<\/span><\/p>\n<\/div>\n<audio class=\"wp-audio-shortcode\" id=\"audio-10123-1\" preload=\"none\" style=\"width: 100%;\" controls=\"controls\"><source type=\"audio\/mpeg\" src=\"https:\/\/easyoriginal1.s3.eu-central-1.amazonaws.com\/spanisch\/s5\/1.mp3?_=1\" \/><a href=\"https:\/\/easyoriginal1.s3.eu-central-1.amazonaws.com\/spanisch\/s5\/1.mp3\">https:\/\/easyoriginal1.s3.eu-central-1.amazonaws.com\/spanisch\/s5\/1.mp3<\/a><\/audio>\n<div class=\"original-container\">\n<p class=\"Original\" lang=\"en-US\">\u00c9rase que se era un padre con tres hijos.<\/p>\n<p class=\"Original\" lang=\"en-US\">Los dos mayores eran inteligentes y aplicados, pero el tercero era algo simplote y le gustaba m\u00e1s jugar que estudiar.<\/p>\n<p class=\"Original\" lang=\"en-US\">El muchachito cre\u00eda que ni sus padres ni sus hermanitos le quer\u00edan, pues siempre le estaban rega\u00f1ando o burl\u00e1ndose de \u00e9l por su ignorancia.<\/p>\n<\/div>","protected":false},"excerpt":{"rendered":"<p>Spanish fairy tale &#8211; &#8222;La gaita maravillosa&#8220; (&#8222;The Magic Bagpipes&#8220;).<br \/>\nUnabridged original text. Bilingual book Spanish-English.<\/p>\n<p><a class=\"lpdf\" href=\"\/sample\/cuentos_La_gaita_maravillosa_EN_Sample.pdf\" target=\"_blank\" rel=\"noopener noreferrer\">Reading Sample (PDF)<\/a><\/p>","protected":false},"featured_media":10057,"comment_status":"open","ping_status":"closed","template":"","meta":{"_acf_changed":false,"_et_pb_use_builder":"off","_et_pb_old_content":"<div class=\"adapted-container\">\r\n<p class=\"Adapted\"><span class=\"Bold\">Hace mucho tiempo que ten\u00eda ganas de escribir <\/span><span class=\"Translation\">(seit langer Zeit hatte ich Lust zu schreiben; <\/span><span class=\"Translation\"><span class=\"Comment-Words\">tener<\/span><\/span><span class=\"Translation\"><span class=\"Comments\"> \u2014 haben<\/span><\/span><span class=\"Translation\">)<\/span><span class=\"Bold\"> cualquier cosa con este t\u00edtulo <\/span><span class=\"Translation\">(irgendetwas mit diesem Titel)<\/span><span class=\"Bold\">.<\/span><\/p>\r\n<p class=\"Adapted\"><span class=\"Bold\">Hoy<a id=\"_idTextAnchor001\"><\/a>, que se me ha presentado ocasi\u00f3n <\/span><span class=\"Translation\">(heute, wo sich mir \/eine\/ Gelegenheit geboten hat; <\/span><span class=\"Translation\"><span class=\"Comment-Words\">presentar<\/span><\/span><span class=\"Translation\"><span class=\"Comments\"> \u2014 zeigen; vorstellen<\/span><\/span><span class=\"Translation\">)<\/span><span class=\"Bold\">, lo he puesto con letras grandes <\/span><span class=\"Translation\">(das habe ich in gro\u00dfen Buchstaben gesetzt = habe ich es in Gro\u00dfbuchstaben gesetzt; <\/span><span class=\"Translation\"><span class=\"Comment-Words\">poner<\/span><\/span><span class=\"Translation\"><span class=\"Comments\"> \u2014 setzen; stellen; legen<\/span><\/span><span class=\"Translation\">)<\/span><span class=\"Bold\"> en la primera cuartilla de papel <\/span><span class=\"Translation\">(auf das erste Blatt: \u00abauf das erste Viertelpapier\u00bb; <\/span><span class=\"Translation\"><span class=\"Comment-Words\">cuarto<\/span><\/span><span class=\"Translation\"><span class=\"Gender _idGenCharOverride-1\">m <\/span><\/span><span class=\"Translation\"><span class=\"Comments\">\u2014 Viertel<\/span><\/span><span class=\"Translation\">)<\/span><span class=\"Bold\">, y luego he dejado a capricho volar la pluma <\/span><span class=\"Translation\">(und dann habe ich nach Belieben die Feder fliegen lassen; <\/span><span class=\"Translation\"><span class=\"Comment-Words\">dejar<\/span><\/span><span class=\"Translation\"><span class=\"Comments\"> \u2014 lassen; <\/span><\/span><span class=\"Translation\"><span class=\"Comment-Words\">capricho<\/span><\/span><span class=\"Translation\"><span class=\"Gender _idGenCharOverride-1\">m <\/span><\/span><span class=\"Translation\"><span class=\"Comments\">\u2014 Laune<\/span><\/span><span class=\"Translation\">)<\/span><span class=\"Bold\">.<\/span><\/p>\r\n\r\n<\/div>\r\n[audio mp3=\"https:\/\/easyoriginal1.s3.eu-central-1.amazonaws.com\/spanisch\/s1\/1.mp3\"][\/audio]\r\n<div class=\"original-container\">\r\n<p class=\"Original\">Hace mucho tiempo que ten\u00eda ganas de escribir cualquier cosa con este t\u00edtulo.<\/p>\r\n<p class=\"Original\">Hoy, que se me ha presentado ocasi\u00f3n, lo he puesto con letras grandes en la primera cuartilla de papel, y luego he dejado a capricho volar la pluma.<\/p>\r\n\r\n<\/div>\r\n<a class=\"weiter\" href=\"\/webreader\/los-ojos-verdes\/fragment\/1-4-2\/\">weiter lesen<\/a>","_et_gb_content_width":""},"product_brand":[],"product_cat":[190],"product_tag":[164,163],"class_list":{"0":"post-10123","1":"product","2":"type-product","3":"status-publish","4":"has-post-thumbnail","6":"product_cat-spanisch-englisch","7":"product_tag-anfaenger","8":"product_tag-maerchen","10":"first","11":"instock","12":"taxable","13":"shipping-taxable","14":"purchasable","15":"product-type-variable"},"acf":[],"yoast_head":"<!-- This site is optimized with the Yoast SEO plugin v27.3 - https:\/\/yoast.com\/product\/yoast-seo-wordpress\/ -->\n<title>La gaita maravillosa \/ The Magic Bagpipes - EasyOriginal.com<\/title>\n<meta name=\"robots\" content=\"index, follow, max-snippet:-1, max-image-preview:large, max-video-preview:-1\" \/>\n<link rel=\"canonical\" href=\"https:\/\/easyoriginal.com\/en\/shop\/spanisch-englisch\/la-gaita-maravillosa-the-magic-bagpipes\/\" \/>\n<meta property=\"og:locale\" content=\"en_GB\" \/>\n<meta property=\"og:type\" content=\"article\" \/>\n<meta property=\"og:title\" content=\"La gaita maravillosa \/ The Magic Bagpipes - EasyOriginal.com\" \/>\n<meta property=\"og:description\" content=\"Spanish fairy tale - &quot;La gaita maravillosa&quot; (&quot;The Magic Bagpipes&quot;). Unabridged original text. Bilingual book Spanish-English.  Reading Sample (PDF)\" \/>\n<meta property=\"og:url\" content=\"https:\/\/easyoriginal.com\/en\/shop\/spanisch-englisch\/la-gaita-maravillosa-the-magic-bagpipes\/\" \/>\n<meta property=\"og:site_name\" content=\"EasyOriginal.com\" \/>\n<meta property=\"article:modified_time\" content=\"2024-01-04T12:51:28+00:00\" \/>\n<meta property=\"og:image\" content=\"https:\/\/easyoriginal.com\/wp-content\/uploads\/cuentos_La-gaita-maravillosa_EN_printcover.jpg\" \/>\n\t<meta property=\"og:image:width\" content=\"468\" \/>\n\t<meta property=\"og:image:height\" content=\"702\" \/>\n\t<meta property=\"og:image:type\" content=\"image\/jpeg\" \/>\n<meta name=\"twitter:card\" content=\"summary_large_image\" \/>\n<meta name=\"twitter:label1\" content=\"Estimated reading time\" \/>\n\t<meta name=\"twitter:data1\" content=\"2 minutes\" \/>\n<script type=\"application\/ld+json\" class=\"yoast-schema-graph\">{\"@context\":\"https:\\\/\\\/schema.org\",\"@graph\":[{\"@type\":\"WebPage\",\"@id\":\"https:\\\/\\\/easyoriginal.com\\\/shop\\\/spanisch-englisch\\\/la-gaita-maravillosa-the-magic-bagpipes\\\/\",\"url\":\"https:\\\/\\\/easyoriginal.com\\\/shop\\\/spanisch-englisch\\\/la-gaita-maravillosa-the-magic-bagpipes\\\/\",\"name\":\"La gaita maravillosa \\\/ The Magic Bagpipes - EasyOriginal.com\",\"isPartOf\":{\"@id\":\"https:\\\/\\\/easyoriginal.com\\\/#website\"},\"primaryImageOfPage\":{\"@id\":\"https:\\\/\\\/easyoriginal.com\\\/shop\\\/spanisch-englisch\\\/la-gaita-maravillosa-the-magic-bagpipes\\\/#primaryimage\"},\"image\":{\"@id\":\"https:\\\/\\\/easyoriginal.com\\\/shop\\\/spanisch-englisch\\\/la-gaita-maravillosa-the-magic-bagpipes\\\/#primaryimage\"},\"thumbnailUrl\":\"https:\\\/\\\/easyoriginal.com\\\/wp-content\\\/uploads\\\/cuentos_La-gaita-maravillosa_EN_printcover.jpg\",\"datePublished\":\"2022-07-05T18:37:38+00:00\",\"dateModified\":\"2024-01-04T12:51:28+00:00\",\"breadcrumb\":{\"@id\":\"https:\\\/\\\/easyoriginal.com\\\/shop\\\/spanisch-englisch\\\/la-gaita-maravillosa-the-magic-bagpipes\\\/#breadcrumb\"},\"inLanguage\":\"en-GB\",\"potentialAction\":[{\"@type\":\"ReadAction\",\"target\":[\"https:\\\/\\\/easyoriginal.com\\\/shop\\\/spanisch-englisch\\\/la-gaita-maravillosa-the-magic-bagpipes\\\/\"]}]},{\"@type\":\"ImageObject\",\"inLanguage\":\"en-GB\",\"@id\":\"https:\\\/\\\/easyoriginal.com\\\/shop\\\/spanisch-englisch\\\/la-gaita-maravillosa-the-magic-bagpipes\\\/#primaryimage\",\"url\":\"https:\\\/\\\/easyoriginal.com\\\/wp-content\\\/uploads\\\/cuentos_La-gaita-maravillosa_EN_printcover.jpg\",\"contentUrl\":\"https:\\\/\\\/easyoriginal.com\\\/wp-content\\\/uploads\\\/cuentos_La-gaita-maravillosa_EN_printcover.jpg\",\"width\":468,\"height\":702},{\"@type\":\"BreadcrumbList\",\"@id\":\"https:\\\/\\\/easyoriginal.com\\\/shop\\\/spanisch-englisch\\\/la-gaita-maravillosa-the-magic-bagpipes\\\/#breadcrumb\",\"itemListElement\":[{\"@type\":\"ListItem\",\"position\":1,\"name\":\"Startseite\",\"item\":\"https:\\\/\\\/easyoriginal.com\\\/\"},{\"@type\":\"ListItem\",\"position\":2,\"name\":\"Shop\",\"item\":\"https:\\\/\\\/easyoriginal.com\\\/shop\\\/\"},{\"@type\":\"ListItem\",\"position\":3,\"name\":\"La gaita maravillosa \\\/ The Magic Bagpipes\"}]},{\"@type\":\"WebSite\",\"@id\":\"https:\\\/\\\/easyoriginal.com\\\/#website\",\"url\":\"https:\\\/\\\/easyoriginal.com\\\/\",\"name\":\"EasyOriginal.com\",\"description\":\"Spa\u00df am Lesen im Original - Innovative Lesemethode f\u00fcr Fremdsprachen\",\"publisher\":{\"@id\":\"https:\\\/\\\/easyoriginal.com\\\/#organization\"},\"potentialAction\":[{\"@type\":\"SearchAction\",\"target\":{\"@type\":\"EntryPoint\",\"urlTemplate\":\"https:\\\/\\\/easyoriginal.com\\\/?s={search_term_string}\"},\"query-input\":{\"@type\":\"PropertyValueSpecification\",\"valueRequired\":true,\"valueName\":\"search_term_string\"}}],\"inLanguage\":\"en-GB\"},{\"@type\":\"Organization\",\"@id\":\"https:\\\/\\\/easyoriginal.com\\\/#organization\",\"name\":\"EasyOriginal Verlag\",\"url\":\"https:\\\/\\\/easyoriginal.com\\\/\",\"logo\":{\"@type\":\"ImageObject\",\"inLanguage\":\"en-GB\",\"@id\":\"https:\\\/\\\/easyoriginal.com\\\/#\\\/schema\\\/logo\\\/image\\\/\",\"url\":\"https:\\\/\\\/easyoriginal.com\\\/wp-content\\\/uploads\\\/2020\\\/08\\\/logo_main.png\",\"contentUrl\":\"https:\\\/\\\/easyoriginal.com\\\/wp-content\\\/uploads\\\/2020\\\/08\\\/logo_main.png\",\"width\":500,\"height\":103,\"caption\":\"EasyOriginal Verlag\"},\"image\":{\"@id\":\"https:\\\/\\\/easyoriginal.com\\\/#\\\/schema\\\/logo\\\/image\\\/\"}}]}<\/script>\n<!-- \/ Yoast SEO plugin. -->","yoast_head_json":{"title":"La gaita maravillosa \/ The Magic Bagpipes - EasyOriginal.com","robots":{"index":"index","follow":"follow","max-snippet":"max-snippet:-1","max-image-preview":"max-image-preview:large","max-video-preview":"max-video-preview:-1"},"canonical":"https:\/\/easyoriginal.com\/en\/shop\/spanisch-englisch\/la-gaita-maravillosa-the-magic-bagpipes\/","og_locale":"en_GB","og_type":"article","og_title":"La gaita maravillosa \/ The Magic Bagpipes - EasyOriginal.com","og_description":"Spanish fairy tale - \"La gaita maravillosa\" (\"The Magic Bagpipes\"). Unabridged original text. Bilingual book Spanish-English.  Reading Sample (PDF)","og_url":"https:\/\/easyoriginal.com\/en\/shop\/spanisch-englisch\/la-gaita-maravillosa-the-magic-bagpipes\/","og_site_name":"EasyOriginal.com","article_modified_time":"2024-01-04T12:51:28+00:00","og_image":[{"width":468,"height":702,"url":"https:\/\/easyoriginal.com\/wp-content\/uploads\/cuentos_La-gaita-maravillosa_EN_printcover.jpg","type":"image\/jpeg"}],"twitter_card":"summary_large_image","twitter_misc":{"Estimated reading time":"2 minutes"},"schema":{"@context":"https:\/\/schema.org","@graph":[{"@type":"WebPage","@id":"https:\/\/easyoriginal.com\/shop\/spanisch-englisch\/la-gaita-maravillosa-the-magic-bagpipes\/","url":"https:\/\/easyoriginal.com\/shop\/spanisch-englisch\/la-gaita-maravillosa-the-magic-bagpipes\/","name":"La gaita maravillosa \/ The Magic Bagpipes - EasyOriginal.com","isPartOf":{"@id":"https:\/\/easyoriginal.com\/#website"},"primaryImageOfPage":{"@id":"https:\/\/easyoriginal.com\/shop\/spanisch-englisch\/la-gaita-maravillosa-the-magic-bagpipes\/#primaryimage"},"image":{"@id":"https:\/\/easyoriginal.com\/shop\/spanisch-englisch\/la-gaita-maravillosa-the-magic-bagpipes\/#primaryimage"},"thumbnailUrl":"https:\/\/easyoriginal.com\/wp-content\/uploads\/cuentos_La-gaita-maravillosa_EN_printcover.jpg","datePublished":"2022-07-05T18:37:38+00:00","dateModified":"2024-01-04T12:51:28+00:00","breadcrumb":{"@id":"https:\/\/easyoriginal.com\/shop\/spanisch-englisch\/la-gaita-maravillosa-the-magic-bagpipes\/#breadcrumb"},"inLanguage":"en-GB","potentialAction":[{"@type":"ReadAction","target":["https:\/\/easyoriginal.com\/shop\/spanisch-englisch\/la-gaita-maravillosa-the-magic-bagpipes\/"]}]},{"@type":"ImageObject","inLanguage":"en-GB","@id":"https:\/\/easyoriginal.com\/shop\/spanisch-englisch\/la-gaita-maravillosa-the-magic-bagpipes\/#primaryimage","url":"https:\/\/easyoriginal.com\/wp-content\/uploads\/cuentos_La-gaita-maravillosa_EN_printcover.jpg","contentUrl":"https:\/\/easyoriginal.com\/wp-content\/uploads\/cuentos_La-gaita-maravillosa_EN_printcover.jpg","width":468,"height":702},{"@type":"BreadcrumbList","@id":"https:\/\/easyoriginal.com\/shop\/spanisch-englisch\/la-gaita-maravillosa-the-magic-bagpipes\/#breadcrumb","itemListElement":[{"@type":"ListItem","position":1,"name":"Startseite","item":"https:\/\/easyoriginal.com\/"},{"@type":"ListItem","position":2,"name":"Shop","item":"https:\/\/easyoriginal.com\/shop\/"},{"@type":"ListItem","position":3,"name":"La gaita maravillosa \/ The Magic Bagpipes"}]},{"@type":"WebSite","@id":"https:\/\/easyoriginal.com\/#website","url":"https:\/\/easyoriginal.com\/","name":"EasyOriginal.com","description":"Spa\u00df am Lesen im Original - Innovative Lesemethode f\u00fcr Fremdsprachen","publisher":{"@id":"https:\/\/easyoriginal.com\/#organization"},"potentialAction":[{"@type":"SearchAction","target":{"@type":"EntryPoint","urlTemplate":"https:\/\/easyoriginal.com\/?s={search_term_string}"},"query-input":{"@type":"PropertyValueSpecification","valueRequired":true,"valueName":"search_term_string"}}],"inLanguage":"en-GB"},{"@type":"Organization","@id":"https:\/\/easyoriginal.com\/#organization","name":"EasyOriginal Verlag","url":"https:\/\/easyoriginal.com\/","logo":{"@type":"ImageObject","inLanguage":"en-GB","@id":"https:\/\/easyoriginal.com\/#\/schema\/logo\/image\/","url":"https:\/\/easyoriginal.com\/wp-content\/uploads\/2020\/08\/logo_main.png","contentUrl":"https:\/\/easyoriginal.com\/wp-content\/uploads\/2020\/08\/logo_main.png","width":500,"height":103,"caption":"EasyOriginal Verlag"},"image":{"@id":"https:\/\/easyoriginal.com\/#\/schema\/logo\/image\/"}}]}},"_links":{"self":[{"href":"https:\/\/easyoriginal.com\/en\/wp-json\/wp\/v2\/product\/10123","targetHints":{"allow":["GET"]}}],"collection":[{"href":"https:\/\/easyoriginal.com\/en\/wp-json\/wp\/v2\/product"}],"about":[{"href":"https:\/\/easyoriginal.com\/en\/wp-json\/wp\/v2\/types\/product"}],"replies":[{"embeddable":true,"href":"https:\/\/easyoriginal.com\/en\/wp-json\/wp\/v2\/comments?post=10123"}],"wp:featuredmedia":[{"embeddable":true,"href":"https:\/\/easyoriginal.com\/en\/wp-json\/wp\/v2\/media\/10057"}],"wp:attachment":[{"href":"https:\/\/easyoriginal.com\/en\/wp-json\/wp\/v2\/media?parent=10123"}],"wp:term":[{"taxonomy":"product_brand","embeddable":true,"href":"https:\/\/easyoriginal.com\/en\/wp-json\/wp\/v2\/product_brand?post=10123"},{"taxonomy":"product_cat","embeddable":true,"href":"https:\/\/easyoriginal.com\/en\/wp-json\/wp\/v2\/product_cat?post=10123"},{"taxonomy":"product_tag","embeddable":true,"href":"https:\/\/easyoriginal.com\/en\/wp-json\/wp\/v2\/product_tag?post=10123"}],"curies":[{"name":"wp","href":"https:\/\/api.w.org\/{rel}","templated":true}]}}