{"id":10112,"date":"2022-07-05T20:22:38","date_gmt":"2022-07-05T18:22:38","guid":{"rendered":"https:\/\/easyoriginal.com\/?post_type=product&#038;p=10112"},"modified":"2024-01-04T13:49:24","modified_gmt":"2024-01-04T12:49:24","slug":"el-principe-tomasito-y-san-jose-prince-tomasito-and-saint-joseph","status":"publish","type":"product","link":"https:\/\/easyoriginal.com\/en\/shop\/spanisch-englisch\/el-principe-tomasito-y-san-jose-prince-tomasito-and-saint-joseph\/","title":{"rendered":"El pr\u00edncipe Tomasito y San Jos\u00e9 \/ Prince Tomasito and Saint Joseph"},"content":{"rendered":"<div class=\"adapted-container\">\n<p class=\"Adapted\" lang=\"de-DE\"><span class=\"Bold CharOverride-1\">\u00c9rase una vez <\/span><span class=\"Translation CharOverride-1\">(there was once: &quot;one time<\/span><span class=\"No-Break\"><span class=\"Translation CharOverride-1\">&quot;;<\/span><\/span><span class=\"Translation CharOverride-1\"> <\/span><span class=\"Translation\"><span class=\"Comment-Words CharOverride-1\">ser<\/span><\/span><span class=\"Translation\"><span class=\"No-Break\"><span class=\"Comments CharOverride-1\"> \u2014<\/span><\/span><\/span><span class=\"Translation\"><span class=\"Comments CharOverride-1\"> to be<\/span><\/span><span class=\"Translation CharOverride-1\">)<\/span><span class=\"Bold CharOverride-1\"> un rey que ten\u00eda un hijo <\/span><span class=\"Translation CharOverride-1\">(a king who had a so<\/span><span class=\"No-Break\"><span class=\"Translation CharOverride-1\">n;<\/span><\/span><span class=\"Translation CharOverride-1\"> <\/span><span class=\"Translation\"><span class=\"Comments CharOverride-1\">tener<\/span><\/span><span class=\"Translation CharOverride-1\">)<\/span><span class=\"Bold CharOverride-1\"> de catorce a\u00f1os <\/span><span class=\"Translation CharOverride-1\">(aged fourteen &quot;of fourteen years&quot;)<\/span><span class=\"Bold CharOverride-1\">.<\/span><\/p>\n<p class=\"Adapted\" lang=\"de-DE\"><span class=\"Bold CharOverride-1\">Todas las tardes <\/span><span class=\"Translation CharOverride-1\">(every evening: &quot;all the evenings&quot;)<\/span><span class=\"CharOverride-1\"> <\/span><span class=\"Bold CharOverride-1\">iban de paseo el monarca y el principito <\/span><span class=\"Translation CharOverride-1\">(the monarch and the little prince went for a wal<\/span><span class=\"No-Break\"><span class=\"Translation CharOverride-1\">k;<\/span><\/span><span class=\"Translation CharOverride-1\"> <\/span><span class=\"Translation\"><span class=\"Comment-Words CharOverride-1\">ir<\/span><\/span><span class=\"Translation\"><span class=\"No-Break\"><span class=\"Comments CharOverride-1\"> \u2014<\/span><\/span><\/span><span class=\"Translation\"><span class=\"Comments CharOverride-1\"> to go<\/span><\/span><span class=\"Translation CharOverride-1\">)<\/span><span class=\"Bold CharOverride-1\"> hasta la Fuente del Arenal <\/span><span class=\"Translation CharOverride-1\">(to the Fountain of the Sand<\/span><span class=\"No-Break\"><span class=\"Translation CharOverride-1\">s;<\/span><\/span><span class=\"Translation CharOverride-1\"> <\/span><span class=\"Translation\"><span class=\"Comment-Words CharOverride-1\">arenal<\/span><\/span><span class=\"Translation\"><span class=\"Gender CharOverride-2\">m<\/span><\/span><span class=\"Translation\"><span class=\"No-Break\"><span class=\"Comments CharOverride-1\"> <\/span><\/span><\/span><span class=\"No-Break\"><span class=\"Translation CharOverride-1\">\u2014<\/span><\/span><span class=\"Translation CharOverride-1\"> <\/span><span class=\"Translation\"><span class=\"Comments CharOverride-1\">sandy area<\/span><\/span><span class=\"Translation CharOverride-1\">)<\/span><span class=\"Bold CharOverride-1\">.<\/span><\/p>\n<p class=\"Adapted\" lang=\"de-DE\"><span class=\"Bold CharOverride-1\">La Fuente del Arenal estaba situada <\/span><span class=\"Translation CharOverride-1\">(the Fountain of the Sands was situate<\/span><span class=\"No-Break\"><span class=\"Translation CharOverride-1\">d;<\/span><\/span><span class=\"Translation CharOverride-1\"> <\/span><span class=\"Translation\"><span class=\"Comments CharOverride-1\">estar<\/span><\/span><span class=\"Translation CharOverride-1\">)<\/span><span class=\"Bold CharOverride-1\"> en el centro de los jardines <\/span><span class=\"Translation CharOverride-1\">(in the middle: &quot;in the centre&quot; of the gardens)<\/span><span class=\"Bold CharOverride-1\"> de un palacio abandonado <\/span><span class=\"Translation CharOverride-1\">(of an abandoned palac<\/span><span class=\"No-Break\"><span class=\"Translation CharOverride-1\">e;<\/span><\/span><span class=\"Translation CharOverride-1\"> <\/span><span class=\"Translation\"><span class=\"Comments CharOverride-1\">abandonar<\/span><\/span><span class=\"Translation CharOverride-1\">)<\/span><span class=\"Bold CharOverride-1\">, en el que <\/span><span class=\"Translation CharOverride-1\">(in which)<\/span><span class=\"Bold CharOverride-1\"> se dec\u00eda <\/span><span class=\"Translation CharOverride-1\">(it was sai<\/span><span class=\"No-Break\"><span class=\"Translation CharOverride-1\">d;<\/span><\/span><span class=\"Translation CharOverride-1\"> <\/span><span class=\"Translation\"><span class=\"Comments CharOverride-1\">decir<\/span><\/span><span class=\"Translation CharOverride-1\">)<\/span><span class=\"Bold CharOverride-1\"> que viv\u00edan tres brujas <\/span><span class=\"Translation CharOverride-1\">(lived: &quot;that lived&quot; three witches)<\/span><span class=\"Bold CharOverride-1\">, llamadas <\/span><span class=\"Translation CharOverride-1\">(calle<\/span><span class=\"No-Break\"><span class=\"Translation CharOverride-1\">d;<\/span><\/span><span class=\"Translation CharOverride-1\"> <\/span><span class=\"Translation\"><span class=\"Comment-Words CharOverride-1\">llamar<\/span><\/span><span class=\"Translation\"><span class=\"No-Break\"><span class=\"Comments CharOverride-1\"> \u2014<\/span><\/span><\/span><span class=\"Translation\"><span class=\"Comments CharOverride-1\"> to cal<\/span><\/span><span class=\"Translation\"><span class=\"No-Break\"><span class=\"Comments CharOverride-1\">l;<\/span><\/span><\/span><span class=\"Translation\"><span class=\"Comments CharOverride-1\"> <\/span><\/span><span class=\"Translation\"><span class=\"Comment-Words CharOverride-1\">llamarse<\/span><\/span><span class=\"Translation\"><span class=\"No-Break\"><span class=\"Comments CharOverride-1\"> \u2014<\/span><\/span><\/span><span class=\"Translation\"><span class=\"Comments CharOverride-1\"> to be called<\/span><\/span><span class=\"Translation CharOverride-1\">)<\/span><span class=\"Bold CharOverride-1\"> Mauregata, Gundemara y Espinarda <\/span><span class=\"Translation CharOverride-1\">(Mauregata, Gundemara and Espinarda)<\/span><span class=\"Bold CharOverride-1\">.<\/span><\/p>\n<\/div>\n<audio class=\"wp-audio-shortcode\" id=\"audio-10112-1\" preload=\"none\" style=\"width: 100%;\" controls=\"controls\"><source type=\"audio\/mpeg\" src=\"https:\/\/easyoriginal1.s3.eu-central-1.amazonaws.com\/spanisch\/s3\/1.mp3?_=1\" \/><a href=\"https:\/\/easyoriginal1.s3.eu-central-1.amazonaws.com\/spanisch\/s3\/1.mp3\">https:\/\/easyoriginal1.s3.eu-central-1.amazonaws.com\/spanisch\/s3\/1.mp3<\/a><\/audio>\n<div class=\"original-container\">\n<p class=\"Original\"><span class=\"CharOverride-1\">\u00c9rase una vez un rey que ten\u00eda un hijo de catorce a\u00f1os.<\/span><\/p>\n<p class=\"Original\"><span class=\"CharOverride-1\">Todas las tardes iban de paseo el monarca y el principito hasta la Fuente del Arenal.<\/span><\/p>\n<p class=\"Original\"><span class=\"CharOverride-1\">La Fuente del Arenal estaba situada en el centro de los jardines de un palacio abandonado, en el que se dec\u00eda que viv\u00edan tres brujas, llamadas Mauregata, Gundemara y Espinarda.<\/span><\/p>\n<\/div>","protected":false},"excerpt":{"rendered":"<p>2 Spanish fairy tales &#8211; &#8222;El pr\u00edncipe Tomasito y San Jos\u00e9&#8220; (&#8222;Prince Tomasito and Saint Joseph&#8220;) and &#8222;El Cristo del convite&#8220; (&#8222;Christ the Guest&#8220;).<br \/>\nUnabridged original text. Bilingual book Spanish-English.<\/p>\n<p><a class=\"lpdf\" href=\"\/sample\/cuentos_el_principe_tomasito_y_san_jose_Reading_sample_EasyOriginal-com.pdf\" target=\"_blank\" rel=\"noopener noreferrer\">Reading Sample (PDF)<\/a><\/p>","protected":false},"featured_media":10054,"comment_status":"open","ping_status":"closed","template":"","meta":{"_acf_changed":false,"_et_pb_use_builder":"off","_et_pb_old_content":"<div class=\"adapted-container\">\r\n<p class=\"Adapted\"><span class=\"Bold\">Hace mucho tiempo que ten\u00eda ganas de escribir <\/span><span class=\"Translation\">(seit langer Zeit hatte ich Lust zu schreiben; <\/span><span class=\"Translation\"><span class=\"Comment-Words\">tener<\/span><\/span><span class=\"Translation\"><span class=\"Comments\"> \u2014 haben<\/span><\/span><span class=\"Translation\">)<\/span><span class=\"Bold\"> cualquier cosa con este t\u00edtulo <\/span><span class=\"Translation\">(irgendetwas mit diesem Titel)<\/span><span class=\"Bold\">.<\/span><\/p>\r\n<p class=\"Adapted\"><span class=\"Bold\">Hoy<a id=\"_idTextAnchor001\"><\/a>, que se me ha presentado ocasi\u00f3n <\/span><span class=\"Translation\">(heute, wo sich mir \/eine\/ Gelegenheit geboten hat; <\/span><span class=\"Translation\"><span class=\"Comment-Words\">presentar<\/span><\/span><span class=\"Translation\"><span class=\"Comments\"> \u2014 zeigen; vorstellen<\/span><\/span><span class=\"Translation\">)<\/span><span class=\"Bold\">, lo he puesto con letras grandes <\/span><span class=\"Translation\">(das habe ich in gro\u00dfen Buchstaben gesetzt = habe ich es in Gro\u00dfbuchstaben gesetzt; <\/span><span class=\"Translation\"><span class=\"Comment-Words\">poner<\/span><\/span><span class=\"Translation\"><span class=\"Comments\"> \u2014 setzen; stellen; legen<\/span><\/span><span class=\"Translation\">)<\/span><span class=\"Bold\"> en la primera cuartilla de papel <\/span><span class=\"Translation\">(auf das erste Blatt: \u00abauf das erste Viertelpapier\u00bb; <\/span><span class=\"Translation\"><span class=\"Comment-Words\">cuarto<\/span><\/span><span class=\"Translation\"><span class=\"Gender _idGenCharOverride-1\">m <\/span><\/span><span class=\"Translation\"><span class=\"Comments\">\u2014 Viertel<\/span><\/span><span class=\"Translation\">)<\/span><span class=\"Bold\">, y luego he dejado a capricho volar la pluma <\/span><span class=\"Translation\">(und dann habe ich nach Belieben die Feder fliegen lassen; <\/span><span class=\"Translation\"><span class=\"Comment-Words\">dejar<\/span><\/span><span class=\"Translation\"><span class=\"Comments\"> \u2014 lassen; <\/span><\/span><span class=\"Translation\"><span class=\"Comment-Words\">capricho<\/span><\/span><span class=\"Translation\"><span class=\"Gender _idGenCharOverride-1\">m <\/span><\/span><span class=\"Translation\"><span class=\"Comments\">\u2014 Laune<\/span><\/span><span class=\"Translation\">)<\/span><span class=\"Bold\">.<\/span><\/p>\r\n\r\n<\/div>\r\n[audio mp3=\"https:\/\/easyoriginal1.s3.eu-central-1.amazonaws.com\/spanisch\/s1\/1.mp3\"][\/audio]\r\n<div class=\"original-container\">\r\n<p class=\"Original\">Hace mucho tiempo que ten\u00eda ganas de escribir cualquier cosa con este t\u00edtulo.<\/p>\r\n<p class=\"Original\">Hoy, que se me ha presentado ocasi\u00f3n, lo he puesto con letras grandes en la primera cuartilla de papel, y luego he dejado a capricho volar la pluma.<\/p>\r\n\r\n<\/div>\r\n<a class=\"weiter\" href=\"\/webreader\/los-ojos-verdes\/fragment\/1-4-2\/\">weiter lesen<\/a>","_et_gb_content_width":""},"product_brand":[],"product_cat":[190],"product_tag":[164,163],"class_list":{"0":"post-10112","1":"product","2":"type-product","3":"status-publish","4":"has-post-thumbnail","6":"product_cat-spanisch-englisch","7":"product_tag-anfaenger","8":"product_tag-maerchen","10":"first","11":"instock","12":"taxable","13":"shipping-taxable","14":"purchasable","15":"product-type-variable"},"acf":[],"yoast_head":"<!-- This site is optimized with the Yoast SEO plugin v27.3 - https:\/\/yoast.com\/product\/yoast-seo-wordpress\/ -->\n<title>El pr\u00edncipe Tomasito y San Jos\u00e9 \/ Prince Tomasito and Saint Joseph - EasyOriginal.com<\/title>\n<meta name=\"robots\" content=\"index, follow, max-snippet:-1, max-image-preview:large, max-video-preview:-1\" \/>\n<link rel=\"canonical\" href=\"https:\/\/easyoriginal.com\/en\/shop\/spanisch-englisch\/el-principe-tomasito-y-san-jose-prince-tomasito-and-saint-joseph\/\" \/>\n<meta property=\"og:locale\" content=\"en_GB\" \/>\n<meta property=\"og:type\" content=\"article\" \/>\n<meta property=\"og:title\" content=\"El pr\u00edncipe Tomasito y San Jos\u00e9 \/ Prince Tomasito and Saint Joseph - EasyOriginal.com\" \/>\n<meta property=\"og:description\" content=\"2 Spanish fairy tales - &quot;El pr\u00edncipe Tomasito y San Jos\u00e9&quot; (&quot;Prince Tomasito and Saint Joseph&quot;) and &quot;El Cristo del convite&quot; (&quot;Christ the Guest&quot;). Unabridged original text. Bilingual book Spanish-English.  Reading Sample (PDF)\" \/>\n<meta property=\"og:url\" content=\"https:\/\/easyoriginal.com\/en\/shop\/spanisch-englisch\/el-principe-tomasito-y-san-jose-prince-tomasito-and-saint-joseph\/\" \/>\n<meta property=\"og:site_name\" content=\"EasyOriginal.com\" \/>\n<meta property=\"article:modified_time\" content=\"2024-01-04T12:49:24+00:00\" \/>\n<meta property=\"og:image\" content=\"https:\/\/easyoriginal.com\/wp-content\/uploads\/cuentos_el_principe_tomasito_y_san_jose_printcover_EN.jpg\" \/>\n\t<meta property=\"og:image:width\" content=\"468\" \/>\n\t<meta property=\"og:image:height\" content=\"702\" \/>\n\t<meta property=\"og:image:type\" content=\"image\/jpeg\" \/>\n<meta name=\"twitter:card\" content=\"summary_large_image\" \/>\n<meta name=\"twitter:label1\" content=\"Estimated reading time\" \/>\n\t<meta name=\"twitter:data1\" content=\"2 minutes\" \/>\n<script type=\"application\/ld+json\" class=\"yoast-schema-graph\">{\"@context\":\"https:\\\/\\\/schema.org\",\"@graph\":[{\"@type\":\"WebPage\",\"@id\":\"https:\\\/\\\/easyoriginal.com\\\/shop\\\/spanisch-englisch\\\/el-principe-tomasito-y-san-jose-prince-tomasito-and-saint-joseph\\\/\",\"url\":\"https:\\\/\\\/easyoriginal.com\\\/shop\\\/spanisch-englisch\\\/el-principe-tomasito-y-san-jose-prince-tomasito-and-saint-joseph\\\/\",\"name\":\"El pr\u00edncipe Tomasito y San Jos\u00e9 \\\/ Prince Tomasito and Saint Joseph - EasyOriginal.com\",\"isPartOf\":{\"@id\":\"https:\\\/\\\/easyoriginal.com\\\/#website\"},\"primaryImageOfPage\":{\"@id\":\"https:\\\/\\\/easyoriginal.com\\\/shop\\\/spanisch-englisch\\\/el-principe-tomasito-y-san-jose-prince-tomasito-and-saint-joseph\\\/#primaryimage\"},\"image\":{\"@id\":\"https:\\\/\\\/easyoriginal.com\\\/shop\\\/spanisch-englisch\\\/el-principe-tomasito-y-san-jose-prince-tomasito-and-saint-joseph\\\/#primaryimage\"},\"thumbnailUrl\":\"https:\\\/\\\/easyoriginal.com\\\/wp-content\\\/uploads\\\/cuentos_el_principe_tomasito_y_san_jose_printcover_EN.jpg\",\"datePublished\":\"2022-07-05T18:22:38+00:00\",\"dateModified\":\"2024-01-04T12:49:24+00:00\",\"breadcrumb\":{\"@id\":\"https:\\\/\\\/easyoriginal.com\\\/shop\\\/spanisch-englisch\\\/el-principe-tomasito-y-san-jose-prince-tomasito-and-saint-joseph\\\/#breadcrumb\"},\"inLanguage\":\"en-GB\",\"potentialAction\":[{\"@type\":\"ReadAction\",\"target\":[\"https:\\\/\\\/easyoriginal.com\\\/shop\\\/spanisch-englisch\\\/el-principe-tomasito-y-san-jose-prince-tomasito-and-saint-joseph\\\/\"]}]},{\"@type\":\"ImageObject\",\"inLanguage\":\"en-GB\",\"@id\":\"https:\\\/\\\/easyoriginal.com\\\/shop\\\/spanisch-englisch\\\/el-principe-tomasito-y-san-jose-prince-tomasito-and-saint-joseph\\\/#primaryimage\",\"url\":\"https:\\\/\\\/easyoriginal.com\\\/wp-content\\\/uploads\\\/cuentos_el_principe_tomasito_y_san_jose_printcover_EN.jpg\",\"contentUrl\":\"https:\\\/\\\/easyoriginal.com\\\/wp-content\\\/uploads\\\/cuentos_el_principe_tomasito_y_san_jose_printcover_EN.jpg\",\"width\":468,\"height\":702},{\"@type\":\"BreadcrumbList\",\"@id\":\"https:\\\/\\\/easyoriginal.com\\\/shop\\\/spanisch-englisch\\\/el-principe-tomasito-y-san-jose-prince-tomasito-and-saint-joseph\\\/#breadcrumb\",\"itemListElement\":[{\"@type\":\"ListItem\",\"position\":1,\"name\":\"Startseite\",\"item\":\"https:\\\/\\\/easyoriginal.com\\\/\"},{\"@type\":\"ListItem\",\"position\":2,\"name\":\"Shop\",\"item\":\"https:\\\/\\\/easyoriginal.com\\\/shop\\\/\"},{\"@type\":\"ListItem\",\"position\":3,\"name\":\"El pr\u00edncipe Tomasito y San Jos\u00e9 \\\/ Prince Tomasito and Saint Joseph\"}]},{\"@type\":\"WebSite\",\"@id\":\"https:\\\/\\\/easyoriginal.com\\\/#website\",\"url\":\"https:\\\/\\\/easyoriginal.com\\\/\",\"name\":\"EasyOriginal.com\",\"description\":\"Spa\u00df am Lesen im Original - Innovative Lesemethode f\u00fcr Fremdsprachen\",\"publisher\":{\"@id\":\"https:\\\/\\\/easyoriginal.com\\\/#organization\"},\"potentialAction\":[{\"@type\":\"SearchAction\",\"target\":{\"@type\":\"EntryPoint\",\"urlTemplate\":\"https:\\\/\\\/easyoriginal.com\\\/?s={search_term_string}\"},\"query-input\":{\"@type\":\"PropertyValueSpecification\",\"valueRequired\":true,\"valueName\":\"search_term_string\"}}],\"inLanguage\":\"en-GB\"},{\"@type\":\"Organization\",\"@id\":\"https:\\\/\\\/easyoriginal.com\\\/#organization\",\"name\":\"EasyOriginal Verlag\",\"url\":\"https:\\\/\\\/easyoriginal.com\\\/\",\"logo\":{\"@type\":\"ImageObject\",\"inLanguage\":\"en-GB\",\"@id\":\"https:\\\/\\\/easyoriginal.com\\\/#\\\/schema\\\/logo\\\/image\\\/\",\"url\":\"https:\\\/\\\/easyoriginal.com\\\/wp-content\\\/uploads\\\/2020\\\/08\\\/logo_main.png\",\"contentUrl\":\"https:\\\/\\\/easyoriginal.com\\\/wp-content\\\/uploads\\\/2020\\\/08\\\/logo_main.png\",\"width\":500,\"height\":103,\"caption\":\"EasyOriginal Verlag\"},\"image\":{\"@id\":\"https:\\\/\\\/easyoriginal.com\\\/#\\\/schema\\\/logo\\\/image\\\/\"}}]}<\/script>\n<!-- \/ Yoast SEO plugin. -->","yoast_head_json":{"title":"El pr\u00edncipe Tomasito y San Jos\u00e9 \/ Prince Tomasito and Saint Joseph - EasyOriginal.com","robots":{"index":"index","follow":"follow","max-snippet":"max-snippet:-1","max-image-preview":"max-image-preview:large","max-video-preview":"max-video-preview:-1"},"canonical":"https:\/\/easyoriginal.com\/en\/shop\/spanisch-englisch\/el-principe-tomasito-y-san-jose-prince-tomasito-and-saint-joseph\/","og_locale":"en_GB","og_type":"article","og_title":"El pr\u00edncipe Tomasito y San Jos\u00e9 \/ Prince Tomasito and Saint Joseph - EasyOriginal.com","og_description":"2 Spanish fairy tales - \"El pr\u00edncipe Tomasito y San Jos\u00e9\" (\"Prince Tomasito and Saint Joseph\") and \"El Cristo del convite\" (\"Christ the Guest\"). Unabridged original text. Bilingual book Spanish-English.  Reading Sample (PDF)","og_url":"https:\/\/easyoriginal.com\/en\/shop\/spanisch-englisch\/el-principe-tomasito-y-san-jose-prince-tomasito-and-saint-joseph\/","og_site_name":"EasyOriginal.com","article_modified_time":"2024-01-04T12:49:24+00:00","og_image":[{"width":468,"height":702,"url":"https:\/\/easyoriginal.com\/wp-content\/uploads\/cuentos_el_principe_tomasito_y_san_jose_printcover_EN.jpg","type":"image\/jpeg"}],"twitter_card":"summary_large_image","twitter_misc":{"Estimated reading time":"2 minutes"},"schema":{"@context":"https:\/\/schema.org","@graph":[{"@type":"WebPage","@id":"https:\/\/easyoriginal.com\/shop\/spanisch-englisch\/el-principe-tomasito-y-san-jose-prince-tomasito-and-saint-joseph\/","url":"https:\/\/easyoriginal.com\/shop\/spanisch-englisch\/el-principe-tomasito-y-san-jose-prince-tomasito-and-saint-joseph\/","name":"El pr\u00edncipe Tomasito y San Jos\u00e9 \/ Prince Tomasito and Saint Joseph - EasyOriginal.com","isPartOf":{"@id":"https:\/\/easyoriginal.com\/#website"},"primaryImageOfPage":{"@id":"https:\/\/easyoriginal.com\/shop\/spanisch-englisch\/el-principe-tomasito-y-san-jose-prince-tomasito-and-saint-joseph\/#primaryimage"},"image":{"@id":"https:\/\/easyoriginal.com\/shop\/spanisch-englisch\/el-principe-tomasito-y-san-jose-prince-tomasito-and-saint-joseph\/#primaryimage"},"thumbnailUrl":"https:\/\/easyoriginal.com\/wp-content\/uploads\/cuentos_el_principe_tomasito_y_san_jose_printcover_EN.jpg","datePublished":"2022-07-05T18:22:38+00:00","dateModified":"2024-01-04T12:49:24+00:00","breadcrumb":{"@id":"https:\/\/easyoriginal.com\/shop\/spanisch-englisch\/el-principe-tomasito-y-san-jose-prince-tomasito-and-saint-joseph\/#breadcrumb"},"inLanguage":"en-GB","potentialAction":[{"@type":"ReadAction","target":["https:\/\/easyoriginal.com\/shop\/spanisch-englisch\/el-principe-tomasito-y-san-jose-prince-tomasito-and-saint-joseph\/"]}]},{"@type":"ImageObject","inLanguage":"en-GB","@id":"https:\/\/easyoriginal.com\/shop\/spanisch-englisch\/el-principe-tomasito-y-san-jose-prince-tomasito-and-saint-joseph\/#primaryimage","url":"https:\/\/easyoriginal.com\/wp-content\/uploads\/cuentos_el_principe_tomasito_y_san_jose_printcover_EN.jpg","contentUrl":"https:\/\/easyoriginal.com\/wp-content\/uploads\/cuentos_el_principe_tomasito_y_san_jose_printcover_EN.jpg","width":468,"height":702},{"@type":"BreadcrumbList","@id":"https:\/\/easyoriginal.com\/shop\/spanisch-englisch\/el-principe-tomasito-y-san-jose-prince-tomasito-and-saint-joseph\/#breadcrumb","itemListElement":[{"@type":"ListItem","position":1,"name":"Startseite","item":"https:\/\/easyoriginal.com\/"},{"@type":"ListItem","position":2,"name":"Shop","item":"https:\/\/easyoriginal.com\/shop\/"},{"@type":"ListItem","position":3,"name":"El pr\u00edncipe Tomasito y San Jos\u00e9 \/ Prince Tomasito and Saint Joseph"}]},{"@type":"WebSite","@id":"https:\/\/easyoriginal.com\/#website","url":"https:\/\/easyoriginal.com\/","name":"EasyOriginal.com","description":"Spa\u00df am Lesen im Original - Innovative Lesemethode f\u00fcr Fremdsprachen","publisher":{"@id":"https:\/\/easyoriginal.com\/#organization"},"potentialAction":[{"@type":"SearchAction","target":{"@type":"EntryPoint","urlTemplate":"https:\/\/easyoriginal.com\/?s={search_term_string}"},"query-input":{"@type":"PropertyValueSpecification","valueRequired":true,"valueName":"search_term_string"}}],"inLanguage":"en-GB"},{"@type":"Organization","@id":"https:\/\/easyoriginal.com\/#organization","name":"EasyOriginal Verlag","url":"https:\/\/easyoriginal.com\/","logo":{"@type":"ImageObject","inLanguage":"en-GB","@id":"https:\/\/easyoriginal.com\/#\/schema\/logo\/image\/","url":"https:\/\/easyoriginal.com\/wp-content\/uploads\/2020\/08\/logo_main.png","contentUrl":"https:\/\/easyoriginal.com\/wp-content\/uploads\/2020\/08\/logo_main.png","width":500,"height":103,"caption":"EasyOriginal Verlag"},"image":{"@id":"https:\/\/easyoriginal.com\/#\/schema\/logo\/image\/"}}]}},"_links":{"self":[{"href":"https:\/\/easyoriginal.com\/en\/wp-json\/wp\/v2\/product\/10112","targetHints":{"allow":["GET"]}}],"collection":[{"href":"https:\/\/easyoriginal.com\/en\/wp-json\/wp\/v2\/product"}],"about":[{"href":"https:\/\/easyoriginal.com\/en\/wp-json\/wp\/v2\/types\/product"}],"replies":[{"embeddable":true,"href":"https:\/\/easyoriginal.com\/en\/wp-json\/wp\/v2\/comments?post=10112"}],"wp:featuredmedia":[{"embeddable":true,"href":"https:\/\/easyoriginal.com\/en\/wp-json\/wp\/v2\/media\/10054"}],"wp:attachment":[{"href":"https:\/\/easyoriginal.com\/en\/wp-json\/wp\/v2\/media?parent=10112"}],"wp:term":[{"taxonomy":"product_brand","embeddable":true,"href":"https:\/\/easyoriginal.com\/en\/wp-json\/wp\/v2\/product_brand?post=10112"},{"taxonomy":"product_cat","embeddable":true,"href":"https:\/\/easyoriginal.com\/en\/wp-json\/wp\/v2\/product_cat?post=10112"},{"taxonomy":"product_tag","embeddable":true,"href":"https:\/\/easyoriginal.com\/en\/wp-json\/wp\/v2\/product_tag?post=10112"}],"curies":[{"name":"wp","href":"https:\/\/api.w.org\/{rel}","templated":true}]}}