{"id":10099,"date":"2022-07-05T20:11:34","date_gmt":"2022-07-05T18:11:34","guid":{"rendered":"https:\/\/easyoriginal.com\/?post_type=product&#038;p=10099"},"modified":"2024-01-04T13:49:49","modified_gmt":"2024-01-04T12:49:49","slug":"el-pandero-de-piel-de-piojo-the-louse-skin-tambourine","status":"publish","type":"product","link":"https:\/\/easyoriginal.com\/en\/shop\/spanisch-englisch\/el-pandero-de-piel-de-piojo-the-louse-skin-tambourine\/","title":{"rendered":"El pandero de piel de piojo \/ The Louse-Skin Tambourine"},"content":{"rendered":"<div class=\"adapted-container\">\n<p class=\"Adapted\" lang=\"de-DE\"><span class=\"Bold CharOverride-1\">\u00c9rase un rey que ten\u00eda una hija de quince a\u00f1os <\/span><span class=\"Translation CharOverride-1\">(there once was<\/span><span class=\"No-Break\"><span class=\"Translation CharOverride-1\">\/l<\/span><\/span><span class=\"Translation CharOverride-1\">ived a king who had a daughter of fifteen years<\/span><span class=\"No-Break\"><span class=\"Translation CharOverride-1\"> =<\/span><\/span><span class=\"Translation CharOverride-1\"> a fifteen-year-old daughte<\/span><span class=\"No-Break\"><span class=\"Translation CharOverride-1\">r;<\/span><\/span><span class=\"Translation CharOverride-1\"> <\/span><span class=\"Translation\"><span class=\"Comments CharOverride-1\">tener<\/span><\/span><span class=\"Translation CharOverride-1\">)<\/span><span class=\"Bold CharOverride-1\">.<\/span><\/p>\n<p class=\"Adapted\" lang=\"de-DE\"><span class=\"Bold CharOverride-1\">Un d\u00eda, estaba la princesita paseando por el jard\u00edn con su doncella <\/span><span class=\"Translation CharOverride-1\">(one day, the little princess was walking through the garden with her mai<\/span><span class=\"No-Break\"><span class=\"Translation CharOverride-1\">d;<\/span><\/span><span class=\"Translation CharOverride-1\"> <\/span><span class=\"Translation\"><span class=\"Comments CharOverride-1\">pasear<\/span><\/span><span class=\"Translation CharOverride-1\">)<\/span><span class=\"Bold CharOverride-1\">, cuando vio una planta desconocida <\/span><span class=\"Translation CharOverride-1\">(when <\/span><span class=\"No-Break\"><span class=\"Translation CharOverride-1\">\/s<\/span><\/span><span class=\"Translation CharOverride-1\">he<\/span><span class=\"No-Break\"><span class=\"Translation CharOverride-1\">\/ <\/span><\/span><span class=\"Translation CharOverride-1\">saw an unknown plan<\/span><span class=\"No-Break\"><span class=\"Translation CharOverride-1\">t;<\/span><\/span><span class=\"Translation CharOverride-1\"> <\/span><span class=\"Translation\"><span class=\"Comment-Words CharOverride-1\">conocer<\/span><\/span><span class=\"Translation\"><span class=\"No-Break\"><span class=\"Comments CharOverride-1\"> \u2014<\/span><\/span><\/span><span class=\"Translation\"><span class=\"Comments CharOverride-1\"> to know<\/span><\/span><span class=\"Translation CharOverride-1\">)<\/span><span class=\"Bold CharOverride-1\">.<\/span><\/p>\n<p class=\"Adapted\" lang=\"de-DE\"><span class=\"Bold CharOverride-1\">Y pregunt\u00f3, curiosa <\/span><span class=\"Translation CharOverride-1\">(and <\/span><span class=\"No-Break\"><span class=\"Translation CharOverride-1\">\/s<\/span><\/span><span class=\"Translation CharOverride-1\">he<\/span><span class=\"No-Break\"><span class=\"Translation CharOverride-1\">\/ <\/span><\/span><span class=\"Translation CharOverride-1\">asked, curious)<\/span><span class=\"Bold CharOverride-1\">:<\/span><\/p>\n<p class=\"Adapted\" lang=\"de-DE\"><span class=\"Bold CharOverride-1\">\u2014 \u00bfQu\u00e9 es esto <\/span><span class=\"Translation CharOverride-1\">(what is this)<\/span><span class=\"Bold CharOverride-1\">?<\/span><\/p>\n<p class=\"Adapted\" lang=\"de-DE\"><span class=\"Bold CharOverride-1\">\u2014 Una matita de hinojo <\/span><span class=\"Translation CharOverride-1\">(a small tuft of fenne<\/span><span class=\"No-Break\"><span class=\"Translation CharOverride-1\">l;<\/span><\/span><span class=\"Translation CharOverride-1\"> <\/span><span class=\"Translation\"><span class=\"Comment-Words CharOverride-1\">mata<\/span><\/span><span class=\"Translation\"><span class=\"Gender CharOverride-2\">f<\/span><\/span><span class=\"Translation\"><span class=\"No-Break\"><span class=\"Comments CharOverride-1\"> \u2014<\/span><\/span><\/span><span class=\"Translation\"><span class=\"Comments CharOverride-1\"> shru<\/span><\/span><span class=\"Translation\"><span class=\"No-Break\"><span class=\"Comments CharOverride-1\">b;<\/span><\/span><\/span><span class=\"Translation\"><span class=\"Comments CharOverride-1\"> bush<\/span><\/span><span class=\"Translation CharOverride-1\">)<\/span><span class=\"Bold CharOverride-1\">, Alteza <\/span><span class=\"Translation CharOverride-1\">(<\/span><span class=\"No-Break\"><span class=\"Translation CharOverride-1\">\/y<\/span><\/span><span class=\"Translation CharOverride-1\">our<\/span><span class=\"No-Break\"><span class=\"Translation CharOverride-1\">\/ <\/span><\/span><span class=\"Translation CharOverride-1\">Highnes<\/span><span class=\"No-Break\"><span class=\"Translation CharOverride-1\">s;<\/span><\/span><span class=\"Translation CharOverride-1\"> <\/span><span class=\"Translation\"><span class=\"Comment-Words CharOverride-1\">alto<\/span><\/span><span class=\"Translation\"><span class=\"No-Break\"><span class=\"Comments CharOverride-1\"> \u2014<\/span><\/span><\/span><span class=\"Translation\"><span class=\"Comments CharOverride-1\"> high<\/span><\/span><span class=\"Translation CharOverride-1\">)<\/span><span class=\"Bold CharOverride-1\">.<\/span><\/p>\n<p class=\"Adapted\" lang=\"de-DE\"><span class=\"Bold CharOverride-1\">\u2014 Cuid\u00e9mosla <\/span><span class=\"Translation CharOverride-1\">(let us look after i<\/span><span class=\"No-Break\"><span class=\"Translation CharOverride-1\">t;<\/span><\/span><span class=\"Translation CharOverride-1\"> <\/span><span class=\"Translation\"><span class=\"Comment-Words CharOverride-1\">cuidar<\/span><\/span><span class=\"Translation\"><span class=\"No-Break\"><span class=\"Comments CharOverride-1\"> \u2014<\/span><\/span><\/span><span class=\"Translation\"><span class=\"Comments CharOverride-1\"> to care for<\/span><\/span><span class=\"Translation CharOverride-1\">)<\/span><span class=\"Bold CharOverride-1\">, a ver lo que crece <\/span><span class=\"Translation CharOverride-1\">(to see what grow<\/span><span class=\"No-Break\"><span class=\"Translation CharOverride-1\">s;<\/span><\/span><span class=\"Translation CharOverride-1\"> <\/span><span class=\"Translation\"><span class=\"Comments CharOverride-1\">crecer<\/span><\/span><span class=\"Translation CharOverride-1\">)<\/span><span class=\"No-Break\"><span class=\"Bold CharOverride-1\"> \u2014<\/span><\/span><span class=\"Bold CharOverride-1\"> dijo la princesa <\/span><span class=\"Translation CharOverride-1\">(said the princess)<\/span><span class=\"Bold CharOverride-1\">.<\/span><\/p>\n<\/div>\n<audio class=\"wp-audio-shortcode\" id=\"audio-10099-1\" preload=\"none\" style=\"width: 100%;\" controls=\"controls\"><source type=\"audio\/mpeg\" src=\"https:\/\/easyoriginal1.s3.eu-central-1.amazonaws.com\/spanisch\/s6\/1.mp3?_=1\" \/><a href=\"https:\/\/easyoriginal1.s3.eu-central-1.amazonaws.com\/spanisch\/s6\/1.mp3\">https:\/\/easyoriginal1.s3.eu-central-1.amazonaws.com\/spanisch\/s6\/1.mp3<\/a><\/audio>\n<div class=\"original-container\">\n<p class=\"Original\"><span class=\"CharOverride-1\">\u00c9rase un rey que ten\u00eda una hija de quince a\u00f1os.<\/span><\/p>\n<p class=\"Original\"><span class=\"CharOverride-1\">Un d\u00eda, estaba la princesita paseando por el jard\u00edn con su doncella, cuando vio una planta desconocida.<\/span><\/p>\n<p class=\"Original\"><span class=\"CharOverride-1\">Y pregunt\u00f3, curiosa:<\/span><\/p>\n<p class=\"Original\"><span class=\"CharOverride-1\">\u2014 \u00bfQu\u00e9 es esto?<\/span><\/p>\n<p class=\"Original\"><span class=\"CharOverride-1\">\u2014 Una matita de hinojo, Alteza. <\/span><\/p>\n<p class=\"Original\"><span class=\"CharOverride-1\">\u2014 Cuid\u00e9mosla, a ver lo que crece \u2014 dijo la princesa.<\/span><\/p>\n<\/div>","protected":false},"excerpt":{"rendered":"<p>Spanish fairy tale &#8211; &#8222;El pandero de piel de piojo&#8220; (&#8222;The Louse-Skin Tambourine&#8220;).<br \/>\nUnabridged original text. Bilingual book Spanish-English.<\/p>\n<p><a class=\"lpdf\" href=\"\/en\/sample\/Cuentos_El_pandero_de_piel_de_piojo_Sample_EasyOriginal-com.pdf\/\" target=\"_blank\" rel=\"noopener noreferrer\">Reading Sample (PDF)<\/a><\/p>","protected":false},"featured_media":10055,"comment_status":"open","ping_status":"closed","template":"","meta":{"_acf_changed":false,"_et_pb_use_builder":"off","_et_pb_old_content":"<div class=\"adapted-container\">\r\n<p class=\"Adapted\"><span class=\"Bold\">Hace mucho tiempo que ten\u00eda ganas de escribir <\/span><span class=\"Translation\">(seit langer Zeit hatte ich Lust zu schreiben; <\/span><span class=\"Translation\"><span class=\"Comment-Words\">tener<\/span><\/span><span class=\"Translation\"><span class=\"Comments\"> \u2014 haben<\/span><\/span><span class=\"Translation\">)<\/span><span class=\"Bold\"> cualquier cosa con este t\u00edtulo <\/span><span class=\"Translation\">(irgendetwas mit diesem Titel)<\/span><span class=\"Bold\">.<\/span><\/p>\r\n<p class=\"Adapted\"><span class=\"Bold\">Hoy<a id=\"_idTextAnchor001\"><\/a>, que se me ha presentado ocasi\u00f3n <\/span><span class=\"Translation\">(heute, wo sich mir \/eine\/ Gelegenheit geboten hat; <\/span><span class=\"Translation\"><span class=\"Comment-Words\">presentar<\/span><\/span><span class=\"Translation\"><span class=\"Comments\"> \u2014 zeigen; vorstellen<\/span><\/span><span class=\"Translation\">)<\/span><span class=\"Bold\">, lo he puesto con letras grandes <\/span><span class=\"Translation\">(das habe ich in gro\u00dfen Buchstaben gesetzt = habe ich es in Gro\u00dfbuchstaben gesetzt; <\/span><span class=\"Translation\"><span class=\"Comment-Words\">poner<\/span><\/span><span class=\"Translation\"><span class=\"Comments\"> \u2014 setzen; stellen; legen<\/span><\/span><span class=\"Translation\">)<\/span><span class=\"Bold\"> en la primera cuartilla de papel <\/span><span class=\"Translation\">(auf das erste Blatt: \u00abauf das erste Viertelpapier\u00bb; <\/span><span class=\"Translation\"><span class=\"Comment-Words\">cuarto<\/span><\/span><span class=\"Translation\"><span class=\"Gender _idGenCharOverride-1\">m <\/span><\/span><span class=\"Translation\"><span class=\"Comments\">\u2014 Viertel<\/span><\/span><span class=\"Translation\">)<\/span><span class=\"Bold\">, y luego he dejado a capricho volar la pluma <\/span><span class=\"Translation\">(und dann habe ich nach Belieben die Feder fliegen lassen; <\/span><span class=\"Translation\"><span class=\"Comment-Words\">dejar<\/span><\/span><span class=\"Translation\"><span class=\"Comments\"> \u2014 lassen; <\/span><\/span><span class=\"Translation\"><span class=\"Comment-Words\">capricho<\/span><\/span><span class=\"Translation\"><span class=\"Gender _idGenCharOverride-1\">m <\/span><\/span><span class=\"Translation\"><span class=\"Comments\">\u2014 Laune<\/span><\/span><span class=\"Translation\">)<\/span><span class=\"Bold\">.<\/span><\/p>\r\n\r\n<\/div>\r\n[audio mp3=\"https:\/\/easyoriginal1.s3.eu-central-1.amazonaws.com\/spanisch\/s1\/1.mp3\"][\/audio]\r\n<div class=\"original-container\">\r\n<p class=\"Original\">Hace mucho tiempo que ten\u00eda ganas de escribir cualquier cosa con este t\u00edtulo.<\/p>\r\n<p class=\"Original\">Hoy, que se me ha presentado ocasi\u00f3n, lo he puesto con letras grandes en la primera cuartilla de papel, y luego he dejado a capricho volar la pluma.<\/p>\r\n\r\n<\/div>\r\n<a class=\"weiter\" href=\"\/webreader\/los-ojos-verdes\/fragment\/1-4-2\/\">weiter lesen<\/a>","_et_gb_content_width":""},"product_brand":[],"product_cat":[190],"product_tag":[164,163],"class_list":{"0":"post-10099","1":"product","2":"type-product","3":"status-publish","4":"has-post-thumbnail","6":"product_cat-spanisch-englisch","7":"product_tag-anfaenger","8":"product_tag-maerchen","10":"first","11":"instock","12":"taxable","13":"shipping-taxable","14":"purchasable","15":"product-type-variable"},"acf":[],"yoast_head":"<!-- This site is optimized with the Yoast SEO plugin v27.4 - https:\/\/yoast.com\/product\/yoast-seo-wordpress\/ -->\n<title>El pandero de piel de piojo \/ The Louse-Skin Tambourine - EasyOriginal.com<\/title>\n<meta name=\"robots\" content=\"index, follow, max-snippet:-1, max-image-preview:large, max-video-preview:-1\" \/>\n<link rel=\"canonical\" href=\"https:\/\/easyoriginal.com\/en\/shop\/spanisch-englisch\/el-pandero-de-piel-de-piojo-the-louse-skin-tambourine\/\" \/>\n<meta property=\"og:locale\" content=\"en_GB\" \/>\n<meta property=\"og:type\" content=\"article\" \/>\n<meta property=\"og:title\" content=\"El pandero de piel de piojo \/ The Louse-Skin Tambourine - EasyOriginal.com\" \/>\n<meta property=\"og:description\" content=\"Spanish fairy tale - &quot;El pandero de piel de piojo&quot; (&quot;The Louse-Skin Tambourine&quot;). Unabridged original text. Bilingual book Spanish-English.  Reading Sample (PDF)\" \/>\n<meta property=\"og:url\" content=\"https:\/\/easyoriginal.com\/en\/shop\/spanisch-englisch\/el-pandero-de-piel-de-piojo-the-louse-skin-tambourine\/\" \/>\n<meta property=\"og:site_name\" content=\"EasyOriginal.com\" \/>\n<meta property=\"article:modified_time\" content=\"2024-01-04T12:49:49+00:00\" \/>\n<meta property=\"og:image\" content=\"https:\/\/easyoriginal.com\/wp-content\/uploads\/cuentos_El-pandero-de-piel-de-piojo-3.jpg\" \/>\n\t<meta property=\"og:image:width\" content=\"468\" \/>\n\t<meta property=\"og:image:height\" content=\"702\" \/>\n\t<meta property=\"og:image:type\" content=\"image\/jpeg\" \/>\n<meta name=\"twitter:card\" content=\"summary_large_image\" \/>\n<meta name=\"twitter:label1\" content=\"Estimated reading time\" \/>\n\t<meta name=\"twitter:data1\" content=\"2 minutes\" \/>\n<script type=\"application\/ld+json\" class=\"yoast-schema-graph\">{\"@context\":\"https:\\\/\\\/schema.org\",\"@graph\":[{\"@type\":\"WebPage\",\"@id\":\"https:\\\/\\\/easyoriginal.com\\\/shop\\\/spanisch-englisch\\\/el-pandero-de-piel-de-piojo-the-louse-skin-tambourine\\\/\",\"url\":\"https:\\\/\\\/easyoriginal.com\\\/shop\\\/spanisch-englisch\\\/el-pandero-de-piel-de-piojo-the-louse-skin-tambourine\\\/\",\"name\":\"El pandero de piel de piojo \\\/ The Louse-Skin Tambourine - EasyOriginal.com\",\"isPartOf\":{\"@id\":\"https:\\\/\\\/easyoriginal.com\\\/#website\"},\"primaryImageOfPage\":{\"@id\":\"https:\\\/\\\/easyoriginal.com\\\/shop\\\/spanisch-englisch\\\/el-pandero-de-piel-de-piojo-the-louse-skin-tambourine\\\/#primaryimage\"},\"image\":{\"@id\":\"https:\\\/\\\/easyoriginal.com\\\/shop\\\/spanisch-englisch\\\/el-pandero-de-piel-de-piojo-the-louse-skin-tambourine\\\/#primaryimage\"},\"thumbnailUrl\":\"https:\\\/\\\/easyoriginal.com\\\/wp-content\\\/uploads\\\/cuentos_El-pandero-de-piel-de-piojo-3.jpg\",\"datePublished\":\"2022-07-05T18:11:34+00:00\",\"dateModified\":\"2024-01-04T12:49:49+00:00\",\"breadcrumb\":{\"@id\":\"https:\\\/\\\/easyoriginal.com\\\/shop\\\/spanisch-englisch\\\/el-pandero-de-piel-de-piojo-the-louse-skin-tambourine\\\/#breadcrumb\"},\"inLanguage\":\"en-GB\",\"potentialAction\":[{\"@type\":\"ReadAction\",\"target\":[\"https:\\\/\\\/easyoriginal.com\\\/shop\\\/spanisch-englisch\\\/el-pandero-de-piel-de-piojo-the-louse-skin-tambourine\\\/\"]}]},{\"@type\":\"ImageObject\",\"inLanguage\":\"en-GB\",\"@id\":\"https:\\\/\\\/easyoriginal.com\\\/shop\\\/spanisch-englisch\\\/el-pandero-de-piel-de-piojo-the-louse-skin-tambourine\\\/#primaryimage\",\"url\":\"https:\\\/\\\/easyoriginal.com\\\/wp-content\\\/uploads\\\/cuentos_El-pandero-de-piel-de-piojo-3.jpg\",\"contentUrl\":\"https:\\\/\\\/easyoriginal.com\\\/wp-content\\\/uploads\\\/cuentos_El-pandero-de-piel-de-piojo-3.jpg\",\"width\":468,\"height\":702},{\"@type\":\"BreadcrumbList\",\"@id\":\"https:\\\/\\\/easyoriginal.com\\\/shop\\\/spanisch-englisch\\\/el-pandero-de-piel-de-piojo-the-louse-skin-tambourine\\\/#breadcrumb\",\"itemListElement\":[{\"@type\":\"ListItem\",\"position\":1,\"name\":\"Startseite\",\"item\":\"https:\\\/\\\/easyoriginal.com\\\/\"},{\"@type\":\"ListItem\",\"position\":2,\"name\":\"Shop\",\"item\":\"https:\\\/\\\/easyoriginal.com\\\/shop\\\/\"},{\"@type\":\"ListItem\",\"position\":3,\"name\":\"El pandero de piel de piojo \\\/ The Louse-Skin Tambourine\"}]},{\"@type\":\"WebSite\",\"@id\":\"https:\\\/\\\/easyoriginal.com\\\/#website\",\"url\":\"https:\\\/\\\/easyoriginal.com\\\/\",\"name\":\"EasyOriginal.com\",\"description\":\"Spa\u00df am Lesen im Original - Innovative Lesemethode f\u00fcr Fremdsprachen\",\"publisher\":{\"@id\":\"https:\\\/\\\/easyoriginal.com\\\/#organization\"},\"potentialAction\":[{\"@type\":\"SearchAction\",\"target\":{\"@type\":\"EntryPoint\",\"urlTemplate\":\"https:\\\/\\\/easyoriginal.com\\\/?s={search_term_string}\"},\"query-input\":{\"@type\":\"PropertyValueSpecification\",\"valueRequired\":true,\"valueName\":\"search_term_string\"}}],\"inLanguage\":\"en-GB\"},{\"@type\":\"Organization\",\"@id\":\"https:\\\/\\\/easyoriginal.com\\\/#organization\",\"name\":\"EasyOriginal Verlag\",\"url\":\"https:\\\/\\\/easyoriginal.com\\\/\",\"logo\":{\"@type\":\"ImageObject\",\"inLanguage\":\"en-GB\",\"@id\":\"https:\\\/\\\/easyoriginal.com\\\/#\\\/schema\\\/logo\\\/image\\\/\",\"url\":\"https:\\\/\\\/easyoriginal.com\\\/wp-content\\\/uploads\\\/2020\\\/08\\\/logo_main.png\",\"contentUrl\":\"https:\\\/\\\/easyoriginal.com\\\/wp-content\\\/uploads\\\/2020\\\/08\\\/logo_main.png\",\"width\":500,\"height\":103,\"caption\":\"EasyOriginal Verlag\"},\"image\":{\"@id\":\"https:\\\/\\\/easyoriginal.com\\\/#\\\/schema\\\/logo\\\/image\\\/\"}}]}<\/script>\n<!-- \/ Yoast SEO plugin. -->","yoast_head_json":{"title":"El pandero de piel de piojo \/ The Louse-Skin Tambourine - EasyOriginal.com","robots":{"index":"index","follow":"follow","max-snippet":"max-snippet:-1","max-image-preview":"max-image-preview:large","max-video-preview":"max-video-preview:-1"},"canonical":"https:\/\/easyoriginal.com\/en\/shop\/spanisch-englisch\/el-pandero-de-piel-de-piojo-the-louse-skin-tambourine\/","og_locale":"en_GB","og_type":"article","og_title":"El pandero de piel de piojo \/ The Louse-Skin Tambourine - EasyOriginal.com","og_description":"Spanish fairy tale - \"El pandero de piel de piojo\" (\"The Louse-Skin Tambourine\"). Unabridged original text. Bilingual book Spanish-English.  Reading Sample (PDF)","og_url":"https:\/\/easyoriginal.com\/en\/shop\/spanisch-englisch\/el-pandero-de-piel-de-piojo-the-louse-skin-tambourine\/","og_site_name":"EasyOriginal.com","article_modified_time":"2024-01-04T12:49:49+00:00","og_image":[{"width":468,"height":702,"url":"https:\/\/easyoriginal.com\/wp-content\/uploads\/cuentos_El-pandero-de-piel-de-piojo-3.jpg","type":"image\/jpeg"}],"twitter_card":"summary_large_image","twitter_misc":{"Estimated reading time":"2 minutes"},"schema":{"@context":"https:\/\/schema.org","@graph":[{"@type":"WebPage","@id":"https:\/\/easyoriginal.com\/shop\/spanisch-englisch\/el-pandero-de-piel-de-piojo-the-louse-skin-tambourine\/","url":"https:\/\/easyoriginal.com\/shop\/spanisch-englisch\/el-pandero-de-piel-de-piojo-the-louse-skin-tambourine\/","name":"El pandero de piel de piojo \/ The Louse-Skin Tambourine - EasyOriginal.com","isPartOf":{"@id":"https:\/\/easyoriginal.com\/#website"},"primaryImageOfPage":{"@id":"https:\/\/easyoriginal.com\/shop\/spanisch-englisch\/el-pandero-de-piel-de-piojo-the-louse-skin-tambourine\/#primaryimage"},"image":{"@id":"https:\/\/easyoriginal.com\/shop\/spanisch-englisch\/el-pandero-de-piel-de-piojo-the-louse-skin-tambourine\/#primaryimage"},"thumbnailUrl":"https:\/\/easyoriginal.com\/wp-content\/uploads\/cuentos_El-pandero-de-piel-de-piojo-3.jpg","datePublished":"2022-07-05T18:11:34+00:00","dateModified":"2024-01-04T12:49:49+00:00","breadcrumb":{"@id":"https:\/\/easyoriginal.com\/shop\/spanisch-englisch\/el-pandero-de-piel-de-piojo-the-louse-skin-tambourine\/#breadcrumb"},"inLanguage":"en-GB","potentialAction":[{"@type":"ReadAction","target":["https:\/\/easyoriginal.com\/shop\/spanisch-englisch\/el-pandero-de-piel-de-piojo-the-louse-skin-tambourine\/"]}]},{"@type":"ImageObject","inLanguage":"en-GB","@id":"https:\/\/easyoriginal.com\/shop\/spanisch-englisch\/el-pandero-de-piel-de-piojo-the-louse-skin-tambourine\/#primaryimage","url":"https:\/\/easyoriginal.com\/wp-content\/uploads\/cuentos_El-pandero-de-piel-de-piojo-3.jpg","contentUrl":"https:\/\/easyoriginal.com\/wp-content\/uploads\/cuentos_El-pandero-de-piel-de-piojo-3.jpg","width":468,"height":702},{"@type":"BreadcrumbList","@id":"https:\/\/easyoriginal.com\/shop\/spanisch-englisch\/el-pandero-de-piel-de-piojo-the-louse-skin-tambourine\/#breadcrumb","itemListElement":[{"@type":"ListItem","position":1,"name":"Startseite","item":"https:\/\/easyoriginal.com\/"},{"@type":"ListItem","position":2,"name":"Shop","item":"https:\/\/easyoriginal.com\/shop\/"},{"@type":"ListItem","position":3,"name":"El pandero de piel de piojo \/ The Louse-Skin Tambourine"}]},{"@type":"WebSite","@id":"https:\/\/easyoriginal.com\/#website","url":"https:\/\/easyoriginal.com\/","name":"EasyOriginal.com","description":"Spa\u00df am Lesen im Original - Innovative Lesemethode f\u00fcr Fremdsprachen","publisher":{"@id":"https:\/\/easyoriginal.com\/#organization"},"potentialAction":[{"@type":"SearchAction","target":{"@type":"EntryPoint","urlTemplate":"https:\/\/easyoriginal.com\/?s={search_term_string}"},"query-input":{"@type":"PropertyValueSpecification","valueRequired":true,"valueName":"search_term_string"}}],"inLanguage":"en-GB"},{"@type":"Organization","@id":"https:\/\/easyoriginal.com\/#organization","name":"EasyOriginal Verlag","url":"https:\/\/easyoriginal.com\/","logo":{"@type":"ImageObject","inLanguage":"en-GB","@id":"https:\/\/easyoriginal.com\/#\/schema\/logo\/image\/","url":"https:\/\/easyoriginal.com\/wp-content\/uploads\/2020\/08\/logo_main.png","contentUrl":"https:\/\/easyoriginal.com\/wp-content\/uploads\/2020\/08\/logo_main.png","width":500,"height":103,"caption":"EasyOriginal Verlag"},"image":{"@id":"https:\/\/easyoriginal.com\/#\/schema\/logo\/image\/"}}]}},"_links":{"self":[{"href":"https:\/\/easyoriginal.com\/en\/wp-json\/wp\/v2\/product\/10099","targetHints":{"allow":["GET"]}}],"collection":[{"href":"https:\/\/easyoriginal.com\/en\/wp-json\/wp\/v2\/product"}],"about":[{"href":"https:\/\/easyoriginal.com\/en\/wp-json\/wp\/v2\/types\/product"}],"replies":[{"embeddable":true,"href":"https:\/\/easyoriginal.com\/en\/wp-json\/wp\/v2\/comments?post=10099"}],"wp:featuredmedia":[{"embeddable":true,"href":"https:\/\/easyoriginal.com\/en\/wp-json\/wp\/v2\/media\/10055"}],"wp:attachment":[{"href":"https:\/\/easyoriginal.com\/en\/wp-json\/wp\/v2\/media?parent=10099"}],"wp:term":[{"taxonomy":"product_brand","embeddable":true,"href":"https:\/\/easyoriginal.com\/en\/wp-json\/wp\/v2\/product_brand?post=10099"},{"taxonomy":"product_cat","embeddable":true,"href":"https:\/\/easyoriginal.com\/en\/wp-json\/wp\/v2\/product_cat?post=10099"},{"taxonomy":"product_tag","embeddable":true,"href":"https:\/\/easyoriginal.com\/en\/wp-json\/wp\/v2\/product_tag?post=10099"}],"curies":[{"name":"wp","href":"https:\/\/api.w.org\/{rel}","templated":true}]}}